{"id":10095,"date":"2022-03-12T05:26:34","date_gmt":"2022-03-12T05:26:34","guid":{"rendered":"https:\/\/stonersmeds.com\/?post_type=product&#038;p=10095"},"modified":"2026-03-02T15:40:05","modified_gmt":"2026-03-02T13:40:05","slug":"buy-cheap-liquid-lsd-online","status":"publish","type":"product","link":"https:\/\/stonersmeds.com\/cs\/shop\/buy-cheap-liquid-lsd-online\/","title":{"rendered":"Kupte si levn\u00e9 tekut\u00e9 LSD online"},"content":{"rendered":"<h1>Koupit levn\u00e9 tekut\u00e9 LSD online<\/h1>\n<p>Stejn\u011b jako Green Crack (nezam\u011b\u0148ovat s LSD) je Acid kmen pojmenovan\u00fd podle do jist\u00e9 m\u00edry psychoaktivn\u011bj\u0161\u00ed l\u00e1tky. Acid m\u00e1 s\u00edlu a nab\u00edz\u00ed vedle kompenza\u010dn\u00edch \u00fa\u010dink\u016f i matouc\u00ed v\u016fni. Acid, kter\u00fd vyrobila spole\u010dnost Paradise Seeds, v\u00fdrobce odr\u016fd Delahaze a Sensi Star, poch\u00e1z\u00ed z d\u011bdi\u010dn\u00fdch vlastnost\u00ed teritori\u00e1ln\u011b nejobl\u00edben\u011bj\u0161\u00ed odr\u016fdy New York Sour Diesel. Jej\u00ed p\u016fvab j\u00ed zajistil titul t\u0159et\u00ed nejlep\u0161\u00ed indoor p\u011bstovan\u00e9 kv\u011btiny na \u0161pan\u011blsk\u00e9 sout\u011b\u017ei Copa THC Valencia 2016. Obsah THC v Corrosive se odhaduje n\u011bkde v rozmez\u00ed 16% a 23%.<\/p>\n<p>Corrosive osl\u0148uje st\u0159edn\u011b velk\u00fdmi a\u017e obrovsk\u00fdmi odhadovan\u00fdmi kv\u011bty, kter\u00e9 maj\u00ed \u010dlenit\u00fd lopatkovit\u00fd tvar, prakticky jako men\u0161\u00ed ne\u017e b\u011b\u017en\u00e9 v\u00e1no\u010dn\u00ed stromky, zu\u017euj\u00edc\u00ed se od \u0161irok\u00e9 kulat\u00e9 z\u00e1kladny k ostr\u00e9 \u0161pi\u010dce. D\u00edky t\u011bsn\u00e9, hust\u00e9 struktu\u0159e nemohou b\u00fdt tato poupata jednozna\u010dn\u011b jin\u00e1 ne\u017e s p\u0159evahou indiky. Listy, pevn\u011b sto\u010den\u00e9 dovnit\u0159 sm\u011brem k jejich ohniskov\u00fdm stonk\u016fm, jsou matn\u011b p\u0159erostle zelen\u00e9 a jsou protkan\u00e9 zvln\u011bn\u00fdmi zemit\u011b zbarven\u00fdmi pest\u00edky. Kone\u010dn\u011b vnit\u0159n\u00ed i vn\u011bj\u0161\u00ed povrch kv\u011bt\u016f Acid pokr\u00fdvaj\u00ed jisk\u0159iv\u011b b\u00edl\u00e9 trichomy, kter\u00e9 dod\u00e1vaj\u00ed kmeni jeho psychoaktivn\u00ed punc a d\u00edky nim\u017e je mimo\u0159\u00e1dn\u011b obt\u00ed\u017en\u00e9 odd\u011blit poupata bez pomoci procesoru.<\/p>\n<p>V okam\u017eiku, kdy se p\u0159im\u011b\u0159en\u011b uvoln\u00ed, m\u00e1 Acid ur\u010dit\u011b pon\u011bkud nakyslou v\u016fni, kterou odli\u0161uje ostr\u00fd n\u00e1dech citrus\u016f. Stejn\u011b tak se v n\u00ed objevuj\u00ed pevn\u00e9, pi\u017emov\u00e9 z\u00e1kladn\u00ed t\u00f3ny, von\u00edc\u00ed po mazlav\u00e9 p\u016fd\u011b a kadidle. Mezit\u00edm se odd\u011blen\u00edm nebo granulov\u00e1n\u00edm t\u011bchto hust\u00fdch hrudek uvoln\u00ed stahuj\u00edc\u00ed v\u00fddech plynu, d\u00edky n\u011bmu\u017e je mate\u0159sk\u00fd kmen New York Sour Diesel tak ostr\u00fd a zn\u00e1m\u00fd. P\u0159i spalov\u00e1n\u00ed v lince nebo jointu se Acid vzn\u00edt\u00ed hladk\u00fdm a snadno po\u017eiteln\u00fdm kou\u0159em. Tento bohat\u00fd kou\u0159 opou\u0161t\u00ed p\u0159i v\u00fddechu p\u0159\u00edchu\u0165 citronu a nafty.<\/p>\n<p>Corrosive se od za\u010d\u00e1tku postupn\u011b odhaluje a zkresluje ku\u0159\u00e1k\u016fv dojem z jeho vn\u011bj\u0161\u00edho vylep\u0161en\u00ed. N\u011bkter\u00e9 zvuky mohou b\u00fdt zes\u00edlen\u00e9, jako by vznikaly v dozvukov\u00e9 komo\u0159e. Nav\u00edc v\u00fdrazn\u00e9 t\u00f3ny a jasn\u00e1 sv\u011btla mohou nab\u00fdt jin\u00e9 s\u00edly. Kdy\u017e se tyto hmatateln\u00e9 dopady stanou \u00fapln\u00fdmi, nastoup\u00ed \u017eiv\u011bj\u0161\u00ed halucinogenn\u00ed z\u00e1zraky, podobn\u00e9 zkroucen\u00ed vnit\u0159n\u00edho i vn\u011bj\u0161\u00edho vhledu a pevn\u00e9mu pocitu roz\u0161\u00ed\u0159en\u00ed \u010dasu. Uvnit\u0159 n\u011bjak\u00fd \u010das mohou ku\u0159\u00e1ci poci\u0165ovat z\u00e1m\u011brnou t\u00edhu kolem svatyn\u00ed a lymfatick\u00fdch org\u00e1n\u016f, stejn\u011b jako m\u00edrn\u00e9 roz\u0161\u00ed\u0159en\u00ed slin\u011bn\u00ed. Tyto z\u00e1chv\u011bvy p\u0159ech\u00e1zej\u00ed v z\u00e1plavy uvoln\u011bn\u00ed, kter\u00e9 se pohybuj\u00ed po p\u00e1te\u0159i a vyza\u0159uj\u00ed st\u0159edem a p\u0159\u00eddatn\u00fdmi org\u00e1ny. I kdy\u017e klienti nemus\u00ed b\u00fdt t\u011bmito \u00falevov\u00fdmi n\u00e1razy zcela znehybn\u011bni, mohou se c\u00edtit vyburcov\u00e1ni k odreagov\u00e1n\u00ed v nejbli\u017e\u0161\u00edm p\u0159\u00edjemn\u00e9m prost\u0159ed\u00ed.<\/p>\n<p>Korozivn\u00ed opojen\u00ed je nav\u00edc popisov\u00e1no mozkovou mentalitou, p\u0159i n\u00ed\u017e se ku\u0159\u00e1k m\u016f\u017ee p\u0159ipojit k nepravideln\u00fdm \u00favah\u00e1m nebo my\u0161lenk\u00e1m a zjistit, \u017ee jsou v\u00edce fascinuj\u00edc\u00ed, ne\u017e by v ka\u017ed\u00e9m p\u0159\u00edpad\u011b mohly b\u00fdt. Takov\u00e9 otev\u0159en\u011b zn\u00e1m\u00e9 uva\u017eov\u00e1n\u00ed m\u016f\u017ee b\u00fdt slu\u0161nou metodou, jak objevit inovativn\u00ed odpov\u011bdi na vyhlouben\u00e9 probl\u00e9my nebo zvl\u00e1dnout ur\u010dit\u00e9 pracovn\u00ed \u00fakoly. V dlouhodob\u00e9m horizontu - nebo s roz\u0161i\u0159uj\u00edc\u00ed se m\u00edrou - se psychologick\u00e9 dopady kyseliny st\u00e1vaj\u00ed sp\u00ed\u0161e podivuhodn\u00fdmi ne\u017e jasn\u00fdmi, \u010d\u00edm\u017e se ve\u0161ker\u00e1 d\u0159\u00edv\u011bj\u0161\u00ed efektivita st\u00e1v\u00e1 neplatnou a ne\u00fa\u010dinnou. Vzhledem k postupn\u00e9mu sni\u017eov\u00e1n\u00ed energie by si tento kmen m\u011bl dop\u0159\u00e1t pot\u011b\u0161en\u00ed v pozdn\u00edch ve\u010dern\u00edch nebo no\u010dn\u00edch hodin\u00e1ch.<\/p>\n<p><a href=\"https:\/\/stonersmeds.com\/cs\/stitek-produktu\/liquid-lsd-price\/\">Tekut\u00e9 LSD<\/a> 200ug\/drop, liquid acid for sale, kyselina na prodej online, lsd na prodej online, n\u00e1kup lsd online, lsd acid na prodej online, lsd online obchod, liquid lsd for sale, liquid acid for sale<\/p>\n<pre><strong>Koupit levn\u00e9 tekut\u00e9 LSD online - koupit LSD , koupit levn\u00e9 tekut\u00e9 LSD , koupit tekut\u00e9 LSD online, Kde koupit levn\u00e9 tekut\u00e9 LSD , levn\u00e9 tekut\u00e9 LSD na prodej, levn\u00e9 LSD na prodej, koupit levn\u00e9 LSD online, kde koupit levn\u00e9 tekut\u00e9 LSD online, levn\u00e9 tekut\u00e9 LSD na prodej v usa , USA, kanada,uk, koupit, online, dodavatel\u00e9, bezpe\u010dn\u00e9 doru\u010den\u00ed, St\u00e1le m\u016f\u017eete z\u00edskat levn\u00e9 tekut\u00e9 LSD , Je levn\u00e9 tekut\u00e9 LSD leg\u00e1ln\u00ed v usa, koupit levn\u00e9 tekut\u00e9 LSD online usa, jak objednat levn\u00e9 tekut\u00e9 LSD , Je levn\u00e9 tekut\u00e9 LSD leg\u00e1ln\u00ed v Kanad\u011b<\/strong><\/pre>","protected":false},"excerpt":{"rendered":"<p>Prod\u00e1v\u00e1me nadm\u011brn\u00e9 nejlep\u0161\u00ed LSD (diethylamid kyseliny lysergov\u00e9) v ka\u017ed\u00e9 kapaln\u00e9 (kapky) a blotters form\u011b on-line za velmi p\u0159ijateln\u00e9 a m\u00edrn\u00e9 ceny. Jsme 100% profesion\u00e1ln\u00ed a efektivn\u00ed. Balen\u00ed je 100% diskr\u00e9tn\u00ed a dr\u017e\u00edme stoprocentn\u00ed% \u00fasp\u011b\u0161nost dod\u00e1n\u00ed.<\/p>\n<p>V p\u0159\u00edpad\u011b, \u017ee si u n\u00e1s objedn\u00e1te, m\u00e1te z\u00e1ruku v\u00fdjime\u010dn\u00fdch produkt\u016f a bezpe\u010dn\u00e9 dopravy. Dod\u00e1v\u00e1me po cel\u00e9m sv\u011bt\u011b.<\/p>\n<p>Kupte si levn\u00e9 tekut\u00e9 LSD online. Skute\u010dn\u00e9 tekut\u00e9 LSD online - tekut\u00e9 LSD na prodej | Koupit tekut\u00e9 LSD online | Koupit tekut\u00e9 LSD na prodej| Koupit levn\u00e9 tekut\u00e9 LSD | Kde koupit tekut\u00e9 LSD online<\/p>\n<pre><\/pre>","protected":false},"featured_media":10098,"comment_status":"open","ping_status":"closed","template":"","meta":{"_bst_post_transparent":"","_bst_post_title":"","_bst_post_layout":"","_bst_post_sidebar_id":"","_bst_post_content_style":"","_bst_post_vertical_padding":"","_bst_post_feature":"","_bst_post_feature_position":"","_bst_post_header":false,"_bst_post_footer":false},"product_brand":[],"product_cat":[80],"product_tag":[846,869,870,871,864,867,865,862,866,861,863,868],"product_brands":[],"class_list":{"0":"post-10095","1":"product","2":"type-product","3":"status-publish","4":"has-post-thumbnail","6":"product_cat-psychedelic-drugs","7":"product_tag-1p-lsd-shop","8":"product_tag-how-long-does-lsd-cost","9":"product_tag-how-much-does-lsd-cost","10":"product_tag-how-much-does-lsd-cost-per-tab","11":"product_tag-how-to-make-liquid-lsd","12":"product_tag-liquid-acid-lsd","13":"product_tag-liquid-lsd-color","14":"product_tag-liquid-lsd-online","15":"product_tag-liquid-lsd-price","16":"product_tag-liquid-lsd-shop","17":"product_tag-liquid-lsd-vs-tabs","18":"product_tag-what-does-lsd-look-like","20":"first","21":"instock","22":"shipping-taxable","23":"purchasable","24":"product-type-variable","25":"entry","26":"content-bg","27":"loop-entry"},"tiered_pricing_type":"fixed","tiered_pricing_fixed_rules":[],"tiered_pricing_percentage_rules":[],"tiered_pricing_minimum":1,"_administrator_tiered_pricing_type":"fixed","_administrator_tiered_pricing_fixed_rules":[],"_editor_tiered_pricing_type":"fixed","_editor_tiered_pricing_fixed_rules":[],"_author_tiered_pricing_type":"fixed","_author_tiered_pricing_fixed_rules":[],"_contributor_tiered_pricing_type":"fixed","_contributor_tiered_pricing_fixed_rules":[],"_subscriber_tiered_pricing_type":"fixed","_subscriber_tiered_pricing_fixed_rules":[],"_customer_tiered_pricing_type":"fixed","_customer_tiered_pricing_fixed_rules":[],"_shop_manager_tiered_pricing_type":"fixed","_shop_manager_tiered_pricing_fixed_rules":[],"_wpseo_manager_tiered_pricing_type":"fixed","_wpseo_manager_tiered_pricing_fixed_rules":[],"_wpseo_editor_tiered_pricing_type":"fixed","_wpseo_editor_tiered_pricing_fixed_rules":[],"yoast_head":"<!-- This site is optimized with the Yoast SEO plugin v27.2 - https:\/\/yoast.com\/product\/yoast-seo-wordpress\/ -->\n<title>Buy Cheap Liquid LSD Online - Cheap price, Highest quality<\/title>\n<meta name=\"description\" content=\"Buy Cheap Liquid LSD Online at an affordable price at stonersmeds. All products are lab qualified and have premium quality.\" \/>\n<meta name=\"robots\" content=\"index, follow, max-snippet:-1, max-image-preview:large, max-video-preview:-1\" \/>\n<link rel=\"canonical\" href=\"https:\/\/stonersmeds.com\/cs\/shop\/buy-cheap-liquid-lsd-online\/\" \/>\n<meta property=\"og:locale\" content=\"cs_CZ\" \/>\n<meta property=\"og:type\" content=\"article\" \/>\n<meta property=\"og:title\" content=\"Buy Cheap Liquid LSD Online - Cheap price, Highest quality\" \/>\n<meta property=\"og:description\" content=\"Buy Cheap Liquid LSD Online at an affordable price at stonersmeds. All products are lab qualified and have premium quality.\" \/>\n<meta property=\"og:url\" content=\"https:\/\/stonersmeds.com\/cs\/shop\/buy-cheap-liquid-lsd-online\/\" \/>\n<meta property=\"og:site_name\" content=\"stonersmeds.com\" \/>\n<meta property=\"article:modified_time\" content=\"2026-03-02T13:40:05+00:00\" \/>\n<meta property=\"og:image\" content=\"https:\/\/stonersmeds.com\/wp-content\/uploads\/2022\/03\/buy-cheap-liquid-lsd-online.jpg\" \/>\n\t<meta property=\"og:image:width\" content=\"600\" \/>\n\t<meta property=\"og:image:height\" content=\"600\" \/>\n\t<meta property=\"og:image:type\" content=\"image\/jpeg\" \/>\n<meta name=\"twitter:card\" content=\"summary_large_image\" \/>\n<meta name=\"twitter:label1\" content=\"Dostupnost\" \/>\n\t<meta name=\"twitter:data1\" content=\"Skladem\" \/>\n<script type=\"application\/ld+json\" class=\"yoast-schema-graph\">{\"@context\":\"https:\/\/schema.org\",\"@graph\":[{\"@type\":\"WebPage\",\"@id\":\"https:\/\/stonersmeds.com\/shop\/buy-cheap-liquid-lsd-online\/\",\"url\":\"https:\/\/stonersmeds.com\/shop\/buy-cheap-liquid-lsd-online\/\",\"name\":\"Buy Cheap Liquid LSD Online - Cheap price, Highest quality\",\"isPartOf\":{\"@id\":\"https:\/\/stonersmeds.com\/#website\"},\"primaryImageOfPage\":{\"@id\":\"https:\/\/stonersmeds.com\/shop\/buy-cheap-liquid-lsd-online\/#primaryimage\"},\"image\":{\"@id\":\"https:\/\/stonersmeds.com\/shop\/buy-cheap-liquid-lsd-online\/#primaryimage\"},\"thumbnailUrl\":\"https:\/\/stonersmeds.com\/wp-content\/uploads\/2022\/03\/buy-cheap-liquid-lsd-online.jpg\",\"datePublished\":\"2022-03-12T05:26:34+00:00\",\"dateModified\":\"2026-03-02T13:40:05+00:00\",\"description\":\"Buy Cheap Liquid LSD Online at an affordable price at stonersmeds. All products are lab qualified and have premium quality.\",\"breadcrumb\":{\"@id\":\"https:\/\/stonersmeds.com\/shop\/buy-cheap-liquid-lsd-online\/#breadcrumb\"},\"inLanguage\":\"cs\",\"potentialAction\":[{\"@type\":\"ReadAction\",\"target\":[\"https:\/\/stonersmeds.com\/shop\/buy-cheap-liquid-lsd-online\/\"]}]},{\"@type\":\"ImageObject\",\"inLanguage\":\"cs\",\"@id\":\"https:\/\/stonersmeds.com\/shop\/buy-cheap-liquid-lsd-online\/#primaryimage\",\"url\":\"https:\/\/stonersmeds.com\/wp-content\/uploads\/2022\/03\/buy-cheap-liquid-lsd-online.jpg\",\"contentUrl\":\"https:\/\/stonersmeds.com\/wp-content\/uploads\/2022\/03\/buy-cheap-liquid-lsd-online.jpg\",\"width\":600,\"height\":600},{\"@type\":\"BreadcrumbList\",\"@id\":\"https:\/\/stonersmeds.com\/shop\/buy-cheap-liquid-lsd-online\/#breadcrumb\",\"itemListElement\":[{\"@type\":\"ListItem\",\"position\":1,\"name\":\"Home\",\"item\":\"https:\/\/stonersmeds.com\/\"},{\"@type\":\"ListItem\",\"position\":2,\"name\":\"Shop\",\"item\":\"https:\/\/stonersmeds.com\/shop\/\"},{\"@type\":\"ListItem\",\"position\":3,\"name\":\"Buy Cheap Liquid LSD Online\"}]},{\"@type\":\"WebSite\",\"@id\":\"https:\/\/stonersmeds.com\/#website\",\"url\":\"https:\/\/stonersmeds.com\/\",\"name\":\"stonersmeds.com\",\"description\":\"verschreibungspflichtige Medizin kaufen\",\"publisher\":{\"@id\":\"https:\/\/stonersmeds.com\/#organization\"},\"alternateName\":\"Research chemical shop\",\"potentialAction\":[{\"@type\":\"SearchAction\",\"target\":{\"@type\":\"EntryPoint\",\"urlTemplate\":\"https:\/\/stonersmeds.com\/?s={search_term_string}\"},\"query-input\":{\"@type\":\"PropertyValueSpecification\",\"valueRequired\":true,\"valueName\":\"search_term_string\"}}],\"inLanguage\":\"cs\"},{\"@type\":\"Organization\",\"@id\":\"https:\/\/stonersmeds.com\/#organization\",\"name\":\"Stonersmeds Shop\",\"url\":\"https:\/\/stonersmeds.com\/\",\"logo\":{\"@type\":\"ImageObject\",\"inLanguage\":\"cs\",\"@id\":\"https:\/\/stonersmeds.com\/#\/schema\/logo\/image\/\",\"url\":\"https:\/\/stonersmeds.com\/wp-content\/uploads\/2026\/02\/high-purity-DMT-powder.jpg\",\"contentUrl\":\"https:\/\/stonersmeds.com\/wp-content\/uploads\/2026\/02\/high-purity-DMT-powder.jpg\",\"width\":500,\"height\":500,\"caption\":\"Stonersmeds Shop\"},\"image\":{\"@id\":\"https:\/\/stonersmeds.com\/#\/schema\/logo\/image\/\"}}]}<\/script>\n<meta property=\"og:availability\" content=\"instock\" \/>\n<meta property=\"product:availability\" content=\"instock\" \/>\n<meta property=\"product:condition\" content=\"new\" \/>\n<!-- \/ Yoast SEO plugin. -->","yoast_head_json":{"title":"Koupit levn\u00e9 Liquid LSD online - n\u00edzk\u00e1 cena, nejvy\u0161\u0161\u00ed kvalita","description":"Kupte si levn\u00e9 Liquid LSD online za p\u0159ijatelnou cenu na stonersmeds. V\u0161echny produkty jsou laboratorn\u011b kvalifikovan\u00e9 a maj\u00ed prvot\u0159\u00eddn\u00ed kvalitu.","robots":{"index":"index","follow":"follow","max-snippet":"max-snippet:-1","max-image-preview":"max-image-preview:large","max-video-preview":"max-video-preview:-1"},"canonical":"https:\/\/stonersmeds.com\/cs\/shop\/buy-cheap-liquid-lsd-online\/","og_locale":"cs_CZ","og_type":"article","og_title":"Buy Cheap Liquid LSD Online - Cheap price, Highest quality","og_description":"Buy Cheap Liquid LSD Online at an affordable price at stonersmeds. All products are lab qualified and have premium quality.","og_url":"https:\/\/stonersmeds.com\/cs\/shop\/buy-cheap-liquid-lsd-online\/","og_site_name":"stonersmeds.com","article_modified_time":"2026-03-02T13:40:05+00:00","og_image":[{"width":600,"height":600,"url":"https:\/\/stonersmeds.com\/wp-content\/uploads\/2022\/03\/buy-cheap-liquid-lsd-online.jpg","type":"image\/jpeg"}],"twitter_card":"summary_large_image","twitter_misc":{"Dostupnost":"Skladem"},"schema":{"@context":"https:\/\/schema.org","@graph":[{"@type":"WebPage","@id":"https:\/\/stonersmeds.com\/shop\/buy-cheap-liquid-lsd-online\/","url":"https:\/\/stonersmeds.com\/shop\/buy-cheap-liquid-lsd-online\/","name":"Koupit levn\u00e9 Liquid LSD online - n\u00edzk\u00e1 cena, nejvy\u0161\u0161\u00ed kvalita","isPartOf":{"@id":"https:\/\/stonersmeds.com\/#website"},"primaryImageOfPage":{"@id":"https:\/\/stonersmeds.com\/shop\/buy-cheap-liquid-lsd-online\/#primaryimage"},"image":{"@id":"https:\/\/stonersmeds.com\/shop\/buy-cheap-liquid-lsd-online\/#primaryimage"},"thumbnailUrl":"https:\/\/stonersmeds.com\/wp-content\/uploads\/2022\/03\/buy-cheap-liquid-lsd-online.jpg","datePublished":"2022-03-12T05:26:34+00:00","dateModified":"2026-03-02T13:40:05+00:00","description":"Kupte si levn\u00e9 Liquid LSD online za p\u0159ijatelnou cenu na stonersmeds. V\u0161echny produkty jsou laboratorn\u011b kvalifikovan\u00e9 a maj\u00ed prvot\u0159\u00eddn\u00ed kvalitu.","breadcrumb":{"@id":"https:\/\/stonersmeds.com\/shop\/buy-cheap-liquid-lsd-online\/#breadcrumb"},"inLanguage":"cs","potentialAction":[{"@type":"ReadAction","target":["https:\/\/stonersmeds.com\/shop\/buy-cheap-liquid-lsd-online\/"]}]},{"@type":"ImageObject","inLanguage":"cs","@id":"https:\/\/stonersmeds.com\/shop\/buy-cheap-liquid-lsd-online\/#primaryimage","url":"https:\/\/stonersmeds.com\/wp-content\/uploads\/2022\/03\/buy-cheap-liquid-lsd-online.jpg","contentUrl":"https:\/\/stonersmeds.com\/wp-content\/uploads\/2022\/03\/buy-cheap-liquid-lsd-online.jpg","width":600,"height":600},{"@type":"BreadcrumbList","@id":"https:\/\/stonersmeds.com\/shop\/buy-cheap-liquid-lsd-online\/#breadcrumb","itemListElement":[{"@type":"ListItem","position":1,"name":"Home","item":"https:\/\/stonersmeds.com\/"},{"@type":"ListItem","position":2,"name":"Shop","item":"https:\/\/stonersmeds.com\/shop\/"},{"@type":"ListItem","position":3,"name":"Buy Cheap Liquid LSD Online"}]},{"@type":"WebSite","@id":"https:\/\/stonersmeds.com\/#website","url":"https:\/\/stonersmeds.com\/","name":"stonersmeds.com","description":"verschreibungspflichtige Medizin kaufen","publisher":{"@id":"https:\/\/stonersmeds.com\/#organization"},"alternateName":"Research chemical shop","potentialAction":[{"@type":"SearchAction","target":{"@type":"EntryPoint","urlTemplate":"https:\/\/stonersmeds.com\/?s={search_term_string}"},"query-input":{"@type":"PropertyValueSpecification","valueRequired":true,"valueName":"search_term_string"}}],"inLanguage":"cs"},{"@type":"Organization","@id":"https:\/\/stonersmeds.com\/#organization","name":"Stonersmeds Shop","url":"https:\/\/stonersmeds.com\/","logo":{"@type":"ImageObject","inLanguage":"cs","@id":"https:\/\/stonersmeds.com\/#\/schema\/logo\/image\/","url":"https:\/\/stonersmeds.com\/wp-content\/uploads\/2026\/02\/high-purity-DMT-powder.jpg","contentUrl":"https:\/\/stonersmeds.com\/wp-content\/uploads\/2026\/02\/high-purity-DMT-powder.jpg","width":500,"height":500,"caption":"Stonersmeds Shop"},"image":{"@id":"https:\/\/stonersmeds.com\/#\/schema\/logo\/image\/"}}]},"og_availability":"instock","product_availability":"instock","product_condition":"new"},"_links":{"self":[{"href":"https:\/\/stonersmeds.com\/cs\/wp-json\/wp\/v2\/product\/10095","targetHints":{"allow":["GET"]}}],"collection":[{"href":"https:\/\/stonersmeds.com\/cs\/wp-json\/wp\/v2\/product"}],"about":[{"href":"https:\/\/stonersmeds.com\/cs\/wp-json\/wp\/v2\/types\/product"}],"replies":[{"embeddable":true,"href":"https:\/\/stonersmeds.com\/cs\/wp-json\/wp\/v2\/comments?post=10095"}],"version-history":[{"count":0,"href":"https:\/\/stonersmeds.com\/cs\/wp-json\/wp\/v2\/product\/10095\/revisions"}],"wp:featuredmedia":[{"embeddable":true,"href":"https:\/\/stonersmeds.com\/cs\/wp-json\/wp\/v2\/media\/10098"}],"wp:attachment":[{"href":"https:\/\/stonersmeds.com\/cs\/wp-json\/wp\/v2\/media?parent=10095"}],"wp:term":[{"taxonomy":"product_brand","embeddable":true,"href":"https:\/\/stonersmeds.com\/cs\/wp-json\/wp\/v2\/product_brand?post=10095"},{"taxonomy":"product_cat","embeddable":true,"href":"https:\/\/stonersmeds.com\/cs\/wp-json\/wp\/v2\/product_cat?post=10095"},{"taxonomy":"product_tag","embeddable":true,"href":"https:\/\/stonersmeds.com\/cs\/wp-json\/wp\/v2\/product_tag?post=10095"},{"taxonomy":"product_brands","embeddable":true,"href":"https:\/\/stonersmeds.com\/cs\/wp-json\/wp\/v2\/product_brands?post=10095"}],"curies":[{"name":"wp","href":"https:\/\/api.w.org\/{rel}","templated":true}]}}