{"id":10222,"date":"2022-03-12T06:09:46","date_gmt":"2022-03-12T06:09:46","guid":{"rendered":"https:\/\/stonersmeds.com\/?post_type=product&#038;p=10222"},"modified":"2026-02-22T03:50:08","modified_gmt":"2026-02-22T01:50:08","slug":"buy-lsd-100mcg-blotters-online","status":"publish","type":"product","link":"https:\/\/stonersmeds.com\/cs\/shop\/buy-lsd-100mcg-blotters-online\/","title":{"rendered":"Kupte si LSD 100mcg BLOTTERS online"},"content":{"rendered":"<h1>Kupte si LSD 100mcg BLOTTERS online.<\/h1>\n<p>Kupte si LSD 100mcg BLOTTERS online. Welaos maj\u00ed k dispozici karty LSD. V\u00edce informac\u00ed o LSD najdete zde<\/p>\n<p><a href=\"https:\/\/stonersmeds.com\/cs\/stitek-produktu\/buy-blotter-lsd-online\/\">Koupit LSD Blotters online<\/a> Ve va\u0161em st\u0159edov\u011bku se diethylamid kyseliny lysergov\u00e9 (LSD) pou\u017e\u00edval jako obl\u00edben\u00e1 l\u00e1tka po cel\u00e9m sv\u011bt\u011b. P\u0159itom upozor\u0148ujeme na receptorovou farmakologii, mechanismus \u00fa\u010dinku, \u00fa\u010dinky, <a href=\"https:\/\/stonersmeds.com\/cs\/stitek-produktu\/dormicum-7-5-mg-side-effects\/\">vedlej\u0161\u00ed \u00fa\u010dinky<\/a> a n\u00e1vykov\u00fd potenci\u00e1l LSD. n\u011bkter\u00e9 zaj\u00edmav\u00e9 zp\u016fsoby vyu\u017eit\u00ed t\u00e9to drogy v psychiatrii, jako je anxiolytikum, l\u00e1tka zvy\u0161uj\u00edc\u00ed kreativitu, l\u00e1tka zvy\u0161uj\u00edc\u00ed sugestibilitu, l\u00e1tka zvy\u0161uj\u00edc\u00ed \u00fa\u010dinnost a dal\u0161\u00ed \u00fasp\u011b\u0161n\u00e9 zp\u016fsoby vyu\u017eit\u00ed, jako je l\u00e9\u010dba drogov\u00e9 a alkoholov\u00e9 z\u00e1vislosti a jako sou\u010d\u00e1st \u0161pi\u010dkov\u00e9 psychedelick\u00e9 terapie nevyl\u00e9\u010diteln\u00fdch chorob.<\/p>\n<p>&nbsp;<\/p>\n<pre><strong>Koupit LSD 100 mcg BLOTTERS online - koupit BLOTTERS , koupit LSD 100 mcg BLOTTERS , koupit LSD 100 mcg online, Kde koupit BLOTTERS LSD 100 mcg na prodej, LSD 100 mcg BLOTTERS, LSD 100 mcg koupit LSD10mcg online na prodej, BLOTTERS LSD 100 mcg na prodej v USA, USA, Kanada, Velk\u00e1 Brit\u00e1nie, n\u00e1kup, online, dodavatel\u00e9, bezpe\u010dn\u00e9 doru\u010den\u00ed, St\u00e1le m\u016f\u017eete z\u00edskat BLOTTERS LSD 100 mcg BLOTTERS LSD 100 mcg v USA leg\u00e1ln\u00ed, koupit BLOTTERS LSD 100 mcg online usa, jak objednat LSD BLOTTERS 100mcg, je LSD 100mcg BLOTTERS v Kanad\u011b leg\u00e1ln\u00ed<\/strong><\/pre>","protected":false},"excerpt":{"rendered":"<p>Kupte si LSD 100mcg BLOTTERS online. Kupte si levn\u011b LSD 100mcg BLOTTERS pr\u00e1\u0161ek | Kde koupit pr\u00e1\u0161ek LSD 100mcg BLOTTERS online. Kupte si BLOTTERS Diethylamid kyseliny lysergov\u00e9 online- BLOTTERS LSD na prodej online<\/p>\n<pre><\/pre>","protected":false},"featured_media":10236,"comment_status":"open","ping_status":"closed","template":"","meta":{"_bst_post_transparent":"","_bst_post_title":"","_bst_post_layout":"","_bst_post_sidebar_id":"","_bst_post_content_style":"","_bst_post_vertical_padding":"","_bst_post_feature":"","_bst_post_feature_position":"","_bst_post_header":false,"_bst_post_footer":false},"product_brand":[],"product_cat":[80],"product_tag":[846,850,853,854,848,856,860,855,849,852,851,843,844,858,845,847,840,841,842,859,857],"product_brands":[],"class_list":{"0":"post-10222","1":"product","2":"type-product","3":"status-publish","4":"has-post-thumbnail","6":"product_cat-psychedelic-drugs","7":"product_tag-1p-lsd-shop","8":"product_tag-blotter-acid-for-sale","9":"product_tag-blotter-acid-lsd","10":"product_tag-blotter-art-buy","11":"product_tag-blotter-paper-art-for-sale","12":"product_tag-blotter-paper-sheets-for-sale","13":"product_tag-blotters-drug","14":"product_tag-buy-blotter-lsd-online","15":"product_tag-cheap-blotter-art","16":"product_tag-custom-blotter-art","17":"product_tag-free-blotter-art","18":"product_tag-lsd-blotter-art-for-sale","19":"product_tag-lsd-blotter-kaufen","20":"product_tag-lsd-blotter-paper-acid","21":"product_tag-lsd-blotter-paper-for-sale","22":"product_tag-lsd-blotter-sheets","23":"product_tag-lsd-blotter-shop","24":"product_tag-lsd-blotters-for-sale","25":"product_tag-pictures-of-lsd-blotters","26":"product_tag-what-is-blotter-acid","27":"product_tag-what-is-blotter-paper-drugs","29":"first","30":"instock","31":"shipping-taxable","32":"purchasable","33":"product-type-variable","34":"entry","35":"content-bg","36":"loop-entry"},"tiered_pricing_type":"fixed","tiered_pricing_fixed_rules":[],"tiered_pricing_percentage_rules":[],"tiered_pricing_minimum":1,"_administrator_tiered_pricing_type":"fixed","_administrator_tiered_pricing_fixed_rules":[],"_editor_tiered_pricing_type":"fixed","_editor_tiered_pricing_fixed_rules":[],"_author_tiered_pricing_type":"fixed","_author_tiered_pricing_fixed_rules":[],"_contributor_tiered_pricing_type":"fixed","_contributor_tiered_pricing_fixed_rules":[],"_subscriber_tiered_pricing_type":"fixed","_subscriber_tiered_pricing_fixed_rules":[],"_customer_tiered_pricing_type":"fixed","_customer_tiered_pricing_fixed_rules":[],"_shop_manager_tiered_pricing_type":"fixed","_shop_manager_tiered_pricing_fixed_rules":[],"_wpseo_manager_tiered_pricing_type":"fixed","_wpseo_manager_tiered_pricing_fixed_rules":[],"_wpseo_editor_tiered_pricing_type":"fixed","_wpseo_editor_tiered_pricing_fixed_rules":[],"yoast_head":"<!-- This site is optimized with the Yoast SEO plugin v27.2 - https:\/\/yoast.com\/product\/yoast-seo-wordpress\/ -->\n<title>Buy LSD 100mcg BLOTTERS Online - Cheap price, Highest quality<\/title>\n<meta name=\"description\" content=\"Buy LSD 100mcg BLOTTERS Online at an affordable price at stonersmeds. All products are lab qualified and have premium quality.\" \/>\n<meta name=\"robots\" content=\"index, follow, max-snippet:-1, max-image-preview:large, max-video-preview:-1\" \/>\n<link rel=\"canonical\" href=\"https:\/\/stonersmeds.com\/cs\/shop\/buy-lsd-100mcg-blotters-online\/\" \/>\n<meta property=\"og:locale\" content=\"cs_CZ\" \/>\n<meta property=\"og:type\" content=\"article\" \/>\n<meta property=\"og:title\" content=\"Buy LSD 100mcg BLOTTERS Online - Cheap price, Highest quality\" \/>\n<meta property=\"og:description\" content=\"Buy LSD 100mcg BLOTTERS Online at an affordable price at stonersmeds. All products are lab qualified and have premium quality.\" \/>\n<meta property=\"og:url\" content=\"https:\/\/stonersmeds.com\/cs\/shop\/buy-lsd-100mcg-blotters-online\/\" \/>\n<meta property=\"og:site_name\" content=\"stonersmeds.com\" \/>\n<meta property=\"article:modified_time\" content=\"2026-02-22T01:50:08+00:00\" \/>\n<meta property=\"og:image\" content=\"https:\/\/stonersmeds.com\/wp-content\/uploads\/2022\/03\/Buy-LSD-100mcg-BLOTTERS.jpg\" \/>\n\t<meta property=\"og:image:width\" content=\"600\" \/>\n\t<meta property=\"og:image:height\" content=\"600\" \/>\n\t<meta property=\"og:image:type\" content=\"image\/jpeg\" \/>\n<meta name=\"twitter:card\" content=\"summary_large_image\" \/>\n<meta name=\"twitter:label1\" content=\"Dostupnost\" \/>\n\t<meta name=\"twitter:data1\" content=\"Skladem\" \/>\n<script type=\"application\/ld+json\" class=\"yoast-schema-graph\">{\"@context\":\"https:\/\/schema.org\",\"@graph\":[{\"@type\":\"WebPage\",\"@id\":\"https:\/\/stonersmeds.com\/shop\/buy-lsd-100mcg-blotters-online\/\",\"url\":\"https:\/\/stonersmeds.com\/shop\/buy-lsd-100mcg-blotters-online\/\",\"name\":\"Buy LSD 100mcg BLOTTERS Online - Cheap price, Highest quality\",\"isPartOf\":{\"@id\":\"https:\/\/stonersmeds.com\/#website\"},\"primaryImageOfPage\":{\"@id\":\"https:\/\/stonersmeds.com\/shop\/buy-lsd-100mcg-blotters-online\/#primaryimage\"},\"image\":{\"@id\":\"https:\/\/stonersmeds.com\/shop\/buy-lsd-100mcg-blotters-online\/#primaryimage\"},\"thumbnailUrl\":\"https:\/\/stonersmeds.com\/wp-content\/uploads\/2022\/03\/Buy-LSD-100mcg-BLOTTERS.jpg\",\"datePublished\":\"2022-03-12T06:09:46+00:00\",\"dateModified\":\"2026-02-22T01:50:08+00:00\",\"description\":\"Buy LSD 100mcg BLOTTERS Online at an affordable price at stonersmeds. All products are lab qualified and have premium quality.\",\"breadcrumb\":{\"@id\":\"https:\/\/stonersmeds.com\/shop\/buy-lsd-100mcg-blotters-online\/#breadcrumb\"},\"inLanguage\":\"cs\",\"potentialAction\":[{\"@type\":\"ReadAction\",\"target\":[\"https:\/\/stonersmeds.com\/shop\/buy-lsd-100mcg-blotters-online\/\"]}]},{\"@type\":\"ImageObject\",\"inLanguage\":\"cs\",\"@id\":\"https:\/\/stonersmeds.com\/shop\/buy-lsd-100mcg-blotters-online\/#primaryimage\",\"url\":\"https:\/\/stonersmeds.com\/wp-content\/uploads\/2022\/03\/Buy-LSD-100mcg-BLOTTERS.jpg\",\"contentUrl\":\"https:\/\/stonersmeds.com\/wp-content\/uploads\/2022\/03\/Buy-LSD-100mcg-BLOTTERS.jpg\",\"width\":600,\"height\":600},{\"@type\":\"BreadcrumbList\",\"@id\":\"https:\/\/stonersmeds.com\/shop\/buy-lsd-100mcg-blotters-online\/#breadcrumb\",\"itemListElement\":[{\"@type\":\"ListItem\",\"position\":1,\"name\":\"Home\",\"item\":\"https:\/\/stonersmeds.com\/\"},{\"@type\":\"ListItem\",\"position\":2,\"name\":\"Shop\",\"item\":\"https:\/\/stonersmeds.com\/shop\/\"},{\"@type\":\"ListItem\",\"position\":3,\"name\":\"Buy LSD 100mcg BLOTTERS Online\"}]},{\"@type\":\"WebSite\",\"@id\":\"https:\/\/stonersmeds.com\/#website\",\"url\":\"https:\/\/stonersmeds.com\/\",\"name\":\"stonersmeds.com\",\"description\":\"verschreibungspflichtige Medizin kaufen\",\"publisher\":{\"@id\":\"https:\/\/stonersmeds.com\/#organization\"},\"alternateName\":\"Research chemical shop\",\"potentialAction\":[{\"@type\":\"SearchAction\",\"target\":{\"@type\":\"EntryPoint\",\"urlTemplate\":\"https:\/\/stonersmeds.com\/?s={search_term_string}\"},\"query-input\":{\"@type\":\"PropertyValueSpecification\",\"valueRequired\":true,\"valueName\":\"search_term_string\"}}],\"inLanguage\":\"cs\"},{\"@type\":\"Organization\",\"@id\":\"https:\/\/stonersmeds.com\/#organization\",\"name\":\"Stonersmeds Shop\",\"url\":\"https:\/\/stonersmeds.com\/\",\"logo\":{\"@type\":\"ImageObject\",\"inLanguage\":\"cs\",\"@id\":\"https:\/\/stonersmeds.com\/#\/schema\/logo\/image\/\",\"url\":\"https:\/\/stonersmeds.com\/wp-content\/uploads\/2026\/02\/high-purity-DMT-powder.jpg\",\"contentUrl\":\"https:\/\/stonersmeds.com\/wp-content\/uploads\/2026\/02\/high-purity-DMT-powder.jpg\",\"width\":500,\"height\":500,\"caption\":\"Stonersmeds Shop\"},\"image\":{\"@id\":\"https:\/\/stonersmeds.com\/#\/schema\/logo\/image\/\"}}]}<\/script>\n<meta property=\"og:availability\" content=\"instock\" \/>\n<meta property=\"product:availability\" content=\"instock\" \/>\n<meta property=\"product:condition\" content=\"new\" \/>\n<!-- \/ Yoast SEO plugin. -->","yoast_head_json":{"title":"Koupit LSD 100mcg BLOTTERS online \u2013 levn\u00e1 cena, nejvy\u0161\u0161\u00ed kvalita","description":"Kupte si LSD 100mcg BLOTTERS online za dostupnou cenu u stonersmeds. V\u0161echny produkty jsou kvalifikovan\u00e9 v laborato\u0159i a maj\u00ed pr\u00e9miovou kvalitu.","robots":{"index":"index","follow":"follow","max-snippet":"max-snippet:-1","max-image-preview":"max-image-preview:large","max-video-preview":"max-video-preview:-1"},"canonical":"https:\/\/stonersmeds.com\/cs\/shop\/buy-lsd-100mcg-blotters-online\/","og_locale":"cs_CZ","og_type":"article","og_title":"Buy LSD 100mcg BLOTTERS Online - Cheap price, Highest quality","og_description":"Buy LSD 100mcg BLOTTERS Online at an affordable price at stonersmeds. All products are lab qualified and have premium quality.","og_url":"https:\/\/stonersmeds.com\/cs\/shop\/buy-lsd-100mcg-blotters-online\/","og_site_name":"stonersmeds.com","article_modified_time":"2026-02-22T01:50:08+00:00","og_image":[{"width":600,"height":600,"url":"https:\/\/stonersmeds.com\/wp-content\/uploads\/2022\/03\/Buy-LSD-100mcg-BLOTTERS.jpg","type":"image\/jpeg"}],"twitter_card":"summary_large_image","twitter_misc":{"Dostupnost":"Skladem"},"schema":{"@context":"https:\/\/schema.org","@graph":[{"@type":"WebPage","@id":"https:\/\/stonersmeds.com\/shop\/buy-lsd-100mcg-blotters-online\/","url":"https:\/\/stonersmeds.com\/shop\/buy-lsd-100mcg-blotters-online\/","name":"Koupit LSD 100mcg BLOTTERS online \u2013 levn\u00e1 cena, nejvy\u0161\u0161\u00ed kvalita","isPartOf":{"@id":"https:\/\/stonersmeds.com\/#website"},"primaryImageOfPage":{"@id":"https:\/\/stonersmeds.com\/shop\/buy-lsd-100mcg-blotters-online\/#primaryimage"},"image":{"@id":"https:\/\/stonersmeds.com\/shop\/buy-lsd-100mcg-blotters-online\/#primaryimage"},"thumbnailUrl":"https:\/\/stonersmeds.com\/wp-content\/uploads\/2022\/03\/Buy-LSD-100mcg-BLOTTERS.jpg","datePublished":"2022-03-12T06:09:46+00:00","dateModified":"2026-02-22T01:50:08+00:00","description":"Kupte si LSD 100mcg BLOTTERS online za dostupnou cenu u stonersmeds. V\u0161echny produkty jsou kvalifikovan\u00e9 v laborato\u0159i a maj\u00ed pr\u00e9miovou kvalitu.","breadcrumb":{"@id":"https:\/\/stonersmeds.com\/shop\/buy-lsd-100mcg-blotters-online\/#breadcrumb"},"inLanguage":"cs","potentialAction":[{"@type":"ReadAction","target":["https:\/\/stonersmeds.com\/shop\/buy-lsd-100mcg-blotters-online\/"]}]},{"@type":"ImageObject","inLanguage":"cs","@id":"https:\/\/stonersmeds.com\/shop\/buy-lsd-100mcg-blotters-online\/#primaryimage","url":"https:\/\/stonersmeds.com\/wp-content\/uploads\/2022\/03\/Buy-LSD-100mcg-BLOTTERS.jpg","contentUrl":"https:\/\/stonersmeds.com\/wp-content\/uploads\/2022\/03\/Buy-LSD-100mcg-BLOTTERS.jpg","width":600,"height":600},{"@type":"BreadcrumbList","@id":"https:\/\/stonersmeds.com\/shop\/buy-lsd-100mcg-blotters-online\/#breadcrumb","itemListElement":[{"@type":"ListItem","position":1,"name":"Home","item":"https:\/\/stonersmeds.com\/"},{"@type":"ListItem","position":2,"name":"Shop","item":"https:\/\/stonersmeds.com\/shop\/"},{"@type":"ListItem","position":3,"name":"Buy LSD 100mcg BLOTTERS Online"}]},{"@type":"WebSite","@id":"https:\/\/stonersmeds.com\/#website","url":"https:\/\/stonersmeds.com\/","name":"stonersmeds.com","description":"verschreibungspflichtige Medizin kaufen","publisher":{"@id":"https:\/\/stonersmeds.com\/#organization"},"alternateName":"Research chemical shop","potentialAction":[{"@type":"SearchAction","target":{"@type":"EntryPoint","urlTemplate":"https:\/\/stonersmeds.com\/?s={search_term_string}"},"query-input":{"@type":"PropertyValueSpecification","valueRequired":true,"valueName":"search_term_string"}}],"inLanguage":"cs"},{"@type":"Organization","@id":"https:\/\/stonersmeds.com\/#organization","name":"Stonersmeds Shop","url":"https:\/\/stonersmeds.com\/","logo":{"@type":"ImageObject","inLanguage":"cs","@id":"https:\/\/stonersmeds.com\/#\/schema\/logo\/image\/","url":"https:\/\/stonersmeds.com\/wp-content\/uploads\/2026\/02\/high-purity-DMT-powder.jpg","contentUrl":"https:\/\/stonersmeds.com\/wp-content\/uploads\/2026\/02\/high-purity-DMT-powder.jpg","width":500,"height":500,"caption":"Stonersmeds Shop"},"image":{"@id":"https:\/\/stonersmeds.com\/#\/schema\/logo\/image\/"}}]},"og_availability":"instock","product_availability":"instock","product_condition":"new"},"_links":{"self":[{"href":"https:\/\/stonersmeds.com\/cs\/wp-json\/wp\/v2\/product\/10222","targetHints":{"allow":["GET"]}}],"collection":[{"href":"https:\/\/stonersmeds.com\/cs\/wp-json\/wp\/v2\/product"}],"about":[{"href":"https:\/\/stonersmeds.com\/cs\/wp-json\/wp\/v2\/types\/product"}],"replies":[{"embeddable":true,"href":"https:\/\/stonersmeds.com\/cs\/wp-json\/wp\/v2\/comments?post=10222"}],"version-history":[{"count":0,"href":"https:\/\/stonersmeds.com\/cs\/wp-json\/wp\/v2\/product\/10222\/revisions"}],"wp:featuredmedia":[{"embeddable":true,"href":"https:\/\/stonersmeds.com\/cs\/wp-json\/wp\/v2\/media\/10236"}],"wp:attachment":[{"href":"https:\/\/stonersmeds.com\/cs\/wp-json\/wp\/v2\/media?parent=10222"}],"wp:term":[{"taxonomy":"product_brand","embeddable":true,"href":"https:\/\/stonersmeds.com\/cs\/wp-json\/wp\/v2\/product_brand?post=10222"},{"taxonomy":"product_cat","embeddable":true,"href":"https:\/\/stonersmeds.com\/cs\/wp-json\/wp\/v2\/product_cat?post=10222"},{"taxonomy":"product_tag","embeddable":true,"href":"https:\/\/stonersmeds.com\/cs\/wp-json\/wp\/v2\/product_tag?post=10222"},{"taxonomy":"product_brands","embeddable":true,"href":"https:\/\/stonersmeds.com\/cs\/wp-json\/wp\/v2\/product_brands?post=10222"}],"curies":[{"name":"wp","href":"https:\/\/api.w.org\/{rel}","templated":true}]}}