{"id":10447,"date":"2022-03-12T07:44:07","date_gmt":"2022-03-12T07:44:07","guid":{"rendered":"https:\/\/stonersmeds.com\/?post_type=product&#038;p=10447"},"modified":"2026-03-01T00:50:04","modified_gmt":"2026-02-28T22:50:04","slug":"buy-restoril-30mg-temezepam-pills-online-2","status":"publish","type":"product","link":"https:\/\/stonersmeds.com\/cs\/shop\/buy-restoril-30mg-temezepam-pills-online-2\/","title":{"rendered":"Koupit Restoril 30mg Temezepam pilulky online"},"content":{"rendered":"<h1>Koupit Restoril 30mg Temazepam pilulky online.<\/h1>\n<p>Restoril (Temazepam) je l\u00e9k, kter\u00fd zpomaluje mozek.<\/p>\n<p>P\u0159edepisuje se jako kr\u00e1tkodob\u00fd prost\u0159edek na span\u00ed pro nespavce. Proto\u017ee se m\u016f\u017ee st\u00e1t n\u00e1vykem, obvykle se nep\u0159edepisuje na dobu del\u0161\u00ed ne\u017e 10 dn\u00ed.<\/p>\n<div><\/div>\n<div><\/div>\n<div><\/div>\n<pre><strong>Koupit Restoril 30mg Temazepam pilulky online - koupit Restoril 30mg , koupit Restoril 30mg Temazepam pilulky , koupit Temazepam pilulky online, Kde koupit Restoril 30mg Temazepam pilulky , Restoril 30mg Temazepam pilulky na prodej, Temazepam pilulky na prodej, koupit Restoril 30mg Temazepam pilulky online, kde koupit Restoril 30mg Temazepam pilulky online, Restoril 30mg Temazepam pills for sale in usa , USA, canada,uk, koupit, online, dodavatel\u00e9, bezpe\u010dn\u00e9 dod\u00e1n\u00ed, st\u00e1le m\u016f\u017eete z\u00edskat Restoril 30mg Temazepam pills , Is Restoril 30mg Temazepam pills legal in usa, buy Restoril 30mg Temazepam pills online usa, how to order Restoril 30mg Temazepam pills , Is Restoril 30mg Temazepam pills legal in Canada<\/strong><\/pre>","protected":false},"excerpt":{"rendered":"<p>Koupit Restoril 30mg Temezepam pilulky online.<\/p>\n<p>N\u00e1zev zna\u010dky:\u00a0<strong>Restoril<\/strong><br \/>\nObecn\u00e9:\u00a0<strong>Temazepam<\/strong><br \/>\nDostupn\u00e1 s\u00edla: 30mg<br \/>\nBalen\u00ed: Balen\u00ed: blistr<br \/>\nVyrobil : Novatris<\/p>\n<p>cena produktu je: za pilulku<br \/>\n<strong>Minim\u00e1ln\u00ed mno\u017estv\u00ed pro objedn\u00e1vku je: 50 pilulek<\/strong><\/p>\n<pre><\/pre>","protected":false},"featured_media":10472,"comment_status":"open","ping_status":"closed","template":"","meta":{"_bst_post_transparent":"","_bst_post_title":"","_bst_post_layout":"","_bst_post_sidebar_id":"","_bst_post_content_style":"","_bst_post_vertical_padding":"","_bst_post_feature":"","_bst_post_feature_position":"","_bst_post_header":false,"_bst_post_footer":false},"product_brand":[],"product_cat":[79],"product_tag":[671,672,677,682,691,673,693,687,683,684,681,689,686,685,675,679,688,694,695,690,692,676,674,678,680],"product_brands":[],"class_list":{"0":"post-10447","1":"product","2":"type-product","3":"status-publish","4":"has-post-thumbnail","6":"product_cat-research-chemicals-and-bath-salt","7":"product_tag-buy-restoril-30mg","8":"product_tag-buy-restoril-30mg-temazepam-pills","9":"product_tag-buy-restoril-30mg-temazepam-pills-online","10":"product_tag-buy-restoril-30mg-temazepam-pills-online-usa","11":"product_tag-buy-temazepam-20-mg-tablets-uk","12":"product_tag-buy-temazepam-pills-online","13":"product_tag-buy-vyvanse-online","14":"product_tag-can-you-order-temazepam-online","15":"product_tag-how-to-order-restoril-30mg-temazepam-pills","16":"product_tag-is-restoril-30mg-temazepam-pills-legal-in-canada","17":"product_tag-is-restoril-30mg-temazepam-pills-legal-in-usa","18":"product_tag-over-the-counter-substitute-for-temazepam","19":"product_tag-restoril-15-mg-online","20":"product_tag-restoril-30-mg-price","21":"product_tag-restoril-30mg-temazepam-pills-for-sale","22":"product_tag-restoril-30mg-temazepam-pills-for-sale-in-usa","23":"product_tag-temazepam-10mg-online","24":"product_tag-temazepam-10mg-price","25":"product_tag-temazepam-20mg","26":"product_tag-temazepam-30-mg-price-in-india","27":"product_tag-temazepam-over-the-counter","28":"product_tag-temazepam-pills-for-sale","29":"product_tag-where-to-buy-restoril-30mg-temazepam-pills","30":"product_tag-where-to-buy-restoril-30mg-temazepam-pills-online","31":"product_tag-you-can-still-get-restoril-30mg-temazepam-pills","33":"first","34":"instock","35":"shipping-taxable","36":"purchasable","37":"product-type-variable","38":"entry","39":"content-bg","40":"loop-entry"},"tiered_pricing_type":"fixed","tiered_pricing_fixed_rules":[],"tiered_pricing_percentage_rules":[],"tiered_pricing_minimum":1,"_administrator_tiered_pricing_type":"fixed","_administrator_tiered_pricing_fixed_rules":[],"_editor_tiered_pricing_type":"fixed","_editor_tiered_pricing_fixed_rules":[],"_author_tiered_pricing_type":"fixed","_author_tiered_pricing_fixed_rules":[],"_contributor_tiered_pricing_type":"fixed","_contributor_tiered_pricing_fixed_rules":[],"_subscriber_tiered_pricing_type":"fixed","_subscriber_tiered_pricing_fixed_rules":[],"_customer_tiered_pricing_type":"fixed","_customer_tiered_pricing_fixed_rules":[],"_shop_manager_tiered_pricing_type":"fixed","_shop_manager_tiered_pricing_fixed_rules":[],"_wpseo_manager_tiered_pricing_type":"fixed","_wpseo_manager_tiered_pricing_fixed_rules":[],"_wpseo_editor_tiered_pricing_type":"fixed","_wpseo_editor_tiered_pricing_fixed_rules":[],"yoast_head":"<!-- This site is optimized with the Yoast SEO plugin v27.2 - https:\/\/yoast.com\/product\/yoast-seo-wordpress\/ -->\n<title>Buy Restoril 30mg Temezepam pills online - Cheap price, Grade A++<\/title>\n<meta name=\"description\" content=\"Buy Restoril 30mg Temazepam Online at an affordable price at stonersmeds. All products are lab qualified and have premium quality.\" \/>\n<meta name=\"robots\" content=\"index, follow, max-snippet:-1, max-image-preview:large, max-video-preview:-1\" \/>\n<link rel=\"canonical\" href=\"https:\/\/stonersmeds.com\/cs\/shop\/buy-restoril-30mg-temezepam-pills-online-2\/\" \/>\n<meta property=\"og:locale\" content=\"cs_CZ\" \/>\n<meta property=\"og:type\" content=\"article\" \/>\n<meta property=\"og:title\" content=\"Buy Restoril 30mg Temezepam pills online - Cheap price, Grade A++\" \/>\n<meta property=\"og:description\" content=\"Buy Restoril 30mg Temazepam Online at an affordable price at stonersmeds. All products are lab qualified and have premium quality.\" \/>\n<meta property=\"og:url\" content=\"https:\/\/stonersmeds.com\/cs\/shop\/buy-restoril-30mg-temezepam-pills-online-2\/\" \/>\n<meta property=\"og:site_name\" content=\"stonersmeds.com\" \/>\n<meta property=\"article:modified_time\" content=\"2026-02-28T22:50:04+00:00\" \/>\n<meta property=\"og:image\" content=\"https:\/\/stonersmeds.com\/wp-content\/uploads\/2022\/03\/Buy-Restoril-30mg-Temezepam-pills-online-2.jpg\" \/>\n\t<meta property=\"og:image:width\" content=\"600\" \/>\n\t<meta property=\"og:image:height\" content=\"600\" \/>\n\t<meta property=\"og:image:type\" content=\"image\/jpeg\" \/>\n<meta name=\"twitter:card\" content=\"summary_large_image\" \/>\n<meta name=\"twitter:label1\" content=\"Dostupnost\" \/>\n\t<meta name=\"twitter:data1\" content=\"Skladem\" \/>\n<script type=\"application\/ld+json\" class=\"yoast-schema-graph\">{\"@context\":\"https:\/\/schema.org\",\"@graph\":[{\"@type\":\"WebPage\",\"@id\":\"https:\/\/stonersmeds.com\/shop\/buy-restoril-30mg-temezepam-pills-online-2\/\",\"url\":\"https:\/\/stonersmeds.com\/shop\/buy-restoril-30mg-temezepam-pills-online-2\/\",\"name\":\"Buy Restoril 30mg Temezepam pills online - Cheap price, Grade A++\",\"isPartOf\":{\"@id\":\"https:\/\/stonersmeds.com\/#website\"},\"primaryImageOfPage\":{\"@id\":\"https:\/\/stonersmeds.com\/shop\/buy-restoril-30mg-temezepam-pills-online-2\/#primaryimage\"},\"image\":{\"@id\":\"https:\/\/stonersmeds.com\/shop\/buy-restoril-30mg-temezepam-pills-online-2\/#primaryimage\"},\"thumbnailUrl\":\"https:\/\/stonersmeds.com\/wp-content\/uploads\/2022\/03\/Buy-Restoril-30mg-Temezepam-pills-online-2.jpg\",\"datePublished\":\"2022-03-12T07:44:07+00:00\",\"dateModified\":\"2026-02-28T22:50:04+00:00\",\"description\":\"Buy Restoril 30mg Temazepam Online at an affordable price at stonersmeds. All products are lab qualified and have premium quality.\",\"breadcrumb\":{\"@id\":\"https:\/\/stonersmeds.com\/shop\/buy-restoril-30mg-temezepam-pills-online-2\/#breadcrumb\"},\"inLanguage\":\"cs\",\"potentialAction\":[{\"@type\":\"ReadAction\",\"target\":[\"https:\/\/stonersmeds.com\/shop\/buy-restoril-30mg-temezepam-pills-online-2\/\"]}]},{\"@type\":\"ImageObject\",\"inLanguage\":\"cs\",\"@id\":\"https:\/\/stonersmeds.com\/shop\/buy-restoril-30mg-temezepam-pills-online-2\/#primaryimage\",\"url\":\"https:\/\/stonersmeds.com\/wp-content\/uploads\/2022\/03\/Buy-Restoril-30mg-Temezepam-pills-online-2.jpg\",\"contentUrl\":\"https:\/\/stonersmeds.com\/wp-content\/uploads\/2022\/03\/Buy-Restoril-30mg-Temezepam-pills-online-2.jpg\",\"width\":600,\"height\":600},{\"@type\":\"BreadcrumbList\",\"@id\":\"https:\/\/stonersmeds.com\/shop\/buy-restoril-30mg-temezepam-pills-online-2\/#breadcrumb\",\"itemListElement\":[{\"@type\":\"ListItem\",\"position\":1,\"name\":\"Home\",\"item\":\"https:\/\/stonersmeds.com\/\"},{\"@type\":\"ListItem\",\"position\":2,\"name\":\"Shop\",\"item\":\"https:\/\/stonersmeds.com\/shop\/\"},{\"@type\":\"ListItem\",\"position\":3,\"name\":\"Buy Restoril 30mg Temezepam pills online\"}]},{\"@type\":\"WebSite\",\"@id\":\"https:\/\/stonersmeds.com\/#website\",\"url\":\"https:\/\/stonersmeds.com\/\",\"name\":\"stonersmeds.com\",\"description\":\"verschreibungspflichtige Medizin kaufen\",\"publisher\":{\"@id\":\"https:\/\/stonersmeds.com\/#organization\"},\"alternateName\":\"Research chemical shop\",\"potentialAction\":[{\"@type\":\"SearchAction\",\"target\":{\"@type\":\"EntryPoint\",\"urlTemplate\":\"https:\/\/stonersmeds.com\/?s={search_term_string}\"},\"query-input\":{\"@type\":\"PropertyValueSpecification\",\"valueRequired\":true,\"valueName\":\"search_term_string\"}}],\"inLanguage\":\"cs\"},{\"@type\":\"Organization\",\"@id\":\"https:\/\/stonersmeds.com\/#organization\",\"name\":\"Stonersmeds Shop\",\"url\":\"https:\/\/stonersmeds.com\/\",\"logo\":{\"@type\":\"ImageObject\",\"inLanguage\":\"cs\",\"@id\":\"https:\/\/stonersmeds.com\/#\/schema\/logo\/image\/\",\"url\":\"https:\/\/stonersmeds.com\/wp-content\/uploads\/2026\/02\/high-purity-DMT-powder.jpg\",\"contentUrl\":\"https:\/\/stonersmeds.com\/wp-content\/uploads\/2026\/02\/high-purity-DMT-powder.jpg\",\"width\":500,\"height\":500,\"caption\":\"Stonersmeds Shop\"},\"image\":{\"@id\":\"https:\/\/stonersmeds.com\/#\/schema\/logo\/image\/\"}}]}<\/script>\n<meta property=\"og:availability\" content=\"instock\" \/>\n<meta property=\"product:availability\" content=\"instock\" \/>\n<meta property=\"product:condition\" content=\"new\" \/>\n<!-- \/ Yoast SEO plugin. -->","yoast_head_json":{"title":"Koupit Restoril 30mg Temezepam Pilulky online - Lacin\u00e9 ceny, Grade A++","description":"Koupit Restoril 30mg Temazepam online za dostupnou cenu na stonersmeds. V\u0161echny produkty jsou laboratorn\u011b kvalifikovan\u00e9 a maj\u00ed prvot\u0159\u00eddn\u00ed kvalitu.","robots":{"index":"index","follow":"follow","max-snippet":"max-snippet:-1","max-image-preview":"max-image-preview:large","max-video-preview":"max-video-preview:-1"},"canonical":"https:\/\/stonersmeds.com\/cs\/shop\/buy-restoril-30mg-temezepam-pills-online-2\/","og_locale":"cs_CZ","og_type":"article","og_title":"Buy Restoril 30mg Temezepam pills online - Cheap price, Grade A++","og_description":"Buy Restoril 30mg Temazepam Online at an affordable price at stonersmeds. All products are lab qualified and have premium quality.","og_url":"https:\/\/stonersmeds.com\/cs\/shop\/buy-restoril-30mg-temezepam-pills-online-2\/","og_site_name":"stonersmeds.com","article_modified_time":"2026-02-28T22:50:04+00:00","og_image":[{"width":600,"height":600,"url":"https:\/\/stonersmeds.com\/wp-content\/uploads\/2022\/03\/Buy-Restoril-30mg-Temezepam-pills-online-2.jpg","type":"image\/jpeg"}],"twitter_card":"summary_large_image","twitter_misc":{"Dostupnost":"Skladem"},"schema":{"@context":"https:\/\/schema.org","@graph":[{"@type":"WebPage","@id":"https:\/\/stonersmeds.com\/shop\/buy-restoril-30mg-temezepam-pills-online-2\/","url":"https:\/\/stonersmeds.com\/shop\/buy-restoril-30mg-temezepam-pills-online-2\/","name":"Koupit Restoril 30mg Temezepam Pilulky online - Lacin\u00e9 ceny, Grade A++","isPartOf":{"@id":"https:\/\/stonersmeds.com\/#website"},"primaryImageOfPage":{"@id":"https:\/\/stonersmeds.com\/shop\/buy-restoril-30mg-temezepam-pills-online-2\/#primaryimage"},"image":{"@id":"https:\/\/stonersmeds.com\/shop\/buy-restoril-30mg-temezepam-pills-online-2\/#primaryimage"},"thumbnailUrl":"https:\/\/stonersmeds.com\/wp-content\/uploads\/2022\/03\/Buy-Restoril-30mg-Temezepam-pills-online-2.jpg","datePublished":"2022-03-12T07:44:07+00:00","dateModified":"2026-02-28T22:50:04+00:00","description":"Koupit Restoril 30mg Temazepam online za dostupnou cenu na stonersmeds. V\u0161echny produkty jsou laboratorn\u011b kvalifikovan\u00e9 a maj\u00ed prvot\u0159\u00eddn\u00ed kvalitu.","breadcrumb":{"@id":"https:\/\/stonersmeds.com\/shop\/buy-restoril-30mg-temezepam-pills-online-2\/#breadcrumb"},"inLanguage":"cs","potentialAction":[{"@type":"ReadAction","target":["https:\/\/stonersmeds.com\/shop\/buy-restoril-30mg-temezepam-pills-online-2\/"]}]},{"@type":"ImageObject","inLanguage":"cs","@id":"https:\/\/stonersmeds.com\/shop\/buy-restoril-30mg-temezepam-pills-online-2\/#primaryimage","url":"https:\/\/stonersmeds.com\/wp-content\/uploads\/2022\/03\/Buy-Restoril-30mg-Temezepam-pills-online-2.jpg","contentUrl":"https:\/\/stonersmeds.com\/wp-content\/uploads\/2022\/03\/Buy-Restoril-30mg-Temezepam-pills-online-2.jpg","width":600,"height":600},{"@type":"BreadcrumbList","@id":"https:\/\/stonersmeds.com\/shop\/buy-restoril-30mg-temezepam-pills-online-2\/#breadcrumb","itemListElement":[{"@type":"ListItem","position":1,"name":"Home","item":"https:\/\/stonersmeds.com\/"},{"@type":"ListItem","position":2,"name":"Shop","item":"https:\/\/stonersmeds.com\/shop\/"},{"@type":"ListItem","position":3,"name":"Buy Restoril 30mg Temezepam pills online"}]},{"@type":"WebSite","@id":"https:\/\/stonersmeds.com\/#website","url":"https:\/\/stonersmeds.com\/","name":"stonersmeds.com","description":"verschreibungspflichtige Medizin kaufen","publisher":{"@id":"https:\/\/stonersmeds.com\/#organization"},"alternateName":"Research chemical shop","potentialAction":[{"@type":"SearchAction","target":{"@type":"EntryPoint","urlTemplate":"https:\/\/stonersmeds.com\/?s={search_term_string}"},"query-input":{"@type":"PropertyValueSpecification","valueRequired":true,"valueName":"search_term_string"}}],"inLanguage":"cs"},{"@type":"Organization","@id":"https:\/\/stonersmeds.com\/#organization","name":"Stonersmeds Shop","url":"https:\/\/stonersmeds.com\/","logo":{"@type":"ImageObject","inLanguage":"cs","@id":"https:\/\/stonersmeds.com\/#\/schema\/logo\/image\/","url":"https:\/\/stonersmeds.com\/wp-content\/uploads\/2026\/02\/high-purity-DMT-powder.jpg","contentUrl":"https:\/\/stonersmeds.com\/wp-content\/uploads\/2026\/02\/high-purity-DMT-powder.jpg","width":500,"height":500,"caption":"Stonersmeds Shop"},"image":{"@id":"https:\/\/stonersmeds.com\/#\/schema\/logo\/image\/"}}]},"og_availability":"instock","product_availability":"instock","product_condition":"new"},"_links":{"self":[{"href":"https:\/\/stonersmeds.com\/cs\/wp-json\/wp\/v2\/product\/10447","targetHints":{"allow":["GET"]}}],"collection":[{"href":"https:\/\/stonersmeds.com\/cs\/wp-json\/wp\/v2\/product"}],"about":[{"href":"https:\/\/stonersmeds.com\/cs\/wp-json\/wp\/v2\/types\/product"}],"replies":[{"embeddable":true,"href":"https:\/\/stonersmeds.com\/cs\/wp-json\/wp\/v2\/comments?post=10447"}],"version-history":[{"count":0,"href":"https:\/\/stonersmeds.com\/cs\/wp-json\/wp\/v2\/product\/10447\/revisions"}],"wp:featuredmedia":[{"embeddable":true,"href":"https:\/\/stonersmeds.com\/cs\/wp-json\/wp\/v2\/media\/10472"}],"wp:attachment":[{"href":"https:\/\/stonersmeds.com\/cs\/wp-json\/wp\/v2\/media?parent=10447"}],"wp:term":[{"taxonomy":"product_brand","embeddable":true,"href":"https:\/\/stonersmeds.com\/cs\/wp-json\/wp\/v2\/product_brand?post=10447"},{"taxonomy":"product_cat","embeddable":true,"href":"https:\/\/stonersmeds.com\/cs\/wp-json\/wp\/v2\/product_cat?post=10447"},{"taxonomy":"product_tag","embeddable":true,"href":"https:\/\/stonersmeds.com\/cs\/wp-json\/wp\/v2\/product_tag?post=10447"},{"taxonomy":"product_brands","embeddable":true,"href":"https:\/\/stonersmeds.com\/cs\/wp-json\/wp\/v2\/product_brands?post=10447"}],"curies":[{"name":"wp","href":"https:\/\/api.w.org\/{rel}","templated":true}]}}