{"id":10655,"date":"2022-03-12T09:06:32","date_gmt":"2022-03-12T09:06:32","guid":{"rendered":"https:\/\/stonersmeds.com\/?post_type=product&#038;p=10655"},"modified":"2026-02-27T23:50:12","modified_gmt":"2026-02-27T21:50:12","slug":"buy-online-mmb-2201-powder-pure-online","status":"publish","type":"product","link":"https:\/\/stonersmeds.com\/cs\/shop\/buy-online-mmb-2201-powder-pure-online\/","title":{"rendered":"Koupit online MMB-2201 Powder Pure online"},"content":{"rendered":"<h1>Buy online MMB-2201 Powder Pure Online.<\/h1>\n<p>Buy MMB-2201 online Cannabinoids online are high quality research chemicals. You can buy MDMB-2201 online at wholesale prices from a trusted supplier Coinstar Chemical<\/p>\n<p>5f MDMB 2201 for sale MDMB 2201 reddit<br \/>\nmmb-fub | mmbfub<br \/>\nfub2201 | fub-akb48<\/p>\n<p><a href=\"https:\/\/stonersmeds.com\/cs\/stitek-produktu\/clonazepam-2mg-buy-online\/\">Buy MMB-2201 online<\/a> (aka 5F-MMB-PICA, 5F-AMB-PICA and I-AMB) is a potent indole-3-carboxamide-based synthetic cannabinoid that is used as a design drug and as the active substance sold in cannabis blends. synthetic. It was first reported in Russia and Belarus in January 2014, but has since been sold in a number of other countries.<\/p>\n<p>5F-MDMB-2201 is a synthetic cannabinoid (indazole family) that is very similar to MMB-2201. 5F-MDMB-2201 has a very strong effect (agonism) on CB1 and CB2 receptors.<\/p>\n<pre><strong>Buy MMB-2201 Powder Pure Online - buy MMB-2201 Powder Pure , buy <a href=\"https:\/\/www.sigmaaldrich.com\/DE\/de\/product\/cerillian\/s129\">MMB-2201<\/a> Powder Pure usa , buy MMB-2201 Powder Pure USA online , Where to Buy MMB-2201 Powder Pure , MMB-2201 Powder Pure for sale, MMB-2201 Powder Pure for sale near me , buy MMB-2201 Powder Pure online near me , where to Buy MMB-2201 Powder Pure online , MMB-2201 Powder Pure for sale in usa , USA, canada,uk, buy, online, suppliers, safe delivery, You can still get MMB-2201 Powder Pure , Is MMB-2201 Powder Pure legal in usa, buy MMB-2201 Powder Pure online usa, how to order MMB-2201 Powder Pure , Is MMB-2201 Powder Pure legal in Canada<\/strong><\/pre>","protected":false},"excerpt":{"rendered":"<p>Buy online MMB-2201 Powder Pure Online.\u00a0MMB-2201 Powder is also: 5F-MMB-PICA, 5F-AMB-PICA or I-AMB.<\/p>\n<p>cena produktu je\u00a0<strong>$250 USD za unci (28,4 gram\u016f)<\/strong><\/p>\n<p><strong>25%<\/strong>\u00a0off for\u00a0<strong>2 ounces\u00a0<\/strong>and above.<\/p>\n<pre><strong>Buy MMB-2201 Powder Pure Online - buy MMB-2201 Powder Pure , buy MMB-2201 Powder Pure usa , buy MMB-2201 Powder Pure USA online , Where to Buy MMB-2201 Powder Pure , MMB-2201 Powder Pure for sale, MMB-2201 Powder Pure for sale near me , buy MMB-2201 Powder Pure online near me , where to Buy MMB-2201 Powder Pure online , <a href=\"https:\/\/stonersmeds.com\/cs\/stitek-produktu\/where-to-buy-mmb-2201-powder-pure-online\/\">MMB-2201 Powder Pure for sale in usa<\/a> , USA, canada,uk, buy, online, suppliers, safe delivery, You can still get MMB-2201 Powder Pure , Is MMB-2201 Powder Pure legal in usa, <a href=\"https:\/\/stonersmeds.com\/cs\/stitek-produktu\/where-to-buy-pure-quality-sextacy-powder-online\/\">koupit MMB-2201 pr\u00e1\u0161ek \u010cist\u00fd<\/a> online usa, how to order MMB-2201 Powder Pure , Is MMB-2201 Powder Pure legal in Canada<\/strong><\/pre>","protected":false},"featured_media":10673,"comment_status":"open","ping_status":"closed","template":"","meta":{"_bst_post_transparent":"","_bst_post_title":"","_bst_post_layout":"","_bst_post_sidebar_id":"","_bst_post_content_style":"","_bst_post_vertical_padding":"","_bst_post_feature":"","_bst_post_feature_position":"","_bst_post_header":false,"_bst_post_footer":false},"product_brand":[],"product_cat":[79],"product_tag":[370,376,381,371,372,382,383,380,374,378,375,373,377,379],"product_brands":[],"class_list":{"0":"post-10655","1":"product","2":"type-product","3":"status-publish","4":"has-post-thumbnail","6":"product_cat-research-chemicals-and-bath-salt","7":"product_tag-buy-mmb-2201-powder-pure","8":"product_tag-buy-mmb-2201-powder-pure-online-near-me","9":"product_tag-buy-mmb-2201-powder-pure-online-usa","10":"product_tag-buy-mmb-2201-powder-pure-usa","11":"product_tag-buy-mmb-2201-powder-pure-usa-online","12":"product_tag-how-to-order-mmb-2201-powder-pure","13":"product_tag-is-mmb-2201-powder-pure-legal-in-canada","14":"product_tag-is-mmb-2201-powder-pure-legal-in-usa","15":"product_tag-mmb-2201-powder-pure-for-sale","16":"product_tag-mmb-2201-powder-pure-for-sale-in-usa","17":"product_tag-mmb-2201-powder-pure-for-sale-near-me","18":"product_tag-where-to-buy-mmb-2201-powder-pure","19":"product_tag-where-to-buy-mmb-2201-powder-pure-online","20":"product_tag-you-can-still-get-mmb-2201-powder-pure","22":"first","23":"instock","24":"shipping-taxable","25":"purchasable","26":"product-type-variable","27":"entry","28":"content-bg","29":"loop-entry"},"tiered_pricing_type":"fixed","tiered_pricing_fixed_rules":[],"tiered_pricing_percentage_rules":[],"tiered_pricing_minimum":1,"_administrator_tiered_pricing_type":"fixed","_administrator_tiered_pricing_fixed_rules":[],"_editor_tiered_pricing_type":"fixed","_editor_tiered_pricing_fixed_rules":[],"_author_tiered_pricing_type":"fixed","_author_tiered_pricing_fixed_rules":[],"_contributor_tiered_pricing_type":"fixed","_contributor_tiered_pricing_fixed_rules":[],"_subscriber_tiered_pricing_type":"fixed","_subscriber_tiered_pricing_fixed_rules":[],"_customer_tiered_pricing_type":"fixed","_customer_tiered_pricing_fixed_rules":[],"_shop_manager_tiered_pricing_type":"fixed","_shop_manager_tiered_pricing_fixed_rules":[],"_wpseo_manager_tiered_pricing_type":"fixed","_wpseo_manager_tiered_pricing_fixed_rules":[],"_wpseo_editor_tiered_pricing_type":"fixed","_wpseo_editor_tiered_pricing_fixed_rules":[],"yoast_head":"<!-- This site is optimized with the Yoast SEO plugin v27.2 - https:\/\/yoast.com\/product\/yoast-seo-wordpress\/ -->\n<title>Buy online MMB-2201 Powder Pure Online - Cheap price, Grade A++<\/title>\n<meta name=\"description\" content=\"buy MMB-2201 Powder Online at an affordable price at stonersmeds. All products are lab qualified and have premium quality.\" \/>\n<meta name=\"robots\" content=\"index, follow, max-snippet:-1, max-image-preview:large, max-video-preview:-1\" \/>\n<link rel=\"canonical\" href=\"https:\/\/stonersmeds.com\/cs\/shop\/buy-online-mmb-2201-powder-pure-online\/\" \/>\n<meta property=\"og:locale\" content=\"cs_CZ\" \/>\n<meta property=\"og:type\" content=\"article\" \/>\n<meta property=\"og:title\" content=\"Buy online MMB-2201 Powder Pure Online - Cheap price, Grade A++\" \/>\n<meta property=\"og:description\" content=\"buy MMB-2201 Powder Online at an affordable price at stonersmeds. All products are lab qualified and have premium quality.\" \/>\n<meta property=\"og:url\" content=\"https:\/\/stonersmeds.com\/cs\/shop\/buy-online-mmb-2201-powder-pure-online\/\" \/>\n<meta property=\"og:site_name\" content=\"stonersmeds.com\" \/>\n<meta property=\"article:modified_time\" content=\"2026-02-27T21:50:12+00:00\" \/>\n<meta property=\"og:image\" content=\"https:\/\/stonersmeds.com\/wp-content\/uploads\/2022\/03\/buy-online-mmb-2201-powder-pure-online.jpg\" \/>\n\t<meta property=\"og:image:width\" content=\"600\" \/>\n\t<meta property=\"og:image:height\" content=\"600\" \/>\n\t<meta property=\"og:image:type\" content=\"image\/jpeg\" \/>\n<meta name=\"twitter:card\" content=\"summary_large_image\" \/>\n<meta name=\"twitter:label1\" content=\"Dostupnost\" \/>\n\t<meta name=\"twitter:data1\" content=\"Skladem\" \/>\n<script type=\"application\/ld+json\" class=\"yoast-schema-graph\">{\"@context\":\"https:\/\/schema.org\",\"@graph\":[{\"@type\":\"WebPage\",\"@id\":\"https:\/\/stonersmeds.com\/shop\/buy-online-mmb-2201-powder-pure-online\/\",\"url\":\"https:\/\/stonersmeds.com\/shop\/buy-online-mmb-2201-powder-pure-online\/\",\"name\":\"Buy online MMB-2201 Powder Pure Online - Cheap price, Grade A++\",\"isPartOf\":{\"@id\":\"https:\/\/stonersmeds.com\/#website\"},\"primaryImageOfPage\":{\"@id\":\"https:\/\/stonersmeds.com\/shop\/buy-online-mmb-2201-powder-pure-online\/#primaryimage\"},\"image\":{\"@id\":\"https:\/\/stonersmeds.com\/shop\/buy-online-mmb-2201-powder-pure-online\/#primaryimage\"},\"thumbnailUrl\":\"https:\/\/stonersmeds.com\/wp-content\/uploads\/2022\/03\/buy-online-mmb-2201-powder-pure-online.jpg\",\"datePublished\":\"2022-03-12T09:06:32+00:00\",\"dateModified\":\"2026-02-27T21:50:12+00:00\",\"description\":\"buy MMB-2201 Powder Online at an affordable price at stonersmeds. All products are lab qualified and have premium quality.\",\"breadcrumb\":{\"@id\":\"https:\/\/stonersmeds.com\/shop\/buy-online-mmb-2201-powder-pure-online\/#breadcrumb\"},\"inLanguage\":\"cs\",\"potentialAction\":[{\"@type\":\"ReadAction\",\"target\":[\"https:\/\/stonersmeds.com\/shop\/buy-online-mmb-2201-powder-pure-online\/\"]}]},{\"@type\":\"ImageObject\",\"inLanguage\":\"cs\",\"@id\":\"https:\/\/stonersmeds.com\/shop\/buy-online-mmb-2201-powder-pure-online\/#primaryimage\",\"url\":\"https:\/\/stonersmeds.com\/wp-content\/uploads\/2022\/03\/buy-online-mmb-2201-powder-pure-online.jpg\",\"contentUrl\":\"https:\/\/stonersmeds.com\/wp-content\/uploads\/2022\/03\/buy-online-mmb-2201-powder-pure-online.jpg\",\"width\":600,\"height\":600},{\"@type\":\"BreadcrumbList\",\"@id\":\"https:\/\/stonersmeds.com\/shop\/buy-online-mmb-2201-powder-pure-online\/#breadcrumb\",\"itemListElement\":[{\"@type\":\"ListItem\",\"position\":1,\"name\":\"Home\",\"item\":\"https:\/\/stonersmeds.com\/\"},{\"@type\":\"ListItem\",\"position\":2,\"name\":\"Shop\",\"item\":\"https:\/\/stonersmeds.com\/shop\/\"},{\"@type\":\"ListItem\",\"position\":3,\"name\":\"Buy online MMB-2201 Powder Pure Online\"}]},{\"@type\":\"WebSite\",\"@id\":\"https:\/\/stonersmeds.com\/#website\",\"url\":\"https:\/\/stonersmeds.com\/\",\"name\":\"stonersmeds.com\",\"description\":\"verschreibungspflichtige Medizin kaufen\",\"publisher\":{\"@id\":\"https:\/\/stonersmeds.com\/#organization\"},\"alternateName\":\"Research chemical shop\",\"potentialAction\":[{\"@type\":\"SearchAction\",\"target\":{\"@type\":\"EntryPoint\",\"urlTemplate\":\"https:\/\/stonersmeds.com\/?s={search_term_string}\"},\"query-input\":{\"@type\":\"PropertyValueSpecification\",\"valueRequired\":true,\"valueName\":\"search_term_string\"}}],\"inLanguage\":\"cs\"},{\"@type\":\"Organization\",\"@id\":\"https:\/\/stonersmeds.com\/#organization\",\"name\":\"Stonersmeds Shop\",\"url\":\"https:\/\/stonersmeds.com\/\",\"logo\":{\"@type\":\"ImageObject\",\"inLanguage\":\"cs\",\"@id\":\"https:\/\/stonersmeds.com\/#\/schema\/logo\/image\/\",\"url\":\"https:\/\/stonersmeds.com\/wp-content\/uploads\/2026\/02\/high-purity-DMT-powder.jpg\",\"contentUrl\":\"https:\/\/stonersmeds.com\/wp-content\/uploads\/2026\/02\/high-purity-DMT-powder.jpg\",\"width\":500,\"height\":500,\"caption\":\"Stonersmeds Shop\"},\"image\":{\"@id\":\"https:\/\/stonersmeds.com\/#\/schema\/logo\/image\/\"}}]}<\/script>\n<meta property=\"og:availability\" content=\"instock\" \/>\n<meta property=\"product:availability\" content=\"instock\" \/>\n<meta property=\"product:condition\" content=\"new\" \/>\n<!-- \/ Yoast SEO plugin. -->","yoast_head_json":{"title":"Buy online MMB-2201 Powder Pure Online - Cheap price, Grade A++","description":"buy MMB-2201 Powder Online at an affordable price at stonersmeds. All products are lab qualified and have premium quality.","robots":{"index":"index","follow":"follow","max-snippet":"max-snippet:-1","max-image-preview":"max-image-preview:large","max-video-preview":"max-video-preview:-1"},"canonical":"https:\/\/stonersmeds.com\/cs\/shop\/buy-online-mmb-2201-powder-pure-online\/","og_locale":"cs_CZ","og_type":"article","og_title":"Buy online MMB-2201 Powder Pure Online - Cheap price, Grade A++","og_description":"buy MMB-2201 Powder Online at an affordable price at stonersmeds. All products are lab qualified and have premium quality.","og_url":"https:\/\/stonersmeds.com\/cs\/shop\/buy-online-mmb-2201-powder-pure-online\/","og_site_name":"stonersmeds.com","article_modified_time":"2026-02-27T21:50:12+00:00","og_image":[{"width":600,"height":600,"url":"https:\/\/stonersmeds.com\/wp-content\/uploads\/2022\/03\/buy-online-mmb-2201-powder-pure-online.jpg","type":"image\/jpeg"}],"twitter_card":"summary_large_image","twitter_misc":{"Dostupnost":"Skladem"},"schema":{"@context":"https:\/\/schema.org","@graph":[{"@type":"WebPage","@id":"https:\/\/stonersmeds.com\/shop\/buy-online-mmb-2201-powder-pure-online\/","url":"https:\/\/stonersmeds.com\/shop\/buy-online-mmb-2201-powder-pure-online\/","name":"Buy online MMB-2201 Powder Pure Online - Cheap price, Grade A++","isPartOf":{"@id":"https:\/\/stonersmeds.com\/#website"},"primaryImageOfPage":{"@id":"https:\/\/stonersmeds.com\/shop\/buy-online-mmb-2201-powder-pure-online\/#primaryimage"},"image":{"@id":"https:\/\/stonersmeds.com\/shop\/buy-online-mmb-2201-powder-pure-online\/#primaryimage"},"thumbnailUrl":"https:\/\/stonersmeds.com\/wp-content\/uploads\/2022\/03\/buy-online-mmb-2201-powder-pure-online.jpg","datePublished":"2022-03-12T09:06:32+00:00","dateModified":"2026-02-27T21:50:12+00:00","description":"buy MMB-2201 Powder Online at an affordable price at stonersmeds. All products are lab qualified and have premium quality.","breadcrumb":{"@id":"https:\/\/stonersmeds.com\/shop\/buy-online-mmb-2201-powder-pure-online\/#breadcrumb"},"inLanguage":"cs","potentialAction":[{"@type":"ReadAction","target":["https:\/\/stonersmeds.com\/shop\/buy-online-mmb-2201-powder-pure-online\/"]}]},{"@type":"ImageObject","inLanguage":"cs","@id":"https:\/\/stonersmeds.com\/shop\/buy-online-mmb-2201-powder-pure-online\/#primaryimage","url":"https:\/\/stonersmeds.com\/wp-content\/uploads\/2022\/03\/buy-online-mmb-2201-powder-pure-online.jpg","contentUrl":"https:\/\/stonersmeds.com\/wp-content\/uploads\/2022\/03\/buy-online-mmb-2201-powder-pure-online.jpg","width":600,"height":600},{"@type":"BreadcrumbList","@id":"https:\/\/stonersmeds.com\/shop\/buy-online-mmb-2201-powder-pure-online\/#breadcrumb","itemListElement":[{"@type":"ListItem","position":1,"name":"Home","item":"https:\/\/stonersmeds.com\/"},{"@type":"ListItem","position":2,"name":"Shop","item":"https:\/\/stonersmeds.com\/shop\/"},{"@type":"ListItem","position":3,"name":"Buy online MMB-2201 Powder Pure Online"}]},{"@type":"WebSite","@id":"https:\/\/stonersmeds.com\/#website","url":"https:\/\/stonersmeds.com\/","name":"stonersmeds.com","description":"verschreibungspflichtige Medizin kaufen","publisher":{"@id":"https:\/\/stonersmeds.com\/#organization"},"alternateName":"Research chemical shop","potentialAction":[{"@type":"SearchAction","target":{"@type":"EntryPoint","urlTemplate":"https:\/\/stonersmeds.com\/?s={search_term_string}"},"query-input":{"@type":"PropertyValueSpecification","valueRequired":true,"valueName":"search_term_string"}}],"inLanguage":"cs"},{"@type":"Organization","@id":"https:\/\/stonersmeds.com\/#organization","name":"Stonersmeds Shop","url":"https:\/\/stonersmeds.com\/","logo":{"@type":"ImageObject","inLanguage":"cs","@id":"https:\/\/stonersmeds.com\/#\/schema\/logo\/image\/","url":"https:\/\/stonersmeds.com\/wp-content\/uploads\/2026\/02\/high-purity-DMT-powder.jpg","contentUrl":"https:\/\/stonersmeds.com\/wp-content\/uploads\/2026\/02\/high-purity-DMT-powder.jpg","width":500,"height":500,"caption":"Stonersmeds Shop"},"image":{"@id":"https:\/\/stonersmeds.com\/#\/schema\/logo\/image\/"}}]},"og_availability":"instock","product_availability":"instock","product_condition":"new"},"_links":{"self":[{"href":"https:\/\/stonersmeds.com\/cs\/wp-json\/wp\/v2\/product\/10655","targetHints":{"allow":["GET"]}}],"collection":[{"href":"https:\/\/stonersmeds.com\/cs\/wp-json\/wp\/v2\/product"}],"about":[{"href":"https:\/\/stonersmeds.com\/cs\/wp-json\/wp\/v2\/types\/product"}],"replies":[{"embeddable":true,"href":"https:\/\/stonersmeds.com\/cs\/wp-json\/wp\/v2\/comments?post=10655"}],"version-history":[{"count":0,"href":"https:\/\/stonersmeds.com\/cs\/wp-json\/wp\/v2\/product\/10655\/revisions"}],"wp:featuredmedia":[{"embeddable":true,"href":"https:\/\/stonersmeds.com\/cs\/wp-json\/wp\/v2\/media\/10673"}],"wp:attachment":[{"href":"https:\/\/stonersmeds.com\/cs\/wp-json\/wp\/v2\/media?parent=10655"}],"wp:term":[{"taxonomy":"product_brand","embeddable":true,"href":"https:\/\/stonersmeds.com\/cs\/wp-json\/wp\/v2\/product_brand?post=10655"},{"taxonomy":"product_cat","embeddable":true,"href":"https:\/\/stonersmeds.com\/cs\/wp-json\/wp\/v2\/product_cat?post=10655"},{"taxonomy":"product_tag","embeddable":true,"href":"https:\/\/stonersmeds.com\/cs\/wp-json\/wp\/v2\/product_tag?post=10655"},{"taxonomy":"product_brands","embeddable":true,"href":"https:\/\/stonersmeds.com\/cs\/wp-json\/wp\/v2\/product_brands?post=10655"}],"curies":[{"name":"wp","href":"https:\/\/api.w.org\/{rel}","templated":true}]}}