{"id":10777,"date":"2022-03-12T09:43:11","date_gmt":"2022-03-12T09:43:11","guid":{"rendered":"https:\/\/stonersmeds.com\/?post_type=product&#038;p=10777"},"modified":"2026-02-27T12:40:04","modified_gmt":"2026-02-27T10:40:04","slug":"buy-pure-mdma-powder-online","status":"publish","type":"product","link":"https:\/\/stonersmeds.com\/cs\/shop\/buy-pure-mdma-powder-online\/","title":{"rendered":"Koupit \u010dist\u00fd pr\u00e1\u0161ek MDMA online"},"content":{"rendered":"<h1>Koupit \u010dist\u00fd pr\u00e1\u0161ek MDMA online<\/h1>\n<p>Kupte si \u010dist\u00fd pr\u00e1\u0161ek MDMA online. MDMA (Ext\u00e1ze\/Molly) Pr\u00e1\u0161ek na prodej zde na Co se t\u00fd\u010de kvality, m\u00e1me to nejlep\u0161\u00ed.<\/p>\n<p>\u010cist\u00fd pr\u00e1\u0161ek MDMA online. Ext\u00e1ze\/Molly Powder na prodej (<a href=\"https:\/\/stonersmeds.com\/cs\/stitek-produktu\/buy-powder-online\/\">koupit Ext\u00e1ze\/Molly Powder online<\/a>)<\/p>\n<p><a href=\"https:\/\/stonersmeds.com\/cs\/shop\/buy-xtc-philipp-plein-blue-524-mg-mdma-pills-online\/\">Koupit MDMA online<\/a> (jedn\u00e1 se o 3,4-methylendioxy-metamfetamin) je psychoaktivn\u00ed droga ze skupiny methylendioxyfenetylaminov\u00fdch n\u00e1hra\u017eek a amfetaminov\u00fdch n\u00e1hra\u017eek u\u017e\u00edvan\u00e1 p\u0159edev\u0161\u00edm pro sv\u00e9 euforizuj\u00edc\u00ed a empatick\u00e9 \u00fa\u010dinky. Z farmakologick\u00e9ho hlediska, <a href=\"https:\/\/stonersmeds.com\/cs\/stitek-produktu\/buy-pure-mdma-powder\/\">Koupit \u010dist\u00fd pr\u00e1\u0161ek MDMA<\/a> MDMA p\u016fsob\u00ed jako l\u00e1tka uvol\u0148uj\u00edc\u00ed serotonin, noradrenalin a dopamin a jako inhibitor zp\u011btn\u00e9ho vychyt\u00e1v\u00e1n\u00ed. <a href=\"https:\/\/stonersmeds.com\/cs\/stitek-produktu\/where-to-buy-jwh-210-chemical-powder-online\/\">Koupit MDMA pr\u00e1\u0161ek online<\/a><\/p>\n<p>MDMA prod\u00e1van\u00e1 online je v\u0161eobecn\u011b zn\u00e1m\u00e1 jako \"ext\u00e1ze\" (zkr\u00e1cen\u011b \"E\", \"X\" nebo \"XTC\") a obvykle se vztahuje k jej\u00ed tabletov\u00e9 form\u011b, a\u010dkoli tento term\u00edn m\u016f\u017ee znamenat mo\u017enost pad\u011blan\u00e9ho dopl\u0148ku. Term\u00edn \"Mandy for sale\" ve Velk\u00e9 Brit\u00e1nii a americk\u00fd term\u00edn \"Molly for sale\" ozna\u010duj\u00ed MDMA ve form\u011b krystalick\u00e9ho pr\u00e1\u0161ku, kter\u00fd je relativn\u011b prost\u00fd pad\u011blan\u00fdch p\u0159\u00edsad. Molly m\u016f\u017ee n\u011bkdy odkazovat na p\u0159\u00edbuzn\u00e9 l\u00e9ky, jako je metylon, n\u00e1kup \u010dist\u00e9ho <a href=\"https:\/\/www.emcdda.europa.eu\/publications\/drug-profiles\/mdma_de\">MDMA<\/a> pr\u00e1\u0161ek, n\u00e1kup MDPV online, mefedron nebo dal\u0161\u00ed skupina farmakologick\u00fdch slou\u010denin zn\u00e1m\u00fdch jako koupelov\u00e9 soli.<\/p>\n<p>&nbsp;<\/p>\n<p>&nbsp;<\/p>\n<pre><strong><a href=\"https:\/\/stonersmeds.com\/cs\/stitek-produktu\/where-to-buy-pure-mdma-crystals-online\/\">Koupit \u010dist\u00fd pr\u00e1\u0161ek MDMA online<\/a> - koupit \u010dist\u00fd pr\u00e1\u0161ek MDMA , koupit \u010dist\u00fd pr\u00e1\u0161ek MDMA usa , koupit \u010dist\u00fd pr\u00e1\u0161ek MDMA online USA , kde koupit \u010dist\u00fd pr\u00e1\u0161ek MDMA , \u010dist\u00fd pr\u00e1\u0161ek MDMA na prodej, \u010dist\u00fd pr\u00e1\u0161ek MDMA na prodej v m\u00e9 bl\u00edzkosti , koupit \u010dist\u00fd pr\u00e1\u0161ek MDMA online v m\u00e9 bl\u00edzkosti , kde koupit \u010dist\u00fd pr\u00e1\u0161ek MDMA online, \u010dist\u00fd MDMA pr\u00e1\u0161ek na prodej v usa , USA, kanada,uk, koupit, online, dodavatel\u00e9, bezpe\u010dn\u00e9 dod\u00e1n\u00ed, St\u00e1le m\u016f\u017eete z\u00edskat \u010dist\u00fd MDMA pr\u00e1\u0161ek , Je \u010dist\u00fd MDMA pr\u00e1\u0161ek leg\u00e1ln\u00ed v usa, koupit \u010dist\u00fd MDMA pr\u00e1\u0161ek online usa, jak objednat \u010dist\u00fd MDMA pr\u00e1\u0161ek , Je \u010dist\u00fd MDMA pr\u00e1\u0161ek leg\u00e1ln\u00ed v Kanad\u011b<\/strong><\/pre>","protected":false},"excerpt":{"rendered":"<ul>\n<li>Koupit \u010dist\u00fd pr\u00e1\u0161ek MDMA online<\/li>\n<li>\u010cist\u00fd pr\u00e1\u0161ek MDMA online<\/li>\n<li>Extase\/Molly Powder na prodej<\/li>\n<li>\u00a0koupit Ext\u00e1ze\/Molly Powder online<\/li>\n<\/ul>\n<pre><strong>Koupit \u010dist\u00fd pr\u00e1\u0161ek MDMA online - koupit \u010dist\u00fd pr\u00e1\u0161ek MDMA, koupit \u010dist\u00fd pr\u00e1\u0161ek MDMA usa, koupit \u010dist\u00fd pr\u00e1\u0161ek MDMA online USA , Kde koupit \u010dist\u00fd pr\u00e1\u0161ek MDMA, \u010dist\u00fd pr\u00e1\u0161ek MDMA na prodej, \u010dist\u00fd pr\u00e1\u0161ek MDMA na prodej v m\u00e9m okol\u00ed, koupit \u010dist\u00fd pr\u00e1\u0161ek MDMA online v m\u00e9m okol\u00ed, kde koupit \u010dist\u00fd pr\u00e1\u0161ek MDMA online, \u010dist\u00fd pr\u00e1\u0161ek MDMA na prodej v USA, USA, Kanad\u011b, Velk\u00e9 Brit\u00e1nii, koupit, online, dodavatel\u00e9, bezpe\u010dn\u00e9 doru\u010den\u00ed, St\u00e1le m\u016f\u017eete z\u00edskat \u010dist\u00fd pr\u00e1\u0161ek MDMA, Je \u010dist\u00fd pr\u00e1\u0161ek MDMA leg\u00e1ln\u00ed v USA, koupit \u010dist\u00fd pr\u00e1\u0161ek MDMA online usa, jak objednat \u010dist\u00fd pr\u00e1\u0161ek MDMA, je \u010dist\u00fd pr\u00e1\u0161ek MDMA leg\u00e1ln\u00ed v Kanad\u011b<\/strong><\/pre>","protected":false},"featured_media":10792,"comment_status":"open","ping_status":"closed","template":"","meta":{"_bst_post_transparent":"","_bst_post_title":"","_bst_post_layout":"","_bst_post_sidebar_id":"","_bst_post_content_style":"","_bst_post_vertical_padding":"","_bst_post_feature":"","_bst_post_feature_position":"","_bst_post_header":false,"_bst_post_footer":false},"product_brand":[],"product_cat":[79],"product_tag":[186,192,188,187,190,194,191,189,193],"product_brands":[],"class_list":{"0":"post-10777","1":"product","2":"type-product","3":"status-publish","4":"has-post-thumbnail","6":"product_cat-research-chemicals-and-bath-salt","7":"product_tag-buy-pure-mdma-powder","8":"product_tag-buy-pure-mdma-powder-online-near-me","9":"product_tag-buy-pure-mdma-powder-online-usa","10":"product_tag-buy-pure-mdma-powder-usa","11":"product_tag-pure-mdma-powder-for-sale","12":"product_tag-pure-mdma-powder-for-sale-in-usa","13":"product_tag-pure-mdma-powder-for-sale-near-me","14":"product_tag-where-to-buy-pure-mdma-powder","15":"product_tag-where-to-buy-pure-mdma-powder-online","17":"first","18":"instock","19":"shipping-taxable","20":"purchasable","21":"product-type-variable","22":"entry","23":"content-bg","24":"loop-entry"},"tiered_pricing_type":"fixed","tiered_pricing_fixed_rules":[],"tiered_pricing_percentage_rules":[],"tiered_pricing_minimum":1,"_administrator_tiered_pricing_type":"fixed","_administrator_tiered_pricing_fixed_rules":[],"_editor_tiered_pricing_type":"fixed","_editor_tiered_pricing_fixed_rules":[],"_author_tiered_pricing_type":"fixed","_author_tiered_pricing_fixed_rules":[],"_contributor_tiered_pricing_type":"fixed","_contributor_tiered_pricing_fixed_rules":[],"_subscriber_tiered_pricing_type":"fixed","_subscriber_tiered_pricing_fixed_rules":[],"_customer_tiered_pricing_type":"fixed","_customer_tiered_pricing_fixed_rules":[],"_shop_manager_tiered_pricing_type":"fixed","_shop_manager_tiered_pricing_fixed_rules":[],"_wpseo_manager_tiered_pricing_type":"fixed","_wpseo_manager_tiered_pricing_fixed_rules":[],"_wpseo_editor_tiered_pricing_type":"fixed","_wpseo_editor_tiered_pricing_fixed_rules":[],"yoast_head":"<!-- This site is optimized with the Yoast SEO plugin v27.2 - https:\/\/yoast.com\/product\/yoast-seo-wordpress\/ -->\n<title>Buy pure MDMA powder online - Cheap price, Grade A++<\/title>\n<meta name=\"description\" content=\"Buy pure MDMA powder Online at an affordable price at stonersmeds. All products are lab qualified and have premium quality.\" \/>\n<meta name=\"robots\" content=\"index, follow, max-snippet:-1, max-image-preview:large, max-video-preview:-1\" \/>\n<link rel=\"canonical\" href=\"https:\/\/stonersmeds.com\/cs\/shop\/buy-pure-mdma-powder-online\/\" \/>\n<meta property=\"og:locale\" content=\"cs_CZ\" \/>\n<meta property=\"og:type\" content=\"article\" \/>\n<meta property=\"og:title\" content=\"Buy pure MDMA powder online - Cheap price, Grade A++\" \/>\n<meta property=\"og:description\" content=\"Buy pure MDMA powder Online at an affordable price at stonersmeds. All products are lab qualified and have premium quality.\" \/>\n<meta property=\"og:url\" content=\"https:\/\/stonersmeds.com\/cs\/shop\/buy-pure-mdma-powder-online\/\" \/>\n<meta property=\"og:site_name\" content=\"stonersmeds.com\" \/>\n<meta property=\"article:modified_time\" content=\"2026-02-27T10:40:04+00:00\" \/>\n<meta property=\"og:image\" content=\"https:\/\/stonersmeds.com\/wp-content\/uploads\/2022\/03\/Buy-pure-MDMA-powder-online.jpg\" \/>\n\t<meta property=\"og:image:width\" content=\"600\" \/>\n\t<meta property=\"og:image:height\" content=\"600\" \/>\n\t<meta property=\"og:image:type\" content=\"image\/jpeg\" \/>\n<meta name=\"twitter:card\" content=\"summary_large_image\" \/>\n<meta name=\"twitter:label1\" content=\"Dostupnost\" \/>\n\t<meta name=\"twitter:data1\" content=\"Skladem\" \/>\n<script type=\"application\/ld+json\" class=\"yoast-schema-graph\">{\"@context\":\"https:\/\/schema.org\",\"@graph\":[{\"@type\":\"WebPage\",\"@id\":\"https:\/\/stonersmeds.com\/sk\/shop\/buy-pure-mdma-powder-online\/\",\"url\":\"https:\/\/stonersmeds.com\/sk\/shop\/buy-pure-mdma-powder-online\/\",\"name\":\"Buy pure MDMA powder online - Cheap price, Grade A++\",\"isPartOf\":{\"@id\":\"https:\/\/stonersmeds.com\/#website\"},\"primaryImageOfPage\":{\"@id\":\"https:\/\/stonersmeds.com\/sk\/shop\/buy-pure-mdma-powder-online\/#primaryimage\"},\"image\":{\"@id\":\"https:\/\/stonersmeds.com\/sk\/shop\/buy-pure-mdma-powder-online\/#primaryimage\"},\"thumbnailUrl\":\"https:\/\/stonersmeds.com\/wp-content\/uploads\/2022\/03\/Buy-pure-MDMA-powder-online.jpg\",\"datePublished\":\"2022-03-12T09:43:11+00:00\",\"dateModified\":\"2026-02-27T10:40:04+00:00\",\"description\":\"Buy pure MDMA powder Online at an affordable price at stonersmeds. All products are lab qualified and have premium quality.\",\"breadcrumb\":{\"@id\":\"https:\/\/stonersmeds.com\/sk\/shop\/buy-pure-mdma-powder-online\/#breadcrumb\"},\"inLanguage\":\"cs\",\"potentialAction\":[{\"@type\":\"ReadAction\",\"target\":[\"https:\/\/stonersmeds.com\/sk\/shop\/buy-pure-mdma-powder-online\/\"]}]},{\"@type\":\"ImageObject\",\"inLanguage\":\"cs\",\"@id\":\"https:\/\/stonersmeds.com\/sk\/shop\/buy-pure-mdma-powder-online\/#primaryimage\",\"url\":\"https:\/\/stonersmeds.com\/wp-content\/uploads\/2022\/03\/Buy-pure-MDMA-powder-online.jpg\",\"contentUrl\":\"https:\/\/stonersmeds.com\/wp-content\/uploads\/2022\/03\/Buy-pure-MDMA-powder-online.jpg\",\"width\":600,\"height\":600},{\"@type\":\"BreadcrumbList\",\"@id\":\"https:\/\/stonersmeds.com\/sk\/shop\/buy-pure-mdma-powder-online\/#breadcrumb\",\"itemListElement\":[{\"@type\":\"ListItem\",\"position\":1,\"name\":\"Home\",\"item\":\"https:\/\/stonersmeds.com\/\"},{\"@type\":\"ListItem\",\"position\":2,\"name\":\"Shop\",\"item\":\"https:\/\/stonersmeds.com\/shop\/\"},{\"@type\":\"ListItem\",\"position\":3,\"name\":\"Buy pure MDMA powder online\"}]},{\"@type\":\"WebSite\",\"@id\":\"https:\/\/stonersmeds.com\/#website\",\"url\":\"https:\/\/stonersmeds.com\/\",\"name\":\"stonersmeds.com\",\"description\":\"verschreibungspflichtige Medizin kaufen\",\"publisher\":{\"@id\":\"https:\/\/stonersmeds.com\/#organization\"},\"alternateName\":\"Research chemical shop\",\"potentialAction\":[{\"@type\":\"SearchAction\",\"target\":{\"@type\":\"EntryPoint\",\"urlTemplate\":\"https:\/\/stonersmeds.com\/?s={search_term_string}\"},\"query-input\":{\"@type\":\"PropertyValueSpecification\",\"valueRequired\":true,\"valueName\":\"search_term_string\"}}],\"inLanguage\":\"cs\"},{\"@type\":\"Organization\",\"@id\":\"https:\/\/stonersmeds.com\/#organization\",\"name\":\"Stonersmeds Shop\",\"url\":\"https:\/\/stonersmeds.com\/\",\"logo\":{\"@type\":\"ImageObject\",\"inLanguage\":\"cs\",\"@id\":\"https:\/\/stonersmeds.com\/#\/schema\/logo\/image\/\",\"url\":\"https:\/\/stonersmeds.com\/wp-content\/uploads\/2026\/02\/high-purity-DMT-powder.jpg\",\"contentUrl\":\"https:\/\/stonersmeds.com\/wp-content\/uploads\/2026\/02\/high-purity-DMT-powder.jpg\",\"width\":500,\"height\":500,\"caption\":\"Stonersmeds Shop\"},\"image\":{\"@id\":\"https:\/\/stonersmeds.com\/#\/schema\/logo\/image\/\"}}]}<\/script>\n<meta property=\"og:availability\" content=\"instock\" \/>\n<meta property=\"product:availability\" content=\"instock\" \/>\n<meta property=\"product:condition\" content=\"new\" \/>\n<!-- \/ Yoast SEO plugin. -->","yoast_head_json":{"title":"Kupte si \u010dist\u00fd pr\u00e1\u0161ek MDMA online \u2013 levn\u00e1 cena, t\u0159\u00edda A++","description":"Kupte si \u010dist\u00fd pr\u00e1\u0161ek MDMA online za dostupnou cenu u stonersmeds. V\u0161echny produkty jsou kvalifikovan\u00e9 v laborato\u0159i a maj\u00ed pr\u00e9miovou kvalitu.","robots":{"index":"index","follow":"follow","max-snippet":"max-snippet:-1","max-image-preview":"max-image-preview:large","max-video-preview":"max-video-preview:-1"},"canonical":"https:\/\/stonersmeds.com\/cs\/shop\/buy-pure-mdma-powder-online\/","og_locale":"cs_CZ","og_type":"article","og_title":"Buy pure MDMA powder online - Cheap price, Grade A++","og_description":"Buy pure MDMA powder Online at an affordable price at stonersmeds. All products are lab qualified and have premium quality.","og_url":"https:\/\/stonersmeds.com\/cs\/shop\/buy-pure-mdma-powder-online\/","og_site_name":"stonersmeds.com","article_modified_time":"2026-02-27T10:40:04+00:00","og_image":[{"width":600,"height":600,"url":"https:\/\/stonersmeds.com\/wp-content\/uploads\/2022\/03\/Buy-pure-MDMA-powder-online.jpg","type":"image\/jpeg"}],"twitter_card":"summary_large_image","twitter_misc":{"Dostupnost":"Skladem"},"schema":{"@context":"https:\/\/schema.org","@graph":[{"@type":"WebPage","@id":"https:\/\/stonersmeds.com\/sk\/shop\/buy-pure-mdma-powder-online\/","url":"https:\/\/stonersmeds.com\/sk\/shop\/buy-pure-mdma-powder-online\/","name":"Kupte si \u010dist\u00fd pr\u00e1\u0161ek MDMA online \u2013 levn\u00e1 cena, t\u0159\u00edda A++","isPartOf":{"@id":"https:\/\/stonersmeds.com\/#website"},"primaryImageOfPage":{"@id":"https:\/\/stonersmeds.com\/sk\/shop\/buy-pure-mdma-powder-online\/#primaryimage"},"image":{"@id":"https:\/\/stonersmeds.com\/sk\/shop\/buy-pure-mdma-powder-online\/#primaryimage"},"thumbnailUrl":"https:\/\/stonersmeds.com\/wp-content\/uploads\/2022\/03\/Buy-pure-MDMA-powder-online.jpg","datePublished":"2022-03-12T09:43:11+00:00","dateModified":"2026-02-27T10:40:04+00:00","description":"Kupte si \u010dist\u00fd pr\u00e1\u0161ek MDMA online za dostupnou cenu u stonersmeds. V\u0161echny produkty jsou kvalifikovan\u00e9 v laborato\u0159i a maj\u00ed pr\u00e9miovou kvalitu.","breadcrumb":{"@id":"https:\/\/stonersmeds.com\/sk\/shop\/buy-pure-mdma-powder-online\/#breadcrumb"},"inLanguage":"cs","potentialAction":[{"@type":"ReadAction","target":["https:\/\/stonersmeds.com\/sk\/shop\/buy-pure-mdma-powder-online\/"]}]},{"@type":"ImageObject","inLanguage":"cs","@id":"https:\/\/stonersmeds.com\/sk\/shop\/buy-pure-mdma-powder-online\/#primaryimage","url":"https:\/\/stonersmeds.com\/wp-content\/uploads\/2022\/03\/Buy-pure-MDMA-powder-online.jpg","contentUrl":"https:\/\/stonersmeds.com\/wp-content\/uploads\/2022\/03\/Buy-pure-MDMA-powder-online.jpg","width":600,"height":600},{"@type":"BreadcrumbList","@id":"https:\/\/stonersmeds.com\/sk\/shop\/buy-pure-mdma-powder-online\/#breadcrumb","itemListElement":[{"@type":"ListItem","position":1,"name":"Home","item":"https:\/\/stonersmeds.com\/"},{"@type":"ListItem","position":2,"name":"Shop","item":"https:\/\/stonersmeds.com\/shop\/"},{"@type":"ListItem","position":3,"name":"Buy pure MDMA powder online"}]},{"@type":"WebSite","@id":"https:\/\/stonersmeds.com\/#website","url":"https:\/\/stonersmeds.com\/","name":"stonersmeds.com","description":"verschreibungspflichtige Medizin kaufen","publisher":{"@id":"https:\/\/stonersmeds.com\/#organization"},"alternateName":"Research chemical shop","potentialAction":[{"@type":"SearchAction","target":{"@type":"EntryPoint","urlTemplate":"https:\/\/stonersmeds.com\/?s={search_term_string}"},"query-input":{"@type":"PropertyValueSpecification","valueRequired":true,"valueName":"search_term_string"}}],"inLanguage":"cs"},{"@type":"Organization","@id":"https:\/\/stonersmeds.com\/#organization","name":"Stonersmeds Shop","url":"https:\/\/stonersmeds.com\/","logo":{"@type":"ImageObject","inLanguage":"cs","@id":"https:\/\/stonersmeds.com\/#\/schema\/logo\/image\/","url":"https:\/\/stonersmeds.com\/wp-content\/uploads\/2026\/02\/high-purity-DMT-powder.jpg","contentUrl":"https:\/\/stonersmeds.com\/wp-content\/uploads\/2026\/02\/high-purity-DMT-powder.jpg","width":500,"height":500,"caption":"Stonersmeds Shop"},"image":{"@id":"https:\/\/stonersmeds.com\/#\/schema\/logo\/image\/"}}]},"og_availability":"instock","product_availability":"instock","product_condition":"new"},"_links":{"self":[{"href":"https:\/\/stonersmeds.com\/cs\/wp-json\/wp\/v2\/product\/10777","targetHints":{"allow":["GET"]}}],"collection":[{"href":"https:\/\/stonersmeds.com\/cs\/wp-json\/wp\/v2\/product"}],"about":[{"href":"https:\/\/stonersmeds.com\/cs\/wp-json\/wp\/v2\/types\/product"}],"replies":[{"embeddable":true,"href":"https:\/\/stonersmeds.com\/cs\/wp-json\/wp\/v2\/comments?post=10777"}],"version-history":[{"count":0,"href":"https:\/\/stonersmeds.com\/cs\/wp-json\/wp\/v2\/product\/10777\/revisions"}],"wp:featuredmedia":[{"embeddable":true,"href":"https:\/\/stonersmeds.com\/cs\/wp-json\/wp\/v2\/media\/10792"}],"wp:attachment":[{"href":"https:\/\/stonersmeds.com\/cs\/wp-json\/wp\/v2\/media?parent=10777"}],"wp:term":[{"taxonomy":"product_brand","embeddable":true,"href":"https:\/\/stonersmeds.com\/cs\/wp-json\/wp\/v2\/product_brand?post=10777"},{"taxonomy":"product_cat","embeddable":true,"href":"https:\/\/stonersmeds.com\/cs\/wp-json\/wp\/v2\/product_cat?post=10777"},{"taxonomy":"product_tag","embeddable":true,"href":"https:\/\/stonersmeds.com\/cs\/wp-json\/wp\/v2\/product_tag?post=10777"},{"taxonomy":"product_brands","embeddable":true,"href":"https:\/\/stonersmeds.com\/cs\/wp-json\/wp\/v2\/product_brands?post=10777"}],"curies":[{"name":"wp","href":"https:\/\/api.w.org\/{rel}","templated":true}]}}