{"id":10779,"date":"2022-03-12T09:43:14","date_gmt":"2022-03-12T09:43:14","guid":{"rendered":"https:\/\/stonersmeds.com\/?post_type=product&#038;p=10779"},"modified":"2026-03-01T03:40:45","modified_gmt":"2026-03-01T01:40:45","slug":"buy-pure-quality-sextacy-powder-online","status":"publish","type":"product","link":"https:\/\/stonersmeds.com\/cs\/shop\/buy-pure-quality-sextacy-powder-online\/","title":{"rendered":"Kupte si Pure Quality Sextacy Powder online"},"content":{"rendered":"<h1>Kupte si \u010dist\u00fd kvalitn\u00ed pr\u00e1\u0161ek Sextacy online.<\/h1>\n<p>KOUPIT SEXTACY PR\u00c1\u0160EK<\/p>\n<p>Koupit <a href=\"https:\/\/stonersmeds.com\/cs\/stitek-produktu\/where-to-buy-pure-quality-sextacy-powder-online\/\">sextacy pr\u00e1\u0161ek velkoobchod online<\/a><\/p>\n<p><a href=\"https:\/\/www.oxfordreference.com\/display\/10.1093\/oi\/authority.20110803100457799;jsessionid=143A7FAE640BC0C92A81638B570B480C\">Sextacy pr\u00e1\u0161ek<\/a> je zcela nov\u00fd a vzru\u0161uj\u00edc\u00ed produkt, kter\u00fd je k dispozici ke koupi.<br \/>\n\u00da\u010dinnou slo\u017ekou p\u0159\u00edpravku Sextacy je a-PVP a tento p\u0159\u00edpravek je k dispozici pouze ve form\u011b pr\u00e1\u0161ku!<\/p>\n<p>S\u00edla 5\/5. Vysok\u00e1 <a href=\"https:\/\/stonersmeds.com\/cs\/stitek-produktu\/is-pure-quality-al-lad-10-mg-powder-legal-in-canada\/\">kvalitn\u00ed leg\u00e1ln\u00ed pr\u00e1\u0161ek Sextacy Ultimate<\/a>.<br \/>\nP\u0159ipojte se k laborato\u0159i s t\u00edmto nov\u00fdm exkluzivn\u00edm produktem.<\/p>\n<div><\/div>\n<div><\/div>\n<pre><\/pre>","protected":false},"excerpt":{"rendered":"<p>Kupte si \u010dist\u00fd kvalitn\u00ed pr\u00e1\u0161ek Sextacy online. \u00da\u010dinnou slo\u017ekou p\u0159\u00edpravku Sextacy je a-PVP a tento p\u0159\u00edpravek je dod\u00e1v\u00e1n pouze ve form\u011b pr\u00e1\u0161ku!<\/p>\n<pre><strong>Buy Pure Quality Sextacy Powder Online - koupit \u010dist\u00fd kvalitn\u00ed pr\u00e1\u0161ek Sextacy , koupit \u010dist\u00fd kvalitn\u00ed pr\u00e1\u0161ek Sextacy usa , koupit \u010dist\u00fd kvalitn\u00ed pr\u00e1\u0161ek Sextacy online USA , kde koupit \u010dist\u00fd kvalitn\u00ed pr\u00e1\u0161ek Sextacy , \u010dist\u00fd kvalitn\u00ed pr\u00e1\u0161ek Sextacy na prodej, \u010dist\u00fd kvalitn\u00ed pr\u00e1\u0161ek Sextacy na prodej bl\u00edzko m\u011b , koupit \u010dist\u00fd kvalitn\u00ed pr\u00e1\u0161ek Sextacy online bl\u00edzko m\u011b, kde koupit Pure Quality Sextacy Powder online , Pure Quality Sextacy Powder na prodej v usa , USA, kanada,uk, koupit, online, dodavatel\u00e9, bezpe\u010dn\u00e9 doru\u010den\u00ed, st\u00e1le m\u016f\u017eete z\u00edskat Pure Quality Sextacy Powder , je Pure Quality Sextacy Powder leg\u00e1ln\u00ed v usa, koupit Pure Quality Sextacy Powder online usa, jak objednat Pure Quality Sextacy Powder , je Pure Quality Sextacy Powder leg\u00e1ln\u00ed v Kanad\u011b.<\/strong><\/pre>","protected":false},"featured_media":10793,"comment_status":"open","ping_status":"closed","template":"","meta":{"_bst_post_transparent":"","_bst_post_title":"","_bst_post_layout":"","_bst_post_sidebar_id":"","_bst_post_content_style":"","_bst_post_vertical_padding":"","_bst_post_feature":"","_bst_post_feature_position":"","_bst_post_header":false,"_bst_post_footer":false},"product_brand":[],"product_cat":[79],"product_tag":[750,746,745,755,756,754,748,752,749,747,751,753],"product_brands":[],"class_list":{"0":"post-10779","1":"product","2":"type-product","3":"status-publish","4":"has-post-thumbnail","6":"product_cat-research-chemicals-and-bath-salt","7":"product_tag-buy-pure-quality-sextacy-powder-online-near-me","8":"product_tag-buy-pure-quality-sextacy-powder-online-usa","9":"product_tag-buy-pure-quality-sextacy-powder-usa","10":"product_tag-how-to-order-pure-quality-sextacy-powder","11":"product_tag-is-pure-quality-sextacy-powder-legal-in-canada","12":"product_tag-is-pure-quality-sextacy-powder-legal-in-usa","13":"product_tag-pure-quality-sextacy-powder-for-sale","14":"product_tag-pure-quality-sextacy-powder-for-sale-in-usa","15":"product_tag-pure-quality-sextacy-powder-for-sale-near-me","16":"product_tag-where-to-buy-pure-quality-sextacy-powder","17":"product_tag-where-to-buy-pure-quality-sextacy-powder-online","18":"product_tag-you-can-still-get-pure-quality-sextacy-powder","20":"first","21":"instock","22":"shipping-taxable","23":"purchasable","24":"product-type-variable","25":"entry","26":"content-bg","27":"loop-entry"},"tiered_pricing_type":"fixed","tiered_pricing_fixed_rules":[],"tiered_pricing_percentage_rules":[],"tiered_pricing_minimum":1,"_administrator_tiered_pricing_type":"fixed","_administrator_tiered_pricing_fixed_rules":[],"_editor_tiered_pricing_type":"fixed","_editor_tiered_pricing_fixed_rules":[],"_author_tiered_pricing_type":"fixed","_author_tiered_pricing_fixed_rules":[],"_contributor_tiered_pricing_type":"fixed","_contributor_tiered_pricing_fixed_rules":[],"_subscriber_tiered_pricing_type":"fixed","_subscriber_tiered_pricing_fixed_rules":[],"_customer_tiered_pricing_type":"fixed","_customer_tiered_pricing_fixed_rules":[],"_shop_manager_tiered_pricing_type":"fixed","_shop_manager_tiered_pricing_fixed_rules":[],"_wpseo_manager_tiered_pricing_type":"fixed","_wpseo_manager_tiered_pricing_fixed_rules":[],"_wpseo_editor_tiered_pricing_type":"fixed","_wpseo_editor_tiered_pricing_fixed_rules":[],"yoast_head":"<!-- This site is optimized with the Yoast SEO plugin v27.2 - https:\/\/yoast.com\/product\/yoast-seo-wordpress\/ -->\n<title>Buy Pure Quality Sextacy Powder Online - Cheap price, Grade A++<\/title>\n<meta name=\"description\" content=\"Buy Pure Quality Sextacy Powder Online at an affordable price at stonersmeds. All products are lab qualified and have premium quality.\" \/>\n<meta name=\"robots\" content=\"index, follow, max-snippet:-1, max-image-preview:large, max-video-preview:-1\" \/>\n<link rel=\"canonical\" href=\"https:\/\/stonersmeds.com\/cs\/shop\/buy-pure-quality-sextacy-powder-online\/\" \/>\n<meta property=\"og:locale\" content=\"cs_CZ\" \/>\n<meta property=\"og:type\" content=\"article\" \/>\n<meta property=\"og:title\" content=\"Buy Pure Quality Sextacy Powder Online - Cheap price, Grade A++\" \/>\n<meta property=\"og:description\" content=\"Buy Pure Quality Sextacy Powder Online at an affordable price at stonersmeds. All products are lab qualified and have premium quality.\" \/>\n<meta property=\"og:url\" content=\"https:\/\/stonersmeds.com\/cs\/shop\/buy-pure-quality-sextacy-powder-online\/\" \/>\n<meta property=\"og:site_name\" content=\"stonersmeds.com\" \/>\n<meta property=\"article:modified_time\" content=\"2026-03-01T01:40:45+00:00\" \/>\n<meta property=\"og:image\" content=\"https:\/\/stonersmeds.com\/wp-content\/uploads\/2022\/03\/buy-pure-quality-sextacy-powder-online.jpg\" \/>\n\t<meta property=\"og:image:width\" content=\"600\" \/>\n\t<meta property=\"og:image:height\" content=\"600\" \/>\n\t<meta property=\"og:image:type\" content=\"image\/jpeg\" \/>\n<meta name=\"twitter:card\" content=\"summary_large_image\" \/>\n<meta name=\"twitter:label1\" content=\"Dostupnost\" \/>\n\t<meta name=\"twitter:data1\" content=\"Skladem\" \/>\n<script type=\"application\/ld+json\" class=\"yoast-schema-graph\">{\"@context\":\"https:\/\/schema.org\",\"@graph\":[{\"@type\":\"WebPage\",\"@id\":\"https:\/\/stonersmeds.com\/shop\/buy-pure-quality-sextacy-powder-online\/\",\"url\":\"https:\/\/stonersmeds.com\/shop\/buy-pure-quality-sextacy-powder-online\/\",\"name\":\"Buy Pure Quality Sextacy Powder Online - Cheap price, Grade A++\",\"isPartOf\":{\"@id\":\"https:\/\/stonersmeds.com\/#website\"},\"primaryImageOfPage\":{\"@id\":\"https:\/\/stonersmeds.com\/shop\/buy-pure-quality-sextacy-powder-online\/#primaryimage\"},\"image\":{\"@id\":\"https:\/\/stonersmeds.com\/shop\/buy-pure-quality-sextacy-powder-online\/#primaryimage\"},\"thumbnailUrl\":\"https:\/\/stonersmeds.com\/wp-content\/uploads\/2022\/03\/buy-pure-quality-sextacy-powder-online.jpg\",\"datePublished\":\"2022-03-12T09:43:14+00:00\",\"dateModified\":\"2026-03-01T01:40:45+00:00\",\"description\":\"Buy Pure Quality Sextacy Powder Online at an affordable price at stonersmeds. All products are lab qualified and have premium quality.\",\"breadcrumb\":{\"@id\":\"https:\/\/stonersmeds.com\/shop\/buy-pure-quality-sextacy-powder-online\/#breadcrumb\"},\"inLanguage\":\"cs\",\"potentialAction\":[{\"@type\":\"ReadAction\",\"target\":[\"https:\/\/stonersmeds.com\/shop\/buy-pure-quality-sextacy-powder-online\/\"]}]},{\"@type\":\"ImageObject\",\"inLanguage\":\"cs\",\"@id\":\"https:\/\/stonersmeds.com\/shop\/buy-pure-quality-sextacy-powder-online\/#primaryimage\",\"url\":\"https:\/\/stonersmeds.com\/wp-content\/uploads\/2022\/03\/buy-pure-quality-sextacy-powder-online.jpg\",\"contentUrl\":\"https:\/\/stonersmeds.com\/wp-content\/uploads\/2022\/03\/buy-pure-quality-sextacy-powder-online.jpg\",\"width\":600,\"height\":600},{\"@type\":\"BreadcrumbList\",\"@id\":\"https:\/\/stonersmeds.com\/shop\/buy-pure-quality-sextacy-powder-online\/#breadcrumb\",\"itemListElement\":[{\"@type\":\"ListItem\",\"position\":1,\"name\":\"Home\",\"item\":\"https:\/\/stonersmeds.com\/\"},{\"@type\":\"ListItem\",\"position\":2,\"name\":\"Shop\",\"item\":\"https:\/\/stonersmeds.com\/shop\/\"},{\"@type\":\"ListItem\",\"position\":3,\"name\":\"Buy Pure Quality Sextacy Powder Online\"}]},{\"@type\":\"WebSite\",\"@id\":\"https:\/\/stonersmeds.com\/#website\",\"url\":\"https:\/\/stonersmeds.com\/\",\"name\":\"stonersmeds.com\",\"description\":\"verschreibungspflichtige Medizin kaufen\",\"publisher\":{\"@id\":\"https:\/\/stonersmeds.com\/#organization\"},\"alternateName\":\"Research chemical shop\",\"potentialAction\":[{\"@type\":\"SearchAction\",\"target\":{\"@type\":\"EntryPoint\",\"urlTemplate\":\"https:\/\/stonersmeds.com\/?s={search_term_string}\"},\"query-input\":{\"@type\":\"PropertyValueSpecification\",\"valueRequired\":true,\"valueName\":\"search_term_string\"}}],\"inLanguage\":\"cs\"},{\"@type\":\"Organization\",\"@id\":\"https:\/\/stonersmeds.com\/#organization\",\"name\":\"Stonersmeds Shop\",\"url\":\"https:\/\/stonersmeds.com\/\",\"logo\":{\"@type\":\"ImageObject\",\"inLanguage\":\"cs\",\"@id\":\"https:\/\/stonersmeds.com\/#\/schema\/logo\/image\/\",\"url\":\"https:\/\/stonersmeds.com\/wp-content\/uploads\/2026\/02\/high-purity-DMT-powder.jpg\",\"contentUrl\":\"https:\/\/stonersmeds.com\/wp-content\/uploads\/2026\/02\/high-purity-DMT-powder.jpg\",\"width\":500,\"height\":500,\"caption\":\"Stonersmeds Shop\"},\"image\":{\"@id\":\"https:\/\/stonersmeds.com\/#\/schema\/logo\/image\/\"}}]}<\/script>\n<meta property=\"og:availability\" content=\"instock\" \/>\n<meta property=\"product:availability\" content=\"instock\" \/>\n<meta property=\"product:condition\" content=\"new\" \/>\n<!-- \/ Yoast SEO plugin. -->","yoast_head_json":{"title":"Koupit \u010dist\u00fd kvalitn\u00ed pr\u00e1\u0161ek Sextacy online - levn\u00e1 cena, t\u0159\u00edda A ++","description":"Kupte si \u010dist\u00fd levn\u00fd efenidinov\u00fd pr\u00e1\u0161ek online za dostupnou cenu u stonersmeds. V\u0161echny produkty jsou kvalifikovan\u00e9 v laborato\u0159i a maj\u00ed pr\u00e9miovou kvalitu.","robots":{"index":"index","follow":"follow","max-snippet":"max-snippet:-1","max-image-preview":"max-image-preview:large","max-video-preview":"max-video-preview:-1"},"canonical":"https:\/\/stonersmeds.com\/cs\/shop\/buy-pure-quality-sextacy-powder-online\/","og_locale":"cs_CZ","og_type":"article","og_title":"Buy Pure Quality Sextacy Powder Online - Cheap price, Grade A++","og_description":"Buy Pure Quality Sextacy Powder Online at an affordable price at stonersmeds. All products are lab qualified and have premium quality.","og_url":"https:\/\/stonersmeds.com\/cs\/shop\/buy-pure-quality-sextacy-powder-online\/","og_site_name":"stonersmeds.com","article_modified_time":"2026-03-01T01:40:45+00:00","og_image":[{"width":600,"height":600,"url":"https:\/\/stonersmeds.com\/wp-content\/uploads\/2022\/03\/buy-pure-quality-sextacy-powder-online.jpg","type":"image\/jpeg"}],"twitter_card":"summary_large_image","twitter_misc":{"Dostupnost":"Skladem"},"schema":{"@context":"https:\/\/schema.org","@graph":[{"@type":"WebPage","@id":"https:\/\/stonersmeds.com\/shop\/buy-pure-quality-sextacy-powder-online\/","url":"https:\/\/stonersmeds.com\/shop\/buy-pure-quality-sextacy-powder-online\/","name":"Koupit \u010dist\u00fd kvalitn\u00ed pr\u00e1\u0161ek Sextacy online - levn\u00e1 cena, t\u0159\u00edda A ++","isPartOf":{"@id":"https:\/\/stonersmeds.com\/#website"},"primaryImageOfPage":{"@id":"https:\/\/stonersmeds.com\/shop\/buy-pure-quality-sextacy-powder-online\/#primaryimage"},"image":{"@id":"https:\/\/stonersmeds.com\/shop\/buy-pure-quality-sextacy-powder-online\/#primaryimage"},"thumbnailUrl":"https:\/\/stonersmeds.com\/wp-content\/uploads\/2022\/03\/buy-pure-quality-sextacy-powder-online.jpg","datePublished":"2022-03-12T09:43:14+00:00","dateModified":"2026-03-01T01:40:45+00:00","description":"Kupte si \u010dist\u00fd levn\u00fd efenidinov\u00fd pr\u00e1\u0161ek online za dostupnou cenu u stonersmeds. V\u0161echny produkty jsou kvalifikovan\u00e9 v laborato\u0159i a maj\u00ed pr\u00e9miovou kvalitu.","breadcrumb":{"@id":"https:\/\/stonersmeds.com\/shop\/buy-pure-quality-sextacy-powder-online\/#breadcrumb"},"inLanguage":"cs","potentialAction":[{"@type":"ReadAction","target":["https:\/\/stonersmeds.com\/shop\/buy-pure-quality-sextacy-powder-online\/"]}]},{"@type":"ImageObject","inLanguage":"cs","@id":"https:\/\/stonersmeds.com\/shop\/buy-pure-quality-sextacy-powder-online\/#primaryimage","url":"https:\/\/stonersmeds.com\/wp-content\/uploads\/2022\/03\/buy-pure-quality-sextacy-powder-online.jpg","contentUrl":"https:\/\/stonersmeds.com\/wp-content\/uploads\/2022\/03\/buy-pure-quality-sextacy-powder-online.jpg","width":600,"height":600},{"@type":"BreadcrumbList","@id":"https:\/\/stonersmeds.com\/shop\/buy-pure-quality-sextacy-powder-online\/#breadcrumb","itemListElement":[{"@type":"ListItem","position":1,"name":"Home","item":"https:\/\/stonersmeds.com\/"},{"@type":"ListItem","position":2,"name":"Shop","item":"https:\/\/stonersmeds.com\/shop\/"},{"@type":"ListItem","position":3,"name":"Buy Pure Quality Sextacy Powder Online"}]},{"@type":"WebSite","@id":"https:\/\/stonersmeds.com\/#website","url":"https:\/\/stonersmeds.com\/","name":"stonersmeds.com","description":"verschreibungspflichtige Medizin kaufen","publisher":{"@id":"https:\/\/stonersmeds.com\/#organization"},"alternateName":"Research chemical shop","potentialAction":[{"@type":"SearchAction","target":{"@type":"EntryPoint","urlTemplate":"https:\/\/stonersmeds.com\/?s={search_term_string}"},"query-input":{"@type":"PropertyValueSpecification","valueRequired":true,"valueName":"search_term_string"}}],"inLanguage":"cs"},{"@type":"Organization","@id":"https:\/\/stonersmeds.com\/#organization","name":"Stonersmeds Shop","url":"https:\/\/stonersmeds.com\/","logo":{"@type":"ImageObject","inLanguage":"cs","@id":"https:\/\/stonersmeds.com\/#\/schema\/logo\/image\/","url":"https:\/\/stonersmeds.com\/wp-content\/uploads\/2026\/02\/high-purity-DMT-powder.jpg","contentUrl":"https:\/\/stonersmeds.com\/wp-content\/uploads\/2026\/02\/high-purity-DMT-powder.jpg","width":500,"height":500,"caption":"Stonersmeds Shop"},"image":{"@id":"https:\/\/stonersmeds.com\/#\/schema\/logo\/image\/"}}]},"og_availability":"instock","product_availability":"instock","product_condition":"new"},"_links":{"self":[{"href":"https:\/\/stonersmeds.com\/cs\/wp-json\/wp\/v2\/product\/10779","targetHints":{"allow":["GET"]}}],"collection":[{"href":"https:\/\/stonersmeds.com\/cs\/wp-json\/wp\/v2\/product"}],"about":[{"href":"https:\/\/stonersmeds.com\/cs\/wp-json\/wp\/v2\/types\/product"}],"replies":[{"embeddable":true,"href":"https:\/\/stonersmeds.com\/cs\/wp-json\/wp\/v2\/comments?post=10779"}],"version-history":[{"count":0,"href":"https:\/\/stonersmeds.com\/cs\/wp-json\/wp\/v2\/product\/10779\/revisions"}],"wp:featuredmedia":[{"embeddable":true,"href":"https:\/\/stonersmeds.com\/cs\/wp-json\/wp\/v2\/media\/10793"}],"wp:attachment":[{"href":"https:\/\/stonersmeds.com\/cs\/wp-json\/wp\/v2\/media?parent=10779"}],"wp:term":[{"taxonomy":"product_brand","embeddable":true,"href":"https:\/\/stonersmeds.com\/cs\/wp-json\/wp\/v2\/product_brand?post=10779"},{"taxonomy":"product_cat","embeddable":true,"href":"https:\/\/stonersmeds.com\/cs\/wp-json\/wp\/v2\/product_cat?post=10779"},{"taxonomy":"product_tag","embeddable":true,"href":"https:\/\/stonersmeds.com\/cs\/wp-json\/wp\/v2\/product_tag?post=10779"},{"taxonomy":"product_brands","embeddable":true,"href":"https:\/\/stonersmeds.com\/cs\/wp-json\/wp\/v2\/product_brands?post=10779"}],"curies":[{"name":"wp","href":"https:\/\/api.w.org\/{rel}","templated":true}]}}