{"id":11146,"date":"2022-03-31T10:44:59","date_gmt":"2022-03-31T10:44:59","guid":{"rendered":"https:\/\/stonersmeds.com\/?post_type=product&#038;p=11146"},"modified":"2026-03-01T07:00:42","modified_gmt":"2026-03-01T05:00:42","slug":"psilocybe-mexicana","status":"publish","type":"product","link":"https:\/\/stonersmeds.com\/cs\/shop\/psilocybe-mexicana\/","title":{"rendered":"Psilocybe Mexicana"},"content":{"rendered":"<h1>Koupit Psilocybe Mexicana online<\/h1>\n<p>Psilocybe mexicana je jedn\u00edm z nejzn\u00e1m\u011bj\u0161\u00edch a nejobl\u00edben\u011bj\u0161\u00edch druh\u016f kouzeln\u00fdch lan\u00fd\u017e\u016f. Domorod\u00ed obyvatel\u00e9 Ji\u017en\u00ed Ameriky pou\u017e\u00edvaj\u00ed Psilocybe Mexicana p\u0159i duchovn\u00edch ritu\u00e1lech ji\u017e tis\u00edce let. P\u0159ich\u00e1z\u00ed s velmi p\u0159\u00edjemn\u00fdm a h\u0159ejiv\u00fdm v\u00fdletem, na kter\u00fd se rychle nezapom\u00edn\u00e1. Tento druh je ide\u00e1ln\u00ed pro za\u010d\u00e1te\u010dn\u00edky, proto\u017ee nen\u00ed p\u0159\u00edli\u0161 siln\u00fd.<\/p>\n<p>Psilocybe mexicana objevil v roce 1958 americk\u00fd mykolog Robert Watson. T\u00edm chci \u0159\u00edci, \u017ee od t\u00e9 chv\u00edle s n\u00ed za\u010dali experimentovat lid\u00e9 ze z\u00e1padn\u00edho sv\u011bta. Proto\u017ee Mayov\u00e9, Azt\u00e9kov\u00e9 a nejr\u016fzn\u011bj\u0161\u00ed dal\u0161\u00ed skupiny obyvatel ze St\u0159edn\u00ed a Ji\u017en\u00ed Ameriky tuto houbu pou\u017e\u00edvali po tis\u00edce let a pro jej\u00ed siln\u00e9 \u00fa\u010dinky ji naz\u00fdvali \"maso boh\u016f\".<\/p>\n<p>Psilocybe Mexicana je p\u0159edm\u011btem mnoha studi\u00ed. Kr\u00e1sn\u00fd je cit\u00e1t psychologa Timothyho Learyho, kter\u00fd se specializoval na psychedelick\u00e9 drogy, po u\u017eit\u00ed Psilocybe Mexicana: \"Za \u010dty\u0159i hodiny jsem se dozv\u011bd\u011bl o mysli, mozku a jeho struktur\u00e1ch v\u00edce ne\u017e za p\u0159edchoz\u00edch 15 let pr\u00e1ce piln\u00e9ho psychologa.\"<\/p>\n<p>Jsem si jist\u00e1, \u017ee po pou\u017eit\u00ed t\u011bchto lan\u00fd\u017e\u016f za\u017eijete tak\u00e9 n\u011bco v\u00fdjime\u010dn\u00e9ho. Jedn\u00e1 se o nejm\u00edrn\u011bj\u0161\u00ed druh z na\u0161eho sortimentu, ale nem\u011bli byste ho podce\u0148ovat. Mezi nejd\u016fle\u017eit\u011bj\u0161\u00ed \u00fa\u010dinky Psilocybe Mexicana pat\u0159\u00ed lehk\u00e1 euforie, radostn\u00e9 srdce a zost\u0159en\u00e9 vn\u00edm\u00e1n\u00ed. Ide\u00e1ln\u00ed je vz\u00edt si ji s p\u0159\u00e1teli, proto\u017ee trip nen\u00ed tak intenzivn\u00ed.<\/p>\n<p>Psilocybe Mexicana Na prodej online<\/p>\n<p>Koupit psychedelika online<\/p>","protected":false},"excerpt":{"rendered":"<table id=\"productfeatures\">\n<tbody>\n<tr>\n<td width=\"26%\"><strong>S\u00edla:<\/strong><\/td>\n<td>N\u00edzk\u00e1\/st\u0159edn\u00ed, ide\u00e1ln\u00ed pro p\u0159\u00e1tele<\/td>\n<\/tr>\n<tr>\n<td width=\"26%\"><strong>\u00da\u010dinek:<\/strong><\/td>\n<td>Lehk\u00fd euforick\u00fd pocit, radostn\u00e9 srdce a zost\u0159en\u00e9 vn\u00edm\u00e1n\u00ed.<\/td>\n<\/tr>\n<tr>\n<td width=\"26%\"><strong>Obsah:<\/strong><\/td>\n<td>1 vakuov\u011b uzav\u0159en\u00fd s\u00e1\u010dek obsahuj\u00edc\u00ed 15 gram\u016f lan\u00fd\u017e\u016f<\/td>\n<\/tr>\n<\/tbody>\n<\/table>\n<p>Koupit Psilocybe Mexicana online<\/p>\n<p>Psychedelika na prodej<\/p>","protected":false},"featured_media":11147,"comment_status":"open","ping_status":"closed","template":"","meta":{"_bst_post_transparent":"","_bst_post_title":"","_bst_post_layout":"","_bst_post_sidebar_id":"","_bst_post_content_style":"","_bst_post_vertical_padding":"","_bst_post_feature":"","_bst_post_feature_position":"","_bst_post_header":false,"_bst_post_footer":false},"product_brand":[],"product_cat":[1264],"product_tag":[1289,1288,1301,1300,1292,1291,1299,1295,1290,1297,1298,1293,1296,1294],"product_brands":[],"class_list":{"0":"post-11146","1":"product","2":"type-product","3":"status-publish","4":"has-post-thumbnail","6":"product_cat-psilocybin-or-magic-mushrooms","7":"product_tag-buy-psilocybe-cubensis-liquid-culture","8":"product_tag-buy-psilocybe-oregon","9":"product_tag-mexican-mushroom-strain","10":"product_tag-mexican-mushroom-tacos","11":"product_tag-mexican-psilocybe-mushroom","12":"product_tag-psilocybe-mexicana","13":"product_tag-psilocybe-mexicana-effects","14":"product_tag-psilocybe-mexicana-lookalikes","15":"product_tag-psilocybe-mexicana-mushroom","16":"product_tag-psilocybe-mexicana-potency","17":"product_tag-psilocybe-mexicana-sclerotia","18":"product_tag-psilocybe-mexicana-shroomery","19":"product_tag-psilocybe-mexicana-spore-print","20":"product_tag-psilocybe-mexicana-vs-cubensis","22":"first","23":"instock","24":"shipping-taxable","25":"purchasable","26":"product-type-variable","27":"entry","28":"content-bg","29":"loop-entry"},"tiered_pricing_type":"fixed","tiered_pricing_fixed_rules":[],"tiered_pricing_percentage_rules":[],"tiered_pricing_minimum":1,"_administrator_tiered_pricing_type":"fixed","_administrator_tiered_pricing_fixed_rules":[],"_editor_tiered_pricing_type":"fixed","_editor_tiered_pricing_fixed_rules":[],"_author_tiered_pricing_type":"fixed","_author_tiered_pricing_fixed_rules":[],"_contributor_tiered_pricing_type":"fixed","_contributor_tiered_pricing_fixed_rules":[],"_subscriber_tiered_pricing_type":"fixed","_subscriber_tiered_pricing_fixed_rules":[],"_customer_tiered_pricing_type":"fixed","_customer_tiered_pricing_fixed_rules":[],"_shop_manager_tiered_pricing_type":"fixed","_shop_manager_tiered_pricing_fixed_rules":[],"_wpseo_manager_tiered_pricing_type":"fixed","_wpseo_manager_tiered_pricing_fixed_rules":[],"_wpseo_editor_tiered_pricing_type":"fixed","_wpseo_editor_tiered_pricing_fixed_rules":[],"yoast_head":"<!-- This site is optimized with the Yoast SEO plugin v27.2 - https:\/\/yoast.com\/product\/yoast-seo-wordpress\/ -->\n<title>Psilocybe Mexicana - stonersmeds.com<\/title>\n<meta name=\"description\" content=\"Buy Psilocybe mexicana online. Psilocybe mexicana for sale. Discreet shipping. Order shrooms with us and enjoy a trippy way of life.\" \/>\n<meta name=\"robots\" content=\"index, follow, max-snippet:-1, max-image-preview:large, max-video-preview:-1\" \/>\n<link rel=\"canonical\" href=\"https:\/\/stonersmeds.com\/cs\/shop\/psilocybe-mexicana\/\" \/>\n<meta property=\"og:locale\" content=\"cs_CZ\" \/>\n<meta property=\"og:type\" content=\"article\" \/>\n<meta property=\"og:title\" content=\"Psilocybe Mexicana - stonersmeds.com\" \/>\n<meta property=\"og:description\" content=\"Buy Psilocybe mexicana online. Psilocybe mexicana for sale. Discreet shipping. Order shrooms with us and enjoy a trippy way of life.\" \/>\n<meta property=\"og:url\" content=\"https:\/\/stonersmeds.com\/cs\/shop\/psilocybe-mexicana\/\" \/>\n<meta property=\"og:site_name\" content=\"stonersmeds.com\" \/>\n<meta property=\"article:modified_time\" content=\"2026-03-01T05:00:42+00:00\" \/>\n<meta property=\"og:image\" content=\"https:\/\/stonersmeds.com\/wp-content\/uploads\/2022\/03\/psilocybe-mexicanapsilocybin-or-magic-mushrooms.jpg\" \/>\n\t<meta property=\"og:image:width\" content=\"800\" \/>\n\t<meta property=\"og:image:height\" content=\"800\" \/>\n\t<meta property=\"og:image:type\" content=\"image\/jpeg\" \/>\n<meta name=\"twitter:card\" content=\"summary_large_image\" \/>\n<meta name=\"twitter:label1\" content=\"Dostupnost\" \/>\n\t<meta name=\"twitter:data1\" content=\"Skladem\" \/>\n<script type=\"application\/ld+json\" class=\"yoast-schema-graph\">{\"@context\":\"https:\/\/schema.org\",\"@graph\":[{\"@type\":\"WebPage\",\"@id\":\"https:\/\/stonersmeds.com\/shop\/psilocybe-mexicana\/\",\"url\":\"https:\/\/stonersmeds.com\/shop\/psilocybe-mexicana\/\",\"name\":\"Psilocybe Mexicana - stonersmeds.com\",\"isPartOf\":{\"@id\":\"https:\/\/stonersmeds.com\/#website\"},\"primaryImageOfPage\":{\"@id\":\"https:\/\/stonersmeds.com\/shop\/psilocybe-mexicana\/#primaryimage\"},\"image\":{\"@id\":\"https:\/\/stonersmeds.com\/shop\/psilocybe-mexicana\/#primaryimage\"},\"thumbnailUrl\":\"https:\/\/stonersmeds.com\/wp-content\/uploads\/2022\/03\/psilocybe-mexicanapsilocybin-or-magic-mushrooms.jpg\",\"datePublished\":\"2022-03-31T10:44:59+00:00\",\"dateModified\":\"2026-03-01T05:00:42+00:00\",\"description\":\"Buy Psilocybe mexicana online. Psilocybe mexicana for sale. Discreet shipping. Order shrooms with us and enjoy a trippy way of life.\",\"breadcrumb\":{\"@id\":\"https:\/\/stonersmeds.com\/shop\/psilocybe-mexicana\/#breadcrumb\"},\"inLanguage\":\"cs\",\"potentialAction\":[{\"@type\":\"ReadAction\",\"target\":[\"https:\/\/stonersmeds.com\/shop\/psilocybe-mexicana\/\"]}]},{\"@type\":\"ImageObject\",\"inLanguage\":\"cs\",\"@id\":\"https:\/\/stonersmeds.com\/shop\/psilocybe-mexicana\/#primaryimage\",\"url\":\"https:\/\/stonersmeds.com\/wp-content\/uploads\/2022\/03\/psilocybe-mexicanapsilocybin-or-magic-mushrooms.jpg\",\"contentUrl\":\"https:\/\/stonersmeds.com\/wp-content\/uploads\/2022\/03\/psilocybe-mexicanapsilocybin-or-magic-mushrooms.jpg\",\"width\":800,\"height\":800},{\"@type\":\"BreadcrumbList\",\"@id\":\"https:\/\/stonersmeds.com\/shop\/psilocybe-mexicana\/#breadcrumb\",\"itemListElement\":[{\"@type\":\"ListItem\",\"position\":1,\"name\":\"Home\",\"item\":\"https:\/\/stonersmeds.com\/\"},{\"@type\":\"ListItem\",\"position\":2,\"name\":\"Shop\",\"item\":\"https:\/\/stonersmeds.com\/shop\/\"},{\"@type\":\"ListItem\",\"position\":3,\"name\":\"Psilocybe Mexicana\"}]},{\"@type\":\"WebSite\",\"@id\":\"https:\/\/stonersmeds.com\/#website\",\"url\":\"https:\/\/stonersmeds.com\/\",\"name\":\"stonersmeds.com\",\"description\":\"verschreibungspflichtige Medizin kaufen\",\"publisher\":{\"@id\":\"https:\/\/stonersmeds.com\/#organization\"},\"alternateName\":\"Research chemical shop\",\"potentialAction\":[{\"@type\":\"SearchAction\",\"target\":{\"@type\":\"EntryPoint\",\"urlTemplate\":\"https:\/\/stonersmeds.com\/?s={search_term_string}\"},\"query-input\":{\"@type\":\"PropertyValueSpecification\",\"valueRequired\":true,\"valueName\":\"search_term_string\"}}],\"inLanguage\":\"cs\"},{\"@type\":\"Organization\",\"@id\":\"https:\/\/stonersmeds.com\/#organization\",\"name\":\"Stonersmeds Shop\",\"url\":\"https:\/\/stonersmeds.com\/\",\"logo\":{\"@type\":\"ImageObject\",\"inLanguage\":\"cs\",\"@id\":\"https:\/\/stonersmeds.com\/#\/schema\/logo\/image\/\",\"url\":\"https:\/\/stonersmeds.com\/wp-content\/uploads\/2026\/02\/high-purity-DMT-powder.jpg\",\"contentUrl\":\"https:\/\/stonersmeds.com\/wp-content\/uploads\/2026\/02\/high-purity-DMT-powder.jpg\",\"width\":500,\"height\":500,\"caption\":\"Stonersmeds Shop\"},\"image\":{\"@id\":\"https:\/\/stonersmeds.com\/#\/schema\/logo\/image\/\"}}]}<\/script>\n<meta property=\"og:availability\" content=\"instock\" \/>\n<meta property=\"product:availability\" content=\"instock\" \/>\n<meta property=\"product:condition\" content=\"new\" \/>\n<!-- \/ Yoast SEO plugin. -->","yoast_head_json":{"title":"Psilocybe Mexicana - stonersmeds.com","description":"Koupit Psilocybe mexicana online. Psilocybe mexicana na prodej. Diskr\u00e9tn\u00ed doprava. Objednejte si u n\u00e1s houby a u\u017eijte si trippy zp\u016fsob \u017eivota.","robots":{"index":"index","follow":"follow","max-snippet":"max-snippet:-1","max-image-preview":"max-image-preview:large","max-video-preview":"max-video-preview:-1"},"canonical":"https:\/\/stonersmeds.com\/cs\/shop\/psilocybe-mexicana\/","og_locale":"cs_CZ","og_type":"article","og_title":"Psilocybe Mexicana - stonersmeds.com","og_description":"Buy Psilocybe mexicana online. Psilocybe mexicana for sale. Discreet shipping. Order shrooms with us and enjoy a trippy way of life.","og_url":"https:\/\/stonersmeds.com\/cs\/shop\/psilocybe-mexicana\/","og_site_name":"stonersmeds.com","article_modified_time":"2026-03-01T05:00:42+00:00","og_image":[{"width":800,"height":800,"url":"https:\/\/stonersmeds.com\/wp-content\/uploads\/2022\/03\/psilocybe-mexicanapsilocybin-or-magic-mushrooms.jpg","type":"image\/jpeg"}],"twitter_card":"summary_large_image","twitter_misc":{"Dostupnost":"Skladem"},"schema":{"@context":"https:\/\/schema.org","@graph":[{"@type":"WebPage","@id":"https:\/\/stonersmeds.com\/shop\/psilocybe-mexicana\/","url":"https:\/\/stonersmeds.com\/shop\/psilocybe-mexicana\/","name":"Psilocybe Mexicana - stonersmeds.com","isPartOf":{"@id":"https:\/\/stonersmeds.com\/#website"},"primaryImageOfPage":{"@id":"https:\/\/stonersmeds.com\/shop\/psilocybe-mexicana\/#primaryimage"},"image":{"@id":"https:\/\/stonersmeds.com\/shop\/psilocybe-mexicana\/#primaryimage"},"thumbnailUrl":"https:\/\/stonersmeds.com\/wp-content\/uploads\/2022\/03\/psilocybe-mexicanapsilocybin-or-magic-mushrooms.jpg","datePublished":"2022-03-31T10:44:59+00:00","dateModified":"2026-03-01T05:00:42+00:00","description":"Koupit Psilocybe mexicana online. Psilocybe mexicana na prodej. Diskr\u00e9tn\u00ed doprava. Objednejte si u n\u00e1s houby a u\u017eijte si trippy zp\u016fsob \u017eivota.","breadcrumb":{"@id":"https:\/\/stonersmeds.com\/shop\/psilocybe-mexicana\/#breadcrumb"},"inLanguage":"cs","potentialAction":[{"@type":"ReadAction","target":["https:\/\/stonersmeds.com\/shop\/psilocybe-mexicana\/"]}]},{"@type":"ImageObject","inLanguage":"cs","@id":"https:\/\/stonersmeds.com\/shop\/psilocybe-mexicana\/#primaryimage","url":"https:\/\/stonersmeds.com\/wp-content\/uploads\/2022\/03\/psilocybe-mexicanapsilocybin-or-magic-mushrooms.jpg","contentUrl":"https:\/\/stonersmeds.com\/wp-content\/uploads\/2022\/03\/psilocybe-mexicanapsilocybin-or-magic-mushrooms.jpg","width":800,"height":800},{"@type":"BreadcrumbList","@id":"https:\/\/stonersmeds.com\/shop\/psilocybe-mexicana\/#breadcrumb","itemListElement":[{"@type":"ListItem","position":1,"name":"Home","item":"https:\/\/stonersmeds.com\/"},{"@type":"ListItem","position":2,"name":"Shop","item":"https:\/\/stonersmeds.com\/shop\/"},{"@type":"ListItem","position":3,"name":"Psilocybe Mexicana"}]},{"@type":"WebSite","@id":"https:\/\/stonersmeds.com\/#website","url":"https:\/\/stonersmeds.com\/","name":"stonersmeds.com","description":"verschreibungspflichtige Medizin kaufen","publisher":{"@id":"https:\/\/stonersmeds.com\/#organization"},"alternateName":"Research chemical shop","potentialAction":[{"@type":"SearchAction","target":{"@type":"EntryPoint","urlTemplate":"https:\/\/stonersmeds.com\/?s={search_term_string}"},"query-input":{"@type":"PropertyValueSpecification","valueRequired":true,"valueName":"search_term_string"}}],"inLanguage":"cs"},{"@type":"Organization","@id":"https:\/\/stonersmeds.com\/#organization","name":"Stonersmeds Shop","url":"https:\/\/stonersmeds.com\/","logo":{"@type":"ImageObject","inLanguage":"cs","@id":"https:\/\/stonersmeds.com\/#\/schema\/logo\/image\/","url":"https:\/\/stonersmeds.com\/wp-content\/uploads\/2026\/02\/high-purity-DMT-powder.jpg","contentUrl":"https:\/\/stonersmeds.com\/wp-content\/uploads\/2026\/02\/high-purity-DMT-powder.jpg","width":500,"height":500,"caption":"Stonersmeds Shop"},"image":{"@id":"https:\/\/stonersmeds.com\/#\/schema\/logo\/image\/"}}]},"og_availability":"instock","product_availability":"instock","product_condition":"new"},"_links":{"self":[{"href":"https:\/\/stonersmeds.com\/cs\/wp-json\/wp\/v2\/product\/11146","targetHints":{"allow":["GET"]}}],"collection":[{"href":"https:\/\/stonersmeds.com\/cs\/wp-json\/wp\/v2\/product"}],"about":[{"href":"https:\/\/stonersmeds.com\/cs\/wp-json\/wp\/v2\/types\/product"}],"replies":[{"embeddable":true,"href":"https:\/\/stonersmeds.com\/cs\/wp-json\/wp\/v2\/comments?post=11146"}],"version-history":[{"count":0,"href":"https:\/\/stonersmeds.com\/cs\/wp-json\/wp\/v2\/product\/11146\/revisions"}],"wp:featuredmedia":[{"embeddable":true,"href":"https:\/\/stonersmeds.com\/cs\/wp-json\/wp\/v2\/media\/11147"}],"wp:attachment":[{"href":"https:\/\/stonersmeds.com\/cs\/wp-json\/wp\/v2\/media?parent=11146"}],"wp:term":[{"taxonomy":"product_brand","embeddable":true,"href":"https:\/\/stonersmeds.com\/cs\/wp-json\/wp\/v2\/product_brand?post=11146"},{"taxonomy":"product_cat","embeddable":true,"href":"https:\/\/stonersmeds.com\/cs\/wp-json\/wp\/v2\/product_cat?post=11146"},{"taxonomy":"product_tag","embeddable":true,"href":"https:\/\/stonersmeds.com\/cs\/wp-json\/wp\/v2\/product_tag?post=11146"},{"taxonomy":"product_brands","embeddable":true,"href":"https:\/\/stonersmeds.com\/cs\/wp-json\/wp\/v2\/product_brands?post=11146"}],"curies":[{"name":"wp","href":"https:\/\/api.w.org\/{rel}","templated":true}]}}