{"id":8616,"date":"2022-03-11T06:05:16","date_gmt":"2022-03-11T06:05:16","guid":{"rendered":"https:\/\/stonersmeds.com\/?post_type=product&#038;p=8616"},"modified":"2026-02-25T01:20:35","modified_gmt":"2026-02-24T23:20:35","slug":"buy-crack-cocaine-online","status":"publish","type":"product","link":"https:\/\/stonersmeds.com\/cs\/shop\/buy-crack-cocaine-online\/","title":{"rendered":"Kupte si crackov\u00fd kokain online"},"content":{"rendered":"<h1><b>Kupte si crackov\u00fd kokain<\/b><\/h1>\n<p>Crack kokain je forma kokainu, kter\u00e1 se tak\u00e9 naz\u00fdv\u00e1 z\u00e1kladn\u00ed voln\u00e1 forma. Poskytuje vysok\u00e9 \u00fa\u010dinky na t\u011blo u\u017eivatele a t\u00edm se c\u00edt\u00ed uvoln\u011bn\u011bj\u0161\u00ed. Lid\u00e9 rychle upadli do z\u00e1vislosti na t\u00e9to form\u011b. To je pro\u010d; naz\u00fdv\u00e1 se tak\u00e9 nejz\u00e1vislej\u0161\u00ed formou kokainu.<\/p>\n<p>Lid\u00e9 ji v\u011bt\u0161inou kou\u0159ili, ale mohou ji pou\u017e\u00edvat i jin\u00fdmi zp\u016fsoby. Crack kokain byl poprv\u00e9 vyroben v letech 1984 a 1985, aby se pou\u017e\u00edval jako rekrea\u010dn\u00ed droga. Ale v posledn\u00edch letech se jeho pou\u017eit\u00ed velmi rychle roz\u0161\u00ed\u0159ilo ve v\u0161ech oblastech \u017eivota d\u00edky jeho mnoha funkc\u00edm. online crack, kde koupit crack, leg\u00e1ln\u00ed crack, crack online<\/p>\n<p>Pro svou rychlou popularitu je tak\u00e9 zn\u00e1m\u00e1 jako Crack epidemie.<\/p>\n<p>Vyr\u00e1b\u00ed se chemicky sm\u00edch\u00e1n\u00edm r\u016fzn\u00fdch z\u00e1klad\u016f s dal\u0161\u00edmi p\u0159\u00edsadami pro zv\u00fd\u0161en\u00ed jeho \u00fa\u010dinku. Dosahuje a\u017e k lidsk\u00e9 mysli, aby na n\u00ed provedl po\u017eadovan\u00e9 akce, kdy\u017e je kou\u0159en. Tato forma kokainu poskytuje lidsk\u00e9mu mozku intenzivn\u00ed po\u017eitek na kr\u00e1tkou dobu.<\/p>\n<p>Zp\u016fsob, kter\u00fdm m\u016f\u017ee b\u00fdt p\u0159ijat tak\u00e9 p\u0159\u00edmo nosem, se naz\u00fdv\u00e1 smrk\u00e1n\u00ed. Ale v takov\u00e9 m\u00ed\u0159e to nen\u00ed \u0161kodliv\u00e9. U\u017eivatel m\u016f\u017ee propadnout z\u00e1vislosti, kdy\u017e je kou\u0159\u00ed. Ale v druh\u00e9m p\u0159\u00edpad\u011b je velmi mal\u00e1 pravd\u011bpodobnost, \u017ee se stanete z\u00e1visl\u00fdm na t\u00e9to vysoce \u00fa\u010dinn\u00e9 droze.<\/p>\n<p>Crack kokain je jednou z nej\u010dist\u0161\u00edch forem, ve kter\u00fdch se kokain vyskytuje. M\u00e1 \u010distotu 70-100%, kter\u00e1 m\u016f\u017ee b\u00fdt \u0161kodliv\u00e1 pro lidsk\u00e9 zdrav\u00ed, pokud se pou\u017e\u00edv\u00e1 po dlouhou dobu. Tento typ kokainu je pojmenov\u00e1n jako Crack, proto\u017ee p\u0159i zah\u0159\u00edv\u00e1n\u00ed vyd\u00e1v\u00e1 zvuk za \u00fa\u010delem v\u00fdroby r\u016fzn\u00fdch produkt\u016f.<\/p>\n<p>D\u016fvodem jeho popularity v tak obrovsk\u00e9 m\u00ed\u0159e je to, \u017ee je k dispozici za velmi n\u00edzkou cenu. Pravideln\u00fd kokain je tak\u00e9 pojmenov\u00e1n jako\u00a0<b>\"droga pro bohat\u00e9\"<\/b>\u00a0proto\u017ee se prod\u00e1v\u00e1 za velmi vysok\u00e9 ceny. Crack Cocaine je na druhou stranu snadno dostupn\u00fd pro ka\u017ed\u00e9ho.<\/p>\n<h3>$70 za gram a crack kokain.<\/h3>\n<p>Jak pos\u00edl\u00e1me bal\u00ed\u010dky?<br \/>\nKupte si crack online a z\u00edskejte diskr\u00e9tn\u00ed doru\u010den\u00ed po cel\u00e9m sv\u011bt\u011b. Bal\u00ed\u010dky pe\u010dliv\u011b bal\u00edme do wolframov\u00fdch a karbonov\u00fdch pap\u00edr\u016f, abychom pro\u0161li celn\u00edmi rentgenov\u00fdmi p\u0159\u00edstroji na leti\u0161t\u00edch. Bal\u00ed\u010dky jsou kr\u00e1sn\u011b zabalen\u00e9 s d\u00e1rkov\u00fdmi pap\u00edry zven\u010d\u00ed.<\/p>\n<p>cena produktu je: za gram<br \/>\n<strong>Minim\u00e1ln\u00ed objednan\u00e9 mno\u017estv\u00ed je: 2 gramy<\/strong><\/p>\n<p>Je k dispozici t\u00e9m\u011b\u0159 v ka\u017ed\u00e9m internetov\u00e9m obchod\u011b. N\u00e1\u0161 internetov\u00fd obchod se tak\u00e9 zab\u00fdv\u00e1 za velmi n\u00edzk\u00e9 ceny. Tento produkt si m\u016f\u017eete zakoupit a z\u00edskat rychl\u00e9 dod\u00e1n\u00ed produktu a\u017e k v\u00e1m dom\u016f.c<\/p>\n<p><a href=\"https:\/\/stonersmeds.com\/cs\/kategorie-produktu\/cocaine\/\">https:\/\/stonersmeds.com\/product-category\/cocaine\/<\/a><\/p>\n<blockquote class=\"wp-embedded-content\" data-secret=\"Ux82VA29Ss\"><p><a href=\"https:\/\/stonersmeds.com\/cs\/shop\/buy-bio-cocaine-86\/\">Kupte si Bio Cocaine 86%<\/a><\/p><\/blockquote>\n<p><iframe class=\"wp-embedded-content\" sandbox=\"allow-scripts\" security=\"restricted\" style=\"position: absolute; visibility: hidden;\" title=\"&quot;Koupit Bio Kokain 86%&quot; - stonersmeds.com\" src=\"https:\/\/stonersmeds.com\/shop\/buy-bio-cocaine-86\/embed\/#?secret=X43AyYOnvF#?secret=Ux82VA29Ss\" data-secret=\"Ux82VA29Ss\" width=\"600\" height=\"338\" frameborder=\"0\" marginwidth=\"0\" marginheight=\"0\" scrolling=\"no\"><\/iframe><\/p>\n<blockquote class=\"wp-embedded-content\" data-secret=\"T0Nn8AUwFa\"><p><a href=\"https:\/\/stonersmeds.com\/cs\/shop\/buy-pure-colombian-cocaine-96-pure\/\">Kupte si \u010dist\u00fd kolumbijsk\u00fd kokain 96% Pure<\/a><\/p><\/blockquote>\n<p><iframe class=\"wp-embedded-content\" sandbox=\"allow-scripts\" security=\"restricted\" style=\"position: absolute; visibility: hidden;\" title=\"&quot;Koupit \u010dist\u00fd kolumbijsk\u00fd kokain 96% Pure&quot; - stonersmeds.com\" src=\"https:\/\/stonersmeds.com\/shop\/buy-pure-colombian-cocaine-96-pure\/embed\/#?secret=YPas3lunK0#?secret=T0Nn8AUwFa\" data-secret=\"T0Nn8AUwFa\" width=\"600\" height=\"338\" frameborder=\"0\" marginwidth=\"0\" marginheight=\"0\" scrolling=\"no\"><\/iframe><\/p>\n<pre><strong>Koupit crackov\u00fd kokain online \u2013 koupit crackov\u00fd kokain, koupit crackov\u00fd kokain, koupit kokain online, Kde koupit crackov\u00fd kokain, crackov\u00fd kokain na prodej, Kokain na prodej, koupit kokain online, kde koupit kokain online, crackov\u00fd kokain na prodej v USA, USA , kanada, uk, koupit, online, dodavatel\u00e9, bezpe\u010dn\u00e9 doru\u010den\u00ed, st\u00e1le m\u016f\u017eete z\u00edskat crackov\u00fd kokain, je crackov\u00fd kokain leg\u00e1ln\u00ed v USA, koupit crackov\u00fd kokain online usa, jak objednat crackov\u00fd kokain, je crackov\u00fd kokain leg\u00e1ln\u00ed v Kanad\u011b<\/strong><\/pre>","protected":false},"excerpt":{"rendered":"<p>Nejlep\u0161\u00ed crack kokain na prodej online. Nab\u00edz\u00edme v\u00e1m crack za v\u00fdhodn\u00e9 ceny. Objednejte nyn\u00ed!<\/p>\n<p><strong>Nakupujte l\u00e9ky online za \u00fa\u017easn\u00e9 velkoobchodn\u00ed ceny!!!<\/strong><\/p>\n<p>&nbsp;<\/p>\n<pre><strong>Koupit crackov\u00fd kokain online \u2013 koupit crackov\u00fd kokain, koupit crackov\u00fd kokain, koupit kokain online, Kde koupit crackov\u00fd kokain, crackov\u00fd kokain na prodej, Kokain na prodej, koupit kokain online, kde koupit kokain online, crackov\u00fd kokain na prodej v USA, USA , kanada, uk, koupit, online, dodavatel\u00e9, bezpe\u010dn\u00e9 doru\u010den\u00ed, st\u00e1le m\u016f\u017eete z\u00edskat crackov\u00fd kokain, je crackov\u00fd kokain leg\u00e1ln\u00ed v USA, koupit crackov\u00fd kokain online usa, jak objednat crackov\u00fd kokain, je crackov\u00fd kokain leg\u00e1ln\u00ed v Kanad\u011b<\/strong><\/pre>","protected":false},"featured_media":8621,"comment_status":"closed","ping_status":"closed","template":"","meta":{"_bst_post_transparent":"","_bst_post_title":"","_bst_post_layout":"","_bst_post_sidebar_id":"","_bst_post_content_style":"","_bst_post_vertical_padding":"","_bst_post_feature":"","_bst_post_feature_position":"","_bst_post_header":false,"_bst_post_footer":false},"product_brand":[],"product_cat":[72],"product_tag":[101,105,128,98,127,89,97,102,130,132,90,93,95,94,141,96,137,99,103,91,92,100,139,138,135,133,104,131,129,140],"product_brands":[],"class_list":{"0":"post-8616","1":"product","2":"type-product","3":"status-publish","4":"has-post-thumbnail","6":"product_cat-cocaine","7":"product_tag-bolivian-cocaine-for-sale","8":"product_tag-buy-adhd-pills-online","9":"product_tag-buy-cocaine-online","10":"product_tag-buy-cocaine-powder-online","11":"product_tag-buy-crack-cocaine","12":"product_tag-cheap-cocaine","13":"product_tag-cocaine-for-sale","14":"product_tag-colombian-cocaine-for-sale","15":"product_tag-crack-cocaine-for-sale","16":"product_tag-crack-cocaine-for-sale-in-usa","17":"product_tag-crack-for-sale","18":"product_tag-drugs-online","19":"product_tag-dutchanonstore","20":"product_tag-gogaine","21":"product_tag-is-crack-cocaine-legal-in-usa","22":"product_tag-legal-cocaine","23":"product_tag-online","24":"product_tag-order-volkswagen-cocaine-online","25":"product_tag-peruvian-cocaine-for-sale","26":"product_tag-pure-cocaine","27":"product_tag-pure-coke-shop","28":"product_tag-pure-peruvian-cocaine-for-sale","29":"product_tag-safe-delivery","30":"product_tag-suppliers","31":"product_tag-uk","32":"product_tag-usa","33":"product_tag-where-to-buy-bio-cocaine","34":"product_tag-where-to-buy-cocaine-online","35":"product_tag-where-to-buy-crack-cocaine","36":"product_tag-you-can-still-get-crack-cocaine","38":"first","39":"instock","40":"shipping-taxable","41":"purchasable","42":"product-type-simple","43":"entry","44":"content-bg","45":"loop-entry"},"tiered_pricing_type":"fixed","tiered_pricing_fixed_rules":{"8":"35","20":"30","50":"17","100":"15","250":"13","500":"10","1000":"8"},"tiered_pricing_percentage_rules":[],"tiered_pricing_minimum":1,"_administrator_tiered_pricing_type":"fixed","_administrator_tiered_pricing_fixed_rules":[],"_editor_tiered_pricing_type":"fixed","_editor_tiered_pricing_fixed_rules":[],"_author_tiered_pricing_type":"fixed","_author_tiered_pricing_fixed_rules":[],"_contributor_tiered_pricing_type":"fixed","_contributor_tiered_pricing_fixed_rules":[],"_subscriber_tiered_pricing_type":"fixed","_subscriber_tiered_pricing_fixed_rules":[],"_customer_tiered_pricing_type":"fixed","_customer_tiered_pricing_fixed_rules":[],"_shop_manager_tiered_pricing_type":"fixed","_shop_manager_tiered_pricing_fixed_rules":[],"_wpseo_manager_tiered_pricing_type":"fixed","_wpseo_manager_tiered_pricing_fixed_rules":[],"_wpseo_editor_tiered_pricing_type":"fixed","_wpseo_editor_tiered_pricing_fixed_rules":[],"yoast_head":"<!-- This site is optimized with the Yoast SEO plugin v27.2 - https:\/\/yoast.com\/product\/yoast-seo-wordpress\/ -->\n<title>Buy Crack Cocaine Online - fast and safe delivery<\/title>\n<meta name=\"description\" content=\"Buy Crack Cocaine, Order safely &amp; maintain your privacy No prescription necessary Discreet standard shipping at Low prices.\" \/>\n<meta name=\"robots\" content=\"index, follow, max-snippet:-1, max-image-preview:large, max-video-preview:-1\" \/>\n<link rel=\"canonical\" href=\"https:\/\/stonersmeds.com\/cs\/shop\/buy-crack-cocaine-online\/\" \/>\n<meta property=\"og:locale\" content=\"cs_CZ\" \/>\n<meta property=\"og:type\" content=\"article\" \/>\n<meta property=\"og:title\" content=\"Buy Crack Cocaine Online - fast and safe delivery\" \/>\n<meta property=\"og:description\" content=\"Buy Crack Cocaine, Order safely &amp; maintain your privacy No prescription necessary Discreet standard shipping at Low prices.\" \/>\n<meta property=\"og:url\" content=\"https:\/\/stonersmeds.com\/cs\/shop\/buy-crack-cocaine-online\/\" \/>\n<meta property=\"og:site_name\" content=\"stonersmeds.com\" \/>\n<meta property=\"article:modified_time\" content=\"2026-02-24T23:20:35+00:00\" \/>\n<meta property=\"og:image\" content=\"https:\/\/stonersmeds.com\/wp-content\/uploads\/2022\/03\/buy-volkswagen-cocaine-online-90-pure.jpg\" \/>\n\t<meta property=\"og:image:width\" content=\"600\" \/>\n\t<meta property=\"og:image:height\" content=\"600\" \/>\n\t<meta property=\"og:image:type\" content=\"image\/jpeg\" \/>\n<meta name=\"twitter:card\" content=\"summary_large_image\" \/>\n<meta name=\"twitter:label1\" content=\"Cena\" \/>\n\t<meta name=\"twitter:data1\" content=\"35&#036;\" \/>\n\t<meta name=\"twitter:label2\" content=\"Dostupnost\" \/>\n\t<meta name=\"twitter:data2\" content=\"Skladem\" \/>\n<script type=\"application\/ld+json\" class=\"yoast-schema-graph\">{\"@context\":\"https:\/\/schema.org\",\"@graph\":[{\"@type\":\"WebPage\",\"@id\":\"https:\/\/stonersmeds.com\/shop\/buy-crack-cocaine-online\/\",\"url\":\"https:\/\/stonersmeds.com\/shop\/buy-crack-cocaine-online\/\",\"name\":\"Buy Crack Cocaine Online - fast and safe delivery\",\"isPartOf\":{\"@id\":\"https:\/\/stonersmeds.com\/#website\"},\"primaryImageOfPage\":{\"@id\":\"https:\/\/stonersmeds.com\/shop\/buy-crack-cocaine-online\/#primaryimage\"},\"image\":{\"@id\":\"https:\/\/stonersmeds.com\/shop\/buy-crack-cocaine-online\/#primaryimage\"},\"thumbnailUrl\":\"https:\/\/stonersmeds.com\/wp-content\/uploads\/2022\/03\/buy-volkswagen-cocaine-online-90-pure.jpg\",\"datePublished\":\"2022-03-11T06:05:16+00:00\",\"dateModified\":\"2026-02-24T23:20:35+00:00\",\"description\":\"Buy Crack Cocaine, Order safely & maintain your privacy No prescription necessary Discreet standard shipping at Low prices.\",\"breadcrumb\":{\"@id\":\"https:\/\/stonersmeds.com\/shop\/buy-crack-cocaine-online\/#breadcrumb\"},\"inLanguage\":\"cs\",\"potentialAction\":[{\"@type\":\"ReadAction\",\"target\":[\"https:\/\/stonersmeds.com\/shop\/buy-crack-cocaine-online\/\"]}]},{\"@type\":\"ImageObject\",\"inLanguage\":\"cs\",\"@id\":\"https:\/\/stonersmeds.com\/shop\/buy-crack-cocaine-online\/#primaryimage\",\"url\":\"https:\/\/stonersmeds.com\/wp-content\/uploads\/2022\/03\/buy-volkswagen-cocaine-online-90-pure.jpg\",\"contentUrl\":\"https:\/\/stonersmeds.com\/wp-content\/uploads\/2022\/03\/buy-volkswagen-cocaine-online-90-pure.jpg\",\"width\":600,\"height\":600},{\"@type\":\"BreadcrumbList\",\"@id\":\"https:\/\/stonersmeds.com\/shop\/buy-crack-cocaine-online\/#breadcrumb\",\"itemListElement\":[{\"@type\":\"ListItem\",\"position\":1,\"name\":\"Home\",\"item\":\"https:\/\/stonersmeds.com\/\"},{\"@type\":\"ListItem\",\"position\":2,\"name\":\"Shop\",\"item\":\"https:\/\/stonersmeds.com\/shop\/\"},{\"@type\":\"ListItem\",\"position\":3,\"name\":\"Buy Crack Cocaine Online\"}]},{\"@type\":\"WebSite\",\"@id\":\"https:\/\/stonersmeds.com\/#website\",\"url\":\"https:\/\/stonersmeds.com\/\",\"name\":\"stonersmeds.com\",\"description\":\"verschreibungspflichtige Medizin kaufen\",\"publisher\":{\"@id\":\"https:\/\/stonersmeds.com\/#organization\"},\"alternateName\":\"Research chemical shop\",\"potentialAction\":[{\"@type\":\"SearchAction\",\"target\":{\"@type\":\"EntryPoint\",\"urlTemplate\":\"https:\/\/stonersmeds.com\/?s={search_term_string}\"},\"query-input\":{\"@type\":\"PropertyValueSpecification\",\"valueRequired\":true,\"valueName\":\"search_term_string\"}}],\"inLanguage\":\"cs\"},{\"@type\":\"Organization\",\"@id\":\"https:\/\/stonersmeds.com\/#organization\",\"name\":\"Stonersmeds Shop\",\"url\":\"https:\/\/stonersmeds.com\/\",\"logo\":{\"@type\":\"ImageObject\",\"inLanguage\":\"cs\",\"@id\":\"https:\/\/stonersmeds.com\/#\/schema\/logo\/image\/\",\"url\":\"https:\/\/stonersmeds.com\/wp-content\/uploads\/2026\/02\/high-purity-DMT-powder.jpg\",\"contentUrl\":\"https:\/\/stonersmeds.com\/wp-content\/uploads\/2026\/02\/high-purity-DMT-powder.jpg\",\"width\":500,\"height\":500,\"caption\":\"Stonersmeds Shop\"},\"image\":{\"@id\":\"https:\/\/stonersmeds.com\/#\/schema\/logo\/image\/\"}}]}<\/script>\n<meta property=\"product:price:amount\" content=\"35.00\" \/>\n<meta property=\"product:price:currency\" content=\"USD\" \/>\n<meta property=\"og:availability\" content=\"instock\" \/>\n<meta property=\"product:availability\" content=\"instock\" \/>\n<meta property=\"product:condition\" content=\"new\" \/>\n<!-- \/ Yoast SEO plugin. -->","yoast_head_json":{"title":"Kupte si crackov\u00fd kokain online \u2013 rychl\u00e9 a bezpe\u010dn\u00e9 doru\u010den\u00ed","description":"Kupte si crackov\u00fd kokain, objednejte si bezpe\u010dn\u011b a udr\u017eujte si soukrom\u00ed Bez p\u0159edpisu Diskr\u00e9tn\u00ed standardn\u00ed doprava za n\u00edzk\u00e9 ceny.","robots":{"index":"index","follow":"follow","max-snippet":"max-snippet:-1","max-image-preview":"max-image-preview:large","max-video-preview":"max-video-preview:-1"},"canonical":"https:\/\/stonersmeds.com\/cs\/shop\/buy-crack-cocaine-online\/","og_locale":"cs_CZ","og_type":"article","og_title":"Buy Crack Cocaine Online - fast and safe delivery","og_description":"Buy Crack Cocaine, Order safely & maintain your privacy No prescription necessary Discreet standard shipping at Low prices.","og_url":"https:\/\/stonersmeds.com\/cs\/shop\/buy-crack-cocaine-online\/","og_site_name":"stonersmeds.com","article_modified_time":"2026-02-24T23:20:35+00:00","og_image":[{"width":600,"height":600,"url":"https:\/\/stonersmeds.com\/wp-content\/uploads\/2022\/03\/buy-volkswagen-cocaine-online-90-pure.jpg","type":"image\/jpeg"}],"twitter_card":"summary_large_image","twitter_misc":{"Cena":"35&#36;","Dostupnost":"Skladem"},"schema":{"@context":"https:\/\/schema.org","@graph":[{"@type":"WebPage","@id":"https:\/\/stonersmeds.com\/shop\/buy-crack-cocaine-online\/","url":"https:\/\/stonersmeds.com\/shop\/buy-crack-cocaine-online\/","name":"Kupte si crackov\u00fd kokain online \u2013 rychl\u00e9 a bezpe\u010dn\u00e9 doru\u010den\u00ed","isPartOf":{"@id":"https:\/\/stonersmeds.com\/#website"},"primaryImageOfPage":{"@id":"https:\/\/stonersmeds.com\/shop\/buy-crack-cocaine-online\/#primaryimage"},"image":{"@id":"https:\/\/stonersmeds.com\/shop\/buy-crack-cocaine-online\/#primaryimage"},"thumbnailUrl":"https:\/\/stonersmeds.com\/wp-content\/uploads\/2022\/03\/buy-volkswagen-cocaine-online-90-pure.jpg","datePublished":"2022-03-11T06:05:16+00:00","dateModified":"2026-02-24T23:20:35+00:00","description":"Kupte si crackov\u00fd kokain, objednejte si bezpe\u010dn\u011b a udr\u017eujte si soukrom\u00ed Bez p\u0159edpisu Diskr\u00e9tn\u00ed standardn\u00ed doprava za n\u00edzk\u00e9 ceny.","breadcrumb":{"@id":"https:\/\/stonersmeds.com\/shop\/buy-crack-cocaine-online\/#breadcrumb"},"inLanguage":"cs","potentialAction":[{"@type":"ReadAction","target":["https:\/\/stonersmeds.com\/shop\/buy-crack-cocaine-online\/"]}]},{"@type":"ImageObject","inLanguage":"cs","@id":"https:\/\/stonersmeds.com\/shop\/buy-crack-cocaine-online\/#primaryimage","url":"https:\/\/stonersmeds.com\/wp-content\/uploads\/2022\/03\/buy-volkswagen-cocaine-online-90-pure.jpg","contentUrl":"https:\/\/stonersmeds.com\/wp-content\/uploads\/2022\/03\/buy-volkswagen-cocaine-online-90-pure.jpg","width":600,"height":600},{"@type":"BreadcrumbList","@id":"https:\/\/stonersmeds.com\/shop\/buy-crack-cocaine-online\/#breadcrumb","itemListElement":[{"@type":"ListItem","position":1,"name":"Home","item":"https:\/\/stonersmeds.com\/"},{"@type":"ListItem","position":2,"name":"Shop","item":"https:\/\/stonersmeds.com\/shop\/"},{"@type":"ListItem","position":3,"name":"Buy Crack Cocaine Online"}]},{"@type":"WebSite","@id":"https:\/\/stonersmeds.com\/#website","url":"https:\/\/stonersmeds.com\/","name":"stonersmeds.com","description":"verschreibungspflichtige Medizin kaufen","publisher":{"@id":"https:\/\/stonersmeds.com\/#organization"},"alternateName":"Research chemical shop","potentialAction":[{"@type":"SearchAction","target":{"@type":"EntryPoint","urlTemplate":"https:\/\/stonersmeds.com\/?s={search_term_string}"},"query-input":{"@type":"PropertyValueSpecification","valueRequired":true,"valueName":"search_term_string"}}],"inLanguage":"cs"},{"@type":"Organization","@id":"https:\/\/stonersmeds.com\/#organization","name":"Stonersmeds Shop","url":"https:\/\/stonersmeds.com\/","logo":{"@type":"ImageObject","inLanguage":"cs","@id":"https:\/\/stonersmeds.com\/#\/schema\/logo\/image\/","url":"https:\/\/stonersmeds.com\/wp-content\/uploads\/2026\/02\/high-purity-DMT-powder.jpg","contentUrl":"https:\/\/stonersmeds.com\/wp-content\/uploads\/2026\/02\/high-purity-DMT-powder.jpg","width":500,"height":500,"caption":"Stonersmeds Shop"},"image":{"@id":"https:\/\/stonersmeds.com\/#\/schema\/logo\/image\/"}}]},"product_price_amount":"35.00","product_price_currency":"USD","og_availability":"instock","product_availability":"instock","product_condition":"new"},"_links":{"self":[{"href":"https:\/\/stonersmeds.com\/cs\/wp-json\/wp\/v2\/product\/8616","targetHints":{"allow":["GET"]}}],"collection":[{"href":"https:\/\/stonersmeds.com\/cs\/wp-json\/wp\/v2\/product"}],"about":[{"href":"https:\/\/stonersmeds.com\/cs\/wp-json\/wp\/v2\/types\/product"}],"replies":[{"embeddable":true,"href":"https:\/\/stonersmeds.com\/cs\/wp-json\/wp\/v2\/comments?post=8616"}],"version-history":[{"count":0,"href":"https:\/\/stonersmeds.com\/cs\/wp-json\/wp\/v2\/product\/8616\/revisions"}],"wp:featuredmedia":[{"embeddable":true,"href":"https:\/\/stonersmeds.com\/cs\/wp-json\/wp\/v2\/media\/8621"}],"wp:attachment":[{"href":"https:\/\/stonersmeds.com\/cs\/wp-json\/wp\/v2\/media?parent=8616"}],"wp:term":[{"taxonomy":"product_brand","embeddable":true,"href":"https:\/\/stonersmeds.com\/cs\/wp-json\/wp\/v2\/product_brand?post=8616"},{"taxonomy":"product_cat","embeddable":true,"href":"https:\/\/stonersmeds.com\/cs\/wp-json\/wp\/v2\/product_cat?post=8616"},{"taxonomy":"product_tag","embeddable":true,"href":"https:\/\/stonersmeds.com\/cs\/wp-json\/wp\/v2\/product_tag?post=8616"},{"taxonomy":"product_brands","embeddable":true,"href":"https:\/\/stonersmeds.com\/cs\/wp-json\/wp\/v2\/product_brands?post=8616"}],"curies":[{"name":"wp","href":"https:\/\/api.w.org\/{rel}","templated":true}]}}