{"id":8983,"date":"2022-03-11T11:13:33","date_gmt":"2022-03-11T11:13:33","guid":{"rendered":"https:\/\/stonersmeds.com\/?post_type=product&#038;p=8983"},"modified":"2026-03-02T11:20:05","modified_gmt":"2026-03-02T09:20:05","slug":"buy-afghan-black-hash-online","status":"publish","type":"product","link":"https:\/\/stonersmeds.com\/cs\/shop\/buy-afghan-black-hash-online\/","title":{"rendered":"Kupte si Afghan Black Hash online"},"content":{"rendered":"<h1>Kupte si Afghan Black Hash online<\/h1>\n<p>Kupte si Afghan Black Hash online.\u00a0<strong>Afgh\u00e1nsk\u00fd Black Hash<\/strong>\u00a0je klon hash. Je to celosv\u011btov\u00fd trestn\u00fd \u010din a nav\u017edy z\u016fstane ve v\u011bzen\u00ed. Neobsahuje ji\u017e \u017e\u00e1dn\u00e9 THC, syntetick\u00e9 kanabinoidy ani r\u016fzn\u00e9 studijn\u00ed chemick\u00e9 slou\u010deniny (jako JWH-018, JWH-073, JWH-250, AM-2209 a mnoho dal\u0161\u00edch). Jedn\u00e1 se pravd\u011bpodobn\u011b o v\u00fdjime\u010dn\u00fd v\u011bze\u0148sk\u00fd ha\u0161i\u0161 na trhu. Nejl\u00e9pe pou\u017e\u00edv\u00e1me rostlinn\u00e9, stravou prvot\u0159\u00eddn\u00ed l\u00e1tky. Vypad\u00e1 jako ha\u0161i\u0161, vypad\u00e1 jako ha\u0161i\u0161, von\u00ed jako konop\u00ed a m\u00e1 vynikaj\u00edc\u00ed chu\u0165. Afgh\u00e1nsk\u00fd \u010dern\u00fd ha\u0161i\u0161 se od na\u0161eho ostatn\u00edho zbo\u017e\u00ed nej\u00fa\u010dinn\u011bji li\u0161\u00ed barvou. Pokud na\u0161e zbo\u017e\u00ed nezn\u00e1te, kupte si nejprve vzorek str. Doprava je zdarma. Zakupte si dal\u0161\u00ed z na\u0161eho krimin\u00e1ln\u00edho ha\u0161i\u0161ov\u00e9ho zbo\u017e\u00ed a poplatek m\u016f\u017ee b\u00fdt ni\u017e\u0161\u00ed.<\/p>\n<p>&nbsp;<\/p>\n<p>&nbsp;<\/p>\n<p>&nbsp;<\/p>\n<pre><strong>Koupit Afghan Black Hash online \u2013 koupit pilulky Hash, koupit Black Hash, koupit Black Hashy online, Kde koupit Afghan Black Hash,Afghan Black Hash na prodej, Black Hash na prodej, koupit Hash online, kde koupit Black Hash online, Afghan Black Hash na prodej v USA, USA, Kanada, Velk\u00e1 Brit\u00e1nie, n\u00e1kup, online, dodavatel\u00e9, bezpe\u010dn\u00e9 doru\u010den\u00ed, St\u00e1le m\u016f\u017eete z\u00edskat Afghan Black Hash, Je Afghan Black Hash leg\u00e1ln\u00ed v USA, koupit Afghan Black Hash online usa, jak objednat Afghan Black Hash , Je Afghan Black Hashlegal v Kanad\u011b<\/strong><\/pre>","protected":false},"excerpt":{"rendered":"<p>P\u0159ij\u00edm\u00e1me POUZE platby pomoc\u00ed Western Union, Moneygram a bitcoiny. Doba dod\u00e1n\u00ed trv\u00e1 cca 3 dny nebo 24 hodin.<\/p>\n<p>Afgh\u00e1nsk\u00fd \u010dern\u00fd ha\u0161i\u0161 na prodej<br \/>\nAfgh\u00e1nsk\u00e9 \u010dern\u00e9 kv\u011bty vyd\u00e1vaj\u00ed hlubokou pi\u017emovou v\u016fni, kter\u00e1 von\u00ed po zemi a vlhk\u00e9m list\u00ed. Hlub\u0161\u00ed n\u00e1dech je tak\u00e9 c\u00edtit dotek kysel\u00e9ho ovoce. Mezit\u00edm mlet\u00ed nebo trh\u00e1n\u00ed t\u00e9to chlupat\u00e9 kv\u011btiny poskytuje pikantn\u00ed pocit, kter\u00fd je \u010dasto spojov\u00e1n s Afgh\u00e1nci.<\/p>\n<pre><strong>Koupit Afghan Black Hash online \u2013 koupit pilulky Hash, koupit Black Hash, koupit Black Hashy online, Kde koupit Afghan Black Hash,Afghan Black Hash na prodej, Black Hash na prodej, koupit Hash online, kde koupit Black Hash online, Afghan Black Hash na prodej v USA, USA, Kanada, Velk\u00e1 Brit\u00e1nie, n\u00e1kup, online, dodavatel\u00e9, bezpe\u010dn\u00e9 doru\u010den\u00ed, St\u00e1le m\u016f\u017eete z\u00edskat Afghan Black Hash, Je Afghan Black Hash leg\u00e1ln\u00ed v USA, koupit Afghan Black Hash online usa, jak objednat Afghan Black Hash , Je Afghan Black Hashlegal v Kanad\u011b<\/strong><\/pre>","protected":false},"featured_media":8995,"comment_status":"open","ping_status":"closed","template":"","meta":{"_bst_post_transparent":"","_bst_post_title":"","_bst_post_layout":"","_bst_post_sidebar_id":"","_bst_post_content_style":"","_bst_post_vertical_padding":"","_bst_post_feature":"","_bst_post_feature_position":"","_bst_post_header":false,"_bst_post_footer":false},"product_brand":[],"product_cat":[74],"product_tag":[],"product_brands":[],"class_list":{"0":"post-8983","1":"product","2":"type-product","3":"status-publish","4":"has-post-thumbnail","6":"product_cat-hash-hashish","8":"first","9":"instock","10":"shipping-taxable","11":"purchasable","12":"product-type-variable","13":"entry","14":"content-bg","15":"loop-entry"},"tiered_pricing_type":"fixed","tiered_pricing_fixed_rules":[],"tiered_pricing_percentage_rules":[],"tiered_pricing_minimum":1,"_administrator_tiered_pricing_type":"fixed","_administrator_tiered_pricing_fixed_rules":[],"_editor_tiered_pricing_type":"fixed","_editor_tiered_pricing_fixed_rules":[],"_author_tiered_pricing_type":"fixed","_author_tiered_pricing_fixed_rules":[],"_contributor_tiered_pricing_type":"fixed","_contributor_tiered_pricing_fixed_rules":[],"_subscriber_tiered_pricing_type":"fixed","_subscriber_tiered_pricing_fixed_rules":[],"_customer_tiered_pricing_type":"fixed","_customer_tiered_pricing_fixed_rules":[],"_shop_manager_tiered_pricing_type":"fixed","_shop_manager_tiered_pricing_fixed_rules":[],"_wpseo_manager_tiered_pricing_type":"fixed","_wpseo_manager_tiered_pricing_fixed_rules":[],"_wpseo_editor_tiered_pricing_type":"fixed","_wpseo_editor_tiered_pricing_fixed_rules":[],"yoast_head":"<!-- This site is optimized with the Yoast SEO plugin v27.2 - https:\/\/yoast.com\/product\/yoast-seo-wordpress\/ -->\n<title>Buy Afghan Black Hash Online - Cheap price, top quality<\/title>\n<meta name=\"description\" content=\"Buy Afghan Black Hash Online at an affordable price at stonersmeds. Our hash has high THC, best quality you will find\" \/>\n<meta name=\"robots\" content=\"index, follow, max-snippet:-1, max-image-preview:large, max-video-preview:-1\" \/>\n<link rel=\"canonical\" href=\"https:\/\/stonersmeds.com\/cs\/shop\/buy-afghan-black-hash-online\/\" \/>\n<meta property=\"og:locale\" content=\"cs_CZ\" \/>\n<meta property=\"og:type\" content=\"article\" \/>\n<meta property=\"og:title\" content=\"Buy Afghan Black Hash Online - Cheap price, top quality\" \/>\n<meta property=\"og:description\" content=\"Buy Afghan Black Hash Online at an affordable price at stonersmeds. Our hash has high THC, best quality you will find\" \/>\n<meta property=\"og:url\" content=\"https:\/\/stonersmeds.com\/cs\/shop\/buy-afghan-black-hash-online\/\" \/>\n<meta property=\"og:site_name\" content=\"stonersmeds.com\" \/>\n<meta property=\"article:modified_time\" content=\"2026-03-02T09:20:05+00:00\" \/>\n<meta property=\"og:image\" content=\"https:\/\/stonersmeds.com\/wp-content\/uploads\/2022\/03\/Buy-Afghan-Black-Hash-Online.jpg\" \/>\n\t<meta property=\"og:image:width\" content=\"600\" \/>\n\t<meta property=\"og:image:height\" content=\"600\" \/>\n\t<meta property=\"og:image:type\" content=\"image\/jpeg\" \/>\n<meta name=\"twitter:card\" content=\"summary_large_image\" \/>\n<meta name=\"twitter:label1\" content=\"Dostupnost\" \/>\n\t<meta name=\"twitter:data1\" content=\"Skladem\" \/>\n<script type=\"application\/ld+json\" class=\"yoast-schema-graph\">{\"@context\":\"https:\/\/schema.org\",\"@graph\":[{\"@type\":\"WebPage\",\"@id\":\"https:\/\/stonersmeds.com\/sk\/shop\/buy-afghan-black-hash-online\/\",\"url\":\"https:\/\/stonersmeds.com\/sk\/shop\/buy-afghan-black-hash-online\/\",\"name\":\"Buy Afghan Black Hash Online - Cheap price, top quality\",\"isPartOf\":{\"@id\":\"https:\/\/stonersmeds.com\/#website\"},\"primaryImageOfPage\":{\"@id\":\"https:\/\/stonersmeds.com\/sk\/shop\/buy-afghan-black-hash-online\/#primaryimage\"},\"image\":{\"@id\":\"https:\/\/stonersmeds.com\/sk\/shop\/buy-afghan-black-hash-online\/#primaryimage\"},\"thumbnailUrl\":\"https:\/\/stonersmeds.com\/wp-content\/uploads\/2022\/03\/Buy-Afghan-Black-Hash-Online.jpg\",\"datePublished\":\"2022-03-11T11:13:33+00:00\",\"dateModified\":\"2026-03-02T09:20:05+00:00\",\"description\":\"Buy Afghan Black Hash Online at an affordable price at stonersmeds. Our hash has high THC, best quality you will find\",\"breadcrumb\":{\"@id\":\"https:\/\/stonersmeds.com\/sk\/shop\/buy-afghan-black-hash-online\/#breadcrumb\"},\"inLanguage\":\"cs\",\"potentialAction\":[{\"@type\":\"ReadAction\",\"target\":[\"https:\/\/stonersmeds.com\/sk\/shop\/buy-afghan-black-hash-online\/\"]}]},{\"@type\":\"ImageObject\",\"inLanguage\":\"cs\",\"@id\":\"https:\/\/stonersmeds.com\/sk\/shop\/buy-afghan-black-hash-online\/#primaryimage\",\"url\":\"https:\/\/stonersmeds.com\/wp-content\/uploads\/2022\/03\/Buy-Afghan-Black-Hash-Online.jpg\",\"contentUrl\":\"https:\/\/stonersmeds.com\/wp-content\/uploads\/2022\/03\/Buy-Afghan-Black-Hash-Online.jpg\",\"width\":600,\"height\":600},{\"@type\":\"BreadcrumbList\",\"@id\":\"https:\/\/stonersmeds.com\/sk\/shop\/buy-afghan-black-hash-online\/#breadcrumb\",\"itemListElement\":[{\"@type\":\"ListItem\",\"position\":1,\"name\":\"Home\",\"item\":\"https:\/\/stonersmeds.com\/\"},{\"@type\":\"ListItem\",\"position\":2,\"name\":\"Shop\",\"item\":\"https:\/\/stonersmeds.com\/shop\/\"},{\"@type\":\"ListItem\",\"position\":3,\"name\":\"Buy Afghan Black Hash Online\"}]},{\"@type\":\"WebSite\",\"@id\":\"https:\/\/stonersmeds.com\/#website\",\"url\":\"https:\/\/stonersmeds.com\/\",\"name\":\"stonersmeds.com\",\"description\":\"verschreibungspflichtige Medizin kaufen\",\"publisher\":{\"@id\":\"https:\/\/stonersmeds.com\/#organization\"},\"alternateName\":\"Research chemical shop\",\"potentialAction\":[{\"@type\":\"SearchAction\",\"target\":{\"@type\":\"EntryPoint\",\"urlTemplate\":\"https:\/\/stonersmeds.com\/?s={search_term_string}\"},\"query-input\":{\"@type\":\"PropertyValueSpecification\",\"valueRequired\":true,\"valueName\":\"search_term_string\"}}],\"inLanguage\":\"cs\"},{\"@type\":\"Organization\",\"@id\":\"https:\/\/stonersmeds.com\/#organization\",\"name\":\"Stonersmeds Shop\",\"url\":\"https:\/\/stonersmeds.com\/\",\"logo\":{\"@type\":\"ImageObject\",\"inLanguage\":\"cs\",\"@id\":\"https:\/\/stonersmeds.com\/#\/schema\/logo\/image\/\",\"url\":\"https:\/\/stonersmeds.com\/wp-content\/uploads\/2026\/02\/high-purity-DMT-powder.jpg\",\"contentUrl\":\"https:\/\/stonersmeds.com\/wp-content\/uploads\/2026\/02\/high-purity-DMT-powder.jpg\",\"width\":500,\"height\":500,\"caption\":\"Stonersmeds Shop\"},\"image\":{\"@id\":\"https:\/\/stonersmeds.com\/#\/schema\/logo\/image\/\"}}]}<\/script>\n<meta property=\"og:availability\" content=\"instock\" \/>\n<meta property=\"product:availability\" content=\"instock\" \/>\n<meta property=\"product:condition\" content=\"new\" \/>\n<!-- \/ Yoast SEO plugin. -->","yoast_head_json":{"title":"Koupit Afghan Black Hash online \u2013 levn\u00e1 cena, \u0161pi\u010dkov\u00e1 kvalita","description":"Kupte si Afghan Black Hash online za dostupnou cenu u stonersmeds. N\u00e1\u0161 hash m\u00e1 vysok\u00e9 THC, nejlep\u0161\u00ed kvalitu, kterou najdete","robots":{"index":"index","follow":"follow","max-snippet":"max-snippet:-1","max-image-preview":"max-image-preview:large","max-video-preview":"max-video-preview:-1"},"canonical":"https:\/\/stonersmeds.com\/cs\/shop\/buy-afghan-black-hash-online\/","og_locale":"cs_CZ","og_type":"article","og_title":"Buy Afghan Black Hash Online - Cheap price, top quality","og_description":"Buy Afghan Black Hash Online at an affordable price at stonersmeds. Our hash has high THC, best quality you will find","og_url":"https:\/\/stonersmeds.com\/cs\/shop\/buy-afghan-black-hash-online\/","og_site_name":"stonersmeds.com","article_modified_time":"2026-03-02T09:20:05+00:00","og_image":[{"width":600,"height":600,"url":"https:\/\/stonersmeds.com\/wp-content\/uploads\/2022\/03\/Buy-Afghan-Black-Hash-Online.jpg","type":"image\/jpeg"}],"twitter_card":"summary_large_image","twitter_misc":{"Dostupnost":"Skladem"},"schema":{"@context":"https:\/\/schema.org","@graph":[{"@type":"WebPage","@id":"https:\/\/stonersmeds.com\/sk\/shop\/buy-afghan-black-hash-online\/","url":"https:\/\/stonersmeds.com\/sk\/shop\/buy-afghan-black-hash-online\/","name":"Koupit Afghan Black Hash online \u2013 levn\u00e1 cena, \u0161pi\u010dkov\u00e1 kvalita","isPartOf":{"@id":"https:\/\/stonersmeds.com\/#website"},"primaryImageOfPage":{"@id":"https:\/\/stonersmeds.com\/sk\/shop\/buy-afghan-black-hash-online\/#primaryimage"},"image":{"@id":"https:\/\/stonersmeds.com\/sk\/shop\/buy-afghan-black-hash-online\/#primaryimage"},"thumbnailUrl":"https:\/\/stonersmeds.com\/wp-content\/uploads\/2022\/03\/Buy-Afghan-Black-Hash-Online.jpg","datePublished":"2022-03-11T11:13:33+00:00","dateModified":"2026-03-02T09:20:05+00:00","description":"Kupte si Afghan Black Hash online za dostupnou cenu u stonersmeds. N\u00e1\u0161 hash m\u00e1 vysok\u00e9 THC, nejlep\u0161\u00ed kvalitu, kterou najdete","breadcrumb":{"@id":"https:\/\/stonersmeds.com\/sk\/shop\/buy-afghan-black-hash-online\/#breadcrumb"},"inLanguage":"cs","potentialAction":[{"@type":"ReadAction","target":["https:\/\/stonersmeds.com\/sk\/shop\/buy-afghan-black-hash-online\/"]}]},{"@type":"ImageObject","inLanguage":"cs","@id":"https:\/\/stonersmeds.com\/sk\/shop\/buy-afghan-black-hash-online\/#primaryimage","url":"https:\/\/stonersmeds.com\/wp-content\/uploads\/2022\/03\/Buy-Afghan-Black-Hash-Online.jpg","contentUrl":"https:\/\/stonersmeds.com\/wp-content\/uploads\/2022\/03\/Buy-Afghan-Black-Hash-Online.jpg","width":600,"height":600},{"@type":"BreadcrumbList","@id":"https:\/\/stonersmeds.com\/sk\/shop\/buy-afghan-black-hash-online\/#breadcrumb","itemListElement":[{"@type":"ListItem","position":1,"name":"Home","item":"https:\/\/stonersmeds.com\/"},{"@type":"ListItem","position":2,"name":"Shop","item":"https:\/\/stonersmeds.com\/shop\/"},{"@type":"ListItem","position":3,"name":"Buy Afghan Black Hash Online"}]},{"@type":"WebSite","@id":"https:\/\/stonersmeds.com\/#website","url":"https:\/\/stonersmeds.com\/","name":"stonersmeds.com","description":"verschreibungspflichtige Medizin kaufen","publisher":{"@id":"https:\/\/stonersmeds.com\/#organization"},"alternateName":"Research chemical shop","potentialAction":[{"@type":"SearchAction","target":{"@type":"EntryPoint","urlTemplate":"https:\/\/stonersmeds.com\/?s={search_term_string}"},"query-input":{"@type":"PropertyValueSpecification","valueRequired":true,"valueName":"search_term_string"}}],"inLanguage":"cs"},{"@type":"Organization","@id":"https:\/\/stonersmeds.com\/#organization","name":"Stonersmeds Shop","url":"https:\/\/stonersmeds.com\/","logo":{"@type":"ImageObject","inLanguage":"cs","@id":"https:\/\/stonersmeds.com\/#\/schema\/logo\/image\/","url":"https:\/\/stonersmeds.com\/wp-content\/uploads\/2026\/02\/high-purity-DMT-powder.jpg","contentUrl":"https:\/\/stonersmeds.com\/wp-content\/uploads\/2026\/02\/high-purity-DMT-powder.jpg","width":500,"height":500,"caption":"Stonersmeds Shop"},"image":{"@id":"https:\/\/stonersmeds.com\/#\/schema\/logo\/image\/"}}]},"og_availability":"instock","product_availability":"instock","product_condition":"new"},"_links":{"self":[{"href":"https:\/\/stonersmeds.com\/cs\/wp-json\/wp\/v2\/product\/8983","targetHints":{"allow":["GET"]}}],"collection":[{"href":"https:\/\/stonersmeds.com\/cs\/wp-json\/wp\/v2\/product"}],"about":[{"href":"https:\/\/stonersmeds.com\/cs\/wp-json\/wp\/v2\/types\/product"}],"replies":[{"embeddable":true,"href":"https:\/\/stonersmeds.com\/cs\/wp-json\/wp\/v2\/comments?post=8983"}],"version-history":[{"count":0,"href":"https:\/\/stonersmeds.com\/cs\/wp-json\/wp\/v2\/product\/8983\/revisions"}],"wp:featuredmedia":[{"embeddable":true,"href":"https:\/\/stonersmeds.com\/cs\/wp-json\/wp\/v2\/media\/8995"}],"wp:attachment":[{"href":"https:\/\/stonersmeds.com\/cs\/wp-json\/wp\/v2\/media?parent=8983"}],"wp:term":[{"taxonomy":"product_brand","embeddable":true,"href":"https:\/\/stonersmeds.com\/cs\/wp-json\/wp\/v2\/product_brand?post=8983"},{"taxonomy":"product_cat","embeddable":true,"href":"https:\/\/stonersmeds.com\/cs\/wp-json\/wp\/v2\/product_cat?post=8983"},{"taxonomy":"product_tag","embeddable":true,"href":"https:\/\/stonersmeds.com\/cs\/wp-json\/wp\/v2\/product_tag?post=8983"},{"taxonomy":"product_brands","embeddable":true,"href":"https:\/\/stonersmeds.com\/cs\/wp-json\/wp\/v2\/product_brands?post=8983"}],"curies":[{"name":"wp","href":"https:\/\/api.w.org\/{rel}","templated":true}]}}