{"id":9162,"date":"2022-03-11T14:15:04","date_gmt":"2022-03-11T14:15:04","guid":{"rendered":"https:\/\/stonersmeds.com\/?post_type=product&#038;p=9162"},"modified":"2026-03-02T16:10:06","modified_gmt":"2026-03-02T14:10:06","slug":"buy-brown-heroin-99-pure-online","status":"publish","type":"product","link":"https:\/\/stonersmeds.com\/cs\/shop\/buy-brown-heroin-99-pure-online\/","title":{"rendered":"Kupte si Brown Heroin 99% Pure online"},"content":{"rendered":"<h1>Hn\u011bd\u00fd Heroin 99% \u010dist\u00fd<\/h1>\n<p>Kupte si hn\u011bd\u00fd heroin, kter\u00fd je \u010dist\u00fd 60%<br \/>\nKoupit hn\u011bd\u00fd heroin - Prod\u00e1v\u00e1me nejkvalitn\u011bj\u0161\u00ed heroin na sv\u011bt\u011b. Nab\u00edz\u00edme prodejc\u016fm mo\u017enost objednat si <a href=\"https:\/\/stonersmeds.com\/cs\/shop\/buy-fub-akb48-powder-1-oz-pure-online\/\">hn\u011bd\u00fd cukr online za velkoobchodn\u00ed ceny.<\/a><\/p>\n<p>Pou\u017e\u00edv\u00e1 se k povzbuzov\u00e1n\u00ed b\u00edl\u00e9ho heroinu<br \/>\nPou\u017e\u00edv\u00e1 se jako l\u00e9k pro z\u00e1bavu kv\u016fli euforii, kterou zp\u016fsobuje. Antropolog Michael Hagar kdysi popsal heroin jako \u201edokonalou drogu v jak\u00e9koli form\u011b\u201c. Tolerance se rychle rozv\u00edj\u00ed a k dosa\u017een\u00ed stejn\u00e9ho \u00fa\u010dinku jsou zapot\u0159eb\u00ed vy\u0161\u0161\u00ed d\u00e1vky. Uv\u00e1d\u00ed se, \u017ee jeho popularita mezi u\u017eivateli drog ve srovn\u00e1n\u00ed s morfinem je zp\u016fsobena jeho r\u016fzn\u00fdmi vn\u00edman\u00fdmi \u00fa\u010dinky.<\/p>\n<p>Kr\u00e1tkodob\u00e9 studie z\u00e1vislosti od stejn\u00fdch v\u00fdzkumn\u00edk\u016f ukazuj\u00ed. Tato tolerance se vyv\u00edj\u00ed stejn\u011b rychle jako heroin a morfin. Morfin a heroin tak\u00e9 mnohem pravd\u011bpodobn\u011bji zp\u016fsob\u00ed euforii. Dal\u0161\u00ed pozitivn\u00ed subjektivn\u00ed \u00fa\u010dinek ve srovn\u00e1n\u00ed s t\u011bmito jin\u00fdmi opioidy.<\/p>\n<div><\/div>\n<div><a href=\"https:\/\/stonersmeds.com\/cs\/shop\/buy-arctic-wolf-heroin-70-pure\/\">https:\/\/stonersmeds.com\/shop\/buy-arctic-wolf-heroin-70-pure\/<\/a><\/div>\n<div><a href=\"https:\/\/stonersmeds.com\/cs\/shop\/buy-black-tar-heroin-online\/\">https:\/\/stonersmeds.com\/shop\/buy-black-tar-heroin-online\/<\/a><\/div>\n<div><a href=\"https:\/\/stonersmeds.com\/cs\/shop\/buy-white-heroin-100-pure-online\/\">https:\/\/stonersmeds.com\/shop\/buy-white-heroin-100-pure-online\/<\/a><\/div>\n<div><a href=\"https:\/\/stonersmeds.com\/cs\/shop\/rolls-royce-heroin-98-pure\/\">https:\/\/stonersmeds.com\/shop\/rolls-royce-heroin-98-pure\/<\/a><\/div>\n<div><a href=\"https:\/\/stonersmeds.com\/cs\/shop\/buy-brown-heroin-99-pure-online\/\">https:\/\/stonersmeds.com\/shop\/buy-brown-heroin-99-pure-online\/<\/a><\/div>\n<div><\/div>\n<div><\/div>\n<div><\/div>\n<pre><strong>Koupit hn\u011bd\u00fd heroin 60% \u010dist\u00fd online \u2013 koupit hn\u011bd\u00fd heroin, koupit hn\u011bd\u00fd heroin 60% \u010dist\u00fd, koupit Heroin 60% \u010dist\u00fd online, kde koupit hn\u011bd\u00fd heroin 60% \u010dist\u00fd, hn\u011bd\u00fd Heroin 60% \u010dist\u00fd na prodej, hn\u011bd\u00fd Heroin, T Pure 601TP online prodej, hn\u011bd\u00fd Heroin 601TP online prodej kde koupit hn\u011bd\u00fd heroin 60% \u010dist\u00fd online, hn\u011bd\u00fd heroin 60% \u010dist\u00fd na prodej v usa, USA, kanada, uk, koupit, online, dodavatel\u00e9, bezpe\u010dn\u00e9 doru\u010den\u00ed, st\u00e1le m\u016f\u017eete z\u00edskat hn\u011bd\u00fd heroin 60% \u010dist\u00fd, je hn\u011bd\u00fd heroin 60% \u010dist\u00fd leg\u00e1ln\u00ed v usa , koupit Hn\u011bd\u00fd Heroin 60% \u010cist\u00fd online usa, jak objednat Hn\u011bd\u00fd Heroin 60% \u010cist\u00fd , Je Hn\u011bd\u00fd Heroin 60% \u010cist\u00fd leg\u00e1ln\u00ed v Kanad\u011b<\/strong><\/pre>","protected":false},"excerpt":{"rendered":"<p>This is one our best quality heroin. Buy Heroin Online comes here to provide to you a top class heroin for sale. Brown heroin is one of the highest sold heroin in our store.<\/p>\n<p>cena produktu je: za gram<br \/>\n<strong>Minimum order quantity is: 5 grams<\/strong><\/p>\n<p>&nbsp;<\/p>","protected":false},"featured_media":9173,"comment_status":"closed","ping_status":"closed","template":"","meta":{"_bst_post_transparent":"","_bst_post_title":"","_bst_post_layout":"","_bst_post_sidebar_id":"","_bst_post_content_style":"","_bst_post_vertical_padding":"","_bst_post_feature":"","_bst_post_feature_position":"","_bst_post_header":false,"_bst_post_footer":false},"product_brand":[],"product_cat":[75],"product_tag":[1490,1493,204,1487,1486,1496,1491,1488,203,1497,1498,1495,137,139,138,135,133,1489,1492,1494],"product_brands":[],"class_list":{"0":"post-9162","1":"product","2":"type-product","3":"status-publish","4":"has-post-thumbnail","6":"product_cat-heroine","7":"product_tag-brown-heroin-60-pure-for-sale","8":"product_tag-brown-heroin-60-pure-for-sale-in-usa","9":"product_tag-buy","10":"product_tag-buy-brown-heroin-60-pure","11":"product_tag-buy-brown-heroin-60-pure-online-buy-brown-heroin","12":"product_tag-buy-brown-heroin-60-pure-online-usa","13":"product_tag-buy-brown-heroin-online","14":"product_tag-buy-heroin-60-pure-online","15":"product_tag-canada","16":"product_tag-how-to-order-brown-heroin-60-pure","17":"product_tag-is-brown-heroin-60-pure-legal-in-canada","18":"product_tag-is-brown-heroin-60-pure-legal-in-usa","19":"product_tag-online","20":"product_tag-safe-delivery","21":"product_tag-suppliers","22":"product_tag-uk","23":"product_tag-usa","24":"product_tag-where-to-buy-brown-heroin-60-pure","25":"product_tag-where-to-buy-brown-heroin-60-pure-online","26":"product_tag-you-can-still-get-brown-heroin-60-pure","28":"first","29":"instock","30":"shipping-taxable","31":"purchasable","32":"product-type-simple","33":"entry","34":"content-bg","35":"loop-entry"},"tiered_pricing_type":"fixed","tiered_pricing_fixed_rules":{"5":"50","10":"48","25":"44"},"tiered_pricing_percentage_rules":[],"tiered_pricing_minimum":1,"_administrator_tiered_pricing_type":"fixed","_administrator_tiered_pricing_fixed_rules":[],"_editor_tiered_pricing_type":"fixed","_editor_tiered_pricing_fixed_rules":[],"_author_tiered_pricing_type":"fixed","_author_tiered_pricing_fixed_rules":[],"_contributor_tiered_pricing_type":"fixed","_contributor_tiered_pricing_fixed_rules":[],"_subscriber_tiered_pricing_type":"fixed","_subscriber_tiered_pricing_fixed_rules":[],"_customer_tiered_pricing_type":"fixed","_customer_tiered_pricing_fixed_rules":[],"_shop_manager_tiered_pricing_type":"fixed","_shop_manager_tiered_pricing_fixed_rules":[],"_wpseo_manager_tiered_pricing_type":"fixed","_wpseo_manager_tiered_pricing_fixed_rules":[],"_wpseo_editor_tiered_pricing_type":"fixed","_wpseo_editor_tiered_pricing_fixed_rules":[],"yoast_head":"<!-- This site is optimized with the Yoast SEO plugin v27.2 - https:\/\/yoast.com\/product\/yoast-seo-wordpress\/ -->\n<title>Buy Brown Heroin 99% Pure Online - Cheap price, Best quality<\/title>\n<meta name=\"description\" content=\"Buy brown heroin Online at an affordable price at stonersmeds. All products are lab qualified and have premium quality.\" \/>\n<meta name=\"robots\" content=\"index, follow, max-snippet:-1, max-image-preview:large, max-video-preview:-1\" \/>\n<link rel=\"canonical\" href=\"https:\/\/stonersmeds.com\/cs\/shop\/buy-brown-heroin-99-pure-online\/\" \/>\n<meta property=\"og:locale\" content=\"cs_CZ\" \/>\n<meta property=\"og:type\" content=\"article\" \/>\n<meta property=\"og:title\" content=\"Buy Brown Heroin 99% Pure Online - Cheap price, Best quality\" \/>\n<meta property=\"og:description\" content=\"Buy brown heroin Online at an affordable price at stonersmeds. All products are lab qualified and have premium quality.\" \/>\n<meta property=\"og:url\" content=\"https:\/\/stonersmeds.com\/cs\/shop\/buy-brown-heroin-99-pure-online\/\" \/>\n<meta property=\"og:site_name\" content=\"stonersmeds.com\" \/>\n<meta property=\"article:modified_time\" content=\"2026-03-02T14:10:06+00:00\" \/>\n<meta property=\"og:image\" content=\"https:\/\/stonersmeds.com\/wp-content\/uploads\/2022\/03\/Brown-Heroin-60-pure.jpg\" \/>\n\t<meta property=\"og:image:width\" content=\"600\" \/>\n\t<meta property=\"og:image:height\" content=\"600\" \/>\n\t<meta property=\"og:image:type\" content=\"image\/jpeg\" \/>\n<meta name=\"twitter:card\" content=\"summary_large_image\" \/>\n<meta name=\"twitter:label1\" content=\"Cena\" \/>\n\t<meta name=\"twitter:data1\" content=\"60&#036;\" \/>\n\t<meta name=\"twitter:label2\" content=\"Dostupnost\" \/>\n\t<meta name=\"twitter:data2\" content=\"Skladem\" \/>\n<script type=\"application\/ld+json\" class=\"yoast-schema-graph\">{\"@context\":\"https:\/\/schema.org\",\"@graph\":[{\"@type\":\"WebPage\",\"@id\":\"https:\/\/stonersmeds.com\/shop\/buy-brown-heroin-99-pure-online\/\",\"url\":\"https:\/\/stonersmeds.com\/shop\/buy-brown-heroin-99-pure-online\/\",\"name\":\"Buy Brown Heroin 99% Pure Online - Cheap price, Best quality\",\"isPartOf\":{\"@id\":\"https:\/\/stonersmeds.com\/#website\"},\"primaryImageOfPage\":{\"@id\":\"https:\/\/stonersmeds.com\/shop\/buy-brown-heroin-99-pure-online\/#primaryimage\"},\"image\":{\"@id\":\"https:\/\/stonersmeds.com\/shop\/buy-brown-heroin-99-pure-online\/#primaryimage\"},\"thumbnailUrl\":\"https:\/\/stonersmeds.com\/wp-content\/uploads\/2022\/03\/Brown-Heroin-60-pure.jpg\",\"datePublished\":\"2022-03-11T14:15:04+00:00\",\"dateModified\":\"2026-03-02T14:10:06+00:00\",\"description\":\"Buy brown heroin Online at an affordable price at stonersmeds. All products are lab qualified and have premium quality.\",\"breadcrumb\":{\"@id\":\"https:\/\/stonersmeds.com\/shop\/buy-brown-heroin-99-pure-online\/#breadcrumb\"},\"inLanguage\":\"cs\",\"potentialAction\":[{\"@type\":\"ReadAction\",\"target\":[\"https:\/\/stonersmeds.com\/shop\/buy-brown-heroin-99-pure-online\/\"]}]},{\"@type\":\"ImageObject\",\"inLanguage\":\"cs\",\"@id\":\"https:\/\/stonersmeds.com\/shop\/buy-brown-heroin-99-pure-online\/#primaryimage\",\"url\":\"https:\/\/stonersmeds.com\/wp-content\/uploads\/2022\/03\/Brown-Heroin-60-pure.jpg\",\"contentUrl\":\"https:\/\/stonersmeds.com\/wp-content\/uploads\/2022\/03\/Brown-Heroin-60-pure.jpg\",\"width\":600,\"height\":600},{\"@type\":\"BreadcrumbList\",\"@id\":\"https:\/\/stonersmeds.com\/shop\/buy-brown-heroin-99-pure-online\/#breadcrumb\",\"itemListElement\":[{\"@type\":\"ListItem\",\"position\":1,\"name\":\"Home\",\"item\":\"https:\/\/stonersmeds.com\/\"},{\"@type\":\"ListItem\",\"position\":2,\"name\":\"Shop\",\"item\":\"https:\/\/stonersmeds.com\/shop\/\"},{\"@type\":\"ListItem\",\"position\":3,\"name\":\"Buy Brown Heroin 99% Pure Online\"}]},{\"@type\":\"WebSite\",\"@id\":\"https:\/\/stonersmeds.com\/#website\",\"url\":\"https:\/\/stonersmeds.com\/\",\"name\":\"stonersmeds.com\",\"description\":\"verschreibungspflichtige Medizin kaufen\",\"publisher\":{\"@id\":\"https:\/\/stonersmeds.com\/#organization\"},\"alternateName\":\"Research chemical shop\",\"potentialAction\":[{\"@type\":\"SearchAction\",\"target\":{\"@type\":\"EntryPoint\",\"urlTemplate\":\"https:\/\/stonersmeds.com\/?s={search_term_string}\"},\"query-input\":{\"@type\":\"PropertyValueSpecification\",\"valueRequired\":true,\"valueName\":\"search_term_string\"}}],\"inLanguage\":\"cs\"},{\"@type\":\"Organization\",\"@id\":\"https:\/\/stonersmeds.com\/#organization\",\"name\":\"Stonersmeds Shop\",\"url\":\"https:\/\/stonersmeds.com\/\",\"logo\":{\"@type\":\"ImageObject\",\"inLanguage\":\"cs\",\"@id\":\"https:\/\/stonersmeds.com\/#\/schema\/logo\/image\/\",\"url\":\"https:\/\/stonersmeds.com\/wp-content\/uploads\/2026\/02\/high-purity-DMT-powder.jpg\",\"contentUrl\":\"https:\/\/stonersmeds.com\/wp-content\/uploads\/2026\/02\/high-purity-DMT-powder.jpg\",\"width\":500,\"height\":500,\"caption\":\"Stonersmeds Shop\"},\"image\":{\"@id\":\"https:\/\/stonersmeds.com\/#\/schema\/logo\/image\/\"}}]}<\/script>\n<meta property=\"product:price:amount\" content=\"60.00\" \/>\n<meta property=\"product:price:currency\" content=\"USD\" \/>\n<meta property=\"og:availability\" content=\"instock\" \/>\n<meta property=\"product:availability\" content=\"instock\" \/>\n<meta property=\"product:condition\" content=\"new\" \/>\n<!-- \/ Yoast SEO plugin. -->","yoast_head_json":{"title":"Kupte si Brown Heroin 99% Pure online \u2013 levn\u00e1 cena, nejlep\u0161\u00ed kvalita","description":"Kupte si hn\u011bd\u00fd heroin online za dostupnou cenu u stonersmeds. V\u0161echny produkty jsou kvalifikovan\u00e9 v laborato\u0159i a maj\u00ed pr\u00e9miovou kvalitu.","robots":{"index":"index","follow":"follow","max-snippet":"max-snippet:-1","max-image-preview":"max-image-preview:large","max-video-preview":"max-video-preview:-1"},"canonical":"https:\/\/stonersmeds.com\/cs\/shop\/buy-brown-heroin-99-pure-online\/","og_locale":"cs_CZ","og_type":"article","og_title":"Buy Brown Heroin 99% Pure Online - Cheap price, Best quality","og_description":"Buy brown heroin Online at an affordable price at stonersmeds. All products are lab qualified and have premium quality.","og_url":"https:\/\/stonersmeds.com\/cs\/shop\/buy-brown-heroin-99-pure-online\/","og_site_name":"stonersmeds.com","article_modified_time":"2026-03-02T14:10:06+00:00","og_image":[{"width":600,"height":600,"url":"https:\/\/stonersmeds.com\/wp-content\/uploads\/2022\/03\/Brown-Heroin-60-pure.jpg","type":"image\/jpeg"}],"twitter_card":"summary_large_image","twitter_misc":{"Cena":"60&#36;","Dostupnost":"Skladem"},"schema":{"@context":"https:\/\/schema.org","@graph":[{"@type":"WebPage","@id":"https:\/\/stonersmeds.com\/shop\/buy-brown-heroin-99-pure-online\/","url":"https:\/\/stonersmeds.com\/shop\/buy-brown-heroin-99-pure-online\/","name":"Kupte si Brown Heroin 99% Pure online \u2013 levn\u00e1 cena, nejlep\u0161\u00ed kvalita","isPartOf":{"@id":"https:\/\/stonersmeds.com\/#website"},"primaryImageOfPage":{"@id":"https:\/\/stonersmeds.com\/shop\/buy-brown-heroin-99-pure-online\/#primaryimage"},"image":{"@id":"https:\/\/stonersmeds.com\/shop\/buy-brown-heroin-99-pure-online\/#primaryimage"},"thumbnailUrl":"https:\/\/stonersmeds.com\/wp-content\/uploads\/2022\/03\/Brown-Heroin-60-pure.jpg","datePublished":"2022-03-11T14:15:04+00:00","dateModified":"2026-03-02T14:10:06+00:00","description":"Kupte si hn\u011bd\u00fd heroin online za dostupnou cenu u stonersmeds. V\u0161echny produkty jsou kvalifikovan\u00e9 v laborato\u0159i a maj\u00ed pr\u00e9miovou kvalitu.","breadcrumb":{"@id":"https:\/\/stonersmeds.com\/shop\/buy-brown-heroin-99-pure-online\/#breadcrumb"},"inLanguage":"cs","potentialAction":[{"@type":"ReadAction","target":["https:\/\/stonersmeds.com\/shop\/buy-brown-heroin-99-pure-online\/"]}]},{"@type":"ImageObject","inLanguage":"cs","@id":"https:\/\/stonersmeds.com\/shop\/buy-brown-heroin-99-pure-online\/#primaryimage","url":"https:\/\/stonersmeds.com\/wp-content\/uploads\/2022\/03\/Brown-Heroin-60-pure.jpg","contentUrl":"https:\/\/stonersmeds.com\/wp-content\/uploads\/2022\/03\/Brown-Heroin-60-pure.jpg","width":600,"height":600},{"@type":"BreadcrumbList","@id":"https:\/\/stonersmeds.com\/shop\/buy-brown-heroin-99-pure-online\/#breadcrumb","itemListElement":[{"@type":"ListItem","position":1,"name":"Home","item":"https:\/\/stonersmeds.com\/"},{"@type":"ListItem","position":2,"name":"Shop","item":"https:\/\/stonersmeds.com\/shop\/"},{"@type":"ListItem","position":3,"name":"Buy Brown Heroin 99% Pure Online"}]},{"@type":"WebSite","@id":"https:\/\/stonersmeds.com\/#website","url":"https:\/\/stonersmeds.com\/","name":"stonersmeds.com","description":"verschreibungspflichtige Medizin kaufen","publisher":{"@id":"https:\/\/stonersmeds.com\/#organization"},"alternateName":"Research chemical shop","potentialAction":[{"@type":"SearchAction","target":{"@type":"EntryPoint","urlTemplate":"https:\/\/stonersmeds.com\/?s={search_term_string}"},"query-input":{"@type":"PropertyValueSpecification","valueRequired":true,"valueName":"search_term_string"}}],"inLanguage":"cs"},{"@type":"Organization","@id":"https:\/\/stonersmeds.com\/#organization","name":"Stonersmeds Shop","url":"https:\/\/stonersmeds.com\/","logo":{"@type":"ImageObject","inLanguage":"cs","@id":"https:\/\/stonersmeds.com\/#\/schema\/logo\/image\/","url":"https:\/\/stonersmeds.com\/wp-content\/uploads\/2026\/02\/high-purity-DMT-powder.jpg","contentUrl":"https:\/\/stonersmeds.com\/wp-content\/uploads\/2026\/02\/high-purity-DMT-powder.jpg","width":500,"height":500,"caption":"Stonersmeds Shop"},"image":{"@id":"https:\/\/stonersmeds.com\/#\/schema\/logo\/image\/"}}]},"product_price_amount":"60.00","product_price_currency":"USD","og_availability":"instock","product_availability":"instock","product_condition":"new"},"_links":{"self":[{"href":"https:\/\/stonersmeds.com\/cs\/wp-json\/wp\/v2\/product\/9162","targetHints":{"allow":["GET"]}}],"collection":[{"href":"https:\/\/stonersmeds.com\/cs\/wp-json\/wp\/v2\/product"}],"about":[{"href":"https:\/\/stonersmeds.com\/cs\/wp-json\/wp\/v2\/types\/product"}],"replies":[{"embeddable":true,"href":"https:\/\/stonersmeds.com\/cs\/wp-json\/wp\/v2\/comments?post=9162"}],"version-history":[{"count":0,"href":"https:\/\/stonersmeds.com\/cs\/wp-json\/wp\/v2\/product\/9162\/revisions"}],"wp:featuredmedia":[{"embeddable":true,"href":"https:\/\/stonersmeds.com\/cs\/wp-json\/wp\/v2\/media\/9173"}],"wp:attachment":[{"href":"https:\/\/stonersmeds.com\/cs\/wp-json\/wp\/v2\/media?parent=9162"}],"wp:term":[{"taxonomy":"product_brand","embeddable":true,"href":"https:\/\/stonersmeds.com\/cs\/wp-json\/wp\/v2\/product_brand?post=9162"},{"taxonomy":"product_cat","embeddable":true,"href":"https:\/\/stonersmeds.com\/cs\/wp-json\/wp\/v2\/product_cat?post=9162"},{"taxonomy":"product_tag","embeddable":true,"href":"https:\/\/stonersmeds.com\/cs\/wp-json\/wp\/v2\/product_tag?post=9162"},{"taxonomy":"product_brands","embeddable":true,"href":"https:\/\/stonersmeds.com\/cs\/wp-json\/wp\/v2\/product_brands?post=9162"}],"curies":[{"name":"wp","href":"https:\/\/api.w.org\/{rel}","templated":true}]}}