{"id":9968,"date":"2022-03-12T03:49:50","date_gmt":"2022-03-12T03:49:50","guid":{"rendered":"https:\/\/stonersmeds.com\/?post_type=product&#038;p=9968"},"modified":"2026-02-24T10:20:34","modified_gmt":"2026-02-24T08:20:34","slug":"buy-onax-2mg-alprazolam-pills-online","status":"publish","type":"product","link":"https:\/\/stonersmeds.com\/cs\/shop\/buy-onax-2mg-alprazolam-pills-online\/","title":{"rendered":"Koupit Onax 2mg Alprazolam pilulky online"},"content":{"rendered":"<h1>Buy Onax 20mg online Alprazolam pills.<\/h1>\n<p>Alprazolam je siln\u00e1 droga, kter\u00e1 se obvykle prod\u00e1v\u00e1 pod n\u00e1zvem Onax. Psychiatrick\u00e9 poruchy P\u0159\u00edpravek Onax 2 mg je zn\u00e1m\u00fd tak\u00e9 jako l\u00e9k na anxiolytick\u00e9 poruchy, p\u0159i kter\u00fdch lid\u00e9 poci\u0165uj\u00ed silnou \u00fazkost. Onax 2 mg si u n\u00e1s m\u016f\u017eete koupit tak\u00e9 online a m\u00edt tak sv\u016fj \u017eivot zcela pod kontrolou. Psychiatrick\u00e9 poruchy jsou tak\u00e9 zn\u00e1m\u00e9 jako panick\u00e9 poruchy, p\u0159i kter\u00fdch lid\u00e9 za\u017e\u00edvaj\u00ed z\u00e1chvaty paniky. Tyto z\u00e1chvaty za\u010d\u00ednaj\u00ed n\u00e1hl\u00fdm pocitem zastra\u0161en\u00ed a strachu bez jak\u00e9koli p\u0159\u00ed\u010diny. Z nezn\u00e1m\u00fdch d\u016fvod\u016f nebo z n\u011bjak\u00e9ho jin\u00e9ho vysv\u011btlen\u00ed m\u016f\u017eeme m\u00edt strach. Tito lid\u00e9 maj\u00ed pocit, \u017ee nejsou zodpov\u011bdn\u00ed za sv\u00e9 vlastn\u00ed faktory nebo faktory prost\u0159ed\u00ed. Koupit Onax 20mg online, tyto projevy zahrnuj\u00ed zrychlen\u00fd tep, brn\u011bn\u00ed v rukou, pocit chladu nebo zimy, pocen\u00ed, z\u00e1vrat\u011b, bolest \u017ealudku nebo na hrudi, pot\u00ed\u017ee s d\u00fdch\u00e1n\u00edm a tak d\u00e1le. U\u017e\u00edv\u00e1n\u00ed p\u0159\u00edpravku ONAX v\u00e1s v\u0161ech t\u011bchto pot\u00ed\u017e\u00ed u\u0161et\u0159\u00ed.<\/p>\n<p>&nbsp;<\/p>\n<p>&nbsp;<\/p>\n<p>&nbsp;<\/p>\n<pre><strong>Alprazolam pilulky online - koupit Onax 2mg , koupit Onax 2mg Alprazolam pilulky , koupit Onax 2mg Alprazolam pilulky online, kde koupit Onax 2mg Alprazolam pilulky , Onax 2mg Alprazolam pilulky na prodej, Alprazolam pilulky na prodej, koupit Onax Alprazolam pilulky online, kde koupit Onax 2mg Alprazolam pilulky online, Onax 2mg Alprazolam pills for sale in usa , USA, canada,uk, koupit, online, dodavatel\u00e9, bezpe\u010dn\u00e9 doru\u010den\u00ed, st\u00e1le m\u016f\u017eete z\u00edskat Onax 2mg Alprazolam pills , Is Onax 2mg Alprazolam pills legal in usa, koupit Onax 2mg Alprazolam pills online usa, how to order Onax 2mg Alprazolam pills , Is Onax 2mg Alprazolam pills legal in Canada<\/strong><\/pre>","protected":false},"excerpt":{"rendered":"<p>Koupit Onax 2mg Alprazolam pilulky online. Alprazolam se pou\u017e\u00edv\u00e1 k l\u00e9\u010db\u011b probl\u00e9mu nervozity, \u0161\u00edlenstv\u00ed a neklidu zp\u016fsoben\u00e9ho ne\u0161t\u011bst\u00edm.<\/p>\n<p>cena produktu je: za pilulku<br \/>\n<strong>Minim\u00e1ln\u00ed mno\u017estv\u00ed pro objedn\u00e1vku je: 50 pilulek<\/strong><\/p>\n<pre><\/pre>","protected":false},"featured_media":9979,"comment_status":"open","ping_status":"closed","template":"","meta":{"_bst_post_transparent":"","_bst_post_title":"","_bst_post_layout":"","_bst_post_sidebar_id":"","_bst_post_content_style":"","_bst_post_vertical_padding":"","_bst_post_feature":"","_bst_post_feature_position":"","_bst_post_header":false,"_bst_post_footer":false},"product_brand":[],"product_cat":[769,77,771,770],"product_tag":[1120,1116,1130,1122,1129,1135,1127,1114,1117,1119,1121,1132,1136,1126,1115,1118,1125,1131,1124,1123,1128,1134,1133],"product_brands":[],"class_list":{"0":"post-9968","1":"product","2":"type-product","3":"status-publish","4":"has-post-thumbnail","6":"product_cat-pain-pills","7":"product_cat-pain-sleeping-sex-pills","8":"product_cat-sex-pills","9":"product_cat-sleeping-pills","10":"product_tag-2mg-alprazolam","11":"product_tag-2mg-alprazolam-bars","12":"product_tag-alprazolam-0-25-mg-and-alcohol","13":"product_tag-alprazolam-0-25-mg-for-sleep","14":"product_tag-alprazolam-0-25-mg-side-effects","15":"product_tag-alprazolam-0-5-mg-tab","16":"product_tag-alprazolam-2mg-bars-for-sale","17":"product_tag-alprazolam-2mg-for-sale","18":"product_tag-alprazolam-2mg-in-canada","19":"product_tag-alprazolam-2mg-white-bar","20":"product_tag-alprazolam-farmapram","21":"product_tag-alprazolam-for-sleep-dosage","22":"product_tag-alprazolam-medication-25mg","23":"product_tag-alprazolam-xanax-2-mg-tablet","24":"product_tag-farmapram-2mg-buy","25":"product_tag-farmapram-alprazolam-2mg","26":"product_tag-overnight-delivery-xanax-2mg","27":"product_tag-xanax-0-25-for-sleep","28":"product_tag-xanax-2mg-bars-overnight","29":"product_tag-xanax-2mg-bars-overnight-uk","30":"product_tag-xanax-alprazolam-2mg","31":"product_tag-xanax-at-bedtime","32":"product_tag-xanax-for-sleep-dosage","34":"first","35":"instock","36":"shipping-taxable","37":"purchasable","38":"product-type-variable","39":"entry","40":"content-bg","41":"loop-entry"},"tiered_pricing_type":"fixed","tiered_pricing_fixed_rules":[],"tiered_pricing_percentage_rules":[],"tiered_pricing_minimum":1,"_administrator_tiered_pricing_type":"fixed","_administrator_tiered_pricing_fixed_rules":[],"_editor_tiered_pricing_type":"fixed","_editor_tiered_pricing_fixed_rules":[],"_author_tiered_pricing_type":"fixed","_author_tiered_pricing_fixed_rules":[],"_contributor_tiered_pricing_type":"fixed","_contributor_tiered_pricing_fixed_rules":[],"_subscriber_tiered_pricing_type":"fixed","_subscriber_tiered_pricing_fixed_rules":[],"_customer_tiered_pricing_type":"fixed","_customer_tiered_pricing_fixed_rules":[],"_shop_manager_tiered_pricing_type":"fixed","_shop_manager_tiered_pricing_fixed_rules":[],"_wpseo_manager_tiered_pricing_type":"fixed","_wpseo_manager_tiered_pricing_fixed_rules":[],"_wpseo_editor_tiered_pricing_type":"fixed","_wpseo_editor_tiered_pricing_fixed_rules":[],"yoast_head":"<!-- This site is optimized with the Yoast SEO plugin v27.2 - https:\/\/yoast.com\/product\/yoast-seo-wordpress\/ -->\n<title>Buy Onax 20mg online, Onax 2mg White Bars<\/title>\n<meta name=\"description\" content=\"Are you looking for where to buy Onax 2mg online without prescription?,visit us today for the best prices.\" \/>\n<meta name=\"robots\" content=\"index, follow, max-snippet:-1, max-image-preview:large, max-video-preview:-1\" \/>\n<link rel=\"canonical\" href=\"https:\/\/stonersmeds.com\/cs\/shop\/buy-onax-2mg-alprazolam-pills-online\/\" \/>\n<meta property=\"og:locale\" content=\"cs_CZ\" \/>\n<meta property=\"og:type\" content=\"article\" \/>\n<meta property=\"og:title\" content=\"Buy Onax 20mg online, Onax 2mg White Bars\" \/>\n<meta property=\"og:description\" content=\"Are you looking for where to buy Onax 2mg online without prescription?,visit us today for the best prices.\" \/>\n<meta property=\"og:url\" content=\"https:\/\/stonersmeds.com\/cs\/shop\/buy-onax-2mg-alprazolam-pills-online\/\" \/>\n<meta property=\"og:site_name\" content=\"stonersmeds.com\" \/>\n<meta property=\"article:modified_time\" content=\"2026-02-24T08:20:34+00:00\" \/>\n<meta property=\"og:image\" content=\"https:\/\/stonersmeds.com\/wp-content\/uploads\/2022\/03\/buy-onax-2mg-alprazolam-pills-online.jpg\" \/>\n\t<meta property=\"og:image:width\" content=\"600\" \/>\n\t<meta property=\"og:image:height\" content=\"600\" \/>\n\t<meta property=\"og:image:type\" content=\"image\/jpeg\" \/>\n<meta name=\"twitter:card\" content=\"summary_large_image\" \/>\n<meta name=\"twitter:label1\" content=\"Dostupnost\" \/>\n\t<meta name=\"twitter:data1\" content=\"Skladem\" \/>\n<script type=\"application\/ld+json\" class=\"yoast-schema-graph\">{\"@context\":\"https:\/\/schema.org\",\"@graph\":[{\"@type\":\"WebPage\",\"@id\":\"https:\/\/stonersmeds.com\/shop\/buy-onax-2mg-alprazolam-pills-online\/\",\"url\":\"https:\/\/stonersmeds.com\/shop\/buy-onax-2mg-alprazolam-pills-online\/\",\"name\":\"Buy Onax 20mg online, Onax 2mg White Bars\",\"isPartOf\":{\"@id\":\"https:\/\/stonersmeds.com\/#website\"},\"primaryImageOfPage\":{\"@id\":\"https:\/\/stonersmeds.com\/shop\/buy-onax-2mg-alprazolam-pills-online\/#primaryimage\"},\"image\":{\"@id\":\"https:\/\/stonersmeds.com\/shop\/buy-onax-2mg-alprazolam-pills-online\/#primaryimage\"},\"thumbnailUrl\":\"https:\/\/stonersmeds.com\/wp-content\/uploads\/2022\/03\/buy-onax-2mg-alprazolam-pills-online.jpg\",\"datePublished\":\"2022-03-12T03:49:50+00:00\",\"dateModified\":\"2026-02-24T08:20:34+00:00\",\"description\":\"Are you looking for where to buy Onax 2mg online without prescription?,visit us today for the best prices.\",\"breadcrumb\":{\"@id\":\"https:\/\/stonersmeds.com\/shop\/buy-onax-2mg-alprazolam-pills-online\/#breadcrumb\"},\"inLanguage\":\"cs\",\"potentialAction\":[{\"@type\":\"ReadAction\",\"target\":[\"https:\/\/stonersmeds.com\/shop\/buy-onax-2mg-alprazolam-pills-online\/\"]}]},{\"@type\":\"ImageObject\",\"inLanguage\":\"cs\",\"@id\":\"https:\/\/stonersmeds.com\/shop\/buy-onax-2mg-alprazolam-pills-online\/#primaryimage\",\"url\":\"https:\/\/stonersmeds.com\/wp-content\/uploads\/2022\/03\/buy-onax-2mg-alprazolam-pills-online.jpg\",\"contentUrl\":\"https:\/\/stonersmeds.com\/wp-content\/uploads\/2022\/03\/buy-onax-2mg-alprazolam-pills-online.jpg\",\"width\":600,\"height\":600},{\"@type\":\"BreadcrumbList\",\"@id\":\"https:\/\/stonersmeds.com\/shop\/buy-onax-2mg-alprazolam-pills-online\/#breadcrumb\",\"itemListElement\":[{\"@type\":\"ListItem\",\"position\":1,\"name\":\"Home\",\"item\":\"https:\/\/stonersmeds.com\/\"},{\"@type\":\"ListItem\",\"position\":2,\"name\":\"Shop\",\"item\":\"https:\/\/stonersmeds.com\/shop\/\"},{\"@type\":\"ListItem\",\"position\":3,\"name\":\"Buy Onax 2mg Alprazolam pills online\"}]},{\"@type\":\"WebSite\",\"@id\":\"https:\/\/stonersmeds.com\/#website\",\"url\":\"https:\/\/stonersmeds.com\/\",\"name\":\"stonersmeds.com\",\"description\":\"verschreibungspflichtige Medizin kaufen\",\"publisher\":{\"@id\":\"https:\/\/stonersmeds.com\/#organization\"},\"alternateName\":\"Research chemical shop\",\"potentialAction\":[{\"@type\":\"SearchAction\",\"target\":{\"@type\":\"EntryPoint\",\"urlTemplate\":\"https:\/\/stonersmeds.com\/?s={search_term_string}\"},\"query-input\":{\"@type\":\"PropertyValueSpecification\",\"valueRequired\":true,\"valueName\":\"search_term_string\"}}],\"inLanguage\":\"cs\"},{\"@type\":\"Organization\",\"@id\":\"https:\/\/stonersmeds.com\/#organization\",\"name\":\"Stonersmeds Shop\",\"url\":\"https:\/\/stonersmeds.com\/\",\"logo\":{\"@type\":\"ImageObject\",\"inLanguage\":\"cs\",\"@id\":\"https:\/\/stonersmeds.com\/#\/schema\/logo\/image\/\",\"url\":\"https:\/\/stonersmeds.com\/wp-content\/uploads\/2026\/02\/high-purity-DMT-powder.jpg\",\"contentUrl\":\"https:\/\/stonersmeds.com\/wp-content\/uploads\/2026\/02\/high-purity-DMT-powder.jpg\",\"width\":500,\"height\":500,\"caption\":\"Stonersmeds Shop\"},\"image\":{\"@id\":\"https:\/\/stonersmeds.com\/#\/schema\/logo\/image\/\"}}]}<\/script>\n<meta property=\"og:availability\" content=\"instock\" \/>\n<meta property=\"product:availability\" content=\"instock\" \/>\n<meta property=\"product:condition\" content=\"new\" \/>\n<!-- \/ Yoast SEO plugin. -->","yoast_head_json":{"title":"Koupit Onax 20mg online, Onax 2mg White Bars","description":"Hled\u00e1te, kde koupit Onax 2mg online bez l\u00e9ka\u0159sk\u00e9ho p\u0159edpisu?, nav\u0161tivte n\u00e1s je\u0161t\u011b dnes za nejlep\u0161\u00ed ceny.","robots":{"index":"index","follow":"follow","max-snippet":"max-snippet:-1","max-image-preview":"max-image-preview:large","max-video-preview":"max-video-preview:-1"},"canonical":"https:\/\/stonersmeds.com\/cs\/shop\/buy-onax-2mg-alprazolam-pills-online\/","og_locale":"cs_CZ","og_type":"article","og_title":"Buy Onax 20mg online, Onax 2mg White Bars","og_description":"Are you looking for where to buy Onax 2mg online without prescription?,visit us today for the best prices.","og_url":"https:\/\/stonersmeds.com\/cs\/shop\/buy-onax-2mg-alprazolam-pills-online\/","og_site_name":"stonersmeds.com","article_modified_time":"2026-02-24T08:20:34+00:00","og_image":[{"width":600,"height":600,"url":"https:\/\/stonersmeds.com\/wp-content\/uploads\/2022\/03\/buy-onax-2mg-alprazolam-pills-online.jpg","type":"image\/jpeg"}],"twitter_card":"summary_large_image","twitter_misc":{"Dostupnost":"Skladem"},"schema":{"@context":"https:\/\/schema.org","@graph":[{"@type":"WebPage","@id":"https:\/\/stonersmeds.com\/shop\/buy-onax-2mg-alprazolam-pills-online\/","url":"https:\/\/stonersmeds.com\/shop\/buy-onax-2mg-alprazolam-pills-online\/","name":"Koupit Onax 20mg online, Onax 2mg White Bars","isPartOf":{"@id":"https:\/\/stonersmeds.com\/#website"},"primaryImageOfPage":{"@id":"https:\/\/stonersmeds.com\/shop\/buy-onax-2mg-alprazolam-pills-online\/#primaryimage"},"image":{"@id":"https:\/\/stonersmeds.com\/shop\/buy-onax-2mg-alprazolam-pills-online\/#primaryimage"},"thumbnailUrl":"https:\/\/stonersmeds.com\/wp-content\/uploads\/2022\/03\/buy-onax-2mg-alprazolam-pills-online.jpg","datePublished":"2022-03-12T03:49:50+00:00","dateModified":"2026-02-24T08:20:34+00:00","description":"Hled\u00e1te, kde koupit Onax 2mg online bez l\u00e9ka\u0159sk\u00e9ho p\u0159edpisu?, nav\u0161tivte n\u00e1s je\u0161t\u011b dnes za nejlep\u0161\u00ed ceny.","breadcrumb":{"@id":"https:\/\/stonersmeds.com\/shop\/buy-onax-2mg-alprazolam-pills-online\/#breadcrumb"},"inLanguage":"cs","potentialAction":[{"@type":"ReadAction","target":["https:\/\/stonersmeds.com\/shop\/buy-onax-2mg-alprazolam-pills-online\/"]}]},{"@type":"ImageObject","inLanguage":"cs","@id":"https:\/\/stonersmeds.com\/shop\/buy-onax-2mg-alprazolam-pills-online\/#primaryimage","url":"https:\/\/stonersmeds.com\/wp-content\/uploads\/2022\/03\/buy-onax-2mg-alprazolam-pills-online.jpg","contentUrl":"https:\/\/stonersmeds.com\/wp-content\/uploads\/2022\/03\/buy-onax-2mg-alprazolam-pills-online.jpg","width":600,"height":600},{"@type":"BreadcrumbList","@id":"https:\/\/stonersmeds.com\/shop\/buy-onax-2mg-alprazolam-pills-online\/#breadcrumb","itemListElement":[{"@type":"ListItem","position":1,"name":"Home","item":"https:\/\/stonersmeds.com\/"},{"@type":"ListItem","position":2,"name":"Shop","item":"https:\/\/stonersmeds.com\/shop\/"},{"@type":"ListItem","position":3,"name":"Buy Onax 2mg Alprazolam pills online"}]},{"@type":"WebSite","@id":"https:\/\/stonersmeds.com\/#website","url":"https:\/\/stonersmeds.com\/","name":"stonersmeds.com","description":"verschreibungspflichtige Medizin kaufen","publisher":{"@id":"https:\/\/stonersmeds.com\/#organization"},"alternateName":"Research chemical shop","potentialAction":[{"@type":"SearchAction","target":{"@type":"EntryPoint","urlTemplate":"https:\/\/stonersmeds.com\/?s={search_term_string}"},"query-input":{"@type":"PropertyValueSpecification","valueRequired":true,"valueName":"search_term_string"}}],"inLanguage":"cs"},{"@type":"Organization","@id":"https:\/\/stonersmeds.com\/#organization","name":"Stonersmeds Shop","url":"https:\/\/stonersmeds.com\/","logo":{"@type":"ImageObject","inLanguage":"cs","@id":"https:\/\/stonersmeds.com\/#\/schema\/logo\/image\/","url":"https:\/\/stonersmeds.com\/wp-content\/uploads\/2026\/02\/high-purity-DMT-powder.jpg","contentUrl":"https:\/\/stonersmeds.com\/wp-content\/uploads\/2026\/02\/high-purity-DMT-powder.jpg","width":500,"height":500,"caption":"Stonersmeds Shop"},"image":{"@id":"https:\/\/stonersmeds.com\/#\/schema\/logo\/image\/"}}]},"og_availability":"instock","product_availability":"instock","product_condition":"new"},"_links":{"self":[{"href":"https:\/\/stonersmeds.com\/cs\/wp-json\/wp\/v2\/product\/9968","targetHints":{"allow":["GET"]}}],"collection":[{"href":"https:\/\/stonersmeds.com\/cs\/wp-json\/wp\/v2\/product"}],"about":[{"href":"https:\/\/stonersmeds.com\/cs\/wp-json\/wp\/v2\/types\/product"}],"replies":[{"embeddable":true,"href":"https:\/\/stonersmeds.com\/cs\/wp-json\/wp\/v2\/comments?post=9968"}],"version-history":[{"count":0,"href":"https:\/\/stonersmeds.com\/cs\/wp-json\/wp\/v2\/product\/9968\/revisions"}],"wp:featuredmedia":[{"embeddable":true,"href":"https:\/\/stonersmeds.com\/cs\/wp-json\/wp\/v2\/media\/9979"}],"wp:attachment":[{"href":"https:\/\/stonersmeds.com\/cs\/wp-json\/wp\/v2\/media?parent=9968"}],"wp:term":[{"taxonomy":"product_brand","embeddable":true,"href":"https:\/\/stonersmeds.com\/cs\/wp-json\/wp\/v2\/product_brand?post=9968"},{"taxonomy":"product_cat","embeddable":true,"href":"https:\/\/stonersmeds.com\/cs\/wp-json\/wp\/v2\/product_cat?post=9968"},{"taxonomy":"product_tag","embeddable":true,"href":"https:\/\/stonersmeds.com\/cs\/wp-json\/wp\/v2\/product_tag?post=9968"},{"taxonomy":"product_brands","embeddable":true,"href":"https:\/\/stonersmeds.com\/cs\/wp-json\/wp\/v2\/product_brands?post=9968"}],"curies":[{"name":"wp","href":"https:\/\/api.w.org\/{rel}","templated":true}]}}