{"id":10012,"date":"2022-03-12T04:08:52","date_gmt":"2022-03-12T04:08:52","guid":{"rendered":"https:\/\/stonersmeds.com\/?post_type=product&#038;p=10012"},"modified":"2026-03-02T00:00:45","modified_gmt":"2026-03-01T22:00:45","slug":"buy-restoril-30mg-temezepam-pills-online","status":"publish","type":"product","link":"https:\/\/stonersmeds.com\/da\/shop\/buy-restoril-30mg-temezepam-pills-online\/","title":{"rendered":"K\u00f8b Restoril 30mg Temazepam piller"},"content":{"rendered":"<h1><strong>K\u00f8b Restoril 30mg online - temazepam - K\u00f8b Restoril online uden recept.<\/strong><\/h1>\n<p>Restoril (Temazepam) er et benzodiazepin (ben-Zoe-dye-AZE-eh-peen). Temazepam p\u00e5virker kemikalier i hjernen, som kan v\u00e6re i ubalance hos personer med s\u00f8vnproblemer (s\u00f8vnl\u00f8shed). Restoril bruges til at behandle symptomer p\u00e5 s\u00f8vnl\u00f8shed, s\u00e5som problemer med at falde i s\u00f8vn eller holde sig i s\u00f8vn. Restoril virker ved at bremse centralnervesystemet (hjernen), hvilket for\u00e5rsager d\u00f8sighed, som hj\u00e6lper patienterne med at falde i s\u00f8vn.<\/p>\n<h2>ANVENDELSE AF RESTORIL:<\/h2>\n<p>Denne medicin bruges til at behandle et bestemt s\u00f8vnproblem (s\u00f8vnl\u00f8shed). Det kan hj\u00e6lpe dig med at falde hurtigere i s\u00f8vn, sove l\u00e6ngere og mindske, hvor ofte du v\u00e5gner i l\u00f8bet af natten, s\u00e5 du kan f\u00e5 en bedre nattes\u00f8vn. Temazepam tilh\u00f8rer en klasse af l\u00e6gemidler, der kaldes beroligende hypnotika. Det virker p\u00e5 din hjerne for at give en beroligende virkning.<\/p>\n<p>Brug af denne medicin er normalt begr\u00e6nset til korte behandlingsperioder p\u00e5 1 til 2 uger eller mindre. Hvis din\u00a0<a class=\"crossLinked\" href=\"https:\/\/www.webmd.com\/sleep-disorders\/living-with-insomnia-11\/slideshow-insomnia\">s\u00f8vnl\u00f8shed<\/a>\u00a0forts\u00e6tter i l\u00e6ngere tid, skal du tale med din l\u00e6ge for at se, om du har brug for anden behandling.<\/p>\n<h3>S\u00e5dan bruger du Restoril:<\/h3>\n<ul>\n<li>L\u00e6s medicinvejledningen fra apoteket, f\u00f8r du begynder at bruge temazepam, og hver gang du f\u00e5r en genopfyldning. Hvis du har sp\u00f8rgsm\u00e5l, skal du sp\u00f8rge din l\u00e6ge eller apoteker.<\/li>\n<li>Tag denne medicin gennem munden med eller uden mad som anvist af din l\u00e6ge, normalt lige f\u00f8r du g\u00e5r i seng. Doseringen er baseret p\u00e5 din medicinske tilstand, alder og respons p\u00e5 behandlingen.<\/li>\n<li>Selv om det er usandsynligt, kan dette l\u00e6gemiddel sj\u00e6ldent for\u00e5rsage midlertidigt kortvarigt hukommelsestab. For at mindske risikoen for dette, m\u00e5 du ikke tage en dosis af dette l\u00e6gemiddel, medmindre du har tid til en hel nats s\u00f8vn p\u00e5 mindst 7 til 8 timer. Hvis du skal v\u00e5gne f\u00f8r det, kan du f\u00e5 noget hukommelsestab.<\/li>\n<li>I s\u00e5danne tilf\u00e6lde kan der opst\u00e5 abstinenssymptomer (s\u00e5som kvalme, opkastning, r\u00f8dme, mavekramper, nerv\u00f8sitet, rysten), hvis du pludselig holder op med at bruge denne medicin. For at forhindre abstinensreaktioner kan din l\u00e6ge reducere din dosis gradvist. Kontakt din l\u00e6ge eller apoteker for yderligere oplysninger, og indberet eventuelle abstinensreaktioner med det samme.<\/li>\n<\/ul>\n<h3>S\u00e5dan bruger du<\/h3>\n<ul>\n<li>Tal med din l\u00e6ge, hvis denne medicin holder op med at virke godt.<\/li>\n<li>Selv om det hj\u00e6lper mange mennesker, kan denne medicin undertiden for\u00e5rsage afh\u00e6ngighed. Denne risiko kan v\u00e6re h\u00f8jere, hvis du har en stofbrugsforstyrrelse (f.eks. overforbrug af eller afh\u00e6ngighed af stoffer\/alkohol). Tag denne medicin n\u00f8jagtigt som foreskrevet for at mindske risikoen for afh\u00e6ngighed. Sp\u00f8rg din l\u00e6ge eller apoteker om flere oplysninger.<\/li>\n<li>Fort\u00e6l din l\u00e6ge, hvis din tilstand forts\u00e6tter efter 7 til 10 dage, eller hvis den forv\u00e6rres.<\/li>\n<li>Du kan have problemer med at sove de f\u00f8rste par n\u00e6tter, efter at du er stoppet med at tage denne medicin. Det vil normalt forsvinde efter 1 eller 2 n\u00e6tter. Hvis denne effekt forts\u00e6tter, skal du kontakte din l\u00e6ge.<\/li>\n<\/ul>\n<h1><strong>Bedste sted at k\u00f8be Restoril 30mg Online uden recept | Legit Restoril 30mg til salg online<\/strong><\/h1>\n<p class=\"lead\">Her kan du sikkert og trygt k\u00f8be det online uden recept. Produkterne er af den bedste kvalitet og omkring 98.98% ren og FDA godkendt. Emballage er sikker og forsendelse er 100% diskret og levering er meget hurtig. Vi sender med DHL, FedEx og UPS for nu.<\/p>\n<p>Det g\u00f8r du\u00a0<strong>IKKE<\/strong>\u00a0har brug for en\u00a0<strong>Receptpligtig<\/strong>\u00a0for at bestille hos os. Bestil nu, og vi sender din pakke diskret til din adresse i hele verden.<\/p>","protected":false},"excerpt":{"rendered":"<p>K\u00f8b Restoril 30mg Temazepam piller online.<\/p>\n<p>Brand Name:\u00a0<strong>Restoril<\/strong><br \/>\nGenerisk:\u00a0<strong>Temazepam<\/strong><br \/>\nTilg\u00e6ngelig styrke: 30mg<br \/>\nEmballage: Blister<br \/>\nFremstillet af : Novatris<\/p>\n<p>&nbsp;<\/p>","protected":false},"featured_media":10021,"comment_status":"open","ping_status":"closed","template":"","meta":{"_bst_post_transparent":"","_bst_post_title":"","_bst_post_layout":"","_bst_post_sidebar_id":"","_bst_post_content_style":"","_bst_post_vertical_padding":"","_bst_post_feature":"","_bst_post_feature_position":"","_bst_post_header":false,"_bst_post_footer":false},"product_brand":[],"product_cat":[77,770],"product_tag":[1077,1070,1064,1063,1067,1074,1076,1062,1075,1061,1068,1071,1065,1073,1069,1072,1066],"product_brands":[],"class_list":{"0":"post-10012","1":"product","2":"type-product","3":"status-publish","4":"has-post-thumbnail","6":"product_cat-pain-sleeping-sex-pills","7":"product_cat-sleeping-pills","8":"product_tag-20-mg-oxycontin-time-release","9":"product_tag-cost-of-temazepam-at-walmart","10":"product_tag-goodrx-temazepam","11":"product_tag-goodrx-temazepam-7-5","12":"product_tag-how-much-does-temazepam-cost","13":"product_tag-max-dose-of-temazepam","14":"product_tag-oxycodone-15mg-tablet-image","15":"product_tag-restorol-walgreens","16":"product_tag-temazepam-15-mg-goodrx","17":"product_tag-temazepam-30-mg-prices","18":"product_tag-temazepam-30-mg-sleeping-pills","19":"product_tag-temazepam-30-mg-street-price","20":"product_tag-temazepam-30-mg-street-value","21":"product_tag-temazepam-7-5-mg-price","22":"product_tag-temazepam-7-5-mg-prices","23":"product_tag-temazepam-cost-price","24":"product_tag-temazepam-cost-without-insurance","26":"first","27":"instock","28":"shipping-taxable","29":"purchasable","30":"product-type-variable","31":"entry","32":"content-bg","33":"loop-entry"},"tiered_pricing_type":"fixed","tiered_pricing_fixed_rules":[],"tiered_pricing_percentage_rules":[],"tiered_pricing_minimum":1,"_administrator_tiered_pricing_type":"fixed","_administrator_tiered_pricing_fixed_rules":[],"_editor_tiered_pricing_type":"fixed","_editor_tiered_pricing_fixed_rules":[],"_author_tiered_pricing_type":"fixed","_author_tiered_pricing_fixed_rules":[],"_contributor_tiered_pricing_type":"fixed","_contributor_tiered_pricing_fixed_rules":[],"_subscriber_tiered_pricing_type":"fixed","_subscriber_tiered_pricing_fixed_rules":[],"_customer_tiered_pricing_type":"fixed","_customer_tiered_pricing_fixed_rules":[],"_shop_manager_tiered_pricing_type":"fixed","_shop_manager_tiered_pricing_fixed_rules":[],"_wpseo_manager_tiered_pricing_type":"fixed","_wpseo_manager_tiered_pricing_fixed_rules":[],"_wpseo_editor_tiered_pricing_type":"fixed","_wpseo_editor_tiered_pricing_fixed_rules":[],"yoast_head":"<!-- This site is optimized with the Yoast SEO plugin v27.2 - https:\/\/yoast.com\/product\/yoast-seo-wordpress\/ -->\n<title>Buy Restoril 30mg online, Temazepam (Generic Restoril) 30mg Capsules<\/title>\n<meta name=\"description\" content=\"Buy Restoril 30mg online \u2013 temazepam \u2013 Buy Restoril online without prescription. Restoril (Temazepam) is a benzodiazepine\" \/>\n<meta name=\"robots\" content=\"index, follow, max-snippet:-1, max-image-preview:large, max-video-preview:-1\" \/>\n<link rel=\"canonical\" href=\"https:\/\/stonersmeds.com\/da\/shop\/buy-restoril-30mg-temezepam-pills-online\/\" \/>\n<meta property=\"og:locale\" content=\"da_DK\" \/>\n<meta property=\"og:type\" content=\"article\" \/>\n<meta property=\"og:title\" content=\"Buy Restoril 30mg online, Temazepam (Generic Restoril) 30mg Capsules\" \/>\n<meta property=\"og:description\" content=\"Buy Restoril 30mg online \u2013 temazepam \u2013 Buy Restoril online without prescription. Restoril (Temazepam) is a benzodiazepine\" \/>\n<meta property=\"og:url\" content=\"https:\/\/stonersmeds.com\/da\/shop\/buy-restoril-30mg-temezepam-pills-online\/\" \/>\n<meta property=\"og:site_name\" content=\"stonersmeds.com\" \/>\n<meta property=\"article:modified_time\" content=\"2026-03-01T22:00:45+00:00\" \/>\n<meta property=\"og:image\" content=\"https:\/\/stonersmeds.com\/wp-content\/uploads\/2022\/03\/Buy-Restoril-30mg-Temezepam-pills-online.jpg\" \/>\n\t<meta property=\"og:image:width\" content=\"600\" \/>\n\t<meta property=\"og:image:height\" content=\"600\" \/>\n\t<meta property=\"og:image:type\" content=\"image\/jpeg\" \/>\n<meta name=\"twitter:card\" content=\"summary_large_image\" \/>\n<meta name=\"twitter:label1\" content=\"Tilg\u00e6ngelighed\" \/>\n\t<meta name=\"twitter:data1\" content=\"P\u00e5 lager\" \/>\n<script type=\"application\/ld+json\" class=\"yoast-schema-graph\">{\"@context\":\"https:\/\/schema.org\",\"@graph\":[{\"@type\":\"WebPage\",\"@id\":\"https:\/\/stonersmeds.com\/de\/shop\/buy-restoril-30mg-temezepam-pills-online\/\",\"url\":\"https:\/\/stonersmeds.com\/de\/shop\/buy-restoril-30mg-temezepam-pills-online\/\",\"name\":\"Buy Restoril 30mg online, Temazepam (Generic Restoril) 30mg Capsules\",\"isPartOf\":{\"@id\":\"https:\/\/stonersmeds.com\/#website\"},\"primaryImageOfPage\":{\"@id\":\"https:\/\/stonersmeds.com\/de\/shop\/buy-restoril-30mg-temezepam-pills-online\/#primaryimage\"},\"image\":{\"@id\":\"https:\/\/stonersmeds.com\/de\/shop\/buy-restoril-30mg-temezepam-pills-online\/#primaryimage\"},\"thumbnailUrl\":\"https:\/\/stonersmeds.com\/wp-content\/uploads\/2022\/03\/Buy-Restoril-30mg-Temezepam-pills-online.jpg\",\"datePublished\":\"2022-03-12T04:08:52+00:00\",\"dateModified\":\"2026-03-01T22:00:45+00:00\",\"description\":\"Buy Restoril 30mg online \u2013 temazepam \u2013 Buy Restoril online without prescription. Restoril (Temazepam) is a benzodiazepine\",\"breadcrumb\":{\"@id\":\"https:\/\/stonersmeds.com\/de\/shop\/buy-restoril-30mg-temezepam-pills-online\/#breadcrumb\"},\"inLanguage\":\"da-DK\",\"potentialAction\":[{\"@type\":\"ReadAction\",\"target\":[\"https:\/\/stonersmeds.com\/de\/shop\/buy-restoril-30mg-temezepam-pills-online\/\"]}]},{\"@type\":\"ImageObject\",\"inLanguage\":\"da-DK\",\"@id\":\"https:\/\/stonersmeds.com\/de\/shop\/buy-restoril-30mg-temezepam-pills-online\/#primaryimage\",\"url\":\"https:\/\/stonersmeds.com\/wp-content\/uploads\/2022\/03\/Buy-Restoril-30mg-Temezepam-pills-online.jpg\",\"contentUrl\":\"https:\/\/stonersmeds.com\/wp-content\/uploads\/2022\/03\/Buy-Restoril-30mg-Temezepam-pills-online.jpg\",\"width\":600,\"height\":600},{\"@type\":\"BreadcrumbList\",\"@id\":\"https:\/\/stonersmeds.com\/de\/shop\/buy-restoril-30mg-temezepam-pills-online\/#breadcrumb\",\"itemListElement\":[{\"@type\":\"ListItem\",\"position\":1,\"name\":\"Home\",\"item\":\"https:\/\/stonersmeds.com\/\"},{\"@type\":\"ListItem\",\"position\":2,\"name\":\"Shop\",\"item\":\"https:\/\/stonersmeds.com\/shop\/\"},{\"@type\":\"ListItem\",\"position\":3,\"name\":\"Buy Restoril 30mg Temazepam pills\"}]},{\"@type\":\"WebSite\",\"@id\":\"https:\/\/stonersmeds.com\/#website\",\"url\":\"https:\/\/stonersmeds.com\/\",\"name\":\"stonersmeds.com\",\"description\":\"verschreibungspflichtige Medizin kaufen\",\"publisher\":{\"@id\":\"https:\/\/stonersmeds.com\/#organization\"},\"alternateName\":\"Research chemical shop\",\"potentialAction\":[{\"@type\":\"SearchAction\",\"target\":{\"@type\":\"EntryPoint\",\"urlTemplate\":\"https:\/\/stonersmeds.com\/?s={search_term_string}\"},\"query-input\":{\"@type\":\"PropertyValueSpecification\",\"valueRequired\":true,\"valueName\":\"search_term_string\"}}],\"inLanguage\":\"da-DK\"},{\"@type\":\"Organization\",\"@id\":\"https:\/\/stonersmeds.com\/#organization\",\"name\":\"Stonersmeds Shop\",\"url\":\"https:\/\/stonersmeds.com\/\",\"logo\":{\"@type\":\"ImageObject\",\"inLanguage\":\"da-DK\",\"@id\":\"https:\/\/stonersmeds.com\/#\/schema\/logo\/image\/\",\"url\":\"https:\/\/stonersmeds.com\/wp-content\/uploads\/2026\/02\/high-purity-DMT-powder.jpg\",\"contentUrl\":\"https:\/\/stonersmeds.com\/wp-content\/uploads\/2026\/02\/high-purity-DMT-powder.jpg\",\"width\":500,\"height\":500,\"caption\":\"Stonersmeds Shop\"},\"image\":{\"@id\":\"https:\/\/stonersmeds.com\/#\/schema\/logo\/image\/\"}}]}<\/script>\n<meta property=\"og:availability\" content=\"instock\" \/>\n<meta property=\"product:availability\" content=\"instock\" \/>\n<meta property=\"product:condition\" content=\"new\" \/>\n<!-- \/ Yoast SEO plugin. -->","yoast_head_json":{"title":"K\u00f8b Restoril 30mg online, Temazepam (Generic Restoril) 30mg kapsler","description":"K\u00f8b Restoril 30mg online - temazepam - K\u00f8b Restoril online uden recept. Restoril (Temazepam) er en benzodiazepin","robots":{"index":"index","follow":"follow","max-snippet":"max-snippet:-1","max-image-preview":"max-image-preview:large","max-video-preview":"max-video-preview:-1"},"canonical":"https:\/\/stonersmeds.com\/da\/shop\/buy-restoril-30mg-temezepam-pills-online\/","og_locale":"da_DK","og_type":"article","og_title":"Buy Restoril 30mg online, Temazepam (Generic Restoril) 30mg Capsules","og_description":"Buy Restoril 30mg online \u2013 temazepam \u2013 Buy Restoril online without prescription. Restoril (Temazepam) is a benzodiazepine","og_url":"https:\/\/stonersmeds.com\/da\/shop\/buy-restoril-30mg-temezepam-pills-online\/","og_site_name":"stonersmeds.com","article_modified_time":"2026-03-01T22:00:45+00:00","og_image":[{"width":600,"height":600,"url":"https:\/\/stonersmeds.com\/wp-content\/uploads\/2022\/03\/Buy-Restoril-30mg-Temezepam-pills-online.jpg","type":"image\/jpeg"}],"twitter_card":"summary_large_image","twitter_misc":{"Tilg\u00e6ngelighed":"P\u00e5 lager"},"schema":{"@context":"https:\/\/schema.org","@graph":[{"@type":"WebPage","@id":"https:\/\/stonersmeds.com\/de\/shop\/buy-restoril-30mg-temezepam-pills-online\/","url":"https:\/\/stonersmeds.com\/de\/shop\/buy-restoril-30mg-temezepam-pills-online\/","name":"K\u00f8b Restoril 30mg online, Temazepam (Generic Restoril) 30mg kapsler","isPartOf":{"@id":"https:\/\/stonersmeds.com\/#website"},"primaryImageOfPage":{"@id":"https:\/\/stonersmeds.com\/de\/shop\/buy-restoril-30mg-temezepam-pills-online\/#primaryimage"},"image":{"@id":"https:\/\/stonersmeds.com\/de\/shop\/buy-restoril-30mg-temezepam-pills-online\/#primaryimage"},"thumbnailUrl":"https:\/\/stonersmeds.com\/wp-content\/uploads\/2022\/03\/Buy-Restoril-30mg-Temezepam-pills-online.jpg","datePublished":"2022-03-12T04:08:52+00:00","dateModified":"2026-03-01T22:00:45+00:00","description":"K\u00f8b Restoril 30mg online - temazepam - K\u00f8b Restoril online uden recept. Restoril (Temazepam) er en benzodiazepin","breadcrumb":{"@id":"https:\/\/stonersmeds.com\/de\/shop\/buy-restoril-30mg-temezepam-pills-online\/#breadcrumb"},"inLanguage":"da-DK","potentialAction":[{"@type":"ReadAction","target":["https:\/\/stonersmeds.com\/de\/shop\/buy-restoril-30mg-temezepam-pills-online\/"]}]},{"@type":"ImageObject","inLanguage":"da-DK","@id":"https:\/\/stonersmeds.com\/de\/shop\/buy-restoril-30mg-temezepam-pills-online\/#primaryimage","url":"https:\/\/stonersmeds.com\/wp-content\/uploads\/2022\/03\/Buy-Restoril-30mg-Temezepam-pills-online.jpg","contentUrl":"https:\/\/stonersmeds.com\/wp-content\/uploads\/2022\/03\/Buy-Restoril-30mg-Temezepam-pills-online.jpg","width":600,"height":600},{"@type":"BreadcrumbList","@id":"https:\/\/stonersmeds.com\/de\/shop\/buy-restoril-30mg-temezepam-pills-online\/#breadcrumb","itemListElement":[{"@type":"ListItem","position":1,"name":"Home","item":"https:\/\/stonersmeds.com\/"},{"@type":"ListItem","position":2,"name":"Shop","item":"https:\/\/stonersmeds.com\/shop\/"},{"@type":"ListItem","position":3,"name":"Buy Restoril 30mg Temazepam pills"}]},{"@type":"WebSite","@id":"https:\/\/stonersmeds.com\/#website","url":"https:\/\/stonersmeds.com\/","name":"stonersmeds.com","description":"Verschreibungspflichtige Medizin kaufen","publisher":{"@id":"https:\/\/stonersmeds.com\/#organization"},"alternateName":"Research chemical shop","potentialAction":[{"@type":"SearchAction","target":{"@type":"EntryPoint","urlTemplate":"https:\/\/stonersmeds.com\/?s={search_term_string}"},"query-input":{"@type":"PropertyValueSpecification","valueRequired":true,"valueName":"search_term_string"}}],"inLanguage":"da-DK"},{"@type":"Organization","@id":"https:\/\/stonersmeds.com\/#organization","name":"Stonersmeds Shop","url":"https:\/\/stonersmeds.com\/","logo":{"@type":"ImageObject","inLanguage":"da-DK","@id":"https:\/\/stonersmeds.com\/#\/schema\/logo\/image\/","url":"https:\/\/stonersmeds.com\/wp-content\/uploads\/2026\/02\/high-purity-DMT-powder.jpg","contentUrl":"https:\/\/stonersmeds.com\/wp-content\/uploads\/2026\/02\/high-purity-DMT-powder.jpg","width":500,"height":500,"caption":"Stonersmeds Shop"},"image":{"@id":"https:\/\/stonersmeds.com\/#\/schema\/logo\/image\/"}}]},"og_availability":"instock","product_availability":"instock","product_condition":"new"},"_links":{"self":[{"href":"https:\/\/stonersmeds.com\/da\/wp-json\/wp\/v2\/product\/10012","targetHints":{"allow":["GET"]}}],"collection":[{"href":"https:\/\/stonersmeds.com\/da\/wp-json\/wp\/v2\/product"}],"about":[{"href":"https:\/\/stonersmeds.com\/da\/wp-json\/wp\/v2\/types\/product"}],"replies":[{"embeddable":true,"href":"https:\/\/stonersmeds.com\/da\/wp-json\/wp\/v2\/comments?post=10012"}],"version-history":[{"count":0,"href":"https:\/\/stonersmeds.com\/da\/wp-json\/wp\/v2\/product\/10012\/revisions"}],"wp:featuredmedia":[{"embeddable":true,"href":"https:\/\/stonersmeds.com\/da\/wp-json\/wp\/v2\/media\/10021"}],"wp:attachment":[{"href":"https:\/\/stonersmeds.com\/da\/wp-json\/wp\/v2\/media?parent=10012"}],"wp:term":[{"taxonomy":"product_brand","embeddable":true,"href":"https:\/\/stonersmeds.com\/da\/wp-json\/wp\/v2\/product_brand?post=10012"},{"taxonomy":"product_cat","embeddable":true,"href":"https:\/\/stonersmeds.com\/da\/wp-json\/wp\/v2\/product_cat?post=10012"},{"taxonomy":"product_tag","embeddable":true,"href":"https:\/\/stonersmeds.com\/da\/wp-json\/wp\/v2\/product_tag?post=10012"},{"taxonomy":"product_brands","embeddable":true,"href":"https:\/\/stonersmeds.com\/da\/wp-json\/wp\/v2\/product_brands?post=10012"}],"curies":[{"name":"wp","href":"https:\/\/api.w.org\/{rel}","templated":true}]}}