{"id":10285,"date":"2022-03-12T06:35:09","date_gmt":"2022-03-12T06:35:09","guid":{"rendered":"https:\/\/stonersmeds.com\/?post_type=product&#038;p=10285"},"modified":"2026-02-28T22:20:05","modified_gmt":"2026-02-28T20:20:05","slug":"buy-alpha-pvp-online","status":"publish","type":"product","link":"https:\/\/stonersmeds.com\/da\/shop\/buy-alpha-pvp-online\/","title":{"rendered":"K\u00f8b Alpha-PVP online"},"content":{"rendered":"<h1><b>K\u00f8b Alpha-PVP online<\/b><\/h1>\n<p>Alpha-PVP er et syntetisk stimulans, der bruges i det medicinske omr\u00e5de til behandling af forskellige sygdomme. Alfa placeret i kathinongruppen af pro-drugs. Alpha PVP blev f\u00f8rst syntetiseret som et designerl\u00e6gemiddel. Nu er det blevet meget popul\u00e6rt blandt folk til andre form\u00e5l som en smertestillende medicin. Denne syntetiske stimulans bruges til at opfylde behovene hos mennesker, der bruger stoffer. Det blev popul\u00e6rt efter 40 \u00e5r med dets f\u00f8rste produkt, der er 2000. Det vigtigste at bem\u00e6rke er, at i mellem disse \u00e5r blev det ikke brugt af selv et lille samfund af mennesker. Men i 2000 og \u00e5r indtil nu er det blevet popul\u00e6rt i en s\u00e5dan grad, at n\u00e6sten 70% af den samlede befolkning p\u00e5 planeten bruger det.<\/p>\n<p><b>\u00c5rsag til Alpha-PVP Psykedeliske stoffer popularitet<\/b><\/p>\n<p><b>Hvor kan man k\u00f8be PVP? Alfa-PVP<\/b><\/p>\n<p>Alpha-PVP er medlem af den mest popul\u00e6re klasse af pro-drugs og bruges i stor skala. Hoved\u00e5rsagen bag dens popularitet er dens h\u00f8je styrke og hurtigvirkende egenskab. Det virker ved at virke direkte p\u00e5 centralnervesystemet som andre stimulanser.<\/p>\n<p>Men det virker p\u00e5 en meget hurtig m\u00e5de og frigiver nogle hormoner for at udf\u00f8re de \u00f8nskede handlinger. Alpha PVP er ogs\u00e5 kendt som et centralnervesystemstimulerende middel p\u00e5 grund af dets virkem\u00e5de.<\/p>\n<p><b>Medicinsk brug af Alpha-PVP psykedeliske stoffer<\/b><\/p>\n<p>Alpha-PVP hj\u00e6lper ogs\u00e5 det menneskelige sind til at kontrollere \u00f8jeblikkelige f\u00f8lelser som gl\u00e6de, tristhed eller smerte. Dette stof hj\u00e6lper sindet til at forestille sig en normal ramme til at fungere normalt uden nogen hindring. P\u00e5 denne m\u00e5de bruges Alpha-PVP til at f\u00e5 lindring fra enhver form for st\u00f8d.<\/p>\n<p>Folk bruger dette pro-drug i danseklubber og barer. Men dette er ogs\u00e5 at bruge kun efter recept fra l\u00e6ger i visse behandlinger.<\/p>\n<p>L\u00e6gerne bruger medicin fremstillet af Alpha-PVP til at behandle mennesker. Hovedanvendelsen er at blive helbredt for depression og angst.<\/p>\n<p>Dette er nogle n\u00f8glefunktioner, p\u00e5 grund af hvilke Alpha-PVP-brug stiger dag for dag. Det er ved at blive popul\u00e6rt p\u00e5 begge omr\u00e5der af livet.<\/p>\n<p><b>S\u00e5dan k\u00f8ber du a-PVP\u00a0<\/b><b>\u00a0sikkert - Beskrivelse<\/b><\/p>\n<p><strong>Fuldt kemisk navn:<\/strong>\u00a0alfa-Pyrrolidinopentiophenon<br \/>\n<strong>Systematisk IUPAC-navn<\/strong>\u00a01-Phenyl-2-(1-pyrrolidinyl)-1-pentanon<br \/>\n<strong>CAS nummer<\/strong><strong>14530-33-7<\/strong><br \/>\n<strong>ChemSpider nummer<\/strong><strong>9324063<\/strong><br \/>\n<strong>Molekyl\u00e6r formel<\/strong><strong>C15H21NO<\/strong><br \/>\n<strong>Molekyl\u00e6r masse<\/strong><strong>231,333 g\/mol<\/strong><\/p>\n<p>K\u00f8b \u00e6gte a-PVP online, \u03b1-pyrrolidinopentiophenon (alfa-pyrrolidinovalerophenon, \u03b1-PVP, alfa-PVP, O-2387, \u03b2-keton-prolintan) er en stimulerende forbindelse udviklet i 1960'erne og besl\u00e6gtet med pyrovaleron og er ketonanalog til prolintan.<\/p>\n<p>Vores netbutik besk\u00e6ftiger sig med Alpha-PVP i meget stor skala. Du kan k\u00f8be dine \u00f8nskede produkter til meget rimelige priser. Du vil ogs\u00e5 f\u00e5 produktet i l\u00f8bet af kort tid gennem vores online leveringstjenester.<\/p>\n<p>Buy Alpha-PVP Online &#8211; buy PVP , buy Alpha-PVP , buy PVP online, Where to Buy Alpha-PVP , Alpha-PVP for sale, PVP for sale, buy PVP online, where to Buy Alpha-PVP online , Alpha-PVP for sale in usa , USA, canada,uk, buy, online, suppliers, safe delivery, You can still get Alpha-PVP , Is Alpha-PVP legal in usa, buy Alpha-PVP online usa, how to order Alpha-PVP , Is Alpha-PVP legal in Canada<\/p>\n<p>&nbsp;<\/p>\n<pre><strong>\u00a0<\/strong><\/pre>","protected":false},"excerpt":{"rendered":"<p><strong>Hvad er a-PVP?<\/strong><br \/>\nA-PVP, \u03b1-pyrrolidinopentiophenon (alfa-pyrrolidinovalerophenon, \u03b1-PVP, alfa-PVP, O-2387, \u03b2-keton-prolintan) er en stimulerende forbindelse, der blev udviklet i 1960'erne og er besl\u00e6gtet med pyrovaleron og er ketonanalog til prolintan.<\/p>","protected":false},"featured_media":10302,"comment_status":"closed","ping_status":"closed","template":"","meta":{"_bst_post_transparent":"","_bst_post_title":"","_bst_post_layout":"","_bst_post_sidebar_id":"","_bst_post_content_style":"","_bst_post_vertical_padding":"","_bst_post_feature":"","_bst_post_feature_position":"","_bst_post_header":false,"_bst_post_footer":false},"product_brand":[],"product_cat":[79],"product_tag":[1465,1452,1453,1454,1455,1468,1456,1470,1472,1467,1485,1471,1443,1446,1457,1463,1483,1479,1469,1478,1440,1439,1449,1484,1480,1481,1482,1441,1458,1475,1459,1450,1451,1448,1474,1464,1460,1461,1444,1477,1473,1466,1476,1442,1445,1447,1462],"product_brands":[],"class_list":{"0":"post-10285","1":"product","2":"type-product","3":"status-publish","4":"has-post-thumbnail","6":"product_cat-research-chemicals-and-bath-salt","7":"product_tag-a-phip","8":"product_tag-a-pvp-kopen","9":"product_tag-a-pvp-online","10":"product_tag-a-pvp-online-kopen","11":"product_tag-a-pvp-poeder","12":"product_tag-alpha-pihp","13":"product_tag-alpha-pvp","14":"product_tag-alpha-pvp-legal-status","15":"product_tag-alpha-pvp-vendor-in-china","16":"product_tag-alpha-pyrrolidinopentiophenone","17":"product_tag-alpha-pyrrolidinopentiophenone-cost","18":"product_tag-alpha-pyrrolidinopentiophenone-side-effects","19":"product_tag-alpha-pvp-for-sale","20":"product_tag-alpha-pvp-for-sale-in-usa","21":"product_tag-alpha-pyrrolidinovalerophenone","22":"product_tag-apvp","23":"product_tag-buy-a-pvp-crystals-online","24":"product_tag-buy-a-pvp-online","25":"product_tag-buy-alpha-pvp-drug-online","26":"product_tag-buy-alpha-pvp-online","27":"product_tag-buy-alpha-pvp","28":"product_tag-buy-alpha-pvp-online-buy-pvp","29":"product_tag-buy-alpha-pvp-online-usa","30":"product_tag-buy-apvp-in-usa","31":"product_tag-buy-apvp-overnight-shipping","32":"product_tag-buy-flakka-drug-online","33":"product_tag-buy-flakka-online","34":"product_tag-buy-pvp-online","35":"product_tag-flakka","36":"product_tag-flocka-drug-info","37":"product_tag-grind","38":"product_tag-how-to-order-alpha-pvp","39":"product_tag-is-alpha-pvp-legal-in-canada","40":"product_tag-is-alpha-pvp-legal-in-usa","41":"product_tag-list-of-synthetic-drugs","42":"product_tag-mfpvp","43":"product_tag-niff","44":"product_tag-prolintane","45":"product_tag-pvp-for-sale","46":"product_tag-pyrrolidinovalerophenone","47":"product_tag-what-is-alpha-pyrrolidinopentiophenone","48":"product_tag-what-is-flakka","49":"product_tag-what-is-flakka-drug","50":"product_tag-where-to-buy-alpha-pvp","51":"product_tag-where-to-buy-alpha-pvp-online","52":"product_tag-you-can-still-get-alpha-pvp","53":"product_tag--pvp","55":"first","56":"instock","57":"shipping-taxable","58":"purchasable","59":"product-type-simple","60":"entry","61":"content-bg","62":"loop-entry"},"tiered_pricing_type":"fixed","tiered_pricing_fixed_rules":{"50":"5","100":"4.5","500":"1.8","1000":"1.5"},"tiered_pricing_percentage_rules":[],"tiered_pricing_minimum":1,"_administrator_tiered_pricing_type":"fixed","_administrator_tiered_pricing_fixed_rules":[],"_editor_tiered_pricing_type":"fixed","_editor_tiered_pricing_fixed_rules":[],"_author_tiered_pricing_type":"fixed","_author_tiered_pricing_fixed_rules":[],"_contributor_tiered_pricing_type":"fixed","_contributor_tiered_pricing_fixed_rules":[],"_subscriber_tiered_pricing_type":"fixed","_subscriber_tiered_pricing_fixed_rules":[],"_customer_tiered_pricing_type":"fixed","_customer_tiered_pricing_fixed_rules":[],"_shop_manager_tiered_pricing_type":"fixed","_shop_manager_tiered_pricing_fixed_rules":[],"_wpseo_manager_tiered_pricing_type":"fixed","_wpseo_manager_tiered_pricing_fixed_rules":[],"_wpseo_editor_tiered_pricing_type":"fixed","_wpseo_editor_tiered_pricing_fixed_rules":[],"yoast_head":"<!-- This site is optimized with the Yoast SEO plugin v27.2 - https:\/\/yoast.com\/product\/yoast-seo-wordpress\/ -->\n<title>Buy Alpha-PVP Online - Cheap price, top quality<\/title>\n<meta name=\"description\" content=\"Buy Alpha-PVP Online at an affordable price at stonersmeds. All products are lab qualified and have premium quality.\" \/>\n<meta name=\"robots\" content=\"index, follow, max-snippet:-1, max-image-preview:large, max-video-preview:-1\" \/>\n<link rel=\"canonical\" href=\"https:\/\/stonersmeds.com\/da\/shop\/buy-alpha-pvp-online\/\" \/>\n<meta property=\"og:locale\" content=\"da_DK\" \/>\n<meta property=\"og:type\" content=\"article\" \/>\n<meta property=\"og:title\" content=\"Buy Alpha-PVP Online - Cheap price, top quality\" \/>\n<meta property=\"og:description\" content=\"Buy Alpha-PVP Online at an affordable price at stonersmeds. All products are lab qualified and have premium quality.\" \/>\n<meta property=\"og:url\" content=\"https:\/\/stonersmeds.com\/da\/shop\/buy-alpha-pvp-online\/\" \/>\n<meta property=\"og:site_name\" content=\"stonersmeds.com\" \/>\n<meta property=\"article:modified_time\" content=\"2026-02-28T20:20:05+00:00\" \/>\n<meta property=\"og:image\" content=\"https:\/\/stonersmeds.com\/wp-content\/uploads\/2022\/03\/A-pvp-crystal.jpg\" \/>\n\t<meta property=\"og:image:width\" content=\"600\" \/>\n\t<meta property=\"og:image:height\" content=\"600\" \/>\n\t<meta property=\"og:image:type\" content=\"image\/jpeg\" \/>\n<meta name=\"twitter:card\" content=\"summary_large_image\" \/>\n<meta name=\"twitter:label1\" content=\"Pris\" \/>\n\t<meta name=\"twitter:data1\" content=\"6&#036;\" \/>\n\t<meta name=\"twitter:label2\" content=\"Tilg\u00e6ngelighed\" \/>\n\t<meta name=\"twitter:data2\" content=\"P\u00e5 lager\" \/>\n<script type=\"application\/ld+json\" class=\"yoast-schema-graph\">{\"@context\":\"https:\/\/schema.org\",\"@graph\":[{\"@type\":\"WebPage\",\"@id\":\"https:\/\/stonersmeds.com\/shop\/buy-alpha-pvp-online\/\",\"url\":\"https:\/\/stonersmeds.com\/shop\/buy-alpha-pvp-online\/\",\"name\":\"Buy Alpha-PVP Online - Cheap price, top quality\",\"isPartOf\":{\"@id\":\"https:\/\/stonersmeds.com\/#website\"},\"primaryImageOfPage\":{\"@id\":\"https:\/\/stonersmeds.com\/shop\/buy-alpha-pvp-online\/#primaryimage\"},\"image\":{\"@id\":\"https:\/\/stonersmeds.com\/shop\/buy-alpha-pvp-online\/#primaryimage\"},\"thumbnailUrl\":\"https:\/\/stonersmeds.com\/wp-content\/uploads\/2022\/03\/A-pvp-crystal.jpg\",\"datePublished\":\"2022-03-12T06:35:09+00:00\",\"dateModified\":\"2026-02-28T20:20:05+00:00\",\"description\":\"Buy Alpha-PVP Online at an affordable price at stonersmeds. All products are lab qualified and have premium quality.\",\"breadcrumb\":{\"@id\":\"https:\/\/stonersmeds.com\/shop\/buy-alpha-pvp-online\/#breadcrumb\"},\"inLanguage\":\"da-DK\",\"potentialAction\":[{\"@type\":\"ReadAction\",\"target\":[\"https:\/\/stonersmeds.com\/shop\/buy-alpha-pvp-online\/\"]}]},{\"@type\":\"ImageObject\",\"inLanguage\":\"da-DK\",\"@id\":\"https:\/\/stonersmeds.com\/shop\/buy-alpha-pvp-online\/#primaryimage\",\"url\":\"https:\/\/stonersmeds.com\/wp-content\/uploads\/2022\/03\/A-pvp-crystal.jpg\",\"contentUrl\":\"https:\/\/stonersmeds.com\/wp-content\/uploads\/2022\/03\/A-pvp-crystal.jpg\",\"width\":600,\"height\":600},{\"@type\":\"BreadcrumbList\",\"@id\":\"https:\/\/stonersmeds.com\/shop\/buy-alpha-pvp-online\/#breadcrumb\",\"itemListElement\":[{\"@type\":\"ListItem\",\"position\":1,\"name\":\"Home\",\"item\":\"https:\/\/stonersmeds.com\/\"},{\"@type\":\"ListItem\",\"position\":2,\"name\":\"Shop\",\"item\":\"https:\/\/stonersmeds.com\/shop\/\"},{\"@type\":\"ListItem\",\"position\":3,\"name\":\"Buy Alpha-PVP Online\"}]},{\"@type\":\"WebSite\",\"@id\":\"https:\/\/stonersmeds.com\/#website\",\"url\":\"https:\/\/stonersmeds.com\/\",\"name\":\"stonersmeds.com\",\"description\":\"verschreibungspflichtige Medizin kaufen\",\"publisher\":{\"@id\":\"https:\/\/stonersmeds.com\/#organization\"},\"alternateName\":\"Research chemical shop\",\"potentialAction\":[{\"@type\":\"SearchAction\",\"target\":{\"@type\":\"EntryPoint\",\"urlTemplate\":\"https:\/\/stonersmeds.com\/?s={search_term_string}\"},\"query-input\":{\"@type\":\"PropertyValueSpecification\",\"valueRequired\":true,\"valueName\":\"search_term_string\"}}],\"inLanguage\":\"da-DK\"},{\"@type\":\"Organization\",\"@id\":\"https:\/\/stonersmeds.com\/#organization\",\"name\":\"Stonersmeds Shop\",\"url\":\"https:\/\/stonersmeds.com\/\",\"logo\":{\"@type\":\"ImageObject\",\"inLanguage\":\"da-DK\",\"@id\":\"https:\/\/stonersmeds.com\/#\/schema\/logo\/image\/\",\"url\":\"https:\/\/stonersmeds.com\/wp-content\/uploads\/2026\/02\/high-purity-DMT-powder.jpg\",\"contentUrl\":\"https:\/\/stonersmeds.com\/wp-content\/uploads\/2026\/02\/high-purity-DMT-powder.jpg\",\"width\":500,\"height\":500,\"caption\":\"Stonersmeds Shop\"},\"image\":{\"@id\":\"https:\/\/stonersmeds.com\/#\/schema\/logo\/image\/\"}}]}<\/script>\n<meta property=\"product:price:amount\" content=\"6.00\" \/>\n<meta property=\"product:price:currency\" content=\"USD\" \/>\n<meta property=\"og:availability\" content=\"instock\" \/>\n<meta property=\"product:availability\" content=\"instock\" \/>\n<meta property=\"product:condition\" content=\"new\" \/>\n<!-- \/ Yoast SEO plugin. -->","yoast_head_json":{"title":"K\u00f8b Alpha-PVP Online - Billig pris, top kvalitet","description":"K\u00f8b Alpha-PVP Online til en overkommelig pris hos stonersmeds. Alle produkter er laboratoriekvalificerede og har f\u00f8rsteklasses kvalitet.","robots":{"index":"index","follow":"follow","max-snippet":"max-snippet:-1","max-image-preview":"max-image-preview:large","max-video-preview":"max-video-preview:-1"},"canonical":"https:\/\/stonersmeds.com\/da\/shop\/buy-alpha-pvp-online\/","og_locale":"da_DK","og_type":"article","og_title":"Buy Alpha-PVP Online - Cheap price, top quality","og_description":"Buy Alpha-PVP Online at an affordable price at stonersmeds. All products are lab qualified and have premium quality.","og_url":"https:\/\/stonersmeds.com\/da\/shop\/buy-alpha-pvp-online\/","og_site_name":"stonersmeds.com","article_modified_time":"2026-02-28T20:20:05+00:00","og_image":[{"width":600,"height":600,"url":"https:\/\/stonersmeds.com\/wp-content\/uploads\/2022\/03\/A-pvp-crystal.jpg","type":"image\/jpeg"}],"twitter_card":"summary_large_image","twitter_misc":{"Pris":"6&#36;","Tilg\u00e6ngelighed":"P\u00e5 lager"},"schema":{"@context":"https:\/\/schema.org","@graph":[{"@type":"WebPage","@id":"https:\/\/stonersmeds.com\/shop\/buy-alpha-pvp-online\/","url":"https:\/\/stonersmeds.com\/shop\/buy-alpha-pvp-online\/","name":"K\u00f8b Alpha-PVP Online - Billig pris, top kvalitet","isPartOf":{"@id":"https:\/\/stonersmeds.com\/#website"},"primaryImageOfPage":{"@id":"https:\/\/stonersmeds.com\/shop\/buy-alpha-pvp-online\/#primaryimage"},"image":{"@id":"https:\/\/stonersmeds.com\/shop\/buy-alpha-pvp-online\/#primaryimage"},"thumbnailUrl":"https:\/\/stonersmeds.com\/wp-content\/uploads\/2022\/03\/A-pvp-crystal.jpg","datePublished":"2022-03-12T06:35:09+00:00","dateModified":"2026-02-28T20:20:05+00:00","description":"K\u00f8b Alpha-PVP Online til en overkommelig pris hos stonersmeds. Alle produkter er laboratoriekvalificerede og har f\u00f8rsteklasses kvalitet.","breadcrumb":{"@id":"https:\/\/stonersmeds.com\/shop\/buy-alpha-pvp-online\/#breadcrumb"},"inLanguage":"da-DK","potentialAction":[{"@type":"ReadAction","target":["https:\/\/stonersmeds.com\/shop\/buy-alpha-pvp-online\/"]}]},{"@type":"ImageObject","inLanguage":"da-DK","@id":"https:\/\/stonersmeds.com\/shop\/buy-alpha-pvp-online\/#primaryimage","url":"https:\/\/stonersmeds.com\/wp-content\/uploads\/2022\/03\/A-pvp-crystal.jpg","contentUrl":"https:\/\/stonersmeds.com\/wp-content\/uploads\/2022\/03\/A-pvp-crystal.jpg","width":600,"height":600},{"@type":"BreadcrumbList","@id":"https:\/\/stonersmeds.com\/shop\/buy-alpha-pvp-online\/#breadcrumb","itemListElement":[{"@type":"ListItem","position":1,"name":"Home","item":"https:\/\/stonersmeds.com\/"},{"@type":"ListItem","position":2,"name":"Shop","item":"https:\/\/stonersmeds.com\/shop\/"},{"@type":"ListItem","position":3,"name":"Buy Alpha-PVP Online"}]},{"@type":"WebSite","@id":"https:\/\/stonersmeds.com\/#website","url":"https:\/\/stonersmeds.com\/","name":"stonersmeds.com","description":"Verschreibungspflichtige Medizin kaufen","publisher":{"@id":"https:\/\/stonersmeds.com\/#organization"},"alternateName":"Research chemical shop","potentialAction":[{"@type":"SearchAction","target":{"@type":"EntryPoint","urlTemplate":"https:\/\/stonersmeds.com\/?s={search_term_string}"},"query-input":{"@type":"PropertyValueSpecification","valueRequired":true,"valueName":"search_term_string"}}],"inLanguage":"da-DK"},{"@type":"Organization","@id":"https:\/\/stonersmeds.com\/#organization","name":"Stonersmeds Shop","url":"https:\/\/stonersmeds.com\/","logo":{"@type":"ImageObject","inLanguage":"da-DK","@id":"https:\/\/stonersmeds.com\/#\/schema\/logo\/image\/","url":"https:\/\/stonersmeds.com\/wp-content\/uploads\/2026\/02\/high-purity-DMT-powder.jpg","contentUrl":"https:\/\/stonersmeds.com\/wp-content\/uploads\/2026\/02\/high-purity-DMT-powder.jpg","width":500,"height":500,"caption":"Stonersmeds Shop"},"image":{"@id":"https:\/\/stonersmeds.com\/#\/schema\/logo\/image\/"}}]},"product_price_amount":"6.00","product_price_currency":"USD","og_availability":"instock","product_availability":"instock","product_condition":"new"},"_links":{"self":[{"href":"https:\/\/stonersmeds.com\/da\/wp-json\/wp\/v2\/product\/10285","targetHints":{"allow":["GET"]}}],"collection":[{"href":"https:\/\/stonersmeds.com\/da\/wp-json\/wp\/v2\/product"}],"about":[{"href":"https:\/\/stonersmeds.com\/da\/wp-json\/wp\/v2\/types\/product"}],"replies":[{"embeddable":true,"href":"https:\/\/stonersmeds.com\/da\/wp-json\/wp\/v2\/comments?post=10285"}],"version-history":[{"count":0,"href":"https:\/\/stonersmeds.com\/da\/wp-json\/wp\/v2\/product\/10285\/revisions"}],"wp:featuredmedia":[{"embeddable":true,"href":"https:\/\/stonersmeds.com\/da\/wp-json\/wp\/v2\/media\/10302"}],"wp:attachment":[{"href":"https:\/\/stonersmeds.com\/da\/wp-json\/wp\/v2\/media?parent=10285"}],"wp:term":[{"taxonomy":"product_brand","embeddable":true,"href":"https:\/\/stonersmeds.com\/da\/wp-json\/wp\/v2\/product_brand?post=10285"},{"taxonomy":"product_cat","embeddable":true,"href":"https:\/\/stonersmeds.com\/da\/wp-json\/wp\/v2\/product_cat?post=10285"},{"taxonomy":"product_tag","embeddable":true,"href":"https:\/\/stonersmeds.com\/da\/wp-json\/wp\/v2\/product_tag?post=10285"},{"taxonomy":"product_brands","embeddable":true,"href":"https:\/\/stonersmeds.com\/da\/wp-json\/wp\/v2\/product_brands?post=10285"}],"curies":[{"name":"wp","href":"https:\/\/api.w.org\/{rel}","templated":true}]}}