{"id":10658,"date":"2022-03-12T09:06:54","date_gmt":"2022-03-12T09:06:54","guid":{"rendered":"https:\/\/stonersmeds.com\/?post_type=product&#038;p=10658"},"modified":"2026-03-01T17:50:43","modified_gmt":"2026-03-01T15:50:43","slug":"buy-metho-methadone-hcl-powder-online","status":"publish","type":"product","link":"https:\/\/stonersmeds.com\/da\/shop\/buy-metho-methadone-hcl-powder-online\/","title":{"rendered":"K\u00f8b Metho Methadone HCL pulver online"},"content":{"rendered":"<h1>K\u00f8b Metho Methadone HCL pulver online.<\/h1>\n<p>K\u00f8b Metho Methadon HCL Pulver Engros 99.8% Pure @ Engrospris.<br \/>\nMetho (<a href=\"https:\/\/go.drugbank.com\/salts\/DBSALT000346\">Metadon HCL<\/a>) behandler moderate til st\u00e6rke smerter.<\/p>\n<p>Det bruges ogs\u00e5 i forbindelse med l\u00e6gelig overv\u00e5gning og r\u00e5dgivning til behandling af stofmisbrug eller til at kontrollere abstinenssymptomer hos patienter, der behandles for stofmisbrug. Dette l\u00e6gemiddel er et narkotisk smertestillende middel.<\/p>\n<p>Hvordan sender vi pakker?<br \/>\nVi pakker pakken omhyggeligt med wolfram og kulstofpapir, s\u00e5 den kan passere gennem r\u00f8ntgenmaskinen i lufthavnen. Pakkerne er p\u00e6nt pakket ind med indpakningspapir p\u00e5 ydersiden.<br \/>\nMetho (Methadon HCL) Salt\/pulver: Metho (Methadon HCL) behandler moderate til sv\u00e6re smerter. Dette kemikalie er ideelt til l\u00e6gelig overv\u00e5gning og r\u00e5dgivning om behandling af stofmisbrug. Hj\u00e6lper med at kontrollere abstinenssymptomer hos patienter.<\/p>\n<p>&nbsp;<\/p>\n<p>&nbsp;<\/p>\n<pre><strong>K\u00f8b Metho Methadone HCL pulver Online - <a href=\"https:\/\/stonersmeds.com\/da\/vare-tag\/where-to-buy-metho-methadone-hcl-powder-online\/\">k\u00f8be Metho Methadon<\/a> , <a href=\"https:\/\/stonersmeds.com\/da\/vare-tag\/buy-mmb-2201-powder-pure-online-near-me\/\">k\u00f8be Methadon HCL pulver<\/a> USA , <a href=\"https:\/\/stonersmeds.com\/da\/vare-tag\/buy-methadone-hcl-powder-online-india\/\">k\u00f8be Metho Methadone online USA<\/a> , Hvor kan man k\u00f8be Metho Methadone HCL pulver , Metho Methadone HCL pulver til salg, Metho Methadone HCL pulver til salg i n\u00e6rheden af mig , k\u00f8b Metho Methadone HCL pulver online i n\u00e6rheden af mig , hvor kan man k\u00f8be Metho Methadone HCL pulver online, Metho Methadone HCL pulver til salg i USA , USA, Canada, Storbritannien, k\u00f8b, online, leverand\u00f8rer, sikker levering, Du kan stadig f\u00e5 Metho Methadone HCL pulver , Er Metho Methadone HCL pulver lovligt i usa, k\u00f8b Metho Methadone HCL pulver online usa, hvordan man bestiller Metho Methadone HCL pulver , Er Metho Methadone HCL pulver lovligt i Canada<\/strong><\/pre>","protected":false},"excerpt":{"rendered":"<p>K\u00f8b Metho Methadon HCL pulver online. Metho Methadon HCL pulver engros 99.8% Pure @ engrospriser. Metho (Methadon HCL) behandler moderat til alvorlig smerte.<\/p>\n<pre><strong>K\u00f8b Metho Methadon HCL pulver online - k\u00f8b Metho Methadon , k\u00f8b Metho Methadon HCL pulver usa , k\u00f8b Metho Methadon online USA , Hvor kan man k\u00f8be Metho Methadon HCL pulver , Metho Methadon HCL pulver til salg, Metho Methadon HCL pulver til salg i n\u00e6rheden af mig , k\u00f8b Metho Methadon HCL pulver online i n\u00e6rheden af mig , hvor kan man k\u00f8be Metho Methadon HCL pulver online, Metho Methadon HCL pulver til salg i usa , USA, Canada, Storbritannien, k\u00f8b, online, leverand\u00f8rer, sikker levering, Du kan stadig f\u00e5 Metho Methadon HCL pulver , Er Metho Methadon HCL pulver lovligt i usa, k\u00f8b Metho Methadon HCL pulver online usa, hvordan man bestiller Metho Methadon HCL pulver , Er Metho Methadon HCL pulver lovligt i Canada<\/strong><\/pre>","protected":false},"featured_media":10676,"comment_status":"open","ping_status":"closed","template":"","meta":{"_bst_post_transparent":"","_bst_post_title":"","_bst_post_layout":"","_bst_post_sidebar_id":"","_bst_post_content_style":"","_bst_post_vertical_padding":"","_bst_post_feature":"","_bst_post_feature_position":"","_bst_post_header":false,"_bst_post_footer":false},"product_brand":[],"product_cat":[79],"product_tag":[356,354,352,355,351,353,358,357,363,368,359,369,367,361,365,362,360,364,366],"product_brands":[],"class_list":{"0":"post-10658","1":"product","2":"type-product","3":"status-publish","4":"has-post-thumbnail","6":"product_cat-research-chemicals-and-bath-salt","7":"product_tag-buy-methadone-hcl-powder-online","8":"product_tag-buy-methadone-hcl-powder-online-amazon","9":"product_tag-buy-methadone-hcl-powder-online-canada","10":"product_tag-buy-methadone-hcl-powder-online-free","11":"product_tag-buy-methadone-hcl-powder-online-india","12":"product_tag-buy-methadone-hcl-powder-online-usa","13":"product_tag-buy-methadone-hcl-powder-usa","14":"product_tag-buy-metho-methadone","15":"product_tag-buy-metho-methadone-hcl-powder-online-near-me","16":"product_tag-buy-metho-methadone-hcl-powder-online-usa","17":"product_tag-buy-metho-methadone-online-usa","18":"product_tag-how-to-order-metho-methadone-hcl-powder","19":"product_tag-is-metho-methadone-hcl-powder-legal-in-usa","20":"product_tag-metho-methadone-hcl-powder-for-sale","21":"product_tag-metho-methadone-hcl-powder-for-sale-in-usa","22":"product_tag-metho-methadone-hcl-powder-for-sale-near-me","23":"product_tag-where-to-buy-metho-methadone-hcl-powder","24":"product_tag-where-to-buy-metho-methadone-hcl-powder-online","25":"product_tag-you-can-still-get-metho-methadone-hcl-powder","27":"first","28":"instock","29":"shipping-taxable","30":"purchasable","31":"product-type-variable","32":"entry","33":"content-bg","34":"loop-entry"},"tiered_pricing_type":"fixed","tiered_pricing_fixed_rules":[],"tiered_pricing_percentage_rules":[],"tiered_pricing_minimum":1,"_administrator_tiered_pricing_type":"fixed","_administrator_tiered_pricing_fixed_rules":[],"_editor_tiered_pricing_type":"fixed","_editor_tiered_pricing_fixed_rules":[],"_author_tiered_pricing_type":"fixed","_author_tiered_pricing_fixed_rules":[],"_contributor_tiered_pricing_type":"fixed","_contributor_tiered_pricing_fixed_rules":[],"_subscriber_tiered_pricing_type":"fixed","_subscriber_tiered_pricing_fixed_rules":[],"_customer_tiered_pricing_type":"fixed","_customer_tiered_pricing_fixed_rules":[],"_shop_manager_tiered_pricing_type":"fixed","_shop_manager_tiered_pricing_fixed_rules":[],"_wpseo_manager_tiered_pricing_type":"fixed","_wpseo_manager_tiered_pricing_fixed_rules":[],"_wpseo_editor_tiered_pricing_type":"fixed","_wpseo_editor_tiered_pricing_fixed_rules":[],"yoast_head":"<!-- This site is optimized with the Yoast SEO plugin v27.2 - https:\/\/yoast.com\/product\/yoast-seo-wordpress\/ -->\n<title>Buy Metho Methadone HCL powder Online - Cheap price, Grade A++<\/title>\n<meta name=\"description\" content=\"Buy Metho Methadone HCL Online at an affordable price at stonersmeds. All products are lab qualified and have premium quality.\" \/>\n<meta name=\"robots\" content=\"index, follow, max-snippet:-1, max-image-preview:large, max-video-preview:-1\" \/>\n<link rel=\"canonical\" href=\"https:\/\/stonersmeds.com\/da\/shop\/buy-metho-methadone-hcl-powder-online\/\" \/>\n<meta property=\"og:locale\" content=\"da_DK\" \/>\n<meta property=\"og:type\" content=\"article\" \/>\n<meta property=\"og:title\" content=\"Buy Metho Methadone HCL powder Online - Cheap price, Grade A++\" \/>\n<meta property=\"og:description\" content=\"Buy Metho Methadone HCL Online at an affordable price at stonersmeds. All products are lab qualified and have premium quality.\" \/>\n<meta property=\"og:url\" content=\"https:\/\/stonersmeds.com\/da\/shop\/buy-metho-methadone-hcl-powder-online\/\" \/>\n<meta property=\"og:site_name\" content=\"stonersmeds.com\" \/>\n<meta property=\"article:modified_time\" content=\"2026-03-01T15:50:43+00:00\" \/>\n<meta property=\"og:image\" content=\"https:\/\/stonersmeds.com\/wp-content\/uploads\/2022\/03\/buy-metho-methadone-hcl-powder-online.jpg\" \/>\n\t<meta property=\"og:image:width\" content=\"600\" \/>\n\t<meta property=\"og:image:height\" content=\"600\" \/>\n\t<meta property=\"og:image:type\" content=\"image\/jpeg\" \/>\n<meta name=\"twitter:card\" content=\"summary_large_image\" \/>\n<meta name=\"twitter:label1\" content=\"Tilg\u00e6ngelighed\" \/>\n\t<meta name=\"twitter:data1\" content=\"P\u00e5 lager\" \/>\n<script type=\"application\/ld+json\" class=\"yoast-schema-graph\">{\"@context\":\"https:\/\/schema.org\",\"@graph\":[{\"@type\":\"WebPage\",\"@id\":\"https:\/\/stonersmeds.com\/fr\/shop\/buy-metho-methadone-hcl-powder-online\/\",\"url\":\"https:\/\/stonersmeds.com\/fr\/shop\/buy-metho-methadone-hcl-powder-online\/\",\"name\":\"Buy Metho Methadone HCL powder Online - Cheap price, Grade A++\",\"isPartOf\":{\"@id\":\"https:\/\/stonersmeds.com\/#website\"},\"primaryImageOfPage\":{\"@id\":\"https:\/\/stonersmeds.com\/fr\/shop\/buy-metho-methadone-hcl-powder-online\/#primaryimage\"},\"image\":{\"@id\":\"https:\/\/stonersmeds.com\/fr\/shop\/buy-metho-methadone-hcl-powder-online\/#primaryimage\"},\"thumbnailUrl\":\"https:\/\/stonersmeds.com\/wp-content\/uploads\/2022\/03\/buy-metho-methadone-hcl-powder-online.jpg\",\"datePublished\":\"2022-03-12T09:06:54+00:00\",\"dateModified\":\"2026-03-01T15:50:43+00:00\",\"description\":\"Buy Metho Methadone HCL Online at an affordable price at stonersmeds. All products are lab qualified and have premium quality.\",\"breadcrumb\":{\"@id\":\"https:\/\/stonersmeds.com\/fr\/shop\/buy-metho-methadone-hcl-powder-online\/#breadcrumb\"},\"inLanguage\":\"da-DK\",\"potentialAction\":[{\"@type\":\"ReadAction\",\"target\":[\"https:\/\/stonersmeds.com\/fr\/shop\/buy-metho-methadone-hcl-powder-online\/\"]}]},{\"@type\":\"ImageObject\",\"inLanguage\":\"da-DK\",\"@id\":\"https:\/\/stonersmeds.com\/fr\/shop\/buy-metho-methadone-hcl-powder-online\/#primaryimage\",\"url\":\"https:\/\/stonersmeds.com\/wp-content\/uploads\/2022\/03\/buy-metho-methadone-hcl-powder-online.jpg\",\"contentUrl\":\"https:\/\/stonersmeds.com\/wp-content\/uploads\/2022\/03\/buy-metho-methadone-hcl-powder-online.jpg\",\"width\":600,\"height\":600},{\"@type\":\"BreadcrumbList\",\"@id\":\"https:\/\/stonersmeds.com\/fr\/shop\/buy-metho-methadone-hcl-powder-online\/#breadcrumb\",\"itemListElement\":[{\"@type\":\"ListItem\",\"position\":1,\"name\":\"Home\",\"item\":\"https:\/\/stonersmeds.com\/\"},{\"@type\":\"ListItem\",\"position\":2,\"name\":\"Shop\",\"item\":\"https:\/\/stonersmeds.com\/shop\/\"},{\"@type\":\"ListItem\",\"position\":3,\"name\":\"Buy Metho Methadone HCL powder Online\"}]},{\"@type\":\"WebSite\",\"@id\":\"https:\/\/stonersmeds.com\/#website\",\"url\":\"https:\/\/stonersmeds.com\/\",\"name\":\"stonersmeds.com\",\"description\":\"verschreibungspflichtige Medizin kaufen\",\"publisher\":{\"@id\":\"https:\/\/stonersmeds.com\/#organization\"},\"alternateName\":\"Research chemical shop\",\"potentialAction\":[{\"@type\":\"SearchAction\",\"target\":{\"@type\":\"EntryPoint\",\"urlTemplate\":\"https:\/\/stonersmeds.com\/?s={search_term_string}\"},\"query-input\":{\"@type\":\"PropertyValueSpecification\",\"valueRequired\":true,\"valueName\":\"search_term_string\"}}],\"inLanguage\":\"da-DK\"},{\"@type\":\"Organization\",\"@id\":\"https:\/\/stonersmeds.com\/#organization\",\"name\":\"Stonersmeds Shop\",\"url\":\"https:\/\/stonersmeds.com\/\",\"logo\":{\"@type\":\"ImageObject\",\"inLanguage\":\"da-DK\",\"@id\":\"https:\/\/stonersmeds.com\/#\/schema\/logo\/image\/\",\"url\":\"https:\/\/stonersmeds.com\/wp-content\/uploads\/2026\/02\/high-purity-DMT-powder.jpg\",\"contentUrl\":\"https:\/\/stonersmeds.com\/wp-content\/uploads\/2026\/02\/high-purity-DMT-powder.jpg\",\"width\":500,\"height\":500,\"caption\":\"Stonersmeds Shop\"},\"image\":{\"@id\":\"https:\/\/stonersmeds.com\/#\/schema\/logo\/image\/\"}}]}<\/script>\n<meta property=\"og:availability\" content=\"instock\" \/>\n<meta property=\"product:availability\" content=\"instock\" \/>\n<meta property=\"product:condition\" content=\"new\" \/>\n<!-- \/ Yoast SEO plugin. -->","yoast_head_json":{"title":"K\u00f8b Metho Methadone HCL pulver Online - Billig pris, Grade A++","description":"K\u00f8b Metho Methadone HCL online til en overkommelig pris hos stonersmeds. Alle produkter er laboratoriekvalificeret og har premium kvalitet.","robots":{"index":"index","follow":"follow","max-snippet":"max-snippet:-1","max-image-preview":"max-image-preview:large","max-video-preview":"max-video-preview:-1"},"canonical":"https:\/\/stonersmeds.com\/da\/shop\/buy-metho-methadone-hcl-powder-online\/","og_locale":"da_DK","og_type":"article","og_title":"Buy Metho Methadone HCL powder Online - Cheap price, Grade A++","og_description":"Buy Metho Methadone HCL Online at an affordable price at stonersmeds. All products are lab qualified and have premium quality.","og_url":"https:\/\/stonersmeds.com\/da\/shop\/buy-metho-methadone-hcl-powder-online\/","og_site_name":"stonersmeds.com","article_modified_time":"2026-03-01T15:50:43+00:00","og_image":[{"width":600,"height":600,"url":"https:\/\/stonersmeds.com\/wp-content\/uploads\/2022\/03\/buy-metho-methadone-hcl-powder-online.jpg","type":"image\/jpeg"}],"twitter_card":"summary_large_image","twitter_misc":{"Tilg\u00e6ngelighed":"P\u00e5 lager"},"schema":{"@context":"https:\/\/schema.org","@graph":[{"@type":"WebPage","@id":"https:\/\/stonersmeds.com\/fr\/shop\/buy-metho-methadone-hcl-powder-online\/","url":"https:\/\/stonersmeds.com\/fr\/shop\/buy-metho-methadone-hcl-powder-online\/","name":"K\u00f8b Metho Methadone HCL pulver Online - Billig pris, Grade A++","isPartOf":{"@id":"https:\/\/stonersmeds.com\/#website"},"primaryImageOfPage":{"@id":"https:\/\/stonersmeds.com\/fr\/shop\/buy-metho-methadone-hcl-powder-online\/#primaryimage"},"image":{"@id":"https:\/\/stonersmeds.com\/fr\/shop\/buy-metho-methadone-hcl-powder-online\/#primaryimage"},"thumbnailUrl":"https:\/\/stonersmeds.com\/wp-content\/uploads\/2022\/03\/buy-metho-methadone-hcl-powder-online.jpg","datePublished":"2022-03-12T09:06:54+00:00","dateModified":"2026-03-01T15:50:43+00:00","description":"K\u00f8b Metho Methadone HCL online til en overkommelig pris hos stonersmeds. Alle produkter er laboratoriekvalificeret og har premium kvalitet.","breadcrumb":{"@id":"https:\/\/stonersmeds.com\/fr\/shop\/buy-metho-methadone-hcl-powder-online\/#breadcrumb"},"inLanguage":"da-DK","potentialAction":[{"@type":"ReadAction","target":["https:\/\/stonersmeds.com\/fr\/shop\/buy-metho-methadone-hcl-powder-online\/"]}]},{"@type":"ImageObject","inLanguage":"da-DK","@id":"https:\/\/stonersmeds.com\/fr\/shop\/buy-metho-methadone-hcl-powder-online\/#primaryimage","url":"https:\/\/stonersmeds.com\/wp-content\/uploads\/2022\/03\/buy-metho-methadone-hcl-powder-online.jpg","contentUrl":"https:\/\/stonersmeds.com\/wp-content\/uploads\/2022\/03\/buy-metho-methadone-hcl-powder-online.jpg","width":600,"height":600},{"@type":"BreadcrumbList","@id":"https:\/\/stonersmeds.com\/fr\/shop\/buy-metho-methadone-hcl-powder-online\/#breadcrumb","itemListElement":[{"@type":"ListItem","position":1,"name":"Home","item":"https:\/\/stonersmeds.com\/"},{"@type":"ListItem","position":2,"name":"Shop","item":"https:\/\/stonersmeds.com\/shop\/"},{"@type":"ListItem","position":3,"name":"Buy Metho Methadone HCL powder Online"}]},{"@type":"WebSite","@id":"https:\/\/stonersmeds.com\/#website","url":"https:\/\/stonersmeds.com\/","name":"stonersmeds.com","description":"Verschreibungspflichtige Medizin kaufen","publisher":{"@id":"https:\/\/stonersmeds.com\/#organization"},"alternateName":"Research chemical shop","potentialAction":[{"@type":"SearchAction","target":{"@type":"EntryPoint","urlTemplate":"https:\/\/stonersmeds.com\/?s={search_term_string}"},"query-input":{"@type":"PropertyValueSpecification","valueRequired":true,"valueName":"search_term_string"}}],"inLanguage":"da-DK"},{"@type":"Organization","@id":"https:\/\/stonersmeds.com\/#organization","name":"Stonersmeds Shop","url":"https:\/\/stonersmeds.com\/","logo":{"@type":"ImageObject","inLanguage":"da-DK","@id":"https:\/\/stonersmeds.com\/#\/schema\/logo\/image\/","url":"https:\/\/stonersmeds.com\/wp-content\/uploads\/2026\/02\/high-purity-DMT-powder.jpg","contentUrl":"https:\/\/stonersmeds.com\/wp-content\/uploads\/2026\/02\/high-purity-DMT-powder.jpg","width":500,"height":500,"caption":"Stonersmeds Shop"},"image":{"@id":"https:\/\/stonersmeds.com\/#\/schema\/logo\/image\/"}}]},"og_availability":"instock","product_availability":"instock","product_condition":"new"},"_links":{"self":[{"href":"https:\/\/stonersmeds.com\/da\/wp-json\/wp\/v2\/product\/10658","targetHints":{"allow":["GET"]}}],"collection":[{"href":"https:\/\/stonersmeds.com\/da\/wp-json\/wp\/v2\/product"}],"about":[{"href":"https:\/\/stonersmeds.com\/da\/wp-json\/wp\/v2\/types\/product"}],"replies":[{"embeddable":true,"href":"https:\/\/stonersmeds.com\/da\/wp-json\/wp\/v2\/comments?post=10658"}],"version-history":[{"count":0,"href":"https:\/\/stonersmeds.com\/da\/wp-json\/wp\/v2\/product\/10658\/revisions"}],"wp:featuredmedia":[{"embeddable":true,"href":"https:\/\/stonersmeds.com\/da\/wp-json\/wp\/v2\/media\/10676"}],"wp:attachment":[{"href":"https:\/\/stonersmeds.com\/da\/wp-json\/wp\/v2\/media?parent=10658"}],"wp:term":[{"taxonomy":"product_brand","embeddable":true,"href":"https:\/\/stonersmeds.com\/da\/wp-json\/wp\/v2\/product_brand?post=10658"},{"taxonomy":"product_cat","embeddable":true,"href":"https:\/\/stonersmeds.com\/da\/wp-json\/wp\/v2\/product_cat?post=10658"},{"taxonomy":"product_tag","embeddable":true,"href":"https:\/\/stonersmeds.com\/da\/wp-json\/wp\/v2\/product_tag?post=10658"},{"taxonomy":"product_brands","embeddable":true,"href":"https:\/\/stonersmeds.com\/da\/wp-json\/wp\/v2\/product_brands?post=10658"}],"curies":[{"name":"wp","href":"https:\/\/api.w.org\/{rel}","templated":true}]}}