{"id":10718,"date":"2022-03-12T09:26:17","date_gmt":"2022-03-12T09:26:17","guid":{"rendered":"https:\/\/stonersmeds.com\/?post_type=product&#038;p=10718"},"modified":"2026-03-02T07:10:40","modified_gmt":"2026-03-02T05:10:40","slug":"buy-mexedrone-mxe-power-crystal-online","status":"publish","type":"product","link":"https:\/\/stonersmeds.com\/da\/shop\/buy-mexedrone-mxe-power-crystal-online\/","title":{"rendered":"K\u00f8b Mexedrone MXE Power &amp; Crystal online"},"content":{"rendered":"<h1>K\u00f8b Mexedrone MXE Power &amp; Crystal online.<\/h1>\n<p>Mexedrone (4-mmc-oMe) er en simpel form af Mephedron, <a href=\"https:\/\/www.mancheck-berlin.de\/mephedron\/\">4-MMC<\/a>. Mexedrone\u00e2 opstod\u00e2 efter Mephedron\u00e2s bestilling som en ulovlig medicin. Mexedrone har en atommasse p\u00e5\u00e2 207,268g\/Mol, en subatomar opskrift p\u00e5\u00e2 C12H17NO2 og et metodisk navn p\u00e5\u00e2 3-methoxy-2-(methyamino)- 1-(4-methylphenyl)propan-1-on. Da Mexedrone er en s\u00e6rlig forbindelse, er data med hensyn til de biokemiske egenskaber af Mexedrone ikke tilg\u00e6ngelige.<\/p>\n<p>Mexedrone tilh\u00f8rer den\u00e2 stofklasse\u00e2 cathinon og reagerer i overensstemmelse hermed. Den\u00e2 fysiske udseende\u00e2 af Mexedrone er hvide \u00e6delsten, men du kan k\u00f8be Mexedrone i strukturen af\u00e2 krystaller\u00e2 eller <a href=\"https:\/\/stonersmeds.com\/da\/vare-tag\/synthetic-powder\/\">syntetisk identisk\u00e2 pulver<\/a>. Mexedrone er oralt administreret og har gr\u00e6nsev\u00e6rdier fra 50 mg til 100 mg. Mexedrone m\u00e5linger af 100 mg til 150 mg ses at udvise sammenlignelige virkninger af Mephedrone. Virkninger af Mexedrone kan vare i 4 til 6 timer.<\/p>\n<p>Mexedrone er et\u00e2 psykoaktivt stof\u00e2 der hedder b\u00e5de stimulerende og entactogen, som desuden virker ophidsende. Det er plausibelt, men endnu ikke p\u00e5vist, at Mexedrone for\u00e5rsager en oversv\u00f8mmelse af synapser, der kommer i forbindelse med de stimulerende virkninger af oplevelsen. Synapser, der er involveret i Mexedrone-oplevelsen, kan omfatte dopamin, noradrenalin og serotonin.<\/p>\n<p>Virkningerne af Mexedrone er\u00e2 70%\u00e2 af virkningerne af dets moderforbindelse, Mephedrone.\u00e2 Virkningerne\u00e2 af Mexedrone bliver mere plausible ved h\u00f8jere m\u00e5linger og er af fysisk, intellektuel og h\u00f8rbar karakter. Faktiske virkninger af mexedrone inkorporerer lykke, sedation, materiel fornemmelse og forbedring, parchedness, udvidet sved, uh\u00e6mmede fornemmelser, t\u00e6nder knusning, vibrerende vision og kvalt temperatur administrative kapaciteter. Psykologiske virkninger af Mexedrone inkorporere henrykkelse, og t\u00e6nkte fremskyndelse og netv\u00e6rk. Virkninger af Mexedrone kan ligeledes indf\u00f8re som h\u00f8rbare forbedringer.<\/p>\n<p>Efter at have spist Mexedrone, kan der ske \u00e2 post-stimulering\u00e2 top virkninger. Post-stimulering virkninger af Mexedrone kan v\u00e6re negative i naturen og inkorporere decelereret overvejelser og inspiration, intellektuel tr\u00e6thed, uro, fractiousness, byrdefuld tilstand af sindet og opm\u00e6rksomhed. Virkningerne af Mexedrone efter ophidselse sker sandsynligvis p\u00e5 grund af synapseforbrug, hvor synapseforsyningen blev opbrugt i den ophidsende periode af oplevelsen.<\/p>\n<p>&nbsp;<\/p>\n<p>&nbsp;<\/p>\n<pre><strong>K\u00f8b Mexedrone MXE Power &amp; Crystal online - k\u00f8b Mexedrone , k\u00f8b Mexedrone MXE Power &amp; Crystal usa , k\u00f8b Mexedrone MXE Power &amp; Crystal online USA , Hvor kan man k\u00f8be Mexedrone MXE Power &amp; Crystal , Mexedrone MXE Power &amp; Crystal til salg, Mexedrone MXE Power &amp; Crystal til salg i n\u00e6rheden af mig , k\u00f8b Mexedrone MXE Power &amp; Crystal online i n\u00e6rheden af mig , hvor kan man k\u00f8be Mexedrone MXE Power &amp; Crystal online, Mexedrone MXE Power &amp; Crystal til salg i usa , USA, canada, uk, k\u00f8b, online, leverand\u00f8rer, sikker levering, Du kan stadig f\u00e5 Mexedrone MXE Power &amp; Crystal , Er Mexedrone MXE Power &amp; Crystal lovligt i usa, k\u00f8b Mexedrone MXE Power &amp; Crystal online usa, hvordan man bestiller Mexedrone MXE Power &amp; Crystal , Er Mexedrone MXE Power &amp; Crystal lovligt i Canada<\/strong><\/pre>","protected":false},"excerpt":{"rendered":"<p>K\u00f8b Mexedrone MXE Power &amp; Crystal online. Mexedrone MXE Power .Mexedrone, ogs\u00e5 omtalt som MEX eller 4-MMC-Ome.<\/p>\n<pre><strong>K\u00f8b Mexedrone MXE Power &amp; Crystal online - k\u00f8b Mexedrone , k\u00f8b Mexedrone MXE Power &amp; Crystal usa , k\u00f8b Mexedrone MXE Power &amp; Crystal online USA , Hvor kan man k\u00f8be Mexedrone MXE Power &amp; Crystal , Mexedrone MXE Power &amp; Crystal til salg, Mexedrone MXE Power &amp; Crystal til salg i n\u00e6rheden af mig , k\u00f8b Mexedrone MXE Power &amp; Crystal online i n\u00e6rheden af mig , hvor kan man k\u00f8be Mexedrone MXE Power &amp; Crystal online, Mexedrone MXE Power &amp; Crystal til salg i usa , USA, canada, uk, k\u00f8b, online, leverand\u00f8rer, sikker levering, Du kan stadig f\u00e5 Mexedrone MXE Power &amp; Crystal , Er Mexedrone MXE Power &amp; Crystal lovligt i usa, k\u00f8b Mexedrone MXE Power &amp; Crystal online usa, hvordan man bestiller Mexedrone MXE Power &amp; Crystal , Er Mexedrone MXE Power &amp; Crystal lovligt i Canada<\/strong><\/pre>","protected":false},"featured_media":10729,"comment_status":"open","ping_status":"closed","template":"","meta":{"_bst_post_transparent":"","_bst_post_title":"","_bst_post_layout":"","_bst_post_sidebar_id":"","_bst_post_content_style":"","_bst_post_vertical_padding":"","_bst_post_feature":"","_bst_post_feature_position":"","_bst_post_header":false,"_bst_post_footer":false},"product_brand":[],"product_cat":[79],"product_tag":[252,258,254,253,261,256,260,257,255,259],"product_brands":[],"class_list":{"0":"post-10718","1":"product","2":"type-product","3":"status-publish","4":"has-post-thumbnail","6":"product_cat-research-chemicals-and-bath-salt","7":"product_tag-buy-mexedrone","8":"product_tag-buy-mexedrone-mxe-power-crystal-online-near-me","9":"product_tag-buy-mexedrone-mxe-power-crystal-online-usa","10":"product_tag-buy-mexedrone-mxe-power-crystal-usa","11":"product_tag-how-to-order-mexedrone-mxe-power-crystal","12":"product_tag-mexedrone-mxe-power-crystal-for-sale","13":"product_tag-mexedrone-mxe-power-crystal-for-sale-in-usa","14":"product_tag-mexedrone-mxe-power-crystal-for-sale-near-me","15":"product_tag-where-to-buy-mexedrone-mxe-power-crystal","16":"product_tag-where-to-buy-mexedrone-mxe-power-crystal-online","18":"first","19":"instock","20":"shipping-taxable","21":"purchasable","22":"product-type-variable","23":"entry","24":"content-bg","25":"loop-entry"},"tiered_pricing_type":"fixed","tiered_pricing_fixed_rules":[],"tiered_pricing_percentage_rules":[],"tiered_pricing_minimum":1,"_administrator_tiered_pricing_type":"fixed","_administrator_tiered_pricing_fixed_rules":[],"_editor_tiered_pricing_type":"fixed","_editor_tiered_pricing_fixed_rules":[],"_author_tiered_pricing_type":"fixed","_author_tiered_pricing_fixed_rules":[],"_contributor_tiered_pricing_type":"fixed","_contributor_tiered_pricing_fixed_rules":[],"_subscriber_tiered_pricing_type":"fixed","_subscriber_tiered_pricing_fixed_rules":[],"_customer_tiered_pricing_type":"fixed","_customer_tiered_pricing_fixed_rules":[],"_shop_manager_tiered_pricing_type":"fixed","_shop_manager_tiered_pricing_fixed_rules":[],"_wpseo_manager_tiered_pricing_type":"fixed","_wpseo_manager_tiered_pricing_fixed_rules":[],"_wpseo_editor_tiered_pricing_type":"fixed","_wpseo_editor_tiered_pricing_fixed_rules":[],"yoast_head":"<!-- This site is optimized with the Yoast SEO plugin v27.2 - https:\/\/yoast.com\/product\/yoast-seo-wordpress\/ -->\n<title>Buy Mexedrone MXE Power &amp; Crystal Online - Cheap price, Grade A++<\/title>\n<meta name=\"description\" content=\"Buy Mexedrone MXE Power Online at an affordable price at stonersmeds. All products are lab qualified and have premium quality.\" \/>\n<meta name=\"robots\" content=\"index, follow, max-snippet:-1, max-image-preview:large, max-video-preview:-1\" \/>\n<link rel=\"canonical\" href=\"https:\/\/stonersmeds.com\/da\/shop\/buy-mexedrone-mxe-power-crystal-online\/\" \/>\n<meta property=\"og:locale\" content=\"da_DK\" \/>\n<meta property=\"og:type\" content=\"article\" \/>\n<meta property=\"og:title\" content=\"Buy Mexedrone MXE Power &amp; Crystal Online - Cheap price, Grade A++\" \/>\n<meta property=\"og:description\" content=\"Buy Mexedrone MXE Power Online at an affordable price at stonersmeds. All products are lab qualified and have premium quality.\" \/>\n<meta property=\"og:url\" content=\"https:\/\/stonersmeds.com\/da\/shop\/buy-mexedrone-mxe-power-crystal-online\/\" \/>\n<meta property=\"og:site_name\" content=\"stonersmeds.com\" \/>\n<meta property=\"article:modified_time\" content=\"2026-03-02T05:10:40+00:00\" \/>\n<meta property=\"og:image\" content=\"https:\/\/stonersmeds.com\/wp-content\/uploads\/2022\/03\/buy-mexedrone-mxe-power-crystal-online-1.jpg\" \/>\n\t<meta property=\"og:image:width\" content=\"600\" \/>\n\t<meta property=\"og:image:height\" content=\"600\" \/>\n\t<meta property=\"og:image:type\" content=\"image\/jpeg\" \/>\n<meta name=\"twitter:card\" content=\"summary_large_image\" \/>\n<meta name=\"twitter:label1\" content=\"Tilg\u00e6ngelighed\" \/>\n\t<meta name=\"twitter:data1\" content=\"P\u00e5 lager\" \/>\n<script type=\"application\/ld+json\" class=\"yoast-schema-graph\">{\"@context\":\"https:\/\/schema.org\",\"@graph\":[{\"@type\":\"WebPage\",\"@id\":\"https:\/\/stonersmeds.com\/el\/shop\/buy-mexedrone-mxe-power-crystal-online\/\",\"url\":\"https:\/\/stonersmeds.com\/el\/shop\/buy-mexedrone-mxe-power-crystal-online\/\",\"name\":\"Buy Mexedrone MXE Power & Crystal Online - Cheap price, Grade A++\",\"isPartOf\":{\"@id\":\"https:\/\/stonersmeds.com\/#website\"},\"primaryImageOfPage\":{\"@id\":\"https:\/\/stonersmeds.com\/el\/shop\/buy-mexedrone-mxe-power-crystal-online\/#primaryimage\"},\"image\":{\"@id\":\"https:\/\/stonersmeds.com\/el\/shop\/buy-mexedrone-mxe-power-crystal-online\/#primaryimage\"},\"thumbnailUrl\":\"https:\/\/stonersmeds.com\/wp-content\/uploads\/2022\/03\/buy-mexedrone-mxe-power-crystal-online-1.jpg\",\"datePublished\":\"2022-03-12T09:26:17+00:00\",\"dateModified\":\"2026-03-02T05:10:40+00:00\",\"description\":\"Buy Mexedrone MXE Power Online at an affordable price at stonersmeds. All products are lab qualified and have premium quality.\",\"breadcrumb\":{\"@id\":\"https:\/\/stonersmeds.com\/el\/shop\/buy-mexedrone-mxe-power-crystal-online\/#breadcrumb\"},\"inLanguage\":\"da-DK\",\"potentialAction\":[{\"@type\":\"ReadAction\",\"target\":[\"https:\/\/stonersmeds.com\/el\/shop\/buy-mexedrone-mxe-power-crystal-online\/\"]}]},{\"@type\":\"ImageObject\",\"inLanguage\":\"da-DK\",\"@id\":\"https:\/\/stonersmeds.com\/el\/shop\/buy-mexedrone-mxe-power-crystal-online\/#primaryimage\",\"url\":\"https:\/\/stonersmeds.com\/wp-content\/uploads\/2022\/03\/buy-mexedrone-mxe-power-crystal-online-1.jpg\",\"contentUrl\":\"https:\/\/stonersmeds.com\/wp-content\/uploads\/2022\/03\/buy-mexedrone-mxe-power-crystal-online-1.jpg\",\"width\":600,\"height\":600},{\"@type\":\"BreadcrumbList\",\"@id\":\"https:\/\/stonersmeds.com\/el\/shop\/buy-mexedrone-mxe-power-crystal-online\/#breadcrumb\",\"itemListElement\":[{\"@type\":\"ListItem\",\"position\":1,\"name\":\"Home\",\"item\":\"https:\/\/stonersmeds.com\/\"},{\"@type\":\"ListItem\",\"position\":2,\"name\":\"Shop\",\"item\":\"https:\/\/stonersmeds.com\/shop\/\"},{\"@type\":\"ListItem\",\"position\":3,\"name\":\"Buy Mexedrone MXE Power &#038; Crystal Online\"}]},{\"@type\":\"WebSite\",\"@id\":\"https:\/\/stonersmeds.com\/#website\",\"url\":\"https:\/\/stonersmeds.com\/\",\"name\":\"stonersmeds.com\",\"description\":\"verschreibungspflichtige Medizin kaufen\",\"publisher\":{\"@id\":\"https:\/\/stonersmeds.com\/#organization\"},\"alternateName\":\"Research chemical shop\",\"potentialAction\":[{\"@type\":\"SearchAction\",\"target\":{\"@type\":\"EntryPoint\",\"urlTemplate\":\"https:\/\/stonersmeds.com\/?s={search_term_string}\"},\"query-input\":{\"@type\":\"PropertyValueSpecification\",\"valueRequired\":true,\"valueName\":\"search_term_string\"}}],\"inLanguage\":\"da-DK\"},{\"@type\":\"Organization\",\"@id\":\"https:\/\/stonersmeds.com\/#organization\",\"name\":\"Stonersmeds Shop\",\"url\":\"https:\/\/stonersmeds.com\/\",\"logo\":{\"@type\":\"ImageObject\",\"inLanguage\":\"da-DK\",\"@id\":\"https:\/\/stonersmeds.com\/#\/schema\/logo\/image\/\",\"url\":\"https:\/\/stonersmeds.com\/wp-content\/uploads\/2026\/02\/high-purity-DMT-powder.jpg\",\"contentUrl\":\"https:\/\/stonersmeds.com\/wp-content\/uploads\/2026\/02\/high-purity-DMT-powder.jpg\",\"width\":500,\"height\":500,\"caption\":\"Stonersmeds Shop\"},\"image\":{\"@id\":\"https:\/\/stonersmeds.com\/#\/schema\/logo\/image\/\"}}]}<\/script>\n<meta property=\"og:availability\" content=\"instock\" \/>\n<meta property=\"product:availability\" content=\"instock\" \/>\n<meta property=\"product:condition\" content=\"new\" \/>\n<!-- \/ Yoast SEO plugin. -->","yoast_head_json":{"title":"K\u00f8b Mexedrone MXE Power &amp; Crystal Online - Billig pris, Grade A++","description":"K\u00f8b Mexedrone MXE Power Online til en overkommelig pris hos stonersmeds. Alle produkter er laboratoriekvalificeret og har premium kvalitet.","robots":{"index":"index","follow":"follow","max-snippet":"max-snippet:-1","max-image-preview":"max-image-preview:large","max-video-preview":"max-video-preview:-1"},"canonical":"https:\/\/stonersmeds.com\/da\/shop\/buy-mexedrone-mxe-power-crystal-online\/","og_locale":"da_DK","og_type":"article","og_title":"Buy Mexedrone MXE Power & Crystal Online - Cheap price, Grade A++","og_description":"Buy Mexedrone MXE Power Online at an affordable price at stonersmeds. All products are lab qualified and have premium quality.","og_url":"https:\/\/stonersmeds.com\/da\/shop\/buy-mexedrone-mxe-power-crystal-online\/","og_site_name":"stonersmeds.com","article_modified_time":"2026-03-02T05:10:40+00:00","og_image":[{"width":600,"height":600,"url":"https:\/\/stonersmeds.com\/wp-content\/uploads\/2022\/03\/buy-mexedrone-mxe-power-crystal-online-1.jpg","type":"image\/jpeg"}],"twitter_card":"summary_large_image","twitter_misc":{"Tilg\u00e6ngelighed":"P\u00e5 lager"},"schema":{"@context":"https:\/\/schema.org","@graph":[{"@type":"WebPage","@id":"https:\/\/stonersmeds.com\/el\/shop\/buy-mexedrone-mxe-power-crystal-online\/","url":"https:\/\/stonersmeds.com\/el\/shop\/buy-mexedrone-mxe-power-crystal-online\/","name":"K\u00f8b Mexedrone MXE Power &amp; Crystal Online - Billig pris, Grade A++","isPartOf":{"@id":"https:\/\/stonersmeds.com\/#website"},"primaryImageOfPage":{"@id":"https:\/\/stonersmeds.com\/el\/shop\/buy-mexedrone-mxe-power-crystal-online\/#primaryimage"},"image":{"@id":"https:\/\/stonersmeds.com\/el\/shop\/buy-mexedrone-mxe-power-crystal-online\/#primaryimage"},"thumbnailUrl":"https:\/\/stonersmeds.com\/wp-content\/uploads\/2022\/03\/buy-mexedrone-mxe-power-crystal-online-1.jpg","datePublished":"2022-03-12T09:26:17+00:00","dateModified":"2026-03-02T05:10:40+00:00","description":"K\u00f8b Mexedrone MXE Power Online til en overkommelig pris hos stonersmeds. Alle produkter er laboratoriekvalificeret og har premium kvalitet.","breadcrumb":{"@id":"https:\/\/stonersmeds.com\/el\/shop\/buy-mexedrone-mxe-power-crystal-online\/#breadcrumb"},"inLanguage":"da-DK","potentialAction":[{"@type":"ReadAction","target":["https:\/\/stonersmeds.com\/el\/shop\/buy-mexedrone-mxe-power-crystal-online\/"]}]},{"@type":"ImageObject","inLanguage":"da-DK","@id":"https:\/\/stonersmeds.com\/el\/shop\/buy-mexedrone-mxe-power-crystal-online\/#primaryimage","url":"https:\/\/stonersmeds.com\/wp-content\/uploads\/2022\/03\/buy-mexedrone-mxe-power-crystal-online-1.jpg","contentUrl":"https:\/\/stonersmeds.com\/wp-content\/uploads\/2022\/03\/buy-mexedrone-mxe-power-crystal-online-1.jpg","width":600,"height":600},{"@type":"BreadcrumbList","@id":"https:\/\/stonersmeds.com\/el\/shop\/buy-mexedrone-mxe-power-crystal-online\/#breadcrumb","itemListElement":[{"@type":"ListItem","position":1,"name":"Home","item":"https:\/\/stonersmeds.com\/"},{"@type":"ListItem","position":2,"name":"Shop","item":"https:\/\/stonersmeds.com\/shop\/"},{"@type":"ListItem","position":3,"name":"Buy Mexedrone MXE Power &#038; Crystal Online"}]},{"@type":"WebSite","@id":"https:\/\/stonersmeds.com\/#website","url":"https:\/\/stonersmeds.com\/","name":"stonersmeds.com","description":"Verschreibungspflichtige Medizin kaufen","publisher":{"@id":"https:\/\/stonersmeds.com\/#organization"},"alternateName":"Research chemical shop","potentialAction":[{"@type":"SearchAction","target":{"@type":"EntryPoint","urlTemplate":"https:\/\/stonersmeds.com\/?s={search_term_string}"},"query-input":{"@type":"PropertyValueSpecification","valueRequired":true,"valueName":"search_term_string"}}],"inLanguage":"da-DK"},{"@type":"Organization","@id":"https:\/\/stonersmeds.com\/#organization","name":"Stonersmeds Shop","url":"https:\/\/stonersmeds.com\/","logo":{"@type":"ImageObject","inLanguage":"da-DK","@id":"https:\/\/stonersmeds.com\/#\/schema\/logo\/image\/","url":"https:\/\/stonersmeds.com\/wp-content\/uploads\/2026\/02\/high-purity-DMT-powder.jpg","contentUrl":"https:\/\/stonersmeds.com\/wp-content\/uploads\/2026\/02\/high-purity-DMT-powder.jpg","width":500,"height":500,"caption":"Stonersmeds Shop"},"image":{"@id":"https:\/\/stonersmeds.com\/#\/schema\/logo\/image\/"}}]},"og_availability":"instock","product_availability":"instock","product_condition":"new"},"_links":{"self":[{"href":"https:\/\/stonersmeds.com\/da\/wp-json\/wp\/v2\/product\/10718","targetHints":{"allow":["GET"]}}],"collection":[{"href":"https:\/\/stonersmeds.com\/da\/wp-json\/wp\/v2\/product"}],"about":[{"href":"https:\/\/stonersmeds.com\/da\/wp-json\/wp\/v2\/types\/product"}],"replies":[{"embeddable":true,"href":"https:\/\/stonersmeds.com\/da\/wp-json\/wp\/v2\/comments?post=10718"}],"version-history":[{"count":0,"href":"https:\/\/stonersmeds.com\/da\/wp-json\/wp\/v2\/product\/10718\/revisions"}],"wp:featuredmedia":[{"embeddable":true,"href":"https:\/\/stonersmeds.com\/da\/wp-json\/wp\/v2\/media\/10729"}],"wp:attachment":[{"href":"https:\/\/stonersmeds.com\/da\/wp-json\/wp\/v2\/media?parent=10718"}],"wp:term":[{"taxonomy":"product_brand","embeddable":true,"href":"https:\/\/stonersmeds.com\/da\/wp-json\/wp\/v2\/product_brand?post=10718"},{"taxonomy":"product_cat","embeddable":true,"href":"https:\/\/stonersmeds.com\/da\/wp-json\/wp\/v2\/product_cat?post=10718"},{"taxonomy":"product_tag","embeddable":true,"href":"https:\/\/stonersmeds.com\/da\/wp-json\/wp\/v2\/product_tag?post=10718"},{"taxonomy":"product_brands","embeddable":true,"href":"https:\/\/stonersmeds.com\/da\/wp-json\/wp\/v2\/product_brands?post=10718"}],"curies":[{"name":"wp","href":"https:\/\/api.w.org\/{rel}","templated":true}]}}