{"id":10753,"date":"2022-03-12T09:35:24","date_gmt":"2022-03-12T09:35:24","guid":{"rendered":"https:\/\/stonersmeds.com\/?post_type=product&#038;p=10753"},"modified":"2026-03-01T05:50:04","modified_gmt":"2026-03-01T03:50:04","slug":"buy-quality-hydrocodone-powder-online","status":"publish","type":"product","link":"https:\/\/stonersmeds.com\/da\/shop\/buy-quality-hydrocodone-powder-online\/","title":{"rendered":"K\u00f8b kvalitetshydrocodonpulver online"},"content":{"rendered":"<h1>K\u00f8b kvalitetshydrocodonpulver online.<\/h1>\n<p>Hydrocodon er et opioid smertestillende middel.<\/p>\n<p>Zohydro ER og Hysingla ER er former for hydrocodon med forl\u00e6nget frigivelse, der anvendes til behandling af st\u00e6rke smerter d\u00f8gnet rundt. Forl\u00e6nget frigivelse <a href=\"https:\/\/www.webmd.com\/drugs\/2\/drug-251\/hydrocodone-acetaminophen-oral\/details\">hydrocodon<\/a> er ikke beregnet til brug mod smerter.<\/p>\n<p>Hydrocodon kan ogs\u00e5 anvendes til form\u00e5l, der ikke er anf\u00f8rt i denne medicinvejledning.<\/p>\n<p><a href=\"https:\/\/stonersmeds.com\/da\/vare-tag\/hydrocodone-pain-pills-10-325-buy\/\">Hydrocodon bruges til at lindre moderate til sv\u00e6re smerter<\/a>. Indeholder et opioidanalgetikum (hydrocodon) og et ikke-opioidanalgetikum (acetaminophen). Hydrocodon virker i hjernen for at \u00e6ndre den m\u00e5de, som din krop f\u00f8ler og reagerer p\u00e5 smerte p\u00e5. Paracetamol kan ogs\u00e5 s\u00e6nke temperaturen.<\/p>\n<p>&nbsp;<\/p>\n<p>&nbsp;<\/p>\n<pre><strong>K\u00f8b Quality Hydrocodone Powder Online - k\u00f8b Quality Hydrocodone Powder , k\u00f8b Quality Hydrocodone Powder usa , k\u00f8b Quality Hydrocodone Powder online USA , Hvor kan man k\u00f8be Quality Hydrocodone Powder , Quality Hydrocodone Powder til salg, Quality Hydrocodone Powder til salg i n\u00e6rheden af mig , k\u00f8b Quality Hydrocodone Powder online i n\u00e6rheden af mig , hvor kan man k\u00f8be Quality Hydrocodone Powder online , Quality Hydrocodone Powder til salg i usa , USA, canada,uk, k\u00f8b, online, leverand\u00f8rer, sikker levering, Du kan stadig f\u00e5 Quality Hydrocodone Powder , Er Quality Hydrocodone Powder lovligt i usa, k\u00f8b Quality Hydrocodone Powder online usa, hvordan man bestiller Quality Hydrocodone Powder , Er Quality Hydrocodone Powder lovligt i Canada<\/strong><\/pre>","protected":false},"excerpt":{"rendered":"<p>K\u00f8b kvalitetshydrocodonpulver online. Hydrocodonpulver er et halvsyntetisk opioid, der er afledt af kodein.<\/p>\n<pre><strong>K\u00f8b Quality Hydrocodone Powder Online - k\u00f8b Quality Hydrocodone Powder , k\u00f8b Quality Hydrocodone Powder usa , k\u00f8b Quality Hydrocodone Powder online USA , Hvor kan man k\u00f8be Quality Hydrocodone Powder , Quality Hydrocodone Powder til salg, Quality Hydrocodone Powder til salg i n\u00e6rheden af mig , k\u00f8b Quality Hydrocodone Powder online i n\u00e6rheden af mig , hvor kan man k\u00f8be Quality Hydrocodone Powder online , Quality Hydrocodone Powder til salg i usa , USA, canada,uk, k\u00f8b, online, leverand\u00f8rer, sikker levering, Du kan stadig f\u00e5 Quality Hydrocodone Powder , Er Quality Hydrocodone Powder lovligt i usa, k\u00f8b Quality Hydrocodone Powder online usa, hvordan man bestiller Quality Hydrocodone Powder , Er Quality Hydrocodone Powder lovligt i Canada<\/strong><\/pre>","protected":false},"featured_media":10764,"comment_status":"open","ping_status":"closed","template":"","meta":{"_bst_post_transparent":"","_bst_post_title":"","_bst_post_layout":"","_bst_post_sidebar_id":"","_bst_post_content_style":"","_bst_post_vertical_padding":"","_bst_post_feature":"","_bst_post_feature_position":"","_bst_post_header":false,"_bst_post_footer":false},"product_brand":[],"product_cat":[79],"product_tag":[233,230,226,225,228,232,229,227,231],"product_brands":[],"class_list":{"0":"post-10753","1":"product","2":"type-product","3":"status-publish","4":"has-post-thumbnail","6":"product_cat-research-chemicals-and-bath-salt","7":"product_tag-buy-quality-hydrocodone-powder","8":"product_tag-buy-quality-hydrocodone-powder-online-near-me","9":"product_tag-buy-quality-hydrocodone-powder-online-usa","10":"product_tag-buy-quality-hydrocodone-powder-usa","11":"product_tag-quality-hydrocodone-powder-for-sale","12":"product_tag-quality-hydrocodone-powder-for-sale-in-usa","13":"product_tag-quality-hydrocodone-powder-for-sale-near-me","14":"product_tag-where-to-buy-quality-hydrocodone-powder","15":"product_tag-where-to-buy-quality-hydrocodone-powder-online","17":"first","18":"instock","19":"shipping-taxable","20":"purchasable","21":"product-type-variable","22":"entry","23":"content-bg","24":"loop-entry"},"tiered_pricing_type":"fixed","tiered_pricing_fixed_rules":[],"tiered_pricing_percentage_rules":[],"tiered_pricing_minimum":1,"_administrator_tiered_pricing_type":"fixed","_administrator_tiered_pricing_fixed_rules":[],"_editor_tiered_pricing_type":"fixed","_editor_tiered_pricing_fixed_rules":[],"_author_tiered_pricing_type":"fixed","_author_tiered_pricing_fixed_rules":[],"_contributor_tiered_pricing_type":"fixed","_contributor_tiered_pricing_fixed_rules":[],"_subscriber_tiered_pricing_type":"fixed","_subscriber_tiered_pricing_fixed_rules":[],"_customer_tiered_pricing_type":"fixed","_customer_tiered_pricing_fixed_rules":[],"_shop_manager_tiered_pricing_type":"fixed","_shop_manager_tiered_pricing_fixed_rules":[],"_wpseo_manager_tiered_pricing_type":"fixed","_wpseo_manager_tiered_pricing_fixed_rules":[],"_wpseo_editor_tiered_pricing_type":"fixed","_wpseo_editor_tiered_pricing_fixed_rules":[],"yoast_head":"<!-- This site is optimized with the Yoast SEO plugin v27.2 - https:\/\/yoast.com\/product\/yoast-seo-wordpress\/ -->\n<title>Buy Quality Hydrocodone Powder Online - Cheap price, Grade A++<\/title>\n<meta name=\"description\" content=\"Buy Quality Hydrocodone Powder Online at an affordable price at stonersmeds. All products are lab qualified and have premium quality.\" \/>\n<meta name=\"robots\" content=\"index, follow, max-snippet:-1, max-image-preview:large, max-video-preview:-1\" \/>\n<link rel=\"canonical\" href=\"https:\/\/stonersmeds.com\/da\/shop\/buy-quality-hydrocodone-powder-online\/\" \/>\n<meta property=\"og:locale\" content=\"da_DK\" \/>\n<meta property=\"og:type\" content=\"article\" \/>\n<meta property=\"og:title\" content=\"Buy Quality Hydrocodone Powder Online - Cheap price, Grade A++\" \/>\n<meta property=\"og:description\" content=\"Buy Quality Hydrocodone Powder Online at an affordable price at stonersmeds. All products are lab qualified and have premium quality.\" \/>\n<meta property=\"og:url\" content=\"https:\/\/stonersmeds.com\/da\/shop\/buy-quality-hydrocodone-powder-online\/\" \/>\n<meta property=\"og:site_name\" content=\"stonersmeds.com\" \/>\n<meta property=\"article:modified_time\" content=\"2026-03-01T03:50:04+00:00\" \/>\n<meta property=\"og:image\" content=\"https:\/\/stonersmeds.com\/wp-content\/uploads\/2022\/03\/buy-quality-hydrocodone-powder-online.jpg\" \/>\n\t<meta property=\"og:image:width\" content=\"600\" \/>\n\t<meta property=\"og:image:height\" content=\"600\" \/>\n\t<meta property=\"og:image:type\" content=\"image\/jpeg\" \/>\n<meta name=\"twitter:card\" content=\"summary_large_image\" \/>\n<meta name=\"twitter:label1\" content=\"Tilg\u00e6ngelighed\" \/>\n\t<meta name=\"twitter:data1\" content=\"P\u00e5 lager\" \/>\n<script type=\"application\/ld+json\" class=\"yoast-schema-graph\">{\"@context\":\"https:\/\/schema.org\",\"@graph\":[{\"@type\":\"WebPage\",\"@id\":\"https:\/\/stonersmeds.com\/shop\/buy-quality-hydrocodone-powder-online\/\",\"url\":\"https:\/\/stonersmeds.com\/shop\/buy-quality-hydrocodone-powder-online\/\",\"name\":\"Buy Quality Hydrocodone Powder Online - Cheap price, Grade A++\",\"isPartOf\":{\"@id\":\"https:\/\/stonersmeds.com\/#website\"},\"primaryImageOfPage\":{\"@id\":\"https:\/\/stonersmeds.com\/shop\/buy-quality-hydrocodone-powder-online\/#primaryimage\"},\"image\":{\"@id\":\"https:\/\/stonersmeds.com\/shop\/buy-quality-hydrocodone-powder-online\/#primaryimage\"},\"thumbnailUrl\":\"https:\/\/stonersmeds.com\/wp-content\/uploads\/2022\/03\/buy-quality-hydrocodone-powder-online.jpg\",\"datePublished\":\"2022-03-12T09:35:24+00:00\",\"dateModified\":\"2026-03-01T03:50:04+00:00\",\"description\":\"Buy Quality Hydrocodone Powder Online at an affordable price at stonersmeds. All products are lab qualified and have premium quality.\",\"breadcrumb\":{\"@id\":\"https:\/\/stonersmeds.com\/shop\/buy-quality-hydrocodone-powder-online\/#breadcrumb\"},\"inLanguage\":\"da-DK\",\"potentialAction\":[{\"@type\":\"ReadAction\",\"target\":[\"https:\/\/stonersmeds.com\/shop\/buy-quality-hydrocodone-powder-online\/\"]}]},{\"@type\":\"ImageObject\",\"inLanguage\":\"da-DK\",\"@id\":\"https:\/\/stonersmeds.com\/shop\/buy-quality-hydrocodone-powder-online\/#primaryimage\",\"url\":\"https:\/\/stonersmeds.com\/wp-content\/uploads\/2022\/03\/buy-quality-hydrocodone-powder-online.jpg\",\"contentUrl\":\"https:\/\/stonersmeds.com\/wp-content\/uploads\/2022\/03\/buy-quality-hydrocodone-powder-online.jpg\",\"width\":600,\"height\":600},{\"@type\":\"BreadcrumbList\",\"@id\":\"https:\/\/stonersmeds.com\/shop\/buy-quality-hydrocodone-powder-online\/#breadcrumb\",\"itemListElement\":[{\"@type\":\"ListItem\",\"position\":1,\"name\":\"Home\",\"item\":\"https:\/\/stonersmeds.com\/\"},{\"@type\":\"ListItem\",\"position\":2,\"name\":\"Shop\",\"item\":\"https:\/\/stonersmeds.com\/shop\/\"},{\"@type\":\"ListItem\",\"position\":3,\"name\":\"Buy Quality Hydrocodone Powder Online\"}]},{\"@type\":\"WebSite\",\"@id\":\"https:\/\/stonersmeds.com\/#website\",\"url\":\"https:\/\/stonersmeds.com\/\",\"name\":\"stonersmeds.com\",\"description\":\"verschreibungspflichtige Medizin kaufen\",\"publisher\":{\"@id\":\"https:\/\/stonersmeds.com\/#organization\"},\"alternateName\":\"Research chemical shop\",\"potentialAction\":[{\"@type\":\"SearchAction\",\"target\":{\"@type\":\"EntryPoint\",\"urlTemplate\":\"https:\/\/stonersmeds.com\/?s={search_term_string}\"},\"query-input\":{\"@type\":\"PropertyValueSpecification\",\"valueRequired\":true,\"valueName\":\"search_term_string\"}}],\"inLanguage\":\"da-DK\"},{\"@type\":\"Organization\",\"@id\":\"https:\/\/stonersmeds.com\/#organization\",\"name\":\"Stonersmeds Shop\",\"url\":\"https:\/\/stonersmeds.com\/\",\"logo\":{\"@type\":\"ImageObject\",\"inLanguage\":\"da-DK\",\"@id\":\"https:\/\/stonersmeds.com\/#\/schema\/logo\/image\/\",\"url\":\"https:\/\/stonersmeds.com\/wp-content\/uploads\/2026\/02\/high-purity-DMT-powder.jpg\",\"contentUrl\":\"https:\/\/stonersmeds.com\/wp-content\/uploads\/2026\/02\/high-purity-DMT-powder.jpg\",\"width\":500,\"height\":500,\"caption\":\"Stonersmeds Shop\"},\"image\":{\"@id\":\"https:\/\/stonersmeds.com\/#\/schema\/logo\/image\/\"}}]}<\/script>\n<meta property=\"og:availability\" content=\"instock\" \/>\n<meta property=\"product:availability\" content=\"instock\" \/>\n<meta property=\"product:condition\" content=\"new\" \/>\n<!-- \/ Yoast SEO plugin. -->","yoast_head_json":{"title":"K\u00f8b kvalitets Hydrocodone Powder Online - Billig pris, Grade A++","description":"K\u00f8b kvalitets Hydrocodone Powder Online til en overkommelig pris hos stonersmeds. Alle produkter er laboratoriekvalificeret og har premium kvalitet.","robots":{"index":"index","follow":"follow","max-snippet":"max-snippet:-1","max-image-preview":"max-image-preview:large","max-video-preview":"max-video-preview:-1"},"canonical":"https:\/\/stonersmeds.com\/da\/shop\/buy-quality-hydrocodone-powder-online\/","og_locale":"da_DK","og_type":"article","og_title":"Buy Quality Hydrocodone Powder Online - Cheap price, Grade A++","og_description":"Buy Quality Hydrocodone Powder Online at an affordable price at stonersmeds. All products are lab qualified and have premium quality.","og_url":"https:\/\/stonersmeds.com\/da\/shop\/buy-quality-hydrocodone-powder-online\/","og_site_name":"stonersmeds.com","article_modified_time":"2026-03-01T03:50:04+00:00","og_image":[{"width":600,"height":600,"url":"https:\/\/stonersmeds.com\/wp-content\/uploads\/2022\/03\/buy-quality-hydrocodone-powder-online.jpg","type":"image\/jpeg"}],"twitter_card":"summary_large_image","twitter_misc":{"Tilg\u00e6ngelighed":"P\u00e5 lager"},"schema":{"@context":"https:\/\/schema.org","@graph":[{"@type":"WebPage","@id":"https:\/\/stonersmeds.com\/shop\/buy-quality-hydrocodone-powder-online\/","url":"https:\/\/stonersmeds.com\/shop\/buy-quality-hydrocodone-powder-online\/","name":"K\u00f8b kvalitets Hydrocodone Powder Online - Billig pris, Grade A++","isPartOf":{"@id":"https:\/\/stonersmeds.com\/#website"},"primaryImageOfPage":{"@id":"https:\/\/stonersmeds.com\/shop\/buy-quality-hydrocodone-powder-online\/#primaryimage"},"image":{"@id":"https:\/\/stonersmeds.com\/shop\/buy-quality-hydrocodone-powder-online\/#primaryimage"},"thumbnailUrl":"https:\/\/stonersmeds.com\/wp-content\/uploads\/2022\/03\/buy-quality-hydrocodone-powder-online.jpg","datePublished":"2022-03-12T09:35:24+00:00","dateModified":"2026-03-01T03:50:04+00:00","description":"K\u00f8b kvalitets Hydrocodone Powder Online til en overkommelig pris hos stonersmeds. Alle produkter er laboratoriekvalificeret og har premium kvalitet.","breadcrumb":{"@id":"https:\/\/stonersmeds.com\/shop\/buy-quality-hydrocodone-powder-online\/#breadcrumb"},"inLanguage":"da-DK","potentialAction":[{"@type":"ReadAction","target":["https:\/\/stonersmeds.com\/shop\/buy-quality-hydrocodone-powder-online\/"]}]},{"@type":"ImageObject","inLanguage":"da-DK","@id":"https:\/\/stonersmeds.com\/shop\/buy-quality-hydrocodone-powder-online\/#primaryimage","url":"https:\/\/stonersmeds.com\/wp-content\/uploads\/2022\/03\/buy-quality-hydrocodone-powder-online.jpg","contentUrl":"https:\/\/stonersmeds.com\/wp-content\/uploads\/2022\/03\/buy-quality-hydrocodone-powder-online.jpg","width":600,"height":600},{"@type":"BreadcrumbList","@id":"https:\/\/stonersmeds.com\/shop\/buy-quality-hydrocodone-powder-online\/#breadcrumb","itemListElement":[{"@type":"ListItem","position":1,"name":"Home","item":"https:\/\/stonersmeds.com\/"},{"@type":"ListItem","position":2,"name":"Shop","item":"https:\/\/stonersmeds.com\/shop\/"},{"@type":"ListItem","position":3,"name":"Buy Quality Hydrocodone Powder Online"}]},{"@type":"WebSite","@id":"https:\/\/stonersmeds.com\/#website","url":"https:\/\/stonersmeds.com\/","name":"stonersmeds.com","description":"Verschreibungspflichtige Medizin kaufen","publisher":{"@id":"https:\/\/stonersmeds.com\/#organization"},"alternateName":"Research chemical shop","potentialAction":[{"@type":"SearchAction","target":{"@type":"EntryPoint","urlTemplate":"https:\/\/stonersmeds.com\/?s={search_term_string}"},"query-input":{"@type":"PropertyValueSpecification","valueRequired":true,"valueName":"search_term_string"}}],"inLanguage":"da-DK"},{"@type":"Organization","@id":"https:\/\/stonersmeds.com\/#organization","name":"Stonersmeds Shop","url":"https:\/\/stonersmeds.com\/","logo":{"@type":"ImageObject","inLanguage":"da-DK","@id":"https:\/\/stonersmeds.com\/#\/schema\/logo\/image\/","url":"https:\/\/stonersmeds.com\/wp-content\/uploads\/2026\/02\/high-purity-DMT-powder.jpg","contentUrl":"https:\/\/stonersmeds.com\/wp-content\/uploads\/2026\/02\/high-purity-DMT-powder.jpg","width":500,"height":500,"caption":"Stonersmeds Shop"},"image":{"@id":"https:\/\/stonersmeds.com\/#\/schema\/logo\/image\/"}}]},"og_availability":"instock","product_availability":"instock","product_condition":"new"},"_links":{"self":[{"href":"https:\/\/stonersmeds.com\/da\/wp-json\/wp\/v2\/product\/10753","targetHints":{"allow":["GET"]}}],"collection":[{"href":"https:\/\/stonersmeds.com\/da\/wp-json\/wp\/v2\/product"}],"about":[{"href":"https:\/\/stonersmeds.com\/da\/wp-json\/wp\/v2\/types\/product"}],"replies":[{"embeddable":true,"href":"https:\/\/stonersmeds.com\/da\/wp-json\/wp\/v2\/comments?post=10753"}],"version-history":[{"count":0,"href":"https:\/\/stonersmeds.com\/da\/wp-json\/wp\/v2\/product\/10753\/revisions"}],"wp:featuredmedia":[{"embeddable":true,"href":"https:\/\/stonersmeds.com\/da\/wp-json\/wp\/v2\/media\/10764"}],"wp:attachment":[{"href":"https:\/\/stonersmeds.com\/da\/wp-json\/wp\/v2\/media?parent=10753"}],"wp:term":[{"taxonomy":"product_brand","embeddable":true,"href":"https:\/\/stonersmeds.com\/da\/wp-json\/wp\/v2\/product_brand?post=10753"},{"taxonomy":"product_cat","embeddable":true,"href":"https:\/\/stonersmeds.com\/da\/wp-json\/wp\/v2\/product_cat?post=10753"},{"taxonomy":"product_tag","embeddable":true,"href":"https:\/\/stonersmeds.com\/da\/wp-json\/wp\/v2\/product_tag?post=10753"},{"taxonomy":"product_brands","embeddable":true,"href":"https:\/\/stonersmeds.com\/da\/wp-json\/wp\/v2\/product_brands?post=10753"}],"curies":[{"name":"wp","href":"https:\/\/api.w.org\/{rel}","templated":true}]}}