{"id":10777,"date":"2022-03-12T09:43:11","date_gmt":"2022-03-12T09:43:11","guid":{"rendered":"https:\/\/stonersmeds.com\/?post_type=product&#038;p=10777"},"modified":"2026-02-27T12:40:04","modified_gmt":"2026-02-27T10:40:04","slug":"buy-pure-mdma-powder-online","status":"publish","type":"product","link":"https:\/\/stonersmeds.com\/da\/shop\/buy-pure-mdma-powder-online\/","title":{"rendered":"K\u00f8b rent MDMA-pulver online"},"content":{"rendered":"<h1>K\u00f8b rent MDMA-pulver online<\/h1>\n<p>K\u00f8b rent MDMA-pulver online. MDMA (Ecstasy\/Molly) Pulver Til salg her hos S\u00e5 vidt ang\u00e5r kvalitet, har vi det bedste.<\/p>\n<p>Rent MDMA-pulver online. Ecstasy\/Molly Pulver til salg (<a href=\"https:\/\/stonersmeds.com\/da\/vare-tag\/buy-powder-online\/\">k\u00f8b Ecstasy\/Molly Powder online<\/a>)<\/p>\n<p><a href=\"https:\/\/stonersmeds.com\/da\/shop\/buy-xtc-philipp-plein-blue-524-mg-mdma-pills-online\/\">K\u00f8b MDMA online<\/a> (forhandlet 3,4-methylendioxy-methamfetamin) er et psykoaktivt stof i l\u00e6gemiddelklasserne methylendioxyfenethylamin-erstatning og amfetamin-erstatning, der prim\u00e6rt anvendes p\u00e5 grund af dets euforiske og empatiske virkninger. Farmakologisk set, <a href=\"https:\/\/stonersmeds.com\/da\/vare-tag\/buy-pure-mdma-powder\/\">K\u00f8b MDMA Pure Powder<\/a> MDMA virker som et serotonin-norepinephrin-dopamin-frigivende stof og som en genoptagelsesh\u00e6mmer. <a href=\"https:\/\/stonersmeds.com\/da\/vare-tag\/where-to-buy-jwh-210-chemical-powder-online\/\">K\u00f8b MDMA pulver online<\/a><\/p>\n<p>MDMA, der s\u00e6lges online, er almindeligt kendt som \"Ecstasy\" (forkortet \"E\", \"X\" eller \"XTC\") og henviser normalt til tabletformen, selv om dette udtryk kan indeb\u00e6re muligheden for et forfalsket kosttilskud. Udtrykket \"Mandy til salg\" i Det Forenede Kongerige og det amerikanske udtryk \"Molly til salg\" henviser til MDMA i form af et krystallinsk pulver, der er relativt fri for forfalskede tils\u00e6tningsstoffer. Molly kan undertiden henvise til besl\u00e6gtede l\u00e6gemidler s\u00e5som methylon, k\u00f8b af rent <a href=\"https:\/\/www.emcdda.europa.eu\/publications\/drug-profiles\/mdma_de\">MDMA<\/a> pulver, k\u00f8b af MDPV online, mephedron eller en anden gruppe farmakologiske forbindelser, der er kendt som badesalte.<\/p>\n<p>&nbsp;<\/p>\n<p>&nbsp;<\/p>\n<pre><strong><a href=\"https:\/\/stonersmeds.com\/da\/vare-tag\/where-to-buy-pure-mdma-crystals-online\/\">K\u00f8b rent MDMA-pulver online<\/a> - k\u00f8be ren MDMA pulver , k\u00f8be ren MDMA pulver usa , k\u00f8be ren MDMA pulver online USA , Hvor kan man k\u00f8be ren MDMA pulver , ren MDMA pulver til salg, ren MDMA pulver til salg i n\u00e6rheden af mig , k\u00f8be ren MDMA pulver online i n\u00e6rheden af mig , hvor kan man k\u00f8be ren MDMA pulver online, ren MDMA pulver til salg i usa , USA, Canada, Storbritannien, k\u00f8b, online, leverand\u00f8rer, sikker levering, Du kan stadig f\u00e5 ren MDMA pulver , Er ren MDMA pulver lovligt i usa, k\u00f8b ren MDMA pulver online usa, hvordan man bestiller ren MDMA pulver , Er ren MDMA pulver lovligt i Canada<\/strong><\/pre>","protected":false},"excerpt":{"rendered":"<ul>\n<li>K\u00f8b rent MDMA-pulver online<\/li>\n<li>Rent MDMA pulver online<\/li>\n<li>Ecstasy\/Molly Powder s\u00e6lges<\/li>\n<li>\u00a0k\u00f8b Ecstasy\/Molly Powder online<\/li>\n<\/ul>\n<pre><strong>K\u00f8b rent MDMA pulver online Rent MDMA pulver online Ecstasy\/Molly Powder til salg k\u00f8b Ecstasy\/Molly Powder online K\u00f8b rent MDMA pulver online - k\u00f8b rent MDMA pulver, k\u00f8b rent MDMA pulver USA, k\u00f8b rent MDMA pulver online USA, hvor kan du k\u00f8be rent MDMA pulver pulver , rent MDMA-pulver til salg, rent MDMA-pulver til salg i n\u00e6rheden af mig , k\u00f8b rent MDMA-pulver online n\u00e6r mig , hvor kan man k\u00f8be rent MDMA-pulver online , rent MDMA-pulver til salg i usa , USA, canada, uk, k\u00f8b, online, leverand\u00f8rer, sikker levering, Du kan stadig f\u00e5 rent MDMA-pulver , Er rent MDMA-pulver lovligt i usa, k\u00f8b rent MDMA-pulver online usa, hvordan bestiller du rent MDMA-pulver , Er rent MDMA-pulver lovligt i Canada<\/strong><\/pre>","protected":false},"featured_media":10792,"comment_status":"open","ping_status":"closed","template":"","meta":{"_bst_post_transparent":"","_bst_post_title":"","_bst_post_layout":"","_bst_post_sidebar_id":"","_bst_post_content_style":"","_bst_post_vertical_padding":"","_bst_post_feature":"","_bst_post_feature_position":"","_bst_post_header":false,"_bst_post_footer":false},"product_brand":[],"product_cat":[79],"product_tag":[186,192,188,187,190,194,191,189,193],"product_brands":[],"class_list":{"0":"post-10777","1":"product","2":"type-product","3":"status-publish","4":"has-post-thumbnail","6":"product_cat-research-chemicals-and-bath-salt","7":"product_tag-buy-pure-mdma-powder","8":"product_tag-buy-pure-mdma-powder-online-near-me","9":"product_tag-buy-pure-mdma-powder-online-usa","10":"product_tag-buy-pure-mdma-powder-usa","11":"product_tag-pure-mdma-powder-for-sale","12":"product_tag-pure-mdma-powder-for-sale-in-usa","13":"product_tag-pure-mdma-powder-for-sale-near-me","14":"product_tag-where-to-buy-pure-mdma-powder","15":"product_tag-where-to-buy-pure-mdma-powder-online","17":"first","18":"instock","19":"shipping-taxable","20":"purchasable","21":"product-type-variable","22":"entry","23":"content-bg","24":"loop-entry"},"tiered_pricing_type":"fixed","tiered_pricing_fixed_rules":[],"tiered_pricing_percentage_rules":[],"tiered_pricing_minimum":1,"_administrator_tiered_pricing_type":"fixed","_administrator_tiered_pricing_fixed_rules":[],"_editor_tiered_pricing_type":"fixed","_editor_tiered_pricing_fixed_rules":[],"_author_tiered_pricing_type":"fixed","_author_tiered_pricing_fixed_rules":[],"_contributor_tiered_pricing_type":"fixed","_contributor_tiered_pricing_fixed_rules":[],"_subscriber_tiered_pricing_type":"fixed","_subscriber_tiered_pricing_fixed_rules":[],"_customer_tiered_pricing_type":"fixed","_customer_tiered_pricing_fixed_rules":[],"_shop_manager_tiered_pricing_type":"fixed","_shop_manager_tiered_pricing_fixed_rules":[],"_wpseo_manager_tiered_pricing_type":"fixed","_wpseo_manager_tiered_pricing_fixed_rules":[],"_wpseo_editor_tiered_pricing_type":"fixed","_wpseo_editor_tiered_pricing_fixed_rules":[],"yoast_head":"<!-- This site is optimized with the Yoast SEO plugin v27.2 - https:\/\/yoast.com\/product\/yoast-seo-wordpress\/ -->\n<title>Buy pure MDMA powder online - Cheap price, Grade A++<\/title>\n<meta name=\"description\" content=\"Buy pure MDMA powder Online at an affordable price at stonersmeds. All products are lab qualified and have premium quality.\" \/>\n<meta name=\"robots\" content=\"index, follow, max-snippet:-1, max-image-preview:large, max-video-preview:-1\" \/>\n<link rel=\"canonical\" href=\"https:\/\/stonersmeds.com\/da\/shop\/buy-pure-mdma-powder-online\/\" \/>\n<meta property=\"og:locale\" content=\"da_DK\" \/>\n<meta property=\"og:type\" content=\"article\" \/>\n<meta property=\"og:title\" content=\"Buy pure MDMA powder online - Cheap price, Grade A++\" \/>\n<meta property=\"og:description\" content=\"Buy pure MDMA powder Online at an affordable price at stonersmeds. All products are lab qualified and have premium quality.\" \/>\n<meta property=\"og:url\" content=\"https:\/\/stonersmeds.com\/da\/shop\/buy-pure-mdma-powder-online\/\" \/>\n<meta property=\"og:site_name\" content=\"stonersmeds.com\" \/>\n<meta property=\"article:modified_time\" content=\"2026-02-27T10:40:04+00:00\" \/>\n<meta property=\"og:image\" content=\"https:\/\/stonersmeds.com\/wp-content\/uploads\/2022\/03\/Buy-pure-MDMA-powder-online.jpg\" \/>\n\t<meta property=\"og:image:width\" content=\"600\" \/>\n\t<meta property=\"og:image:height\" content=\"600\" \/>\n\t<meta property=\"og:image:type\" content=\"image\/jpeg\" \/>\n<meta name=\"twitter:card\" content=\"summary_large_image\" \/>\n<meta name=\"twitter:label1\" content=\"Tilg\u00e6ngelighed\" \/>\n\t<meta name=\"twitter:data1\" content=\"P\u00e5 lager\" \/>\n<script type=\"application\/ld+json\" class=\"yoast-schema-graph\">{\"@context\":\"https:\/\/schema.org\",\"@graph\":[{\"@type\":\"WebPage\",\"@id\":\"https:\/\/stonersmeds.com\/sk\/shop\/buy-pure-mdma-powder-online\/\",\"url\":\"https:\/\/stonersmeds.com\/sk\/shop\/buy-pure-mdma-powder-online\/\",\"name\":\"Buy pure MDMA powder online - Cheap price, Grade A++\",\"isPartOf\":{\"@id\":\"https:\/\/stonersmeds.com\/#website\"},\"primaryImageOfPage\":{\"@id\":\"https:\/\/stonersmeds.com\/sk\/shop\/buy-pure-mdma-powder-online\/#primaryimage\"},\"image\":{\"@id\":\"https:\/\/stonersmeds.com\/sk\/shop\/buy-pure-mdma-powder-online\/#primaryimage\"},\"thumbnailUrl\":\"https:\/\/stonersmeds.com\/wp-content\/uploads\/2022\/03\/Buy-pure-MDMA-powder-online.jpg\",\"datePublished\":\"2022-03-12T09:43:11+00:00\",\"dateModified\":\"2026-02-27T10:40:04+00:00\",\"description\":\"Buy pure MDMA powder Online at an affordable price at stonersmeds. All products are lab qualified and have premium quality.\",\"breadcrumb\":{\"@id\":\"https:\/\/stonersmeds.com\/sk\/shop\/buy-pure-mdma-powder-online\/#breadcrumb\"},\"inLanguage\":\"da-DK\",\"potentialAction\":[{\"@type\":\"ReadAction\",\"target\":[\"https:\/\/stonersmeds.com\/sk\/shop\/buy-pure-mdma-powder-online\/\"]}]},{\"@type\":\"ImageObject\",\"inLanguage\":\"da-DK\",\"@id\":\"https:\/\/stonersmeds.com\/sk\/shop\/buy-pure-mdma-powder-online\/#primaryimage\",\"url\":\"https:\/\/stonersmeds.com\/wp-content\/uploads\/2022\/03\/Buy-pure-MDMA-powder-online.jpg\",\"contentUrl\":\"https:\/\/stonersmeds.com\/wp-content\/uploads\/2022\/03\/Buy-pure-MDMA-powder-online.jpg\",\"width\":600,\"height\":600},{\"@type\":\"BreadcrumbList\",\"@id\":\"https:\/\/stonersmeds.com\/sk\/shop\/buy-pure-mdma-powder-online\/#breadcrumb\",\"itemListElement\":[{\"@type\":\"ListItem\",\"position\":1,\"name\":\"Home\",\"item\":\"https:\/\/stonersmeds.com\/\"},{\"@type\":\"ListItem\",\"position\":2,\"name\":\"Shop\",\"item\":\"https:\/\/stonersmeds.com\/shop\/\"},{\"@type\":\"ListItem\",\"position\":3,\"name\":\"Buy pure MDMA powder online\"}]},{\"@type\":\"WebSite\",\"@id\":\"https:\/\/stonersmeds.com\/#website\",\"url\":\"https:\/\/stonersmeds.com\/\",\"name\":\"stonersmeds.com\",\"description\":\"verschreibungspflichtige Medizin kaufen\",\"publisher\":{\"@id\":\"https:\/\/stonersmeds.com\/#organization\"},\"alternateName\":\"Research chemical shop\",\"potentialAction\":[{\"@type\":\"SearchAction\",\"target\":{\"@type\":\"EntryPoint\",\"urlTemplate\":\"https:\/\/stonersmeds.com\/?s={search_term_string}\"},\"query-input\":{\"@type\":\"PropertyValueSpecification\",\"valueRequired\":true,\"valueName\":\"search_term_string\"}}],\"inLanguage\":\"da-DK\"},{\"@type\":\"Organization\",\"@id\":\"https:\/\/stonersmeds.com\/#organization\",\"name\":\"Stonersmeds Shop\",\"url\":\"https:\/\/stonersmeds.com\/\",\"logo\":{\"@type\":\"ImageObject\",\"inLanguage\":\"da-DK\",\"@id\":\"https:\/\/stonersmeds.com\/#\/schema\/logo\/image\/\",\"url\":\"https:\/\/stonersmeds.com\/wp-content\/uploads\/2026\/02\/high-purity-DMT-powder.jpg\",\"contentUrl\":\"https:\/\/stonersmeds.com\/wp-content\/uploads\/2026\/02\/high-purity-DMT-powder.jpg\",\"width\":500,\"height\":500,\"caption\":\"Stonersmeds Shop\"},\"image\":{\"@id\":\"https:\/\/stonersmeds.com\/#\/schema\/logo\/image\/\"}}]}<\/script>\n<meta property=\"og:availability\" content=\"instock\" \/>\n<meta property=\"product:availability\" content=\"instock\" \/>\n<meta property=\"product:condition\" content=\"new\" \/>\n<!-- \/ Yoast SEO plugin. -->","yoast_head_json":{"title":"K\u00f8b rent MDMA pulver online - billig pris, klasse A++","description":"K\u00f8b rent MDMA-pulver Online til en overkommelig pris hos stonersmeds. Alle produkter er laboratoriekvalificerede og har f\u00f8rsteklasses kvalitet.","robots":{"index":"index","follow":"follow","max-snippet":"max-snippet:-1","max-image-preview":"max-image-preview:large","max-video-preview":"max-video-preview:-1"},"canonical":"https:\/\/stonersmeds.com\/da\/shop\/buy-pure-mdma-powder-online\/","og_locale":"da_DK","og_type":"article","og_title":"Buy pure MDMA powder online - Cheap price, Grade A++","og_description":"Buy pure MDMA powder Online at an affordable price at stonersmeds. All products are lab qualified and have premium quality.","og_url":"https:\/\/stonersmeds.com\/da\/shop\/buy-pure-mdma-powder-online\/","og_site_name":"stonersmeds.com","article_modified_time":"2026-02-27T10:40:04+00:00","og_image":[{"width":600,"height":600,"url":"https:\/\/stonersmeds.com\/wp-content\/uploads\/2022\/03\/Buy-pure-MDMA-powder-online.jpg","type":"image\/jpeg"}],"twitter_card":"summary_large_image","twitter_misc":{"Tilg\u00e6ngelighed":"P\u00e5 lager"},"schema":{"@context":"https:\/\/schema.org","@graph":[{"@type":"WebPage","@id":"https:\/\/stonersmeds.com\/sk\/shop\/buy-pure-mdma-powder-online\/","url":"https:\/\/stonersmeds.com\/sk\/shop\/buy-pure-mdma-powder-online\/","name":"K\u00f8b rent MDMA pulver online - billig pris, klasse A++","isPartOf":{"@id":"https:\/\/stonersmeds.com\/#website"},"primaryImageOfPage":{"@id":"https:\/\/stonersmeds.com\/sk\/shop\/buy-pure-mdma-powder-online\/#primaryimage"},"image":{"@id":"https:\/\/stonersmeds.com\/sk\/shop\/buy-pure-mdma-powder-online\/#primaryimage"},"thumbnailUrl":"https:\/\/stonersmeds.com\/wp-content\/uploads\/2022\/03\/Buy-pure-MDMA-powder-online.jpg","datePublished":"2022-03-12T09:43:11+00:00","dateModified":"2026-02-27T10:40:04+00:00","description":"K\u00f8b rent MDMA-pulver Online til en overkommelig pris hos stonersmeds. Alle produkter er laboratoriekvalificerede og har f\u00f8rsteklasses kvalitet.","breadcrumb":{"@id":"https:\/\/stonersmeds.com\/sk\/shop\/buy-pure-mdma-powder-online\/#breadcrumb"},"inLanguage":"da-DK","potentialAction":[{"@type":"ReadAction","target":["https:\/\/stonersmeds.com\/sk\/shop\/buy-pure-mdma-powder-online\/"]}]},{"@type":"ImageObject","inLanguage":"da-DK","@id":"https:\/\/stonersmeds.com\/sk\/shop\/buy-pure-mdma-powder-online\/#primaryimage","url":"https:\/\/stonersmeds.com\/wp-content\/uploads\/2022\/03\/Buy-pure-MDMA-powder-online.jpg","contentUrl":"https:\/\/stonersmeds.com\/wp-content\/uploads\/2022\/03\/Buy-pure-MDMA-powder-online.jpg","width":600,"height":600},{"@type":"BreadcrumbList","@id":"https:\/\/stonersmeds.com\/sk\/shop\/buy-pure-mdma-powder-online\/#breadcrumb","itemListElement":[{"@type":"ListItem","position":1,"name":"Home","item":"https:\/\/stonersmeds.com\/"},{"@type":"ListItem","position":2,"name":"Shop","item":"https:\/\/stonersmeds.com\/shop\/"},{"@type":"ListItem","position":3,"name":"Buy pure MDMA powder online"}]},{"@type":"WebSite","@id":"https:\/\/stonersmeds.com\/#website","url":"https:\/\/stonersmeds.com\/","name":"stonersmeds.com","description":"Verschreibungspflichtige Medizin kaufen","publisher":{"@id":"https:\/\/stonersmeds.com\/#organization"},"alternateName":"Research chemical shop","potentialAction":[{"@type":"SearchAction","target":{"@type":"EntryPoint","urlTemplate":"https:\/\/stonersmeds.com\/?s={search_term_string}"},"query-input":{"@type":"PropertyValueSpecification","valueRequired":true,"valueName":"search_term_string"}}],"inLanguage":"da-DK"},{"@type":"Organization","@id":"https:\/\/stonersmeds.com\/#organization","name":"Stonersmeds Shop","url":"https:\/\/stonersmeds.com\/","logo":{"@type":"ImageObject","inLanguage":"da-DK","@id":"https:\/\/stonersmeds.com\/#\/schema\/logo\/image\/","url":"https:\/\/stonersmeds.com\/wp-content\/uploads\/2026\/02\/high-purity-DMT-powder.jpg","contentUrl":"https:\/\/stonersmeds.com\/wp-content\/uploads\/2026\/02\/high-purity-DMT-powder.jpg","width":500,"height":500,"caption":"Stonersmeds Shop"},"image":{"@id":"https:\/\/stonersmeds.com\/#\/schema\/logo\/image\/"}}]},"og_availability":"instock","product_availability":"instock","product_condition":"new"},"_links":{"self":[{"href":"https:\/\/stonersmeds.com\/da\/wp-json\/wp\/v2\/product\/10777","targetHints":{"allow":["GET"]}}],"collection":[{"href":"https:\/\/stonersmeds.com\/da\/wp-json\/wp\/v2\/product"}],"about":[{"href":"https:\/\/stonersmeds.com\/da\/wp-json\/wp\/v2\/types\/product"}],"replies":[{"embeddable":true,"href":"https:\/\/stonersmeds.com\/da\/wp-json\/wp\/v2\/comments?post=10777"}],"version-history":[{"count":0,"href":"https:\/\/stonersmeds.com\/da\/wp-json\/wp\/v2\/product\/10777\/revisions"}],"wp:featuredmedia":[{"embeddable":true,"href":"https:\/\/stonersmeds.com\/da\/wp-json\/wp\/v2\/media\/10792"}],"wp:attachment":[{"href":"https:\/\/stonersmeds.com\/da\/wp-json\/wp\/v2\/media?parent=10777"}],"wp:term":[{"taxonomy":"product_brand","embeddable":true,"href":"https:\/\/stonersmeds.com\/da\/wp-json\/wp\/v2\/product_brand?post=10777"},{"taxonomy":"product_cat","embeddable":true,"href":"https:\/\/stonersmeds.com\/da\/wp-json\/wp\/v2\/product_cat?post=10777"},{"taxonomy":"product_tag","embeddable":true,"href":"https:\/\/stonersmeds.com\/da\/wp-json\/wp\/v2\/product_tag?post=10777"},{"taxonomy":"product_brands","embeddable":true,"href":"https:\/\/stonersmeds.com\/da\/wp-json\/wp\/v2\/product_brands?post=10777"}],"curies":[{"name":"wp","href":"https:\/\/api.w.org\/{rel}","templated":true}]}}