{"id":8663,"date":"2022-03-11T06:27:39","date_gmt":"2022-03-11T06:27:39","guid":{"rendered":"https:\/\/stonersmeds.com\/?post_type=product&#038;p=8663"},"modified":"2026-02-24T01:00:07","modified_gmt":"2026-02-23T23:00:07","slug":"buy-pure-colombian-cocaine-96-pure","status":"publish","type":"product","link":"https:\/\/stonersmeds.com\/da\/shop\/buy-pure-colombian-cocaine-96-pure\/","title":{"rendered":"K\u00f8b Pure Colombian Cocaine 96% Pure"},"content":{"rendered":"<h1><b>K\u00f8b colombiansk kokain-96% Pure<\/b><\/h1>\n<p>Colombiansk kokain er et af de mest ber\u00f8mte og nyttige kokainprodukter i hele verden. Colombia er et af de lande, der leverer den st\u00f8rste m\u00e6ngde ren kokain i verden.<\/p>\n<p>Produktionen af kokain i Colombia blev p\u00e5begyndt mellem 1960 og 1970. Der var ikke nogen ordentlig m\u00e5de at producere kokain p\u00e5 i USA p\u00e5 det tidspunkt. Colombianerne begyndte at g\u00f8de de planter, hvorfra de kunne f\u00e5 kokain i den reneste form.<\/p>\n<p>De begyndte at s\u00e6lge kokain i forskellige dele af verden til meget rimelige priser. Folk k\u00f8bte kokain i stor stil p\u00e5 grund af dets renhed og mange anvendelsesmuligheder.<\/p>\n<p>Colombiansk kokain-96 pure er en af de reneste former for kokain, der findes i hele verden. P\u00e5 grund af sin renhed har det et h\u00f8jt potentiale til at virke p\u00e5 den menneskelige krop. Ligesom andre former for kokain virker det ogs\u00e5 p\u00e5 centralnervesystemet for at opn\u00e5 de \u00f8nskede resultater.<\/p>\n<p>Men det virker meget hurtigere end andre former for kokain. Det giver den menneskelige krop mulighed for at slappe af ved at glemme livets problemer. Det g\u00f8r det muligt for kroppen at f\u00e5 ordentlig s\u00f8vn for at slappe af i sindet.<\/p>\n<p>Colombian Cocaine-96 pure bruges ogs\u00e5 af l\u00e6ger ved at blande det med forskellige ingredienser, der er nyttige for menneskers sundhed. Folk bruger dette til at blive helbredt for mange sygdomme som depression, angst osv.<\/p>\n<p>Det bruges ogs\u00e5 til at lindre enhver form for smerte. Det vil sige smerter, der enten kan v\u00e6re for\u00e5rsaget af \u00f8jeblikkelige ulykker eller smerter som f\u00f8lge af langvarige sygdomme. L\u00e6gerne ordinerer dette l\u00e6gemiddel i form af medicin for at f\u00e5 en helbredelse. Disse funktioner er ansvarlige for en s\u00e5 stor brug af colombiansk kokain-96.<\/p>\n<p>Vores online butik handler med alle typer af pro-drugs, stoffer og medicin. Vores sore leverer ogs\u00e5 colombiansk Cocaine-96 ren til meget rimelige priser. Ogs\u00e5 vores butik tilbyder hurtig levering af produktet. Vi har ogs\u00e5 bedste k2 badesalt online<\/p>","protected":false},"excerpt":{"rendered":"<p>K\u00f8b Columbian cocaine 96% pure - kokain til salg silk road - syntetisk kokain til salg online - ren kokain til salg online - k\u00f8b kokain online fra amsterdam.<\/p>\n<p><strong>K\u00f8b medicin online til fantastiske engrospriser!!!<\/strong><\/p>\n<pre><b>K\u00f8b Ren colombiansk kokain 96% Pure - k\u00f8b colombiansk kokain, k\u00f8b kokain 96% Pure, k\u00f8b colombiansk kokain online, Hvor kan man k\u00f8be colombiansk kokain 96% Pure, colombiansk kokain 96% Pure til salg, colombiansk kokain til salg, k\u00f8b kokain 96% Pure online, hvor kan man k\u00f8be ren colombiansk kokain online, Colombian Cocaine 96% Pure til salg i usa , USA, Canada, Storbritannien, k\u00f8b, online, leverand\u00f8rer, sikker levering, Du kan stadig f\u00e5 Colombian Cocaine 96% Pure, Er Pure Colombian Cocaine 96% Pure lovligt i usa, k\u00f8b Pure Colombian Cocaine 96% online usa, hvordan man bestiller Pure Colombian Cocaine 96%, Er Pure Colombian Cocaine 96% lovligt i Canada<\/b><\/pre>","protected":false},"featured_media":8651,"comment_status":"closed","ping_status":"closed","template":"","meta":{"_bst_post_transparent":"","_bst_post_title":"","_bst_post_layout":"","_bst_post_sidebar_id":"","_bst_post_content_style":"","_bst_post_vertical_padding":"","_bst_post_feature":"","_bst_post_feature_position":"","_bst_post_header":false,"_bst_post_footer":false},"product_brand":[],"product_cat":[72],"product_tag":[101,105,112,116,98,111,113,89,97,115,118,102,90,93,95,94,96,99,103,91,92,100,104,114,117],"product_brands":[],"class_list":{"0":"post-8663","1":"product","2":"type-product","3":"status-publish","4":"has-post-thumbnail","6":"product_cat-cocaine","7":"product_tag-bolivian-cocaine-for-sale","8":"product_tag-buy-adhd-pills-online","9":"product_tag-buy-cocaine-96-pure","10":"product_tag-buy-cocaine-96-pure-online","11":"product_tag-buy-cocaine-powder-online","12":"product_tag-buy-colombian-cocaine","13":"product_tag-buy-colombian-cocaine-online","14":"product_tag-cheap-cocaine","15":"product_tag-cocaine-for-sale","16":"product_tag-colombian-cocaine-96-pure-for-sale","17":"product_tag-colombian-cocaine-96-pure-for-sale-in-usa","18":"product_tag-colombian-cocaine-for-sale","19":"product_tag-crack-for-sale","20":"product_tag-drugs-online","21":"product_tag-dutchanonstore","22":"product_tag-gogaine","23":"product_tag-legal-cocaine","24":"product_tag-order-volkswagen-cocaine-online","25":"product_tag-peruvian-cocaine-for-sale","26":"product_tag-pure-cocaine","27":"product_tag-pure-coke-shop","28":"product_tag-pure-peruvian-cocaine-for-sale","29":"product_tag-where-to-buy-bio-cocaine","30":"product_tag-where-to-buy-colombian-cocaine-96-pure","31":"product_tag-where-to-buy-pure-colombian-cocaine-online","33":"first","34":"instock","35":"sale","36":"shipping-taxable","37":"purchasable","38":"product-type-simple","39":"entry","40":"content-bg","41":"loop-entry"},"tiered_pricing_type":"fixed","tiered_pricing_fixed_rules":{"8":"44","20":"30","40":"25","100":"18"},"tiered_pricing_percentage_rules":[],"tiered_pricing_minimum":1,"_administrator_tiered_pricing_type":"fixed","_administrator_tiered_pricing_fixed_rules":[],"_editor_tiered_pricing_type":"fixed","_editor_tiered_pricing_fixed_rules":[],"_author_tiered_pricing_type":"fixed","_author_tiered_pricing_fixed_rules":[],"_contributor_tiered_pricing_type":"fixed","_contributor_tiered_pricing_fixed_rules":[],"_subscriber_tiered_pricing_type":"fixed","_subscriber_tiered_pricing_fixed_rules":[],"_customer_tiered_pricing_type":"fixed","_customer_tiered_pricing_fixed_rules":[],"_shop_manager_tiered_pricing_type":"fixed","_shop_manager_tiered_pricing_fixed_rules":[],"_wpseo_manager_tiered_pricing_type":"fixed","_wpseo_manager_tiered_pricing_fixed_rules":[],"_wpseo_editor_tiered_pricing_type":"fixed","_wpseo_editor_tiered_pricing_fixed_rules":[],"yoast_head":"<!-- This site is optimized with the Yoast SEO plugin v27.2 - https:\/\/yoast.com\/product\/yoast-seo-wordpress\/ -->\n<title>Buy Pure Colombian Cocaine 96% Pure - fast and safe delivery<\/title>\n<meta name=\"description\" content=\"Buy Pure Colombian Cocaine, Order safely &amp; maintain your privacy No prescription necessary Discreet standard shipping at Low prices.\" \/>\n<meta name=\"robots\" content=\"index, follow, max-snippet:-1, max-image-preview:large, max-video-preview:-1\" \/>\n<link rel=\"canonical\" href=\"https:\/\/stonersmeds.com\/da\/shop\/buy-pure-colombian-cocaine-96-pure\/\" \/>\n<meta property=\"og:locale\" content=\"da_DK\" \/>\n<meta property=\"og:type\" content=\"article\" \/>\n<meta property=\"og:title\" content=\"Buy Pure Colombian Cocaine 96% Pure - fast and safe delivery\" \/>\n<meta property=\"og:description\" content=\"Buy Pure Colombian Cocaine, Order safely &amp; maintain your privacy No prescription necessary Discreet standard shipping at Low prices.\" \/>\n<meta property=\"og:url\" content=\"https:\/\/stonersmeds.com\/da\/shop\/buy-pure-colombian-cocaine-96-pure\/\" \/>\n<meta property=\"og:site_name\" content=\"stonersmeds.com\" \/>\n<meta property=\"article:modified_time\" content=\"2026-02-23T23:00:07+00:00\" \/>\n<meta property=\"og:image\" content=\"https:\/\/stonersmeds.com\/wp-content\/uploads\/2022\/03\/Buy-Columbian-cocaine-96-pure.jpg\" \/>\n\t<meta property=\"og:image:width\" content=\"600\" \/>\n\t<meta property=\"og:image:height\" content=\"600\" \/>\n\t<meta property=\"og:image:type\" content=\"image\/jpeg\" \/>\n<meta name=\"twitter:card\" content=\"summary_large_image\" \/>\n<meta name=\"twitter:label1\" content=\"Pris\" \/>\n\t<meta name=\"twitter:data1\" content=\"44&#036;\" \/>\n\t<meta name=\"twitter:label2\" content=\"Tilg\u00e6ngelighed\" \/>\n\t<meta name=\"twitter:data2\" content=\"P\u00e5 lager\" \/>\n<script type=\"application\/ld+json\" class=\"yoast-schema-graph\">{\"@context\":\"https:\/\/schema.org\",\"@graph\":[{\"@type\":\"WebPage\",\"@id\":\"https:\/\/stonersmeds.com\/shop\/buy-pure-colombian-cocaine-96-pure\/\",\"url\":\"https:\/\/stonersmeds.com\/shop\/buy-pure-colombian-cocaine-96-pure\/\",\"name\":\"Buy Pure Colombian Cocaine 96% Pure - fast and safe delivery\",\"isPartOf\":{\"@id\":\"https:\/\/stonersmeds.com\/#website\"},\"primaryImageOfPage\":{\"@id\":\"https:\/\/stonersmeds.com\/shop\/buy-pure-colombian-cocaine-96-pure\/#primaryimage\"},\"image\":{\"@id\":\"https:\/\/stonersmeds.com\/shop\/buy-pure-colombian-cocaine-96-pure\/#primaryimage\"},\"thumbnailUrl\":\"https:\/\/stonersmeds.com\/wp-content\/uploads\/2022\/03\/Buy-Columbian-cocaine-96-pure.jpg\",\"datePublished\":\"2022-03-11T06:27:39+00:00\",\"dateModified\":\"2026-02-23T23:00:07+00:00\",\"description\":\"Buy Pure Colombian Cocaine, Order safely & maintain your privacy No prescription necessary Discreet standard shipping at Low prices.\",\"breadcrumb\":{\"@id\":\"https:\/\/stonersmeds.com\/shop\/buy-pure-colombian-cocaine-96-pure\/#breadcrumb\"},\"inLanguage\":\"da-DK\",\"potentialAction\":[{\"@type\":\"ReadAction\",\"target\":[\"https:\/\/stonersmeds.com\/shop\/buy-pure-colombian-cocaine-96-pure\/\"]}]},{\"@type\":\"ImageObject\",\"inLanguage\":\"da-DK\",\"@id\":\"https:\/\/stonersmeds.com\/shop\/buy-pure-colombian-cocaine-96-pure\/#primaryimage\",\"url\":\"https:\/\/stonersmeds.com\/wp-content\/uploads\/2022\/03\/Buy-Columbian-cocaine-96-pure.jpg\",\"contentUrl\":\"https:\/\/stonersmeds.com\/wp-content\/uploads\/2022\/03\/Buy-Columbian-cocaine-96-pure.jpg\",\"width\":600,\"height\":600},{\"@type\":\"BreadcrumbList\",\"@id\":\"https:\/\/stonersmeds.com\/shop\/buy-pure-colombian-cocaine-96-pure\/#breadcrumb\",\"itemListElement\":[{\"@type\":\"ListItem\",\"position\":1,\"name\":\"Home\",\"item\":\"https:\/\/stonersmeds.com\/\"},{\"@type\":\"ListItem\",\"position\":2,\"name\":\"Shop\",\"item\":\"https:\/\/stonersmeds.com\/shop\/\"},{\"@type\":\"ListItem\",\"position\":3,\"name\":\"Buy Pure Colombian Cocaine 96% Pure\"}]},{\"@type\":\"WebSite\",\"@id\":\"https:\/\/stonersmeds.com\/#website\",\"url\":\"https:\/\/stonersmeds.com\/\",\"name\":\"stonersmeds.com\",\"description\":\"verschreibungspflichtige Medizin kaufen\",\"publisher\":{\"@id\":\"https:\/\/stonersmeds.com\/#organization\"},\"alternateName\":\"Research chemical shop\",\"potentialAction\":[{\"@type\":\"SearchAction\",\"target\":{\"@type\":\"EntryPoint\",\"urlTemplate\":\"https:\/\/stonersmeds.com\/?s={search_term_string}\"},\"query-input\":{\"@type\":\"PropertyValueSpecification\",\"valueRequired\":true,\"valueName\":\"search_term_string\"}}],\"inLanguage\":\"da-DK\"},{\"@type\":\"Organization\",\"@id\":\"https:\/\/stonersmeds.com\/#organization\",\"name\":\"Stonersmeds Shop\",\"url\":\"https:\/\/stonersmeds.com\/\",\"logo\":{\"@type\":\"ImageObject\",\"inLanguage\":\"da-DK\",\"@id\":\"https:\/\/stonersmeds.com\/#\/schema\/logo\/image\/\",\"url\":\"https:\/\/stonersmeds.com\/wp-content\/uploads\/2026\/02\/high-purity-DMT-powder.jpg\",\"contentUrl\":\"https:\/\/stonersmeds.com\/wp-content\/uploads\/2026\/02\/high-purity-DMT-powder.jpg\",\"width\":500,\"height\":500,\"caption\":\"Stonersmeds Shop\"},\"image\":{\"@id\":\"https:\/\/stonersmeds.com\/#\/schema\/logo\/image\/\"}}]}<\/script>\n<meta property=\"product:price:amount\" content=\"44.00\" \/>\n<meta property=\"product:price:currency\" content=\"USD\" \/>\n<meta property=\"og:availability\" content=\"instock\" \/>\n<meta property=\"product:availability\" content=\"instock\" \/>\n<meta property=\"product:condition\" content=\"new\" \/>\n<!-- \/ Yoast SEO plugin. -->","yoast_head_json":{"title":"K\u00f8b ren colombiansk kokain 96% Pure - hurtig og sikker levering","description":"K\u00f8b Pure Colombian Cocaine, Bestil sikkert og bevar dit privatliv Ingen recept er n\u00f8dvendig Diskret standardforsendelse til lave priser.","robots":{"index":"index","follow":"follow","max-snippet":"max-snippet:-1","max-image-preview":"max-image-preview:large","max-video-preview":"max-video-preview:-1"},"canonical":"https:\/\/stonersmeds.com\/da\/shop\/buy-pure-colombian-cocaine-96-pure\/","og_locale":"da_DK","og_type":"article","og_title":"Buy Pure Colombian Cocaine 96% Pure - fast and safe delivery","og_description":"Buy Pure Colombian Cocaine, Order safely & maintain your privacy No prescription necessary Discreet standard shipping at Low prices.","og_url":"https:\/\/stonersmeds.com\/da\/shop\/buy-pure-colombian-cocaine-96-pure\/","og_site_name":"stonersmeds.com","article_modified_time":"2026-02-23T23:00:07+00:00","og_image":[{"width":600,"height":600,"url":"https:\/\/stonersmeds.com\/wp-content\/uploads\/2022\/03\/Buy-Columbian-cocaine-96-pure.jpg","type":"image\/jpeg"}],"twitter_card":"summary_large_image","twitter_misc":{"Pris":"44&#36;","Tilg\u00e6ngelighed":"P\u00e5 lager"},"schema":{"@context":"https:\/\/schema.org","@graph":[{"@type":"WebPage","@id":"https:\/\/stonersmeds.com\/shop\/buy-pure-colombian-cocaine-96-pure\/","url":"https:\/\/stonersmeds.com\/shop\/buy-pure-colombian-cocaine-96-pure\/","name":"K\u00f8b ren colombiansk kokain 96% Pure - hurtig og sikker levering","isPartOf":{"@id":"https:\/\/stonersmeds.com\/#website"},"primaryImageOfPage":{"@id":"https:\/\/stonersmeds.com\/shop\/buy-pure-colombian-cocaine-96-pure\/#primaryimage"},"image":{"@id":"https:\/\/stonersmeds.com\/shop\/buy-pure-colombian-cocaine-96-pure\/#primaryimage"},"thumbnailUrl":"https:\/\/stonersmeds.com\/wp-content\/uploads\/2022\/03\/Buy-Columbian-cocaine-96-pure.jpg","datePublished":"2022-03-11T06:27:39+00:00","dateModified":"2026-02-23T23:00:07+00:00","description":"K\u00f8b Pure Colombian Cocaine, Bestil sikkert og bevar dit privatliv Ingen recept er n\u00f8dvendig Diskret standardforsendelse til lave priser.","breadcrumb":{"@id":"https:\/\/stonersmeds.com\/shop\/buy-pure-colombian-cocaine-96-pure\/#breadcrumb"},"inLanguage":"da-DK","potentialAction":[{"@type":"ReadAction","target":["https:\/\/stonersmeds.com\/shop\/buy-pure-colombian-cocaine-96-pure\/"]}]},{"@type":"ImageObject","inLanguage":"da-DK","@id":"https:\/\/stonersmeds.com\/shop\/buy-pure-colombian-cocaine-96-pure\/#primaryimage","url":"https:\/\/stonersmeds.com\/wp-content\/uploads\/2022\/03\/Buy-Columbian-cocaine-96-pure.jpg","contentUrl":"https:\/\/stonersmeds.com\/wp-content\/uploads\/2022\/03\/Buy-Columbian-cocaine-96-pure.jpg","width":600,"height":600},{"@type":"BreadcrumbList","@id":"https:\/\/stonersmeds.com\/shop\/buy-pure-colombian-cocaine-96-pure\/#breadcrumb","itemListElement":[{"@type":"ListItem","position":1,"name":"Home","item":"https:\/\/stonersmeds.com\/"},{"@type":"ListItem","position":2,"name":"Shop","item":"https:\/\/stonersmeds.com\/shop\/"},{"@type":"ListItem","position":3,"name":"Buy Pure Colombian Cocaine 96% Pure"}]},{"@type":"WebSite","@id":"https:\/\/stonersmeds.com\/#website","url":"https:\/\/stonersmeds.com\/","name":"stonersmeds.com","description":"Verschreibungspflichtige Medizin kaufen","publisher":{"@id":"https:\/\/stonersmeds.com\/#organization"},"alternateName":"Research chemical shop","potentialAction":[{"@type":"SearchAction","target":{"@type":"EntryPoint","urlTemplate":"https:\/\/stonersmeds.com\/?s={search_term_string}"},"query-input":{"@type":"PropertyValueSpecification","valueRequired":true,"valueName":"search_term_string"}}],"inLanguage":"da-DK"},{"@type":"Organization","@id":"https:\/\/stonersmeds.com\/#organization","name":"Stonersmeds Shop","url":"https:\/\/stonersmeds.com\/","logo":{"@type":"ImageObject","inLanguage":"da-DK","@id":"https:\/\/stonersmeds.com\/#\/schema\/logo\/image\/","url":"https:\/\/stonersmeds.com\/wp-content\/uploads\/2026\/02\/high-purity-DMT-powder.jpg","contentUrl":"https:\/\/stonersmeds.com\/wp-content\/uploads\/2026\/02\/high-purity-DMT-powder.jpg","width":500,"height":500,"caption":"Stonersmeds Shop"},"image":{"@id":"https:\/\/stonersmeds.com\/#\/schema\/logo\/image\/"}}]},"product_price_amount":"44.00","product_price_currency":"USD","og_availability":"instock","product_availability":"instock","product_condition":"new"},"_links":{"self":[{"href":"https:\/\/stonersmeds.com\/da\/wp-json\/wp\/v2\/product\/8663","targetHints":{"allow":["GET"]}}],"collection":[{"href":"https:\/\/stonersmeds.com\/da\/wp-json\/wp\/v2\/product"}],"about":[{"href":"https:\/\/stonersmeds.com\/da\/wp-json\/wp\/v2\/types\/product"}],"replies":[{"embeddable":true,"href":"https:\/\/stonersmeds.com\/da\/wp-json\/wp\/v2\/comments?post=8663"}],"version-history":[{"count":0,"href":"https:\/\/stonersmeds.com\/da\/wp-json\/wp\/v2\/product\/8663\/revisions"}],"wp:featuredmedia":[{"embeddable":true,"href":"https:\/\/stonersmeds.com\/da\/wp-json\/wp\/v2\/media\/8651"}],"wp:attachment":[{"href":"https:\/\/stonersmeds.com\/da\/wp-json\/wp\/v2\/media?parent=8663"}],"wp:term":[{"taxonomy":"product_brand","embeddable":true,"href":"https:\/\/stonersmeds.com\/da\/wp-json\/wp\/v2\/product_brand?post=8663"},{"taxonomy":"product_cat","embeddable":true,"href":"https:\/\/stonersmeds.com\/da\/wp-json\/wp\/v2\/product_cat?post=8663"},{"taxonomy":"product_tag","embeddable":true,"href":"https:\/\/stonersmeds.com\/da\/wp-json\/wp\/v2\/product_tag?post=8663"},{"taxonomy":"product_brands","embeddable":true,"href":"https:\/\/stonersmeds.com\/da\/wp-json\/wp\/v2\/product_brands?post=8663"}],"curies":[{"name":"wp","href":"https:\/\/api.w.org\/{rel}","templated":true}]}}