{"id":9089,"date":"2022-03-11T13:31:01","date_gmt":"2022-03-11T13:31:01","guid":{"rendered":"https:\/\/stonersmeds.com\/?post_type=product&#038;p=9089"},"modified":"2026-02-24T15:00:30","modified_gmt":"2026-02-24T13:00:30","slug":"buy-moroccan-primero-hash","status":"publish","type":"product","link":"https:\/\/stonersmeds.com\/da\/shop\/buy-moroccan-primero-hash\/","title":{"rendered":"K\u00f8b marokkansk Primero Hash"},"content":{"rendered":"<h1>K\u00f8b marokkansk Primero Hash<\/h1>\n<p>K\u00f8b Marokkansk Primero Hash. Moroccan Primero Hash er en fornuftig hashklon. Den er generelt lovlig, og den vil v\u00e6re lovlig indtil tidernes ende. Den indeholder ikke THC, fremstillede cannabinoider eller andre forskningssyntetiske stoffer (som JWH-018, JWH-073, JWH-250, AM-2209 og s\u00e5 videre). Det er formodentlig den bedste lovlige hashklon, der findes. Vi bruger kun almindelige materialer af n\u00e6ringskvalitet. Det ser ud som hash, det f\u00f8les som hash, det lugter som hamp og det har en fantastisk smag. Moroccan Primero hashish varierer bare i skygge fra vores forskellige varer. I tilf\u00e6lde af at du er nysgerrig p\u00e5 vores varer, s\u00e5 k\u00f8b en pr\u00f8vepakke f\u00f8rst. K\u00f8b flere af vores lovlige hashklonartikler, og prisen bliver lavere.<\/p>\n<p>&nbsp;<\/p>\n<p>&nbsp;<\/p>\n<p>&nbsp;<\/p>\n<pre><strong>K\u00f8b Moroccan Primero Hash Online - k\u00f8b Hash, k\u00f8b Moroccan Primero Hash, k\u00f8b Moroccan Hash online, Hvor kan man k\u00f8be Moroccan Primero Hash, Moroccan Primero Hash til salg, Primero Hash til salg, k\u00f8b Primero Hash online, hvor kan man k\u00f8be Moroccan Primero Hash online,Moroccan Primero Hash til salg i usa , USA, canada, uk, k\u00f8b, online, leverand\u00f8rer, sikker levering, Du kan stadig f\u00e5 Moroccan Primero Hash, Er Moroccan Primero Hash lovligt i usa, k\u00f8b Moroccan Primero Hash online usa, hvordan man bestiller Moroccan Primero Hash, Er Moroccan Primero Hash lovligt i Canada<\/strong><\/pre>","protected":false},"excerpt":{"rendered":"<p>Vi tager KUN imod betaling med Western Union, Moneygram og bitcoins. Leveringstiden tager ca. 3 dage eller 24 timer.<\/p>\n<pre><strong>K\u00f8b Moroccan Primero Hash Online - k\u00f8b Hash, k\u00f8b Moroccan Primero Hash, k\u00f8b Moroccan Hash online, Hvor kan man k\u00f8be Moroccan Primero Hash, Moroccan Primero Hash til salg, Primero Hash til salg, k\u00f8b Primero Hash online, hvor kan man k\u00f8be Moroccan Primero Hash online,Moroccan Primero Hash til salg i usa , USA, canada, uk, k\u00f8b, online, leverand\u00f8rer, sikker levering, Du kan stadig f\u00e5 Moroccan Primero Hash, Er Moroccan Primero Hash lovligt i usa, k\u00f8b Moroccan Primero Hash online usa, hvordan man bestiller Moroccan Primero Hash, Er Moroccan Primero Hash lovligt i Canada<\/strong><\/pre>","protected":false},"featured_media":9096,"comment_status":"open","ping_status":"closed","template":"","meta":{"_bst_post_transparent":"","_bst_post_title":"","_bst_post_layout":"","_bst_post_sidebar_id":"","_bst_post_content_style":"","_bst_post_vertical_padding":"","_bst_post_feature":"","_bst_post_feature_position":"","_bst_post_header":false,"_bst_post_footer":false},"product_brand":[],"product_cat":[74],"product_tag":[],"product_brands":[],"class_list":{"0":"post-9089","1":"product","2":"type-product","3":"status-publish","4":"has-post-thumbnail","6":"product_cat-hash-hashish","8":"first","9":"instock","10":"shipping-taxable","11":"purchasable","12":"product-type-variable","13":"entry","14":"content-bg","15":"loop-entry"},"tiered_pricing_type":"fixed","tiered_pricing_fixed_rules":[],"tiered_pricing_percentage_rules":[],"tiered_pricing_minimum":1,"_administrator_tiered_pricing_type":"fixed","_administrator_tiered_pricing_fixed_rules":[],"_editor_tiered_pricing_type":"fixed","_editor_tiered_pricing_fixed_rules":[],"_author_tiered_pricing_type":"fixed","_author_tiered_pricing_fixed_rules":[],"_contributor_tiered_pricing_type":"fixed","_contributor_tiered_pricing_fixed_rules":[],"_subscriber_tiered_pricing_type":"fixed","_subscriber_tiered_pricing_fixed_rules":[],"_customer_tiered_pricing_type":"fixed","_customer_tiered_pricing_fixed_rules":[],"_shop_manager_tiered_pricing_type":"fixed","_shop_manager_tiered_pricing_fixed_rules":[],"_wpseo_manager_tiered_pricing_type":"fixed","_wpseo_manager_tiered_pricing_fixed_rules":[],"_wpseo_editor_tiered_pricing_type":"fixed","_wpseo_editor_tiered_pricing_fixed_rules":[],"yoast_head":"<!-- This site is optimized with the Yoast SEO plugin v27.2 - https:\/\/yoast.com\/product\/yoast-seo-wordpress\/ -->\n<title>Buy Moroccan Primero Hash - stonersmeds.com<\/title>\n<meta name=\"description\" content=\"Buy Moroccan Primero Hash Online at an affordable price at stonersmeds. Our hash has high THC, best quality you will find\" \/>\n<meta name=\"robots\" content=\"index, follow, max-snippet:-1, max-image-preview:large, max-video-preview:-1\" \/>\n<link rel=\"canonical\" href=\"https:\/\/stonersmeds.com\/da\/shop\/buy-moroccan-primero-hash\/\" \/>\n<meta property=\"og:locale\" content=\"da_DK\" \/>\n<meta property=\"og:type\" content=\"article\" \/>\n<meta property=\"og:title\" content=\"Buy Moroccan Primero Hash - stonersmeds.com\" \/>\n<meta property=\"og:description\" content=\"Buy Moroccan Primero Hash Online at an affordable price at stonersmeds. Our hash has high THC, best quality you will find\" \/>\n<meta property=\"og:url\" content=\"https:\/\/stonersmeds.com\/da\/shop\/buy-moroccan-primero-hash\/\" \/>\n<meta property=\"og:site_name\" content=\"stonersmeds.com\" \/>\n<meta property=\"article:modified_time\" content=\"2026-02-24T13:00:30+00:00\" \/>\n<meta property=\"og:image\" content=\"https:\/\/stonersmeds.com\/wp-content\/uploads\/2022\/03\/Buy-Moroccan-Primero-Hash.jpg\" \/>\n\t<meta property=\"og:image:width\" content=\"600\" \/>\n\t<meta property=\"og:image:height\" content=\"600\" \/>\n\t<meta property=\"og:image:type\" content=\"image\/jpeg\" \/>\n<meta name=\"twitter:card\" content=\"summary_large_image\" \/>\n<meta name=\"twitter:label1\" content=\"Tilg\u00e6ngelighed\" \/>\n\t<meta name=\"twitter:data1\" content=\"P\u00e5 lager\" \/>\n<script type=\"application\/ld+json\" class=\"yoast-schema-graph\">{\"@context\":\"https:\/\/schema.org\",\"@graph\":[{\"@type\":\"WebPage\",\"@id\":\"https:\/\/stonersmeds.com\/shop\/buy-moroccan-primero-hash\/\",\"url\":\"https:\/\/stonersmeds.com\/shop\/buy-moroccan-primero-hash\/\",\"name\":\"Buy Moroccan Primero Hash - stonersmeds.com\",\"isPartOf\":{\"@id\":\"https:\/\/stonersmeds.com\/#website\"},\"primaryImageOfPage\":{\"@id\":\"https:\/\/stonersmeds.com\/shop\/buy-moroccan-primero-hash\/#primaryimage\"},\"image\":{\"@id\":\"https:\/\/stonersmeds.com\/shop\/buy-moroccan-primero-hash\/#primaryimage\"},\"thumbnailUrl\":\"https:\/\/stonersmeds.com\/wp-content\/uploads\/2022\/03\/Buy-Moroccan-Primero-Hash.jpg\",\"datePublished\":\"2022-03-11T13:31:01+00:00\",\"dateModified\":\"2026-02-24T13:00:30+00:00\",\"description\":\"Buy Moroccan Primero Hash Online at an affordable price at stonersmeds. Our hash has high THC, best quality you will find\",\"breadcrumb\":{\"@id\":\"https:\/\/stonersmeds.com\/shop\/buy-moroccan-primero-hash\/#breadcrumb\"},\"inLanguage\":\"da-DK\",\"potentialAction\":[{\"@type\":\"ReadAction\",\"target\":[\"https:\/\/stonersmeds.com\/shop\/buy-moroccan-primero-hash\/\"]}]},{\"@type\":\"ImageObject\",\"inLanguage\":\"da-DK\",\"@id\":\"https:\/\/stonersmeds.com\/shop\/buy-moroccan-primero-hash\/#primaryimage\",\"url\":\"https:\/\/stonersmeds.com\/wp-content\/uploads\/2022\/03\/Buy-Moroccan-Primero-Hash.jpg\",\"contentUrl\":\"https:\/\/stonersmeds.com\/wp-content\/uploads\/2022\/03\/Buy-Moroccan-Primero-Hash.jpg\",\"width\":600,\"height\":600},{\"@type\":\"BreadcrumbList\",\"@id\":\"https:\/\/stonersmeds.com\/shop\/buy-moroccan-primero-hash\/#breadcrumb\",\"itemListElement\":[{\"@type\":\"ListItem\",\"position\":1,\"name\":\"Home\",\"item\":\"https:\/\/stonersmeds.com\/\"},{\"@type\":\"ListItem\",\"position\":2,\"name\":\"Shop\",\"item\":\"https:\/\/stonersmeds.com\/shop\/\"},{\"@type\":\"ListItem\",\"position\":3,\"name\":\"Buy Moroccan Primero Hash\"}]},{\"@type\":\"WebSite\",\"@id\":\"https:\/\/stonersmeds.com\/#website\",\"url\":\"https:\/\/stonersmeds.com\/\",\"name\":\"stonersmeds.com\",\"description\":\"verschreibungspflichtige Medizin kaufen\",\"publisher\":{\"@id\":\"https:\/\/stonersmeds.com\/#organization\"},\"alternateName\":\"Research chemical shop\",\"potentialAction\":[{\"@type\":\"SearchAction\",\"target\":{\"@type\":\"EntryPoint\",\"urlTemplate\":\"https:\/\/stonersmeds.com\/?s={search_term_string}\"},\"query-input\":{\"@type\":\"PropertyValueSpecification\",\"valueRequired\":true,\"valueName\":\"search_term_string\"}}],\"inLanguage\":\"da-DK\"},{\"@type\":\"Organization\",\"@id\":\"https:\/\/stonersmeds.com\/#organization\",\"name\":\"Stonersmeds Shop\",\"url\":\"https:\/\/stonersmeds.com\/\",\"logo\":{\"@type\":\"ImageObject\",\"inLanguage\":\"da-DK\",\"@id\":\"https:\/\/stonersmeds.com\/#\/schema\/logo\/image\/\",\"url\":\"https:\/\/stonersmeds.com\/wp-content\/uploads\/2026\/02\/high-purity-DMT-powder.jpg\",\"contentUrl\":\"https:\/\/stonersmeds.com\/wp-content\/uploads\/2026\/02\/high-purity-DMT-powder.jpg\",\"width\":500,\"height\":500,\"caption\":\"Stonersmeds Shop\"},\"image\":{\"@id\":\"https:\/\/stonersmeds.com\/#\/schema\/logo\/image\/\"}}]}<\/script>\n<meta property=\"og:availability\" content=\"instock\" \/>\n<meta property=\"product:availability\" content=\"instock\" \/>\n<meta property=\"product:condition\" content=\"new\" \/>\n<!-- \/ Yoast SEO plugin. -->","yoast_head_json":{"title":"K\u00f8b Moroccan Primero Hash - stonersmeds.com","description":"K\u00f8b Moroccan Primero Hash online til en overkommelig pris hos stonersmeds. Vores hash har h\u00f8j THC, den bedste kvalitet du kan finde","robots":{"index":"index","follow":"follow","max-snippet":"max-snippet:-1","max-image-preview":"max-image-preview:large","max-video-preview":"max-video-preview:-1"},"canonical":"https:\/\/stonersmeds.com\/da\/shop\/buy-moroccan-primero-hash\/","og_locale":"da_DK","og_type":"article","og_title":"Buy Moroccan Primero Hash - stonersmeds.com","og_description":"Buy Moroccan Primero Hash Online at an affordable price at stonersmeds. Our hash has high THC, best quality you will find","og_url":"https:\/\/stonersmeds.com\/da\/shop\/buy-moroccan-primero-hash\/","og_site_name":"stonersmeds.com","article_modified_time":"2026-02-24T13:00:30+00:00","og_image":[{"width":600,"height":600,"url":"https:\/\/stonersmeds.com\/wp-content\/uploads\/2022\/03\/Buy-Moroccan-Primero-Hash.jpg","type":"image\/jpeg"}],"twitter_card":"summary_large_image","twitter_misc":{"Tilg\u00e6ngelighed":"P\u00e5 lager"},"schema":{"@context":"https:\/\/schema.org","@graph":[{"@type":"WebPage","@id":"https:\/\/stonersmeds.com\/shop\/buy-moroccan-primero-hash\/","url":"https:\/\/stonersmeds.com\/shop\/buy-moroccan-primero-hash\/","name":"K\u00f8b Moroccan Primero Hash - stonersmeds.com","isPartOf":{"@id":"https:\/\/stonersmeds.com\/#website"},"primaryImageOfPage":{"@id":"https:\/\/stonersmeds.com\/shop\/buy-moroccan-primero-hash\/#primaryimage"},"image":{"@id":"https:\/\/stonersmeds.com\/shop\/buy-moroccan-primero-hash\/#primaryimage"},"thumbnailUrl":"https:\/\/stonersmeds.com\/wp-content\/uploads\/2022\/03\/Buy-Moroccan-Primero-Hash.jpg","datePublished":"2022-03-11T13:31:01+00:00","dateModified":"2026-02-24T13:00:30+00:00","description":"K\u00f8b Moroccan Primero Hash online til en overkommelig pris hos stonersmeds. Vores hash har h\u00f8j THC, den bedste kvalitet du kan finde","breadcrumb":{"@id":"https:\/\/stonersmeds.com\/shop\/buy-moroccan-primero-hash\/#breadcrumb"},"inLanguage":"da-DK","potentialAction":[{"@type":"ReadAction","target":["https:\/\/stonersmeds.com\/shop\/buy-moroccan-primero-hash\/"]}]},{"@type":"ImageObject","inLanguage":"da-DK","@id":"https:\/\/stonersmeds.com\/shop\/buy-moroccan-primero-hash\/#primaryimage","url":"https:\/\/stonersmeds.com\/wp-content\/uploads\/2022\/03\/Buy-Moroccan-Primero-Hash.jpg","contentUrl":"https:\/\/stonersmeds.com\/wp-content\/uploads\/2022\/03\/Buy-Moroccan-Primero-Hash.jpg","width":600,"height":600},{"@type":"BreadcrumbList","@id":"https:\/\/stonersmeds.com\/shop\/buy-moroccan-primero-hash\/#breadcrumb","itemListElement":[{"@type":"ListItem","position":1,"name":"Home","item":"https:\/\/stonersmeds.com\/"},{"@type":"ListItem","position":2,"name":"Shop","item":"https:\/\/stonersmeds.com\/shop\/"},{"@type":"ListItem","position":3,"name":"Buy Moroccan Primero Hash"}]},{"@type":"WebSite","@id":"https:\/\/stonersmeds.com\/#website","url":"https:\/\/stonersmeds.com\/","name":"stonersmeds.com","description":"Verschreibungspflichtige Medizin kaufen","publisher":{"@id":"https:\/\/stonersmeds.com\/#organization"},"alternateName":"Research chemical shop","potentialAction":[{"@type":"SearchAction","target":{"@type":"EntryPoint","urlTemplate":"https:\/\/stonersmeds.com\/?s={search_term_string}"},"query-input":{"@type":"PropertyValueSpecification","valueRequired":true,"valueName":"search_term_string"}}],"inLanguage":"da-DK"},{"@type":"Organization","@id":"https:\/\/stonersmeds.com\/#organization","name":"Stonersmeds Shop","url":"https:\/\/stonersmeds.com\/","logo":{"@type":"ImageObject","inLanguage":"da-DK","@id":"https:\/\/stonersmeds.com\/#\/schema\/logo\/image\/","url":"https:\/\/stonersmeds.com\/wp-content\/uploads\/2026\/02\/high-purity-DMT-powder.jpg","contentUrl":"https:\/\/stonersmeds.com\/wp-content\/uploads\/2026\/02\/high-purity-DMT-powder.jpg","width":500,"height":500,"caption":"Stonersmeds Shop"},"image":{"@id":"https:\/\/stonersmeds.com\/#\/schema\/logo\/image\/"}}]},"og_availability":"instock","product_availability":"instock","product_condition":"new"},"_links":{"self":[{"href":"https:\/\/stonersmeds.com\/da\/wp-json\/wp\/v2\/product\/9089","targetHints":{"allow":["GET"]}}],"collection":[{"href":"https:\/\/stonersmeds.com\/da\/wp-json\/wp\/v2\/product"}],"about":[{"href":"https:\/\/stonersmeds.com\/da\/wp-json\/wp\/v2\/types\/product"}],"replies":[{"embeddable":true,"href":"https:\/\/stonersmeds.com\/da\/wp-json\/wp\/v2\/comments?post=9089"}],"version-history":[{"count":0,"href":"https:\/\/stonersmeds.com\/da\/wp-json\/wp\/v2\/product\/9089\/revisions"}],"wp:featuredmedia":[{"embeddable":true,"href":"https:\/\/stonersmeds.com\/da\/wp-json\/wp\/v2\/media\/9096"}],"wp:attachment":[{"href":"https:\/\/stonersmeds.com\/da\/wp-json\/wp\/v2\/media?parent=9089"}],"wp:term":[{"taxonomy":"product_brand","embeddable":true,"href":"https:\/\/stonersmeds.com\/da\/wp-json\/wp\/v2\/product_brand?post=9089"},{"taxonomy":"product_cat","embeddable":true,"href":"https:\/\/stonersmeds.com\/da\/wp-json\/wp\/v2\/product_cat?post=9089"},{"taxonomy":"product_tag","embeddable":true,"href":"https:\/\/stonersmeds.com\/da\/wp-json\/wp\/v2\/product_tag?post=9089"},{"taxonomy":"product_brands","embeddable":true,"href":"https:\/\/stonersmeds.com\/da\/wp-json\/wp\/v2\/product_brands?post=9089"}],"curies":[{"name":"wp","href":"https:\/\/api.w.org\/{rel}","templated":true}]}}