{"id":9315,"date":"2022-03-11T15:24:48","date_gmt":"2022-03-11T15:24:48","guid":{"rendered":"https:\/\/stonersmeds.com\/?post_type=product&#038;p=9315"},"modified":"2026-02-24T06:30:31","modified_gmt":"2026-02-24T04:30:31","slug":"buy-blue-dream-sativa-strain-online","status":"publish","type":"product","link":"https:\/\/stonersmeds.com\/da\/shop\/buy-blue-dream-sativa-strain-online\/","title":{"rendered":"K\u00f8b Blue Dream Sativa Strain Online"},"content":{"rendered":"<h1>K\u00f8b Blue Dream Sativa Strain Online.<\/h1>\n<p>K\u00f8b Blue Dream Sativa Strain Online.<\/p>\n<h4>Sativa Dominant Hybrid - 60% Sativa \/ 40% Indica<\/h4>\n<h4>THC: 17% - 24%, CBD:\u00a0<em>2<\/em>%, CBN:\u00a0<em>1<\/em>%<\/h4>\n<p><strong>Effekter<\/strong><br \/>\nKreativ, energigivende, eufori, glad<br \/>\n<strong>Kan lindre<\/strong><br \/>\nADD\/ADHD, Angst, Bipolar lidelse, Kroniske smerter, Depression, Tr\u00e6thed, Hovedpine, Hyperaktivitet<br \/>\n<strong>Smag<\/strong><br \/>\nB\u00e6r, bl\u00e5b\u00e6r, frugtagtig, urte, s\u00f8d, vanilje<br \/>\n<strong>Aromaer<\/strong><br \/>\nJordagtig, frugtig, s\u00f8d, vanilje<\/p>\n<p>&nbsp;<\/p>\n<p>&nbsp;<\/p>\n<p>&nbsp;<\/p>\n<pre><strong>K\u00f8b Blue Dream Sativa-stamme Online - k\u00f8b Sativa-stamme, k\u00f8b Blue Dream Sativa-stamme, k\u00f8b Blue Sativa-stamme online, Hvor kan du k\u00f8be Blue Dream Sativa-stamme, Blue Dream Sativa-stamme til salg, Sativa-stamme til salg, k\u00f8b Blue Sativa-stamme online, hvor at k\u00f8be Blue Dream Sativa-stamme online, Blue Dream Sativa-stamme til salg i usa , USA, canada,uk, k\u00f8b, online, leverand\u00f8rer, sikker levering, Du kan stadig f\u00e5 Blue Dream Sativa-stamme , Er Blue Dream Sativa-stamme lovlig i usa, k\u00f8b Blue Dream Sativa Strain online usa, hvordan bestiller du Blue Dream Sativa Strain, Er Blue Dream Sativa Strain lovlig i Canada<\/strong><\/pre>","protected":false},"excerpt":{"rendered":"<p>K\u00f8b Blue Dream Sativa Strain Online. k\u00f8be weed online med eller uden et medicinsk marihuana-kort. Postordre marihuana.<\/p>\n<pre><strong>K\u00f8b Blue Dream Sativa-stamme Online - k\u00f8b Sativa-stamme, k\u00f8b Blue Dream Sativa-stamme, k\u00f8b Blue Sativa-stamme online, Hvor kan du k\u00f8be Blue Dream Sativa-stamme, Blue Dream Sativa-stamme til salg, Sativa-stamme til salg, k\u00f8b Blue Sativa-stamme online, hvor at k\u00f8be Blue Dream Sativa-stamme online, Blue Dream Sativa-stamme til salg i usa , USA, canada,uk, k\u00f8b, online, leverand\u00f8rer, sikker levering, Du kan stadig f\u00e5 Blue Dream Sativa-stamme , Er Blue Dream Sativa-stamme lovlig i usa, k\u00f8b Blue Dream Sativa Strain online usa, hvordan bestiller du Blue Dream Sativa Strain, Er Blue Dream Sativa Strain lovlig i Canada<\/strong><\/pre>","protected":false},"featured_media":9323,"comment_status":"open","ping_status":"closed","template":"","meta":{"_bst_post_transparent":"","_bst_post_title":"","_bst_post_layout":"","_bst_post_sidebar_id":"","_bst_post_content_style":"","_bst_post_vertical_padding":"","_bst_post_feature":"","_bst_post_feature_position":"","_bst_post_header":false,"_bst_post_footer":false},"product_brand":[],"product_cat":[81],"product_tag":[],"product_brands":[],"class_list":{"0":"post-9315","1":"product","2":"type-product","3":"status-publish","4":"has-post-thumbnail","6":"product_cat-marijuana-medical-cannabis","8":"first","9":"instock","10":"shipping-taxable","11":"purchasable","12":"product-type-variable","13":"entry","14":"content-bg","15":"loop-entry"},"tiered_pricing_type":"fixed","tiered_pricing_fixed_rules":{"28":"9","50":"8","100":"7","250":"6","500":"4.5","1000":"3"},"tiered_pricing_percentage_rules":[],"tiered_pricing_minimum":1,"_administrator_tiered_pricing_type":"fixed","_administrator_tiered_pricing_fixed_rules":[],"_editor_tiered_pricing_type":"fixed","_editor_tiered_pricing_fixed_rules":[],"_author_tiered_pricing_type":"fixed","_author_tiered_pricing_fixed_rules":[],"_contributor_tiered_pricing_type":"fixed","_contributor_tiered_pricing_fixed_rules":[],"_subscriber_tiered_pricing_type":"fixed","_subscriber_tiered_pricing_fixed_rules":[],"_customer_tiered_pricing_type":"fixed","_customer_tiered_pricing_fixed_rules":[],"_shop_manager_tiered_pricing_type":"fixed","_shop_manager_tiered_pricing_fixed_rules":[],"_wpseo_manager_tiered_pricing_type":"fixed","_wpseo_manager_tiered_pricing_fixed_rules":[],"_wpseo_editor_tiered_pricing_type":"fixed","_wpseo_editor_tiered_pricing_fixed_rules":[],"yoast_head":"<!-- This site is optimized with the Yoast SEO plugin v27.2 - https:\/\/yoast.com\/product\/yoast-seo-wordpress\/ -->\n<title>Buy Blue Dream Sativa Strain Online - stonersmeds.com<\/title>\n<meta name=\"robots\" content=\"index, follow, max-snippet:-1, max-image-preview:large, max-video-preview:-1\" \/>\n<link rel=\"canonical\" href=\"https:\/\/stonersmeds.com\/da\/shop\/buy-blue-dream-sativa-strain-online\/\" \/>\n<meta property=\"og:locale\" content=\"da_DK\" \/>\n<meta property=\"og:type\" content=\"article\" \/>\n<meta property=\"og:title\" content=\"Buy Blue Dream Sativa Strain Online - stonersmeds.com\" \/>\n<meta property=\"og:description\" content=\"Buy Blue Dream Sativa Strain Online.\u00a0buy weed online with or without a medical marijuana card. Mail order marijuana. Buy Blue Dream Sativa Strain Online - buy Sativa Strain , buy Blue Dream Sativa Strain , buy Blue Sativa Strain online, Where to Buy Blue Dream Sativa Strain , Blue Dream Sativa Strain for sale, Sativa Strain for sale, buy Blue Sativa Strain online, where to Buy Blue Dream Sativa Strain online, Blue Dream Sativa Strain for sale in usa , USA, canada,uk, buy, online, suppliers, safe delivery, You can still get Blue Dream Sativa Strain , Is Blue Dream Sativa Strain legal in usa, buy Blue Dream Sativa Strain online usa, how to order Blue Dream Sativa Strain , Is Blue Dream Sativa Strain legal in Canada\" \/>\n<meta property=\"og:url\" content=\"https:\/\/stonersmeds.com\/da\/shop\/buy-blue-dream-sativa-strain-online\/\" \/>\n<meta property=\"og:site_name\" content=\"stonersmeds.com\" \/>\n<meta property=\"article:modified_time\" content=\"2026-02-24T04:30:31+00:00\" \/>\n<meta property=\"og:image\" content=\"https:\/\/stonersmeds.com\/wp-content\/uploads\/2022\/03\/Buy-Blue-Dream-Sativa-Strain-Online.jpg\" \/>\n\t<meta property=\"og:image:width\" content=\"600\" \/>\n\t<meta property=\"og:image:height\" content=\"600\" \/>\n\t<meta property=\"og:image:type\" content=\"image\/jpeg\" \/>\n<meta name=\"twitter:card\" content=\"summary_large_image\" \/>\n<meta name=\"twitter:label1\" content=\"Tilg\u00e6ngelighed\" \/>\n\t<meta name=\"twitter:data1\" content=\"P\u00e5 lager\" \/>\n<script type=\"application\/ld+json\" class=\"yoast-schema-graph\">{\"@context\":\"https:\/\/schema.org\",\"@graph\":[{\"@type\":\"WebPage\",\"@id\":\"https:\/\/stonersmeds.com\/shop\/buy-blue-dream-sativa-strain-online\/\",\"url\":\"https:\/\/stonersmeds.com\/shop\/buy-blue-dream-sativa-strain-online\/\",\"name\":\"Buy Blue Dream Sativa Strain Online - stonersmeds.com\",\"isPartOf\":{\"@id\":\"https:\/\/stonersmeds.com\/#website\"},\"primaryImageOfPage\":{\"@id\":\"https:\/\/stonersmeds.com\/shop\/buy-blue-dream-sativa-strain-online\/#primaryimage\"},\"image\":{\"@id\":\"https:\/\/stonersmeds.com\/shop\/buy-blue-dream-sativa-strain-online\/#primaryimage\"},\"thumbnailUrl\":\"https:\/\/stonersmeds.com\/wp-content\/uploads\/2022\/03\/Buy-Blue-Dream-Sativa-Strain-Online.jpg\",\"datePublished\":\"2022-03-11T15:24:48+00:00\",\"dateModified\":\"2026-02-24T04:30:31+00:00\",\"breadcrumb\":{\"@id\":\"https:\/\/stonersmeds.com\/shop\/buy-blue-dream-sativa-strain-online\/#breadcrumb\"},\"inLanguage\":\"da-DK\",\"potentialAction\":[{\"@type\":\"ReadAction\",\"target\":[\"https:\/\/stonersmeds.com\/shop\/buy-blue-dream-sativa-strain-online\/\"]}]},{\"@type\":\"ImageObject\",\"inLanguage\":\"da-DK\",\"@id\":\"https:\/\/stonersmeds.com\/shop\/buy-blue-dream-sativa-strain-online\/#primaryimage\",\"url\":\"https:\/\/stonersmeds.com\/wp-content\/uploads\/2022\/03\/Buy-Blue-Dream-Sativa-Strain-Online.jpg\",\"contentUrl\":\"https:\/\/stonersmeds.com\/wp-content\/uploads\/2022\/03\/Buy-Blue-Dream-Sativa-Strain-Online.jpg\",\"width\":600,\"height\":600},{\"@type\":\"BreadcrumbList\",\"@id\":\"https:\/\/stonersmeds.com\/shop\/buy-blue-dream-sativa-strain-online\/#breadcrumb\",\"itemListElement\":[{\"@type\":\"ListItem\",\"position\":1,\"name\":\"Home\",\"item\":\"https:\/\/stonersmeds.com\/\"},{\"@type\":\"ListItem\",\"position\":2,\"name\":\"Shop\",\"item\":\"https:\/\/stonersmeds.com\/shop\/\"},{\"@type\":\"ListItem\",\"position\":3,\"name\":\"Buy Blue Dream Sativa Strain Online\"}]},{\"@type\":\"WebSite\",\"@id\":\"https:\/\/stonersmeds.com\/#website\",\"url\":\"https:\/\/stonersmeds.com\/\",\"name\":\"stonersmeds.com\",\"description\":\"verschreibungspflichtige Medizin kaufen\",\"publisher\":{\"@id\":\"https:\/\/stonersmeds.com\/#organization\"},\"alternateName\":\"Research chemical shop\",\"potentialAction\":[{\"@type\":\"SearchAction\",\"target\":{\"@type\":\"EntryPoint\",\"urlTemplate\":\"https:\/\/stonersmeds.com\/?s={search_term_string}\"},\"query-input\":{\"@type\":\"PropertyValueSpecification\",\"valueRequired\":true,\"valueName\":\"search_term_string\"}}],\"inLanguage\":\"da-DK\"},{\"@type\":\"Organization\",\"@id\":\"https:\/\/stonersmeds.com\/#organization\",\"name\":\"Stonersmeds Shop\",\"url\":\"https:\/\/stonersmeds.com\/\",\"logo\":{\"@type\":\"ImageObject\",\"inLanguage\":\"da-DK\",\"@id\":\"https:\/\/stonersmeds.com\/#\/schema\/logo\/image\/\",\"url\":\"https:\/\/stonersmeds.com\/wp-content\/uploads\/2026\/02\/high-purity-DMT-powder.jpg\",\"contentUrl\":\"https:\/\/stonersmeds.com\/wp-content\/uploads\/2026\/02\/high-purity-DMT-powder.jpg\",\"width\":500,\"height\":500,\"caption\":\"Stonersmeds Shop\"},\"image\":{\"@id\":\"https:\/\/stonersmeds.com\/#\/schema\/logo\/image\/\"}}]}<\/script>\n<meta property=\"og:availability\" content=\"instock\" \/>\n<meta property=\"product:availability\" content=\"instock\" \/>\n<meta property=\"product:condition\" content=\"new\" \/>\n<!-- \/ Yoast SEO plugin. -->","yoast_head_json":{"title":"K\u00f8b Blue Dream Sativa Strain Online - stonersmeds.com","robots":{"index":"index","follow":"follow","max-snippet":"max-snippet:-1","max-image-preview":"max-image-preview:large","max-video-preview":"max-video-preview:-1"},"canonical":"https:\/\/stonersmeds.com\/da\/shop\/buy-blue-dream-sativa-strain-online\/","og_locale":"da_DK","og_type":"article","og_title":"Buy Blue Dream Sativa Strain Online - stonersmeds.com","og_description":"Buy Blue Dream Sativa Strain Online.\u00a0buy weed online with or without a medical marijuana card. Mail order marijuana. Buy Blue Dream Sativa Strain Online - buy Sativa Strain , buy Blue Dream Sativa Strain , buy Blue Sativa Strain online, Where to Buy Blue Dream Sativa Strain , Blue Dream Sativa Strain for sale, Sativa Strain for sale, buy Blue Sativa Strain online, where to Buy Blue Dream Sativa Strain online, Blue Dream Sativa Strain for sale in usa , USA, canada,uk, buy, online, suppliers, safe delivery, You can still get Blue Dream Sativa Strain , Is Blue Dream Sativa Strain legal in usa, buy Blue Dream Sativa Strain online usa, how to order Blue Dream Sativa Strain , Is Blue Dream Sativa Strain legal in Canada","og_url":"https:\/\/stonersmeds.com\/da\/shop\/buy-blue-dream-sativa-strain-online\/","og_site_name":"stonersmeds.com","article_modified_time":"2026-02-24T04:30:31+00:00","og_image":[{"width":600,"height":600,"url":"https:\/\/stonersmeds.com\/wp-content\/uploads\/2022\/03\/Buy-Blue-Dream-Sativa-Strain-Online.jpg","type":"image\/jpeg"}],"twitter_card":"summary_large_image","twitter_misc":{"Tilg\u00e6ngelighed":"P\u00e5 lager"},"schema":{"@context":"https:\/\/schema.org","@graph":[{"@type":"WebPage","@id":"https:\/\/stonersmeds.com\/shop\/buy-blue-dream-sativa-strain-online\/","url":"https:\/\/stonersmeds.com\/shop\/buy-blue-dream-sativa-strain-online\/","name":"K\u00f8b Blue Dream Sativa Strain Online - stonersmeds.com","isPartOf":{"@id":"https:\/\/stonersmeds.com\/#website"},"primaryImageOfPage":{"@id":"https:\/\/stonersmeds.com\/shop\/buy-blue-dream-sativa-strain-online\/#primaryimage"},"image":{"@id":"https:\/\/stonersmeds.com\/shop\/buy-blue-dream-sativa-strain-online\/#primaryimage"},"thumbnailUrl":"https:\/\/stonersmeds.com\/wp-content\/uploads\/2022\/03\/Buy-Blue-Dream-Sativa-Strain-Online.jpg","datePublished":"2022-03-11T15:24:48+00:00","dateModified":"2026-02-24T04:30:31+00:00","breadcrumb":{"@id":"https:\/\/stonersmeds.com\/shop\/buy-blue-dream-sativa-strain-online\/#breadcrumb"},"inLanguage":"da-DK","potentialAction":[{"@type":"ReadAction","target":["https:\/\/stonersmeds.com\/shop\/buy-blue-dream-sativa-strain-online\/"]}]},{"@type":"ImageObject","inLanguage":"da-DK","@id":"https:\/\/stonersmeds.com\/shop\/buy-blue-dream-sativa-strain-online\/#primaryimage","url":"https:\/\/stonersmeds.com\/wp-content\/uploads\/2022\/03\/Buy-Blue-Dream-Sativa-Strain-Online.jpg","contentUrl":"https:\/\/stonersmeds.com\/wp-content\/uploads\/2022\/03\/Buy-Blue-Dream-Sativa-Strain-Online.jpg","width":600,"height":600},{"@type":"BreadcrumbList","@id":"https:\/\/stonersmeds.com\/shop\/buy-blue-dream-sativa-strain-online\/#breadcrumb","itemListElement":[{"@type":"ListItem","position":1,"name":"Home","item":"https:\/\/stonersmeds.com\/"},{"@type":"ListItem","position":2,"name":"Shop","item":"https:\/\/stonersmeds.com\/shop\/"},{"@type":"ListItem","position":3,"name":"Buy Blue Dream Sativa Strain Online"}]},{"@type":"WebSite","@id":"https:\/\/stonersmeds.com\/#website","url":"https:\/\/stonersmeds.com\/","name":"stonersmeds.com","description":"Verschreibungspflichtige Medizin kaufen","publisher":{"@id":"https:\/\/stonersmeds.com\/#organization"},"alternateName":"Research chemical shop","potentialAction":[{"@type":"SearchAction","target":{"@type":"EntryPoint","urlTemplate":"https:\/\/stonersmeds.com\/?s={search_term_string}"},"query-input":{"@type":"PropertyValueSpecification","valueRequired":true,"valueName":"search_term_string"}}],"inLanguage":"da-DK"},{"@type":"Organization","@id":"https:\/\/stonersmeds.com\/#organization","name":"Stonersmeds Shop","url":"https:\/\/stonersmeds.com\/","logo":{"@type":"ImageObject","inLanguage":"da-DK","@id":"https:\/\/stonersmeds.com\/#\/schema\/logo\/image\/","url":"https:\/\/stonersmeds.com\/wp-content\/uploads\/2026\/02\/high-purity-DMT-powder.jpg","contentUrl":"https:\/\/stonersmeds.com\/wp-content\/uploads\/2026\/02\/high-purity-DMT-powder.jpg","width":500,"height":500,"caption":"Stonersmeds Shop"},"image":{"@id":"https:\/\/stonersmeds.com\/#\/schema\/logo\/image\/"}}]},"og_availability":"instock","product_availability":"instock","product_condition":"new"},"_links":{"self":[{"href":"https:\/\/stonersmeds.com\/da\/wp-json\/wp\/v2\/product\/9315","targetHints":{"allow":["GET"]}}],"collection":[{"href":"https:\/\/stonersmeds.com\/da\/wp-json\/wp\/v2\/product"}],"about":[{"href":"https:\/\/stonersmeds.com\/da\/wp-json\/wp\/v2\/types\/product"}],"replies":[{"embeddable":true,"href":"https:\/\/stonersmeds.com\/da\/wp-json\/wp\/v2\/comments?post=9315"}],"version-history":[{"count":0,"href":"https:\/\/stonersmeds.com\/da\/wp-json\/wp\/v2\/product\/9315\/revisions"}],"wp:featuredmedia":[{"embeddable":true,"href":"https:\/\/stonersmeds.com\/da\/wp-json\/wp\/v2\/media\/9323"}],"wp:attachment":[{"href":"https:\/\/stonersmeds.com\/da\/wp-json\/wp\/v2\/media?parent=9315"}],"wp:term":[{"taxonomy":"product_brand","embeddable":true,"href":"https:\/\/stonersmeds.com\/da\/wp-json\/wp\/v2\/product_brand?post=9315"},{"taxonomy":"product_cat","embeddable":true,"href":"https:\/\/stonersmeds.com\/da\/wp-json\/wp\/v2\/product_cat?post=9315"},{"taxonomy":"product_tag","embeddable":true,"href":"https:\/\/stonersmeds.com\/da\/wp-json\/wp\/v2\/product_tag?post=9315"},{"taxonomy":"product_brands","embeddable":true,"href":"https:\/\/stonersmeds.com\/da\/wp-json\/wp\/v2\/product_brands?post=9315"}],"curies":[{"name":"wp","href":"https:\/\/api.w.org\/{rel}","templated":true}]}}