{"id":9526,"date":"2022-03-11T17:27:11","date_gmt":"2022-03-11T17:27:11","guid":{"rendered":"https:\/\/stonersmeds.com\/?post_type=product&#038;p=9526"},"modified":"2026-03-01T13:51:00","modified_gmt":"2026-03-01T11:51:00","slug":"buy-nirvana-special-marijuana-strain-online","status":"publish","type":"product","link":"https:\/\/stonersmeds.com\/da\/shop\/buy-nirvana-special-marijuana-strain-online\/","title":{"rendered":"K\u00f8b Nirvana Special Marihuana Strain Online"},"content":{"rendered":"<p><strong>K\u00f8b Nirvana Special Marihuana Strain Online<\/strong><\/p>\n<p>Nirvana Special er en sj\u00e6lden sativa-dominant hybrid (75% Sativa \/ 25% Indica), der er skabt ved at krydse den ber\u00f8mte Jock Horror X Oaxacan Sativa-stamme. Dette sprudlende skud vandt en guldmedalje ved GoldLife Cup i Amsterdam i 2008 og tog f\u00f8rstepladsen for bedste biografi samlet set. Med kraftig men kreativ h\u00f8j funktionalitet og et bl\u00e6ndende 20%+ gennemsnitligt THC-indhold er det ikke underligt, at Nirvana Special er s\u00e5 popul\u00e6r en bums! Nirvana Special's Peak begynder med en b\u00f8lge af energi, der g\u00f8r dig glad, med en f\u00f8lelse af motivation, der holder dig oppe og i bev\u00e6gelse.<\/p>\n<p>&nbsp;<\/p>\n<p>&nbsp;<\/p>\n<p>&nbsp;<\/p>\n<pre><strong>K\u00f8b Nirvana Special Marijuana Stamme Online - k\u00f8b Marijuana Stamme , k\u00f8b Nirvana Special Marijuana Stamme , k\u00f8b Special Marijuana Stamme online, Hvor kan man k\u00f8be Nirvana Special Marijuana Stamme , Nirvana Special Marijuana Stamme til salg, Special Marijuana Stamme til salg, k\u00f8b Marijuana Stamme online, hvor kan man k\u00f8be Nirvana Special Marijuana Stamme online, Nirvana Special Marijuana Strain til salg i usa , USA, canada,uk, k\u00f8b, online, leverand\u00f8rer, sikker levering, Du kan stadig f\u00e5 Nirvana Special Marijuana Strain , Er Nirvana Special Marijuana Strain usa, k\u00f8b Nirvana Special Marijuana Strain online usa, hvordan man bestiller Nirvana Special Marijuana Strain , Er Nirvana Special Marijuana Strain lovligt i Canada<\/strong><\/pre>","protected":false},"excerpt":{"rendered":"<p>Nirvana Special Marijuana Stamme er en sj\u00e6lden sativa dominerende hybrid stamme.<\/p>\n<p>Effekter<br \/>\nKreativ, Energigivende, Glad, Motivation, Opl\u00f8ftende<br \/>\nKan lindre<br \/>\nDepression, Tr\u00e6thed, S\u00f8vnl\u00f8shed, Appetitl\u00f8shed, Stress<br \/>\nSmag<br \/>\nFrugtagtig, Skummel, Syrlig, S\u00f8d<\/p>\n<pre><strong>K\u00f8b Nirvana Special Marijuana Stamme Online - k\u00f8b Marijuana Stamme , k\u00f8b Nirvana Special Marijuana Stamme , k\u00f8b Special Marijuana Stamme online, Hvor kan man k\u00f8be Nirvana Special Marijuana Stamme , Nirvana Special Marijuana Stamme til salg, Special Marijuana Stamme til salg, k\u00f8b Marijuana Stamme online, hvor kan man k\u00f8be Nirvana Special Marijuana Stamme online, Nirvana Special Marijuana Strain til salg i usa , USA, canada,uk, k\u00f8b, online, leverand\u00f8rer, sikker levering, Du kan stadig f\u00e5 Nirvana Special Marijuana Strain , Er Nirvana Special Marijuana Strain usa, k\u00f8b Nirvana Special Marijuana Strain online usa, hvordan man bestiller Nirvana Special Marijuana Strain , Er Nirvana Special Marijuana Strain lovligt i Canada<\/strong><\/pre>","protected":false},"featured_media":9534,"comment_status":"open","ping_status":"closed","template":"","meta":{"_bst_post_transparent":"","_bst_post_title":"","_bst_post_layout":"","_bst_post_sidebar_id":"","_bst_post_content_style":"","_bst_post_vertical_padding":"","_bst_post_feature":"","_bst_post_feature_position":"","_bst_post_header":false,"_bst_post_footer":false},"product_brand":[],"product_cat":[81],"product_tag":[],"product_brands":[],"class_list":{"0":"post-9526","1":"product","2":"type-product","3":"status-publish","4":"has-post-thumbnail","6":"product_cat-marijuana-medical-cannabis","8":"first","9":"instock","10":"shipping-taxable","11":"purchasable","12":"product-type-variable","13":"entry","14":"content-bg","15":"loop-entry"},"tiered_pricing_type":"fixed","tiered_pricing_fixed_rules":{"28":"9","50":"8","100":"7","250":"6","500":"4.5","1000":"3"},"tiered_pricing_percentage_rules":[],"tiered_pricing_minimum":1,"_administrator_tiered_pricing_type":"fixed","_administrator_tiered_pricing_fixed_rules":[],"_editor_tiered_pricing_type":"fixed","_editor_tiered_pricing_fixed_rules":[],"_author_tiered_pricing_type":"fixed","_author_tiered_pricing_fixed_rules":[],"_contributor_tiered_pricing_type":"fixed","_contributor_tiered_pricing_fixed_rules":[],"_subscriber_tiered_pricing_type":"fixed","_subscriber_tiered_pricing_fixed_rules":[],"_customer_tiered_pricing_type":"fixed","_customer_tiered_pricing_fixed_rules":[],"_shop_manager_tiered_pricing_type":"fixed","_shop_manager_tiered_pricing_fixed_rules":[],"_wpseo_manager_tiered_pricing_type":"fixed","_wpseo_manager_tiered_pricing_fixed_rules":[],"_wpseo_editor_tiered_pricing_type":"fixed","_wpseo_editor_tiered_pricing_fixed_rules":[],"yoast_head":"<!-- This site is optimized with the Yoast SEO plugin v27.2 - https:\/\/yoast.com\/product\/yoast-seo-wordpress\/ -->\n<title>Buy Nirvana Special Marijuana Strain Online - stonersmeds.com<\/title>\n<meta name=\"robots\" content=\"index, follow, max-snippet:-1, max-image-preview:large, max-video-preview:-1\" \/>\n<link rel=\"canonical\" href=\"https:\/\/stonersmeds.com\/da\/shop\/buy-nirvana-special-marijuana-strain-online\/\" \/>\n<meta property=\"og:locale\" content=\"da_DK\" \/>\n<meta property=\"og:type\" content=\"article\" \/>\n<meta property=\"og:title\" content=\"Buy Nirvana Special Marijuana Strain Online - stonersmeds.com\" \/>\n<meta property=\"og:description\" content=\"Nirvana Special Marijuana Strain is a rare sativa dominant hybrid strain.  Effects Creative, Energizing, Happy, Motivation, Uplifting May Relieve Depression, Fatigue, Insomnia, Loss of Appetite, Stress Flavors Fruity, Skunky, Sour, Sweet Buy Nirvana Special Marijuana Strain Online - buy Marijuana Strain , buy Nirvana Special Marijuana Strain , buy Special Marijuana Strain online, Where to Buy Nirvana Special Marijuana Strain , Nirvana Special Marijuana Strain for sale, Special Marijuana Strain for sale, buy Marijuana Strain online, where to Buy Nirvana Special Marijuana Strain online, Nirvana Special Marijuana Strain for sale in usa , USA, canada,uk, buy, online, suppliers, safe delivery, You can still get Nirvana Special Marijuana Strain , Is Nirvana Special Marijuana Strain usa, buy Nirvana Special Marijuana Strain online usa, how to order Nirvana Special Marijuana Strain , Is Nirvana Special Marijuana Strain legal in Canada\" \/>\n<meta property=\"og:url\" content=\"https:\/\/stonersmeds.com\/da\/shop\/buy-nirvana-special-marijuana-strain-online\/\" \/>\n<meta property=\"og:site_name\" content=\"stonersmeds.com\" \/>\n<meta property=\"article:modified_time\" content=\"2026-03-01T11:51:00+00:00\" \/>\n<meta property=\"og:image\" content=\"https:\/\/stonersmeds.com\/wp-content\/uploads\/2022\/03\/Buy-Nirvana-Special-Marijuana-Strain-Online.jpg\" \/>\n\t<meta property=\"og:image:width\" content=\"600\" \/>\n\t<meta property=\"og:image:height\" content=\"600\" \/>\n\t<meta property=\"og:image:type\" content=\"image\/jpeg\" \/>\n<meta name=\"twitter:card\" content=\"summary_large_image\" \/>\n<meta name=\"twitter:label1\" content=\"Tilg\u00e6ngelighed\" \/>\n\t<meta name=\"twitter:data1\" content=\"P\u00e5 lager\" \/>\n<script type=\"application\/ld+json\" class=\"yoast-schema-graph\">{\"@context\":\"https:\/\/schema.org\",\"@graph\":[{\"@type\":\"WebPage\",\"@id\":\"https:\/\/stonersmeds.com\/shop\/buy-nirvana-special-marijuana-strain-online\/\",\"url\":\"https:\/\/stonersmeds.com\/shop\/buy-nirvana-special-marijuana-strain-online\/\",\"name\":\"Buy Nirvana Special Marijuana Strain Online - stonersmeds.com\",\"isPartOf\":{\"@id\":\"https:\/\/stonersmeds.com\/#website\"},\"primaryImageOfPage\":{\"@id\":\"https:\/\/stonersmeds.com\/shop\/buy-nirvana-special-marijuana-strain-online\/#primaryimage\"},\"image\":{\"@id\":\"https:\/\/stonersmeds.com\/shop\/buy-nirvana-special-marijuana-strain-online\/#primaryimage\"},\"thumbnailUrl\":\"https:\/\/stonersmeds.com\/wp-content\/uploads\/2022\/03\/Buy-Nirvana-Special-Marijuana-Strain-Online.jpg\",\"datePublished\":\"2022-03-11T17:27:11+00:00\",\"dateModified\":\"2026-03-01T11:51:00+00:00\",\"breadcrumb\":{\"@id\":\"https:\/\/stonersmeds.com\/shop\/buy-nirvana-special-marijuana-strain-online\/#breadcrumb\"},\"inLanguage\":\"da-DK\",\"potentialAction\":[{\"@type\":\"ReadAction\",\"target\":[\"https:\/\/stonersmeds.com\/shop\/buy-nirvana-special-marijuana-strain-online\/\"]}]},{\"@type\":\"ImageObject\",\"inLanguage\":\"da-DK\",\"@id\":\"https:\/\/stonersmeds.com\/shop\/buy-nirvana-special-marijuana-strain-online\/#primaryimage\",\"url\":\"https:\/\/stonersmeds.com\/wp-content\/uploads\/2022\/03\/Buy-Nirvana-Special-Marijuana-Strain-Online.jpg\",\"contentUrl\":\"https:\/\/stonersmeds.com\/wp-content\/uploads\/2022\/03\/Buy-Nirvana-Special-Marijuana-Strain-Online.jpg\",\"width\":600,\"height\":600},{\"@type\":\"BreadcrumbList\",\"@id\":\"https:\/\/stonersmeds.com\/shop\/buy-nirvana-special-marijuana-strain-online\/#breadcrumb\",\"itemListElement\":[{\"@type\":\"ListItem\",\"position\":1,\"name\":\"Home\",\"item\":\"https:\/\/stonersmeds.com\/\"},{\"@type\":\"ListItem\",\"position\":2,\"name\":\"Shop\",\"item\":\"https:\/\/stonersmeds.com\/shop\/\"},{\"@type\":\"ListItem\",\"position\":3,\"name\":\"Buy Nirvana Special Marijuana Strain Online\"}]},{\"@type\":\"WebSite\",\"@id\":\"https:\/\/stonersmeds.com\/#website\",\"url\":\"https:\/\/stonersmeds.com\/\",\"name\":\"stonersmeds.com\",\"description\":\"verschreibungspflichtige Medizin kaufen\",\"publisher\":{\"@id\":\"https:\/\/stonersmeds.com\/#organization\"},\"alternateName\":\"Research chemical shop\",\"potentialAction\":[{\"@type\":\"SearchAction\",\"target\":{\"@type\":\"EntryPoint\",\"urlTemplate\":\"https:\/\/stonersmeds.com\/?s={search_term_string}\"},\"query-input\":{\"@type\":\"PropertyValueSpecification\",\"valueRequired\":true,\"valueName\":\"search_term_string\"}}],\"inLanguage\":\"da-DK\"},{\"@type\":\"Organization\",\"@id\":\"https:\/\/stonersmeds.com\/#organization\",\"name\":\"Stonersmeds Shop\",\"url\":\"https:\/\/stonersmeds.com\/\",\"logo\":{\"@type\":\"ImageObject\",\"inLanguage\":\"da-DK\",\"@id\":\"https:\/\/stonersmeds.com\/#\/schema\/logo\/image\/\",\"url\":\"https:\/\/stonersmeds.com\/wp-content\/uploads\/2026\/02\/high-purity-DMT-powder.jpg\",\"contentUrl\":\"https:\/\/stonersmeds.com\/wp-content\/uploads\/2026\/02\/high-purity-DMT-powder.jpg\",\"width\":500,\"height\":500,\"caption\":\"Stonersmeds Shop\"},\"image\":{\"@id\":\"https:\/\/stonersmeds.com\/#\/schema\/logo\/image\/\"}}]}<\/script>\n<meta property=\"og:availability\" content=\"instock\" \/>\n<meta property=\"product:availability\" content=\"instock\" \/>\n<meta property=\"product:condition\" content=\"new\" \/>\n<!-- \/ Yoast SEO plugin. -->","yoast_head_json":{"title":"K\u00f8b Nirvana Special Marijuana Stamme online - stonersmeds.com","robots":{"index":"index","follow":"follow","max-snippet":"max-snippet:-1","max-image-preview":"max-image-preview:large","max-video-preview":"max-video-preview:-1"},"canonical":"https:\/\/stonersmeds.com\/da\/shop\/buy-nirvana-special-marijuana-strain-online\/","og_locale":"da_DK","og_type":"article","og_title":"Buy Nirvana Special Marijuana Strain Online - stonersmeds.com","og_description":"Nirvana Special Marijuana Strain is a rare sativa dominant hybrid strain.  Effects Creative, Energizing, Happy, Motivation, Uplifting May Relieve Depression, Fatigue, Insomnia, Loss of Appetite, Stress Flavors Fruity, Skunky, Sour, Sweet Buy Nirvana Special Marijuana Strain Online - buy Marijuana Strain , buy Nirvana Special Marijuana Strain , buy Special Marijuana Strain online, Where to Buy Nirvana Special Marijuana Strain , Nirvana Special Marijuana Strain for sale, Special Marijuana Strain for sale, buy Marijuana Strain online, where to Buy Nirvana Special Marijuana Strain online, Nirvana Special Marijuana Strain for sale in usa , USA, canada,uk, buy, online, suppliers, safe delivery, You can still get Nirvana Special Marijuana Strain , Is Nirvana Special Marijuana Strain usa, buy Nirvana Special Marijuana Strain online usa, how to order Nirvana Special Marijuana Strain , Is Nirvana Special Marijuana Strain legal in Canada","og_url":"https:\/\/stonersmeds.com\/da\/shop\/buy-nirvana-special-marijuana-strain-online\/","og_site_name":"stonersmeds.com","article_modified_time":"2026-03-01T11:51:00+00:00","og_image":[{"width":600,"height":600,"url":"https:\/\/stonersmeds.com\/wp-content\/uploads\/2022\/03\/Buy-Nirvana-Special-Marijuana-Strain-Online.jpg","type":"image\/jpeg"}],"twitter_card":"summary_large_image","twitter_misc":{"Tilg\u00e6ngelighed":"P\u00e5 lager"},"schema":{"@context":"https:\/\/schema.org","@graph":[{"@type":"WebPage","@id":"https:\/\/stonersmeds.com\/shop\/buy-nirvana-special-marijuana-strain-online\/","url":"https:\/\/stonersmeds.com\/shop\/buy-nirvana-special-marijuana-strain-online\/","name":"K\u00f8b Nirvana Special Marijuana Stamme online - stonersmeds.com","isPartOf":{"@id":"https:\/\/stonersmeds.com\/#website"},"primaryImageOfPage":{"@id":"https:\/\/stonersmeds.com\/shop\/buy-nirvana-special-marijuana-strain-online\/#primaryimage"},"image":{"@id":"https:\/\/stonersmeds.com\/shop\/buy-nirvana-special-marijuana-strain-online\/#primaryimage"},"thumbnailUrl":"https:\/\/stonersmeds.com\/wp-content\/uploads\/2022\/03\/Buy-Nirvana-Special-Marijuana-Strain-Online.jpg","datePublished":"2022-03-11T17:27:11+00:00","dateModified":"2026-03-01T11:51:00+00:00","breadcrumb":{"@id":"https:\/\/stonersmeds.com\/shop\/buy-nirvana-special-marijuana-strain-online\/#breadcrumb"},"inLanguage":"da-DK","potentialAction":[{"@type":"ReadAction","target":["https:\/\/stonersmeds.com\/shop\/buy-nirvana-special-marijuana-strain-online\/"]}]},{"@type":"ImageObject","inLanguage":"da-DK","@id":"https:\/\/stonersmeds.com\/shop\/buy-nirvana-special-marijuana-strain-online\/#primaryimage","url":"https:\/\/stonersmeds.com\/wp-content\/uploads\/2022\/03\/Buy-Nirvana-Special-Marijuana-Strain-Online.jpg","contentUrl":"https:\/\/stonersmeds.com\/wp-content\/uploads\/2022\/03\/Buy-Nirvana-Special-Marijuana-Strain-Online.jpg","width":600,"height":600},{"@type":"BreadcrumbList","@id":"https:\/\/stonersmeds.com\/shop\/buy-nirvana-special-marijuana-strain-online\/#breadcrumb","itemListElement":[{"@type":"ListItem","position":1,"name":"Home","item":"https:\/\/stonersmeds.com\/"},{"@type":"ListItem","position":2,"name":"Shop","item":"https:\/\/stonersmeds.com\/shop\/"},{"@type":"ListItem","position":3,"name":"Buy Nirvana Special Marijuana Strain Online"}]},{"@type":"WebSite","@id":"https:\/\/stonersmeds.com\/#website","url":"https:\/\/stonersmeds.com\/","name":"stonersmeds.com","description":"Verschreibungspflichtige Medizin kaufen","publisher":{"@id":"https:\/\/stonersmeds.com\/#organization"},"alternateName":"Research chemical shop","potentialAction":[{"@type":"SearchAction","target":{"@type":"EntryPoint","urlTemplate":"https:\/\/stonersmeds.com\/?s={search_term_string}"},"query-input":{"@type":"PropertyValueSpecification","valueRequired":true,"valueName":"search_term_string"}}],"inLanguage":"da-DK"},{"@type":"Organization","@id":"https:\/\/stonersmeds.com\/#organization","name":"Stonersmeds Shop","url":"https:\/\/stonersmeds.com\/","logo":{"@type":"ImageObject","inLanguage":"da-DK","@id":"https:\/\/stonersmeds.com\/#\/schema\/logo\/image\/","url":"https:\/\/stonersmeds.com\/wp-content\/uploads\/2026\/02\/high-purity-DMT-powder.jpg","contentUrl":"https:\/\/stonersmeds.com\/wp-content\/uploads\/2026\/02\/high-purity-DMT-powder.jpg","width":500,"height":500,"caption":"Stonersmeds Shop"},"image":{"@id":"https:\/\/stonersmeds.com\/#\/schema\/logo\/image\/"}}]},"og_availability":"instock","product_availability":"instock","product_condition":"new"},"_links":{"self":[{"href":"https:\/\/stonersmeds.com\/da\/wp-json\/wp\/v2\/product\/9526","targetHints":{"allow":["GET"]}}],"collection":[{"href":"https:\/\/stonersmeds.com\/da\/wp-json\/wp\/v2\/product"}],"about":[{"href":"https:\/\/stonersmeds.com\/da\/wp-json\/wp\/v2\/types\/product"}],"replies":[{"embeddable":true,"href":"https:\/\/stonersmeds.com\/da\/wp-json\/wp\/v2\/comments?post=9526"}],"version-history":[{"count":0,"href":"https:\/\/stonersmeds.com\/da\/wp-json\/wp\/v2\/product\/9526\/revisions"}],"wp:featuredmedia":[{"embeddable":true,"href":"https:\/\/stonersmeds.com\/da\/wp-json\/wp\/v2\/media\/9534"}],"wp:attachment":[{"href":"https:\/\/stonersmeds.com\/da\/wp-json\/wp\/v2\/media?parent=9526"}],"wp:term":[{"taxonomy":"product_brand","embeddable":true,"href":"https:\/\/stonersmeds.com\/da\/wp-json\/wp\/v2\/product_brand?post=9526"},{"taxonomy":"product_cat","embeddable":true,"href":"https:\/\/stonersmeds.com\/da\/wp-json\/wp\/v2\/product_cat?post=9526"},{"taxonomy":"product_tag","embeddable":true,"href":"https:\/\/stonersmeds.com\/da\/wp-json\/wp\/v2\/product_tag?post=9526"},{"taxonomy":"product_brands","embeddable":true,"href":"https:\/\/stonersmeds.com\/da\/wp-json\/wp\/v2\/product_brands?post=9526"}],"curies":[{"name":"wp","href":"https:\/\/api.w.org\/{rel}","templated":true}]}}