{"id":9766,"date":"2022-03-12T02:10:14","date_gmt":"2022-03-12T02:10:14","guid":{"rendered":"https:\/\/stonersmeds.com\/?post_type=product&#038;p=9766"},"modified":"2026-03-02T17:30:05","modified_gmt":"2026-03-02T15:30:05","slug":"buy-ambien-10mg-pills-online","status":"publish","type":"product","link":"https:\/\/stonersmeds.com\/da\/shop\/buy-ambien-10mg-pills-online\/","title":{"rendered":"K\u00f8b Ambien 10mg piller online"},"content":{"rendered":"<p>K\u00f8b Ambien 10mg piller online. Ambien bruges til at behandle en s\u00f8vnforstyrrelse. Den hurtige udledning tablet anvendes til at hj\u00e6lpe dig med at nikke v\u00e6k, n\u00e5r du f\u00f8rst g\u00e5r til sofaen.<\/p>\n<p>produktprisen er som: pr pille<br \/>\n<strong>Minimum ordrem\u00e6ngde er: 50 piller<\/strong><\/p>\n<p>&nbsp;<\/p>\n<p>&nbsp;<\/p>\n<pre><strong>K\u00f8b Ambien 10mg piller online - k\u00f8b Ambien , k\u00f8b Ambien 10mg piller, k\u00f8b Ambien piller online, Hvor kan man k\u00f8be Ambien 10mg piller, Ambien 10mg piller til salg, Ambien piller til salg, k\u00f8b Ambien 10mg piller online, hvor skal man k\u00f8be Ambien 10mg piller online. Ambien 10mg piller til salg i usa , USA, canada,uk, k\u00f8b, online, leverand\u00f8rer, sikker levering, Du kan stadig f\u00e5 Ambien 10mg piller , Er Ambien 10mg piller lovlige i usa, k\u00f8b Ambien 10mg piller online usa, hvordan bestiller man Ambien 10mg piller, Er Ambien 10mg piller lovlige i Canada<\/strong><\/pre>","protected":false},"excerpt":{"rendered":"<p>K\u00f8b Ambien 10mg piller online. Ambien bruges til at behandle en s\u00f8vnforstyrrelse. Den hurtige udledning tablet anvendes til at hj\u00e6lpe dig med at nikke v\u00e6k, n\u00e5r du f\u00f8rst g\u00e5r til sofaen.<\/p>\n<p>produktprisen er som: pr pille<br \/>\n<strong>Minimum ordrem\u00e6ngde er: 50 piller<\/strong><\/p>\n<pre><strong>K\u00f8b Ambien 10mg piller online - k\u00f8b Ambien , k\u00f8b Ambien 10mg piller, k\u00f8b Ambien piller online, Hvor kan man k\u00f8be Ambien 10mg piller, Ambien 10mg piller til salg, Ambien piller til salg, k\u00f8b Ambien 10mg piller online, hvor skal man k\u00f8be Ambien 10mg piller online. Ambien 10mg piller til salg i usa , USA, canada,uk, k\u00f8b, online, leverand\u00f8rer, sikker levering, Du kan stadig f\u00e5 Ambien 10mg piller , Er Ambien 10mg piller lovlige i usa, k\u00f8b Ambien 10mg piller online usa, hvordan bestiller man Ambien 10mg piller, Er Ambien 10mg piller lovlige i Canada<\/strong><\/pre>","protected":false},"featured_media":9775,"comment_status":"open","ping_status":"closed","template":"","meta":{"_bst_post_transparent":"","_bst_post_title":"","_bst_post_layout":"","_bst_post_sidebar_id":"","_bst_post_content_style":"","_bst_post_vertical_padding":"","_bst_post_feature":"","_bst_post_feature_position":"","_bst_post_header":false,"_bst_post_footer":false},"product_brand":[],"product_cat":[77,770],"product_tag":[],"product_brands":[],"class_list":{"0":"post-9766","1":"product","2":"type-product","3":"status-publish","4":"has-post-thumbnail","6":"product_cat-pain-sleeping-sex-pills","7":"product_cat-sleeping-pills","9":"first","10":"instock","11":"shipping-taxable","12":"purchasable","13":"product-type-variable","14":"entry","15":"content-bg","16":"loop-entry"},"tiered_pricing_type":"fixed","tiered_pricing_fixed_rules":[],"tiered_pricing_percentage_rules":[],"tiered_pricing_minimum":1,"_administrator_tiered_pricing_type":"fixed","_administrator_tiered_pricing_fixed_rules":[],"_editor_tiered_pricing_type":"fixed","_editor_tiered_pricing_fixed_rules":[],"_author_tiered_pricing_type":"fixed","_author_tiered_pricing_fixed_rules":[],"_contributor_tiered_pricing_type":"fixed","_contributor_tiered_pricing_fixed_rules":[],"_subscriber_tiered_pricing_type":"fixed","_subscriber_tiered_pricing_fixed_rules":[],"_customer_tiered_pricing_type":"fixed","_customer_tiered_pricing_fixed_rules":[],"_shop_manager_tiered_pricing_type":"fixed","_shop_manager_tiered_pricing_fixed_rules":[],"_wpseo_manager_tiered_pricing_type":"fixed","_wpseo_manager_tiered_pricing_fixed_rules":[],"_wpseo_editor_tiered_pricing_type":"fixed","_wpseo_editor_tiered_pricing_fixed_rules":[],"yoast_head":"<!-- This site is optimized with the Yoast SEO plugin v27.2 - https:\/\/yoast.com\/product\/yoast-seo-wordpress\/ -->\n<title>Buy Ambien 10mg pills online - Fast and safe delivery<\/title>\n<meta name=\"description\" content=\"Buy Ambien 10mg, Order safely &amp; maintain your privacy No prescription necessary Discreet standard shipping at Low prices.\" \/>\n<meta name=\"robots\" content=\"index, follow, max-snippet:-1, max-image-preview:large, max-video-preview:-1\" \/>\n<link rel=\"canonical\" href=\"https:\/\/stonersmeds.com\/da\/shop\/buy-ambien-10mg-pills-online\/\" \/>\n<meta property=\"og:locale\" content=\"da_DK\" \/>\n<meta property=\"og:type\" content=\"article\" \/>\n<meta property=\"og:title\" content=\"Buy Ambien 10mg pills online - Fast and safe delivery\" \/>\n<meta property=\"og:description\" content=\"Buy Ambien 10mg, Order safely &amp; maintain your privacy No prescription necessary Discreet standard shipping at Low prices.\" \/>\n<meta property=\"og:url\" content=\"https:\/\/stonersmeds.com\/da\/shop\/buy-ambien-10mg-pills-online\/\" \/>\n<meta property=\"og:site_name\" content=\"stonersmeds.com\" \/>\n<meta property=\"article:modified_time\" content=\"2026-03-02T15:30:05+00:00\" \/>\n<meta property=\"og:image\" content=\"https:\/\/stonersmeds.com\/wp-content\/uploads\/2022\/03\/buy-ambien-10mg-pills-online.jpg\" \/>\n\t<meta property=\"og:image:width\" content=\"600\" \/>\n\t<meta property=\"og:image:height\" content=\"600\" \/>\n\t<meta property=\"og:image:type\" content=\"image\/jpeg\" \/>\n<meta name=\"twitter:card\" content=\"summary_large_image\" \/>\n<meta name=\"twitter:label1\" content=\"Tilg\u00e6ngelighed\" \/>\n\t<meta name=\"twitter:data1\" content=\"P\u00e5 lager\" \/>\n<script type=\"application\/ld+json\" class=\"yoast-schema-graph\">{\"@context\":\"https:\/\/schema.org\",\"@graph\":[{\"@type\":\"WebPage\",\"@id\":\"https:\/\/stonersmeds.com\/sk\/shop\/buy-ambien-10mg-pills-online\/\",\"url\":\"https:\/\/stonersmeds.com\/sk\/shop\/buy-ambien-10mg-pills-online\/\",\"name\":\"Buy Ambien 10mg pills online - Fast and safe delivery\",\"isPartOf\":{\"@id\":\"https:\/\/stonersmeds.com\/#website\"},\"primaryImageOfPage\":{\"@id\":\"https:\/\/stonersmeds.com\/sk\/shop\/buy-ambien-10mg-pills-online\/#primaryimage\"},\"image\":{\"@id\":\"https:\/\/stonersmeds.com\/sk\/shop\/buy-ambien-10mg-pills-online\/#primaryimage\"},\"thumbnailUrl\":\"https:\/\/stonersmeds.com\/wp-content\/uploads\/2022\/03\/buy-ambien-10mg-pills-online.jpg\",\"datePublished\":\"2022-03-12T02:10:14+00:00\",\"dateModified\":\"2026-03-02T15:30:05+00:00\",\"description\":\"Buy Ambien 10mg, Order safely & maintain your privacy No prescription necessary Discreet standard shipping at Low prices.\",\"breadcrumb\":{\"@id\":\"https:\/\/stonersmeds.com\/sk\/shop\/buy-ambien-10mg-pills-online\/#breadcrumb\"},\"inLanguage\":\"da-DK\",\"potentialAction\":[{\"@type\":\"ReadAction\",\"target\":[\"https:\/\/stonersmeds.com\/sk\/shop\/buy-ambien-10mg-pills-online\/\"]}]},{\"@type\":\"ImageObject\",\"inLanguage\":\"da-DK\",\"@id\":\"https:\/\/stonersmeds.com\/sk\/shop\/buy-ambien-10mg-pills-online\/#primaryimage\",\"url\":\"https:\/\/stonersmeds.com\/wp-content\/uploads\/2022\/03\/buy-ambien-10mg-pills-online.jpg\",\"contentUrl\":\"https:\/\/stonersmeds.com\/wp-content\/uploads\/2022\/03\/buy-ambien-10mg-pills-online.jpg\",\"width\":600,\"height\":600},{\"@type\":\"BreadcrumbList\",\"@id\":\"https:\/\/stonersmeds.com\/sk\/shop\/buy-ambien-10mg-pills-online\/#breadcrumb\",\"itemListElement\":[{\"@type\":\"ListItem\",\"position\":1,\"name\":\"Home\",\"item\":\"https:\/\/stonersmeds.com\/\"},{\"@type\":\"ListItem\",\"position\":2,\"name\":\"Shop\",\"item\":\"https:\/\/stonersmeds.com\/shop\/\"},{\"@type\":\"ListItem\",\"position\":3,\"name\":\"Buy Ambien 10mg pills online\"}]},{\"@type\":\"WebSite\",\"@id\":\"https:\/\/stonersmeds.com\/#website\",\"url\":\"https:\/\/stonersmeds.com\/\",\"name\":\"stonersmeds.com\",\"description\":\"verschreibungspflichtige Medizin kaufen\",\"publisher\":{\"@id\":\"https:\/\/stonersmeds.com\/#organization\"},\"alternateName\":\"Research chemical shop\",\"potentialAction\":[{\"@type\":\"SearchAction\",\"target\":{\"@type\":\"EntryPoint\",\"urlTemplate\":\"https:\/\/stonersmeds.com\/?s={search_term_string}\"},\"query-input\":{\"@type\":\"PropertyValueSpecification\",\"valueRequired\":true,\"valueName\":\"search_term_string\"}}],\"inLanguage\":\"da-DK\"},{\"@type\":\"Organization\",\"@id\":\"https:\/\/stonersmeds.com\/#organization\",\"name\":\"Stonersmeds Shop\",\"url\":\"https:\/\/stonersmeds.com\/\",\"logo\":{\"@type\":\"ImageObject\",\"inLanguage\":\"da-DK\",\"@id\":\"https:\/\/stonersmeds.com\/#\/schema\/logo\/image\/\",\"url\":\"https:\/\/stonersmeds.com\/wp-content\/uploads\/2026\/02\/high-purity-DMT-powder.jpg\",\"contentUrl\":\"https:\/\/stonersmeds.com\/wp-content\/uploads\/2026\/02\/high-purity-DMT-powder.jpg\",\"width\":500,\"height\":500,\"caption\":\"Stonersmeds Shop\"},\"image\":{\"@id\":\"https:\/\/stonersmeds.com\/#\/schema\/logo\/image\/\"}}]}<\/script>\n<meta property=\"og:availability\" content=\"instock\" \/>\n<meta property=\"product:availability\" content=\"instock\" \/>\n<meta property=\"product:condition\" content=\"new\" \/>\n<!-- \/ Yoast SEO plugin. -->","yoast_head_json":{"title":"K\u00f8b Ambien 10mg piller online - Hurtig og sikker levering","description":"K\u00f8b Ambien 10mg, bestil sikkert og bevar dit privatliv Ingen recept n\u00f8dvendig Diskret standardforsendelse til lave priser.","robots":{"index":"index","follow":"follow","max-snippet":"max-snippet:-1","max-image-preview":"max-image-preview:large","max-video-preview":"max-video-preview:-1"},"canonical":"https:\/\/stonersmeds.com\/da\/shop\/buy-ambien-10mg-pills-online\/","og_locale":"da_DK","og_type":"article","og_title":"Buy Ambien 10mg pills online - Fast and safe delivery","og_description":"Buy Ambien 10mg, Order safely & maintain your privacy No prescription necessary Discreet standard shipping at Low prices.","og_url":"https:\/\/stonersmeds.com\/da\/shop\/buy-ambien-10mg-pills-online\/","og_site_name":"stonersmeds.com","article_modified_time":"2026-03-02T15:30:05+00:00","og_image":[{"width":600,"height":600,"url":"https:\/\/stonersmeds.com\/wp-content\/uploads\/2022\/03\/buy-ambien-10mg-pills-online.jpg","type":"image\/jpeg"}],"twitter_card":"summary_large_image","twitter_misc":{"Tilg\u00e6ngelighed":"P\u00e5 lager"},"schema":{"@context":"https:\/\/schema.org","@graph":[{"@type":"WebPage","@id":"https:\/\/stonersmeds.com\/sk\/shop\/buy-ambien-10mg-pills-online\/","url":"https:\/\/stonersmeds.com\/sk\/shop\/buy-ambien-10mg-pills-online\/","name":"K\u00f8b Ambien 10mg piller online - Hurtig og sikker levering","isPartOf":{"@id":"https:\/\/stonersmeds.com\/#website"},"primaryImageOfPage":{"@id":"https:\/\/stonersmeds.com\/sk\/shop\/buy-ambien-10mg-pills-online\/#primaryimage"},"image":{"@id":"https:\/\/stonersmeds.com\/sk\/shop\/buy-ambien-10mg-pills-online\/#primaryimage"},"thumbnailUrl":"https:\/\/stonersmeds.com\/wp-content\/uploads\/2022\/03\/buy-ambien-10mg-pills-online.jpg","datePublished":"2022-03-12T02:10:14+00:00","dateModified":"2026-03-02T15:30:05+00:00","description":"K\u00f8b Ambien 10mg, bestil sikkert og bevar dit privatliv Ingen recept n\u00f8dvendig Diskret standardforsendelse til lave priser.","breadcrumb":{"@id":"https:\/\/stonersmeds.com\/sk\/shop\/buy-ambien-10mg-pills-online\/#breadcrumb"},"inLanguage":"da-DK","potentialAction":[{"@type":"ReadAction","target":["https:\/\/stonersmeds.com\/sk\/shop\/buy-ambien-10mg-pills-online\/"]}]},{"@type":"ImageObject","inLanguage":"da-DK","@id":"https:\/\/stonersmeds.com\/sk\/shop\/buy-ambien-10mg-pills-online\/#primaryimage","url":"https:\/\/stonersmeds.com\/wp-content\/uploads\/2022\/03\/buy-ambien-10mg-pills-online.jpg","contentUrl":"https:\/\/stonersmeds.com\/wp-content\/uploads\/2022\/03\/buy-ambien-10mg-pills-online.jpg","width":600,"height":600},{"@type":"BreadcrumbList","@id":"https:\/\/stonersmeds.com\/sk\/shop\/buy-ambien-10mg-pills-online\/#breadcrumb","itemListElement":[{"@type":"ListItem","position":1,"name":"Home","item":"https:\/\/stonersmeds.com\/"},{"@type":"ListItem","position":2,"name":"Shop","item":"https:\/\/stonersmeds.com\/shop\/"},{"@type":"ListItem","position":3,"name":"Buy Ambien 10mg pills online"}]},{"@type":"WebSite","@id":"https:\/\/stonersmeds.com\/#website","url":"https:\/\/stonersmeds.com\/","name":"stonersmeds.com","description":"Verschreibungspflichtige Medizin kaufen","publisher":{"@id":"https:\/\/stonersmeds.com\/#organization"},"alternateName":"Research chemical shop","potentialAction":[{"@type":"SearchAction","target":{"@type":"EntryPoint","urlTemplate":"https:\/\/stonersmeds.com\/?s={search_term_string}"},"query-input":{"@type":"PropertyValueSpecification","valueRequired":true,"valueName":"search_term_string"}}],"inLanguage":"da-DK"},{"@type":"Organization","@id":"https:\/\/stonersmeds.com\/#organization","name":"Stonersmeds Shop","url":"https:\/\/stonersmeds.com\/","logo":{"@type":"ImageObject","inLanguage":"da-DK","@id":"https:\/\/stonersmeds.com\/#\/schema\/logo\/image\/","url":"https:\/\/stonersmeds.com\/wp-content\/uploads\/2026\/02\/high-purity-DMT-powder.jpg","contentUrl":"https:\/\/stonersmeds.com\/wp-content\/uploads\/2026\/02\/high-purity-DMT-powder.jpg","width":500,"height":500,"caption":"Stonersmeds Shop"},"image":{"@id":"https:\/\/stonersmeds.com\/#\/schema\/logo\/image\/"}}]},"og_availability":"instock","product_availability":"instock","product_condition":"new"},"_links":{"self":[{"href":"https:\/\/stonersmeds.com\/da\/wp-json\/wp\/v2\/product\/9766","targetHints":{"allow":["GET"]}}],"collection":[{"href":"https:\/\/stonersmeds.com\/da\/wp-json\/wp\/v2\/product"}],"about":[{"href":"https:\/\/stonersmeds.com\/da\/wp-json\/wp\/v2\/types\/product"}],"replies":[{"embeddable":true,"href":"https:\/\/stonersmeds.com\/da\/wp-json\/wp\/v2\/comments?post=9766"}],"version-history":[{"count":0,"href":"https:\/\/stonersmeds.com\/da\/wp-json\/wp\/v2\/product\/9766\/revisions"}],"wp:featuredmedia":[{"embeddable":true,"href":"https:\/\/stonersmeds.com\/da\/wp-json\/wp\/v2\/media\/9775"}],"wp:attachment":[{"href":"https:\/\/stonersmeds.com\/da\/wp-json\/wp\/v2\/media?parent=9766"}],"wp:term":[{"taxonomy":"product_brand","embeddable":true,"href":"https:\/\/stonersmeds.com\/da\/wp-json\/wp\/v2\/product_brand?post=9766"},{"taxonomy":"product_cat","embeddable":true,"href":"https:\/\/stonersmeds.com\/da\/wp-json\/wp\/v2\/product_cat?post=9766"},{"taxonomy":"product_tag","embeddable":true,"href":"https:\/\/stonersmeds.com\/da\/wp-json\/wp\/v2\/product_tag?post=9766"},{"taxonomy":"product_brands","embeddable":true,"href":"https:\/\/stonersmeds.com\/da\/wp-json\/wp\/v2\/product_brands?post=9766"}],"curies":[{"name":"wp","href":"https:\/\/api.w.org\/{rel}","templated":true}]}}