{"id":9847,"date":"2022-03-12T02:48:11","date_gmt":"2022-03-12T02:48:11","guid":{"rendered":"https:\/\/stonersmeds.com\/?post_type=product&#038;p=9847"},"modified":"2026-02-26T15:30:04","modified_gmt":"2026-02-26T13:30:04","slug":"buy-hydrocodone-10-325mg-online","status":"publish","type":"product","link":"https:\/\/stonersmeds.com\/da\/shop\/buy-hydrocodone-10-325mg-online\/","title":{"rendered":"K\u00f8b Hydrocodone 10\/325mg online"},"content":{"rendered":"<h1>K\u00f8b Hydrocodone 10\/325mg online.<\/h1>\n<p>Hydrocodone Bitartrate Acetaminophen K\u00f8b Hydrocodone Online Mens du tager hydrocodon, b\u00f8r du tale med din l\u00e6ge om et let tilg\u00e6ngeligt livreddende l\u00e6gemiddel kaldet naloxon (f.eks. hjemme eller p\u00e5 kontoret). Naloxon bruges til at vende virkningerne af en livstruende overdosis. Det blokerer virkningerne af opiater for at lindre de skadelige symptomer for\u00e5rsaget af h\u00f8je niveauer af opiater i blodet. Din l\u00e6ge kan ogs\u00e5 ordinere naloxon, hvis du bor i en husstand med sm\u00e5 b\u00f8rn, eller hvis du har misbrugt gade- eller receptpligtig medicin. Du skal sikre dig, at du og dine familiemedlemmer, plejere eller personer, som du omg\u00e5s, ved, hvordan du kan genkende en overdosis, hvordan du tager naloxon, og hvad du skal g\u00f8re, indtil der kommer akut l\u00e6gehj\u00e6lp. Din l\u00e6ge eller apoteker vil vise dig og dine familiemedlemmer, hvordan du skal bruge denne medicin. Sp\u00f8rg din apoteker om vejledning eller bes\u00f8g producentens hjemmeside for at f\u00e5 vejledning. Hvis der opst\u00e5r symptomer p\u00e5 en overdosis, b\u00f8r en ven eller et familiemedlem give og ledsage dig den f\u00f8rste dosis naloxon og overv\u00e5ge dig n\u00f8je, indtil en ambulance ankommer. Dine symptomer kan vende tilbage inden for f\u00e5 minutter efter indtagelse af naloxon. Hvis dine symptomer vender tilbage, skal din person give dig endnu en dosis naloxon. Der kan gives yderligere doser hvert 2. til 3. minut, hvis symptomerne dukker op igen, f\u00f8r der er l\u00e6gehj\u00e6lp til r\u00e5dighed.<\/p>","protected":false},"excerpt":{"rendered":"<p>K\u00f8b Hydrocodone 10\/325mg online. Det er i FDA graviditet klasse B: dens indvirkning p\u00e5 en begyndende organisme eller kl\u00e6kning er ikke klart kendt og gravide kvinder burde r\u00e5dgive deres l\u00e6ger, f\u00f8r de tager det<\/p>\n<p>&nbsp;<\/p>\n<pre><strong>K\u00f8b Hydrocodone 10\/325mg online - k\u00f8b Hydrocodone , K\u00f8b Hydrocodone 10\/325mg , k\u00f8b Hydrocodone online, Hvor kan man k\u00f8be Hydrocodone 10\/325mg , Hydrocodone 10\/325mg til salg, Hydrocodone til salg, k\u00f8b Hydrocodone 31 0 K\u00f8b Hydrocodone 325mg online 325mg online, Hydrocodone 10\/325mg til salg i usa , USA, canada,uk, k\u00f8b, online, leverand\u00f8rer, sikker levering, Du kan stadig f\u00e5 Hydrocodone 10\/325mg , Er Hydrocodone 10\/325mg lovligt i usa, k\u00f8b Hydrocodone 10\/325mg online usa, hvordan man bestiller Hydrocodone 10\/325mg , Er Hydrocodone 10\/325mg lovligt i Canada<\/strong><\/pre>","protected":false},"featured_media":9851,"comment_status":"open","ping_status":"closed","template":"","meta":{"_bst_post_transparent":"","_bst_post_title":"","_bst_post_layout":"","_bst_post_sidebar_id":"","_bst_post_content_style":"","_bst_post_vertical_padding":"","_bst_post_feature":"","_bst_post_feature_position":"","_bst_post_header":false,"_bst_post_footer":false},"product_brand":[],"product_cat":[769,77],"product_tag":[1014,1249,1248,1009,1013,1016,1015,1017],"product_brands":[],"class_list":{"0":"post-9847","1":"product","2":"type-product","3":"status-publish","4":"has-post-thumbnail","6":"product_cat-pain-pills","7":"product_cat-pain-sleeping-sex-pills","8":"product_tag-cost-of-hydrocodone-10-325","9":"product_tag-hydrocodone-acetaminophen-7-325-cost","10":"product_tag-hydrocodone-cost-without-insurance","11":"product_tag-hydrocodone-for-dogs-cost","12":"product_tag-hydrocodone-street-price","13":"product_tag-price-of-hydrocodone-10-325","14":"product_tag-price-of-hydrocodone-acetaminophen","15":"product_tag-street-price-hydrocodone-10-325","17":"first","18":"instock","19":"shipping-taxable","20":"purchasable","21":"product-type-variable","22":"entry","23":"content-bg","24":"loop-entry"},"tiered_pricing_type":"fixed","tiered_pricing_fixed_rules":[],"tiered_pricing_percentage_rules":[],"tiered_pricing_minimum":1,"_administrator_tiered_pricing_type":"fixed","_administrator_tiered_pricing_fixed_rules":[],"_editor_tiered_pricing_type":"fixed","_editor_tiered_pricing_fixed_rules":[],"_author_tiered_pricing_type":"fixed","_author_tiered_pricing_fixed_rules":[],"_contributor_tiered_pricing_type":"fixed","_contributor_tiered_pricing_fixed_rules":[],"_subscriber_tiered_pricing_type":"fixed","_subscriber_tiered_pricing_fixed_rules":[],"_customer_tiered_pricing_type":"fixed","_customer_tiered_pricing_fixed_rules":[],"_shop_manager_tiered_pricing_type":"fixed","_shop_manager_tiered_pricing_fixed_rules":[],"_wpseo_manager_tiered_pricing_type":"fixed","_wpseo_manager_tiered_pricing_fixed_rules":[],"_wpseo_editor_tiered_pricing_type":"fixed","_wpseo_editor_tiered_pricing_fixed_rules":[],"yoast_head":"<!-- This site is optimized with the Yoast SEO plugin v27.2 - https:\/\/yoast.com\/product\/yoast-seo-wordpress\/ -->\n<title>Buy Hydrocodone 10\/325mg online - Fast delivery worldwide<\/title>\n<meta name=\"description\" content=\"Buy Hydrocodone 10\/325mg, Order safely &amp; maintain your privacy No prescription necessary Discreet standard shipping at Low prices.\" \/>\n<meta name=\"robots\" content=\"index, follow, max-snippet:-1, max-image-preview:large, max-video-preview:-1\" \/>\n<link rel=\"canonical\" href=\"https:\/\/stonersmeds.com\/da\/shop\/buy-hydrocodone-10-325mg-online\/\" \/>\n<meta property=\"og:locale\" content=\"da_DK\" \/>\n<meta property=\"og:type\" content=\"article\" \/>\n<meta property=\"og:title\" content=\"Buy Hydrocodone 10\/325mg online - Fast delivery worldwide\" \/>\n<meta property=\"og:description\" content=\"Buy Hydrocodone 10\/325mg, Order safely &amp; maintain your privacy No prescription necessary Discreet standard shipping at Low prices.\" \/>\n<meta property=\"og:url\" content=\"https:\/\/stonersmeds.com\/da\/shop\/buy-hydrocodone-10-325mg-online\/\" \/>\n<meta property=\"og:site_name\" content=\"stonersmeds.com\" \/>\n<meta property=\"article:modified_time\" content=\"2026-02-26T13:30:04+00:00\" \/>\n<meta property=\"og:image\" content=\"https:\/\/stonersmeds.com\/wp-content\/uploads\/2022\/03\/buy-hydrocodone-10-325mg-online.jpg\" \/>\n\t<meta property=\"og:image:width\" content=\"600\" \/>\n\t<meta property=\"og:image:height\" content=\"600\" \/>\n\t<meta property=\"og:image:type\" content=\"image\/jpeg\" \/>\n<meta name=\"twitter:card\" content=\"summary_large_image\" \/>\n<meta name=\"twitter:label1\" content=\"Tilg\u00e6ngelighed\" \/>\n\t<meta name=\"twitter:data1\" content=\"P\u00e5 lager\" \/>\n<script type=\"application\/ld+json\" class=\"yoast-schema-graph\">{\"@context\":\"https:\/\/schema.org\",\"@graph\":[{\"@type\":\"WebPage\",\"@id\":\"https:\/\/stonersmeds.com\/sk\/shop\/buy-hydrocodone-10-325mg-online\/\",\"url\":\"https:\/\/stonersmeds.com\/sk\/shop\/buy-hydrocodone-10-325mg-online\/\",\"name\":\"Buy Hydrocodone 10\/325mg online - Fast delivery worldwide\",\"isPartOf\":{\"@id\":\"https:\/\/stonersmeds.com\/#website\"},\"primaryImageOfPage\":{\"@id\":\"https:\/\/stonersmeds.com\/sk\/shop\/buy-hydrocodone-10-325mg-online\/#primaryimage\"},\"image\":{\"@id\":\"https:\/\/stonersmeds.com\/sk\/shop\/buy-hydrocodone-10-325mg-online\/#primaryimage\"},\"thumbnailUrl\":\"https:\/\/stonersmeds.com\/wp-content\/uploads\/2022\/03\/buy-hydrocodone-10-325mg-online.jpg\",\"datePublished\":\"2022-03-12T02:48:11+00:00\",\"dateModified\":\"2026-02-26T13:30:04+00:00\",\"description\":\"Buy Hydrocodone 10\/325mg, Order safely & maintain your privacy No prescription necessary Discreet standard shipping at Low prices.\",\"breadcrumb\":{\"@id\":\"https:\/\/stonersmeds.com\/sk\/shop\/buy-hydrocodone-10-325mg-online\/#breadcrumb\"},\"inLanguage\":\"da-DK\",\"potentialAction\":[{\"@type\":\"ReadAction\",\"target\":[\"https:\/\/stonersmeds.com\/sk\/shop\/buy-hydrocodone-10-325mg-online\/\"]}]},{\"@type\":\"ImageObject\",\"inLanguage\":\"da-DK\",\"@id\":\"https:\/\/stonersmeds.com\/sk\/shop\/buy-hydrocodone-10-325mg-online\/#primaryimage\",\"url\":\"https:\/\/stonersmeds.com\/wp-content\/uploads\/2022\/03\/buy-hydrocodone-10-325mg-online.jpg\",\"contentUrl\":\"https:\/\/stonersmeds.com\/wp-content\/uploads\/2022\/03\/buy-hydrocodone-10-325mg-online.jpg\",\"width\":600,\"height\":600},{\"@type\":\"BreadcrumbList\",\"@id\":\"https:\/\/stonersmeds.com\/sk\/shop\/buy-hydrocodone-10-325mg-online\/#breadcrumb\",\"itemListElement\":[{\"@type\":\"ListItem\",\"position\":1,\"name\":\"Home\",\"item\":\"https:\/\/stonersmeds.com\/\"},{\"@type\":\"ListItem\",\"position\":2,\"name\":\"Shop\",\"item\":\"https:\/\/stonersmeds.com\/shop\/\"},{\"@type\":\"ListItem\",\"position\":3,\"name\":\"Buy Hydrocodone 10\/325mg online\"}]},{\"@type\":\"WebSite\",\"@id\":\"https:\/\/stonersmeds.com\/#website\",\"url\":\"https:\/\/stonersmeds.com\/\",\"name\":\"stonersmeds.com\",\"description\":\"verschreibungspflichtige Medizin kaufen\",\"publisher\":{\"@id\":\"https:\/\/stonersmeds.com\/#organization\"},\"alternateName\":\"Research chemical shop\",\"potentialAction\":[{\"@type\":\"SearchAction\",\"target\":{\"@type\":\"EntryPoint\",\"urlTemplate\":\"https:\/\/stonersmeds.com\/?s={search_term_string}\"},\"query-input\":{\"@type\":\"PropertyValueSpecification\",\"valueRequired\":true,\"valueName\":\"search_term_string\"}}],\"inLanguage\":\"da-DK\"},{\"@type\":\"Organization\",\"@id\":\"https:\/\/stonersmeds.com\/#organization\",\"name\":\"Stonersmeds Shop\",\"url\":\"https:\/\/stonersmeds.com\/\",\"logo\":{\"@type\":\"ImageObject\",\"inLanguage\":\"da-DK\",\"@id\":\"https:\/\/stonersmeds.com\/#\/schema\/logo\/image\/\",\"url\":\"https:\/\/stonersmeds.com\/wp-content\/uploads\/2026\/02\/high-purity-DMT-powder.jpg\",\"contentUrl\":\"https:\/\/stonersmeds.com\/wp-content\/uploads\/2026\/02\/high-purity-DMT-powder.jpg\",\"width\":500,\"height\":500,\"caption\":\"Stonersmeds Shop\"},\"image\":{\"@id\":\"https:\/\/stonersmeds.com\/#\/schema\/logo\/image\/\"}}]}<\/script>\n<meta property=\"og:availability\" content=\"instock\" \/>\n<meta property=\"product:availability\" content=\"instock\" \/>\n<meta property=\"product:condition\" content=\"new\" \/>\n<!-- \/ Yoast SEO plugin. -->","yoast_head_json":{"title":"K\u00f8b Hydrocodone 10\/325mg online - Hurtig levering over hele verden","description":"K\u00f8b Hydrocodone 10\/325mg, bestil sikkert og bevar dit privatliv Ingen recept n\u00f8dvendig Diskret standardforsendelse til lave priser.","robots":{"index":"index","follow":"follow","max-snippet":"max-snippet:-1","max-image-preview":"max-image-preview:large","max-video-preview":"max-video-preview:-1"},"canonical":"https:\/\/stonersmeds.com\/da\/shop\/buy-hydrocodone-10-325mg-online\/","og_locale":"da_DK","og_type":"article","og_title":"Buy Hydrocodone 10\/325mg online - Fast delivery worldwide","og_description":"Buy Hydrocodone 10\/325mg, Order safely & maintain your privacy No prescription necessary Discreet standard shipping at Low prices.","og_url":"https:\/\/stonersmeds.com\/da\/shop\/buy-hydrocodone-10-325mg-online\/","og_site_name":"stonersmeds.com","article_modified_time":"2026-02-26T13:30:04+00:00","og_image":[{"width":600,"height":600,"url":"https:\/\/stonersmeds.com\/wp-content\/uploads\/2022\/03\/buy-hydrocodone-10-325mg-online.jpg","type":"image\/jpeg"}],"twitter_card":"summary_large_image","twitter_misc":{"Tilg\u00e6ngelighed":"P\u00e5 lager"},"schema":{"@context":"https:\/\/schema.org","@graph":[{"@type":"WebPage","@id":"https:\/\/stonersmeds.com\/sk\/shop\/buy-hydrocodone-10-325mg-online\/","url":"https:\/\/stonersmeds.com\/sk\/shop\/buy-hydrocodone-10-325mg-online\/","name":"K\u00f8b Hydrocodone 10\/325mg online - Hurtig levering over hele verden","isPartOf":{"@id":"https:\/\/stonersmeds.com\/#website"},"primaryImageOfPage":{"@id":"https:\/\/stonersmeds.com\/sk\/shop\/buy-hydrocodone-10-325mg-online\/#primaryimage"},"image":{"@id":"https:\/\/stonersmeds.com\/sk\/shop\/buy-hydrocodone-10-325mg-online\/#primaryimage"},"thumbnailUrl":"https:\/\/stonersmeds.com\/wp-content\/uploads\/2022\/03\/buy-hydrocodone-10-325mg-online.jpg","datePublished":"2022-03-12T02:48:11+00:00","dateModified":"2026-02-26T13:30:04+00:00","description":"K\u00f8b Hydrocodone 10\/325mg, bestil sikkert og bevar dit privatliv Ingen recept n\u00f8dvendig Diskret standardforsendelse til lave priser.","breadcrumb":{"@id":"https:\/\/stonersmeds.com\/sk\/shop\/buy-hydrocodone-10-325mg-online\/#breadcrumb"},"inLanguage":"da-DK","potentialAction":[{"@type":"ReadAction","target":["https:\/\/stonersmeds.com\/sk\/shop\/buy-hydrocodone-10-325mg-online\/"]}]},{"@type":"ImageObject","inLanguage":"da-DK","@id":"https:\/\/stonersmeds.com\/sk\/shop\/buy-hydrocodone-10-325mg-online\/#primaryimage","url":"https:\/\/stonersmeds.com\/wp-content\/uploads\/2022\/03\/buy-hydrocodone-10-325mg-online.jpg","contentUrl":"https:\/\/stonersmeds.com\/wp-content\/uploads\/2022\/03\/buy-hydrocodone-10-325mg-online.jpg","width":600,"height":600},{"@type":"BreadcrumbList","@id":"https:\/\/stonersmeds.com\/sk\/shop\/buy-hydrocodone-10-325mg-online\/#breadcrumb","itemListElement":[{"@type":"ListItem","position":1,"name":"Home","item":"https:\/\/stonersmeds.com\/"},{"@type":"ListItem","position":2,"name":"Shop","item":"https:\/\/stonersmeds.com\/shop\/"},{"@type":"ListItem","position":3,"name":"Buy Hydrocodone 10\/325mg online"}]},{"@type":"WebSite","@id":"https:\/\/stonersmeds.com\/#website","url":"https:\/\/stonersmeds.com\/","name":"stonersmeds.com","description":"Verschreibungspflichtige Medizin kaufen","publisher":{"@id":"https:\/\/stonersmeds.com\/#organization"},"alternateName":"Research chemical shop","potentialAction":[{"@type":"SearchAction","target":{"@type":"EntryPoint","urlTemplate":"https:\/\/stonersmeds.com\/?s={search_term_string}"},"query-input":{"@type":"PropertyValueSpecification","valueRequired":true,"valueName":"search_term_string"}}],"inLanguage":"da-DK"},{"@type":"Organization","@id":"https:\/\/stonersmeds.com\/#organization","name":"Stonersmeds Shop","url":"https:\/\/stonersmeds.com\/","logo":{"@type":"ImageObject","inLanguage":"da-DK","@id":"https:\/\/stonersmeds.com\/#\/schema\/logo\/image\/","url":"https:\/\/stonersmeds.com\/wp-content\/uploads\/2026\/02\/high-purity-DMT-powder.jpg","contentUrl":"https:\/\/stonersmeds.com\/wp-content\/uploads\/2026\/02\/high-purity-DMT-powder.jpg","width":500,"height":500,"caption":"Stonersmeds Shop"},"image":{"@id":"https:\/\/stonersmeds.com\/#\/schema\/logo\/image\/"}}]},"og_availability":"instock","product_availability":"instock","product_condition":"new"},"_links":{"self":[{"href":"https:\/\/stonersmeds.com\/da\/wp-json\/wp\/v2\/product\/9847","targetHints":{"allow":["GET"]}}],"collection":[{"href":"https:\/\/stonersmeds.com\/da\/wp-json\/wp\/v2\/product"}],"about":[{"href":"https:\/\/stonersmeds.com\/da\/wp-json\/wp\/v2\/types\/product"}],"replies":[{"embeddable":true,"href":"https:\/\/stonersmeds.com\/da\/wp-json\/wp\/v2\/comments?post=9847"}],"version-history":[{"count":0,"href":"https:\/\/stonersmeds.com\/da\/wp-json\/wp\/v2\/product\/9847\/revisions"}],"wp:featuredmedia":[{"embeddable":true,"href":"https:\/\/stonersmeds.com\/da\/wp-json\/wp\/v2\/media\/9851"}],"wp:attachment":[{"href":"https:\/\/stonersmeds.com\/da\/wp-json\/wp\/v2\/media?parent=9847"}],"wp:term":[{"taxonomy":"product_brand","embeddable":true,"href":"https:\/\/stonersmeds.com\/da\/wp-json\/wp\/v2\/product_brand?post=9847"},{"taxonomy":"product_cat","embeddable":true,"href":"https:\/\/stonersmeds.com\/da\/wp-json\/wp\/v2\/product_cat?post=9847"},{"taxonomy":"product_tag","embeddable":true,"href":"https:\/\/stonersmeds.com\/da\/wp-json\/wp\/v2\/product_tag?post=9847"},{"taxonomy":"product_brands","embeddable":true,"href":"https:\/\/stonersmeds.com\/da\/wp-json\/wp\/v2\/product_brands?post=9847"}],"curies":[{"name":"wp","href":"https:\/\/api.w.org\/{rel}","templated":true}]}}