{"id":9968,"date":"2022-03-12T03:49:50","date_gmt":"2022-03-12T03:49:50","guid":{"rendered":"https:\/\/stonersmeds.com\/?post_type=product&#038;p=9968"},"modified":"2026-02-24T10:20:34","modified_gmt":"2026-02-24T08:20:34","slug":"buy-onax-2mg-alprazolam-pills-online","status":"publish","type":"product","link":"https:\/\/stonersmeds.com\/da\/shop\/buy-onax-2mg-alprazolam-pills-online\/","title":{"rendered":"K\u00f8b Onax 2mg Alprazolam piller online"},"content":{"rendered":"<h1>K\u00f8b Onax 20mg online Alprazolam piller.<\/h1>\n<p>Alprazolam er et st\u00e6rkt l\u00e6gemiddel, der normalt s\u00e6lges under navnet Onax. Psykiatriske lidelser Onax 2 mg er ogs\u00e5 kendt som en behandling for anxiolytiske lidelser, hvor folk oplever alvorlig angst. Du kan ogs\u00e5 k\u00f8be Onax 2mg online fra os for at f\u00e5 fuld kontrol over dit liv. Psykiatriske lidelser er ogs\u00e5 kendt som panikforstyrrelser, hvor folk oplever panikanfald. Disse angreb begynder med en pludselig f\u00f8lelse af intimidering og frygt uden grund. Af ukendte \u00e5rsager eller af en anden forklaring kan vi v\u00e6re bange. Disse mennesker f\u00f8ler, at de ikke er ansvarlige for deres egne faktorer eller milj\u00f8faktorer. K\u00f8b Onax 20mg online, disse demonstrationer omfatter hurtig hjertefrekvens, prikken i h\u00e6nderne, f\u00f8lelse af kulde eller kulde, sved, svimmelhed, mave- eller brystsmerter, \u00e5ndedr\u00e6tsbesv\u00e6r osv. Brug af ONAX vil spare dig for alle disse lidelser.<\/p>\n<p>&nbsp;<\/p>\n<p>&nbsp;<\/p>\n<p>&nbsp;<\/p>\n<pre><strong>Alprazolam piller online - k\u00f8b Onax 2mg , k\u00f8b Onax 2mg Alprazolam piller , k\u00f8b Alprazolam piller online, Hvor kan man k\u00f8be Onax 2mg Alprazolam piller , Onax 2mg Alprazolam piller til salg, Alprazolam piller til salg, k\u00f8b Onax Alprazolam piller online, hvor kan man k\u00f8be Onax 2mg Alprazolam piller online, Onax 2mg Alprazolam piller til salg i usa , USA, canada,uk, k\u00f8b, online, leverand\u00f8rer, sikker levering, Du kan stadig f\u00e5 Onax 2mg Alprazolam piller , Er Onax 2mg Alprazolam piller lovlige i usa, k\u00f8b Onax 2mg Alprazolam piller online usa, hvordan man bestiller Onax 2mg Alprazolam piller , Er Onax 2mg Alprazolam piller lovlige i Canada<\/strong><\/pre>","protected":false},"excerpt":{"rendered":"<p>K\u00f8b Onax 2mg Alprazolam piller online. Alprazolam bruges til at behandle nerv\u00f8sitetsproblemer, frenzy problem og uro skabt af elendighed.<\/p>\n<p>produktprisen er som: pr pille<br \/>\n<strong>Minimum ordrem\u00e6ngde er: 50 piller<\/strong><\/p>\n<pre><\/pre>","protected":false},"featured_media":9979,"comment_status":"open","ping_status":"closed","template":"","meta":{"_bst_post_transparent":"","_bst_post_title":"","_bst_post_layout":"","_bst_post_sidebar_id":"","_bst_post_content_style":"","_bst_post_vertical_padding":"","_bst_post_feature":"","_bst_post_feature_position":"","_bst_post_header":false,"_bst_post_footer":false},"product_brand":[],"product_cat":[769,77,771,770],"product_tag":[1120,1116,1130,1122,1129,1135,1127,1114,1117,1119,1121,1132,1136,1126,1115,1118,1125,1131,1124,1123,1128,1134,1133],"product_brands":[],"class_list":{"0":"post-9968","1":"product","2":"type-product","3":"status-publish","4":"has-post-thumbnail","6":"product_cat-pain-pills","7":"product_cat-pain-sleeping-sex-pills","8":"product_cat-sex-pills","9":"product_cat-sleeping-pills","10":"product_tag-2mg-alprazolam","11":"product_tag-2mg-alprazolam-bars","12":"product_tag-alprazolam-0-25-mg-and-alcohol","13":"product_tag-alprazolam-0-25-mg-for-sleep","14":"product_tag-alprazolam-0-25-mg-side-effects","15":"product_tag-alprazolam-0-5-mg-tab","16":"product_tag-alprazolam-2mg-bars-for-sale","17":"product_tag-alprazolam-2mg-for-sale","18":"product_tag-alprazolam-2mg-in-canada","19":"product_tag-alprazolam-2mg-white-bar","20":"product_tag-alprazolam-farmapram","21":"product_tag-alprazolam-for-sleep-dosage","22":"product_tag-alprazolam-medication-25mg","23":"product_tag-alprazolam-xanax-2-mg-tablet","24":"product_tag-farmapram-2mg-buy","25":"product_tag-farmapram-alprazolam-2mg","26":"product_tag-overnight-delivery-xanax-2mg","27":"product_tag-xanax-0-25-for-sleep","28":"product_tag-xanax-2mg-bars-overnight","29":"product_tag-xanax-2mg-bars-overnight-uk","30":"product_tag-xanax-alprazolam-2mg","31":"product_tag-xanax-at-bedtime","32":"product_tag-xanax-for-sleep-dosage","34":"first","35":"instock","36":"shipping-taxable","37":"purchasable","38":"product-type-variable","39":"entry","40":"content-bg","41":"loop-entry"},"tiered_pricing_type":"fixed","tiered_pricing_fixed_rules":[],"tiered_pricing_percentage_rules":[],"tiered_pricing_minimum":1,"_administrator_tiered_pricing_type":"fixed","_administrator_tiered_pricing_fixed_rules":[],"_editor_tiered_pricing_type":"fixed","_editor_tiered_pricing_fixed_rules":[],"_author_tiered_pricing_type":"fixed","_author_tiered_pricing_fixed_rules":[],"_contributor_tiered_pricing_type":"fixed","_contributor_tiered_pricing_fixed_rules":[],"_subscriber_tiered_pricing_type":"fixed","_subscriber_tiered_pricing_fixed_rules":[],"_customer_tiered_pricing_type":"fixed","_customer_tiered_pricing_fixed_rules":[],"_shop_manager_tiered_pricing_type":"fixed","_shop_manager_tiered_pricing_fixed_rules":[],"_wpseo_manager_tiered_pricing_type":"fixed","_wpseo_manager_tiered_pricing_fixed_rules":[],"_wpseo_editor_tiered_pricing_type":"fixed","_wpseo_editor_tiered_pricing_fixed_rules":[],"yoast_head":"<!-- This site is optimized with the Yoast SEO plugin v27.2 - https:\/\/yoast.com\/product\/yoast-seo-wordpress\/ -->\n<title>Buy Onax 20mg online, Onax 2mg White Bars<\/title>\n<meta name=\"description\" content=\"Are you looking for where to buy Onax 2mg online without prescription?,visit us today for the best prices.\" \/>\n<meta name=\"robots\" content=\"index, follow, max-snippet:-1, max-image-preview:large, max-video-preview:-1\" \/>\n<link rel=\"canonical\" href=\"https:\/\/stonersmeds.com\/da\/shop\/buy-onax-2mg-alprazolam-pills-online\/\" \/>\n<meta property=\"og:locale\" content=\"da_DK\" \/>\n<meta property=\"og:type\" content=\"article\" \/>\n<meta property=\"og:title\" content=\"Buy Onax 20mg online, Onax 2mg White Bars\" \/>\n<meta property=\"og:description\" content=\"Are you looking for where to buy Onax 2mg online without prescription?,visit us today for the best prices.\" \/>\n<meta property=\"og:url\" content=\"https:\/\/stonersmeds.com\/da\/shop\/buy-onax-2mg-alprazolam-pills-online\/\" \/>\n<meta property=\"og:site_name\" content=\"stonersmeds.com\" \/>\n<meta property=\"article:modified_time\" content=\"2026-02-24T08:20:34+00:00\" \/>\n<meta property=\"og:image\" content=\"https:\/\/stonersmeds.com\/wp-content\/uploads\/2022\/03\/buy-onax-2mg-alprazolam-pills-online.jpg\" \/>\n\t<meta property=\"og:image:width\" content=\"600\" \/>\n\t<meta property=\"og:image:height\" content=\"600\" \/>\n\t<meta property=\"og:image:type\" content=\"image\/jpeg\" \/>\n<meta name=\"twitter:card\" content=\"summary_large_image\" \/>\n<meta name=\"twitter:label1\" content=\"Tilg\u00e6ngelighed\" \/>\n\t<meta name=\"twitter:data1\" content=\"P\u00e5 lager\" \/>\n<script type=\"application\/ld+json\" class=\"yoast-schema-graph\">{\"@context\":\"https:\/\/schema.org\",\"@graph\":[{\"@type\":\"WebPage\",\"@id\":\"https:\/\/stonersmeds.com\/shop\/buy-onax-2mg-alprazolam-pills-online\/\",\"url\":\"https:\/\/stonersmeds.com\/shop\/buy-onax-2mg-alprazolam-pills-online\/\",\"name\":\"Buy Onax 20mg online, Onax 2mg White Bars\",\"isPartOf\":{\"@id\":\"https:\/\/stonersmeds.com\/#website\"},\"primaryImageOfPage\":{\"@id\":\"https:\/\/stonersmeds.com\/shop\/buy-onax-2mg-alprazolam-pills-online\/#primaryimage\"},\"image\":{\"@id\":\"https:\/\/stonersmeds.com\/shop\/buy-onax-2mg-alprazolam-pills-online\/#primaryimage\"},\"thumbnailUrl\":\"https:\/\/stonersmeds.com\/wp-content\/uploads\/2022\/03\/buy-onax-2mg-alprazolam-pills-online.jpg\",\"datePublished\":\"2022-03-12T03:49:50+00:00\",\"dateModified\":\"2026-02-24T08:20:34+00:00\",\"description\":\"Are you looking for where to buy Onax 2mg online without prescription?,visit us today for the best prices.\",\"breadcrumb\":{\"@id\":\"https:\/\/stonersmeds.com\/shop\/buy-onax-2mg-alprazolam-pills-online\/#breadcrumb\"},\"inLanguage\":\"da-DK\",\"potentialAction\":[{\"@type\":\"ReadAction\",\"target\":[\"https:\/\/stonersmeds.com\/shop\/buy-onax-2mg-alprazolam-pills-online\/\"]}]},{\"@type\":\"ImageObject\",\"inLanguage\":\"da-DK\",\"@id\":\"https:\/\/stonersmeds.com\/shop\/buy-onax-2mg-alprazolam-pills-online\/#primaryimage\",\"url\":\"https:\/\/stonersmeds.com\/wp-content\/uploads\/2022\/03\/buy-onax-2mg-alprazolam-pills-online.jpg\",\"contentUrl\":\"https:\/\/stonersmeds.com\/wp-content\/uploads\/2022\/03\/buy-onax-2mg-alprazolam-pills-online.jpg\",\"width\":600,\"height\":600},{\"@type\":\"BreadcrumbList\",\"@id\":\"https:\/\/stonersmeds.com\/shop\/buy-onax-2mg-alprazolam-pills-online\/#breadcrumb\",\"itemListElement\":[{\"@type\":\"ListItem\",\"position\":1,\"name\":\"Home\",\"item\":\"https:\/\/stonersmeds.com\/\"},{\"@type\":\"ListItem\",\"position\":2,\"name\":\"Shop\",\"item\":\"https:\/\/stonersmeds.com\/shop\/\"},{\"@type\":\"ListItem\",\"position\":3,\"name\":\"Buy Onax 2mg Alprazolam pills online\"}]},{\"@type\":\"WebSite\",\"@id\":\"https:\/\/stonersmeds.com\/#website\",\"url\":\"https:\/\/stonersmeds.com\/\",\"name\":\"stonersmeds.com\",\"description\":\"verschreibungspflichtige Medizin kaufen\",\"publisher\":{\"@id\":\"https:\/\/stonersmeds.com\/#organization\"},\"alternateName\":\"Research chemical shop\",\"potentialAction\":[{\"@type\":\"SearchAction\",\"target\":{\"@type\":\"EntryPoint\",\"urlTemplate\":\"https:\/\/stonersmeds.com\/?s={search_term_string}\"},\"query-input\":{\"@type\":\"PropertyValueSpecification\",\"valueRequired\":true,\"valueName\":\"search_term_string\"}}],\"inLanguage\":\"da-DK\"},{\"@type\":\"Organization\",\"@id\":\"https:\/\/stonersmeds.com\/#organization\",\"name\":\"Stonersmeds Shop\",\"url\":\"https:\/\/stonersmeds.com\/\",\"logo\":{\"@type\":\"ImageObject\",\"inLanguage\":\"da-DK\",\"@id\":\"https:\/\/stonersmeds.com\/#\/schema\/logo\/image\/\",\"url\":\"https:\/\/stonersmeds.com\/wp-content\/uploads\/2026\/02\/high-purity-DMT-powder.jpg\",\"contentUrl\":\"https:\/\/stonersmeds.com\/wp-content\/uploads\/2026\/02\/high-purity-DMT-powder.jpg\",\"width\":500,\"height\":500,\"caption\":\"Stonersmeds Shop\"},\"image\":{\"@id\":\"https:\/\/stonersmeds.com\/#\/schema\/logo\/image\/\"}}]}<\/script>\n<meta property=\"og:availability\" content=\"instock\" \/>\n<meta property=\"product:availability\" content=\"instock\" \/>\n<meta property=\"product:condition\" content=\"new\" \/>\n<!-- \/ Yoast SEO plugin. -->","yoast_head_json":{"title":"K\u00f8b Onax 20mg online, Onax 2mg White Bars","description":"Leder du efter hvor du kan k\u00f8be Onax 2mg online uden recept?, bes\u00f8g os i dag for de bedste priser.","robots":{"index":"index","follow":"follow","max-snippet":"max-snippet:-1","max-image-preview":"max-image-preview:large","max-video-preview":"max-video-preview:-1"},"canonical":"https:\/\/stonersmeds.com\/da\/shop\/buy-onax-2mg-alprazolam-pills-online\/","og_locale":"da_DK","og_type":"article","og_title":"Buy Onax 20mg online, Onax 2mg White Bars","og_description":"Are you looking for where to buy Onax 2mg online without prescription?,visit us today for the best prices.","og_url":"https:\/\/stonersmeds.com\/da\/shop\/buy-onax-2mg-alprazolam-pills-online\/","og_site_name":"stonersmeds.com","article_modified_time":"2026-02-24T08:20:34+00:00","og_image":[{"width":600,"height":600,"url":"https:\/\/stonersmeds.com\/wp-content\/uploads\/2022\/03\/buy-onax-2mg-alprazolam-pills-online.jpg","type":"image\/jpeg"}],"twitter_card":"summary_large_image","twitter_misc":{"Tilg\u00e6ngelighed":"P\u00e5 lager"},"schema":{"@context":"https:\/\/schema.org","@graph":[{"@type":"WebPage","@id":"https:\/\/stonersmeds.com\/shop\/buy-onax-2mg-alprazolam-pills-online\/","url":"https:\/\/stonersmeds.com\/shop\/buy-onax-2mg-alprazolam-pills-online\/","name":"K\u00f8b Onax 20mg online, Onax 2mg White Bars","isPartOf":{"@id":"https:\/\/stonersmeds.com\/#website"},"primaryImageOfPage":{"@id":"https:\/\/stonersmeds.com\/shop\/buy-onax-2mg-alprazolam-pills-online\/#primaryimage"},"image":{"@id":"https:\/\/stonersmeds.com\/shop\/buy-onax-2mg-alprazolam-pills-online\/#primaryimage"},"thumbnailUrl":"https:\/\/stonersmeds.com\/wp-content\/uploads\/2022\/03\/buy-onax-2mg-alprazolam-pills-online.jpg","datePublished":"2022-03-12T03:49:50+00:00","dateModified":"2026-02-24T08:20:34+00:00","description":"Leder du efter hvor du kan k\u00f8be Onax 2mg online uden recept?, bes\u00f8g os i dag for de bedste priser.","breadcrumb":{"@id":"https:\/\/stonersmeds.com\/shop\/buy-onax-2mg-alprazolam-pills-online\/#breadcrumb"},"inLanguage":"da-DK","potentialAction":[{"@type":"ReadAction","target":["https:\/\/stonersmeds.com\/shop\/buy-onax-2mg-alprazolam-pills-online\/"]}]},{"@type":"ImageObject","inLanguage":"da-DK","@id":"https:\/\/stonersmeds.com\/shop\/buy-onax-2mg-alprazolam-pills-online\/#primaryimage","url":"https:\/\/stonersmeds.com\/wp-content\/uploads\/2022\/03\/buy-onax-2mg-alprazolam-pills-online.jpg","contentUrl":"https:\/\/stonersmeds.com\/wp-content\/uploads\/2022\/03\/buy-onax-2mg-alprazolam-pills-online.jpg","width":600,"height":600},{"@type":"BreadcrumbList","@id":"https:\/\/stonersmeds.com\/shop\/buy-onax-2mg-alprazolam-pills-online\/#breadcrumb","itemListElement":[{"@type":"ListItem","position":1,"name":"Home","item":"https:\/\/stonersmeds.com\/"},{"@type":"ListItem","position":2,"name":"Shop","item":"https:\/\/stonersmeds.com\/shop\/"},{"@type":"ListItem","position":3,"name":"Buy Onax 2mg Alprazolam pills online"}]},{"@type":"WebSite","@id":"https:\/\/stonersmeds.com\/#website","url":"https:\/\/stonersmeds.com\/","name":"stonersmeds.com","description":"Verschreibungspflichtige Medizin kaufen","publisher":{"@id":"https:\/\/stonersmeds.com\/#organization"},"alternateName":"Research chemical shop","potentialAction":[{"@type":"SearchAction","target":{"@type":"EntryPoint","urlTemplate":"https:\/\/stonersmeds.com\/?s={search_term_string}"},"query-input":{"@type":"PropertyValueSpecification","valueRequired":true,"valueName":"search_term_string"}}],"inLanguage":"da-DK"},{"@type":"Organization","@id":"https:\/\/stonersmeds.com\/#organization","name":"Stonersmeds Shop","url":"https:\/\/stonersmeds.com\/","logo":{"@type":"ImageObject","inLanguage":"da-DK","@id":"https:\/\/stonersmeds.com\/#\/schema\/logo\/image\/","url":"https:\/\/stonersmeds.com\/wp-content\/uploads\/2026\/02\/high-purity-DMT-powder.jpg","contentUrl":"https:\/\/stonersmeds.com\/wp-content\/uploads\/2026\/02\/high-purity-DMT-powder.jpg","width":500,"height":500,"caption":"Stonersmeds Shop"},"image":{"@id":"https:\/\/stonersmeds.com\/#\/schema\/logo\/image\/"}}]},"og_availability":"instock","product_availability":"instock","product_condition":"new"},"_links":{"self":[{"href":"https:\/\/stonersmeds.com\/da\/wp-json\/wp\/v2\/product\/9968","targetHints":{"allow":["GET"]}}],"collection":[{"href":"https:\/\/stonersmeds.com\/da\/wp-json\/wp\/v2\/product"}],"about":[{"href":"https:\/\/stonersmeds.com\/da\/wp-json\/wp\/v2\/types\/product"}],"replies":[{"embeddable":true,"href":"https:\/\/stonersmeds.com\/da\/wp-json\/wp\/v2\/comments?post=9968"}],"version-history":[{"count":0,"href":"https:\/\/stonersmeds.com\/da\/wp-json\/wp\/v2\/product\/9968\/revisions"}],"wp:featuredmedia":[{"embeddable":true,"href":"https:\/\/stonersmeds.com\/da\/wp-json\/wp\/v2\/media\/9979"}],"wp:attachment":[{"href":"https:\/\/stonersmeds.com\/da\/wp-json\/wp\/v2\/media?parent=9968"}],"wp:term":[{"taxonomy":"product_brand","embeddable":true,"href":"https:\/\/stonersmeds.com\/da\/wp-json\/wp\/v2\/product_brand?post=9968"},{"taxonomy":"product_cat","embeddable":true,"href":"https:\/\/stonersmeds.com\/da\/wp-json\/wp\/v2\/product_cat?post=9968"},{"taxonomy":"product_tag","embeddable":true,"href":"https:\/\/stonersmeds.com\/da\/wp-json\/wp\/v2\/product_tag?post=9968"},{"taxonomy":"product_brands","embeddable":true,"href":"https:\/\/stonersmeds.com\/da\/wp-json\/wp\/v2\/product_brands?post=9968"}],"curies":[{"name":"wp","href":"https:\/\/api.w.org\/{rel}","templated":true}]}}