{"id":10012,"date":"2022-03-12T04:08:52","date_gmt":"2022-03-12T04:08:52","guid":{"rendered":"https:\/\/stonersmeds.com\/?post_type=product&#038;p=10012"},"modified":"2026-03-02T00:00:45","modified_gmt":"2026-03-01T22:00:45","slug":"buy-restoril-30mg-temezepam-pills-online","status":"publish","type":"product","link":"https:\/\/stonersmeds.com\/de\/shop\/buy-restoril-30mg-temezepam-pills-online\/","title":{"rendered":"Kaufen Sie Restoril 30 mg Temazepam-Pillen"},"content":{"rendered":"<h1><strong>Restoril 30mg online kaufen - temazepam - Restoril online kaufen ohne Rezept.<\/strong><\/h1>\n<p>Restoril (Temazepam) ist ein Benzodiazepin (ben-Zoe-dye-AZE-eh-peen). Temazepam wirkt auf Chemikalien im Gehirn, die bei Menschen mit Schlafproblemen (Schlaflosigkeit) unausgewogen sein k\u00f6nnen. Restoril wird zur Behandlung von Schlaflosigkeitssymptomen, wie Einschlaf- oder Durchschlafst\u00f6rungen, eingesetzt. Restoril wirkt, indem es das zentrale Nervensystem (Gehirn) verlangsamt und dadurch Schl\u00e4frigkeit verursacht, die den Patienten beim Einschlafen hilft.<\/p>\n<h2>VERWENDUNG VON RESTORIL:<\/h2>\n<p>Dieses Medikament wird verwendet, um ein bestimmtes Schlafproblem (Schlaflosigkeit) zu behandeln. Es kann Ihnen helfen, schneller einzuschlafen, l\u00e4nger zu schlafen und weniger oft w\u00e4hrend der Nacht aufzuwachen, so dass Sie eine bessere Nachtruhe haben. Temazepam geh\u00f6rt zu einer Klasse von Arzneimitteln, die als Sedativa-Hypnotika bezeichnet werden. Es wirkt auf Ihr Gehirn, um eine beruhigende Wirkung zu erzielen.<\/p>\n<p>Die Anwendung dieses Medikaments ist in der Regel auf kurze Behandlungszeitr\u00e4ume von 1 bis 2 Wochen oder weniger beschr\u00e4nkt. Wenn Ihr\u00a0<a class=\"crossLinked\" href=\"https:\/\/www.webmd.com\/sleep-disorders\/living-with-insomnia-11\/slideshow-insomnia\">Schlaflosigkeit<\/a>\u00a0l\u00e4nger anh\u00e4lt, sprechen Sie mit Ihrem Arzt, um festzustellen, ob Sie eine andere Behandlung ben\u00f6tigen.<\/p>\n<h3>Wie man Restoril verwendet:<\/h3>\n<ul>\n<li>Lesen Sie die Packungsbeilage, die Ihnen Ihr Apotheker gibt, bevor Sie mit der Einnahme von Temazepam beginnen und jedes Mal, wenn Sie eine neue Packung erhalten. Wenn Sie irgendwelche Fragen haben, fragen Sie Ihren Arzt oder Apotheker.<\/li>\n<li>Nehmen Sie dieses Medikament durch den Mund mit oder ohne Essen, wie von Ihrem Arzt gerichtet, in der Regel kurz vor dem Schlafengehen. Die Dosierung richtet sich nach Ihrem Gesundheitszustand, Alter und Ansprechen auf die Behandlung.<\/li>\n<li>Obwohl es unwahrscheinlich ist, kann dieses Medikament in seltenen F\u00e4llen zu einem vor\u00fcbergehenden Verlust des Kurzzeitged\u00e4chtnisses f\u00fchren. Um das Risiko daf\u00fcr zu verringern, nehmen Sie keine Dosis dieses Arzneimittels ein, wenn Sie keine Zeit f\u00fcr einen vollst\u00e4ndigen Nachtschlaf von mindestens 7 bis 8 Stunden haben. Wenn Sie vorher aufwachen m\u00fcssen, kann es zu einem Ged\u00e4chtnisverlust kommen.<\/li>\n<li>In solchen F\u00e4llen k\u00f6nnen Entzugserscheinungen (wie z. B. \u00dcbelkeit, Erbrechen, Hautr\u00f6tung, Magenkr\u00e4mpfe, Nervosit\u00e4t, Zittrigkeit) auftreten, wenn Sie die Einnahme dieses Arzneimittels pl\u00f6tzlich beenden. Um Entzugserscheinungen zu vermeiden, kann Ihr Arzt Ihre Dosis schrittweise verringern. Wenden Sie sich an Ihren Arzt oder Apotheker, um weitere Einzelheiten zu erfahren, und melden Sie alle Entzugserscheinungen sofort.<\/li>\n<\/ul>\n<h3>Wie zu verwenden<\/h3>\n<ul>\n<li>Sprechen Sie mit Ihrem Arzt, wenn dieses Medikament nicht mehr gut wirkt.<\/li>\n<li>Auch wenn es vielen Menschen hilft, kann dieses Medikament manchmal s\u00fcchtig machen. Dieses Risiko kann h\u00f6her sein, wenn Sie eine Substanzgebrauchsst\u00f6rung haben (wie \u00fcberm\u00e4\u00dfiger Gebrauch von oder Abh\u00e4ngigkeit von Drogen\/Alkohol). Nehmen Sie dieses Medikament genau wie vorgeschrieben ein, um das Risiko einer Abh\u00e4ngigkeit zu verringern. Fragen Sie Ihren Arzt oder Apotheker nach weiteren Einzelheiten.<\/li>\n<li>Informieren Sie Ihren Arzt, wenn Ihr Zustand nach 7 bis 10 Tagen noch anh\u00e4lt oder sich verschlimmert.<\/li>\n<li>Es kann sein, dass Sie in den ersten N\u00e4chten nach dem Absetzen des Medikaments Schlafprobleme haben. Sie verschwinden normalerweise nach 1 oder 2 N\u00e4chten. Wenn diese Wirkung anh\u00e4lt, wenden Sie sich an Ihren Arzt.<\/li>\n<\/ul>\n<h1><strong>Bester Ort, um Restoril 30mg online ohne Rezept zu kaufen | Legit Restoril 30mg zum Verkauf online<\/strong><\/h1>\n<p class=\"lead\">Hier k\u00f6nnen Sie sicher und sicher kaufen es online ohne Rezept. Die Produkte sind von bester Qualit\u00e4t und etwa 98.98% rein und FDA genehmigt. Die Verpackung ist sicher und der Versand ist 100% diskret und die Lieferung ist sehr schnell. Wir versenden mit DHL, FedEx, und UPS f\u00fcr jetzt.<\/p>\n<p>Sie haben\u00a0<strong>NICHT<\/strong>\u00a0brauchen einen\u00a0<strong>Verschreibung<\/strong>\u00a0um bei uns zu bestellen. Geben Sie Ihre Bestellung jetzt auf und wir versenden Ihr Paket diskret an Ihren Standort weltweit.<\/p>","protected":false},"excerpt":{"rendered":"<p>Restoril 30mg Temazepam Pillen online kaufen.<\/p>\n<p>Markenname:\u00a0<strong>Restoril<\/strong><br \/>\nGenerisch:\u00a0<strong>Temazepam<\/strong><br \/>\nVerf\u00fcgbare St\u00e4rke: 30mg<br \/>\nVerpacken: Blister<br \/>\nHergestellt von : Novatris<\/p>\n<p>&nbsp;<\/p>","protected":false},"featured_media":10021,"comment_status":"open","ping_status":"closed","template":"","meta":{"_bst_post_transparent":"","_bst_post_title":"","_bst_post_layout":"","_bst_post_sidebar_id":"","_bst_post_content_style":"","_bst_post_vertical_padding":"","_bst_post_feature":"","_bst_post_feature_position":"","_bst_post_header":false,"_bst_post_footer":false},"product_brand":[],"product_cat":[77,770],"product_tag":[1077,1070,1064,1063,1067,1074,1076,1062,1075,1061,1068,1071,1065,1073,1069,1072,1066],"product_brands":[],"class_list":{"0":"post-10012","1":"product","2":"type-product","3":"status-publish","4":"has-post-thumbnail","6":"product_cat-pain-sleeping-sex-pills","7":"product_cat-sleeping-pills","8":"product_tag-20-mg-oxycontin-time-release","9":"product_tag-cost-of-temazepam-at-walmart","10":"product_tag-goodrx-temazepam","11":"product_tag-goodrx-temazepam-7-5","12":"product_tag-how-much-does-temazepam-cost","13":"product_tag-max-dose-of-temazepam","14":"product_tag-oxycodone-15mg-tablet-image","15":"product_tag-restorol-walgreens","16":"product_tag-temazepam-15-mg-goodrx","17":"product_tag-temazepam-30-mg-prices","18":"product_tag-temazepam-30-mg-sleeping-pills","19":"product_tag-temazepam-30-mg-street-price","20":"product_tag-temazepam-30-mg-street-value","21":"product_tag-temazepam-7-5-mg-price","22":"product_tag-temazepam-7-5-mg-prices","23":"product_tag-temazepam-cost-price","24":"product_tag-temazepam-cost-without-insurance","26":"first","27":"instock","28":"shipping-taxable","29":"purchasable","30":"product-type-variable","31":"entry","32":"content-bg","33":"loop-entry"},"tiered_pricing_type":"fixed","tiered_pricing_fixed_rules":[],"tiered_pricing_percentage_rules":[],"tiered_pricing_minimum":1,"_administrator_tiered_pricing_type":"fixed","_administrator_tiered_pricing_fixed_rules":[],"_editor_tiered_pricing_type":"fixed","_editor_tiered_pricing_fixed_rules":[],"_author_tiered_pricing_type":"fixed","_author_tiered_pricing_fixed_rules":[],"_contributor_tiered_pricing_type":"fixed","_contributor_tiered_pricing_fixed_rules":[],"_subscriber_tiered_pricing_type":"fixed","_subscriber_tiered_pricing_fixed_rules":[],"_customer_tiered_pricing_type":"fixed","_customer_tiered_pricing_fixed_rules":[],"_shop_manager_tiered_pricing_type":"fixed","_shop_manager_tiered_pricing_fixed_rules":[],"_wpseo_manager_tiered_pricing_type":"fixed","_wpseo_manager_tiered_pricing_fixed_rules":[],"_wpseo_editor_tiered_pricing_type":"fixed","_wpseo_editor_tiered_pricing_fixed_rules":[],"yoast_head":"<!-- This site is optimized with the Yoast SEO plugin v27.2 - https:\/\/yoast.com\/product\/yoast-seo-wordpress\/ -->\n<title>Buy Restoril 30mg online, Temazepam (Generic Restoril) 30mg Capsules<\/title>\n<meta name=\"description\" content=\"Buy Restoril 30mg online \u2013 temazepam \u2013 Buy Restoril online without prescription. Restoril (Temazepam) is a benzodiazepine\" \/>\n<meta name=\"robots\" content=\"index, follow, max-snippet:-1, max-image-preview:large, max-video-preview:-1\" \/>\n<link rel=\"canonical\" href=\"https:\/\/stonersmeds.com\/de\/shop\/buy-restoril-30mg-temezepam-pills-online\/\" \/>\n<meta property=\"og:locale\" content=\"de_DE\" \/>\n<meta property=\"og:type\" content=\"article\" \/>\n<meta property=\"og:title\" content=\"Buy Restoril 30mg online, Temazepam (Generic Restoril) 30mg Capsules\" \/>\n<meta property=\"og:description\" content=\"Buy Restoril 30mg online \u2013 temazepam \u2013 Buy Restoril online without prescription. Restoril (Temazepam) is a benzodiazepine\" \/>\n<meta property=\"og:url\" content=\"https:\/\/stonersmeds.com\/de\/shop\/buy-restoril-30mg-temezepam-pills-online\/\" \/>\n<meta property=\"og:site_name\" content=\"stonersmeds.com\" \/>\n<meta property=\"article:modified_time\" content=\"2026-03-01T22:00:45+00:00\" \/>\n<meta property=\"og:image\" content=\"https:\/\/stonersmeds.com\/wp-content\/uploads\/2022\/03\/Buy-Restoril-30mg-Temezepam-pills-online.jpg\" \/>\n\t<meta property=\"og:image:width\" content=\"600\" \/>\n\t<meta property=\"og:image:height\" content=\"600\" \/>\n\t<meta property=\"og:image:type\" content=\"image\/jpeg\" \/>\n<meta name=\"twitter:card\" content=\"summary_large_image\" \/>\n<meta name=\"twitter:label1\" content=\"Verf\u00fcgbarkeit\" \/>\n\t<meta name=\"twitter:data1\" content=\"Auf Lager\" \/>\n<script type=\"application\/ld+json\" class=\"yoast-schema-graph\">{\"@context\":\"https:\/\/schema.org\",\"@graph\":[{\"@type\":\"WebPage\",\"@id\":\"https:\/\/stonersmeds.com\/de\/shop\/buy-restoril-30mg-temezepam-pills-online\/\",\"url\":\"https:\/\/stonersmeds.com\/de\/shop\/buy-restoril-30mg-temezepam-pills-online\/\",\"name\":\"Buy Restoril 30mg online, Temazepam (Generic Restoril) 30mg Capsules\",\"isPartOf\":{\"@id\":\"https:\/\/stonersmeds.com\/#website\"},\"primaryImageOfPage\":{\"@id\":\"https:\/\/stonersmeds.com\/de\/shop\/buy-restoril-30mg-temezepam-pills-online\/#primaryimage\"},\"image\":{\"@id\":\"https:\/\/stonersmeds.com\/de\/shop\/buy-restoril-30mg-temezepam-pills-online\/#primaryimage\"},\"thumbnailUrl\":\"https:\/\/stonersmeds.com\/wp-content\/uploads\/2022\/03\/Buy-Restoril-30mg-Temezepam-pills-online.jpg\",\"datePublished\":\"2022-03-12T04:08:52+00:00\",\"dateModified\":\"2026-03-01T22:00:45+00:00\",\"description\":\"Buy Restoril 30mg online \u2013 temazepam \u2013 Buy Restoril online without prescription. Restoril (Temazepam) is a benzodiazepine\",\"breadcrumb\":{\"@id\":\"https:\/\/stonersmeds.com\/de\/shop\/buy-restoril-30mg-temezepam-pills-online\/#breadcrumb\"},\"inLanguage\":\"de\",\"potentialAction\":[{\"@type\":\"ReadAction\",\"target\":[\"https:\/\/stonersmeds.com\/de\/shop\/buy-restoril-30mg-temezepam-pills-online\/\"]}]},{\"@type\":\"ImageObject\",\"inLanguage\":\"de\",\"@id\":\"https:\/\/stonersmeds.com\/de\/shop\/buy-restoril-30mg-temezepam-pills-online\/#primaryimage\",\"url\":\"https:\/\/stonersmeds.com\/wp-content\/uploads\/2022\/03\/Buy-Restoril-30mg-Temezepam-pills-online.jpg\",\"contentUrl\":\"https:\/\/stonersmeds.com\/wp-content\/uploads\/2022\/03\/Buy-Restoril-30mg-Temezepam-pills-online.jpg\",\"width\":600,\"height\":600},{\"@type\":\"BreadcrumbList\",\"@id\":\"https:\/\/stonersmeds.com\/de\/shop\/buy-restoril-30mg-temezepam-pills-online\/#breadcrumb\",\"itemListElement\":[{\"@type\":\"ListItem\",\"position\":1,\"name\":\"Home\",\"item\":\"https:\/\/stonersmeds.com\/\"},{\"@type\":\"ListItem\",\"position\":2,\"name\":\"Shop\",\"item\":\"https:\/\/stonersmeds.com\/shop\/\"},{\"@type\":\"ListItem\",\"position\":3,\"name\":\"Buy Restoril 30mg Temazepam pills\"}]},{\"@type\":\"WebSite\",\"@id\":\"https:\/\/stonersmeds.com\/#website\",\"url\":\"https:\/\/stonersmeds.com\/\",\"name\":\"stonersmeds.com\",\"description\":\"verschreibungspflichtige Medizin kaufen\",\"publisher\":{\"@id\":\"https:\/\/stonersmeds.com\/#organization\"},\"alternateName\":\"Research chemical shop\",\"potentialAction\":[{\"@type\":\"SearchAction\",\"target\":{\"@type\":\"EntryPoint\",\"urlTemplate\":\"https:\/\/stonersmeds.com\/?s={search_term_string}\"},\"query-input\":{\"@type\":\"PropertyValueSpecification\",\"valueRequired\":true,\"valueName\":\"search_term_string\"}}],\"inLanguage\":\"de\"},{\"@type\":\"Organization\",\"@id\":\"https:\/\/stonersmeds.com\/#organization\",\"name\":\"Stonersmeds Shop\",\"url\":\"https:\/\/stonersmeds.com\/\",\"logo\":{\"@type\":\"ImageObject\",\"inLanguage\":\"de\",\"@id\":\"https:\/\/stonersmeds.com\/#\/schema\/logo\/image\/\",\"url\":\"https:\/\/stonersmeds.com\/wp-content\/uploads\/2026\/02\/high-purity-DMT-powder.jpg\",\"contentUrl\":\"https:\/\/stonersmeds.com\/wp-content\/uploads\/2026\/02\/high-purity-DMT-powder.jpg\",\"width\":500,\"height\":500,\"caption\":\"Stonersmeds Shop\"},\"image\":{\"@id\":\"https:\/\/stonersmeds.com\/#\/schema\/logo\/image\/\"}}]}<\/script>\n<meta property=\"og:availability\" content=\"instock\" \/>\n<meta property=\"product:availability\" content=\"instock\" \/>\n<meta property=\"product:condition\" content=\"new\" \/>\n<!-- \/ Yoast SEO plugin. -->","yoast_head_json":{"title":"Restoril 30mg online kaufen, Temazepam (Generisches Restoril) 30mg Kapseln","description":"Restoril 30mg online kaufen - temazepam - Restoril online kaufen ohne Rezept. Restoril (Temazepam) ist ein Benzodiazepin","robots":{"index":"index","follow":"follow","max-snippet":"max-snippet:-1","max-image-preview":"max-image-preview:large","max-video-preview":"max-video-preview:-1"},"canonical":"https:\/\/stonersmeds.com\/de\/shop\/buy-restoril-30mg-temezepam-pills-online\/","og_locale":"de_DE","og_type":"article","og_title":"Buy Restoril 30mg online, Temazepam (Generic Restoril) 30mg Capsules","og_description":"Buy Restoril 30mg online \u2013 temazepam \u2013 Buy Restoril online without prescription. Restoril (Temazepam) is a benzodiazepine","og_url":"https:\/\/stonersmeds.com\/de\/shop\/buy-restoril-30mg-temezepam-pills-online\/","og_site_name":"stonersmeds.com","article_modified_time":"2026-03-01T22:00:45+00:00","og_image":[{"width":600,"height":600,"url":"https:\/\/stonersmeds.com\/wp-content\/uploads\/2022\/03\/Buy-Restoril-30mg-Temezepam-pills-online.jpg","type":"image\/jpeg"}],"twitter_card":"summary_large_image","twitter_misc":{"Verf\u00fcgbarkeit":"Auf Lager"},"schema":{"@context":"https:\/\/schema.org","@graph":[{"@type":"WebPage","@id":"https:\/\/stonersmeds.com\/de\/shop\/buy-restoril-30mg-temezepam-pills-online\/","url":"https:\/\/stonersmeds.com\/de\/shop\/buy-restoril-30mg-temezepam-pills-online\/","name":"Restoril 30mg online kaufen, Temazepam (Generisches Restoril) 30mg Kapseln","isPartOf":{"@id":"https:\/\/stonersmeds.com\/#website"},"primaryImageOfPage":{"@id":"https:\/\/stonersmeds.com\/de\/shop\/buy-restoril-30mg-temezepam-pills-online\/#primaryimage"},"image":{"@id":"https:\/\/stonersmeds.com\/de\/shop\/buy-restoril-30mg-temezepam-pills-online\/#primaryimage"},"thumbnailUrl":"https:\/\/stonersmeds.com\/wp-content\/uploads\/2022\/03\/Buy-Restoril-30mg-Temezepam-pills-online.jpg","datePublished":"2022-03-12T04:08:52+00:00","dateModified":"2026-03-01T22:00:45+00:00","description":"Restoril 30mg online kaufen - temazepam - Restoril online kaufen ohne Rezept. Restoril (Temazepam) ist ein Benzodiazepin","breadcrumb":{"@id":"https:\/\/stonersmeds.com\/de\/shop\/buy-restoril-30mg-temezepam-pills-online\/#breadcrumb"},"inLanguage":"de","potentialAction":[{"@type":"ReadAction","target":["https:\/\/stonersmeds.com\/de\/shop\/buy-restoril-30mg-temezepam-pills-online\/"]}]},{"@type":"ImageObject","inLanguage":"de","@id":"https:\/\/stonersmeds.com\/de\/shop\/buy-restoril-30mg-temezepam-pills-online\/#primaryimage","url":"https:\/\/stonersmeds.com\/wp-content\/uploads\/2022\/03\/Buy-Restoril-30mg-Temezepam-pills-online.jpg","contentUrl":"https:\/\/stonersmeds.com\/wp-content\/uploads\/2022\/03\/Buy-Restoril-30mg-Temezepam-pills-online.jpg","width":600,"height":600},{"@type":"BreadcrumbList","@id":"https:\/\/stonersmeds.com\/de\/shop\/buy-restoril-30mg-temezepam-pills-online\/#breadcrumb","itemListElement":[{"@type":"ListItem","position":1,"name":"Home","item":"https:\/\/stonersmeds.com\/"},{"@type":"ListItem","position":2,"name":"Shop","item":"https:\/\/stonersmeds.com\/shop\/"},{"@type":"ListItem","position":3,"name":"Buy Restoril 30mg Temazepam pills"}]},{"@type":"WebSite","@id":"https:\/\/stonersmeds.com\/#website","url":"https:\/\/stonersmeds.com\/","name":"stonersmeds.com","description":"verschreibungspflichtige Medizin kaufen","publisher":{"@id":"https:\/\/stonersmeds.com\/#organization"},"alternateName":"Research chemical shop","potentialAction":[{"@type":"SearchAction","target":{"@type":"EntryPoint","urlTemplate":"https:\/\/stonersmeds.com\/?s={search_term_string}"},"query-input":{"@type":"PropertyValueSpecification","valueRequired":true,"valueName":"search_term_string"}}],"inLanguage":"de"},{"@type":"Organization","@id":"https:\/\/stonersmeds.com\/#organization","name":"Stonersmeds Shop","url":"https:\/\/stonersmeds.com\/","logo":{"@type":"ImageObject","inLanguage":"de","@id":"https:\/\/stonersmeds.com\/#\/schema\/logo\/image\/","url":"https:\/\/stonersmeds.com\/wp-content\/uploads\/2026\/02\/high-purity-DMT-powder.jpg","contentUrl":"https:\/\/stonersmeds.com\/wp-content\/uploads\/2026\/02\/high-purity-DMT-powder.jpg","width":500,"height":500,"caption":"Stonersmeds Shop"},"image":{"@id":"https:\/\/stonersmeds.com\/#\/schema\/logo\/image\/"}}]},"og_availability":"instock","product_availability":"instock","product_condition":"new"},"_links":{"self":[{"href":"https:\/\/stonersmeds.com\/de\/wp-json\/wp\/v2\/product\/10012","targetHints":{"allow":["GET"]}}],"collection":[{"href":"https:\/\/stonersmeds.com\/de\/wp-json\/wp\/v2\/product"}],"about":[{"href":"https:\/\/stonersmeds.com\/de\/wp-json\/wp\/v2\/types\/product"}],"replies":[{"embeddable":true,"href":"https:\/\/stonersmeds.com\/de\/wp-json\/wp\/v2\/comments?post=10012"}],"version-history":[{"count":0,"href":"https:\/\/stonersmeds.com\/de\/wp-json\/wp\/v2\/product\/10012\/revisions"}],"wp:featuredmedia":[{"embeddable":true,"href":"https:\/\/stonersmeds.com\/de\/wp-json\/wp\/v2\/media\/10021"}],"wp:attachment":[{"href":"https:\/\/stonersmeds.com\/de\/wp-json\/wp\/v2\/media?parent=10012"}],"wp:term":[{"taxonomy":"product_brand","embeddable":true,"href":"https:\/\/stonersmeds.com\/de\/wp-json\/wp\/v2\/product_brand?post=10012"},{"taxonomy":"product_cat","embeddable":true,"href":"https:\/\/stonersmeds.com\/de\/wp-json\/wp\/v2\/product_cat?post=10012"},{"taxonomy":"product_tag","embeddable":true,"href":"https:\/\/stonersmeds.com\/de\/wp-json\/wp\/v2\/product_tag?post=10012"},{"taxonomy":"product_brands","embeddable":true,"href":"https:\/\/stonersmeds.com\/de\/wp-json\/wp\/v2\/product_brands?post=10012"}],"curies":[{"name":"wp","href":"https:\/\/api.w.org\/{rel}","templated":true}]}}