{"id":10028,"date":"2022-03-12T04:48:13","date_gmt":"2022-03-12T04:48:13","guid":{"rendered":"https:\/\/stonersmeds.com\/?post_type=product&#038;p=10028"},"modified":"2026-02-27T17:40:06","modified_gmt":"2026-02-27T15:40:06","slug":"buy-roxicodone-30mg-pills-online-2","status":"publish","type":"product","link":"https:\/\/stonersmeds.com\/de\/shop\/buy-roxicodone-30mg-pills-online-2\/","title":{"rendered":"Roxicodon 30mg"},"content":{"rendered":"<h1>Kaufen Sie Roxicodone 30mg Online, Was wissen Sie \u00fcber Roxicodone?<\/h1>\n<p>Kaufen Sie Roxicodone 30mg Online, Roxicodone ist ein Schmerzmittel, das bei der Behandlung von m\u00e4\u00dfigen bis starken Schmerzen n\u00fctzlich ist. Dieses Medikament geh\u00f6rt zur Klasse der Opioid-Analgetika, die sowohl in Kurzzeit- als auch in Langzeitform erh\u00e4ltlich sind. Die kurze Freisetzung Form beginnt, die ihre Auswirkungen innerhalb von 15 Minuten und dauert bis zu sechs Stunden. Roxicodon ist ein opioides Schmerzmittel, das s\u00fcchtig machen kann. Es handelt sich um eine kontrollierte Substanz, was bedeutet, dass Sie ein Rezept ben\u00f6tigen, um Roxicodone online zu kaufen. Dieses Medikament ist auch in Kombination mit Acetaminophen oder Aspirin erh\u00e4ltlich.<\/p>\n<h2>Was ist Roxicodon?<\/h2>\n<p>Roxicodon, ein Opioid-Analgetikum, ist ein Medikament, das bei der Behandlung von mittelschweren bis\u00a0<strong>starke Schmerzen<\/strong>. Sie k\u00f6nnen leicht kaufen Roxicodone online f\u00fcr Ihre Schmerzbehandlung.\u00a0<strong>Opioid-Medikamente<\/strong>\u00a0werden manchmal als Narkotika bezeichnet.<\/p>\n<p><img fetchpriority=\"high\" decoding=\"async\" class=\"alignright wp-image-2897\" src=\"https:\/\/purduepharm.com\/wp-content\/uploads\/2022\/02\/Roxicodone-300x300.png\" alt=\"Roxicodone\" width=\"233\" height=\"233\" \/><\/p>\n<p>Roxicodon mit verl\u00e4ngerter Wirkstofffreisetzung ist f\u00fcr die Rund-um-die-Uhr-Behandlung von Schmerzen gedacht, und man sollte es nicht nach Bedarf gegen Schmerzen einsetzen. Es ist in Formulierungen mit sofortiger und kontrollierter Freisetzung erh\u00e4ltlich. Es ist in der Regel in oraler Form vorhanden, Buy Roxicodone 30mg Online.<\/p>\n<p><a href=\"https:\/\/purduepharm.com\/product-category\/buy-roxicodone-online\/\"><strong>Roxicodone online bestellen<\/strong><\/a>\u00a0aus einer vertrauensw\u00fcrdigen Quelle mit ordnungsgem\u00e4\u00dfem Liefer- und Versandservice zu angemessenen Preisen.<\/p>\n<h2>Wie wird Roxicodon eingenommen?<\/h2>\n<p>Lesen Sie sorgf\u00e4ltig und befolgen Sie alle Anweisungen auf Ihrem Verordnungsetikett und den Medikamentenanleitungen. Nehmen Sie Roxicodon niemals in kleineren oder gr\u00f6\u00dferen Mengen oder l\u00e4nger als empfohlen ein. Wenn Sie einen erh\u00f6hten Drang versp\u00fcren, dieses Arzneimittel einzunehmen, informieren Sie Ihren Arzt.<\/p>\n<p>Niemals teilen\u00a0<strong>opioide Arzneimittel<\/strong>\u00a0wie Roxicodone mit einer anderen Person zu konsumieren, insbesondere mit einer Person, die in der Vergangenheit Drogenmissbrauch oder -abh\u00e4ngigkeit begangen hat. Der Missbrauch von Roxicodon kann zu Abh\u00e4ngigkeit, \u00dcberdosierung oder Tod f\u00fchren. Es verst\u00f6\u00dft gegen das Gesetz, ein Opioid-Medikament zu verkaufen oder zu verschenken.<\/p>\n<p>Stoppen Sie die Einnahme aller anderen opioiden Schmerzmittel, w\u00e4hrend Sie mit der Einnahme von Roxicodone extended-release beginnen. Essen Sie etwas, bevor Sie Roxicodone einnehmen.<\/p>\n<p>Schlucken Sie die ganze Kapsel, ohne sie zu zerdr\u00fccken, zu kauen, zu brechen, zu \u00f6ffnen oder aufzul\u00f6sen, um eine m\u00f6glicherweise t\u00f6dliche \u00dcberdosierung zu vermeiden.<\/p>\n<p>Angenommen, es f\u00e4llt Ihnen schwer, die ganze Kapsel zu schlucken, \u00f6ffnen Sie sie und streuen Sie die Pille in einen L\u00f6ffel Apfelmus oder Pudding. Schlucken Sie die Mischung sofort ohne zu kauen.<\/p>\n<p>Brechen oder zerkleinern Sie niemals eine Pille, um das Pulver zu inhalieren oder es in eine Fl\u00fcssigkeit zu mischen, um es in Ihre Vene zu injizieren. Dies kann zum Tod f\u00fchren. Messen Sie das fl\u00fcssige Medikament sorgf\u00e4ltig ab. Verwenden Sie eine Dosierspritze oder ein Ger\u00e4t zur Messung der Medikamentendosis.<\/p>\n<p>Brechen Sie die Einnahme von Roxicodon nicht pl\u00f6tzlich ab. Konsultieren Sie den Arzt, bevor Sie Ihre Dosis vermindern.<\/p>\n<p>Bewahren Sie es vor Hitze und Feuchtigkeit gesch\u00fctzt bei Raumtemperatur auf. Behalten Sie den \u00dcberblick \u00fcber Ihr Medikament. Achten Sie darauf, dass jemand Ihr Medikament missbraucht oder es ohne Rezept einnimmt, denn Roxicodon ist eine Droge des Missbrauchs.<\/p>\n<p>Entsorgen Sie Reste von Opioid-Medikamenten. Schon eine unsachgem\u00e4\u00dfe oder versehentliche Einnahme von Roxicodon kann zum Tod f\u00fchren.<\/p>\n<h2>Was ist vor der Einnahme von Roxicodone zu beachten? Kaufen Sie Roxicodone 30mg Online.<\/h2>\n<p>Sie sollten die Einnahme von Roxicodon vermeiden, wenn Sie allergisch darauf reagieren oder wenn Sie eine Allergie haben:<\/p>\n<ul>\n<li>Asthma (schwer) oder Atemprobleme; oder<\/li>\n<li>Verstopfung des Magens oder der D\u00e4rme<\/li>\n<\/ul>\n<p>Sie sollten nicht nehmen <a href=\"https:\/\/www.webmd.com\/drugs\/2\/drug-3499\/roxicodone-oral\/details\">Roxicodon<\/a> es sei denn, Sie werden bereits mit einem \u00e4hnlichen Opioid behandelt und vertragen es gut.<\/p>\n<p>Die meisten Marken von Roxicodon sind nicht f\u00fcr die Anwendung bei Personen unter 18 Jahren geeignet.<\/p>\n<p><strong>Informieren Sie Ihren Arzt oder Ihre \u00c4rztin, wenn Sie schon einmal eine solche Erkrankung hatten:<\/strong><\/p>\n<ul>\n<li>Schlafapnoe, Atemprobleme;<\/li>\n<li>Krampfanf\u00e4lle oder eine Kopfverletzung;<\/li>\n<li>Problem beim Urinieren;<\/li>\n<li>Nieren- oder Lebererkrankung;<\/li>\n<li>Drogen- oder Alkoholabh\u00e4ngigkeit;<\/li>\n<li>Probleme beim Wasserlassen; oder<\/li>\n<li>Probleme mit Ihrer Bauchspeicheldr\u00fcse, Gallenblase oder Schilddr\u00fcse<\/li>\n<\/ul>\n<p>Wenn Sie w\u00e4hrend der Behandlung ein Opioid einnehmen\u00a0<strong>Schwangerschaft<\/strong>k\u00f6nnen Sie ein drogenabh\u00e4ngiges Kind zur Welt bringen. Dies kann zu lebensbedrohlichen Entzugserscheinungen beim Neugeborenen f\u00fchren. Ein opioidabh\u00e4ngiges Baby muss m\u00f6glicherweise mehrere Wochen lang behandelt werden. <a href=\"https:\/\/stonersmeds.com\/de\/produkt-kategorie\/pain-sleeping-sex-pills\/\">Schlaftabletten kaufen<\/a><\/p>\n<p>Sprechen Sie mit Ihrem Arzt, bevor Sie w\u00e4hrend der Stillzeit opioide Medikamente einnehmen. Wenn Sie bei Ihrem Baby eine langsame Atmung oder starke Schl\u00e4frigkeit feststellen, informieren Sie den Arzt.<\/p>\n<h2>Welche Vorteile hat die Einnahme von Roxicodone?<\/h2>\n<p>Die Verwendung dieses\u00a0<strong>Medikamente<\/strong>\u00a0dient der Linderung mittelschwerer bis starker Schmerzen. Es geh\u00f6rt zu einer Klasse von Medikamenten, die als Opioid-Analgetika bekannt sind. Verwenden Sie Roxicodone's ER Form nicht zur Linderung von leichten Schmerzen oder die Schmerzen, die in ein paar Tagen weggehen wird. Es ist nicht f\u00fcr eine gelegentliche oder nach Bedarf Basis.<\/p>\n<p><img decoding=\"async\" class=\"aligncenter wp-image-2898 size-full\" src=\"https:\/\/purduepharm.com\/wp-content\/uploads\/2022\/02\/roxicodone-banner.jpg\" alt=\"roxicodone banner\" width=\"830\" height=\"220\" \/><\/p>\n<p>Man sollte die h\u00f6heren St\u00e4rken dieses Medikaments nur verwenden, wenn man regelm\u00e4\u00dfig m\u00e4\u00dfige bis gro\u00dfe Mengen an opioiden Schmerzmitteln eingenommen hat. Diese Medikamente k\u00f6nnen zu einer \u00dcberdosierung oder zum Tod f\u00fchren, wenn jemand, der nicht regelm\u00e4\u00dfig Opioide eingenommen hat, dieses Medikament einnimmt.<\/p>\n<h2>Wie wirkt Roxicodon?<\/h2>\n<p>Roxicodon wirkt im Gehirn, um das Schmerzempfinden und die Schmerzreaktion Ihres K\u00f6rpers zu beeinflussen. Dieses Medikament dient in erster Linie zur Behandlung von mittelschweren bis schweren akuten oder chronischen Schmerzen, wenn andere Behandlungen nicht ausreichen.<\/p>\n<p>Sie kann die\u00a0<strong>Qualit\u00e4t<\/strong>\u00a0des Lebens in bestimmten\u00a0<strong>Schmerzarten<\/strong>. Es ist noch unklar, ob der Einsatz bei chronischen Schmerzen die Lebensqualit\u00e4t oder die anhaltende Schmerzlinderung verbessert.<\/p>\n<h2>Was sind die Nebenwirkungen von Roxicodon?<\/h2>\n<p>Suchen Sie \u00e4rztliche Hilfe auf, wenn Sie allergische Reaktionen aufgrund der Einnahme von Roxicodon haben. Zu den Anzeichen einer allergischen Reaktion geh\u00f6ren Atemprobleme, Nesselsucht, Anschwellen des Gesichts, des Rachens, der Lippen oder der Zunge.<\/p>\n<p>Opioid-Medikamente wie Roxicodon k\u00f6nnen Ihre Atmung anhalten oder verlangsamen, was zum Tod f\u00fchren kann. Ihr Betreuer sollte Ihnen Naloxon geben und einen Notarzt rufen, wenn Sie blau gef\u00e4rbte Lippen haben, langsam atmen und lange Pausen machen oder wenn Sie nur schwer aufwachen.<\/p>\n<p><strong>Rufen Sie sofort Ihren Arzt an, wenn Sie etwas haben:<\/strong><\/p>\n<ul>\n<li>Schwacher Puls oder langsame Herzfrequenz;<\/li>\n<li>Flaches Atmen, Seufzen, ger\u00e4uschvolles Atmen, Atemstillstand im Schlaf;<\/li>\n<li>Ungew\u00f6hnliche Gedanken oder Verhaltensweisen, Verwirrung;<\/li>\n<li>Ein Gef\u00fchl der Benommenheit;<\/li>\n<li>Krampfanf\u00e4lle;<\/li>\n<li>Hoher Serotoninspiegel im K\u00f6rper - Fieber, Unruhe, Zittern, Schwitzen, Halluzinationen, Muskelsteifheit, schneller Herzschlag, \u00dcbelkeit, Durchfall, Erbrechen, Koordinationsverlust, Zuckungen<\/li>\n<li>Niedriger Cortisolspiegel - \u00dcbelkeit, Appetitlosigkeit, Erbrechen, zunehmende Schw\u00e4che oder M\u00fcdigkeit, Schwindelgef\u00fchl<\/li>\n<\/ul>\n<p>\u00c4ltere Erwachsene, unterern\u00e4hrte Menschen, die an einem Wasting-Syndrom oder chronischen Atemproblemen leiden, haben nach der Einnahme von Roxicodon eher schwere Atemprobleme.<\/p>\n<p><strong>H\u00e4ufige Nebenwirkungen von Roxicodone k\u00f6nnen sein:<\/strong><\/p>\n<ul>\n<li>\u00dcbelkeit, Erbrechen, Verstopfung, Magenschmerzen; oder<\/li>\n<li>Schwindel, M\u00fcdigkeit, Schl\u00e4frigkeit, Kopfschmerzen<\/li>\n<\/ul>\n<p>Dies ist keine vollst\u00e4ndige Liste der Nebenwirkungen, und es k\u00f6nnen weitere auftreten. Befolgen Sie den medizinischen Rat Ihres Arztes bez\u00fcglich der Nebenwirkungen. Melden Sie Nebenwirkungen an die FDA unter 1-800-FDA-1088.<\/p>\n<h2>Was ist bei der Einnahme von Roxicodon zu vermeiden?<\/h2>\n<p>Vermeiden Sie\u00a0<strong>Alkohol<\/strong>\u00a0Konsum, weil er gef\u00e4hrliche Nebenwirkungen oder den Tod verursachen kann.<\/p>\n<p>Vermeiden Sie es, ein Fahrzeug zu f\u00fchren oder Maschinen zu bedienen, bis Sie die Wirkung von Roxicodon auf Sie kennen. Schwindel oder Schl\u00e4frigkeit (schwer) k\u00f6nnen zu St\u00fcrzen oder schweren Verletzungen f\u00fchren.<\/p>\n<p>\u00dcberpr\u00fcfen Sie immer die Marke und St\u00e4rke, bevor Sie Roxicodone kaufen, um Medikationsfehler zu vermeiden.<\/p>","protected":false},"excerpt":{"rendered":"<p>Kaufen Sie Roxicodone 30mg Pills Online. Bestellen Sie verschreibungspflichtige Medikamente online ohne Arzt, Schmerztabletten zum Verkauf, Schmerzlinderung Medikamente, Online-Medizin kaufen, kaufen Schmerzmittel online, kaufen Schmerzmittel online.<\/p>","protected":false},"featured_media":10032,"comment_status":"open","ping_status":"closed","template":"","meta":{"_bst_post_transparent":"","_bst_post_title":"","_bst_post_layout":"","_bst_post_sidebar_id":"","_bst_post_content_style":"","_bst_post_vertical_padding":"","_bst_post_feature":"","_bst_post_feature_position":"","_bst_post_header":false,"_bst_post_footer":false},"product_brand":[],"product_cat":[769,77],"product_tag":[1052,1046,1043,1045,1040,1039,1041,1042,1044,1050,1054,1048,1047,1053,1049,1051],"product_brands":[],"class_list":{"0":"post-10028","1":"product","2":"type-product","3":"status-publish","4":"has-post-thumbnail","6":"product_cat-pain-pills","7":"product_cat-pain-sleeping-sex-pills","8":"product_tag-30-mg-roxy-for-sale","9":"product_tag-buy-roxicodone-15-mg","10":"product_tag-buy-roxicodone-15-mg-online","11":"product_tag-buy-roxicodone-30-mg","12":"product_tag-buy-roxicodone-30-mg-online","13":"product_tag-buy-roxicodone-online","14":"product_tag-buy-roxicodone-online-in-usa","15":"product_tag-buy-roxicodone-online-weebly","16":"product_tag-buy-roxy-30-mg-online","17":"product_tag-buying-oxycodone-in-canada","18":"product_tag-need-a-prescription-for-oxycodone","19":"product_tag-online-pharmacy-roxicodone","20":"product_tag-oxy-online-buy-now","21":"product_tag-oxycodone-15mg-pills-for-sale","22":"product_tag-roxicodone-30mg-for-sale","23":"product_tag-roxicodone-for-sale","25":"first","26":"instock","27":"shipping-taxable","28":"purchasable","29":"product-type-variable","30":"entry","31":"content-bg","32":"loop-entry"},"tiered_pricing_type":"fixed","tiered_pricing_fixed_rules":[],"tiered_pricing_percentage_rules":[],"tiered_pricing_minimum":1,"_administrator_tiered_pricing_type":"fixed","_administrator_tiered_pricing_fixed_rules":[],"_editor_tiered_pricing_type":"fixed","_editor_tiered_pricing_fixed_rules":[],"_author_tiered_pricing_type":"fixed","_author_tiered_pricing_fixed_rules":[],"_contributor_tiered_pricing_type":"fixed","_contributor_tiered_pricing_fixed_rules":[],"_subscriber_tiered_pricing_type":"fixed","_subscriber_tiered_pricing_fixed_rules":[],"_customer_tiered_pricing_type":"fixed","_customer_tiered_pricing_fixed_rules":[],"_shop_manager_tiered_pricing_type":"fixed","_shop_manager_tiered_pricing_fixed_rules":[],"_wpseo_manager_tiered_pricing_type":"fixed","_wpseo_manager_tiered_pricing_fixed_rules":[],"_wpseo_editor_tiered_pricing_type":"fixed","_wpseo_editor_tiered_pricing_fixed_rules":[],"yoast_head":"<!-- This site is optimized with the Yoast SEO plugin v27.2 - https:\/\/yoast.com\/product\/yoast-seo-wordpress\/ -->\n<title>Buy Roxicodone 30mg, 10mg Pills Online, overnight delivery<\/title>\n<meta name=\"description\" content=\"Buy roxycodone Online 30mg | Order Oxycodone 30mg Online ... Buy Oxycontin Online without prescription - Buy Oxycontin 80mg Online\" \/>\n<meta name=\"robots\" content=\"index, follow, max-snippet:-1, max-image-preview:large, max-video-preview:-1\" \/>\n<link rel=\"canonical\" href=\"https:\/\/stonersmeds.com\/de\/shop\/buy-roxicodone-30mg-pills-online-2\/\" \/>\n<meta property=\"og:locale\" content=\"de_DE\" \/>\n<meta property=\"og:type\" content=\"article\" \/>\n<meta property=\"og:title\" content=\"Buy Roxicodone 30mg, 10mg Pills Online, overnight delivery\" \/>\n<meta property=\"og:description\" content=\"Buy roxycodone Online 30mg | Order Oxycodone 30mg Online ... Buy Oxycontin Online without prescription - Buy Oxycontin 80mg Online\" \/>\n<meta property=\"og:url\" content=\"https:\/\/stonersmeds.com\/de\/shop\/buy-roxicodone-30mg-pills-online-2\/\" \/>\n<meta property=\"og:site_name\" content=\"stonersmeds.com\" \/>\n<meta property=\"article:modified_time\" content=\"2026-02-27T15:40:06+00:00\" \/>\n<meta property=\"og:image\" content=\"https:\/\/stonersmeds.com\/wp-content\/uploads\/2022\/03\/buy-restoril-30mg-temezepam-pills-online-1.jpg\" \/>\n\t<meta property=\"og:image:width\" content=\"600\" \/>\n\t<meta property=\"og:image:height\" content=\"600\" \/>\n\t<meta property=\"og:image:type\" content=\"image\/jpeg\" \/>\n<meta name=\"twitter:card\" content=\"summary_large_image\" \/>\n<meta name=\"twitter:label1\" content=\"Verf\u00fcgbarkeit\" \/>\n\t<meta name=\"twitter:data1\" content=\"Auf Lager\" \/>\n<script type=\"application\/ld+json\" class=\"yoast-schema-graph\">{\"@context\":\"https:\/\/schema.org\",\"@graph\":[{\"@type\":\"WebPage\",\"@id\":\"https:\/\/stonersmeds.com\/sk\/shop\/buy-roxicodone-30mg-pills-online-2\/\",\"url\":\"https:\/\/stonersmeds.com\/sk\/shop\/buy-roxicodone-30mg-pills-online-2\/\",\"name\":\"Buy Roxicodone 30mg, 10mg Pills Online, overnight delivery\",\"isPartOf\":{\"@id\":\"https:\/\/stonersmeds.com\/#website\"},\"primaryImageOfPage\":{\"@id\":\"https:\/\/stonersmeds.com\/sk\/shop\/buy-roxicodone-30mg-pills-online-2\/#primaryimage\"},\"image\":{\"@id\":\"https:\/\/stonersmeds.com\/sk\/shop\/buy-roxicodone-30mg-pills-online-2\/#primaryimage\"},\"thumbnailUrl\":\"https:\/\/stonersmeds.com\/wp-content\/uploads\/2022\/03\/buy-restoril-30mg-temezepam-pills-online-1.jpg\",\"datePublished\":\"2022-03-12T04:48:13+00:00\",\"dateModified\":\"2026-02-27T15:40:06+00:00\",\"description\":\"Buy roxycodone Online 30mg | Order Oxycodone 30mg Online ... Buy Oxycontin Online without prescription - Buy Oxycontin 80mg Online\",\"breadcrumb\":{\"@id\":\"https:\/\/stonersmeds.com\/sk\/shop\/buy-roxicodone-30mg-pills-online-2\/#breadcrumb\"},\"inLanguage\":\"de\",\"potentialAction\":[{\"@type\":\"ReadAction\",\"target\":[\"https:\/\/stonersmeds.com\/sk\/shop\/buy-roxicodone-30mg-pills-online-2\/\"]}]},{\"@type\":\"ImageObject\",\"inLanguage\":\"de\",\"@id\":\"https:\/\/stonersmeds.com\/sk\/shop\/buy-roxicodone-30mg-pills-online-2\/#primaryimage\",\"url\":\"https:\/\/stonersmeds.com\/wp-content\/uploads\/2022\/03\/buy-restoril-30mg-temezepam-pills-online-1.jpg\",\"contentUrl\":\"https:\/\/stonersmeds.com\/wp-content\/uploads\/2022\/03\/buy-restoril-30mg-temezepam-pills-online-1.jpg\",\"width\":600,\"height\":600},{\"@type\":\"BreadcrumbList\",\"@id\":\"https:\/\/stonersmeds.com\/sk\/shop\/buy-roxicodone-30mg-pills-online-2\/#breadcrumb\",\"itemListElement\":[{\"@type\":\"ListItem\",\"position\":1,\"name\":\"Home\",\"item\":\"https:\/\/stonersmeds.com\/\"},{\"@type\":\"ListItem\",\"position\":2,\"name\":\"Shop\",\"item\":\"https:\/\/stonersmeds.com\/shop\/\"},{\"@type\":\"ListItem\",\"position\":3,\"name\":\"Roxicodone 30mg\"}]},{\"@type\":\"WebSite\",\"@id\":\"https:\/\/stonersmeds.com\/#website\",\"url\":\"https:\/\/stonersmeds.com\/\",\"name\":\"stonersmeds.com\",\"description\":\"verschreibungspflichtige Medizin kaufen\",\"publisher\":{\"@id\":\"https:\/\/stonersmeds.com\/#organization\"},\"alternateName\":\"Research chemical shop\",\"potentialAction\":[{\"@type\":\"SearchAction\",\"target\":{\"@type\":\"EntryPoint\",\"urlTemplate\":\"https:\/\/stonersmeds.com\/?s={search_term_string}\"},\"query-input\":{\"@type\":\"PropertyValueSpecification\",\"valueRequired\":true,\"valueName\":\"search_term_string\"}}],\"inLanguage\":\"de\"},{\"@type\":\"Organization\",\"@id\":\"https:\/\/stonersmeds.com\/#organization\",\"name\":\"Stonersmeds Shop\",\"url\":\"https:\/\/stonersmeds.com\/\",\"logo\":{\"@type\":\"ImageObject\",\"inLanguage\":\"de\",\"@id\":\"https:\/\/stonersmeds.com\/#\/schema\/logo\/image\/\",\"url\":\"https:\/\/stonersmeds.com\/wp-content\/uploads\/2026\/02\/high-purity-DMT-powder.jpg\",\"contentUrl\":\"https:\/\/stonersmeds.com\/wp-content\/uploads\/2026\/02\/high-purity-DMT-powder.jpg\",\"width\":500,\"height\":500,\"caption\":\"Stonersmeds Shop\"},\"image\":{\"@id\":\"https:\/\/stonersmeds.com\/#\/schema\/logo\/image\/\"}}]}<\/script>\n<meta property=\"og:availability\" content=\"instock\" \/>\n<meta property=\"product:availability\" content=\"instock\" \/>\n<meta property=\"product:condition\" content=\"new\" \/>\n<!-- \/ Yoast SEO plugin. -->","yoast_head_json":{"title":"Kaufen Roxicodone 30mg, 10mg Pillen Online, Lieferung \u00fcber Nacht","description":"Kaufen roxycodone Online 30mg | Bestellen Sie Oxycodone 30mg Online ... Kaufen Sie Oxycontin Online ohne Rezept - Kaufen Sie Oxycontin 80mg Online","robots":{"index":"index","follow":"follow","max-snippet":"max-snippet:-1","max-image-preview":"max-image-preview:large","max-video-preview":"max-video-preview:-1"},"canonical":"https:\/\/stonersmeds.com\/de\/shop\/buy-roxicodone-30mg-pills-online-2\/","og_locale":"de_DE","og_type":"article","og_title":"Buy Roxicodone 30mg, 10mg Pills Online, overnight delivery","og_description":"Buy roxycodone Online 30mg | Order Oxycodone 30mg Online ... Buy Oxycontin Online without prescription - Buy Oxycontin 80mg Online","og_url":"https:\/\/stonersmeds.com\/de\/shop\/buy-roxicodone-30mg-pills-online-2\/","og_site_name":"stonersmeds.com","article_modified_time":"2026-02-27T15:40:06+00:00","og_image":[{"width":600,"height":600,"url":"https:\/\/stonersmeds.com\/wp-content\/uploads\/2022\/03\/buy-restoril-30mg-temezepam-pills-online-1.jpg","type":"image\/jpeg"}],"twitter_card":"summary_large_image","twitter_misc":{"Verf\u00fcgbarkeit":"Auf Lager"},"schema":{"@context":"https:\/\/schema.org","@graph":[{"@type":"WebPage","@id":"https:\/\/stonersmeds.com\/sk\/shop\/buy-roxicodone-30mg-pills-online-2\/","url":"https:\/\/stonersmeds.com\/sk\/shop\/buy-roxicodone-30mg-pills-online-2\/","name":"Kaufen Roxicodone 30mg, 10mg Pillen Online, Lieferung \u00fcber Nacht","isPartOf":{"@id":"https:\/\/stonersmeds.com\/#website"},"primaryImageOfPage":{"@id":"https:\/\/stonersmeds.com\/sk\/shop\/buy-roxicodone-30mg-pills-online-2\/#primaryimage"},"image":{"@id":"https:\/\/stonersmeds.com\/sk\/shop\/buy-roxicodone-30mg-pills-online-2\/#primaryimage"},"thumbnailUrl":"https:\/\/stonersmeds.com\/wp-content\/uploads\/2022\/03\/buy-restoril-30mg-temezepam-pills-online-1.jpg","datePublished":"2022-03-12T04:48:13+00:00","dateModified":"2026-02-27T15:40:06+00:00","description":"Kaufen roxycodone Online 30mg | Bestellen Sie Oxycodone 30mg Online ... Kaufen Sie Oxycontin Online ohne Rezept - Kaufen Sie Oxycontin 80mg Online","breadcrumb":{"@id":"https:\/\/stonersmeds.com\/sk\/shop\/buy-roxicodone-30mg-pills-online-2\/#breadcrumb"},"inLanguage":"de","potentialAction":[{"@type":"ReadAction","target":["https:\/\/stonersmeds.com\/sk\/shop\/buy-roxicodone-30mg-pills-online-2\/"]}]},{"@type":"ImageObject","inLanguage":"de","@id":"https:\/\/stonersmeds.com\/sk\/shop\/buy-roxicodone-30mg-pills-online-2\/#primaryimage","url":"https:\/\/stonersmeds.com\/wp-content\/uploads\/2022\/03\/buy-restoril-30mg-temezepam-pills-online-1.jpg","contentUrl":"https:\/\/stonersmeds.com\/wp-content\/uploads\/2022\/03\/buy-restoril-30mg-temezepam-pills-online-1.jpg","width":600,"height":600},{"@type":"BreadcrumbList","@id":"https:\/\/stonersmeds.com\/sk\/shop\/buy-roxicodone-30mg-pills-online-2\/#breadcrumb","itemListElement":[{"@type":"ListItem","position":1,"name":"Home","item":"https:\/\/stonersmeds.com\/"},{"@type":"ListItem","position":2,"name":"Shop","item":"https:\/\/stonersmeds.com\/shop\/"},{"@type":"ListItem","position":3,"name":"Roxicodone 30mg"}]},{"@type":"WebSite","@id":"https:\/\/stonersmeds.com\/#website","url":"https:\/\/stonersmeds.com\/","name":"stonersmeds.com","description":"verschreibungspflichtige Medizin kaufen","publisher":{"@id":"https:\/\/stonersmeds.com\/#organization"},"alternateName":"Research chemical shop","potentialAction":[{"@type":"SearchAction","target":{"@type":"EntryPoint","urlTemplate":"https:\/\/stonersmeds.com\/?s={search_term_string}"},"query-input":{"@type":"PropertyValueSpecification","valueRequired":true,"valueName":"search_term_string"}}],"inLanguage":"de"},{"@type":"Organization","@id":"https:\/\/stonersmeds.com\/#organization","name":"Stonersmeds Shop","url":"https:\/\/stonersmeds.com\/","logo":{"@type":"ImageObject","inLanguage":"de","@id":"https:\/\/stonersmeds.com\/#\/schema\/logo\/image\/","url":"https:\/\/stonersmeds.com\/wp-content\/uploads\/2026\/02\/high-purity-DMT-powder.jpg","contentUrl":"https:\/\/stonersmeds.com\/wp-content\/uploads\/2026\/02\/high-purity-DMT-powder.jpg","width":500,"height":500,"caption":"Stonersmeds Shop"},"image":{"@id":"https:\/\/stonersmeds.com\/#\/schema\/logo\/image\/"}}]},"og_availability":"instock","product_availability":"instock","product_condition":"new"},"_links":{"self":[{"href":"https:\/\/stonersmeds.com\/de\/wp-json\/wp\/v2\/product\/10028","targetHints":{"allow":["GET"]}}],"collection":[{"href":"https:\/\/stonersmeds.com\/de\/wp-json\/wp\/v2\/product"}],"about":[{"href":"https:\/\/stonersmeds.com\/de\/wp-json\/wp\/v2\/types\/product"}],"replies":[{"embeddable":true,"href":"https:\/\/stonersmeds.com\/de\/wp-json\/wp\/v2\/comments?post=10028"}],"version-history":[{"count":0,"href":"https:\/\/stonersmeds.com\/de\/wp-json\/wp\/v2\/product\/10028\/revisions"}],"wp:featuredmedia":[{"embeddable":true,"href":"https:\/\/stonersmeds.com\/de\/wp-json\/wp\/v2\/media\/10032"}],"wp:attachment":[{"href":"https:\/\/stonersmeds.com\/de\/wp-json\/wp\/v2\/media?parent=10028"}],"wp:term":[{"taxonomy":"product_brand","embeddable":true,"href":"https:\/\/stonersmeds.com\/de\/wp-json\/wp\/v2\/product_brand?post=10028"},{"taxonomy":"product_cat","embeddable":true,"href":"https:\/\/stonersmeds.com\/de\/wp-json\/wp\/v2\/product_cat?post=10028"},{"taxonomy":"product_tag","embeddable":true,"href":"https:\/\/stonersmeds.com\/de\/wp-json\/wp\/v2\/product_tag?post=10028"},{"taxonomy":"product_brands","embeddable":true,"href":"https:\/\/stonersmeds.com\/de\/wp-json\/wp\/v2\/product_brands?post=10028"}],"curies":[{"name":"wp","href":"https:\/\/api.w.org\/{rel}","templated":true}]}}