{"id":10097,"date":"2022-03-12T05:19:30","date_gmt":"2022-03-12T05:19:30","guid":{"rendered":"https:\/\/stonersmeds.com\/?post_type=product&#038;p=10097"},"modified":"2026-02-25T09:10:32","modified_gmt":"2026-02-25T07:10:32","slug":"buy-3-fmc-powder-research-chemical-online","status":"publish","type":"product","link":"https:\/\/stonersmeds.com\/de\/shop\/buy-3-fmc-powder-research-chemical-online\/","title":{"rendered":"Kaufen Sie 3-FMC Powder Research Chemical online"},"content":{"rendered":"<h1>Kaufen Sie 3-FMC Powder Research Chemical.<\/h1>\n<p>KAUF VON 3-FMC CHEMISCHEM PULVER<\/p>\n<p>Kaufen Sie 3-FMC-Pulverchemikalien im Gro\u00dfhandel. Bestellen Sie noch heute online. Gro\u00dfhandelspreise sind garantiert g\u00fcnstig.<\/p>\n<p>3-FMC-Pulver ist ein Stimulans der chemischen Klassen Phenethylamin, Amphetamin und Cathinon und ist ein Strukturisomer von 4-FMC (Flephedron)<br \/>\n(RS)-1-(3-Fluorphenyl)-2-methylaminopropan-1-on<\/p>\n<p>&nbsp;<\/p>\n<p>&nbsp;<\/p>\n<pre><strong>Kaufen Sie 3-FMC-Pulver-Forschungschemikalien online - kaufen Sie 3-FMC-Pulver, kaufen Sie 3-FMC-Pulver-Forschungschemikalien, kaufen Sie Research-Chemikalien online, wo Sie 3-FMC-Pulver-Forschungschemikalien kaufen k\u00f6nnen, 3-FMC-Pulver-Forschungschemikalien zum Verkauf, 3-FMC Pulver zum Verkauf, 3-FMC-Pulver online kaufen, wo 3-FMC-Pulverforschungschemikalie online kaufen, 3-FMC-Pulverforschungschemikalie zum Verkauf in den USA, USA, Kanada, Gro\u00dfbritannien, kaufen, online, Lieferanten, sichere Lieferung, Sie k\u00f6nnen Erhalten Sie immer noch 3-FMC Powder Research Chemical, ist 3-FMC Powder Research Chemical in den USA legal, kaufen Sie 3-FMC Powder Research Chemical online in den USA, wie Sie 3-FMC Powder Research Chemical bestellen, ist 3-FMC Powder Research Chemical in Kanada legal<\/strong><\/pre>","protected":false},"excerpt":{"rendered":"<p>3-FMC Powder Research Chemical kaufen. Kaufen Sie 3-FMC Powder Chemical im Gro\u00dfhandel und bestellen Sie noch heute online zu einem garantiert g\u00fcnstigen Preis.<\/p>\n<pre><strong>Kaufen Sie 3-FMC-Pulver-Forschungschemikalien online - kaufen Sie 3-FMC-Pulver, kaufen Sie 3-FMC-Pulver-Forschungschemikalien, kaufen Sie Research-Chemikalien online, wo Sie 3-FMC-Pulver-Forschungschemikalien kaufen k\u00f6nnen, 3-FMC-Pulver-Forschungschemikalien zum Verkauf, 3-FMC Pulver zum Verkauf, 3-FMC-Pulver online kaufen, wo 3-FMC-Pulverforschungschemikalie online kaufen, 3-FMC-Pulverforschungschemikalie zum Verkauf in den USA, USA, Kanada, Gro\u00dfbritannien, kaufen, online, Lieferanten, sichere Lieferung, Sie k\u00f6nnen Erhalten Sie immer noch 3-FMC Powder Research Chemical, ist 3-FMC Powder Research Chemical in den USA legal, kaufen Sie 3-FMC Powder Research Chemical online in den USA, wie Sie 3-FMC Powder Research Chemical bestellen, ist 3-FMC Powder Research Chemical in Kanada legal<\/strong><\/pre>\n<p>&nbsp;<\/p>","protected":false},"featured_media":10114,"comment_status":"open","ping_status":"closed","template":"","meta":{"_bst_post_transparent":"","_bst_post_title":"","_bst_post_layout":"","_bst_post_sidebar_id":"","_bst_post_content_style":"","_bst_post_vertical_padding":"","_bst_post_feature":"","_bst_post_feature_position":"","_bst_post_header":false,"_bst_post_footer":false},"product_brand":[],"product_cat":[79],"product_tag":[],"product_brands":[],"class_list":{"0":"post-10097","1":"product","2":"type-product","3":"status-publish","4":"has-post-thumbnail","6":"product_cat-research-chemicals-and-bath-salt","8":"first","9":"instock","10":"shipping-taxable","11":"purchasable","12":"product-type-variable","13":"entry","14":"content-bg","15":"loop-entry"},"tiered_pricing_type":"fixed","tiered_pricing_fixed_rules":[],"tiered_pricing_percentage_rules":[],"tiered_pricing_minimum":1,"_administrator_tiered_pricing_type":"fixed","_administrator_tiered_pricing_fixed_rules":[],"_editor_tiered_pricing_type":"fixed","_editor_tiered_pricing_fixed_rules":[],"_author_tiered_pricing_type":"fixed","_author_tiered_pricing_fixed_rules":[],"_contributor_tiered_pricing_type":"fixed","_contributor_tiered_pricing_fixed_rules":[],"_subscriber_tiered_pricing_type":"fixed","_subscriber_tiered_pricing_fixed_rules":[],"_customer_tiered_pricing_type":"fixed","_customer_tiered_pricing_fixed_rules":[],"_shop_manager_tiered_pricing_type":"fixed","_shop_manager_tiered_pricing_fixed_rules":[],"_wpseo_manager_tiered_pricing_type":"fixed","_wpseo_manager_tiered_pricing_fixed_rules":[],"_wpseo_editor_tiered_pricing_type":"fixed","_wpseo_editor_tiered_pricing_fixed_rules":[],"yoast_head":"<!-- This site is optimized with the Yoast SEO plugin v27.2 - https:\/\/yoast.com\/product\/yoast-seo-wordpress\/ -->\n<title>Buy 3-FMC Powder Research Chemical Online - Cheap price, top quality<\/title>\n<meta name=\"description\" content=\"Buy 3-FMC Powder Online at an affordable price at stonersmeds. All products are lab qualified and have premium quality.\" \/>\n<meta name=\"robots\" content=\"index, follow, max-snippet:-1, max-image-preview:large, max-video-preview:-1\" \/>\n<link rel=\"canonical\" href=\"https:\/\/stonersmeds.com\/de\/shop\/buy-3-fmc-powder-research-chemical-online\/\" \/>\n<meta property=\"og:locale\" content=\"de_DE\" \/>\n<meta property=\"og:type\" content=\"article\" \/>\n<meta property=\"og:title\" content=\"Buy 3-FMC Powder Research Chemical Online - Cheap price, top quality\" \/>\n<meta property=\"og:description\" content=\"Buy 3-FMC Powder Online at an affordable price at stonersmeds. All products are lab qualified and have premium quality.\" \/>\n<meta property=\"og:url\" content=\"https:\/\/stonersmeds.com\/de\/shop\/buy-3-fmc-powder-research-chemical-online\/\" \/>\n<meta property=\"og:site_name\" content=\"stonersmeds.com\" \/>\n<meta property=\"article:modified_time\" content=\"2026-02-25T07:10:32+00:00\" \/>\n<meta property=\"og:image\" content=\"https:\/\/stonersmeds.com\/wp-content\/uploads\/2022\/03\/buy-3-fmc-powder-research-chemical.jpg\" \/>\n\t<meta property=\"og:image:width\" content=\"600\" \/>\n\t<meta property=\"og:image:height\" content=\"600\" \/>\n\t<meta property=\"og:image:type\" content=\"image\/jpeg\" \/>\n<meta name=\"twitter:card\" content=\"summary_large_image\" \/>\n<meta name=\"twitter:label1\" content=\"Verf\u00fcgbarkeit\" \/>\n\t<meta name=\"twitter:data1\" content=\"Auf Lager\" \/>\n<script type=\"application\/ld+json\" class=\"yoast-schema-graph\">{\"@context\":\"https:\/\/schema.org\",\"@graph\":[{\"@type\":\"WebPage\",\"@id\":\"https:\/\/stonersmeds.com\/shop\/buy-3-fmc-powder-research-chemical-online\/\",\"url\":\"https:\/\/stonersmeds.com\/shop\/buy-3-fmc-powder-research-chemical-online\/\",\"name\":\"Buy 3-FMC Powder Research Chemical Online - Cheap price, top quality\",\"isPartOf\":{\"@id\":\"https:\/\/stonersmeds.com\/#website\"},\"primaryImageOfPage\":{\"@id\":\"https:\/\/stonersmeds.com\/shop\/buy-3-fmc-powder-research-chemical-online\/#primaryimage\"},\"image\":{\"@id\":\"https:\/\/stonersmeds.com\/shop\/buy-3-fmc-powder-research-chemical-online\/#primaryimage\"},\"thumbnailUrl\":\"https:\/\/stonersmeds.com\/wp-content\/uploads\/2022\/03\/buy-3-fmc-powder-research-chemical.jpg\",\"datePublished\":\"2022-03-12T05:19:30+00:00\",\"dateModified\":\"2026-02-25T07:10:32+00:00\",\"description\":\"Buy 3-FMC Powder Online at an affordable price at stonersmeds. All products are lab qualified and have premium quality.\",\"breadcrumb\":{\"@id\":\"https:\/\/stonersmeds.com\/shop\/buy-3-fmc-powder-research-chemical-online\/#breadcrumb\"},\"inLanguage\":\"de\",\"potentialAction\":[{\"@type\":\"ReadAction\",\"target\":[\"https:\/\/stonersmeds.com\/shop\/buy-3-fmc-powder-research-chemical-online\/\"]}]},{\"@type\":\"ImageObject\",\"inLanguage\":\"de\",\"@id\":\"https:\/\/stonersmeds.com\/shop\/buy-3-fmc-powder-research-chemical-online\/#primaryimage\",\"url\":\"https:\/\/stonersmeds.com\/wp-content\/uploads\/2022\/03\/buy-3-fmc-powder-research-chemical.jpg\",\"contentUrl\":\"https:\/\/stonersmeds.com\/wp-content\/uploads\/2022\/03\/buy-3-fmc-powder-research-chemical.jpg\",\"width\":600,\"height\":600},{\"@type\":\"BreadcrumbList\",\"@id\":\"https:\/\/stonersmeds.com\/shop\/buy-3-fmc-powder-research-chemical-online\/#breadcrumb\",\"itemListElement\":[{\"@type\":\"ListItem\",\"position\":1,\"name\":\"Home\",\"item\":\"https:\/\/stonersmeds.com\/\"},{\"@type\":\"ListItem\",\"position\":2,\"name\":\"Shop\",\"item\":\"https:\/\/stonersmeds.com\/shop\/\"},{\"@type\":\"ListItem\",\"position\":3,\"name\":\"Buy 3-FMC Powder Research Chemical Online\"}]},{\"@type\":\"WebSite\",\"@id\":\"https:\/\/stonersmeds.com\/#website\",\"url\":\"https:\/\/stonersmeds.com\/\",\"name\":\"stonersmeds.com\",\"description\":\"verschreibungspflichtige Medizin kaufen\",\"publisher\":{\"@id\":\"https:\/\/stonersmeds.com\/#organization\"},\"alternateName\":\"Research chemical shop\",\"potentialAction\":[{\"@type\":\"SearchAction\",\"target\":{\"@type\":\"EntryPoint\",\"urlTemplate\":\"https:\/\/stonersmeds.com\/?s={search_term_string}\"},\"query-input\":{\"@type\":\"PropertyValueSpecification\",\"valueRequired\":true,\"valueName\":\"search_term_string\"}}],\"inLanguage\":\"de\"},{\"@type\":\"Organization\",\"@id\":\"https:\/\/stonersmeds.com\/#organization\",\"name\":\"Stonersmeds Shop\",\"url\":\"https:\/\/stonersmeds.com\/\",\"logo\":{\"@type\":\"ImageObject\",\"inLanguage\":\"de\",\"@id\":\"https:\/\/stonersmeds.com\/#\/schema\/logo\/image\/\",\"url\":\"https:\/\/stonersmeds.com\/wp-content\/uploads\/2026\/02\/high-purity-DMT-powder.jpg\",\"contentUrl\":\"https:\/\/stonersmeds.com\/wp-content\/uploads\/2026\/02\/high-purity-DMT-powder.jpg\",\"width\":500,\"height\":500,\"caption\":\"Stonersmeds Shop\"},\"image\":{\"@id\":\"https:\/\/stonersmeds.com\/#\/schema\/logo\/image\/\"}}]}<\/script>\n<meta property=\"og:availability\" content=\"instock\" \/>\n<meta property=\"product:availability\" content=\"instock\" \/>\n<meta property=\"product:condition\" content=\"new\" \/>\n<!-- \/ Yoast SEO plugin. -->","yoast_head_json":{"title":"3-FMC Powder Research Chemical online kaufen - G\u00fcnstiger Preis, Top-Qualit\u00e4t","description":"Kaufen Sie 3-FMC-Pulver online zu einem erschwinglichen Preis bei stonersmeds. Alle Produkte sind laborqualifiziert und von h\u00f6chster Qualit\u00e4t.","robots":{"index":"index","follow":"follow","max-snippet":"max-snippet:-1","max-image-preview":"max-image-preview:large","max-video-preview":"max-video-preview:-1"},"canonical":"https:\/\/stonersmeds.com\/de\/shop\/buy-3-fmc-powder-research-chemical-online\/","og_locale":"de_DE","og_type":"article","og_title":"Buy 3-FMC Powder Research Chemical Online - Cheap price, top quality","og_description":"Buy 3-FMC Powder Online at an affordable price at stonersmeds. All products are lab qualified and have premium quality.","og_url":"https:\/\/stonersmeds.com\/de\/shop\/buy-3-fmc-powder-research-chemical-online\/","og_site_name":"stonersmeds.com","article_modified_time":"2026-02-25T07:10:32+00:00","og_image":[{"width":600,"height":600,"url":"https:\/\/stonersmeds.com\/wp-content\/uploads\/2022\/03\/buy-3-fmc-powder-research-chemical.jpg","type":"image\/jpeg"}],"twitter_card":"summary_large_image","twitter_misc":{"Verf\u00fcgbarkeit":"Auf Lager"},"schema":{"@context":"https:\/\/schema.org","@graph":[{"@type":"WebPage","@id":"https:\/\/stonersmeds.com\/shop\/buy-3-fmc-powder-research-chemical-online\/","url":"https:\/\/stonersmeds.com\/shop\/buy-3-fmc-powder-research-chemical-online\/","name":"3-FMC Powder Research Chemical online kaufen - G\u00fcnstiger Preis, Top-Qualit\u00e4t","isPartOf":{"@id":"https:\/\/stonersmeds.com\/#website"},"primaryImageOfPage":{"@id":"https:\/\/stonersmeds.com\/shop\/buy-3-fmc-powder-research-chemical-online\/#primaryimage"},"image":{"@id":"https:\/\/stonersmeds.com\/shop\/buy-3-fmc-powder-research-chemical-online\/#primaryimage"},"thumbnailUrl":"https:\/\/stonersmeds.com\/wp-content\/uploads\/2022\/03\/buy-3-fmc-powder-research-chemical.jpg","datePublished":"2022-03-12T05:19:30+00:00","dateModified":"2026-02-25T07:10:32+00:00","description":"Kaufen Sie 3-FMC-Pulver online zu einem erschwinglichen Preis bei stonersmeds. Alle Produkte sind laborqualifiziert und von h\u00f6chster Qualit\u00e4t.","breadcrumb":{"@id":"https:\/\/stonersmeds.com\/shop\/buy-3-fmc-powder-research-chemical-online\/#breadcrumb"},"inLanguage":"de","potentialAction":[{"@type":"ReadAction","target":["https:\/\/stonersmeds.com\/shop\/buy-3-fmc-powder-research-chemical-online\/"]}]},{"@type":"ImageObject","inLanguage":"de","@id":"https:\/\/stonersmeds.com\/shop\/buy-3-fmc-powder-research-chemical-online\/#primaryimage","url":"https:\/\/stonersmeds.com\/wp-content\/uploads\/2022\/03\/buy-3-fmc-powder-research-chemical.jpg","contentUrl":"https:\/\/stonersmeds.com\/wp-content\/uploads\/2022\/03\/buy-3-fmc-powder-research-chemical.jpg","width":600,"height":600},{"@type":"BreadcrumbList","@id":"https:\/\/stonersmeds.com\/shop\/buy-3-fmc-powder-research-chemical-online\/#breadcrumb","itemListElement":[{"@type":"ListItem","position":1,"name":"Home","item":"https:\/\/stonersmeds.com\/"},{"@type":"ListItem","position":2,"name":"Shop","item":"https:\/\/stonersmeds.com\/shop\/"},{"@type":"ListItem","position":3,"name":"Buy 3-FMC Powder Research Chemical Online"}]},{"@type":"WebSite","@id":"https:\/\/stonersmeds.com\/#website","url":"https:\/\/stonersmeds.com\/","name":"stonersmeds.com","description":"verschreibungspflichtige Medizin kaufen","publisher":{"@id":"https:\/\/stonersmeds.com\/#organization"},"alternateName":"Research chemical shop","potentialAction":[{"@type":"SearchAction","target":{"@type":"EntryPoint","urlTemplate":"https:\/\/stonersmeds.com\/?s={search_term_string}"},"query-input":{"@type":"PropertyValueSpecification","valueRequired":true,"valueName":"search_term_string"}}],"inLanguage":"de"},{"@type":"Organization","@id":"https:\/\/stonersmeds.com\/#organization","name":"Stonersmeds Shop","url":"https:\/\/stonersmeds.com\/","logo":{"@type":"ImageObject","inLanguage":"de","@id":"https:\/\/stonersmeds.com\/#\/schema\/logo\/image\/","url":"https:\/\/stonersmeds.com\/wp-content\/uploads\/2026\/02\/high-purity-DMT-powder.jpg","contentUrl":"https:\/\/stonersmeds.com\/wp-content\/uploads\/2026\/02\/high-purity-DMT-powder.jpg","width":500,"height":500,"caption":"Stonersmeds Shop"},"image":{"@id":"https:\/\/stonersmeds.com\/#\/schema\/logo\/image\/"}}]},"og_availability":"instock","product_availability":"instock","product_condition":"new"},"_links":{"self":[{"href":"https:\/\/stonersmeds.com\/de\/wp-json\/wp\/v2\/product\/10097","targetHints":{"allow":["GET"]}}],"collection":[{"href":"https:\/\/stonersmeds.com\/de\/wp-json\/wp\/v2\/product"}],"about":[{"href":"https:\/\/stonersmeds.com\/de\/wp-json\/wp\/v2\/types\/product"}],"replies":[{"embeddable":true,"href":"https:\/\/stonersmeds.com\/de\/wp-json\/wp\/v2\/comments?post=10097"}],"version-history":[{"count":0,"href":"https:\/\/stonersmeds.com\/de\/wp-json\/wp\/v2\/product\/10097\/revisions"}],"wp:featuredmedia":[{"embeddable":true,"href":"https:\/\/stonersmeds.com\/de\/wp-json\/wp\/v2\/media\/10114"}],"wp:attachment":[{"href":"https:\/\/stonersmeds.com\/de\/wp-json\/wp\/v2\/media?parent=10097"}],"wp:term":[{"taxonomy":"product_brand","embeddable":true,"href":"https:\/\/stonersmeds.com\/de\/wp-json\/wp\/v2\/product_brand?post=10097"},{"taxonomy":"product_cat","embeddable":true,"href":"https:\/\/stonersmeds.com\/de\/wp-json\/wp\/v2\/product_cat?post=10097"},{"taxonomy":"product_tag","embeddable":true,"href":"https:\/\/stonersmeds.com\/de\/wp-json\/wp\/v2\/product_tag?post=10097"},{"taxonomy":"product_brands","embeddable":true,"href":"https:\/\/stonersmeds.com\/de\/wp-json\/wp\/v2\/product_brands?post=10097"}],"curies":[{"name":"wp","href":"https:\/\/api.w.org\/{rel}","templated":true}]}}