{"id":10144,"date":"2022-03-12T05:36:25","date_gmt":"2022-03-12T05:36:25","guid":{"rendered":"https:\/\/stonersmeds.com\/?post_type=product&#038;p=10144"},"modified":"2026-02-28T07:00:43","modified_gmt":"2026-02-28T05:00:43","slug":"buy-4-emc-4-ethylmethcathinone-powder-online","status":"publish","type":"product","link":"https:\/\/stonersmeds.com\/de\/shop\/buy-4-emc-4-ethylmethcathinone-powder-online\/","title":{"rendered":"Kaufen Sie 4-EMC 4-Ethylmethcathinon-Pulver online"},"content":{"rendered":"<h1>4-EMC 4-Ethylmethcathinon Pulver online kaufen.<\/h1>\n<p>4-MEC ist eine Chemikalie, die eine chemische \u00c4hnlichkeit mit Mephedron aufweist. Aufgrund seiner \u00c4hnlichkeit mit Mephedron gilt es als Stimulans und entaktogene Droge der chemischen Klasse der Phenethylamine, Amphetamine und Cathinone. Es wird unter der Bezeichnung \"NRG-2\" allein oder in Mischungen mit anderen substituierten Cathinonen verkauft, obwohl andere Mischungen wie \"NRG-1\" in Bezug auf die Inhaltsstoffe zweideutiger sein k\u00f6nnen.<\/p>\n<div><\/div>\n<div><\/div>\n<pre><strong>Kaufen Sie 4-EMC 4-Ethylmethcathinone Powder Online - buy 4-EMC , buy 4-EMC 4-Ethylmethcathinone Powder near me , how to buy 4-EMC 4-Ethylmethcathinone Powder online, Where to Buy 4-EMC 4-Ethylmethcathinone Powder , 4-EMC 4-Ethylmethcathinone Powder for sale, 4-EMC 4-Ethylmethcathinone Powder for sale in usa, buy 4-EMC 4-Ethylmethcathinone Powder online now, where to Buy 4-EMC 4-Ethylmethcathinone Powder online, 4-EMC 4-Ethylmethcathinone Powder for sale in usa , USA, canada,uk, buy, online, suppliers, safe delivery, You can still get 4-EMC 4-Ethylmethcathinone Powder , Is 4-EMC 4-Ethylmethcathinone Powder legal in usa, buy 4-EMC 4-Ethylmethcathinone Powder online usa, how to order 4-EMC 4-Ethylmethcathinone Powder , Is 4-EMC 4-Ethylmethcathinone Powder in Canada<\/strong><\/pre>","protected":false},"excerpt":{"rendered":"<p>4-EMC 4-Ethylmethcathinon Pulver online kaufen. Es geh\u00f6rt zu der Klasse der Stimulanzien und Entaktogene. Es ist ein strukturelles Isomer von 4-MEC.<\/p>\n<pre><strong>Kaufen Sie 4-EMC 4-Ethylmethcathinone Powder Online - buy 4-EMC , buy 4-EMC 4-Ethylmethcathinone Powder near me , how to buy 4-EMC 4-Ethylmethcathinone Powder online, Where to Buy 4-EMC 4-Ethylmethcathinone Powder , 4-EMC 4-Ethylmethcathinone Powder for sale, 4-EMC 4-Ethylmethcathinone Powder for sale in usa, buy 4-EMC 4-Ethylmethcathinone Powder online now, where to Buy 4-EMC 4-Ethylmethcathinone Powder online, 4-EMC 4-Ethylmethcathinone Powder for sale in usa , USA, canada,uk, buy, online, suppliers, safe delivery, You can still get 4-EMC 4-Ethylmethcathinone Powder , Is 4-EMC 4-Ethylmethcathinone Powder legal in usa, buy 4-EMC 4-Ethylmethcathinone Powder online usa, how to order 4-EMC 4-Ethylmethcathinone Powder , Is 4-EMC 4-Ethylmethcathinone Powder in Canada<\/strong><\/pre>","protected":false},"featured_media":10157,"comment_status":"open","ping_status":"closed","template":"","meta":{"_bst_post_transparent":"","_bst_post_title":"","_bst_post_layout":"","_bst_post_sidebar_id":"","_bst_post_content_style":"","_bst_post_vertical_padding":"","_bst_post_feature":"","_bst_post_feature_position":"","_bst_post_header":false,"_bst_post_footer":false},"product_brand":[],"product_cat":[79],"product_tag":[],"product_brands":[],"class_list":{"0":"post-10144","1":"product","2":"type-product","3":"status-publish","4":"has-post-thumbnail","6":"product_cat-research-chemicals-and-bath-salt","8":"first","9":"instock","10":"shipping-taxable","11":"purchasable","12":"product-type-variable","13":"entry","14":"content-bg","15":"loop-entry"},"tiered_pricing_type":"fixed","tiered_pricing_fixed_rules":[],"tiered_pricing_percentage_rules":[],"tiered_pricing_minimum":1,"_administrator_tiered_pricing_type":"fixed","_administrator_tiered_pricing_fixed_rules":[],"_editor_tiered_pricing_type":"fixed","_editor_tiered_pricing_fixed_rules":[],"_author_tiered_pricing_type":"fixed","_author_tiered_pricing_fixed_rules":[],"_contributor_tiered_pricing_type":"fixed","_contributor_tiered_pricing_fixed_rules":[],"_subscriber_tiered_pricing_type":"fixed","_subscriber_tiered_pricing_fixed_rules":[],"_customer_tiered_pricing_type":"fixed","_customer_tiered_pricing_fixed_rules":[],"_shop_manager_tiered_pricing_type":"fixed","_shop_manager_tiered_pricing_fixed_rules":[],"_wpseo_manager_tiered_pricing_type":"fixed","_wpseo_manager_tiered_pricing_fixed_rules":[],"_wpseo_editor_tiered_pricing_type":"fixed","_wpseo_editor_tiered_pricing_fixed_rules":[],"yoast_head":"<!-- This site is optimized with the Yoast SEO plugin v27.2 - https:\/\/yoast.com\/product\/yoast-seo-wordpress\/ -->\n<title>Buy 4-EMC 4-Ethylmethcathinone Powder Online - Cheap price, top quality<\/title>\n<meta name=\"description\" content=\"Buy 4-EMC Online at an affordable price at stonersmeds. All products are lab qualified and have premium quality.\" \/>\n<meta name=\"robots\" content=\"index, follow, max-snippet:-1, max-image-preview:large, max-video-preview:-1\" \/>\n<link rel=\"canonical\" href=\"https:\/\/stonersmeds.com\/de\/shop\/buy-4-emc-4-ethylmethcathinone-powder-online\/\" \/>\n<meta property=\"og:locale\" content=\"de_DE\" \/>\n<meta property=\"og:type\" content=\"article\" \/>\n<meta property=\"og:title\" content=\"Buy 4-EMC 4-Ethylmethcathinone Powder Online - Cheap price, top quality\" \/>\n<meta property=\"og:description\" content=\"Buy 4-EMC Online at an affordable price at stonersmeds. All products are lab qualified and have premium quality.\" \/>\n<meta property=\"og:url\" content=\"https:\/\/stonersmeds.com\/de\/shop\/buy-4-emc-4-ethylmethcathinone-powder-online\/\" \/>\n<meta property=\"og:site_name\" content=\"stonersmeds.com\" \/>\n<meta property=\"article:modified_time\" content=\"2026-02-28T05:00:43+00:00\" \/>\n<meta property=\"og:image\" content=\"https:\/\/stonersmeds.com\/wp-content\/uploads\/2022\/03\/Buy-4-EMC-4-Ethylmethcathinone-Powder-Online.jpg\" \/>\n\t<meta property=\"og:image:width\" content=\"600\" \/>\n\t<meta property=\"og:image:height\" content=\"600\" \/>\n\t<meta property=\"og:image:type\" content=\"image\/jpeg\" \/>\n<meta name=\"twitter:card\" content=\"summary_large_image\" \/>\n<meta name=\"twitter:label1\" content=\"Verf\u00fcgbarkeit\" \/>\n\t<meta name=\"twitter:data1\" content=\"Auf Lager\" \/>\n<script type=\"application\/ld+json\" class=\"yoast-schema-graph\">{\"@context\":\"https:\/\/schema.org\",\"@graph\":[{\"@type\":\"WebPage\",\"@id\":\"https:\/\/stonersmeds.com\/shop\/buy-4-emc-4-ethylmethcathinone-powder-online\/\",\"url\":\"https:\/\/stonersmeds.com\/shop\/buy-4-emc-4-ethylmethcathinone-powder-online\/\",\"name\":\"Buy 4-EMC 4-Ethylmethcathinone Powder Online - Cheap price, top quality\",\"isPartOf\":{\"@id\":\"https:\/\/stonersmeds.com\/#website\"},\"primaryImageOfPage\":{\"@id\":\"https:\/\/stonersmeds.com\/shop\/buy-4-emc-4-ethylmethcathinone-powder-online\/#primaryimage\"},\"image\":{\"@id\":\"https:\/\/stonersmeds.com\/shop\/buy-4-emc-4-ethylmethcathinone-powder-online\/#primaryimage\"},\"thumbnailUrl\":\"https:\/\/stonersmeds.com\/wp-content\/uploads\/2022\/03\/Buy-4-EMC-4-Ethylmethcathinone-Powder-Online.jpg\",\"datePublished\":\"2022-03-12T05:36:25+00:00\",\"dateModified\":\"2026-02-28T05:00:43+00:00\",\"description\":\"Buy 4-EMC Online at an affordable price at stonersmeds. All products are lab qualified and have premium quality.\",\"breadcrumb\":{\"@id\":\"https:\/\/stonersmeds.com\/shop\/buy-4-emc-4-ethylmethcathinone-powder-online\/#breadcrumb\"},\"inLanguage\":\"de\",\"potentialAction\":[{\"@type\":\"ReadAction\",\"target\":[\"https:\/\/stonersmeds.com\/shop\/buy-4-emc-4-ethylmethcathinone-powder-online\/\"]}]},{\"@type\":\"ImageObject\",\"inLanguage\":\"de\",\"@id\":\"https:\/\/stonersmeds.com\/shop\/buy-4-emc-4-ethylmethcathinone-powder-online\/#primaryimage\",\"url\":\"https:\/\/stonersmeds.com\/wp-content\/uploads\/2022\/03\/Buy-4-EMC-4-Ethylmethcathinone-Powder-Online.jpg\",\"contentUrl\":\"https:\/\/stonersmeds.com\/wp-content\/uploads\/2022\/03\/Buy-4-EMC-4-Ethylmethcathinone-Powder-Online.jpg\",\"width\":600,\"height\":600},{\"@type\":\"BreadcrumbList\",\"@id\":\"https:\/\/stonersmeds.com\/shop\/buy-4-emc-4-ethylmethcathinone-powder-online\/#breadcrumb\",\"itemListElement\":[{\"@type\":\"ListItem\",\"position\":1,\"name\":\"Home\",\"item\":\"https:\/\/stonersmeds.com\/\"},{\"@type\":\"ListItem\",\"position\":2,\"name\":\"Shop\",\"item\":\"https:\/\/stonersmeds.com\/shop\/\"},{\"@type\":\"ListItem\",\"position\":3,\"name\":\"Buy 4-EMC 4-Ethylmethcathinone Powder Online\"}]},{\"@type\":\"WebSite\",\"@id\":\"https:\/\/stonersmeds.com\/#website\",\"url\":\"https:\/\/stonersmeds.com\/\",\"name\":\"stonersmeds.com\",\"description\":\"verschreibungspflichtige Medizin kaufen\",\"publisher\":{\"@id\":\"https:\/\/stonersmeds.com\/#organization\"},\"alternateName\":\"Research chemical shop\",\"potentialAction\":[{\"@type\":\"SearchAction\",\"target\":{\"@type\":\"EntryPoint\",\"urlTemplate\":\"https:\/\/stonersmeds.com\/?s={search_term_string}\"},\"query-input\":{\"@type\":\"PropertyValueSpecification\",\"valueRequired\":true,\"valueName\":\"search_term_string\"}}],\"inLanguage\":\"de\"},{\"@type\":\"Organization\",\"@id\":\"https:\/\/stonersmeds.com\/#organization\",\"name\":\"Stonersmeds Shop\",\"url\":\"https:\/\/stonersmeds.com\/\",\"logo\":{\"@type\":\"ImageObject\",\"inLanguage\":\"de\",\"@id\":\"https:\/\/stonersmeds.com\/#\/schema\/logo\/image\/\",\"url\":\"https:\/\/stonersmeds.com\/wp-content\/uploads\/2026\/02\/high-purity-DMT-powder.jpg\",\"contentUrl\":\"https:\/\/stonersmeds.com\/wp-content\/uploads\/2026\/02\/high-purity-DMT-powder.jpg\",\"width\":500,\"height\":500,\"caption\":\"Stonersmeds Shop\"},\"image\":{\"@id\":\"https:\/\/stonersmeds.com\/#\/schema\/logo\/image\/\"}}]}<\/script>\n<meta property=\"og:availability\" content=\"instock\" \/>\n<meta property=\"product:availability\" content=\"instock\" \/>\n<meta property=\"product:condition\" content=\"new\" \/>\n<!-- \/ Yoast SEO plugin. -->","yoast_head_json":{"title":"4-EMC 4-Ethylmethcathinon Pulver Online kaufen - G\u00fcnstiger Preis, beste Qualit\u00e4t","description":"Kaufen Sie 4-EMC Online zu einem g\u00fcnstigen Preis bei stonersmeds. Alle Produkte sind Labor qualifiziert und haben Premium-Qualit\u00e4t.","robots":{"index":"index","follow":"follow","max-snippet":"max-snippet:-1","max-image-preview":"max-image-preview:large","max-video-preview":"max-video-preview:-1"},"canonical":"https:\/\/stonersmeds.com\/de\/shop\/buy-4-emc-4-ethylmethcathinone-powder-online\/","og_locale":"de_DE","og_type":"article","og_title":"Buy 4-EMC 4-Ethylmethcathinone Powder Online - Cheap price, top quality","og_description":"Buy 4-EMC Online at an affordable price at stonersmeds. All products are lab qualified and have premium quality.","og_url":"https:\/\/stonersmeds.com\/de\/shop\/buy-4-emc-4-ethylmethcathinone-powder-online\/","og_site_name":"stonersmeds.com","article_modified_time":"2026-02-28T05:00:43+00:00","og_image":[{"width":600,"height":600,"url":"https:\/\/stonersmeds.com\/wp-content\/uploads\/2022\/03\/Buy-4-EMC-4-Ethylmethcathinone-Powder-Online.jpg","type":"image\/jpeg"}],"twitter_card":"summary_large_image","twitter_misc":{"Verf\u00fcgbarkeit":"Auf Lager"},"schema":{"@context":"https:\/\/schema.org","@graph":[{"@type":"WebPage","@id":"https:\/\/stonersmeds.com\/shop\/buy-4-emc-4-ethylmethcathinone-powder-online\/","url":"https:\/\/stonersmeds.com\/shop\/buy-4-emc-4-ethylmethcathinone-powder-online\/","name":"4-EMC 4-Ethylmethcathinon Pulver Online kaufen - G\u00fcnstiger Preis, beste Qualit\u00e4t","isPartOf":{"@id":"https:\/\/stonersmeds.com\/#website"},"primaryImageOfPage":{"@id":"https:\/\/stonersmeds.com\/shop\/buy-4-emc-4-ethylmethcathinone-powder-online\/#primaryimage"},"image":{"@id":"https:\/\/stonersmeds.com\/shop\/buy-4-emc-4-ethylmethcathinone-powder-online\/#primaryimage"},"thumbnailUrl":"https:\/\/stonersmeds.com\/wp-content\/uploads\/2022\/03\/Buy-4-EMC-4-Ethylmethcathinone-Powder-Online.jpg","datePublished":"2022-03-12T05:36:25+00:00","dateModified":"2026-02-28T05:00:43+00:00","description":"Kaufen Sie 4-EMC Online zu einem g\u00fcnstigen Preis bei stonersmeds. Alle Produkte sind Labor qualifiziert und haben Premium-Qualit\u00e4t.","breadcrumb":{"@id":"https:\/\/stonersmeds.com\/shop\/buy-4-emc-4-ethylmethcathinone-powder-online\/#breadcrumb"},"inLanguage":"de","potentialAction":[{"@type":"ReadAction","target":["https:\/\/stonersmeds.com\/shop\/buy-4-emc-4-ethylmethcathinone-powder-online\/"]}]},{"@type":"ImageObject","inLanguage":"de","@id":"https:\/\/stonersmeds.com\/shop\/buy-4-emc-4-ethylmethcathinone-powder-online\/#primaryimage","url":"https:\/\/stonersmeds.com\/wp-content\/uploads\/2022\/03\/Buy-4-EMC-4-Ethylmethcathinone-Powder-Online.jpg","contentUrl":"https:\/\/stonersmeds.com\/wp-content\/uploads\/2022\/03\/Buy-4-EMC-4-Ethylmethcathinone-Powder-Online.jpg","width":600,"height":600},{"@type":"BreadcrumbList","@id":"https:\/\/stonersmeds.com\/shop\/buy-4-emc-4-ethylmethcathinone-powder-online\/#breadcrumb","itemListElement":[{"@type":"ListItem","position":1,"name":"Home","item":"https:\/\/stonersmeds.com\/"},{"@type":"ListItem","position":2,"name":"Shop","item":"https:\/\/stonersmeds.com\/shop\/"},{"@type":"ListItem","position":3,"name":"Buy 4-EMC 4-Ethylmethcathinone Powder Online"}]},{"@type":"WebSite","@id":"https:\/\/stonersmeds.com\/#website","url":"https:\/\/stonersmeds.com\/","name":"stonersmeds.com","description":"verschreibungspflichtige Medizin kaufen","publisher":{"@id":"https:\/\/stonersmeds.com\/#organization"},"alternateName":"Research chemical shop","potentialAction":[{"@type":"SearchAction","target":{"@type":"EntryPoint","urlTemplate":"https:\/\/stonersmeds.com\/?s={search_term_string}"},"query-input":{"@type":"PropertyValueSpecification","valueRequired":true,"valueName":"search_term_string"}}],"inLanguage":"de"},{"@type":"Organization","@id":"https:\/\/stonersmeds.com\/#organization","name":"Stonersmeds Shop","url":"https:\/\/stonersmeds.com\/","logo":{"@type":"ImageObject","inLanguage":"de","@id":"https:\/\/stonersmeds.com\/#\/schema\/logo\/image\/","url":"https:\/\/stonersmeds.com\/wp-content\/uploads\/2026\/02\/high-purity-DMT-powder.jpg","contentUrl":"https:\/\/stonersmeds.com\/wp-content\/uploads\/2026\/02\/high-purity-DMT-powder.jpg","width":500,"height":500,"caption":"Stonersmeds Shop"},"image":{"@id":"https:\/\/stonersmeds.com\/#\/schema\/logo\/image\/"}}]},"og_availability":"instock","product_availability":"instock","product_condition":"new"},"_links":{"self":[{"href":"https:\/\/stonersmeds.com\/de\/wp-json\/wp\/v2\/product\/10144","targetHints":{"allow":["GET"]}}],"collection":[{"href":"https:\/\/stonersmeds.com\/de\/wp-json\/wp\/v2\/product"}],"about":[{"href":"https:\/\/stonersmeds.com\/de\/wp-json\/wp\/v2\/types\/product"}],"replies":[{"embeddable":true,"href":"https:\/\/stonersmeds.com\/de\/wp-json\/wp\/v2\/comments?post=10144"}],"version-history":[{"count":0,"href":"https:\/\/stonersmeds.com\/de\/wp-json\/wp\/v2\/product\/10144\/revisions"}],"wp:featuredmedia":[{"embeddable":true,"href":"https:\/\/stonersmeds.com\/de\/wp-json\/wp\/v2\/media\/10157"}],"wp:attachment":[{"href":"https:\/\/stonersmeds.com\/de\/wp-json\/wp\/v2\/media?parent=10144"}],"wp:term":[{"taxonomy":"product_brand","embeddable":true,"href":"https:\/\/stonersmeds.com\/de\/wp-json\/wp\/v2\/product_brand?post=10144"},{"taxonomy":"product_cat","embeddable":true,"href":"https:\/\/stonersmeds.com\/de\/wp-json\/wp\/v2\/product_cat?post=10144"},{"taxonomy":"product_tag","embeddable":true,"href":"https:\/\/stonersmeds.com\/de\/wp-json\/wp\/v2\/product_tag?post=10144"},{"taxonomy":"product_brands","embeddable":true,"href":"https:\/\/stonersmeds.com\/de\/wp-json\/wp\/v2\/product_brands?post=10144"}],"curies":[{"name":"wp","href":"https:\/\/api.w.org\/{rel}","templated":true}]}}