{"id":10222,"date":"2022-03-12T06:09:46","date_gmt":"2022-03-12T06:09:46","guid":{"rendered":"https:\/\/stonersmeds.com\/?post_type=product&#038;p=10222"},"modified":"2026-02-22T03:50:08","modified_gmt":"2026-02-22T01:50:08","slug":"buy-lsd-100mcg-blotters-online","status":"publish","type":"product","link":"https:\/\/stonersmeds.com\/de\/shop\/buy-lsd-100mcg-blotters-online\/","title":{"rendered":"Kaufen Sie LSD 100mcg BLOTTER online"},"content":{"rendered":"<h1>Kaufen Sie LSD 100mcg BLOTTER online.<\/h1>\n<p>Kaufen Sie LSD 100mcg BLOTTER online. Welaos haben LSD-Tabs zur Verf\u00fcgung. Weitere Informationen zu LSD finden Sie hier<\/p>\n<p><a href=\"https:\/\/stonersmeds.com\/de\/produkt-schlagwort\/buy-blotter-lsd-online\/\">LSD Blotters online kaufen<\/a> Auf Ihrer Reise ins Mittelalter wurde Lysergs\u00e4urediethylamid (LSD) weltweit als beliebte Substanz verwendet. Dabei beleuchten wir die Rezeptor-Pharmakologie, den Wirkmechanismus und die Effekte, <a href=\"https:\/\/stonersmeds.com\/de\/produkt-schlagwort\/dormicum-7-5-mg-side-effects\/\">Nebeneffekte<\/a> einige interessante Verwendungen dieser Droge in der Psychiatrie, z. B. als Anxiolytikum, Kreativit\u00e4tsf\u00f6rderer, Suggestivit\u00e4tsf\u00f6rderer, Wirksamkeitsf\u00f6rderer und andere erfolgreiche Verwendungen, z. B. bei Drogen- und Alkoholsucht und als Teil einer hochwertigen psychedelischen Therapie f\u00fcr unheilbare Krankheiten.<\/p>\n<p>&nbsp;<\/p>\n<pre><strong>Kaufen Sie LSD 100mcg BLOTTERS Online - kaufen Sie LSD 100mcg BLOTTERS , kaufen Sie LSD 100mcg online, Wo kaufen Sie LSD 100mcg BLOTTERS , LSD 100mcg BLOTTERS zu verkaufen, LSD 100mcg zu verkaufen, kaufen Sie LSD BLOTTERS online, wo kaufen Sie LSD 100mcg BLOTTERS online, LSD 100mcg BLOTTERS zum Verkauf in den USA, USA, Kanada, Gro\u00dfbritannien, kaufen, online, Lieferanten, sichere Lieferung, Sie k\u00f6nnen immer noch LSD 100mcg BLOTTERS erhalten, Ist LSD 100mcg BLOTTERS legal in den USA, kaufen Sie LSD 100mcg BLOTTERS online in den USA, wie Sie LSD bestellen 100mcg BLOTTERS , Ist LSD 100mcg BLOTTERS in Kanada legal<\/strong><\/pre>","protected":false},"excerpt":{"rendered":"<p>Kaufen Sie LSD 100mcg BLOTTER online. G\u00fcnstig LSD 100mcg BLOTTERS Pulver kaufen | Wo kann man LSD 100mcg BLOTTERS Pulver online kaufen. Kaufen Sie Lysergs\u00e4ure-Diethylamid-BLOTTERS online - LSD-BLOTTERS zum Verkauf online<\/p>\n<pre><\/pre>","protected":false},"featured_media":10236,"comment_status":"open","ping_status":"closed","template":"","meta":{"_bst_post_transparent":"","_bst_post_title":"","_bst_post_layout":"","_bst_post_sidebar_id":"","_bst_post_content_style":"","_bst_post_vertical_padding":"","_bst_post_feature":"","_bst_post_feature_position":"","_bst_post_header":false,"_bst_post_footer":false},"product_brand":[],"product_cat":[80],"product_tag":[846,850,853,854,848,856,860,855,849,852,851,843,844,858,845,847,840,841,842,859,857],"product_brands":[],"class_list":{"0":"post-10222","1":"product","2":"type-product","3":"status-publish","4":"has-post-thumbnail","6":"product_cat-psychedelic-drugs","7":"product_tag-1p-lsd-shop","8":"product_tag-blotter-acid-for-sale","9":"product_tag-blotter-acid-lsd","10":"product_tag-blotter-art-buy","11":"product_tag-blotter-paper-art-for-sale","12":"product_tag-blotter-paper-sheets-for-sale","13":"product_tag-blotters-drug","14":"product_tag-buy-blotter-lsd-online","15":"product_tag-cheap-blotter-art","16":"product_tag-custom-blotter-art","17":"product_tag-free-blotter-art","18":"product_tag-lsd-blotter-art-for-sale","19":"product_tag-lsd-blotter-kaufen","20":"product_tag-lsd-blotter-paper-acid","21":"product_tag-lsd-blotter-paper-for-sale","22":"product_tag-lsd-blotter-sheets","23":"product_tag-lsd-blotter-shop","24":"product_tag-lsd-blotters-for-sale","25":"product_tag-pictures-of-lsd-blotters","26":"product_tag-what-is-blotter-acid","27":"product_tag-what-is-blotter-paper-drugs","29":"first","30":"instock","31":"shipping-taxable","32":"purchasable","33":"product-type-variable","34":"entry","35":"content-bg","36":"loop-entry"},"tiered_pricing_type":"fixed","tiered_pricing_fixed_rules":[],"tiered_pricing_percentage_rules":[],"tiered_pricing_minimum":1,"_administrator_tiered_pricing_type":"fixed","_administrator_tiered_pricing_fixed_rules":[],"_editor_tiered_pricing_type":"fixed","_editor_tiered_pricing_fixed_rules":[],"_author_tiered_pricing_type":"fixed","_author_tiered_pricing_fixed_rules":[],"_contributor_tiered_pricing_type":"fixed","_contributor_tiered_pricing_fixed_rules":[],"_subscriber_tiered_pricing_type":"fixed","_subscriber_tiered_pricing_fixed_rules":[],"_customer_tiered_pricing_type":"fixed","_customer_tiered_pricing_fixed_rules":[],"_shop_manager_tiered_pricing_type":"fixed","_shop_manager_tiered_pricing_fixed_rules":[],"_wpseo_manager_tiered_pricing_type":"fixed","_wpseo_manager_tiered_pricing_fixed_rules":[],"_wpseo_editor_tiered_pricing_type":"fixed","_wpseo_editor_tiered_pricing_fixed_rules":[],"yoast_head":"<!-- This site is optimized with the Yoast SEO plugin v27.2 - https:\/\/yoast.com\/product\/yoast-seo-wordpress\/ -->\n<title>Buy LSD 100mcg BLOTTERS Online - Cheap price, Highest quality<\/title>\n<meta name=\"description\" content=\"Buy LSD 100mcg BLOTTERS Online at an affordable price at stonersmeds. All products are lab qualified and have premium quality.\" \/>\n<meta name=\"robots\" content=\"index, follow, max-snippet:-1, max-image-preview:large, max-video-preview:-1\" \/>\n<link rel=\"canonical\" href=\"https:\/\/stonersmeds.com\/de\/shop\/buy-lsd-100mcg-blotters-online\/\" \/>\n<meta property=\"og:locale\" content=\"de_DE\" \/>\n<meta property=\"og:type\" content=\"article\" \/>\n<meta property=\"og:title\" content=\"Buy LSD 100mcg BLOTTERS Online - Cheap price, Highest quality\" \/>\n<meta property=\"og:description\" content=\"Buy LSD 100mcg BLOTTERS Online at an affordable price at stonersmeds. All products are lab qualified and have premium quality.\" \/>\n<meta property=\"og:url\" content=\"https:\/\/stonersmeds.com\/de\/shop\/buy-lsd-100mcg-blotters-online\/\" \/>\n<meta property=\"og:site_name\" content=\"stonersmeds.com\" \/>\n<meta property=\"article:modified_time\" content=\"2026-02-22T01:50:08+00:00\" \/>\n<meta property=\"og:image\" content=\"https:\/\/stonersmeds.com\/wp-content\/uploads\/2022\/03\/Buy-LSD-100mcg-BLOTTERS.jpg\" \/>\n\t<meta property=\"og:image:width\" content=\"600\" \/>\n\t<meta property=\"og:image:height\" content=\"600\" \/>\n\t<meta property=\"og:image:type\" content=\"image\/jpeg\" \/>\n<meta name=\"twitter:card\" content=\"summary_large_image\" \/>\n<meta name=\"twitter:label1\" content=\"Verf\u00fcgbarkeit\" \/>\n\t<meta name=\"twitter:data1\" content=\"Auf Lager\" \/>\n<script type=\"application\/ld+json\" class=\"yoast-schema-graph\">{\"@context\":\"https:\/\/schema.org\",\"@graph\":[{\"@type\":\"WebPage\",\"@id\":\"https:\/\/stonersmeds.com\/shop\/buy-lsd-100mcg-blotters-online\/\",\"url\":\"https:\/\/stonersmeds.com\/shop\/buy-lsd-100mcg-blotters-online\/\",\"name\":\"Buy LSD 100mcg BLOTTERS Online - Cheap price, Highest quality\",\"isPartOf\":{\"@id\":\"https:\/\/stonersmeds.com\/#website\"},\"primaryImageOfPage\":{\"@id\":\"https:\/\/stonersmeds.com\/shop\/buy-lsd-100mcg-blotters-online\/#primaryimage\"},\"image\":{\"@id\":\"https:\/\/stonersmeds.com\/shop\/buy-lsd-100mcg-blotters-online\/#primaryimage\"},\"thumbnailUrl\":\"https:\/\/stonersmeds.com\/wp-content\/uploads\/2022\/03\/Buy-LSD-100mcg-BLOTTERS.jpg\",\"datePublished\":\"2022-03-12T06:09:46+00:00\",\"dateModified\":\"2026-02-22T01:50:08+00:00\",\"description\":\"Buy LSD 100mcg BLOTTERS Online at an affordable price at stonersmeds. All products are lab qualified and have premium quality.\",\"breadcrumb\":{\"@id\":\"https:\/\/stonersmeds.com\/shop\/buy-lsd-100mcg-blotters-online\/#breadcrumb\"},\"inLanguage\":\"de\",\"potentialAction\":[{\"@type\":\"ReadAction\",\"target\":[\"https:\/\/stonersmeds.com\/shop\/buy-lsd-100mcg-blotters-online\/\"]}]},{\"@type\":\"ImageObject\",\"inLanguage\":\"de\",\"@id\":\"https:\/\/stonersmeds.com\/shop\/buy-lsd-100mcg-blotters-online\/#primaryimage\",\"url\":\"https:\/\/stonersmeds.com\/wp-content\/uploads\/2022\/03\/Buy-LSD-100mcg-BLOTTERS.jpg\",\"contentUrl\":\"https:\/\/stonersmeds.com\/wp-content\/uploads\/2022\/03\/Buy-LSD-100mcg-BLOTTERS.jpg\",\"width\":600,\"height\":600},{\"@type\":\"BreadcrumbList\",\"@id\":\"https:\/\/stonersmeds.com\/shop\/buy-lsd-100mcg-blotters-online\/#breadcrumb\",\"itemListElement\":[{\"@type\":\"ListItem\",\"position\":1,\"name\":\"Home\",\"item\":\"https:\/\/stonersmeds.com\/\"},{\"@type\":\"ListItem\",\"position\":2,\"name\":\"Shop\",\"item\":\"https:\/\/stonersmeds.com\/shop\/\"},{\"@type\":\"ListItem\",\"position\":3,\"name\":\"Buy LSD 100mcg BLOTTERS Online\"}]},{\"@type\":\"WebSite\",\"@id\":\"https:\/\/stonersmeds.com\/#website\",\"url\":\"https:\/\/stonersmeds.com\/\",\"name\":\"stonersmeds.com\",\"description\":\"verschreibungspflichtige Medizin kaufen\",\"publisher\":{\"@id\":\"https:\/\/stonersmeds.com\/#organization\"},\"alternateName\":\"Research chemical shop\",\"potentialAction\":[{\"@type\":\"SearchAction\",\"target\":{\"@type\":\"EntryPoint\",\"urlTemplate\":\"https:\/\/stonersmeds.com\/?s={search_term_string}\"},\"query-input\":{\"@type\":\"PropertyValueSpecification\",\"valueRequired\":true,\"valueName\":\"search_term_string\"}}],\"inLanguage\":\"de\"},{\"@type\":\"Organization\",\"@id\":\"https:\/\/stonersmeds.com\/#organization\",\"name\":\"Stonersmeds Shop\",\"url\":\"https:\/\/stonersmeds.com\/\",\"logo\":{\"@type\":\"ImageObject\",\"inLanguage\":\"de\",\"@id\":\"https:\/\/stonersmeds.com\/#\/schema\/logo\/image\/\",\"url\":\"https:\/\/stonersmeds.com\/wp-content\/uploads\/2026\/02\/high-purity-DMT-powder.jpg\",\"contentUrl\":\"https:\/\/stonersmeds.com\/wp-content\/uploads\/2026\/02\/high-purity-DMT-powder.jpg\",\"width\":500,\"height\":500,\"caption\":\"Stonersmeds Shop\"},\"image\":{\"@id\":\"https:\/\/stonersmeds.com\/#\/schema\/logo\/image\/\"}}]}<\/script>\n<meta property=\"og:availability\" content=\"instock\" \/>\n<meta property=\"product:availability\" content=\"instock\" \/>\n<meta property=\"product:condition\" content=\"new\" \/>\n<!-- \/ Yoast SEO plugin. -->","yoast_head_json":{"title":"Kaufen Sie LSD 100mcg BLOTTERS online - G\u00fcnstiger Preis, h\u00f6chste Qualit\u00e4t","description":"Kaufen Sie LSD 100mcg BLOTTERS online zu einem erschwinglichen Preis bei stonersmeds. Alle Produkte sind laborqualifiziert und von h\u00f6chster Qualit\u00e4t.","robots":{"index":"index","follow":"follow","max-snippet":"max-snippet:-1","max-image-preview":"max-image-preview:large","max-video-preview":"max-video-preview:-1"},"canonical":"https:\/\/stonersmeds.com\/de\/shop\/buy-lsd-100mcg-blotters-online\/","og_locale":"de_DE","og_type":"article","og_title":"Buy LSD 100mcg BLOTTERS Online - Cheap price, Highest quality","og_description":"Buy LSD 100mcg BLOTTERS Online at an affordable price at stonersmeds. All products are lab qualified and have premium quality.","og_url":"https:\/\/stonersmeds.com\/de\/shop\/buy-lsd-100mcg-blotters-online\/","og_site_name":"stonersmeds.com","article_modified_time":"2026-02-22T01:50:08+00:00","og_image":[{"width":600,"height":600,"url":"https:\/\/stonersmeds.com\/wp-content\/uploads\/2022\/03\/Buy-LSD-100mcg-BLOTTERS.jpg","type":"image\/jpeg"}],"twitter_card":"summary_large_image","twitter_misc":{"Verf\u00fcgbarkeit":"Auf Lager"},"schema":{"@context":"https:\/\/schema.org","@graph":[{"@type":"WebPage","@id":"https:\/\/stonersmeds.com\/shop\/buy-lsd-100mcg-blotters-online\/","url":"https:\/\/stonersmeds.com\/shop\/buy-lsd-100mcg-blotters-online\/","name":"Kaufen Sie LSD 100mcg BLOTTERS online - G\u00fcnstiger Preis, h\u00f6chste Qualit\u00e4t","isPartOf":{"@id":"https:\/\/stonersmeds.com\/#website"},"primaryImageOfPage":{"@id":"https:\/\/stonersmeds.com\/shop\/buy-lsd-100mcg-blotters-online\/#primaryimage"},"image":{"@id":"https:\/\/stonersmeds.com\/shop\/buy-lsd-100mcg-blotters-online\/#primaryimage"},"thumbnailUrl":"https:\/\/stonersmeds.com\/wp-content\/uploads\/2022\/03\/Buy-LSD-100mcg-BLOTTERS.jpg","datePublished":"2022-03-12T06:09:46+00:00","dateModified":"2026-02-22T01:50:08+00:00","description":"Kaufen Sie LSD 100mcg BLOTTERS online zu einem erschwinglichen Preis bei stonersmeds. Alle Produkte sind laborqualifiziert und von h\u00f6chster Qualit\u00e4t.","breadcrumb":{"@id":"https:\/\/stonersmeds.com\/shop\/buy-lsd-100mcg-blotters-online\/#breadcrumb"},"inLanguage":"de","potentialAction":[{"@type":"ReadAction","target":["https:\/\/stonersmeds.com\/shop\/buy-lsd-100mcg-blotters-online\/"]}]},{"@type":"ImageObject","inLanguage":"de","@id":"https:\/\/stonersmeds.com\/shop\/buy-lsd-100mcg-blotters-online\/#primaryimage","url":"https:\/\/stonersmeds.com\/wp-content\/uploads\/2022\/03\/Buy-LSD-100mcg-BLOTTERS.jpg","contentUrl":"https:\/\/stonersmeds.com\/wp-content\/uploads\/2022\/03\/Buy-LSD-100mcg-BLOTTERS.jpg","width":600,"height":600},{"@type":"BreadcrumbList","@id":"https:\/\/stonersmeds.com\/shop\/buy-lsd-100mcg-blotters-online\/#breadcrumb","itemListElement":[{"@type":"ListItem","position":1,"name":"Home","item":"https:\/\/stonersmeds.com\/"},{"@type":"ListItem","position":2,"name":"Shop","item":"https:\/\/stonersmeds.com\/shop\/"},{"@type":"ListItem","position":3,"name":"Buy LSD 100mcg BLOTTERS Online"}]},{"@type":"WebSite","@id":"https:\/\/stonersmeds.com\/#website","url":"https:\/\/stonersmeds.com\/","name":"stonersmeds.com","description":"verschreibungspflichtige Medizin kaufen","publisher":{"@id":"https:\/\/stonersmeds.com\/#organization"},"alternateName":"Research chemical shop","potentialAction":[{"@type":"SearchAction","target":{"@type":"EntryPoint","urlTemplate":"https:\/\/stonersmeds.com\/?s={search_term_string}"},"query-input":{"@type":"PropertyValueSpecification","valueRequired":true,"valueName":"search_term_string"}}],"inLanguage":"de"},{"@type":"Organization","@id":"https:\/\/stonersmeds.com\/#organization","name":"Stonersmeds Shop","url":"https:\/\/stonersmeds.com\/","logo":{"@type":"ImageObject","inLanguage":"de","@id":"https:\/\/stonersmeds.com\/#\/schema\/logo\/image\/","url":"https:\/\/stonersmeds.com\/wp-content\/uploads\/2026\/02\/high-purity-DMT-powder.jpg","contentUrl":"https:\/\/stonersmeds.com\/wp-content\/uploads\/2026\/02\/high-purity-DMT-powder.jpg","width":500,"height":500,"caption":"Stonersmeds Shop"},"image":{"@id":"https:\/\/stonersmeds.com\/#\/schema\/logo\/image\/"}}]},"og_availability":"instock","product_availability":"instock","product_condition":"new"},"_links":{"self":[{"href":"https:\/\/stonersmeds.com\/de\/wp-json\/wp\/v2\/product\/10222","targetHints":{"allow":["GET"]}}],"collection":[{"href":"https:\/\/stonersmeds.com\/de\/wp-json\/wp\/v2\/product"}],"about":[{"href":"https:\/\/stonersmeds.com\/de\/wp-json\/wp\/v2\/types\/product"}],"replies":[{"embeddable":true,"href":"https:\/\/stonersmeds.com\/de\/wp-json\/wp\/v2\/comments?post=10222"}],"version-history":[{"count":0,"href":"https:\/\/stonersmeds.com\/de\/wp-json\/wp\/v2\/product\/10222\/revisions"}],"wp:featuredmedia":[{"embeddable":true,"href":"https:\/\/stonersmeds.com\/de\/wp-json\/wp\/v2\/media\/10236"}],"wp:attachment":[{"href":"https:\/\/stonersmeds.com\/de\/wp-json\/wp\/v2\/media?parent=10222"}],"wp:term":[{"taxonomy":"product_brand","embeddable":true,"href":"https:\/\/stonersmeds.com\/de\/wp-json\/wp\/v2\/product_brand?post=10222"},{"taxonomy":"product_cat","embeddable":true,"href":"https:\/\/stonersmeds.com\/de\/wp-json\/wp\/v2\/product_cat?post=10222"},{"taxonomy":"product_tag","embeddable":true,"href":"https:\/\/stonersmeds.com\/de\/wp-json\/wp\/v2\/product_tag?post=10222"},{"taxonomy":"product_brands","embeddable":true,"href":"https:\/\/stonersmeds.com\/de\/wp-json\/wp\/v2\/product_brands?post=10222"}],"curies":[{"name":"wp","href":"https:\/\/api.w.org\/{rel}","templated":true}]}}