{"id":10342,"date":"2022-03-12T06:55:58","date_gmt":"2022-03-12T06:55:58","guid":{"rendered":"https:\/\/stonersmeds.com\/?post_type=product&#038;p=10342"},"modified":"2026-02-22T10:30:46","modified_gmt":"2026-02-22T08:30:46","slug":"buy-cheap-clonazolam-powder-online","status":"publish","type":"product","link":"https:\/\/stonersmeds.com\/de\/shop\/buy-cheap-clonazolam-powder-online\/","title":{"rendered":"Kaufen Sie billiges Clonazolam-Pulver online"},"content":{"rendered":"<h1><b>Clonazolam-Pulver online kaufen<\/b><\/h1>\n<p>Clonazolam-Pulver geh\u00f6rt zur Benzodiazepin-Reihe der Pro-Drogen, die in vielen Situationen f\u00fcr unterschiedliche Zwecke beim Menschen eingesetzt werden. Es wurde erstmals 1971 als Designerdroge synthetisiert. In den letzten Jahren hat es sich aufgrund seiner einzigartigen Eigenschaften zu einer der weltweit am h\u00e4ufigsten verwendeten Drogen entwickelt. Heute wird es sowohl als Forschungschemikalie als auch zur Behandlung verschiedener Krankheiten eingesetzt.<\/p>\n<h3><b>Arbeiten von Clonazolam Pulver<\/b><\/h3>\n<p>Clonazolam-Pulver ist ebenfalls eine psychoaktive Droge wie andere Benzodiazepine und wirkt auch auf \u00e4hnliche Weise wie alle diese Pro-Drogen. Es hat ein hohes Potenzial als andere Pro-Drogen der Benzodiazepin-Serie.<\/p>\n<p>Auch, es funktioniert in der gleichen Weise wie alle Pro-Drogen zu tun, aber es ist schneller als alle Pro-Drogen der nicht nur diese Familie, sondern auch ein Mitglied der anderen Pro-Drogen Familien. Es wirkt, indem es das Neurotransmittersystem des menschlichen Gehirns direkt beeinflusst.<\/p>\n<p>Diese Wirkung verst\u00e4rkt einige bestimmte Chemikalien, um die betreffende Funktion zu erf\u00fcllen. Dies wird auch verwendet, um die Muskeln zu entspannen, indem man richtigen Schlaf.<\/p>\n<p>Clonazolam Pulver bietet den richtigen Schlaf f\u00fcr den menschlichen K\u00f6rper. Es wird von fast jedem Arzt beim Umgang mit dem Patienten, die von Schlaflosigkeit betroffen ist. Die \u00c4rzte sind auch mit diesem in chirurgischen Operationen, wo sie wollen, dass der Patient bewusstlos werden.<\/p>\n<p>Diese Pro-Droge hilft den \u00c4rzten auch, den Patienten von anderen Drogen fernzuhalten. Es ist auch verwendet, um Alkohol aus dem gesamten K\u00f6rper durch verschiedene Prozesse. Clonazolam ist sehr gute Medizin, aber nur, wenn es verwendet wird, durch die Anforderungen des K\u00f6rpers und nach der Verschreibung.<\/p>\n<p>Clonazolam Pulver ist nicht gut f\u00fcr die menschliche Gesundheit, wenn sie f\u00fcr ein langes Intervall der Zeit. Es kann sch\u00e4digen die menschliche Gesundheit schlecht und wirkt sich auf die Neuronen-System des menschlichen Gehirns.<\/p>\n<p>Unser Online-Shop ist die Bereitstellung Clonazolam zu sehr niedrigen Preisen. Unser Shop bietet auch die Lieferung des Produkts in einer sehr kurzen Zeit.<\/p>\n<p>&nbsp;<\/p>\n<p>&nbsp;<\/p>\n<pre><strong>Buy Cheap Clonazolam Powder Online - buy Powder , buy Cheap Clonazolam Powder , buy Clonazolam Powder online, Where to Buy Cheap Clonazolam Powder , Cheap Clonazolam Powder for sale, Powder for sale, buy Cheap Clonazolam online, where to Buy Cheap Clonazolam Powder online , G\u00fcnstige Clonazolam Pulver zum Verkauf in den USA, USA, Kanada, Gro\u00dfbritannien, kaufen, online, Lieferanten, sichere Lieferung, Sie k\u00f6nnen immer noch billige Clonazolam Pulver , Ist billige Clonazolam Pulver legal in den USA, kaufen billige Clonazolam Pulver online usa, wie man billige Clonazolam Pulver bestellen , Ist billige Clonazolam Pulver legal in Kanada<\/strong><\/pre>","protected":false},"excerpt":{"rendered":"<p>Kaufen Sie billig Clonazolam Pulver online. Clonazolam enth\u00e4lt einen Benzolring, der mit einem 1,2,4-Triazolring verschmolzen ist, ist aber ansonsten strukturell identisch mit Clonazepam Wof\u00fcr wird Clonazolam verwendet? Clonazolam steht derzeit nur als Forschungsmaterial zur Verf\u00fcgung und ist nicht f\u00fcr den menschlichen Verzehr bestimmt.<\/p>\n<pre><strong>Buy Cheap Clonazolam Powder Online - buy Powder , buy Cheap Clonazolam Powder , buy Clonazolam Powder online, Where to Buy Cheap Clonazolam Powder , Cheap Clonazolam Powder for sale, Powder for sale, buy Cheap Clonazolam online, where to Buy Cheap Clonazolam Powder online , G\u00fcnstige Clonazolam Pulver zum Verkauf in den USA, USA, Kanada, Gro\u00dfbritannien, kaufen, online, Lieferanten, sichere Lieferung, Sie k\u00f6nnen immer noch billige Clonazolam Pulver , Ist billige Clonazolam Pulver legal in den USA, kaufen billige Clonazolam Pulver online usa, wie man billige Clonazolam Pulver bestellen , Ist billige Clonazolam Pulver legal in Kanada<\/strong><\/pre>","protected":false},"featured_media":10350,"comment_status":"open","ping_status":"closed","template":"","meta":{"_bst_post_transparent":"","_bst_post_title":"","_bst_post_layout":"","_bst_post_sidebar_id":"","_bst_post_content_style":"","_bst_post_vertical_padding":"","_bst_post_feature":"","_bst_post_feature_position":"","_bst_post_header":false,"_bst_post_footer":false},"product_brand":[],"product_cat":[79],"product_tag":[],"product_brands":[],"class_list":{"0":"post-10342","1":"product","2":"type-product","3":"status-publish","4":"has-post-thumbnail","6":"product_cat-research-chemicals-and-bath-salt","8":"first","9":"instock","10":"shipping-taxable","11":"purchasable","12":"product-type-variable","13":"entry","14":"content-bg","15":"loop-entry"},"tiered_pricing_type":"fixed","tiered_pricing_fixed_rules":[],"tiered_pricing_percentage_rules":[],"tiered_pricing_minimum":1,"_administrator_tiered_pricing_type":"fixed","_administrator_tiered_pricing_fixed_rules":[],"_editor_tiered_pricing_type":"fixed","_editor_tiered_pricing_fixed_rules":[],"_author_tiered_pricing_type":"fixed","_author_tiered_pricing_fixed_rules":[],"_contributor_tiered_pricing_type":"fixed","_contributor_tiered_pricing_fixed_rules":[],"_subscriber_tiered_pricing_type":"fixed","_subscriber_tiered_pricing_fixed_rules":[],"_customer_tiered_pricing_type":"fixed","_customer_tiered_pricing_fixed_rules":[],"_shop_manager_tiered_pricing_type":"fixed","_shop_manager_tiered_pricing_fixed_rules":[],"_wpseo_manager_tiered_pricing_type":"fixed","_wpseo_manager_tiered_pricing_fixed_rules":[],"_wpseo_editor_tiered_pricing_type":"fixed","_wpseo_editor_tiered_pricing_fixed_rules":[],"yoast_head":"<!-- This site is optimized with the Yoast SEO plugin v27.2 - https:\/\/yoast.com\/product\/yoast-seo-wordpress\/ -->\n<title>Buy Cheap Clonazolam Powder Online - Cheap price, top quality<\/title>\n<meta name=\"description\" content=\"Buy Clonazolam Powder Online at an affordable price at stonersmeds. All products are lab qualified and have premium quality.\" \/>\n<meta name=\"robots\" content=\"index, follow, max-snippet:-1, max-image-preview:large, max-video-preview:-1\" \/>\n<link rel=\"canonical\" href=\"https:\/\/stonersmeds.com\/de\/shop\/buy-cheap-clonazolam-powder-online\/\" \/>\n<meta property=\"og:locale\" content=\"de_DE\" \/>\n<meta property=\"og:type\" content=\"article\" \/>\n<meta property=\"og:title\" content=\"Buy Cheap Clonazolam Powder Online - Cheap price, top quality\" \/>\n<meta property=\"og:description\" content=\"Buy Clonazolam Powder Online at an affordable price at stonersmeds. All products are lab qualified and have premium quality.\" \/>\n<meta property=\"og:url\" content=\"https:\/\/stonersmeds.com\/de\/shop\/buy-cheap-clonazolam-powder-online\/\" \/>\n<meta property=\"og:site_name\" content=\"stonersmeds.com\" \/>\n<meta property=\"article:modified_time\" content=\"2026-02-22T08:30:46+00:00\" \/>\n<meta property=\"og:image\" content=\"https:\/\/stonersmeds.com\/wp-content\/uploads\/2022\/03\/Buy-cheap-clonazolam-powder-online.jpg\" \/>\n\t<meta property=\"og:image:width\" content=\"600\" \/>\n\t<meta property=\"og:image:height\" content=\"600\" \/>\n\t<meta property=\"og:image:type\" content=\"image\/jpeg\" \/>\n<meta name=\"twitter:card\" content=\"summary_large_image\" \/>\n<meta name=\"twitter:label1\" content=\"Verf\u00fcgbarkeit\" \/>\n\t<meta name=\"twitter:data1\" content=\"Auf Lager\" \/>\n<script type=\"application\/ld+json\" class=\"yoast-schema-graph\">{\"@context\":\"https:\/\/schema.org\",\"@graph\":[{\"@type\":\"WebPage\",\"@id\":\"https:\/\/stonersmeds.com\/shop\/buy-cheap-clonazolam-powder-online\/\",\"url\":\"https:\/\/stonersmeds.com\/shop\/buy-cheap-clonazolam-powder-online\/\",\"name\":\"Buy Cheap Clonazolam Powder Online - Cheap price, top quality\",\"isPartOf\":{\"@id\":\"https:\/\/stonersmeds.com\/#website\"},\"primaryImageOfPage\":{\"@id\":\"https:\/\/stonersmeds.com\/shop\/buy-cheap-clonazolam-powder-online\/#primaryimage\"},\"image\":{\"@id\":\"https:\/\/stonersmeds.com\/shop\/buy-cheap-clonazolam-powder-online\/#primaryimage\"},\"thumbnailUrl\":\"https:\/\/stonersmeds.com\/wp-content\/uploads\/2022\/03\/Buy-cheap-clonazolam-powder-online.jpg\",\"datePublished\":\"2022-03-12T06:55:58+00:00\",\"dateModified\":\"2026-02-22T08:30:46+00:00\",\"description\":\"Buy Clonazolam Powder Online at an affordable price at stonersmeds. All products are lab qualified and have premium quality.\",\"breadcrumb\":{\"@id\":\"https:\/\/stonersmeds.com\/shop\/buy-cheap-clonazolam-powder-online\/#breadcrumb\"},\"inLanguage\":\"de\",\"potentialAction\":[{\"@type\":\"ReadAction\",\"target\":[\"https:\/\/stonersmeds.com\/shop\/buy-cheap-clonazolam-powder-online\/\"]}]},{\"@type\":\"ImageObject\",\"inLanguage\":\"de\",\"@id\":\"https:\/\/stonersmeds.com\/shop\/buy-cheap-clonazolam-powder-online\/#primaryimage\",\"url\":\"https:\/\/stonersmeds.com\/wp-content\/uploads\/2022\/03\/Buy-cheap-clonazolam-powder-online.jpg\",\"contentUrl\":\"https:\/\/stonersmeds.com\/wp-content\/uploads\/2022\/03\/Buy-cheap-clonazolam-powder-online.jpg\",\"width\":600,\"height\":600},{\"@type\":\"BreadcrumbList\",\"@id\":\"https:\/\/stonersmeds.com\/shop\/buy-cheap-clonazolam-powder-online\/#breadcrumb\",\"itemListElement\":[{\"@type\":\"ListItem\",\"position\":1,\"name\":\"Home\",\"item\":\"https:\/\/stonersmeds.com\/\"},{\"@type\":\"ListItem\",\"position\":2,\"name\":\"Shop\",\"item\":\"https:\/\/stonersmeds.com\/shop\/\"},{\"@type\":\"ListItem\",\"position\":3,\"name\":\"Buy Cheap Clonazolam Powder Online\"}]},{\"@type\":\"WebSite\",\"@id\":\"https:\/\/stonersmeds.com\/#website\",\"url\":\"https:\/\/stonersmeds.com\/\",\"name\":\"stonersmeds.com\",\"description\":\"verschreibungspflichtige Medizin kaufen\",\"publisher\":{\"@id\":\"https:\/\/stonersmeds.com\/#organization\"},\"alternateName\":\"Research chemical shop\",\"potentialAction\":[{\"@type\":\"SearchAction\",\"target\":{\"@type\":\"EntryPoint\",\"urlTemplate\":\"https:\/\/stonersmeds.com\/?s={search_term_string}\"},\"query-input\":{\"@type\":\"PropertyValueSpecification\",\"valueRequired\":true,\"valueName\":\"search_term_string\"}}],\"inLanguage\":\"de\"},{\"@type\":\"Organization\",\"@id\":\"https:\/\/stonersmeds.com\/#organization\",\"name\":\"Stonersmeds Shop\",\"url\":\"https:\/\/stonersmeds.com\/\",\"logo\":{\"@type\":\"ImageObject\",\"inLanguage\":\"de\",\"@id\":\"https:\/\/stonersmeds.com\/#\/schema\/logo\/image\/\",\"url\":\"https:\/\/stonersmeds.com\/wp-content\/uploads\/2026\/02\/high-purity-DMT-powder.jpg\",\"contentUrl\":\"https:\/\/stonersmeds.com\/wp-content\/uploads\/2026\/02\/high-purity-DMT-powder.jpg\",\"width\":500,\"height\":500,\"caption\":\"Stonersmeds Shop\"},\"image\":{\"@id\":\"https:\/\/stonersmeds.com\/#\/schema\/logo\/image\/\"}}]}<\/script>\n<meta property=\"og:availability\" content=\"instock\" \/>\n<meta property=\"product:availability\" content=\"instock\" \/>\n<meta property=\"product:condition\" content=\"new\" \/>\n<!-- \/ Yoast SEO plugin. -->","yoast_head_json":{"title":"Buy Cheap Clonazolam Powder Online - G\u00fcnstiger Preis, Top-Qualit\u00e4t","description":"Kaufen Sie Clonazolam Powder Online zu einem erschwinglichen Preis bei stonersmeds. Alle Produkte sind Labor qualifiziert und haben Premium-Qualit\u00e4t.","robots":{"index":"index","follow":"follow","max-snippet":"max-snippet:-1","max-image-preview":"max-image-preview:large","max-video-preview":"max-video-preview:-1"},"canonical":"https:\/\/stonersmeds.com\/de\/shop\/buy-cheap-clonazolam-powder-online\/","og_locale":"de_DE","og_type":"article","og_title":"Buy Cheap Clonazolam Powder Online - Cheap price, top quality","og_description":"Buy Clonazolam Powder Online at an affordable price at stonersmeds. All products are lab qualified and have premium quality.","og_url":"https:\/\/stonersmeds.com\/de\/shop\/buy-cheap-clonazolam-powder-online\/","og_site_name":"stonersmeds.com","article_modified_time":"2026-02-22T08:30:46+00:00","og_image":[{"width":600,"height":600,"url":"https:\/\/stonersmeds.com\/wp-content\/uploads\/2022\/03\/Buy-cheap-clonazolam-powder-online.jpg","type":"image\/jpeg"}],"twitter_card":"summary_large_image","twitter_misc":{"Verf\u00fcgbarkeit":"Auf Lager"},"schema":{"@context":"https:\/\/schema.org","@graph":[{"@type":"WebPage","@id":"https:\/\/stonersmeds.com\/shop\/buy-cheap-clonazolam-powder-online\/","url":"https:\/\/stonersmeds.com\/shop\/buy-cheap-clonazolam-powder-online\/","name":"Buy Cheap Clonazolam Powder Online - G\u00fcnstiger Preis, Top-Qualit\u00e4t","isPartOf":{"@id":"https:\/\/stonersmeds.com\/#website"},"primaryImageOfPage":{"@id":"https:\/\/stonersmeds.com\/shop\/buy-cheap-clonazolam-powder-online\/#primaryimage"},"image":{"@id":"https:\/\/stonersmeds.com\/shop\/buy-cheap-clonazolam-powder-online\/#primaryimage"},"thumbnailUrl":"https:\/\/stonersmeds.com\/wp-content\/uploads\/2022\/03\/Buy-cheap-clonazolam-powder-online.jpg","datePublished":"2022-03-12T06:55:58+00:00","dateModified":"2026-02-22T08:30:46+00:00","description":"Kaufen Sie Clonazolam Powder Online zu einem erschwinglichen Preis bei stonersmeds. Alle Produkte sind Labor qualifiziert und haben Premium-Qualit\u00e4t.","breadcrumb":{"@id":"https:\/\/stonersmeds.com\/shop\/buy-cheap-clonazolam-powder-online\/#breadcrumb"},"inLanguage":"de","potentialAction":[{"@type":"ReadAction","target":["https:\/\/stonersmeds.com\/shop\/buy-cheap-clonazolam-powder-online\/"]}]},{"@type":"ImageObject","inLanguage":"de","@id":"https:\/\/stonersmeds.com\/shop\/buy-cheap-clonazolam-powder-online\/#primaryimage","url":"https:\/\/stonersmeds.com\/wp-content\/uploads\/2022\/03\/Buy-cheap-clonazolam-powder-online.jpg","contentUrl":"https:\/\/stonersmeds.com\/wp-content\/uploads\/2022\/03\/Buy-cheap-clonazolam-powder-online.jpg","width":600,"height":600},{"@type":"BreadcrumbList","@id":"https:\/\/stonersmeds.com\/shop\/buy-cheap-clonazolam-powder-online\/#breadcrumb","itemListElement":[{"@type":"ListItem","position":1,"name":"Home","item":"https:\/\/stonersmeds.com\/"},{"@type":"ListItem","position":2,"name":"Shop","item":"https:\/\/stonersmeds.com\/shop\/"},{"@type":"ListItem","position":3,"name":"Buy Cheap Clonazolam Powder Online"}]},{"@type":"WebSite","@id":"https:\/\/stonersmeds.com\/#website","url":"https:\/\/stonersmeds.com\/","name":"stonersmeds.com","description":"verschreibungspflichtige Medizin kaufen","publisher":{"@id":"https:\/\/stonersmeds.com\/#organization"},"alternateName":"Research chemical shop","potentialAction":[{"@type":"SearchAction","target":{"@type":"EntryPoint","urlTemplate":"https:\/\/stonersmeds.com\/?s={search_term_string}"},"query-input":{"@type":"PropertyValueSpecification","valueRequired":true,"valueName":"search_term_string"}}],"inLanguage":"de"},{"@type":"Organization","@id":"https:\/\/stonersmeds.com\/#organization","name":"Stonersmeds Shop","url":"https:\/\/stonersmeds.com\/","logo":{"@type":"ImageObject","inLanguage":"de","@id":"https:\/\/stonersmeds.com\/#\/schema\/logo\/image\/","url":"https:\/\/stonersmeds.com\/wp-content\/uploads\/2026\/02\/high-purity-DMT-powder.jpg","contentUrl":"https:\/\/stonersmeds.com\/wp-content\/uploads\/2026\/02\/high-purity-DMT-powder.jpg","width":500,"height":500,"caption":"Stonersmeds Shop"},"image":{"@id":"https:\/\/stonersmeds.com\/#\/schema\/logo\/image\/"}}]},"og_availability":"instock","product_availability":"instock","product_condition":"new"},"_links":{"self":[{"href":"https:\/\/stonersmeds.com\/de\/wp-json\/wp\/v2\/product\/10342","targetHints":{"allow":["GET"]}}],"collection":[{"href":"https:\/\/stonersmeds.com\/de\/wp-json\/wp\/v2\/product"}],"about":[{"href":"https:\/\/stonersmeds.com\/de\/wp-json\/wp\/v2\/types\/product"}],"replies":[{"embeddable":true,"href":"https:\/\/stonersmeds.com\/de\/wp-json\/wp\/v2\/comments?post=10342"}],"version-history":[{"count":0,"href":"https:\/\/stonersmeds.com\/de\/wp-json\/wp\/v2\/product\/10342\/revisions"}],"wp:featuredmedia":[{"embeddable":true,"href":"https:\/\/stonersmeds.com\/de\/wp-json\/wp\/v2\/media\/10350"}],"wp:attachment":[{"href":"https:\/\/stonersmeds.com\/de\/wp-json\/wp\/v2\/media?parent=10342"}],"wp:term":[{"taxonomy":"product_brand","embeddable":true,"href":"https:\/\/stonersmeds.com\/de\/wp-json\/wp\/v2\/product_brand?post=10342"},{"taxonomy":"product_cat","embeddable":true,"href":"https:\/\/stonersmeds.com\/de\/wp-json\/wp\/v2\/product_cat?post=10342"},{"taxonomy":"product_tag","embeddable":true,"href":"https:\/\/stonersmeds.com\/de\/wp-json\/wp\/v2\/product_tag?post=10342"},{"taxonomy":"product_brands","embeddable":true,"href":"https:\/\/stonersmeds.com\/de\/wp-json\/wp\/v2\/product_brands?post=10342"}],"curies":[{"name":"wp","href":"https:\/\/api.w.org\/{rel}","templated":true}]}}