{"id":10352,"date":"2022-03-12T07:01:15","date_gmt":"2022-03-12T07:01:15","guid":{"rendered":"https:\/\/stonersmeds.com\/?post_type=product&#038;p=10352"},"modified":"2026-02-25T19:20:06","modified_gmt":"2026-02-25T17:20:06","slug":"buy-cheap-th-pvp-crystal-online","status":"publish","type":"product","link":"https:\/\/stonersmeds.com\/de\/shop\/buy-cheap-th-pvp-crystal-online\/","title":{"rendered":"Kaufen Sie TH-PVP Kristall online"},"content":{"rendered":"<h1>Kaufen Sie g\u00fcnstige TH-PVP-Kristalle online.<\/h1>\n<p>G\u00fcnstig TH-PVP Crystal online kaufen.<\/p>\n<p>Kaufen Sie TH-PVP online beim wahrscheinlich besten B\u00fcrotransport weltweit. TH-PVP ist ein Energizer wie a-PVP. \u00dcber diese Verbindung in dieser Richtung ist wenig bekannt, was eine enorme offene T\u00fcr f\u00fcr die Forschung bietet.<\/p>\n<p>Wir sind der beste Anbieter von China TH-PVP und wir werden als der beste TH-PVP Reddit-H\u00e4ndler angesehen. Wenn Sie nach einem seri\u00f6sen TH-PVP-Rabattverk\u00e4ufer suchen, suchen Sie zu diesem Zeitpunkt nirgendwo anders als bei uns.<\/p>\n<p><strong>Kaufen Sie TH-PVP ONLINE BEI UNS<\/strong><\/p>\n<p>F\u00fcr den Fall, dass Sie im Internet nach einem TH-PVP-Shop suchen, der Ihnen die M\u00f6glichkeit bietet, TH-PVP-Juwelen sicher online zu arrangieren, ist Classicarabians die beste Adresse. Wir haben eine Menge verschiedener Kunststoffe f\u00fcr Forschungszwecke in der N\u00e4he von TH-PVP und anderen TH-PVP-Analoga, die einsatzbereit sind. Unsere Strategie ist au\u00dfergew\u00f6hnlich unkompliziert und einfach, den erweiterten Zugang zu nutzen, um TH-PVP-Edelsteine g\u00fcnstig online zu erm\u00e4\u00dfigten Preisen von Herstellern und Anbietern in China zu kaufen.<\/p>\n<p>F\u00fcr den Fall, dass Sie jemand aus den USA, Kanada, Gro\u00dfbritannien, Australien oder Europa sind und den Artikel so schnell wie m\u00f6glich ben\u00f6tigen, liefern wir weltweit. Wie dem auch sei, wir empfehlen Ihnen, die Anwendungen und Symptome von TH-PVP vor der Anfrage zu kennen. Dar\u00fcber hinaus gibt es einige legitime Auswirkungen im Zusammenhang mit dem Online-Kauf von TH-PVP-Edelsteinen ohne ausdr\u00fcckliche Abhilfe, die Sie kennen sollten. Classicarabians ist der Bestseller, um TH-PVP online zu kaufen, um Ihre logische Erforschung mit den am besten zug\u00e4nglichen Substanzmaterialien zu unterst\u00fctzen. Wie dem auch sei, wir empfehlen Ihnen, die Anwendungen und Symptome von TH-PVP vor der Anfrage zu kennen. Dar\u00fcber hinaus gibt es einige legitime Auswirkungen im Zusammenhang mit dem Online-Kauf von TH-PVP-Edelsteinen ohne ausdr\u00fcckliche Abhilfe, die Sie kennen sollten.<\/p>\n<p>Wir geben die beste Menge und Qualit\u00e4t der Artikel. versuchen Sie nicht, Ihre Zeit zu verbrennen. Geben Sie jetzt Ihre Anfrage ein und erhalten Sie den Artikel direkt vor Ihrer Haust\u00fcr. Wir haben auch<br \/>\nWachs des Todessterns<\/p>\n<p>&nbsp;<\/p>\n<p>&nbsp;<\/p>\n<pre><strong>Kaufen Sie billiges TH-PVP-Kristall online - kaufen Sie Kristall, kaufen Sie billiges TH-PVP-Kristall, kaufen Sie billiges TH-PVP online, wo Sie billiges TH-PVP-Kristall kaufen k\u00f6nnen, billiges TH-PVP-Kristall zum Verkauf, PVP-Kristall zum Verkauf, kaufen Sie billiges Kristall online, wo man billiges TH-PVP-Kristall online kaufen kann, billiges TH-PVP-Kristall zum Verkauf in den USA, USA, Kanada, Gro\u00dfbritannien, kaufen, online, Lieferanten, sichere Lieferung, Sie k\u00f6nnen immer noch billiges TH-PVP-Kristall bekommen, ist billiges TH -PVP-Kristall legal in den USA, billiges TH-PVP-Kristall online in den USA kaufen, wie man billiges TH-PVP-Kristall bestellt, ist billiges TH-PVP-Kristall in Kanada legal<\/strong><\/pre>","protected":false},"excerpt":{"rendered":"<p>uy billig TH-PVP Kristall online. Echtes TH-PVP Kristall online - TH-PVP Kristall zum Verkauf | TH-PVP Kristall online kaufen | TH-PVP Kristallpulver zum Verkauf kaufen | TH-PVP Kristallpulver g\u00fcnstig kaufen | Wo kann man TH-PVP Kristallpulver online kaufen.<\/p>\n<pre><strong>Kaufen Sie billiges TH-PVP-Kristall online - kaufen Sie Kristall, kaufen Sie billiges TH-PVP-Kristall, kaufen Sie billiges TH-PVP online, wo Sie billiges TH-PVP-Kristall kaufen k\u00f6nnen, billiges TH-PVP-Kristall zum Verkauf, PVP-Kristall zum Verkauf, kaufen Sie billiges Kristall online, wo man billiges TH-PVP-Kristall online kaufen kann, billiges TH-PVP-Kristall zum Verkauf in den USA, USA, Kanada, Gro\u00dfbritannien, kaufen, online, Lieferanten, sichere Lieferung, Sie k\u00f6nnen immer noch billiges TH-PVP-Kristall bekommen, ist billiges TH -PVP-Kristall legal in den USA, billiges TH-PVP-Kristall online in den USA kaufen, wie man billiges TH-PVP-Kristall bestellt, ist billiges TH-PVP-Kristall in Kanada legal<\/strong><\/pre>","protected":false},"featured_media":10367,"comment_status":"open","ping_status":"closed","template":"","meta":{"_bst_post_transparent":"","_bst_post_title":"","_bst_post_layout":"","_bst_post_sidebar_id":"","_bst_post_content_style":"","_bst_post_vertical_padding":"","_bst_post_feature":"","_bst_post_feature_position":"","_bst_post_header":false,"_bst_post_footer":false},"product_brand":[],"product_cat":[79],"product_tag":[],"product_brands":[],"class_list":{"0":"post-10352","1":"product","2":"type-product","3":"status-publish","4":"has-post-thumbnail","6":"product_cat-research-chemicals-and-bath-salt","8":"first","9":"instock","10":"shipping-taxable","11":"purchasable","12":"product-type-variable","13":"entry","14":"content-bg","15":"loop-entry"},"tiered_pricing_type":"fixed","tiered_pricing_fixed_rules":[],"tiered_pricing_percentage_rules":[],"tiered_pricing_minimum":1,"_administrator_tiered_pricing_type":"fixed","_administrator_tiered_pricing_fixed_rules":[],"_editor_tiered_pricing_type":"fixed","_editor_tiered_pricing_fixed_rules":[],"_author_tiered_pricing_type":"fixed","_author_tiered_pricing_fixed_rules":[],"_contributor_tiered_pricing_type":"fixed","_contributor_tiered_pricing_fixed_rules":[],"_subscriber_tiered_pricing_type":"fixed","_subscriber_tiered_pricing_fixed_rules":[],"_customer_tiered_pricing_type":"fixed","_customer_tiered_pricing_fixed_rules":[],"_shop_manager_tiered_pricing_type":"fixed","_shop_manager_tiered_pricing_fixed_rules":[],"_wpseo_manager_tiered_pricing_type":"fixed","_wpseo_manager_tiered_pricing_fixed_rules":[],"_wpseo_editor_tiered_pricing_type":"fixed","_wpseo_editor_tiered_pricing_fixed_rules":[],"yoast_head":"<!-- This site is optimized with the Yoast SEO plugin v27.2 - https:\/\/yoast.com\/product\/yoast-seo-wordpress\/ -->\n<title>Buy TH-PVP Crystal Online - Cheap price, top quality<\/title>\n<meta name=\"description\" content=\"Buy cheap TH-PVP Crystal Online at an affordable price at stonersmeds. All products are lab qualified and have premium quality.\" \/>\n<meta name=\"robots\" content=\"index, follow, max-snippet:-1, max-image-preview:large, max-video-preview:-1\" \/>\n<link rel=\"canonical\" href=\"https:\/\/stonersmeds.com\/de\/shop\/buy-cheap-th-pvp-crystal-online\/\" \/>\n<meta property=\"og:locale\" content=\"de_DE\" \/>\n<meta property=\"og:type\" content=\"article\" \/>\n<meta property=\"og:title\" content=\"Buy TH-PVP Crystal Online - Cheap price, top quality\" \/>\n<meta property=\"og:description\" content=\"Buy cheap TH-PVP Crystal Online at an affordable price at stonersmeds. All products are lab qualified and have premium quality.\" \/>\n<meta property=\"og:url\" content=\"https:\/\/stonersmeds.com\/de\/shop\/buy-cheap-th-pvp-crystal-online\/\" \/>\n<meta property=\"og:site_name\" content=\"stonersmeds.com\" \/>\n<meta property=\"article:modified_time\" content=\"2026-02-25T17:20:06+00:00\" \/>\n<meta property=\"og:image\" content=\"https:\/\/stonersmeds.com\/wp-content\/uploads\/2022\/03\/buy-cheap-th-pvp-crystal-online.jpg\" \/>\n\t<meta property=\"og:image:width\" content=\"600\" \/>\n\t<meta property=\"og:image:height\" content=\"600\" \/>\n\t<meta property=\"og:image:type\" content=\"image\/jpeg\" \/>\n<meta name=\"twitter:card\" content=\"summary_large_image\" \/>\n<meta name=\"twitter:label1\" content=\"Verf\u00fcgbarkeit\" \/>\n\t<meta name=\"twitter:data1\" content=\"Auf Lager\" \/>\n<script type=\"application\/ld+json\" class=\"yoast-schema-graph\">{\"@context\":\"https:\/\/schema.org\",\"@graph\":[{\"@type\":\"WebPage\",\"@id\":\"https:\/\/stonersmeds.com\/shop\/buy-cheap-th-pvp-crystal-online\/\",\"url\":\"https:\/\/stonersmeds.com\/shop\/buy-cheap-th-pvp-crystal-online\/\",\"name\":\"Buy TH-PVP Crystal Online - Cheap price, top quality\",\"isPartOf\":{\"@id\":\"https:\/\/stonersmeds.com\/#website\"},\"primaryImageOfPage\":{\"@id\":\"https:\/\/stonersmeds.com\/shop\/buy-cheap-th-pvp-crystal-online\/#primaryimage\"},\"image\":{\"@id\":\"https:\/\/stonersmeds.com\/shop\/buy-cheap-th-pvp-crystal-online\/#primaryimage\"},\"thumbnailUrl\":\"https:\/\/stonersmeds.com\/wp-content\/uploads\/2022\/03\/buy-cheap-th-pvp-crystal-online.jpg\",\"datePublished\":\"2022-03-12T07:01:15+00:00\",\"dateModified\":\"2026-02-25T17:20:06+00:00\",\"description\":\"Buy cheap TH-PVP Crystal Online at an affordable price at stonersmeds. All products are lab qualified and have premium quality.\",\"breadcrumb\":{\"@id\":\"https:\/\/stonersmeds.com\/shop\/buy-cheap-th-pvp-crystal-online\/#breadcrumb\"},\"inLanguage\":\"de\",\"potentialAction\":[{\"@type\":\"ReadAction\",\"target\":[\"https:\/\/stonersmeds.com\/shop\/buy-cheap-th-pvp-crystal-online\/\"]}]},{\"@type\":\"ImageObject\",\"inLanguage\":\"de\",\"@id\":\"https:\/\/stonersmeds.com\/shop\/buy-cheap-th-pvp-crystal-online\/#primaryimage\",\"url\":\"https:\/\/stonersmeds.com\/wp-content\/uploads\/2022\/03\/buy-cheap-th-pvp-crystal-online.jpg\",\"contentUrl\":\"https:\/\/stonersmeds.com\/wp-content\/uploads\/2022\/03\/buy-cheap-th-pvp-crystal-online.jpg\",\"width\":600,\"height\":600},{\"@type\":\"BreadcrumbList\",\"@id\":\"https:\/\/stonersmeds.com\/shop\/buy-cheap-th-pvp-crystal-online\/#breadcrumb\",\"itemListElement\":[{\"@type\":\"ListItem\",\"position\":1,\"name\":\"Home\",\"item\":\"https:\/\/stonersmeds.com\/\"},{\"@type\":\"ListItem\",\"position\":2,\"name\":\"Shop\",\"item\":\"https:\/\/stonersmeds.com\/shop\/\"},{\"@type\":\"ListItem\",\"position\":3,\"name\":\"Buy TH-PVP Crystal Online\"}]},{\"@type\":\"WebSite\",\"@id\":\"https:\/\/stonersmeds.com\/#website\",\"url\":\"https:\/\/stonersmeds.com\/\",\"name\":\"stonersmeds.com\",\"description\":\"verschreibungspflichtige Medizin kaufen\",\"publisher\":{\"@id\":\"https:\/\/stonersmeds.com\/#organization\"},\"alternateName\":\"Research chemical shop\",\"potentialAction\":[{\"@type\":\"SearchAction\",\"target\":{\"@type\":\"EntryPoint\",\"urlTemplate\":\"https:\/\/stonersmeds.com\/?s={search_term_string}\"},\"query-input\":{\"@type\":\"PropertyValueSpecification\",\"valueRequired\":true,\"valueName\":\"search_term_string\"}}],\"inLanguage\":\"de\"},{\"@type\":\"Organization\",\"@id\":\"https:\/\/stonersmeds.com\/#organization\",\"name\":\"Stonersmeds Shop\",\"url\":\"https:\/\/stonersmeds.com\/\",\"logo\":{\"@type\":\"ImageObject\",\"inLanguage\":\"de\",\"@id\":\"https:\/\/stonersmeds.com\/#\/schema\/logo\/image\/\",\"url\":\"https:\/\/stonersmeds.com\/wp-content\/uploads\/2026\/02\/high-purity-DMT-powder.jpg\",\"contentUrl\":\"https:\/\/stonersmeds.com\/wp-content\/uploads\/2026\/02\/high-purity-DMT-powder.jpg\",\"width\":500,\"height\":500,\"caption\":\"Stonersmeds Shop\"},\"image\":{\"@id\":\"https:\/\/stonersmeds.com\/#\/schema\/logo\/image\/\"}}]}<\/script>\n<meta property=\"og:availability\" content=\"instock\" \/>\n<meta property=\"product:availability\" content=\"instock\" \/>\n<meta property=\"product:condition\" content=\"new\" \/>\n<!-- \/ Yoast SEO plugin. -->","yoast_head_json":{"title":"TH-PVP Crystal Online kaufen - G\u00fcnstiger Preis, beste Qualit\u00e4t","description":"Kaufen Sie billig TH-PVP Crystal Online zu einem erschwinglichen Preis bei stonersmeds. Alle Produkte sind Labor qualifiziert und haben Premium-Qualit\u00e4t.","robots":{"index":"index","follow":"follow","max-snippet":"max-snippet:-1","max-image-preview":"max-image-preview:large","max-video-preview":"max-video-preview:-1"},"canonical":"https:\/\/stonersmeds.com\/de\/shop\/buy-cheap-th-pvp-crystal-online\/","og_locale":"de_DE","og_type":"article","og_title":"Buy TH-PVP Crystal Online - Cheap price, top quality","og_description":"Buy cheap TH-PVP Crystal Online at an affordable price at stonersmeds. All products are lab qualified and have premium quality.","og_url":"https:\/\/stonersmeds.com\/de\/shop\/buy-cheap-th-pvp-crystal-online\/","og_site_name":"stonersmeds.com","article_modified_time":"2026-02-25T17:20:06+00:00","og_image":[{"width":600,"height":600,"url":"https:\/\/stonersmeds.com\/wp-content\/uploads\/2022\/03\/buy-cheap-th-pvp-crystal-online.jpg","type":"image\/jpeg"}],"twitter_card":"summary_large_image","twitter_misc":{"Verf\u00fcgbarkeit":"Auf Lager"},"schema":{"@context":"https:\/\/schema.org","@graph":[{"@type":"WebPage","@id":"https:\/\/stonersmeds.com\/shop\/buy-cheap-th-pvp-crystal-online\/","url":"https:\/\/stonersmeds.com\/shop\/buy-cheap-th-pvp-crystal-online\/","name":"TH-PVP Crystal Online kaufen - G\u00fcnstiger Preis, beste Qualit\u00e4t","isPartOf":{"@id":"https:\/\/stonersmeds.com\/#website"},"primaryImageOfPage":{"@id":"https:\/\/stonersmeds.com\/shop\/buy-cheap-th-pvp-crystal-online\/#primaryimage"},"image":{"@id":"https:\/\/stonersmeds.com\/shop\/buy-cheap-th-pvp-crystal-online\/#primaryimage"},"thumbnailUrl":"https:\/\/stonersmeds.com\/wp-content\/uploads\/2022\/03\/buy-cheap-th-pvp-crystal-online.jpg","datePublished":"2022-03-12T07:01:15+00:00","dateModified":"2026-02-25T17:20:06+00:00","description":"Kaufen Sie billig TH-PVP Crystal Online zu einem erschwinglichen Preis bei stonersmeds. Alle Produkte sind Labor qualifiziert und haben Premium-Qualit\u00e4t.","breadcrumb":{"@id":"https:\/\/stonersmeds.com\/shop\/buy-cheap-th-pvp-crystal-online\/#breadcrumb"},"inLanguage":"de","potentialAction":[{"@type":"ReadAction","target":["https:\/\/stonersmeds.com\/shop\/buy-cheap-th-pvp-crystal-online\/"]}]},{"@type":"ImageObject","inLanguage":"de","@id":"https:\/\/stonersmeds.com\/shop\/buy-cheap-th-pvp-crystal-online\/#primaryimage","url":"https:\/\/stonersmeds.com\/wp-content\/uploads\/2022\/03\/buy-cheap-th-pvp-crystal-online.jpg","contentUrl":"https:\/\/stonersmeds.com\/wp-content\/uploads\/2022\/03\/buy-cheap-th-pvp-crystal-online.jpg","width":600,"height":600},{"@type":"BreadcrumbList","@id":"https:\/\/stonersmeds.com\/shop\/buy-cheap-th-pvp-crystal-online\/#breadcrumb","itemListElement":[{"@type":"ListItem","position":1,"name":"Home","item":"https:\/\/stonersmeds.com\/"},{"@type":"ListItem","position":2,"name":"Shop","item":"https:\/\/stonersmeds.com\/shop\/"},{"@type":"ListItem","position":3,"name":"Buy TH-PVP Crystal Online"}]},{"@type":"WebSite","@id":"https:\/\/stonersmeds.com\/#website","url":"https:\/\/stonersmeds.com\/","name":"stonersmeds.com","description":"verschreibungspflichtige Medizin kaufen","publisher":{"@id":"https:\/\/stonersmeds.com\/#organization"},"alternateName":"Research chemical shop","potentialAction":[{"@type":"SearchAction","target":{"@type":"EntryPoint","urlTemplate":"https:\/\/stonersmeds.com\/?s={search_term_string}"},"query-input":{"@type":"PropertyValueSpecification","valueRequired":true,"valueName":"search_term_string"}}],"inLanguage":"de"},{"@type":"Organization","@id":"https:\/\/stonersmeds.com\/#organization","name":"Stonersmeds Shop","url":"https:\/\/stonersmeds.com\/","logo":{"@type":"ImageObject","inLanguage":"de","@id":"https:\/\/stonersmeds.com\/#\/schema\/logo\/image\/","url":"https:\/\/stonersmeds.com\/wp-content\/uploads\/2026\/02\/high-purity-DMT-powder.jpg","contentUrl":"https:\/\/stonersmeds.com\/wp-content\/uploads\/2026\/02\/high-purity-DMT-powder.jpg","width":500,"height":500,"caption":"Stonersmeds Shop"},"image":{"@id":"https:\/\/stonersmeds.com\/#\/schema\/logo\/image\/"}}]},"og_availability":"instock","product_availability":"instock","product_condition":"new"},"_links":{"self":[{"href":"https:\/\/stonersmeds.com\/de\/wp-json\/wp\/v2\/product\/10352","targetHints":{"allow":["GET"]}}],"collection":[{"href":"https:\/\/stonersmeds.com\/de\/wp-json\/wp\/v2\/product"}],"about":[{"href":"https:\/\/stonersmeds.com\/de\/wp-json\/wp\/v2\/types\/product"}],"replies":[{"embeddable":true,"href":"https:\/\/stonersmeds.com\/de\/wp-json\/wp\/v2\/comments?post=10352"}],"version-history":[{"count":0,"href":"https:\/\/stonersmeds.com\/de\/wp-json\/wp\/v2\/product\/10352\/revisions"}],"wp:featuredmedia":[{"embeddable":true,"href":"https:\/\/stonersmeds.com\/de\/wp-json\/wp\/v2\/media\/10367"}],"wp:attachment":[{"href":"https:\/\/stonersmeds.com\/de\/wp-json\/wp\/v2\/media?parent=10352"}],"wp:term":[{"taxonomy":"product_brand","embeddable":true,"href":"https:\/\/stonersmeds.com\/de\/wp-json\/wp\/v2\/product_brand?post=10352"},{"taxonomy":"product_cat","embeddable":true,"href":"https:\/\/stonersmeds.com\/de\/wp-json\/wp\/v2\/product_cat?post=10352"},{"taxonomy":"product_tag","embeddable":true,"href":"https:\/\/stonersmeds.com\/de\/wp-json\/wp\/v2\/product_tag?post=10352"},{"taxonomy":"product_brands","embeddable":true,"href":"https:\/\/stonersmeds.com\/de\/wp-json\/wp\/v2\/product_brands?post=10352"}],"curies":[{"name":"wp","href":"https:\/\/api.w.org\/{rel}","templated":true}]}}