{"id":10402,"date":"2022-03-12T07:28:32","date_gmt":"2022-03-12T07:28:32","guid":{"rendered":"https:\/\/stonersmeds.com\/?post_type=product&#038;p=10402"},"modified":"2026-03-02T10:20:49","modified_gmt":"2026-03-02T08:20:49","slug":"buy-quick-silver-bath-salt-online","status":"publish","type":"product","link":"https:\/\/stonersmeds.com\/de\/shop\/buy-quick-silver-bath-salt-online\/","title":{"rendered":"Kaufen Sie Quick Silver Badesalz online"},"content":{"rendered":"<p><strong>Kaufen Sie Quick Silver Badesalz online<\/strong><\/p>\n<p>Badesalzprodukte online kaufen<\/p>\n<p>Zur Linderung von Schmerzen, Muskelkr\u00e4mpfen und Wehwehchen tauchen Sie einfach ein Handtuch in ein Bad oder eine Sch\u00fcssel mit Badesalz und hei\u00dfem Wasser und legen es darauf. Das entspannt den K\u00f6rper und hilft Ihnen, besser zu schlafen. Manik\u00fcre und Pedik\u00fcre: Geben Sie einen halben Teel\u00f6ffel in eine Sch\u00fcssel mit warmem Wasser und tauchen Sie Ihre F\u00fc\u00dfe oder H\u00e4nde darin ein. Dadurch werden auch abgestorbene Hautzellen entfernt. Manik\u00fcre und Pedik\u00fcre: Geben Sie einen halben Teel\u00f6ffel in eine Sch\u00fcssel mit warmem Wasser und tauchen Sie Ihre F\u00fc\u00dfe oder H\u00e4nde darin ein.<\/p>\n<pre><strong>Kaufen Sie Quick Silver Bath Salt Online - kaufen Sie Quick Silver Bath Salt , kaufen Sie Quick Silver Bath Salt usa , kaufen Sie Quick Silver Bath Salt online USA , Wo kann man Quick Silver Bath Salt kaufen , Quick Silver Bath Salt for sale, Quick Silver Bath Salt for sale near me , kaufen Sie Quick Silver Bath Salt online near me , wo kann man Quick Silver Bath Salt online kaufen , Quick Silver Bath Salt for sale in usa , USA, canada,uk, buy, online, suppliers, safe delivery, You can still get Quick Silver Bath Salt , Is Quick Silver Bath Salt legal in usa, buy Quick Silver Bath Salt online usa, how to order Quick Silver Bath Salt , Is Quick Silver Bath Salt legal in Canada<\/strong><\/pre>","protected":false},"excerpt":{"rendered":"<p>Schnelles Silber-Badesalz online kaufen<br \/>\nKaufen Quicksilver Badesalz zum Verkauf in Gro\u00dfbritannien, Europa, Australien. Wir bieten die zuverl\u00e4ssigsten Angebote und verkaufen zu sehr wettbewerbsf\u00e4higen Preisen. Bestellen Sie Quicksilver Badesalz jetzt zum besten Preis.<\/p>\n<p><strong>Der Produktpreis gilt f\u00fcr 10 Gramm<\/strong><\/p>\n<pre><strong>Kaufen Sie Quick Silver Bath Salt Online - kaufen Sie Quick Silver Bath Salt , kaufen Sie Quick Silver Bath Salt usa , kaufen Sie Quick Silver Bath Salt online USA , Wo kann man Quick Silver Bath Salt kaufen , Quick Silver Bath Salt for sale, Quick Silver Bath Salt for sale near me , kaufen Sie Quick Silver Bath Salt online near me , wo kann man Quick Silver Bath Salt online kaufen , Quick Silver Bath Salt for sale in usa , USA, canada,uk, buy, online, suppliers, safe delivery, You can still get Quick Silver Bath Salt , Is Quick Silver Bath Salt legal in usa, buy Quick Silver Bath Salt online usa, how to order Quick Silver Bath Salt , Is Quick Silver Bath Salt legal in Canada<\/strong><\/pre>","protected":false},"featured_media":10418,"comment_status":"open","ping_status":"closed","template":"","meta":{"_bst_post_transparent":"","_bst_post_title":"","_bst_post_layout":"","_bst_post_sidebar_id":"","_bst_post_content_style":"","_bst_post_vertical_padding":"","_bst_post_feature":"","_bst_post_feature_position":"","_bst_post_header":false,"_bst_post_footer":false},"product_brand":[],"product_cat":[79],"product_tag":[],"product_brands":[],"class_list":{"0":"post-10402","1":"product","2":"type-product","3":"status-publish","4":"has-post-thumbnail","6":"product_cat-research-chemicals-and-bath-salt","8":"first","9":"instock","10":"shipping-taxable","11":"purchasable","12":"product-type-variable","13":"entry","14":"content-bg","15":"loop-entry"},"tiered_pricing_type":"fixed","tiered_pricing_fixed_rules":[],"tiered_pricing_percentage_rules":[],"tiered_pricing_minimum":1,"_administrator_tiered_pricing_type":"fixed","_administrator_tiered_pricing_fixed_rules":[],"_editor_tiered_pricing_type":"fixed","_editor_tiered_pricing_fixed_rules":[],"_author_tiered_pricing_type":"fixed","_author_tiered_pricing_fixed_rules":[],"_contributor_tiered_pricing_type":"fixed","_contributor_tiered_pricing_fixed_rules":[],"_subscriber_tiered_pricing_type":"fixed","_subscriber_tiered_pricing_fixed_rules":[],"_customer_tiered_pricing_type":"fixed","_customer_tiered_pricing_fixed_rules":[],"_shop_manager_tiered_pricing_type":"fixed","_shop_manager_tiered_pricing_fixed_rules":[],"_wpseo_manager_tiered_pricing_type":"fixed","_wpseo_manager_tiered_pricing_fixed_rules":[],"_wpseo_editor_tiered_pricing_type":"fixed","_wpseo_editor_tiered_pricing_fixed_rules":[],"yoast_head":"<!-- This site is optimized with the Yoast SEO plugin v27.2 - https:\/\/yoast.com\/product\/yoast-seo-wordpress\/ -->\n<title>Buy Quick Silver Bath Salt Online - Cheap price, top quality<\/title>\n<meta name=\"description\" content=\"Buy Quick Silver Bath Salt Online at an affordable price at stonersmeds. All products are lab qualified and have premium quality.\" \/>\n<meta name=\"robots\" content=\"index, follow, max-snippet:-1, max-image-preview:large, max-video-preview:-1\" \/>\n<link rel=\"canonical\" href=\"https:\/\/stonersmeds.com\/de\/shop\/buy-quick-silver-bath-salt-online\/\" \/>\n<meta property=\"og:locale\" content=\"de_DE\" \/>\n<meta property=\"og:type\" content=\"article\" \/>\n<meta property=\"og:title\" content=\"Buy Quick Silver Bath Salt Online - Cheap price, top quality\" \/>\n<meta property=\"og:description\" content=\"Buy Quick Silver Bath Salt Online at an affordable price at stonersmeds. All products are lab qualified and have premium quality.\" \/>\n<meta property=\"og:url\" content=\"https:\/\/stonersmeds.com\/de\/shop\/buy-quick-silver-bath-salt-online\/\" \/>\n<meta property=\"og:site_name\" content=\"stonersmeds.com\" \/>\n<meta property=\"article:modified_time\" content=\"2026-03-02T08:20:49+00:00\" \/>\n<meta property=\"og:image\" content=\"https:\/\/stonersmeds.com\/wp-content\/uploads\/2022\/03\/buy-quick-silver-bath-salt-online.jpg\" \/>\n\t<meta property=\"og:image:width\" content=\"600\" \/>\n\t<meta property=\"og:image:height\" content=\"600\" \/>\n\t<meta property=\"og:image:type\" content=\"image\/jpeg\" \/>\n<meta name=\"twitter:card\" content=\"summary_large_image\" \/>\n<meta name=\"twitter:label1\" content=\"Verf\u00fcgbarkeit\" \/>\n\t<meta name=\"twitter:data1\" content=\"Auf Lager\" \/>\n<script type=\"application\/ld+json\" class=\"yoast-schema-graph\">{\"@context\":\"https:\/\/schema.org\",\"@graph\":[{\"@type\":\"WebPage\",\"@id\":\"https:\/\/stonersmeds.com\/shop\/buy-quick-silver-bath-salt-online\/\",\"url\":\"https:\/\/stonersmeds.com\/shop\/buy-quick-silver-bath-salt-online\/\",\"name\":\"Buy Quick Silver Bath Salt Online - Cheap price, top quality\",\"isPartOf\":{\"@id\":\"https:\/\/stonersmeds.com\/#website\"},\"primaryImageOfPage\":{\"@id\":\"https:\/\/stonersmeds.com\/shop\/buy-quick-silver-bath-salt-online\/#primaryimage\"},\"image\":{\"@id\":\"https:\/\/stonersmeds.com\/shop\/buy-quick-silver-bath-salt-online\/#primaryimage\"},\"thumbnailUrl\":\"https:\/\/stonersmeds.com\/wp-content\/uploads\/2022\/03\/buy-quick-silver-bath-salt-online.jpg\",\"datePublished\":\"2022-03-12T07:28:32+00:00\",\"dateModified\":\"2026-03-02T08:20:49+00:00\",\"description\":\"Buy Quick Silver Bath Salt Online at an affordable price at stonersmeds. All products are lab qualified and have premium quality.\",\"breadcrumb\":{\"@id\":\"https:\/\/stonersmeds.com\/shop\/buy-quick-silver-bath-salt-online\/#breadcrumb\"},\"inLanguage\":\"de\",\"potentialAction\":[{\"@type\":\"ReadAction\",\"target\":[\"https:\/\/stonersmeds.com\/shop\/buy-quick-silver-bath-salt-online\/\"]}]},{\"@type\":\"ImageObject\",\"inLanguage\":\"de\",\"@id\":\"https:\/\/stonersmeds.com\/shop\/buy-quick-silver-bath-salt-online\/#primaryimage\",\"url\":\"https:\/\/stonersmeds.com\/wp-content\/uploads\/2022\/03\/buy-quick-silver-bath-salt-online.jpg\",\"contentUrl\":\"https:\/\/stonersmeds.com\/wp-content\/uploads\/2022\/03\/buy-quick-silver-bath-salt-online.jpg\",\"width\":600,\"height\":600},{\"@type\":\"BreadcrumbList\",\"@id\":\"https:\/\/stonersmeds.com\/shop\/buy-quick-silver-bath-salt-online\/#breadcrumb\",\"itemListElement\":[{\"@type\":\"ListItem\",\"position\":1,\"name\":\"Home\",\"item\":\"https:\/\/stonersmeds.com\/\"},{\"@type\":\"ListItem\",\"position\":2,\"name\":\"Shop\",\"item\":\"https:\/\/stonersmeds.com\/shop\/\"},{\"@type\":\"ListItem\",\"position\":3,\"name\":\"Buy Quick Silver Bath Salt Online\"}]},{\"@type\":\"WebSite\",\"@id\":\"https:\/\/stonersmeds.com\/#website\",\"url\":\"https:\/\/stonersmeds.com\/\",\"name\":\"stonersmeds.com\",\"description\":\"verschreibungspflichtige Medizin kaufen\",\"publisher\":{\"@id\":\"https:\/\/stonersmeds.com\/#organization\"},\"alternateName\":\"Research chemical shop\",\"potentialAction\":[{\"@type\":\"SearchAction\",\"target\":{\"@type\":\"EntryPoint\",\"urlTemplate\":\"https:\/\/stonersmeds.com\/?s={search_term_string}\"},\"query-input\":{\"@type\":\"PropertyValueSpecification\",\"valueRequired\":true,\"valueName\":\"search_term_string\"}}],\"inLanguage\":\"de\"},{\"@type\":\"Organization\",\"@id\":\"https:\/\/stonersmeds.com\/#organization\",\"name\":\"Stonersmeds Shop\",\"url\":\"https:\/\/stonersmeds.com\/\",\"logo\":{\"@type\":\"ImageObject\",\"inLanguage\":\"de\",\"@id\":\"https:\/\/stonersmeds.com\/#\/schema\/logo\/image\/\",\"url\":\"https:\/\/stonersmeds.com\/wp-content\/uploads\/2026\/02\/high-purity-DMT-powder.jpg\",\"contentUrl\":\"https:\/\/stonersmeds.com\/wp-content\/uploads\/2026\/02\/high-purity-DMT-powder.jpg\",\"width\":500,\"height\":500,\"caption\":\"Stonersmeds Shop\"},\"image\":{\"@id\":\"https:\/\/stonersmeds.com\/#\/schema\/logo\/image\/\"}}]}<\/script>\n<meta property=\"og:availability\" content=\"instock\" \/>\n<meta property=\"product:availability\" content=\"instock\" \/>\n<meta property=\"product:condition\" content=\"new\" \/>\n<!-- \/ Yoast SEO plugin. -->","yoast_head_json":{"title":"Quick Silver Badesalz online kaufen - G\u00fcnstiger Preis, beste Qualit\u00e4t","description":"Kaufen Sie Quick Silver Bath Salt Online zu einem g\u00fcnstigen Preis bei stonersmeds. Alle Produkte sind Labor qualifiziert und haben Premium-Qualit\u00e4t.","robots":{"index":"index","follow":"follow","max-snippet":"max-snippet:-1","max-image-preview":"max-image-preview:large","max-video-preview":"max-video-preview:-1"},"canonical":"https:\/\/stonersmeds.com\/de\/shop\/buy-quick-silver-bath-salt-online\/","og_locale":"de_DE","og_type":"article","og_title":"Buy Quick Silver Bath Salt Online - Cheap price, top quality","og_description":"Buy Quick Silver Bath Salt Online at an affordable price at stonersmeds. All products are lab qualified and have premium quality.","og_url":"https:\/\/stonersmeds.com\/de\/shop\/buy-quick-silver-bath-salt-online\/","og_site_name":"stonersmeds.com","article_modified_time":"2026-03-02T08:20:49+00:00","og_image":[{"width":600,"height":600,"url":"https:\/\/stonersmeds.com\/wp-content\/uploads\/2022\/03\/buy-quick-silver-bath-salt-online.jpg","type":"image\/jpeg"}],"twitter_card":"summary_large_image","twitter_misc":{"Verf\u00fcgbarkeit":"Auf Lager"},"schema":{"@context":"https:\/\/schema.org","@graph":[{"@type":"WebPage","@id":"https:\/\/stonersmeds.com\/shop\/buy-quick-silver-bath-salt-online\/","url":"https:\/\/stonersmeds.com\/shop\/buy-quick-silver-bath-salt-online\/","name":"Quick Silver Badesalz online kaufen - G\u00fcnstiger Preis, beste Qualit\u00e4t","isPartOf":{"@id":"https:\/\/stonersmeds.com\/#website"},"primaryImageOfPage":{"@id":"https:\/\/stonersmeds.com\/shop\/buy-quick-silver-bath-salt-online\/#primaryimage"},"image":{"@id":"https:\/\/stonersmeds.com\/shop\/buy-quick-silver-bath-salt-online\/#primaryimage"},"thumbnailUrl":"https:\/\/stonersmeds.com\/wp-content\/uploads\/2022\/03\/buy-quick-silver-bath-salt-online.jpg","datePublished":"2022-03-12T07:28:32+00:00","dateModified":"2026-03-02T08:20:49+00:00","description":"Kaufen Sie Quick Silver Bath Salt Online zu einem g\u00fcnstigen Preis bei stonersmeds. Alle Produkte sind Labor qualifiziert und haben Premium-Qualit\u00e4t.","breadcrumb":{"@id":"https:\/\/stonersmeds.com\/shop\/buy-quick-silver-bath-salt-online\/#breadcrumb"},"inLanguage":"de","potentialAction":[{"@type":"ReadAction","target":["https:\/\/stonersmeds.com\/shop\/buy-quick-silver-bath-salt-online\/"]}]},{"@type":"ImageObject","inLanguage":"de","@id":"https:\/\/stonersmeds.com\/shop\/buy-quick-silver-bath-salt-online\/#primaryimage","url":"https:\/\/stonersmeds.com\/wp-content\/uploads\/2022\/03\/buy-quick-silver-bath-salt-online.jpg","contentUrl":"https:\/\/stonersmeds.com\/wp-content\/uploads\/2022\/03\/buy-quick-silver-bath-salt-online.jpg","width":600,"height":600},{"@type":"BreadcrumbList","@id":"https:\/\/stonersmeds.com\/shop\/buy-quick-silver-bath-salt-online\/#breadcrumb","itemListElement":[{"@type":"ListItem","position":1,"name":"Home","item":"https:\/\/stonersmeds.com\/"},{"@type":"ListItem","position":2,"name":"Shop","item":"https:\/\/stonersmeds.com\/shop\/"},{"@type":"ListItem","position":3,"name":"Buy Quick Silver Bath Salt Online"}]},{"@type":"WebSite","@id":"https:\/\/stonersmeds.com\/#website","url":"https:\/\/stonersmeds.com\/","name":"stonersmeds.com","description":"verschreibungspflichtige Medizin kaufen","publisher":{"@id":"https:\/\/stonersmeds.com\/#organization"},"alternateName":"Research chemical shop","potentialAction":[{"@type":"SearchAction","target":{"@type":"EntryPoint","urlTemplate":"https:\/\/stonersmeds.com\/?s={search_term_string}"},"query-input":{"@type":"PropertyValueSpecification","valueRequired":true,"valueName":"search_term_string"}}],"inLanguage":"de"},{"@type":"Organization","@id":"https:\/\/stonersmeds.com\/#organization","name":"Stonersmeds Shop","url":"https:\/\/stonersmeds.com\/","logo":{"@type":"ImageObject","inLanguage":"de","@id":"https:\/\/stonersmeds.com\/#\/schema\/logo\/image\/","url":"https:\/\/stonersmeds.com\/wp-content\/uploads\/2026\/02\/high-purity-DMT-powder.jpg","contentUrl":"https:\/\/stonersmeds.com\/wp-content\/uploads\/2026\/02\/high-purity-DMT-powder.jpg","width":500,"height":500,"caption":"Stonersmeds Shop"},"image":{"@id":"https:\/\/stonersmeds.com\/#\/schema\/logo\/image\/"}}]},"og_availability":"instock","product_availability":"instock","product_condition":"new"},"_links":{"self":[{"href":"https:\/\/stonersmeds.com\/de\/wp-json\/wp\/v2\/product\/10402","targetHints":{"allow":["GET"]}}],"collection":[{"href":"https:\/\/stonersmeds.com\/de\/wp-json\/wp\/v2\/product"}],"about":[{"href":"https:\/\/stonersmeds.com\/de\/wp-json\/wp\/v2\/types\/product"}],"replies":[{"embeddable":true,"href":"https:\/\/stonersmeds.com\/de\/wp-json\/wp\/v2\/comments?post=10402"}],"version-history":[{"count":0,"href":"https:\/\/stonersmeds.com\/de\/wp-json\/wp\/v2\/product\/10402\/revisions"}],"wp:featuredmedia":[{"embeddable":true,"href":"https:\/\/stonersmeds.com\/de\/wp-json\/wp\/v2\/media\/10418"}],"wp:attachment":[{"href":"https:\/\/stonersmeds.com\/de\/wp-json\/wp\/v2\/media?parent=10402"}],"wp:term":[{"taxonomy":"product_brand","embeddable":true,"href":"https:\/\/stonersmeds.com\/de\/wp-json\/wp\/v2\/product_brand?post=10402"},{"taxonomy":"product_cat","embeddable":true,"href":"https:\/\/stonersmeds.com\/de\/wp-json\/wp\/v2\/product_cat?post=10402"},{"taxonomy":"product_tag","embeddable":true,"href":"https:\/\/stonersmeds.com\/de\/wp-json\/wp\/v2\/product_tag?post=10402"},{"taxonomy":"product_brands","embeddable":true,"href":"https:\/\/stonersmeds.com\/de\/wp-json\/wp\/v2\/product_brands?post=10402"}],"curies":[{"name":"wp","href":"https:\/\/api.w.org\/{rel}","templated":true}]}}