{"id":10587,"date":"2022-03-12T08:27:05","date_gmt":"2022-03-12T08:27:05","guid":{"rendered":"https:\/\/stonersmeds.com\/?post_type=product&#038;p=10587"},"modified":"2026-02-25T04:30:09","modified_gmt":"2026-02-25T02:30:09","slug":"buy-lexotanil-bromazepam-3mg-pills-online-2","status":"publish","type":"product","link":"https:\/\/stonersmeds.com\/de\/shop\/buy-lexotanil-bromazepam-3mg-pills-online-2\/","title":{"rendered":"Kaufen Sie Lexotanil Bromazepam 3 mg Tabletten online"},"content":{"rendered":"<h1>Kaufen Sie Lexotanil Bromazepam 3 mg Tabletten online.<\/h1>\n<p>Bromazepam wird zur Behandlung von kurzfristiger Schlaflosigkeit, zur kurzfristigen Behandlung von Angstzust\u00e4nden oder Panikattacken, wenn Benzodiazepine erforderlich sind, und zur Linderung von Symptomen eines Alkohol- und Opiatentzugs angewendet. Bromazepam bindet an den GABA-A-Rezeptor, verursacht eine Konformations\u00e4nderung und verst\u00e4rkt seine hemmende Wirkung. Andere Neurotransmitter sind nicht betroffen.<\/p>\n<p>&nbsp;<\/p>\n<p>&nbsp;<\/p>\n<p>&nbsp;<\/p>\n<pre><strong>Lexotanil Bromazepam 3mg Tabletten online kaufen - Bromazepam kaufen, Lexotanil Bromazepam 3mg Tabletten kaufen, Lexotanil online kaufen, Lexotanil Bromazepam 3mg Tabletten kaufen, Lexotanil Bromazepam 3mg Tabletten zum Verkauf, Lexotanil Bromazepam zum Verkauf, Bromazepam 3mg Tabletten online kaufen, Lexotanil kaufen Bromazepam 3mg Pillen online, Lexotanil Bromazepam 3mg Pillen zum Verkauf in den USA, USA, Kanada, Gro\u00dfbritannien, kaufen, online, Lieferanten, sichere Lieferung, Sie k\u00f6nnen immer noch Lexotanil Bromazepam 3mg Pillen erhalten, ist Lexotanil Bromazepam 3mg Pillen in den USA legal, Lexotanil Bromazepam kaufen 3mg Pillen online USA, wie man Lexotanil Bromazepam 3mg Pillen bestellt, Ist Lexotanil Bromazepam 3mg Pillen in Kanada legal<\/strong><\/pre>","protected":false},"excerpt":{"rendered":"<p>Kaufen Sie Lexotanil Bromazepam 3 mg Tabletten online.\u00a0<em>Bromazepam<\/em>\u00a0(<em>Lexotanil<\/em>) geh\u00f6rt zur Gruppe der Benzodiazepine, einer Klasse von Antidepressiva, Antipanikmitteln und Muskelrelaxantien.<\/p>\n<p>Produktpreis ist wie folgt: pro Pille<br \/>\n<strong>Mindestbestellmenge: 50 Pillen<\/strong><\/p>\n<pre><\/pre>","protected":false},"featured_media":10604,"comment_status":"open","ping_status":"closed","template":"","meta":{"_bst_post_transparent":"","_bst_post_title":"","_bst_post_layout":"","_bst_post_sidebar_id":"","_bst_post_content_style":"","_bst_post_vertical_padding":"","_bst_post_feature":"","_bst_post_feature_position":"","_bst_post_header":false,"_bst_post_footer":false},"product_brand":[],"product_cat":[79],"product_tag":[1201,482,483,465,471,480,1202,481,1197,479,485,1199,1198,1200,484],"product_brands":[],"class_list":{"0":"post-10587","1":"product","2":"type-product","3":"status-publish","4":"has-post-thumbnail","6":"product_cat-research-chemicals-and-bath-salt","7":"product_tag-bromazepam-3-mg-price","8":"product_tag-bromazepam-online","9":"product_tag-bromazepam-price","10":"product_tag-buy-bromazepam","11":"product_tag-buy-bromazepam-3mg-pills-online","12":"product_tag-buy-bromazepam-6mg","13":"product_tag-lexotan-buy","14":"product_tag-lexotan-tablets-buy-online","15":"product_tag-lexotanil-1-5-mg-for-sleep","16":"product_tag-lexotanil-3-mg-buy-online","17":"product_tag-lexotanil-3mg","18":"product_tag-lexotanil-3mg-in-usa","19":"product_tag-lexotanil-3mg-price","20":"product_tag-lexotanil-for-depression","21":"product_tag-lexotanil-in-usa","23":"first","24":"instock","25":"shipping-taxable","26":"purchasable","27":"product-type-variable","28":"entry","29":"content-bg","30":"loop-entry"},"tiered_pricing_type":"fixed","tiered_pricing_fixed_rules":[],"tiered_pricing_percentage_rules":[],"tiered_pricing_minimum":1,"_administrator_tiered_pricing_type":"fixed","_administrator_tiered_pricing_fixed_rules":[],"_editor_tiered_pricing_type":"fixed","_editor_tiered_pricing_fixed_rules":[],"_author_tiered_pricing_type":"fixed","_author_tiered_pricing_fixed_rules":[],"_contributor_tiered_pricing_type":"fixed","_contributor_tiered_pricing_fixed_rules":[],"_subscriber_tiered_pricing_type":"fixed","_subscriber_tiered_pricing_fixed_rules":[],"_customer_tiered_pricing_type":"fixed","_customer_tiered_pricing_fixed_rules":[],"_shop_manager_tiered_pricing_type":"fixed","_shop_manager_tiered_pricing_fixed_rules":[],"_wpseo_manager_tiered_pricing_type":"fixed","_wpseo_manager_tiered_pricing_fixed_rules":[],"_wpseo_editor_tiered_pricing_type":"fixed","_wpseo_editor_tiered_pricing_fixed_rules":[],"yoast_head":"<!-- This site is optimized with the Yoast SEO plugin v27.2 - https:\/\/yoast.com\/product\/yoast-seo-wordpress\/ -->\n<title>Buy Lexotanil Bromazepam 3mg pills online - Cheap price, Grade A++<\/title>\n<meta name=\"description\" content=\"Buy Lexotanil Bromazepam 3mg Online at an affordable price at stonersmeds. All products are lab qualified and have premium quality.\" \/>\n<meta name=\"robots\" content=\"index, follow, max-snippet:-1, max-image-preview:large, max-video-preview:-1\" \/>\n<link rel=\"canonical\" href=\"https:\/\/stonersmeds.com\/de\/shop\/buy-lexotanil-bromazepam-3mg-pills-online-2\/\" \/>\n<meta property=\"og:locale\" content=\"de_DE\" \/>\n<meta property=\"og:type\" content=\"article\" \/>\n<meta property=\"og:title\" content=\"Buy Lexotanil Bromazepam 3mg pills online - Cheap price, Grade A++\" \/>\n<meta property=\"og:description\" content=\"Buy Lexotanil Bromazepam 3mg Online at an affordable price at stonersmeds. All products are lab qualified and have premium quality.\" \/>\n<meta property=\"og:url\" content=\"https:\/\/stonersmeds.com\/de\/shop\/buy-lexotanil-bromazepam-3mg-pills-online-2\/\" \/>\n<meta property=\"og:site_name\" content=\"stonersmeds.com\" \/>\n<meta property=\"article:modified_time\" content=\"2026-02-25T02:30:09+00:00\" \/>\n<meta property=\"og:image\" content=\"https:\/\/stonersmeds.com\/wp-content\/uploads\/2022\/03\/Buy-Lexotanil-Bromazepam-3mg-pills-online-1.jpg\" \/>\n\t<meta property=\"og:image:width\" content=\"600\" \/>\n\t<meta property=\"og:image:height\" content=\"600\" \/>\n\t<meta property=\"og:image:type\" content=\"image\/jpeg\" \/>\n<meta name=\"twitter:card\" content=\"summary_large_image\" \/>\n<meta name=\"twitter:label1\" content=\"Verf\u00fcgbarkeit\" \/>\n\t<meta name=\"twitter:data1\" content=\"Auf Lager\" \/>\n<script type=\"application\/ld+json\" class=\"yoast-schema-graph\">{\"@context\":\"https:\/\/schema.org\",\"@graph\":[{\"@type\":\"WebPage\",\"@id\":\"https:\/\/stonersmeds.com\/shop\/buy-lexotanil-bromazepam-3mg-pills-online-2\/\",\"url\":\"https:\/\/stonersmeds.com\/shop\/buy-lexotanil-bromazepam-3mg-pills-online-2\/\",\"name\":\"Buy Lexotanil Bromazepam 3mg pills online - Cheap price, Grade A++\",\"isPartOf\":{\"@id\":\"https:\/\/stonersmeds.com\/#website\"},\"primaryImageOfPage\":{\"@id\":\"https:\/\/stonersmeds.com\/shop\/buy-lexotanil-bromazepam-3mg-pills-online-2\/#primaryimage\"},\"image\":{\"@id\":\"https:\/\/stonersmeds.com\/shop\/buy-lexotanil-bromazepam-3mg-pills-online-2\/#primaryimage\"},\"thumbnailUrl\":\"https:\/\/stonersmeds.com\/wp-content\/uploads\/2022\/03\/Buy-Lexotanil-Bromazepam-3mg-pills-online-1.jpg\",\"datePublished\":\"2022-03-12T08:27:05+00:00\",\"dateModified\":\"2026-02-25T02:30:09+00:00\",\"description\":\"Buy Lexotanil Bromazepam 3mg Online at an affordable price at stonersmeds. All products are lab qualified and have premium quality.\",\"breadcrumb\":{\"@id\":\"https:\/\/stonersmeds.com\/shop\/buy-lexotanil-bromazepam-3mg-pills-online-2\/#breadcrumb\"},\"inLanguage\":\"de\",\"potentialAction\":[{\"@type\":\"ReadAction\",\"target\":[\"https:\/\/stonersmeds.com\/shop\/buy-lexotanil-bromazepam-3mg-pills-online-2\/\"]}]},{\"@type\":\"ImageObject\",\"inLanguage\":\"de\",\"@id\":\"https:\/\/stonersmeds.com\/shop\/buy-lexotanil-bromazepam-3mg-pills-online-2\/#primaryimage\",\"url\":\"https:\/\/stonersmeds.com\/wp-content\/uploads\/2022\/03\/Buy-Lexotanil-Bromazepam-3mg-pills-online-1.jpg\",\"contentUrl\":\"https:\/\/stonersmeds.com\/wp-content\/uploads\/2022\/03\/Buy-Lexotanil-Bromazepam-3mg-pills-online-1.jpg\",\"width\":600,\"height\":600},{\"@type\":\"BreadcrumbList\",\"@id\":\"https:\/\/stonersmeds.com\/shop\/buy-lexotanil-bromazepam-3mg-pills-online-2\/#breadcrumb\",\"itemListElement\":[{\"@type\":\"ListItem\",\"position\":1,\"name\":\"Home\",\"item\":\"https:\/\/stonersmeds.com\/\"},{\"@type\":\"ListItem\",\"position\":2,\"name\":\"Shop\",\"item\":\"https:\/\/stonersmeds.com\/shop\/\"},{\"@type\":\"ListItem\",\"position\":3,\"name\":\"Buy Lexotanil Bromazepam 3mg pills online\"}]},{\"@type\":\"WebSite\",\"@id\":\"https:\/\/stonersmeds.com\/#website\",\"url\":\"https:\/\/stonersmeds.com\/\",\"name\":\"stonersmeds.com\",\"description\":\"verschreibungspflichtige Medizin kaufen\",\"publisher\":{\"@id\":\"https:\/\/stonersmeds.com\/#organization\"},\"alternateName\":\"Research chemical shop\",\"potentialAction\":[{\"@type\":\"SearchAction\",\"target\":{\"@type\":\"EntryPoint\",\"urlTemplate\":\"https:\/\/stonersmeds.com\/?s={search_term_string}\"},\"query-input\":{\"@type\":\"PropertyValueSpecification\",\"valueRequired\":true,\"valueName\":\"search_term_string\"}}],\"inLanguage\":\"de\"},{\"@type\":\"Organization\",\"@id\":\"https:\/\/stonersmeds.com\/#organization\",\"name\":\"Stonersmeds Shop\",\"url\":\"https:\/\/stonersmeds.com\/\",\"logo\":{\"@type\":\"ImageObject\",\"inLanguage\":\"de\",\"@id\":\"https:\/\/stonersmeds.com\/#\/schema\/logo\/image\/\",\"url\":\"https:\/\/stonersmeds.com\/wp-content\/uploads\/2026\/02\/high-purity-DMT-powder.jpg\",\"contentUrl\":\"https:\/\/stonersmeds.com\/wp-content\/uploads\/2026\/02\/high-purity-DMT-powder.jpg\",\"width\":500,\"height\":500,\"caption\":\"Stonersmeds Shop\"},\"image\":{\"@id\":\"https:\/\/stonersmeds.com\/#\/schema\/logo\/image\/\"}}]}<\/script>\n<meta property=\"og:availability\" content=\"instock\" \/>\n<meta property=\"product:availability\" content=\"instock\" \/>\n<meta property=\"product:condition\" content=\"new\" \/>\n<!-- \/ Yoast SEO plugin. -->","yoast_head_json":{"title":"Lexotanil Bromazepam 3mg Pillen online kaufen - G\u00fcnstiger Preis, Note A++","description":"Kaufen Sie Lexotanil Bromazepam 3mg Online zu einem g\u00fcnstigen Preis bei stonersmeds. Alle Produkte sind Labor qualifiziert und haben Premium-Qualit\u00e4t.","robots":{"index":"index","follow":"follow","max-snippet":"max-snippet:-1","max-image-preview":"max-image-preview:large","max-video-preview":"max-video-preview:-1"},"canonical":"https:\/\/stonersmeds.com\/de\/shop\/buy-lexotanil-bromazepam-3mg-pills-online-2\/","og_locale":"de_DE","og_type":"article","og_title":"Buy Lexotanil Bromazepam 3mg pills online - Cheap price, Grade A++","og_description":"Buy Lexotanil Bromazepam 3mg Online at an affordable price at stonersmeds. All products are lab qualified and have premium quality.","og_url":"https:\/\/stonersmeds.com\/de\/shop\/buy-lexotanil-bromazepam-3mg-pills-online-2\/","og_site_name":"stonersmeds.com","article_modified_time":"2026-02-25T02:30:09+00:00","og_image":[{"width":600,"height":600,"url":"https:\/\/stonersmeds.com\/wp-content\/uploads\/2022\/03\/Buy-Lexotanil-Bromazepam-3mg-pills-online-1.jpg","type":"image\/jpeg"}],"twitter_card":"summary_large_image","twitter_misc":{"Verf\u00fcgbarkeit":"Auf Lager"},"schema":{"@context":"https:\/\/schema.org","@graph":[{"@type":"WebPage","@id":"https:\/\/stonersmeds.com\/shop\/buy-lexotanil-bromazepam-3mg-pills-online-2\/","url":"https:\/\/stonersmeds.com\/shop\/buy-lexotanil-bromazepam-3mg-pills-online-2\/","name":"Lexotanil Bromazepam 3mg Pillen online kaufen - G\u00fcnstiger Preis, Note A++","isPartOf":{"@id":"https:\/\/stonersmeds.com\/#website"},"primaryImageOfPage":{"@id":"https:\/\/stonersmeds.com\/shop\/buy-lexotanil-bromazepam-3mg-pills-online-2\/#primaryimage"},"image":{"@id":"https:\/\/stonersmeds.com\/shop\/buy-lexotanil-bromazepam-3mg-pills-online-2\/#primaryimage"},"thumbnailUrl":"https:\/\/stonersmeds.com\/wp-content\/uploads\/2022\/03\/Buy-Lexotanil-Bromazepam-3mg-pills-online-1.jpg","datePublished":"2022-03-12T08:27:05+00:00","dateModified":"2026-02-25T02:30:09+00:00","description":"Kaufen Sie Lexotanil Bromazepam 3mg Online zu einem g\u00fcnstigen Preis bei stonersmeds. Alle Produkte sind Labor qualifiziert und haben Premium-Qualit\u00e4t.","breadcrumb":{"@id":"https:\/\/stonersmeds.com\/shop\/buy-lexotanil-bromazepam-3mg-pills-online-2\/#breadcrumb"},"inLanguage":"de","potentialAction":[{"@type":"ReadAction","target":["https:\/\/stonersmeds.com\/shop\/buy-lexotanil-bromazepam-3mg-pills-online-2\/"]}]},{"@type":"ImageObject","inLanguage":"de","@id":"https:\/\/stonersmeds.com\/shop\/buy-lexotanil-bromazepam-3mg-pills-online-2\/#primaryimage","url":"https:\/\/stonersmeds.com\/wp-content\/uploads\/2022\/03\/Buy-Lexotanil-Bromazepam-3mg-pills-online-1.jpg","contentUrl":"https:\/\/stonersmeds.com\/wp-content\/uploads\/2022\/03\/Buy-Lexotanil-Bromazepam-3mg-pills-online-1.jpg","width":600,"height":600},{"@type":"BreadcrumbList","@id":"https:\/\/stonersmeds.com\/shop\/buy-lexotanil-bromazepam-3mg-pills-online-2\/#breadcrumb","itemListElement":[{"@type":"ListItem","position":1,"name":"Home","item":"https:\/\/stonersmeds.com\/"},{"@type":"ListItem","position":2,"name":"Shop","item":"https:\/\/stonersmeds.com\/shop\/"},{"@type":"ListItem","position":3,"name":"Buy Lexotanil Bromazepam 3mg pills online"}]},{"@type":"WebSite","@id":"https:\/\/stonersmeds.com\/#website","url":"https:\/\/stonersmeds.com\/","name":"stonersmeds.com","description":"verschreibungspflichtige Medizin kaufen","publisher":{"@id":"https:\/\/stonersmeds.com\/#organization"},"alternateName":"Research chemical shop","potentialAction":[{"@type":"SearchAction","target":{"@type":"EntryPoint","urlTemplate":"https:\/\/stonersmeds.com\/?s={search_term_string}"},"query-input":{"@type":"PropertyValueSpecification","valueRequired":true,"valueName":"search_term_string"}}],"inLanguage":"de"},{"@type":"Organization","@id":"https:\/\/stonersmeds.com\/#organization","name":"Stonersmeds Shop","url":"https:\/\/stonersmeds.com\/","logo":{"@type":"ImageObject","inLanguage":"de","@id":"https:\/\/stonersmeds.com\/#\/schema\/logo\/image\/","url":"https:\/\/stonersmeds.com\/wp-content\/uploads\/2026\/02\/high-purity-DMT-powder.jpg","contentUrl":"https:\/\/stonersmeds.com\/wp-content\/uploads\/2026\/02\/high-purity-DMT-powder.jpg","width":500,"height":500,"caption":"Stonersmeds Shop"},"image":{"@id":"https:\/\/stonersmeds.com\/#\/schema\/logo\/image\/"}}]},"og_availability":"instock","product_availability":"instock","product_condition":"new"},"_links":{"self":[{"href":"https:\/\/stonersmeds.com\/de\/wp-json\/wp\/v2\/product\/10587","targetHints":{"allow":["GET"]}}],"collection":[{"href":"https:\/\/stonersmeds.com\/de\/wp-json\/wp\/v2\/product"}],"about":[{"href":"https:\/\/stonersmeds.com\/de\/wp-json\/wp\/v2\/types\/product"}],"replies":[{"embeddable":true,"href":"https:\/\/stonersmeds.com\/de\/wp-json\/wp\/v2\/comments?post=10587"}],"version-history":[{"count":0,"href":"https:\/\/stonersmeds.com\/de\/wp-json\/wp\/v2\/product\/10587\/revisions"}],"wp:featuredmedia":[{"embeddable":true,"href":"https:\/\/stonersmeds.com\/de\/wp-json\/wp\/v2\/media\/10604"}],"wp:attachment":[{"href":"https:\/\/stonersmeds.com\/de\/wp-json\/wp\/v2\/media?parent=10587"}],"wp:term":[{"taxonomy":"product_brand","embeddable":true,"href":"https:\/\/stonersmeds.com\/de\/wp-json\/wp\/v2\/product_brand?post=10587"},{"taxonomy":"product_cat","embeddable":true,"href":"https:\/\/stonersmeds.com\/de\/wp-json\/wp\/v2\/product_cat?post=10587"},{"taxonomy":"product_tag","embeddable":true,"href":"https:\/\/stonersmeds.com\/de\/wp-json\/wp\/v2\/product_tag?post=10587"},{"taxonomy":"product_brands","embeddable":true,"href":"https:\/\/stonersmeds.com\/de\/wp-json\/wp\/v2\/product_brands?post=10587"}],"curies":[{"name":"wp","href":"https:\/\/api.w.org\/{rel}","templated":true}]}}