{"id":10606,"date":"2022-03-12T08:32:10","date_gmt":"2022-03-12T08:32:10","guid":{"rendered":"https:\/\/stonersmeds.com\/?post_type=product&#038;p=10606"},"modified":"2026-02-27T17:20:04","modified_gmt":"2026-02-27T15:20:04","slug":"buy-liquid-lsd-200ug-drop-online-2","status":"publish","type":"product","link":"https:\/\/stonersmeds.com\/de\/shop\/buy-liquid-lsd-200ug-drop-online-2\/","title":{"rendered":"Kaufen Sie fl\u00fcssiges LSD 200ug Drop online"},"content":{"rendered":"<h1>Fl\u00fcssiges lsd 200ug &amp; drop g\u00fcnstig online kaufen.<\/h1>\n<p>Kaufen Sie fl\u00fcssiges LSD 200ug &amp; fallen Sie online ein. G\u00fcnstiger Preis f\u00fcr fl\u00fcssiges LSD, 200ug LSD<\/p>\n<p><b>Was ist LSD-Liquid?<\/b><\/p>\n<p>LSD oder Lysergs\u00e4urediethylamid ist eine psychedelische Droge, die aus einer Chemikalie in Roggenpilzen gewonnen wird. Es ist am besten f\u00fcr seine Verwendung w\u00e4hrend der Gegenkultur der 1960er Jahre bekannt, und das daraus resultierende Verbot verschaffte ihm einen \u00fcberwiegend negativen Ruf.<\/p>\n<p>1938 synthetisierte Albert Hofmann, ein Schweizer Wissenschaftler, LSD in seinem Labor in Z\u00fcrich, Schweiz. 1943 entdeckte er unerwartet seine halluzinogene Wirkung, als eine winzige Menge mit seiner Haut in Kontakt kam.<\/p>\n<p><a href=\"https:\/\/stonersmeds.com\/de\/shop\/buy-lsd-100mcg-blotters-online\/\">LSD kaufen<\/a>LSD ist ein extrem starkes Halluzinogen und hat ein immenses therapeutisches, spirituelles und kulturelles Potenzial.<\/p>\n<h3>Fl\u00fcssiges LSD 200ug &amp; Tropfen g\u00fcnstig online kaufen - Pharmakologie<\/h3>\n<p>Wenn LSD in den menschlichen K\u00f6rper aufgenommen wird, wirkt es als 5-HT (Serotonin)-Rezeptor-Aktivator und erh\u00f6ht gleichzeitig den Serotoninspiegel im Gehirn dramatisch, indem es die Systeme deaktiviert, die den Serotoninspiegel regulieren. Fl\u00fcssiges LSD 200ug &amp; Tropfen online g\u00fcnstig kaufen. <a href=\"https:\/\/stonersmeds.com\/de\/produkt-schlagwort\/liquid-lsd-price\/\">liquid lsd preis<\/a>, 200ug lsd<\/p>\n<p>Von den 15 verschiedenen Serotoninrezeptoren im Gehirn bevorzugt LSD vor allem den Subtyp 2A (5-HT2A). Der 5-HT2A-Rezeptor ist an kognitiven Prozessen im pr\u00e4frontalen Kortex beteiligt. Dies ist ein wichtiger Punkt, denn viele der positiven Wirkungen von LSD beruhen auf seiner Beteiligung am pr\u00e4frontalen Kortex.<\/p>\n<h3>Wie stellt man LSD her?<\/h3>\n<p>Die Herstellung von LSD erfordert fundierte Kenntnisse der organischen Chemie, eine komplette Laboreinrichtung (einschlie\u00dflich der M\u00f6glichkeit, die Ausr\u00fcstung zu sterilisieren, sowie Zugang zu einer Dunkelkammer) und mehrere Chemikalien, deren Verkauf derzeit entweder eingeschr\u00e4nkt ist oder von der Drug Enforcement Agency (DEA) streng \u00fcberwacht wird. Im Gegensatz zu den Chemikalien, die f\u00fcr die Herstellung von Methamphetamin verwendet werden, sind diese nicht in ganz gew\u00f6hnlichen Haushaltsgegenst\u00e4nden zu finden.<\/p>\n<p>Es wird angenommen, dass der pr\u00e4frontale Kortex bei der Planung komplexer kognitiver Verhaltensweisen, beim Ausdruck der Pers\u00f6nlichkeit, bei der Entscheidungsfindung und bei der Steuerung des Sozialverhaltens aktiv ist. Fl\u00fcssiges LSD 200ug &amp; Tropfen online g\u00fcnstig kaufen. Er spielt auch eine Schl\u00fcsselrolle bei der F\u00e4higkeit des Menschen, Informationen aus allen anderen Gehirnsystemen zu verarbeiten und infolgedessen zielgerichtete Entscheidungen zu treffen.<\/p>\n<p>LSD-Wirkungen?\u00a0<a href=\"https:\/\/stonersmeds.com\/de\/produkt-schlagwort\/blotter-acid-lsd\/\">LSD Die Droge hat folgende WirkungenLysergs\u00e4ure<\/a> Diethylamid, gemeinhin als LSD bekannt, ist eine illegale Droge, die die Sinne ver\u00e4ndert und Halluzinationen hervorruft.<\/p>\n<p>https:\/\/stonersmeds.com\/shop\/kaufen-lsd-100mcg-blotter-online\/<\/p>\n<p><a href=\"https:\/\/stonersmeds.com\/de\/shop\/buy-crystal-meth-online-pills\/\">https:\/\/stonersmeds.com\/shop\/buy-crystal-meth-online-pills\/<\/a><\/p>\n<p>https:\/\/stonersmeds.com\/shop\/de\/buy-1p-lsd-cheap-100mcg-blotters-online\/<\/p>\n<p>&nbsp;<\/p>\n<p>&nbsp;<\/p>\n<pre><strong>Kaufen Sie fl\u00fcssiges LSD 200ug Tropfen online - kaufen Sie fl\u00fcssiges LSD , kaufen Sie fl\u00fcssiges LSD 200ug Tropfen , kaufen Sie fl\u00fcssiges LSD online, Wo kaufen Sie fl\u00fcssiges LSD 200ug Tropfen , fl\u00fcssiges LSD 200ug Tropfen zum Verkauf, fl\u00fcssiges LSD zum Verkauf, kaufen Sie fl\u00fcssiges LSD 200ug online, wohin Kaufen Sie fl\u00fcssiges LSD 200ug Tropfen online, fl\u00fcssiges LSD 200ug Tropfen zum Verkauf in den USA, USA, Kanada, Gro\u00dfbritannien, kaufen, online, Lieferanten, sichere Lieferung, Sie k\u00f6nnen immer noch fl\u00fcssiges LSD 200ug Tropfen erhalten, ist fl\u00fcssiges LSD 200ug Tropfen legal in den USA, kaufen fl\u00fcssiges LSD 200ug Drop Pillen online USA, wie man fl\u00fcssiges LSD 200ug Drop bestellt, ist fl\u00fcssiges LSD 200ug Drop in Kanada legal<\/strong><\/pre>","protected":false},"excerpt":{"rendered":"<p>Kaufen Sie Fl\u00fcssigkeit lsd 200ug &amp; Tropfen Online Billig. Kaufen\u00a0<em>LSD<\/em>\u00a0ist sehr einfach, es ist leicht im Online-Shop der USA erh\u00e4ltlich.<\/p>\n<p><strong>1ml = 20 Tropfen = 20 L\u00f6scher<\/strong><\/p>\n<pre><\/pre>","protected":false},"featured_media":10617,"comment_status":"open","ping_status":"closed","template":"","meta":{"_bst_post_transparent":"","_bst_post_title":"","_bst_post_layout":"","_bst_post_sidebar_id":"","_bst_post_content_style":"","_bst_post_vertical_padding":"","_bst_post_feature":"","_bst_post_feature_position":"","_bst_post_header":false,"_bst_post_footer":false},"product_brand":[],"product_cat":[79],"product_tag":[438,439,449,444,440,450,451,448,442,446,443,441,445,447],"product_brands":[],"class_list":{"0":"post-10606","1":"product","2":"type-product","3":"status-publish","4":"has-post-thumbnail","6":"product_cat-research-chemicals-and-bath-salt","7":"product_tag-buy-liquid-lsd","8":"product_tag-buy-liquid-lsd-200ug-drop","9":"product_tag-buy-liquid-lsd-200ug-drop-pills-online-usa","10":"product_tag-buy-liquid-lsd-200ug-online","11":"product_tag-buy-liquid-lsd-online","12":"product_tag-how-to-order-liquid-lsd-200ug-drop","13":"product_tag-is-liquid-lsd-200ug-drop-legal-in-canada","14":"product_tag-is-liquid-lsd-200ug-drop-legal-in-usa","15":"product_tag-liquid-lsd-200ug-drop-for-sale","16":"product_tag-liquid-lsd-200ug-drop-for-sale-in-usa","17":"product_tag-liquid-lsd-for-sale","18":"product_tag-where-to-buy-liquid-lsd-200ug-drop","19":"product_tag-where-to-buy-liquid-lsd-200ug-drop-online","20":"product_tag-you-can-still-get-liquid-lsd-200ug-drop","22":"first","23":"instock","24":"shipping-taxable","25":"purchasable","26":"product-type-variable","27":"entry","28":"content-bg","29":"loop-entry"},"tiered_pricing_type":"fixed","tiered_pricing_fixed_rules":[],"tiered_pricing_percentage_rules":[],"tiered_pricing_minimum":1,"_administrator_tiered_pricing_type":"fixed","_administrator_tiered_pricing_fixed_rules":[],"_editor_tiered_pricing_type":"fixed","_editor_tiered_pricing_fixed_rules":[],"_author_tiered_pricing_type":"fixed","_author_tiered_pricing_fixed_rules":[],"_contributor_tiered_pricing_type":"fixed","_contributor_tiered_pricing_fixed_rules":[],"_subscriber_tiered_pricing_type":"fixed","_subscriber_tiered_pricing_fixed_rules":[],"_customer_tiered_pricing_type":"fixed","_customer_tiered_pricing_fixed_rules":[],"_shop_manager_tiered_pricing_type":"fixed","_shop_manager_tiered_pricing_fixed_rules":[],"_wpseo_manager_tiered_pricing_type":"fixed","_wpseo_manager_tiered_pricing_fixed_rules":[],"_wpseo_editor_tiered_pricing_type":"fixed","_wpseo_editor_tiered_pricing_fixed_rules":[],"yoast_head":"<!-- This site is optimized with the Yoast SEO plugin v27.2 - https:\/\/yoast.com\/product\/yoast-seo-wordpress\/ -->\n<title>Buy liquid LSD 200ug Drop Online - Cheap price, Grade A++<\/title>\n<meta name=\"description\" content=\"Buy liquid LSD 200ug Online at an affordable price at stonersmeds. All products are lab qualified and have premium quality.\" \/>\n<meta name=\"robots\" content=\"index, follow, max-snippet:-1, max-image-preview:large, max-video-preview:-1\" \/>\n<link rel=\"canonical\" href=\"https:\/\/stonersmeds.com\/de\/shop\/buy-liquid-lsd-200ug-drop-online-2\/\" \/>\n<meta property=\"og:locale\" content=\"de_DE\" \/>\n<meta property=\"og:type\" content=\"article\" \/>\n<meta property=\"og:title\" content=\"Buy liquid LSD 200ug Drop Online - Cheap price, Grade A++\" \/>\n<meta property=\"og:description\" content=\"Buy liquid LSD 200ug Online at an affordable price at stonersmeds. All products are lab qualified and have premium quality.\" \/>\n<meta property=\"og:url\" content=\"https:\/\/stonersmeds.com\/de\/shop\/buy-liquid-lsd-200ug-drop-online-2\/\" \/>\n<meta property=\"og:site_name\" content=\"stonersmeds.com\" \/>\n<meta property=\"article:modified_time\" content=\"2026-02-27T15:20:04+00:00\" \/>\n<meta property=\"og:image\" content=\"https:\/\/stonersmeds.com\/wp-content\/uploads\/2022\/03\/buy-liquid-lsd-200ug-drop-online-cheap-1.jpg\" \/>\n\t<meta property=\"og:image:width\" content=\"600\" \/>\n\t<meta property=\"og:image:height\" content=\"600\" \/>\n\t<meta property=\"og:image:type\" content=\"image\/jpeg\" \/>\n<meta name=\"twitter:card\" content=\"summary_large_image\" \/>\n<meta name=\"twitter:label1\" content=\"Verf\u00fcgbarkeit\" \/>\n\t<meta name=\"twitter:data1\" content=\"Auf Lager\" \/>\n<script type=\"application\/ld+json\" class=\"yoast-schema-graph\">{\"@context\":\"https:\/\/schema.org\",\"@graph\":[{\"@type\":\"WebPage\",\"@id\":\"https:\/\/stonersmeds.com\/it\/shop\/buy-liquid-lsd-200ug-drop-online-2\/\",\"url\":\"https:\/\/stonersmeds.com\/it\/shop\/buy-liquid-lsd-200ug-drop-online-2\/\",\"name\":\"Buy liquid LSD 200ug Drop Online - Cheap price, Grade A++\",\"isPartOf\":{\"@id\":\"https:\/\/stonersmeds.com\/#website\"},\"primaryImageOfPage\":{\"@id\":\"https:\/\/stonersmeds.com\/it\/shop\/buy-liquid-lsd-200ug-drop-online-2\/#primaryimage\"},\"image\":{\"@id\":\"https:\/\/stonersmeds.com\/it\/shop\/buy-liquid-lsd-200ug-drop-online-2\/#primaryimage\"},\"thumbnailUrl\":\"https:\/\/stonersmeds.com\/wp-content\/uploads\/2022\/03\/buy-liquid-lsd-200ug-drop-online-cheap-1.jpg\",\"datePublished\":\"2022-03-12T08:32:10+00:00\",\"dateModified\":\"2026-02-27T15:20:04+00:00\",\"description\":\"Buy liquid LSD 200ug Online at an affordable price at stonersmeds. All products are lab qualified and have premium quality.\",\"breadcrumb\":{\"@id\":\"https:\/\/stonersmeds.com\/it\/shop\/buy-liquid-lsd-200ug-drop-online-2\/#breadcrumb\"},\"inLanguage\":\"de\",\"potentialAction\":[{\"@type\":\"ReadAction\",\"target\":[\"https:\/\/stonersmeds.com\/it\/shop\/buy-liquid-lsd-200ug-drop-online-2\/\"]}]},{\"@type\":\"ImageObject\",\"inLanguage\":\"de\",\"@id\":\"https:\/\/stonersmeds.com\/it\/shop\/buy-liquid-lsd-200ug-drop-online-2\/#primaryimage\",\"url\":\"https:\/\/stonersmeds.com\/wp-content\/uploads\/2022\/03\/buy-liquid-lsd-200ug-drop-online-cheap-1.jpg\",\"contentUrl\":\"https:\/\/stonersmeds.com\/wp-content\/uploads\/2022\/03\/buy-liquid-lsd-200ug-drop-online-cheap-1.jpg\",\"width\":600,\"height\":600},{\"@type\":\"BreadcrumbList\",\"@id\":\"https:\/\/stonersmeds.com\/it\/shop\/buy-liquid-lsd-200ug-drop-online-2\/#breadcrumb\",\"itemListElement\":[{\"@type\":\"ListItem\",\"position\":1,\"name\":\"Home\",\"item\":\"https:\/\/stonersmeds.com\/\"},{\"@type\":\"ListItem\",\"position\":2,\"name\":\"Shop\",\"item\":\"https:\/\/stonersmeds.com\/shop\/\"},{\"@type\":\"ListItem\",\"position\":3,\"name\":\"Buy liquid LSD 200ug Drop Online\"}]},{\"@type\":\"WebSite\",\"@id\":\"https:\/\/stonersmeds.com\/#website\",\"url\":\"https:\/\/stonersmeds.com\/\",\"name\":\"stonersmeds.com\",\"description\":\"verschreibungspflichtige Medizin kaufen\",\"publisher\":{\"@id\":\"https:\/\/stonersmeds.com\/#organization\"},\"alternateName\":\"Research chemical shop\",\"potentialAction\":[{\"@type\":\"SearchAction\",\"target\":{\"@type\":\"EntryPoint\",\"urlTemplate\":\"https:\/\/stonersmeds.com\/?s={search_term_string}\"},\"query-input\":{\"@type\":\"PropertyValueSpecification\",\"valueRequired\":true,\"valueName\":\"search_term_string\"}}],\"inLanguage\":\"de\"},{\"@type\":\"Organization\",\"@id\":\"https:\/\/stonersmeds.com\/#organization\",\"name\":\"Stonersmeds Shop\",\"url\":\"https:\/\/stonersmeds.com\/\",\"logo\":{\"@type\":\"ImageObject\",\"inLanguage\":\"de\",\"@id\":\"https:\/\/stonersmeds.com\/#\/schema\/logo\/image\/\",\"url\":\"https:\/\/stonersmeds.com\/wp-content\/uploads\/2026\/02\/high-purity-DMT-powder.jpg\",\"contentUrl\":\"https:\/\/stonersmeds.com\/wp-content\/uploads\/2026\/02\/high-purity-DMT-powder.jpg\",\"width\":500,\"height\":500,\"caption\":\"Stonersmeds Shop\"},\"image\":{\"@id\":\"https:\/\/stonersmeds.com\/#\/schema\/logo\/image\/\"}}]}<\/script>\n<meta property=\"og:availability\" content=\"instock\" \/>\n<meta property=\"product:availability\" content=\"instock\" \/>\n<meta property=\"product:condition\" content=\"new\" \/>\n<!-- \/ Yoast SEO plugin. -->","yoast_head_json":{"title":"Kaufen Sie fl\u00fcssiges LSD 200ug Drop online - G\u00fcnstiger Preis, Klasse A++","description":"Kaufen Sie fl\u00fcssiges LSD 200ug online zu einem erschwinglichen Preis bei stonersmeds. Alle Produkte sind laborqualifiziert und von h\u00f6chster Qualit\u00e4t.","robots":{"index":"index","follow":"follow","max-snippet":"max-snippet:-1","max-image-preview":"max-image-preview:large","max-video-preview":"max-video-preview:-1"},"canonical":"https:\/\/stonersmeds.com\/de\/shop\/buy-liquid-lsd-200ug-drop-online-2\/","og_locale":"de_DE","og_type":"article","og_title":"Buy liquid LSD 200ug Drop Online - Cheap price, Grade A++","og_description":"Buy liquid LSD 200ug Online at an affordable price at stonersmeds. All products are lab qualified and have premium quality.","og_url":"https:\/\/stonersmeds.com\/de\/shop\/buy-liquid-lsd-200ug-drop-online-2\/","og_site_name":"stonersmeds.com","article_modified_time":"2026-02-27T15:20:04+00:00","og_image":[{"width":600,"height":600,"url":"https:\/\/stonersmeds.com\/wp-content\/uploads\/2022\/03\/buy-liquid-lsd-200ug-drop-online-cheap-1.jpg","type":"image\/jpeg"}],"twitter_card":"summary_large_image","twitter_misc":{"Verf\u00fcgbarkeit":"Auf Lager"},"schema":{"@context":"https:\/\/schema.org","@graph":[{"@type":"WebPage","@id":"https:\/\/stonersmeds.com\/it\/shop\/buy-liquid-lsd-200ug-drop-online-2\/","url":"https:\/\/stonersmeds.com\/it\/shop\/buy-liquid-lsd-200ug-drop-online-2\/","name":"Kaufen Sie fl\u00fcssiges LSD 200ug Drop online - G\u00fcnstiger Preis, Klasse A++","isPartOf":{"@id":"https:\/\/stonersmeds.com\/#website"},"primaryImageOfPage":{"@id":"https:\/\/stonersmeds.com\/it\/shop\/buy-liquid-lsd-200ug-drop-online-2\/#primaryimage"},"image":{"@id":"https:\/\/stonersmeds.com\/it\/shop\/buy-liquid-lsd-200ug-drop-online-2\/#primaryimage"},"thumbnailUrl":"https:\/\/stonersmeds.com\/wp-content\/uploads\/2022\/03\/buy-liquid-lsd-200ug-drop-online-cheap-1.jpg","datePublished":"2022-03-12T08:32:10+00:00","dateModified":"2026-02-27T15:20:04+00:00","description":"Kaufen Sie fl\u00fcssiges LSD 200ug online zu einem erschwinglichen Preis bei stonersmeds. Alle Produkte sind laborqualifiziert und von h\u00f6chster Qualit\u00e4t.","breadcrumb":{"@id":"https:\/\/stonersmeds.com\/it\/shop\/buy-liquid-lsd-200ug-drop-online-2\/#breadcrumb"},"inLanguage":"de","potentialAction":[{"@type":"ReadAction","target":["https:\/\/stonersmeds.com\/it\/shop\/buy-liquid-lsd-200ug-drop-online-2\/"]}]},{"@type":"ImageObject","inLanguage":"de","@id":"https:\/\/stonersmeds.com\/it\/shop\/buy-liquid-lsd-200ug-drop-online-2\/#primaryimage","url":"https:\/\/stonersmeds.com\/wp-content\/uploads\/2022\/03\/buy-liquid-lsd-200ug-drop-online-cheap-1.jpg","contentUrl":"https:\/\/stonersmeds.com\/wp-content\/uploads\/2022\/03\/buy-liquid-lsd-200ug-drop-online-cheap-1.jpg","width":600,"height":600},{"@type":"BreadcrumbList","@id":"https:\/\/stonersmeds.com\/it\/shop\/buy-liquid-lsd-200ug-drop-online-2\/#breadcrumb","itemListElement":[{"@type":"ListItem","position":1,"name":"Home","item":"https:\/\/stonersmeds.com\/"},{"@type":"ListItem","position":2,"name":"Shop","item":"https:\/\/stonersmeds.com\/shop\/"},{"@type":"ListItem","position":3,"name":"Buy liquid LSD 200ug Drop Online"}]},{"@type":"WebSite","@id":"https:\/\/stonersmeds.com\/#website","url":"https:\/\/stonersmeds.com\/","name":"stonersmeds.com","description":"verschreibungspflichtige Medizin kaufen","publisher":{"@id":"https:\/\/stonersmeds.com\/#organization"},"alternateName":"Research chemical shop","potentialAction":[{"@type":"SearchAction","target":{"@type":"EntryPoint","urlTemplate":"https:\/\/stonersmeds.com\/?s={search_term_string}"},"query-input":{"@type":"PropertyValueSpecification","valueRequired":true,"valueName":"search_term_string"}}],"inLanguage":"de"},{"@type":"Organization","@id":"https:\/\/stonersmeds.com\/#organization","name":"Stonersmeds Shop","url":"https:\/\/stonersmeds.com\/","logo":{"@type":"ImageObject","inLanguage":"de","@id":"https:\/\/stonersmeds.com\/#\/schema\/logo\/image\/","url":"https:\/\/stonersmeds.com\/wp-content\/uploads\/2026\/02\/high-purity-DMT-powder.jpg","contentUrl":"https:\/\/stonersmeds.com\/wp-content\/uploads\/2026\/02\/high-purity-DMT-powder.jpg","width":500,"height":500,"caption":"Stonersmeds Shop"},"image":{"@id":"https:\/\/stonersmeds.com\/#\/schema\/logo\/image\/"}}]},"og_availability":"instock","product_availability":"instock","product_condition":"new"},"_links":{"self":[{"href":"https:\/\/stonersmeds.com\/de\/wp-json\/wp\/v2\/product\/10606","targetHints":{"allow":["GET"]}}],"collection":[{"href":"https:\/\/stonersmeds.com\/de\/wp-json\/wp\/v2\/product"}],"about":[{"href":"https:\/\/stonersmeds.com\/de\/wp-json\/wp\/v2\/types\/product"}],"replies":[{"embeddable":true,"href":"https:\/\/stonersmeds.com\/de\/wp-json\/wp\/v2\/comments?post=10606"}],"version-history":[{"count":0,"href":"https:\/\/stonersmeds.com\/de\/wp-json\/wp\/v2\/product\/10606\/revisions"}],"wp:featuredmedia":[{"embeddable":true,"href":"https:\/\/stonersmeds.com\/de\/wp-json\/wp\/v2\/media\/10617"}],"wp:attachment":[{"href":"https:\/\/stonersmeds.com\/de\/wp-json\/wp\/v2\/media?parent=10606"}],"wp:term":[{"taxonomy":"product_brand","embeddable":true,"href":"https:\/\/stonersmeds.com\/de\/wp-json\/wp\/v2\/product_brand?post=10606"},{"taxonomy":"product_cat","embeddable":true,"href":"https:\/\/stonersmeds.com\/de\/wp-json\/wp\/v2\/product_cat?post=10606"},{"taxonomy":"product_tag","embeddable":true,"href":"https:\/\/stonersmeds.com\/de\/wp-json\/wp\/v2\/product_tag?post=10606"},{"taxonomy":"product_brands","embeddable":true,"href":"https:\/\/stonersmeds.com\/de\/wp-json\/wp\/v2\/product_brands?post=10606"}],"curies":[{"name":"wp","href":"https:\/\/api.w.org\/{rel}","templated":true}]}}