{"id":10658,"date":"2022-03-12T09:06:54","date_gmt":"2022-03-12T09:06:54","guid":{"rendered":"https:\/\/stonersmeds.com\/?post_type=product&#038;p=10658"},"modified":"2026-03-01T17:50:43","modified_gmt":"2026-03-01T15:50:43","slug":"buy-metho-methadone-hcl-powder-online","status":"publish","type":"product","link":"https:\/\/stonersmeds.com\/de\/shop\/buy-metho-methadone-hcl-powder-online\/","title":{"rendered":"Kaufen Sie Metho Methadon HCL Pulver online"},"content":{"rendered":"<h1>Metho Methadon HCL Pulver online kaufen.<\/h1>\n<p>Kaufen Metho Methadon HCL Pulver Gro\u00dfhandel 99,8% Rein @ Gro\u00dfhandelspreis.<br \/>\nMetho (<a href=\"https:\/\/go.drugbank.com\/salts\/DBSALT000346\">Methadon HCL<\/a>) behandelt m\u00e4\u00dfige bis starke Schmerzen.<\/p>\n<p>Es wird auch in Verbindung mit \u00e4rztlicher \u00dcberwachung und Beratung zur Behandlung von Drogenabh\u00e4ngigkeit oder zur Kontrolle von Entzugserscheinungen bei Patienten, die wegen Drogenabh\u00e4ngigkeit behandelt werden, eingesetzt. Dieses Medikament ist ein narkotisches Schmerzmittel.<\/p>\n<p>Wie versenden wir Pakete?<br \/>\nWir verpacken das Paket sorgf\u00e4ltig mit Wolfram- und Kohlepapier, damit es am Flughafen durch das R\u00f6ntgenger\u00e4t des Zolls passt. Die Pakete werden au\u00dfen ordentlich mit Packpapier umwickelt.<br \/>\nMetho (Methadon HCL) Salz\/Pulver: Metho (Methadon HCL) dient zur Behandlung von m\u00e4\u00dfigen bis starken Schmerzen. Diese Chemikalie ist ideal f\u00fcr die \u00e4rztliche \u00dcberwachung und Beratung bei der Behandlung von Drogenabh\u00e4ngigkeit. Hilft bei der Kontrolle von Entzugserscheinungen bei Patienten.<\/p>\n<p>&nbsp;<\/p>\n<p>&nbsp;<\/p>\n<pre><strong>Metho Methadon HCL Pulver online kaufen - <a href=\"https:\/\/stonersmeds.com\/de\/produkt-schlagwort\/where-to-buy-metho-methadone-hcl-powder-online\/\">Metho Methadon kaufen<\/a> , <a href=\"https:\/\/stonersmeds.com\/de\/produkt-schlagwort\/buy-mmb-2201-powder-pure-online-near-me\/\">Methadon HCL Pulver kaufen<\/a> usa , <a href=\"https:\/\/stonersmeds.com\/de\/produkt-schlagwort\/buy-methadone-hcl-powder-online-india\/\">Metho Methadon online kaufen USA<\/a> , Wo kann man Metho Methadone HCL Pulver kaufen , Metho Methadone HCL Pulver zu verkaufen, Metho Methadone HCL Pulver zu verkaufen in der N\u00e4he von mir , Metho Methadone HCL Pulver online kaufen in der N\u00e4he von mir , wo kann man Metho Methadone HCL Pulver online kaufen, Metho Methadone HCL Pulver zu verkaufen in usa , USA, Kanada, Gro\u00dfbritannien, kaufen, online, Lieferanten, sichere Lieferung, Sie k\u00f6nnen immer noch Metho Methadone HCL Pulver , Ist Metho Methadone HCL Pulver legal in usa, kaufen Metho Methadone HCL Pulver online usa, wie man Metho Methadone HCL Pulver bestellt , Ist Metho Methadone HCL Pulver legal in Kanada<\/strong><\/pre>","protected":false},"excerpt":{"rendered":"<p>Kaufen Metho Methadon HCL Pulver Online. Metho Methadon HCL Pulver Gro\u00dfhandel 99.8% Pure @ Gro\u00dfhandelspreise. Metho (Methadon HCL) behandelt moderate bis starke Schmerzen.<\/p>\n<pre><strong>Metho Methadon HCL Pulver online kaufen - Metho Methadon kaufen , Methadon HCL Pulver kaufen usa , Metho Methadon online kaufen USA , Wo kann man Metho Methadon HCL Pulver kaufen , Metho Methadon HCL Pulver zu verkaufen, Metho Methadon HCL Pulver zu verkaufen in meiner N\u00e4he , Metho Methadon HCL Pulver online kaufen in meiner N\u00e4he , wo kann man Metho Methadon HCL Pulver online kaufen, Metho Methadone HCL powder for sale in usa , USA, canada,uk, buy, online, suppliers, safe delivery, You can still get Metho Methadone HCL powder , Is Metho Methadone HCL powder legal in usa, buy Metho Methadone HCL powder online usa, how to order Metho Methadone HCL powder , Is Metho Methadone HCL powder legal in Canada<\/strong><\/pre>","protected":false},"featured_media":10676,"comment_status":"open","ping_status":"closed","template":"","meta":{"_bst_post_transparent":"","_bst_post_title":"","_bst_post_layout":"","_bst_post_sidebar_id":"","_bst_post_content_style":"","_bst_post_vertical_padding":"","_bst_post_feature":"","_bst_post_feature_position":"","_bst_post_header":false,"_bst_post_footer":false},"product_brand":[],"product_cat":[79],"product_tag":[356,354,352,355,351,353,358,357,363,368,359,369,367,361,365,362,360,364,366],"product_brands":[],"class_list":{"0":"post-10658","1":"product","2":"type-product","3":"status-publish","4":"has-post-thumbnail","6":"product_cat-research-chemicals-and-bath-salt","7":"product_tag-buy-methadone-hcl-powder-online","8":"product_tag-buy-methadone-hcl-powder-online-amazon","9":"product_tag-buy-methadone-hcl-powder-online-canada","10":"product_tag-buy-methadone-hcl-powder-online-free","11":"product_tag-buy-methadone-hcl-powder-online-india","12":"product_tag-buy-methadone-hcl-powder-online-usa","13":"product_tag-buy-methadone-hcl-powder-usa","14":"product_tag-buy-metho-methadone","15":"product_tag-buy-metho-methadone-hcl-powder-online-near-me","16":"product_tag-buy-metho-methadone-hcl-powder-online-usa","17":"product_tag-buy-metho-methadone-online-usa","18":"product_tag-how-to-order-metho-methadone-hcl-powder","19":"product_tag-is-metho-methadone-hcl-powder-legal-in-usa","20":"product_tag-metho-methadone-hcl-powder-for-sale","21":"product_tag-metho-methadone-hcl-powder-for-sale-in-usa","22":"product_tag-metho-methadone-hcl-powder-for-sale-near-me","23":"product_tag-where-to-buy-metho-methadone-hcl-powder","24":"product_tag-where-to-buy-metho-methadone-hcl-powder-online","25":"product_tag-you-can-still-get-metho-methadone-hcl-powder","27":"first","28":"instock","29":"shipping-taxable","30":"purchasable","31":"product-type-variable","32":"entry","33":"content-bg","34":"loop-entry"},"tiered_pricing_type":"fixed","tiered_pricing_fixed_rules":[],"tiered_pricing_percentage_rules":[],"tiered_pricing_minimum":1,"_administrator_tiered_pricing_type":"fixed","_administrator_tiered_pricing_fixed_rules":[],"_editor_tiered_pricing_type":"fixed","_editor_tiered_pricing_fixed_rules":[],"_author_tiered_pricing_type":"fixed","_author_tiered_pricing_fixed_rules":[],"_contributor_tiered_pricing_type":"fixed","_contributor_tiered_pricing_fixed_rules":[],"_subscriber_tiered_pricing_type":"fixed","_subscriber_tiered_pricing_fixed_rules":[],"_customer_tiered_pricing_type":"fixed","_customer_tiered_pricing_fixed_rules":[],"_shop_manager_tiered_pricing_type":"fixed","_shop_manager_tiered_pricing_fixed_rules":[],"_wpseo_manager_tiered_pricing_type":"fixed","_wpseo_manager_tiered_pricing_fixed_rules":[],"_wpseo_editor_tiered_pricing_type":"fixed","_wpseo_editor_tiered_pricing_fixed_rules":[],"yoast_head":"<!-- This site is optimized with the Yoast SEO plugin v27.2 - https:\/\/yoast.com\/product\/yoast-seo-wordpress\/ -->\n<title>Buy Metho Methadone HCL powder Online - Cheap price, Grade A++<\/title>\n<meta name=\"description\" content=\"Buy Metho Methadone HCL Online at an affordable price at stonersmeds. All products are lab qualified and have premium quality.\" \/>\n<meta name=\"robots\" content=\"index, follow, max-snippet:-1, max-image-preview:large, max-video-preview:-1\" \/>\n<link rel=\"canonical\" href=\"https:\/\/stonersmeds.com\/de\/shop\/buy-metho-methadone-hcl-powder-online\/\" \/>\n<meta property=\"og:locale\" content=\"de_DE\" \/>\n<meta property=\"og:type\" content=\"article\" \/>\n<meta property=\"og:title\" content=\"Buy Metho Methadone HCL powder Online - Cheap price, Grade A++\" \/>\n<meta property=\"og:description\" content=\"Buy Metho Methadone HCL Online at an affordable price at stonersmeds. All products are lab qualified and have premium quality.\" \/>\n<meta property=\"og:url\" content=\"https:\/\/stonersmeds.com\/de\/shop\/buy-metho-methadone-hcl-powder-online\/\" \/>\n<meta property=\"og:site_name\" content=\"stonersmeds.com\" \/>\n<meta property=\"article:modified_time\" content=\"2026-03-01T15:50:43+00:00\" \/>\n<meta property=\"og:image\" content=\"https:\/\/stonersmeds.com\/wp-content\/uploads\/2022\/03\/buy-metho-methadone-hcl-powder-online.jpg\" \/>\n\t<meta property=\"og:image:width\" content=\"600\" \/>\n\t<meta property=\"og:image:height\" content=\"600\" \/>\n\t<meta property=\"og:image:type\" content=\"image\/jpeg\" \/>\n<meta name=\"twitter:card\" content=\"summary_large_image\" \/>\n<meta name=\"twitter:label1\" content=\"Verf\u00fcgbarkeit\" \/>\n\t<meta name=\"twitter:data1\" content=\"Auf Lager\" \/>\n<script type=\"application\/ld+json\" class=\"yoast-schema-graph\">{\"@context\":\"https:\/\/schema.org\",\"@graph\":[{\"@type\":\"WebPage\",\"@id\":\"https:\/\/stonersmeds.com\/fr\/shop\/buy-metho-methadone-hcl-powder-online\/\",\"url\":\"https:\/\/stonersmeds.com\/fr\/shop\/buy-metho-methadone-hcl-powder-online\/\",\"name\":\"Buy Metho Methadone HCL powder Online - Cheap price, Grade A++\",\"isPartOf\":{\"@id\":\"https:\/\/stonersmeds.com\/#website\"},\"primaryImageOfPage\":{\"@id\":\"https:\/\/stonersmeds.com\/fr\/shop\/buy-metho-methadone-hcl-powder-online\/#primaryimage\"},\"image\":{\"@id\":\"https:\/\/stonersmeds.com\/fr\/shop\/buy-metho-methadone-hcl-powder-online\/#primaryimage\"},\"thumbnailUrl\":\"https:\/\/stonersmeds.com\/wp-content\/uploads\/2022\/03\/buy-metho-methadone-hcl-powder-online.jpg\",\"datePublished\":\"2022-03-12T09:06:54+00:00\",\"dateModified\":\"2026-03-01T15:50:43+00:00\",\"description\":\"Buy Metho Methadone HCL Online at an affordable price at stonersmeds. All products are lab qualified and have premium quality.\",\"breadcrumb\":{\"@id\":\"https:\/\/stonersmeds.com\/fr\/shop\/buy-metho-methadone-hcl-powder-online\/#breadcrumb\"},\"inLanguage\":\"de\",\"potentialAction\":[{\"@type\":\"ReadAction\",\"target\":[\"https:\/\/stonersmeds.com\/fr\/shop\/buy-metho-methadone-hcl-powder-online\/\"]}]},{\"@type\":\"ImageObject\",\"inLanguage\":\"de\",\"@id\":\"https:\/\/stonersmeds.com\/fr\/shop\/buy-metho-methadone-hcl-powder-online\/#primaryimage\",\"url\":\"https:\/\/stonersmeds.com\/wp-content\/uploads\/2022\/03\/buy-metho-methadone-hcl-powder-online.jpg\",\"contentUrl\":\"https:\/\/stonersmeds.com\/wp-content\/uploads\/2022\/03\/buy-metho-methadone-hcl-powder-online.jpg\",\"width\":600,\"height\":600},{\"@type\":\"BreadcrumbList\",\"@id\":\"https:\/\/stonersmeds.com\/fr\/shop\/buy-metho-methadone-hcl-powder-online\/#breadcrumb\",\"itemListElement\":[{\"@type\":\"ListItem\",\"position\":1,\"name\":\"Home\",\"item\":\"https:\/\/stonersmeds.com\/\"},{\"@type\":\"ListItem\",\"position\":2,\"name\":\"Shop\",\"item\":\"https:\/\/stonersmeds.com\/shop\/\"},{\"@type\":\"ListItem\",\"position\":3,\"name\":\"Buy Metho Methadone HCL powder Online\"}]},{\"@type\":\"WebSite\",\"@id\":\"https:\/\/stonersmeds.com\/#website\",\"url\":\"https:\/\/stonersmeds.com\/\",\"name\":\"stonersmeds.com\",\"description\":\"verschreibungspflichtige Medizin kaufen\",\"publisher\":{\"@id\":\"https:\/\/stonersmeds.com\/#organization\"},\"alternateName\":\"Research chemical shop\",\"potentialAction\":[{\"@type\":\"SearchAction\",\"target\":{\"@type\":\"EntryPoint\",\"urlTemplate\":\"https:\/\/stonersmeds.com\/?s={search_term_string}\"},\"query-input\":{\"@type\":\"PropertyValueSpecification\",\"valueRequired\":true,\"valueName\":\"search_term_string\"}}],\"inLanguage\":\"de\"},{\"@type\":\"Organization\",\"@id\":\"https:\/\/stonersmeds.com\/#organization\",\"name\":\"Stonersmeds Shop\",\"url\":\"https:\/\/stonersmeds.com\/\",\"logo\":{\"@type\":\"ImageObject\",\"inLanguage\":\"de\",\"@id\":\"https:\/\/stonersmeds.com\/#\/schema\/logo\/image\/\",\"url\":\"https:\/\/stonersmeds.com\/wp-content\/uploads\/2026\/02\/high-purity-DMT-powder.jpg\",\"contentUrl\":\"https:\/\/stonersmeds.com\/wp-content\/uploads\/2026\/02\/high-purity-DMT-powder.jpg\",\"width\":500,\"height\":500,\"caption\":\"Stonersmeds Shop\"},\"image\":{\"@id\":\"https:\/\/stonersmeds.com\/#\/schema\/logo\/image\/\"}}]}<\/script>\n<meta property=\"og:availability\" content=\"instock\" \/>\n<meta property=\"product:availability\" content=\"instock\" \/>\n<meta property=\"product:condition\" content=\"new\" \/>\n<!-- \/ Yoast SEO plugin. -->","yoast_head_json":{"title":"Metho Methadon HCL Pulver Online kaufen - G\u00fcnstiger Preis, Qualit\u00e4t A++","description":"Kaufen Sie Metho Methadone HCL Online zu einem g\u00fcnstigen Preis bei stonersmeds. Alle Produkte sind Labor qualifiziert und haben Premium-Qualit\u00e4t.","robots":{"index":"index","follow":"follow","max-snippet":"max-snippet:-1","max-image-preview":"max-image-preview:large","max-video-preview":"max-video-preview:-1"},"canonical":"https:\/\/stonersmeds.com\/de\/shop\/buy-metho-methadone-hcl-powder-online\/","og_locale":"de_DE","og_type":"article","og_title":"Buy Metho Methadone HCL powder Online - Cheap price, Grade A++","og_description":"Buy Metho Methadone HCL Online at an affordable price at stonersmeds. All products are lab qualified and have premium quality.","og_url":"https:\/\/stonersmeds.com\/de\/shop\/buy-metho-methadone-hcl-powder-online\/","og_site_name":"stonersmeds.com","article_modified_time":"2026-03-01T15:50:43+00:00","og_image":[{"width":600,"height":600,"url":"https:\/\/stonersmeds.com\/wp-content\/uploads\/2022\/03\/buy-metho-methadone-hcl-powder-online.jpg","type":"image\/jpeg"}],"twitter_card":"summary_large_image","twitter_misc":{"Verf\u00fcgbarkeit":"Auf Lager"},"schema":{"@context":"https:\/\/schema.org","@graph":[{"@type":"WebPage","@id":"https:\/\/stonersmeds.com\/fr\/shop\/buy-metho-methadone-hcl-powder-online\/","url":"https:\/\/stonersmeds.com\/fr\/shop\/buy-metho-methadone-hcl-powder-online\/","name":"Metho Methadon HCL Pulver Online kaufen - G\u00fcnstiger Preis, Qualit\u00e4t A++","isPartOf":{"@id":"https:\/\/stonersmeds.com\/#website"},"primaryImageOfPage":{"@id":"https:\/\/stonersmeds.com\/fr\/shop\/buy-metho-methadone-hcl-powder-online\/#primaryimage"},"image":{"@id":"https:\/\/stonersmeds.com\/fr\/shop\/buy-metho-methadone-hcl-powder-online\/#primaryimage"},"thumbnailUrl":"https:\/\/stonersmeds.com\/wp-content\/uploads\/2022\/03\/buy-metho-methadone-hcl-powder-online.jpg","datePublished":"2022-03-12T09:06:54+00:00","dateModified":"2026-03-01T15:50:43+00:00","description":"Kaufen Sie Metho Methadone HCL Online zu einem g\u00fcnstigen Preis bei stonersmeds. Alle Produkte sind Labor qualifiziert und haben Premium-Qualit\u00e4t.","breadcrumb":{"@id":"https:\/\/stonersmeds.com\/fr\/shop\/buy-metho-methadone-hcl-powder-online\/#breadcrumb"},"inLanguage":"de","potentialAction":[{"@type":"ReadAction","target":["https:\/\/stonersmeds.com\/fr\/shop\/buy-metho-methadone-hcl-powder-online\/"]}]},{"@type":"ImageObject","inLanguage":"de","@id":"https:\/\/stonersmeds.com\/fr\/shop\/buy-metho-methadone-hcl-powder-online\/#primaryimage","url":"https:\/\/stonersmeds.com\/wp-content\/uploads\/2022\/03\/buy-metho-methadone-hcl-powder-online.jpg","contentUrl":"https:\/\/stonersmeds.com\/wp-content\/uploads\/2022\/03\/buy-metho-methadone-hcl-powder-online.jpg","width":600,"height":600},{"@type":"BreadcrumbList","@id":"https:\/\/stonersmeds.com\/fr\/shop\/buy-metho-methadone-hcl-powder-online\/#breadcrumb","itemListElement":[{"@type":"ListItem","position":1,"name":"Home","item":"https:\/\/stonersmeds.com\/"},{"@type":"ListItem","position":2,"name":"Shop","item":"https:\/\/stonersmeds.com\/shop\/"},{"@type":"ListItem","position":3,"name":"Buy Metho Methadone HCL powder Online"}]},{"@type":"WebSite","@id":"https:\/\/stonersmeds.com\/#website","url":"https:\/\/stonersmeds.com\/","name":"stonersmeds.com","description":"verschreibungspflichtige Medizin kaufen","publisher":{"@id":"https:\/\/stonersmeds.com\/#organization"},"alternateName":"Research chemical shop","potentialAction":[{"@type":"SearchAction","target":{"@type":"EntryPoint","urlTemplate":"https:\/\/stonersmeds.com\/?s={search_term_string}"},"query-input":{"@type":"PropertyValueSpecification","valueRequired":true,"valueName":"search_term_string"}}],"inLanguage":"de"},{"@type":"Organization","@id":"https:\/\/stonersmeds.com\/#organization","name":"Stonersmeds Shop","url":"https:\/\/stonersmeds.com\/","logo":{"@type":"ImageObject","inLanguage":"de","@id":"https:\/\/stonersmeds.com\/#\/schema\/logo\/image\/","url":"https:\/\/stonersmeds.com\/wp-content\/uploads\/2026\/02\/high-purity-DMT-powder.jpg","contentUrl":"https:\/\/stonersmeds.com\/wp-content\/uploads\/2026\/02\/high-purity-DMT-powder.jpg","width":500,"height":500,"caption":"Stonersmeds Shop"},"image":{"@id":"https:\/\/stonersmeds.com\/#\/schema\/logo\/image\/"}}]},"og_availability":"instock","product_availability":"instock","product_condition":"new"},"_links":{"self":[{"href":"https:\/\/stonersmeds.com\/de\/wp-json\/wp\/v2\/product\/10658","targetHints":{"allow":["GET"]}}],"collection":[{"href":"https:\/\/stonersmeds.com\/de\/wp-json\/wp\/v2\/product"}],"about":[{"href":"https:\/\/stonersmeds.com\/de\/wp-json\/wp\/v2\/types\/product"}],"replies":[{"embeddable":true,"href":"https:\/\/stonersmeds.com\/de\/wp-json\/wp\/v2\/comments?post=10658"}],"version-history":[{"count":0,"href":"https:\/\/stonersmeds.com\/de\/wp-json\/wp\/v2\/product\/10658\/revisions"}],"wp:featuredmedia":[{"embeddable":true,"href":"https:\/\/stonersmeds.com\/de\/wp-json\/wp\/v2\/media\/10676"}],"wp:attachment":[{"href":"https:\/\/stonersmeds.com\/de\/wp-json\/wp\/v2\/media?parent=10658"}],"wp:term":[{"taxonomy":"product_brand","embeddable":true,"href":"https:\/\/stonersmeds.com\/de\/wp-json\/wp\/v2\/product_brand?post=10658"},{"taxonomy":"product_cat","embeddable":true,"href":"https:\/\/stonersmeds.com\/de\/wp-json\/wp\/v2\/product_cat?post=10658"},{"taxonomy":"product_tag","embeddable":true,"href":"https:\/\/stonersmeds.com\/de\/wp-json\/wp\/v2\/product_tag?post=10658"},{"taxonomy":"product_brands","embeddable":true,"href":"https:\/\/stonersmeds.com\/de\/wp-json\/wp\/v2\/product_brands?post=10658"}],"curies":[{"name":"wp","href":"https:\/\/api.w.org\/{rel}","templated":true}]}}