{"id":10777,"date":"2022-03-12T09:43:11","date_gmt":"2022-03-12T09:43:11","guid":{"rendered":"https:\/\/stonersmeds.com\/?post_type=product&#038;p=10777"},"modified":"2026-02-27T12:40:04","modified_gmt":"2026-02-27T10:40:04","slug":"buy-pure-mdma-powder-online","status":"publish","type":"product","link":"https:\/\/stonersmeds.com\/de\/shop\/buy-pure-mdma-powder-online\/","title":{"rendered":"Kaufen Sie reines MDMA-Pulver on-line"},"content":{"rendered":"<h1>Kaufen Sie reines MDMA-Pulver on-line<\/h1>\n<p>Reines MDMA-Pulver online kaufen. MDMA (Ecstasy\/Molly) Pulver Zum Verkauf hier bei So weit wie die Qualit\u00e4t betroffen ist, haben wir die beste.<\/p>\n<p>Reines MDMA-Pulver online. Ecstasy\/Molly-Pulver zu verkaufen (<a href=\"https:\/\/stonersmeds.com\/de\/produkt-schlagwort\/buy-powder-online\/\">Kaufen Sie Ecstasy\/Molly Powder online<\/a>)<\/p>\n<p><a href=\"https:\/\/stonersmeds.com\/de\/shop\/buy-xtc-philipp-plein-blue-524-mg-mdma-pills-online\/\">MDMA online kaufen<\/a> (verhandeltes 3,4-Methylendioxy-Methamphetamin) ist eine psychoaktive Droge aus der Klasse der Methylendioxyphenethylamin-Ersatzstoffe und Amphetamin-Ersatzstoffe, die in erster Linie wegen ihrer euphorisierenden und empathischen Wirkung verwendet wird. Pharmakologisch, <a href=\"https:\/\/stonersmeds.com\/de\/produkt-schlagwort\/buy-pure-mdma-powder\/\">Reines MDMA-Pulver kaufen<\/a> MDMA wirkt als Serotonin-Norepinephrin-Dopamin-freisetzende Substanz und als Wiederaufnahmehemmer. <a href=\"https:\/\/stonersmeds.com\/de\/produkt-schlagwort\/where-to-buy-jwh-210-chemical-powder-online\/\">MDMA-Pulver online kaufen<\/a><\/p>\n<p>MDMA, das online verkauft wird, ist weithin als \"Ecstasy\" (abgek\u00fcrzt als \"E\", \"X\" oder \"XTC\") bekannt und bezieht sich in der Regel auf seine Tablettenform, obwohl dieser Begriff die M\u00f6glichkeit einer gef\u00e4lschten Erg\u00e4nzung implizieren kann. Der Begriff \"Mandy for sale\" im Vereinigten K\u00f6nigreich und der amerikanische Begriff \"Molly for sale\" beziehen sich auf MDMA in Form eines kristallinen Pulvers, das relativ frei von gef\u00e4lschten Zusatzstoffen ist. Molly kann sich manchmal auch auf verwandte Medikamente wie Methylon beziehen, das in reiner Form gekauft wird. <a href=\"https:\/\/www.emcdda.europa.eu\/publications\/drug-profiles\/mdma_de\">MDMA<\/a> Pulver, den Online-Kauf von MDPV, Mephedron oder eine andere Gruppe von pharmakologischen Verbindungen, die als Badesalze bekannt sind.<\/p>\n<p>&nbsp;<\/p>\n<p>&nbsp;<\/p>\n<pre><strong><a href=\"https:\/\/stonersmeds.com\/de\/produkt-schlagwort\/where-to-buy-pure-mdma-crystals-online\/\">Kaufen Sie reines MDMA-Pulver on-line<\/a> - kaufen Sie reines MDMA-Pulver , kaufen Sie reines MDMA-Pulver usa , kaufen Sie reines MDMA-Pulver online USA , Wo kaufen Sie reines MDMA-Pulver , reines MDMA-Pulver zum Verkauf, reines MDMA-Pulver zum Verkauf in meiner N\u00e4he , kaufen Sie reines MDMA-Pulver online in meiner N\u00e4he , wo kaufen Sie reines MDMA-Pulver online, Reines MDMA-Pulver zu verkaufen in den USA, USA, Kanada, Gro\u00dfbritannien, kaufen, online, Lieferanten, sichere Lieferung, Sie k\u00f6nnen immer noch reines MDMA-Pulver bekommen, ist reines MDMA-Pulver legal in den USA, kaufen Sie reines MDMA-Pulver online in den USA, wie man reines MDMA-Pulver bestellt, ist reines MDMA-Pulver legal in Kanada<\/strong><\/pre>","protected":false},"excerpt":{"rendered":"<ul>\n<li>Kaufen Sie reines MDMA-Pulver on-line<\/li>\n<li>Reines MDMA-Pulver online<\/li>\n<li>Ecstasy\/Molly Powder zu verkaufen<\/li>\n<li>\u00a0Kaufen Sie Ecstasy\/Molly Powder online<\/li>\n<\/ul>\n<pre><strong>Kaufen Sie reines MDMA-Pulver online - kaufen Sie reines MDMA-Pulver, kaufen Sie reines MDMA-Pulver USA, kaufen Sie reines MDMA-Pulver online USA, wo Sie reines MDMA-Pulver kaufen k\u00f6nnen, reines MDMA-Pulver zum Verkauf, reines MDMA-Pulver zum Verkauf in meiner N\u00e4he, kaufen Sie reines MDMA-Pulver online in meiner N\u00e4he, wo man reines MDMA-Pulver online kaufen kann, reines MDMA-Pulver zum Verkauf in den USA, USA, Kanada, Gro\u00dfbritannien, kaufen, online, Lieferanten, sichere Lieferung, Sie k\u00f6nnen immer noch reines MDMA-Pulver bekommen, ist reines MDMA-Pulver in den USA legal, Kaufen Sie reines MDMA-Pulver online in den USA, wie Sie reines MDMA-Pulver bestellen. Ist reines MDMA-Pulver in Kanada legal?<\/strong><\/pre>","protected":false},"featured_media":10792,"comment_status":"open","ping_status":"closed","template":"","meta":{"_bst_post_transparent":"","_bst_post_title":"","_bst_post_layout":"","_bst_post_sidebar_id":"","_bst_post_content_style":"","_bst_post_vertical_padding":"","_bst_post_feature":"","_bst_post_feature_position":"","_bst_post_header":false,"_bst_post_footer":false},"product_brand":[],"product_cat":[79],"product_tag":[186,192,188,187,190,194,191,189,193],"product_brands":[],"class_list":{"0":"post-10777","1":"product","2":"type-product","3":"status-publish","4":"has-post-thumbnail","6":"product_cat-research-chemicals-and-bath-salt","7":"product_tag-buy-pure-mdma-powder","8":"product_tag-buy-pure-mdma-powder-online-near-me","9":"product_tag-buy-pure-mdma-powder-online-usa","10":"product_tag-buy-pure-mdma-powder-usa","11":"product_tag-pure-mdma-powder-for-sale","12":"product_tag-pure-mdma-powder-for-sale-in-usa","13":"product_tag-pure-mdma-powder-for-sale-near-me","14":"product_tag-where-to-buy-pure-mdma-powder","15":"product_tag-where-to-buy-pure-mdma-powder-online","17":"first","18":"instock","19":"shipping-taxable","20":"purchasable","21":"product-type-variable","22":"entry","23":"content-bg","24":"loop-entry"},"tiered_pricing_type":"fixed","tiered_pricing_fixed_rules":[],"tiered_pricing_percentage_rules":[],"tiered_pricing_minimum":1,"_administrator_tiered_pricing_type":"fixed","_administrator_tiered_pricing_fixed_rules":[],"_editor_tiered_pricing_type":"fixed","_editor_tiered_pricing_fixed_rules":[],"_author_tiered_pricing_type":"fixed","_author_tiered_pricing_fixed_rules":[],"_contributor_tiered_pricing_type":"fixed","_contributor_tiered_pricing_fixed_rules":[],"_subscriber_tiered_pricing_type":"fixed","_subscriber_tiered_pricing_fixed_rules":[],"_customer_tiered_pricing_type":"fixed","_customer_tiered_pricing_fixed_rules":[],"_shop_manager_tiered_pricing_type":"fixed","_shop_manager_tiered_pricing_fixed_rules":[],"_wpseo_manager_tiered_pricing_type":"fixed","_wpseo_manager_tiered_pricing_fixed_rules":[],"_wpseo_editor_tiered_pricing_type":"fixed","_wpseo_editor_tiered_pricing_fixed_rules":[],"yoast_head":"<!-- This site is optimized with the Yoast SEO plugin v27.2 - https:\/\/yoast.com\/product\/yoast-seo-wordpress\/ -->\n<title>Buy pure MDMA powder online - Cheap price, Grade A++<\/title>\n<meta name=\"description\" content=\"Buy pure MDMA powder Online at an affordable price at stonersmeds. All products are lab qualified and have premium quality.\" \/>\n<meta name=\"robots\" content=\"index, follow, max-snippet:-1, max-image-preview:large, max-video-preview:-1\" \/>\n<link rel=\"canonical\" href=\"https:\/\/stonersmeds.com\/de\/shop\/buy-pure-mdma-powder-online\/\" \/>\n<meta property=\"og:locale\" content=\"de_DE\" \/>\n<meta property=\"og:type\" content=\"article\" \/>\n<meta property=\"og:title\" content=\"Buy pure MDMA powder online - Cheap price, Grade A++\" \/>\n<meta property=\"og:description\" content=\"Buy pure MDMA powder Online at an affordable price at stonersmeds. All products are lab qualified and have premium quality.\" \/>\n<meta property=\"og:url\" content=\"https:\/\/stonersmeds.com\/de\/shop\/buy-pure-mdma-powder-online\/\" \/>\n<meta property=\"og:site_name\" content=\"stonersmeds.com\" \/>\n<meta property=\"article:modified_time\" content=\"2026-02-27T10:40:04+00:00\" \/>\n<meta property=\"og:image\" content=\"https:\/\/stonersmeds.com\/wp-content\/uploads\/2022\/03\/Buy-pure-MDMA-powder-online.jpg\" \/>\n\t<meta property=\"og:image:width\" content=\"600\" \/>\n\t<meta property=\"og:image:height\" content=\"600\" \/>\n\t<meta property=\"og:image:type\" content=\"image\/jpeg\" \/>\n<meta name=\"twitter:card\" content=\"summary_large_image\" \/>\n<meta name=\"twitter:label1\" content=\"Verf\u00fcgbarkeit\" \/>\n\t<meta name=\"twitter:data1\" content=\"Auf Lager\" \/>\n<script type=\"application\/ld+json\" class=\"yoast-schema-graph\">{\"@context\":\"https:\/\/schema.org\",\"@graph\":[{\"@type\":\"WebPage\",\"@id\":\"https:\/\/stonersmeds.com\/sk\/shop\/buy-pure-mdma-powder-online\/\",\"url\":\"https:\/\/stonersmeds.com\/sk\/shop\/buy-pure-mdma-powder-online\/\",\"name\":\"Buy pure MDMA powder online - Cheap price, Grade A++\",\"isPartOf\":{\"@id\":\"https:\/\/stonersmeds.com\/#website\"},\"primaryImageOfPage\":{\"@id\":\"https:\/\/stonersmeds.com\/sk\/shop\/buy-pure-mdma-powder-online\/#primaryimage\"},\"image\":{\"@id\":\"https:\/\/stonersmeds.com\/sk\/shop\/buy-pure-mdma-powder-online\/#primaryimage\"},\"thumbnailUrl\":\"https:\/\/stonersmeds.com\/wp-content\/uploads\/2022\/03\/Buy-pure-MDMA-powder-online.jpg\",\"datePublished\":\"2022-03-12T09:43:11+00:00\",\"dateModified\":\"2026-02-27T10:40:04+00:00\",\"description\":\"Buy pure MDMA powder Online at an affordable price at stonersmeds. All products are lab qualified and have premium quality.\",\"breadcrumb\":{\"@id\":\"https:\/\/stonersmeds.com\/sk\/shop\/buy-pure-mdma-powder-online\/#breadcrumb\"},\"inLanguage\":\"de\",\"potentialAction\":[{\"@type\":\"ReadAction\",\"target\":[\"https:\/\/stonersmeds.com\/sk\/shop\/buy-pure-mdma-powder-online\/\"]}]},{\"@type\":\"ImageObject\",\"inLanguage\":\"de\",\"@id\":\"https:\/\/stonersmeds.com\/sk\/shop\/buy-pure-mdma-powder-online\/#primaryimage\",\"url\":\"https:\/\/stonersmeds.com\/wp-content\/uploads\/2022\/03\/Buy-pure-MDMA-powder-online.jpg\",\"contentUrl\":\"https:\/\/stonersmeds.com\/wp-content\/uploads\/2022\/03\/Buy-pure-MDMA-powder-online.jpg\",\"width\":600,\"height\":600},{\"@type\":\"BreadcrumbList\",\"@id\":\"https:\/\/stonersmeds.com\/sk\/shop\/buy-pure-mdma-powder-online\/#breadcrumb\",\"itemListElement\":[{\"@type\":\"ListItem\",\"position\":1,\"name\":\"Home\",\"item\":\"https:\/\/stonersmeds.com\/\"},{\"@type\":\"ListItem\",\"position\":2,\"name\":\"Shop\",\"item\":\"https:\/\/stonersmeds.com\/shop\/\"},{\"@type\":\"ListItem\",\"position\":3,\"name\":\"Buy pure MDMA powder online\"}]},{\"@type\":\"WebSite\",\"@id\":\"https:\/\/stonersmeds.com\/#website\",\"url\":\"https:\/\/stonersmeds.com\/\",\"name\":\"stonersmeds.com\",\"description\":\"verschreibungspflichtige Medizin kaufen\",\"publisher\":{\"@id\":\"https:\/\/stonersmeds.com\/#organization\"},\"alternateName\":\"Research chemical shop\",\"potentialAction\":[{\"@type\":\"SearchAction\",\"target\":{\"@type\":\"EntryPoint\",\"urlTemplate\":\"https:\/\/stonersmeds.com\/?s={search_term_string}\"},\"query-input\":{\"@type\":\"PropertyValueSpecification\",\"valueRequired\":true,\"valueName\":\"search_term_string\"}}],\"inLanguage\":\"de\"},{\"@type\":\"Organization\",\"@id\":\"https:\/\/stonersmeds.com\/#organization\",\"name\":\"Stonersmeds Shop\",\"url\":\"https:\/\/stonersmeds.com\/\",\"logo\":{\"@type\":\"ImageObject\",\"inLanguage\":\"de\",\"@id\":\"https:\/\/stonersmeds.com\/#\/schema\/logo\/image\/\",\"url\":\"https:\/\/stonersmeds.com\/wp-content\/uploads\/2026\/02\/high-purity-DMT-powder.jpg\",\"contentUrl\":\"https:\/\/stonersmeds.com\/wp-content\/uploads\/2026\/02\/high-purity-DMT-powder.jpg\",\"width\":500,\"height\":500,\"caption\":\"Stonersmeds Shop\"},\"image\":{\"@id\":\"https:\/\/stonersmeds.com\/#\/schema\/logo\/image\/\"}}]}<\/script>\n<meta property=\"og:availability\" content=\"instock\" \/>\n<meta property=\"product:availability\" content=\"instock\" \/>\n<meta property=\"product:condition\" content=\"new\" \/>\n<!-- \/ Yoast SEO plugin. -->","yoast_head_json":{"title":"Kaufen Sie reines MDMA-Pulver online - G\u00fcnstiger Preis, Klasse A++","description":"Kaufen Sie reines MDMA-Pulver online zu einem erschwinglichen Preis bei stonersmeds. Alle Produkte sind laborqualifiziert und von h\u00f6chster Qualit\u00e4t.","robots":{"index":"index","follow":"follow","max-snippet":"max-snippet:-1","max-image-preview":"max-image-preview:large","max-video-preview":"max-video-preview:-1"},"canonical":"https:\/\/stonersmeds.com\/de\/shop\/buy-pure-mdma-powder-online\/","og_locale":"de_DE","og_type":"article","og_title":"Buy pure MDMA powder online - Cheap price, Grade A++","og_description":"Buy pure MDMA powder Online at an affordable price at stonersmeds. All products are lab qualified and have premium quality.","og_url":"https:\/\/stonersmeds.com\/de\/shop\/buy-pure-mdma-powder-online\/","og_site_name":"stonersmeds.com","article_modified_time":"2026-02-27T10:40:04+00:00","og_image":[{"width":600,"height":600,"url":"https:\/\/stonersmeds.com\/wp-content\/uploads\/2022\/03\/Buy-pure-MDMA-powder-online.jpg","type":"image\/jpeg"}],"twitter_card":"summary_large_image","twitter_misc":{"Verf\u00fcgbarkeit":"Auf Lager"},"schema":{"@context":"https:\/\/schema.org","@graph":[{"@type":"WebPage","@id":"https:\/\/stonersmeds.com\/sk\/shop\/buy-pure-mdma-powder-online\/","url":"https:\/\/stonersmeds.com\/sk\/shop\/buy-pure-mdma-powder-online\/","name":"Kaufen Sie reines MDMA-Pulver online - G\u00fcnstiger Preis, Klasse A++","isPartOf":{"@id":"https:\/\/stonersmeds.com\/#website"},"primaryImageOfPage":{"@id":"https:\/\/stonersmeds.com\/sk\/shop\/buy-pure-mdma-powder-online\/#primaryimage"},"image":{"@id":"https:\/\/stonersmeds.com\/sk\/shop\/buy-pure-mdma-powder-online\/#primaryimage"},"thumbnailUrl":"https:\/\/stonersmeds.com\/wp-content\/uploads\/2022\/03\/Buy-pure-MDMA-powder-online.jpg","datePublished":"2022-03-12T09:43:11+00:00","dateModified":"2026-02-27T10:40:04+00:00","description":"Kaufen Sie reines MDMA-Pulver online zu einem erschwinglichen Preis bei stonersmeds. Alle Produkte sind laborqualifiziert und von h\u00f6chster Qualit\u00e4t.","breadcrumb":{"@id":"https:\/\/stonersmeds.com\/sk\/shop\/buy-pure-mdma-powder-online\/#breadcrumb"},"inLanguage":"de","potentialAction":[{"@type":"ReadAction","target":["https:\/\/stonersmeds.com\/sk\/shop\/buy-pure-mdma-powder-online\/"]}]},{"@type":"ImageObject","inLanguage":"de","@id":"https:\/\/stonersmeds.com\/sk\/shop\/buy-pure-mdma-powder-online\/#primaryimage","url":"https:\/\/stonersmeds.com\/wp-content\/uploads\/2022\/03\/Buy-pure-MDMA-powder-online.jpg","contentUrl":"https:\/\/stonersmeds.com\/wp-content\/uploads\/2022\/03\/Buy-pure-MDMA-powder-online.jpg","width":600,"height":600},{"@type":"BreadcrumbList","@id":"https:\/\/stonersmeds.com\/sk\/shop\/buy-pure-mdma-powder-online\/#breadcrumb","itemListElement":[{"@type":"ListItem","position":1,"name":"Home","item":"https:\/\/stonersmeds.com\/"},{"@type":"ListItem","position":2,"name":"Shop","item":"https:\/\/stonersmeds.com\/shop\/"},{"@type":"ListItem","position":3,"name":"Buy pure MDMA powder online"}]},{"@type":"WebSite","@id":"https:\/\/stonersmeds.com\/#website","url":"https:\/\/stonersmeds.com\/","name":"stonersmeds.com","description":"verschreibungspflichtige Medizin kaufen","publisher":{"@id":"https:\/\/stonersmeds.com\/#organization"},"alternateName":"Research chemical shop","potentialAction":[{"@type":"SearchAction","target":{"@type":"EntryPoint","urlTemplate":"https:\/\/stonersmeds.com\/?s={search_term_string}"},"query-input":{"@type":"PropertyValueSpecification","valueRequired":true,"valueName":"search_term_string"}}],"inLanguage":"de"},{"@type":"Organization","@id":"https:\/\/stonersmeds.com\/#organization","name":"Stonersmeds Shop","url":"https:\/\/stonersmeds.com\/","logo":{"@type":"ImageObject","inLanguage":"de","@id":"https:\/\/stonersmeds.com\/#\/schema\/logo\/image\/","url":"https:\/\/stonersmeds.com\/wp-content\/uploads\/2026\/02\/high-purity-DMT-powder.jpg","contentUrl":"https:\/\/stonersmeds.com\/wp-content\/uploads\/2026\/02\/high-purity-DMT-powder.jpg","width":500,"height":500,"caption":"Stonersmeds Shop"},"image":{"@id":"https:\/\/stonersmeds.com\/#\/schema\/logo\/image\/"}}]},"og_availability":"instock","product_availability":"instock","product_condition":"new"},"_links":{"self":[{"href":"https:\/\/stonersmeds.com\/de\/wp-json\/wp\/v2\/product\/10777","targetHints":{"allow":["GET"]}}],"collection":[{"href":"https:\/\/stonersmeds.com\/de\/wp-json\/wp\/v2\/product"}],"about":[{"href":"https:\/\/stonersmeds.com\/de\/wp-json\/wp\/v2\/types\/product"}],"replies":[{"embeddable":true,"href":"https:\/\/stonersmeds.com\/de\/wp-json\/wp\/v2\/comments?post=10777"}],"version-history":[{"count":0,"href":"https:\/\/stonersmeds.com\/de\/wp-json\/wp\/v2\/product\/10777\/revisions"}],"wp:featuredmedia":[{"embeddable":true,"href":"https:\/\/stonersmeds.com\/de\/wp-json\/wp\/v2\/media\/10792"}],"wp:attachment":[{"href":"https:\/\/stonersmeds.com\/de\/wp-json\/wp\/v2\/media?parent=10777"}],"wp:term":[{"taxonomy":"product_brand","embeddable":true,"href":"https:\/\/stonersmeds.com\/de\/wp-json\/wp\/v2\/product_brand?post=10777"},{"taxonomy":"product_cat","embeddable":true,"href":"https:\/\/stonersmeds.com\/de\/wp-json\/wp\/v2\/product_cat?post=10777"},{"taxonomy":"product_tag","embeddable":true,"href":"https:\/\/stonersmeds.com\/de\/wp-json\/wp\/v2\/product_tag?post=10777"},{"taxonomy":"product_brands","embeddable":true,"href":"https:\/\/stonersmeds.com\/de\/wp-json\/wp\/v2\/product_brands?post=10777"}],"curies":[{"name":"wp","href":"https:\/\/api.w.org\/{rel}","templated":true}]}}