{"id":11146,"date":"2022-03-31T10:44:59","date_gmt":"2022-03-31T10:44:59","guid":{"rendered":"https:\/\/stonersmeds.com\/?post_type=product&#038;p=11146"},"modified":"2026-03-01T07:00:42","modified_gmt":"2026-03-01T05:00:42","slug":"psilocybe-mexicana","status":"publish","type":"product","link":"https:\/\/stonersmeds.com\/de\/shop\/psilocybe-mexicana\/","title":{"rendered":"Psilocybe Mexicana"},"content":{"rendered":"<h1>Psilocybe Mexicana online kaufen<\/h1>\n<p>Die Psilocybe Mexicana ist eine der bekanntesten und beliebtesten magischen Tr\u00fcffelarten \u00fcberhaupt. Die Ureinwohner S\u00fcdamerikas verwenden die Psilocybe Mexicana seit Tausenden von Jahren in spirituellen Ritualen. Sie bringt eine sehr angenehme und warme Reise mit sich, die man nicht so schnell vergessen wird. Diese Art ist perfekt f\u00fcr Anf\u00e4nger geeignet, da sie nicht sehr stark ist.<\/p>\n<p>Die Psilocybe Mexicana wurde 1958 von dem amerikanischen Mykologen Robert Watson entdeckt. Damit meine ich, dass von diesem Moment an Menschen aus der westlichen Welt damit zu experimentieren begannen. Denn die Mayas, Azteken und alle m\u00f6glichen anderen Bev\u00f6lkerungsgruppen aus Mittel- und S\u00fcdamerika nutzen diesen Pilz schon seit Jahrtausenden und nannten ihn wegen seiner starken Wirkung \"Fleisch der G\u00f6tter\".<\/p>\n<p>Die Psilocybe Mexicana ist Gegenstand zahlreicher Studien gewesen. Ein sch\u00f6nes Zitat des auf psychedelische Drogen spezialisierten Psychologen Timothy Leary nach dem Konsum von Psilocybe Mexicana: \"In vier Stunden lernte ich mehr \u00fcber den Geist, das Gehirn und seine Strukturen als in den vorangegangenen 15 Jahren als flei\u00dfiger Psychologe\".<\/p>\n<p>Ich bin sicher, dass auch Sie nach der Verwendung dieser Tr\u00fcffel etwas ganz Besonderes erleben werden. Es ist die mildeste Art aus unserem Sortiment, aber sie sollte nicht untersch\u00e4tzt werden. Die wichtigsten Wirkungen der Psilocybe Mexicana sind ein leichtes euphorisches Gef\u00fchl, ein freudiges Herz und eine gesch\u00e4rfte Wahrnehmung. Ideal, um sie mit Freunden zu nehmen, da der Trip nicht so intensiv ist.<\/p>\n<p>Psilocybe Mexicana Online zu verkaufen<\/p>\n<p>Kaufen Sie Psychedelika online<\/p>","protected":false},"excerpt":{"rendered":"<table id=\"productfeatures\">\n<tbody>\n<tr>\n<td width=\"26%\"><strong>St\u00e4rke:<\/strong><\/td>\n<td>Niedrig\/Mittel, ideal zum Mitnehmen mit Freunden<\/td>\n<\/tr>\n<tr>\n<td width=\"26%\"><strong>Wirkung:<\/strong><\/td>\n<td>Leichtes euphorisches Gef\u00fchl, ein freudiges Herz und eine gesch\u00e4rfte Wahrnehmung<\/td>\n<\/tr>\n<tr>\n<td width=\"26%\"><strong>Inhalt:<\/strong><\/td>\n<td>1 vakuumversiegelter Beutel mit 15 Gramm Tr\u00fcffeln<\/td>\n<\/tr>\n<\/tbody>\n<\/table>\n<p>Psilocybe Mexicana online kaufen<\/p>\n<p>Psychedelika zu verkaufen<\/p>","protected":false},"featured_media":11147,"comment_status":"open","ping_status":"closed","template":"","meta":{"_bst_post_transparent":"","_bst_post_title":"","_bst_post_layout":"","_bst_post_sidebar_id":"","_bst_post_content_style":"","_bst_post_vertical_padding":"","_bst_post_feature":"","_bst_post_feature_position":"","_bst_post_header":false,"_bst_post_footer":false},"product_brand":[],"product_cat":[1264],"product_tag":[1289,1288,1301,1300,1292,1291,1299,1295,1290,1297,1298,1293,1296,1294],"product_brands":[],"class_list":{"0":"post-11146","1":"product","2":"type-product","3":"status-publish","4":"has-post-thumbnail","6":"product_cat-psilocybin-or-magic-mushrooms","7":"product_tag-buy-psilocybe-cubensis-liquid-culture","8":"product_tag-buy-psilocybe-oregon","9":"product_tag-mexican-mushroom-strain","10":"product_tag-mexican-mushroom-tacos","11":"product_tag-mexican-psilocybe-mushroom","12":"product_tag-psilocybe-mexicana","13":"product_tag-psilocybe-mexicana-effects","14":"product_tag-psilocybe-mexicana-lookalikes","15":"product_tag-psilocybe-mexicana-mushroom","16":"product_tag-psilocybe-mexicana-potency","17":"product_tag-psilocybe-mexicana-sclerotia","18":"product_tag-psilocybe-mexicana-shroomery","19":"product_tag-psilocybe-mexicana-spore-print","20":"product_tag-psilocybe-mexicana-vs-cubensis","22":"first","23":"instock","24":"shipping-taxable","25":"purchasable","26":"product-type-variable","27":"entry","28":"content-bg","29":"loop-entry"},"tiered_pricing_type":"fixed","tiered_pricing_fixed_rules":[],"tiered_pricing_percentage_rules":[],"tiered_pricing_minimum":1,"_administrator_tiered_pricing_type":"fixed","_administrator_tiered_pricing_fixed_rules":[],"_editor_tiered_pricing_type":"fixed","_editor_tiered_pricing_fixed_rules":[],"_author_tiered_pricing_type":"fixed","_author_tiered_pricing_fixed_rules":[],"_contributor_tiered_pricing_type":"fixed","_contributor_tiered_pricing_fixed_rules":[],"_subscriber_tiered_pricing_type":"fixed","_subscriber_tiered_pricing_fixed_rules":[],"_customer_tiered_pricing_type":"fixed","_customer_tiered_pricing_fixed_rules":[],"_shop_manager_tiered_pricing_type":"fixed","_shop_manager_tiered_pricing_fixed_rules":[],"_wpseo_manager_tiered_pricing_type":"fixed","_wpseo_manager_tiered_pricing_fixed_rules":[],"_wpseo_editor_tiered_pricing_type":"fixed","_wpseo_editor_tiered_pricing_fixed_rules":[],"yoast_head":"<!-- This site is optimized with the Yoast SEO plugin v27.2 - https:\/\/yoast.com\/product\/yoast-seo-wordpress\/ -->\n<title>Psilocybe Mexicana - stonersmeds.com<\/title>\n<meta name=\"description\" content=\"Buy Psilocybe mexicana online. Psilocybe mexicana for sale. Discreet shipping. Order shrooms with us and enjoy a trippy way of life.\" \/>\n<meta name=\"robots\" content=\"index, follow, max-snippet:-1, max-image-preview:large, max-video-preview:-1\" \/>\n<link rel=\"canonical\" href=\"https:\/\/stonersmeds.com\/de\/shop\/psilocybe-mexicana\/\" \/>\n<meta property=\"og:locale\" content=\"de_DE\" \/>\n<meta property=\"og:type\" content=\"article\" \/>\n<meta property=\"og:title\" content=\"Psilocybe Mexicana - stonersmeds.com\" \/>\n<meta property=\"og:description\" content=\"Buy Psilocybe mexicana online. Psilocybe mexicana for sale. Discreet shipping. Order shrooms with us and enjoy a trippy way of life.\" \/>\n<meta property=\"og:url\" content=\"https:\/\/stonersmeds.com\/de\/shop\/psilocybe-mexicana\/\" \/>\n<meta property=\"og:site_name\" content=\"stonersmeds.com\" \/>\n<meta property=\"article:modified_time\" content=\"2026-03-01T05:00:42+00:00\" \/>\n<meta property=\"og:image\" content=\"https:\/\/stonersmeds.com\/wp-content\/uploads\/2022\/03\/psilocybe-mexicanapsilocybin-or-magic-mushrooms.jpg\" \/>\n\t<meta property=\"og:image:width\" content=\"800\" \/>\n\t<meta property=\"og:image:height\" content=\"800\" \/>\n\t<meta property=\"og:image:type\" content=\"image\/jpeg\" \/>\n<meta name=\"twitter:card\" content=\"summary_large_image\" \/>\n<meta name=\"twitter:label1\" content=\"Verf\u00fcgbarkeit\" \/>\n\t<meta name=\"twitter:data1\" content=\"Auf Lager\" \/>\n<script type=\"application\/ld+json\" class=\"yoast-schema-graph\">{\"@context\":\"https:\/\/schema.org\",\"@graph\":[{\"@type\":\"WebPage\",\"@id\":\"https:\/\/stonersmeds.com\/shop\/psilocybe-mexicana\/\",\"url\":\"https:\/\/stonersmeds.com\/shop\/psilocybe-mexicana\/\",\"name\":\"Psilocybe Mexicana - stonersmeds.com\",\"isPartOf\":{\"@id\":\"https:\/\/stonersmeds.com\/#website\"},\"primaryImageOfPage\":{\"@id\":\"https:\/\/stonersmeds.com\/shop\/psilocybe-mexicana\/#primaryimage\"},\"image\":{\"@id\":\"https:\/\/stonersmeds.com\/shop\/psilocybe-mexicana\/#primaryimage\"},\"thumbnailUrl\":\"https:\/\/stonersmeds.com\/wp-content\/uploads\/2022\/03\/psilocybe-mexicanapsilocybin-or-magic-mushrooms.jpg\",\"datePublished\":\"2022-03-31T10:44:59+00:00\",\"dateModified\":\"2026-03-01T05:00:42+00:00\",\"description\":\"Buy Psilocybe mexicana online. Psilocybe mexicana for sale. Discreet shipping. Order shrooms with us and enjoy a trippy way of life.\",\"breadcrumb\":{\"@id\":\"https:\/\/stonersmeds.com\/shop\/psilocybe-mexicana\/#breadcrumb\"},\"inLanguage\":\"de\",\"potentialAction\":[{\"@type\":\"ReadAction\",\"target\":[\"https:\/\/stonersmeds.com\/shop\/psilocybe-mexicana\/\"]}]},{\"@type\":\"ImageObject\",\"inLanguage\":\"de\",\"@id\":\"https:\/\/stonersmeds.com\/shop\/psilocybe-mexicana\/#primaryimage\",\"url\":\"https:\/\/stonersmeds.com\/wp-content\/uploads\/2022\/03\/psilocybe-mexicanapsilocybin-or-magic-mushrooms.jpg\",\"contentUrl\":\"https:\/\/stonersmeds.com\/wp-content\/uploads\/2022\/03\/psilocybe-mexicanapsilocybin-or-magic-mushrooms.jpg\",\"width\":800,\"height\":800},{\"@type\":\"BreadcrumbList\",\"@id\":\"https:\/\/stonersmeds.com\/shop\/psilocybe-mexicana\/#breadcrumb\",\"itemListElement\":[{\"@type\":\"ListItem\",\"position\":1,\"name\":\"Home\",\"item\":\"https:\/\/stonersmeds.com\/\"},{\"@type\":\"ListItem\",\"position\":2,\"name\":\"Shop\",\"item\":\"https:\/\/stonersmeds.com\/shop\/\"},{\"@type\":\"ListItem\",\"position\":3,\"name\":\"Psilocybe Mexicana\"}]},{\"@type\":\"WebSite\",\"@id\":\"https:\/\/stonersmeds.com\/#website\",\"url\":\"https:\/\/stonersmeds.com\/\",\"name\":\"stonersmeds.com\",\"description\":\"verschreibungspflichtige Medizin kaufen\",\"publisher\":{\"@id\":\"https:\/\/stonersmeds.com\/#organization\"},\"alternateName\":\"Research chemical shop\",\"potentialAction\":[{\"@type\":\"SearchAction\",\"target\":{\"@type\":\"EntryPoint\",\"urlTemplate\":\"https:\/\/stonersmeds.com\/?s={search_term_string}\"},\"query-input\":{\"@type\":\"PropertyValueSpecification\",\"valueRequired\":true,\"valueName\":\"search_term_string\"}}],\"inLanguage\":\"de\"},{\"@type\":\"Organization\",\"@id\":\"https:\/\/stonersmeds.com\/#organization\",\"name\":\"Stonersmeds Shop\",\"url\":\"https:\/\/stonersmeds.com\/\",\"logo\":{\"@type\":\"ImageObject\",\"inLanguage\":\"de\",\"@id\":\"https:\/\/stonersmeds.com\/#\/schema\/logo\/image\/\",\"url\":\"https:\/\/stonersmeds.com\/wp-content\/uploads\/2026\/02\/high-purity-DMT-powder.jpg\",\"contentUrl\":\"https:\/\/stonersmeds.com\/wp-content\/uploads\/2026\/02\/high-purity-DMT-powder.jpg\",\"width\":500,\"height\":500,\"caption\":\"Stonersmeds Shop\"},\"image\":{\"@id\":\"https:\/\/stonersmeds.com\/#\/schema\/logo\/image\/\"}}]}<\/script>\n<meta property=\"og:availability\" content=\"instock\" \/>\n<meta property=\"product:availability\" content=\"instock\" \/>\n<meta property=\"product:condition\" content=\"new\" \/>\n<!-- \/ Yoast SEO plugin. -->","yoast_head_json":{"title":"Psilocybe Mexicana - stonersmeds.com","description":"Psilocybe mexicana online kaufen. Psilocybe mexicana zu verkaufen. Diskreter Versand. Bestelle Pilze bei uns und genie\u00dfe ein abgefahrenes Lebensgef\u00fchl.","robots":{"index":"index","follow":"follow","max-snippet":"max-snippet:-1","max-image-preview":"max-image-preview:large","max-video-preview":"max-video-preview:-1"},"canonical":"https:\/\/stonersmeds.com\/de\/shop\/psilocybe-mexicana\/","og_locale":"de_DE","og_type":"article","og_title":"Psilocybe Mexicana - stonersmeds.com","og_description":"Buy Psilocybe mexicana online. Psilocybe mexicana for sale. Discreet shipping. Order shrooms with us and enjoy a trippy way of life.","og_url":"https:\/\/stonersmeds.com\/de\/shop\/psilocybe-mexicana\/","og_site_name":"stonersmeds.com","article_modified_time":"2026-03-01T05:00:42+00:00","og_image":[{"width":800,"height":800,"url":"https:\/\/stonersmeds.com\/wp-content\/uploads\/2022\/03\/psilocybe-mexicanapsilocybin-or-magic-mushrooms.jpg","type":"image\/jpeg"}],"twitter_card":"summary_large_image","twitter_misc":{"Verf\u00fcgbarkeit":"Auf Lager"},"schema":{"@context":"https:\/\/schema.org","@graph":[{"@type":"WebPage","@id":"https:\/\/stonersmeds.com\/shop\/psilocybe-mexicana\/","url":"https:\/\/stonersmeds.com\/shop\/psilocybe-mexicana\/","name":"Psilocybe Mexicana - stonersmeds.com","isPartOf":{"@id":"https:\/\/stonersmeds.com\/#website"},"primaryImageOfPage":{"@id":"https:\/\/stonersmeds.com\/shop\/psilocybe-mexicana\/#primaryimage"},"image":{"@id":"https:\/\/stonersmeds.com\/shop\/psilocybe-mexicana\/#primaryimage"},"thumbnailUrl":"https:\/\/stonersmeds.com\/wp-content\/uploads\/2022\/03\/psilocybe-mexicanapsilocybin-or-magic-mushrooms.jpg","datePublished":"2022-03-31T10:44:59+00:00","dateModified":"2026-03-01T05:00:42+00:00","description":"Psilocybe mexicana online kaufen. Psilocybe mexicana zu verkaufen. Diskreter Versand. Bestelle Pilze bei uns und genie\u00dfe ein abgefahrenes Lebensgef\u00fchl.","breadcrumb":{"@id":"https:\/\/stonersmeds.com\/shop\/psilocybe-mexicana\/#breadcrumb"},"inLanguage":"de","potentialAction":[{"@type":"ReadAction","target":["https:\/\/stonersmeds.com\/shop\/psilocybe-mexicana\/"]}]},{"@type":"ImageObject","inLanguage":"de","@id":"https:\/\/stonersmeds.com\/shop\/psilocybe-mexicana\/#primaryimage","url":"https:\/\/stonersmeds.com\/wp-content\/uploads\/2022\/03\/psilocybe-mexicanapsilocybin-or-magic-mushrooms.jpg","contentUrl":"https:\/\/stonersmeds.com\/wp-content\/uploads\/2022\/03\/psilocybe-mexicanapsilocybin-or-magic-mushrooms.jpg","width":800,"height":800},{"@type":"BreadcrumbList","@id":"https:\/\/stonersmeds.com\/shop\/psilocybe-mexicana\/#breadcrumb","itemListElement":[{"@type":"ListItem","position":1,"name":"Home","item":"https:\/\/stonersmeds.com\/"},{"@type":"ListItem","position":2,"name":"Shop","item":"https:\/\/stonersmeds.com\/shop\/"},{"@type":"ListItem","position":3,"name":"Psilocybe Mexicana"}]},{"@type":"WebSite","@id":"https:\/\/stonersmeds.com\/#website","url":"https:\/\/stonersmeds.com\/","name":"stonersmeds.com","description":"verschreibungspflichtige Medizin kaufen","publisher":{"@id":"https:\/\/stonersmeds.com\/#organization"},"alternateName":"Research chemical shop","potentialAction":[{"@type":"SearchAction","target":{"@type":"EntryPoint","urlTemplate":"https:\/\/stonersmeds.com\/?s={search_term_string}"},"query-input":{"@type":"PropertyValueSpecification","valueRequired":true,"valueName":"search_term_string"}}],"inLanguage":"de"},{"@type":"Organization","@id":"https:\/\/stonersmeds.com\/#organization","name":"Stonersmeds Shop","url":"https:\/\/stonersmeds.com\/","logo":{"@type":"ImageObject","inLanguage":"de","@id":"https:\/\/stonersmeds.com\/#\/schema\/logo\/image\/","url":"https:\/\/stonersmeds.com\/wp-content\/uploads\/2026\/02\/high-purity-DMT-powder.jpg","contentUrl":"https:\/\/stonersmeds.com\/wp-content\/uploads\/2026\/02\/high-purity-DMT-powder.jpg","width":500,"height":500,"caption":"Stonersmeds Shop"},"image":{"@id":"https:\/\/stonersmeds.com\/#\/schema\/logo\/image\/"}}]},"og_availability":"instock","product_availability":"instock","product_condition":"new"},"_links":{"self":[{"href":"https:\/\/stonersmeds.com\/de\/wp-json\/wp\/v2\/product\/11146","targetHints":{"allow":["GET"]}}],"collection":[{"href":"https:\/\/stonersmeds.com\/de\/wp-json\/wp\/v2\/product"}],"about":[{"href":"https:\/\/stonersmeds.com\/de\/wp-json\/wp\/v2\/types\/product"}],"replies":[{"embeddable":true,"href":"https:\/\/stonersmeds.com\/de\/wp-json\/wp\/v2\/comments?post=11146"}],"version-history":[{"count":0,"href":"https:\/\/stonersmeds.com\/de\/wp-json\/wp\/v2\/product\/11146\/revisions"}],"wp:featuredmedia":[{"embeddable":true,"href":"https:\/\/stonersmeds.com\/de\/wp-json\/wp\/v2\/media\/11147"}],"wp:attachment":[{"href":"https:\/\/stonersmeds.com\/de\/wp-json\/wp\/v2\/media?parent=11146"}],"wp:term":[{"taxonomy":"product_brand","embeddable":true,"href":"https:\/\/stonersmeds.com\/de\/wp-json\/wp\/v2\/product_brand?post=11146"},{"taxonomy":"product_cat","embeddable":true,"href":"https:\/\/stonersmeds.com\/de\/wp-json\/wp\/v2\/product_cat?post=11146"},{"taxonomy":"product_tag","embeddable":true,"href":"https:\/\/stonersmeds.com\/de\/wp-json\/wp\/v2\/product_tag?post=11146"},{"taxonomy":"product_brands","embeddable":true,"href":"https:\/\/stonersmeds.com\/de\/wp-json\/wp\/v2\/product_brands?post=11146"}],"curies":[{"name":"wp","href":"https:\/\/api.w.org\/{rel}","templated":true}]}}