{"id":11155,"date":"2022-03-31T10:57:50","date_gmt":"2022-03-31T10:57:50","guid":{"rendered":"https:\/\/stonersmeds.com\/?post_type=product&#038;p=11155"},"modified":"2026-02-26T21:00:05","modified_gmt":"2026-02-26T19:00:05","slug":"psilocybe-cyanescens","status":"publish","type":"product","link":"https:\/\/stonersmeds.com\/de\/shop\/psilocybe-cyanescens\/","title":{"rendered":"Psilocybe Cyanescens"},"content":{"rendered":"<h1>Psilocybe Azurescens Pilz online kaufen<\/h1>\n<p>Psilocybe Azurescens ist eine der 180 Pilzarten aus der Gattung Psilocybe und w\u00e4chst in verschiedenen Umgebungen. Der Psilocybe Azurscens-Pilz wird auch unter den Namen Flying Saucers, Indigo Psilocybe, Azzies und Blue Angels gef\u00fchrt.<\/p>\n<p>Die erste Entdeckung fand 1979 statt, und seither haben Forscher verschiedene Artikel dar\u00fcber ver\u00f6ffentlicht. In seiner 1996 erschienenen Publikation \"Psilocybin shrooms of the world\" benannte Paul Stamets die Art Azurescens. Der Name Azurescens ist eine lose \u00dcbersetzung f\u00fcr die azurblaue Farbe des Pilzes.<\/p>\n<p>Der Pilz enth\u00e4lt 0,4% Baeocystin, 1,8% Psilocybin und 0,5% Psilocin. Er ist die wirksamste Art zur Synthese von Tryptamin. Diese Art ist zum Beispiel dreimal so stark wie Psilocybe Cubensis und Psilocybe Cyanscens.<\/p>\n<p>Bei n\u00e4herer Betrachtung dieses Pilzes lassen sich seltene, herausragende Merkmale erkennen. Zu den Merkmalen geh\u00f6ren die folgenden:<\/p>\n<p>Sporen: Die Sporen dieses Pilzes kommen in zwei verschiedenen Farben vor: violett-schwarz und dunkel violett-braun. Sie haben eine ellipsoide Form, die sie von anderen Pilzen der gleichen Gattung unterscheidet.<\/p>\n<p>Pileus: Pileus bezieht sich auf die Kappen des Pilzes und hat eine konische oder konvexe Form. Wenn der Pilz frisch ist, nimmt der Pileus eine braune oder karamellfarbene Farbe an. Wenn die Pilze jedoch zu verblassen beginnen, ver\u00e4ndert sich der tiefe dunkle Fleck an der Stelle in einen hellen strohfarbenen Fleck, bis er vollst\u00e4ndig getrocknet ist.<\/p>\n<p>Stiel: Er ist der Stiel des Pilzes und erscheint gekr\u00fcmmt, wobei der Bereich nahe der Basis dicker wird. Der Stiel hat eine seidig-wei\u00dfe Farbe, die sich aufgrund der hohen Indolkonzentration in Blau-Indigo verwandelt.<\/p>\n<p>Lamellen: Sie werden auch als Kiemen des Pilzes bezeichnet und haben eine zweischichtige Form. In frischem Zustand haben die Lamellen eine kastanienbraune oder karamellfarbene Farbe.<\/p>\n<h2>Psilocybe Azurescens Magic Mushroom Beschreibung<\/h2>\n<p>Wie bereits erw\u00e4hnt, geh\u00f6rt Psilocybe Azeruscens zur Gattung Psilocybe, die aus 180 Arten besteht. Jede Art w\u00e4chst in einer bestimmten Umgebung, die von der Luftfeuchtigkeit abh\u00e4ngt. Diese spezielle Art kann beispielsweise problemlos im Freien wachsen.<\/p>\n<p>Die hohe Potenz an Psilocybin, Baeocystin und Psilocin-Biochemikalien erm\u00f6glicht es Ihnen, die optimalen Vorteile des Pilzes zu genie\u00dfen. Andere wertvolle Arten innerhalb dieser Gattung sind Psilocybe Cubensis und Psilocybe Cyanescens. Dieser Pilz<a href=\"https:\/\/buyshroomsonline.org\/product-category\/magic-mushrooms\/\">\u00a0<\/a>ist in der Region Pazifischer Nordwesten, USA, sehr beliebt.<\/p>\n<p>Wir k\u00f6nnen diesen Pilz bis ins Jahr 1979 zur\u00fcckverfolgen, als er von den Pfadfindern in Oregon entdeckt wurde. Bei n\u00e4herer Betrachtung stellten sie fest, dass diese Pilze psychoaktive Eigenschaften hatten. Sp\u00e4ter, im Jahr 1996, gab Paul Stamets ihm den Namen Psilocybe Azurescens. Laut Stamets' Ver\u00f6ffentlichung bezog sich Azurescens auf den blauen Farbton des Stiels. Andere behaupten jedoch, dass sich der Name auf seinen Sohn bezog, der einen \u00e4hnlichen Namen trug.<\/p>\n<h2>Psilocybe Azurescens Pilze Wirkungen<\/h2>\n<p>Azurescens ist eine reiche Quelle f\u00fcr psychoaktive Verbindungen, n\u00e4mlich Psilocybin, Baeocystin und Psilocin. Die chemischen Verbindungen in dieser Psilocybe-Art verleihen dem Pilz psychedelische Wirkungen. Die psychedelischen Wirkungen sind durch die Bet\u00e4ubung der Gliedma\u00dfen gekennzeichnet. Diese Wirkung wird jedoch von der Euphorie und den Halluzinationen \u00fcberlagert. Der Konsum von Pilzen kann dazu f\u00fchren, dass der Drang nach mehr Geselligkeit und verschiedenen Aktivit\u00e4ten entsteht.<\/p>\n<h2>Psilocybe Azurscens Magic Shroom Wachstumsinformationen<\/h2>\n<p>An den Ufern von Gew\u00e4ssern ist P. Azurscens aufgrund des reichhaltigen holzigen Materials leichter zu finden als in anderen Gebieten. An den Ufern gibt es auch D\u00fcnengras, das ebenfalls eine Matte bildet, die den schwachen Pilzen Halt gibt.<\/p>\n<p>Azurscens vertr\u00e4gt auch extrem niedrige Temperaturen, so dass er auch in Regionen mit extremen Wintern gedeiht. Die Pilze k\u00f6nnen auch in Laubholz mit einem bestimmten Feuchtigkeitsgrad wachsen. H\u00e4ufig findet man diese Art auch in Dickichten und unter Brombeeren.<\/p>\n<h2>Psilocybe Azurscens Pilz Medizinische Verwendung<\/h2>\n<p>Der hohe Psilocybin-Gehalt in diesem Pilz enth\u00e4lt verschiedene medizinische Eigenschaften. Die berauschende Wirkung kann bei der Behandlung von Angstzust\u00e4nden helfen. Die chemische Verbindung hilft auch bei der Behandlung von Zwangsst\u00f6rungen, Depressionen, Angstzust\u00e4nden und Aufmerksamkeitsdefizit-Hyperaktivit\u00e4tsst\u00f6rungen (ADHS).<\/p>\n<p>Auch Menschen, die mit Alkoholismus und Nikotinsucht zu k\u00e4mpfen haben, k\u00f6nnen die Pilze als Therapie zur Bek\u00e4mpfung ihrer Krankheiten einsetzen. Forschern zufolge unterdr\u00fcckt Psilocybin das Verlangen, was ein ausgezeichnetes Mittel zur Bew\u00e4ltigung der Sucht ist. \u00c4rzte empfehlen P. Azurscens f\u00fcr Menschen mit Sprachst\u00f6rungen, da es das Selbstvertrauen st\u00e4rkt, mehr soziale Kontakte zu kn\u00fcpfen.<\/p>\n<h2>Psilocybe Azurscens Magic Mushrooms Nebenwirkungen<\/h2>\n<p>Die Einnahme von P. Azurscens magic shroom kann verschiedene Nebenwirkungen haben. Obwohl die meisten von ihnen nur von kurzer Dauer sind, k\u00f6nnen andere t\u00f6dlich sein. Zu den h\u00e4ufigsten Nebenwirkungen geh\u00f6ren Panikattacken, Erbrechen und Magenverstimmungen. In extremen F\u00e4llen kann es zu Herzinfarkten kommen, die auf eine erh\u00f6hte Herzfrequenz und einen erh\u00f6hten Blutdruck zur\u00fcckzuf\u00fchren sind.<\/p>\n<h2>Schlussfolgerung<\/h2>\n<p>Azurscens k\u00f6nnte schon bald die erste Wahl f\u00fcr Erholung und medizinischen Wert werden. Ihre Vielseitigkeit und geringen Anspr\u00fcche an den Anbau machen sie ideal f\u00fcr etablierte und neue Anbauer.<\/p>\n<p>Sie sind die beste Wahl, wenn es darum geht, Sucht zu bek\u00e4mpfen und verschiedene psychische St\u00f6rungen zu bew\u00e4ltigen. Anstatt Ihren K\u00f6rper mit Drogen zu berauschen, sollten Sie sich f\u00fcr eine einfache, aber wirksame L\u00f6sung entscheiden. W\u00e4hrend Sie die Vorteile dieses Pilzes genie\u00dfen, achten Sie auf die begleitenden Nebenwirkungen.<\/p>\n<p>Psilocybe Cyanescens online bestellen<\/p>\n<p>Psilocybe Cyanescens zu verkaufen<\/p>\n<p>Psychedelika zu verkaufen<\/p>","protected":false},"excerpt":{"rendered":"<p>Psilocybe Azurescens sind goldene Pilze, die im gesamten pazifischen Nordwesten vorkommen. Die Konzentration der psychoaktiven Biochemikalien Psilocybin und Psilocin ist hier h\u00f6her als in anderen Pilzen wie Psilocybe Cubensis und Psilocybe cyanescens.<\/p>\n<p>Psilocybe Cyanescens online kaufen<\/p>\n<p>Psilocybe Cyanescens zu verkaufen<\/p>\n<p>Psychedelika zu verkaufen<\/p>","protected":false},"featured_media":11158,"comment_status":"open","ping_status":"closed","template":"","meta":{"_bst_post_transparent":"","_bst_post_title":"","_bst_post_layout":"","_bst_post_sidebar_id":"","_bst_post_content_style":"","_bst_post_vertical_padding":"","_bst_post_feature":"","_bst_post_feature_position":"","_bst_post_header":false,"_bst_post_footer":false},"product_brand":[],"product_cat":[1264],"product_tag":[1303,1306,1308,1310,1312,1313,1302,1307,1309,1305,1304,1311],"product_brands":[],"class_list":{"0":"post-11155","1":"product","2":"type-product","3":"status-publish","4":"has-post-thumbnail","6":"product_cat-psilocybin-or-magic-mushrooms","7":"product_tag-azurescens-mushroom-spores-for-sale","8":"product_tag-buy-psilocybe-azurescens-spores","9":"product_tag-magic-mushrooms-for-sale-oregon","10":"product_tag-mushroom-growing-kits-psilocybin-oregon","11":"product_tag-psilocybe-azurescens-buy","12":"product_tag-psilocybe-azurescens-canada","13":"product_tag-psilocybe-azurescens-dried-for-sale","14":"product_tag-psilocybe-azurescens-kit","15":"product_tag-psilocybe-azurescens-spore-syringe","16":"product_tag-psilocybe-azurescens-spores-canada","17":"product_tag-psilocybe-azurescens-spores-for-sale","18":"product_tag-psilocybe-cubensis-spores-canada","20":"first","21":"instock","22":"shipping-taxable","23":"purchasable","24":"product-type-variable","25":"entry","26":"content-bg","27":"loop-entry"},"tiered_pricing_type":"fixed","tiered_pricing_fixed_rules":[],"tiered_pricing_percentage_rules":[],"tiered_pricing_minimum":1,"_administrator_tiered_pricing_type":"fixed","_administrator_tiered_pricing_fixed_rules":[],"_editor_tiered_pricing_type":"fixed","_editor_tiered_pricing_fixed_rules":[],"_author_tiered_pricing_type":"fixed","_author_tiered_pricing_fixed_rules":[],"_contributor_tiered_pricing_type":"fixed","_contributor_tiered_pricing_fixed_rules":[],"_subscriber_tiered_pricing_type":"fixed","_subscriber_tiered_pricing_fixed_rules":[],"_customer_tiered_pricing_type":"fixed","_customer_tiered_pricing_fixed_rules":[],"_shop_manager_tiered_pricing_type":"fixed","_shop_manager_tiered_pricing_fixed_rules":[],"_wpseo_manager_tiered_pricing_type":"fixed","_wpseo_manager_tiered_pricing_fixed_rules":[],"_wpseo_editor_tiered_pricing_type":"fixed","_wpseo_editor_tiered_pricing_fixed_rules":[],"yoast_head":"<!-- This site is optimized with the Yoast SEO plugin v27.2 - https:\/\/yoast.com\/product\/yoast-seo-wordpress\/ -->\n<title>Psilocybe Cyanescens - stonersmeds.com<\/title>\n<meta name=\"description\" content=\"Buy Psilocybe azurescens online - buy magic mushroom online ( Buy Psilocybe Azurescens ) Psilocybe Azurescens grow kit\" \/>\n<meta name=\"robots\" content=\"index, follow, max-snippet:-1, max-image-preview:large, max-video-preview:-1\" \/>\n<link rel=\"canonical\" href=\"https:\/\/stonersmeds.com\/de\/shop\/psilocybe-cyanescens\/\" \/>\n<meta property=\"og:locale\" content=\"de_DE\" \/>\n<meta property=\"og:type\" content=\"article\" \/>\n<meta property=\"og:title\" content=\"Psilocybe Cyanescens - stonersmeds.com\" \/>\n<meta property=\"og:description\" content=\"Buy Psilocybe azurescens online - buy magic mushroom online ( Buy Psilocybe Azurescens ) Psilocybe Azurescens grow kit\" \/>\n<meta property=\"og:url\" content=\"https:\/\/stonersmeds.com\/de\/shop\/psilocybe-cyanescens\/\" \/>\n<meta property=\"og:site_name\" content=\"stonersmeds.com\" \/>\n<meta property=\"article:modified_time\" content=\"2026-02-26T19:00:05+00:00\" \/>\n<meta property=\"og:image\" content=\"https:\/\/stonersmeds.com\/wp-content\/uploads\/2022\/03\/psilocybe-cyanescenshome.jpg\" \/>\n\t<meta property=\"og:image:width\" content=\"800\" \/>\n\t<meta property=\"og:image:height\" content=\"800\" \/>\n\t<meta property=\"og:image:type\" content=\"image\/jpeg\" \/>\n<meta name=\"twitter:card\" content=\"summary_large_image\" \/>\n<meta name=\"twitter:label1\" content=\"Verf\u00fcgbarkeit\" \/>\n\t<meta name=\"twitter:data1\" content=\"Auf Lager\" \/>\n<script type=\"application\/ld+json\" class=\"yoast-schema-graph\">{\"@context\":\"https:\/\/schema.org\",\"@graph\":[{\"@type\":\"WebPage\",\"@id\":\"https:\/\/stonersmeds.com\/shop\/psilocybe-cyanescens\/\",\"url\":\"https:\/\/stonersmeds.com\/shop\/psilocybe-cyanescens\/\",\"name\":\"Psilocybe Cyanescens - stonersmeds.com\",\"isPartOf\":{\"@id\":\"https:\/\/stonersmeds.com\/#website\"},\"primaryImageOfPage\":{\"@id\":\"https:\/\/stonersmeds.com\/shop\/psilocybe-cyanescens\/#primaryimage\"},\"image\":{\"@id\":\"https:\/\/stonersmeds.com\/shop\/psilocybe-cyanescens\/#primaryimage\"},\"thumbnailUrl\":\"https:\/\/stonersmeds.com\/wp-content\/uploads\/2022\/03\/psilocybe-cyanescenshome.jpg\",\"datePublished\":\"2022-03-31T10:57:50+00:00\",\"dateModified\":\"2026-02-26T19:00:05+00:00\",\"description\":\"Buy Psilocybe azurescens online - buy magic mushroom online ( Buy Psilocybe Azurescens ) Psilocybe Azurescens grow kit\",\"breadcrumb\":{\"@id\":\"https:\/\/stonersmeds.com\/shop\/psilocybe-cyanescens\/#breadcrumb\"},\"inLanguage\":\"de\",\"potentialAction\":[{\"@type\":\"ReadAction\",\"target\":[\"https:\/\/stonersmeds.com\/shop\/psilocybe-cyanescens\/\"]}]},{\"@type\":\"ImageObject\",\"inLanguage\":\"de\",\"@id\":\"https:\/\/stonersmeds.com\/shop\/psilocybe-cyanescens\/#primaryimage\",\"url\":\"https:\/\/stonersmeds.com\/wp-content\/uploads\/2022\/03\/psilocybe-cyanescenshome.jpg\",\"contentUrl\":\"https:\/\/stonersmeds.com\/wp-content\/uploads\/2022\/03\/psilocybe-cyanescenshome.jpg\",\"width\":800,\"height\":800},{\"@type\":\"BreadcrumbList\",\"@id\":\"https:\/\/stonersmeds.com\/shop\/psilocybe-cyanescens\/#breadcrumb\",\"itemListElement\":[{\"@type\":\"ListItem\",\"position\":1,\"name\":\"Home\",\"item\":\"https:\/\/stonersmeds.com\/\"},{\"@type\":\"ListItem\",\"position\":2,\"name\":\"Shop\",\"item\":\"https:\/\/stonersmeds.com\/shop\/\"},{\"@type\":\"ListItem\",\"position\":3,\"name\":\"Psilocybe Cyanescens\"}]},{\"@type\":\"WebSite\",\"@id\":\"https:\/\/stonersmeds.com\/#website\",\"url\":\"https:\/\/stonersmeds.com\/\",\"name\":\"stonersmeds.com\",\"description\":\"verschreibungspflichtige Medizin kaufen\",\"publisher\":{\"@id\":\"https:\/\/stonersmeds.com\/#organization\"},\"alternateName\":\"Research chemical shop\",\"potentialAction\":[{\"@type\":\"SearchAction\",\"target\":{\"@type\":\"EntryPoint\",\"urlTemplate\":\"https:\/\/stonersmeds.com\/?s={search_term_string}\"},\"query-input\":{\"@type\":\"PropertyValueSpecification\",\"valueRequired\":true,\"valueName\":\"search_term_string\"}}],\"inLanguage\":\"de\"},{\"@type\":\"Organization\",\"@id\":\"https:\/\/stonersmeds.com\/#organization\",\"name\":\"Stonersmeds Shop\",\"url\":\"https:\/\/stonersmeds.com\/\",\"logo\":{\"@type\":\"ImageObject\",\"inLanguage\":\"de\",\"@id\":\"https:\/\/stonersmeds.com\/#\/schema\/logo\/image\/\",\"url\":\"https:\/\/stonersmeds.com\/wp-content\/uploads\/2026\/02\/high-purity-DMT-powder.jpg\",\"contentUrl\":\"https:\/\/stonersmeds.com\/wp-content\/uploads\/2026\/02\/high-purity-DMT-powder.jpg\",\"width\":500,\"height\":500,\"caption\":\"Stonersmeds Shop\"},\"image\":{\"@id\":\"https:\/\/stonersmeds.com\/#\/schema\/logo\/image\/\"}}]}<\/script>\n<meta property=\"og:availability\" content=\"instock\" \/>\n<meta property=\"product:availability\" content=\"instock\" \/>\n<meta property=\"product:condition\" content=\"new\" \/>\n<!-- \/ Yoast SEO plugin. -->","yoast_head_json":{"title":"Psilocybe Cyanescens - stonersmeds.com","description":"Psilocybe azurescens online kaufen - Zauberpilz online kaufen ( Psilocybe Azurescens kaufen ) Psilocybe Azurescens Grow Kit","robots":{"index":"index","follow":"follow","max-snippet":"max-snippet:-1","max-image-preview":"max-image-preview:large","max-video-preview":"max-video-preview:-1"},"canonical":"https:\/\/stonersmeds.com\/de\/shop\/psilocybe-cyanescens\/","og_locale":"de_DE","og_type":"article","og_title":"Psilocybe Cyanescens - stonersmeds.com","og_description":"Buy Psilocybe azurescens online - buy magic mushroom online ( Buy Psilocybe Azurescens ) Psilocybe Azurescens grow kit","og_url":"https:\/\/stonersmeds.com\/de\/shop\/psilocybe-cyanescens\/","og_site_name":"stonersmeds.com","article_modified_time":"2026-02-26T19:00:05+00:00","og_image":[{"width":800,"height":800,"url":"https:\/\/stonersmeds.com\/wp-content\/uploads\/2022\/03\/psilocybe-cyanescenshome.jpg","type":"image\/jpeg"}],"twitter_card":"summary_large_image","twitter_misc":{"Verf\u00fcgbarkeit":"Auf Lager"},"schema":{"@context":"https:\/\/schema.org","@graph":[{"@type":"WebPage","@id":"https:\/\/stonersmeds.com\/shop\/psilocybe-cyanescens\/","url":"https:\/\/stonersmeds.com\/shop\/psilocybe-cyanescens\/","name":"Psilocybe Cyanescens - stonersmeds.com","isPartOf":{"@id":"https:\/\/stonersmeds.com\/#website"},"primaryImageOfPage":{"@id":"https:\/\/stonersmeds.com\/shop\/psilocybe-cyanescens\/#primaryimage"},"image":{"@id":"https:\/\/stonersmeds.com\/shop\/psilocybe-cyanescens\/#primaryimage"},"thumbnailUrl":"https:\/\/stonersmeds.com\/wp-content\/uploads\/2022\/03\/psilocybe-cyanescenshome.jpg","datePublished":"2022-03-31T10:57:50+00:00","dateModified":"2026-02-26T19:00:05+00:00","description":"Psilocybe azurescens online kaufen - Zauberpilz online kaufen ( Psilocybe Azurescens kaufen ) Psilocybe Azurescens Grow Kit","breadcrumb":{"@id":"https:\/\/stonersmeds.com\/shop\/psilocybe-cyanescens\/#breadcrumb"},"inLanguage":"de","potentialAction":[{"@type":"ReadAction","target":["https:\/\/stonersmeds.com\/shop\/psilocybe-cyanescens\/"]}]},{"@type":"ImageObject","inLanguage":"de","@id":"https:\/\/stonersmeds.com\/shop\/psilocybe-cyanescens\/#primaryimage","url":"https:\/\/stonersmeds.com\/wp-content\/uploads\/2022\/03\/psilocybe-cyanescenshome.jpg","contentUrl":"https:\/\/stonersmeds.com\/wp-content\/uploads\/2022\/03\/psilocybe-cyanescenshome.jpg","width":800,"height":800},{"@type":"BreadcrumbList","@id":"https:\/\/stonersmeds.com\/shop\/psilocybe-cyanescens\/#breadcrumb","itemListElement":[{"@type":"ListItem","position":1,"name":"Home","item":"https:\/\/stonersmeds.com\/"},{"@type":"ListItem","position":2,"name":"Shop","item":"https:\/\/stonersmeds.com\/shop\/"},{"@type":"ListItem","position":3,"name":"Psilocybe Cyanescens"}]},{"@type":"WebSite","@id":"https:\/\/stonersmeds.com\/#website","url":"https:\/\/stonersmeds.com\/","name":"stonersmeds.com","description":"verschreibungspflichtige Medizin kaufen","publisher":{"@id":"https:\/\/stonersmeds.com\/#organization"},"alternateName":"Research chemical shop","potentialAction":[{"@type":"SearchAction","target":{"@type":"EntryPoint","urlTemplate":"https:\/\/stonersmeds.com\/?s={search_term_string}"},"query-input":{"@type":"PropertyValueSpecification","valueRequired":true,"valueName":"search_term_string"}}],"inLanguage":"de"},{"@type":"Organization","@id":"https:\/\/stonersmeds.com\/#organization","name":"Stonersmeds Shop","url":"https:\/\/stonersmeds.com\/","logo":{"@type":"ImageObject","inLanguage":"de","@id":"https:\/\/stonersmeds.com\/#\/schema\/logo\/image\/","url":"https:\/\/stonersmeds.com\/wp-content\/uploads\/2026\/02\/high-purity-DMT-powder.jpg","contentUrl":"https:\/\/stonersmeds.com\/wp-content\/uploads\/2026\/02\/high-purity-DMT-powder.jpg","width":500,"height":500,"caption":"Stonersmeds Shop"},"image":{"@id":"https:\/\/stonersmeds.com\/#\/schema\/logo\/image\/"}}]},"og_availability":"instock","product_availability":"instock","product_condition":"new"},"_links":{"self":[{"href":"https:\/\/stonersmeds.com\/de\/wp-json\/wp\/v2\/product\/11155","targetHints":{"allow":["GET"]}}],"collection":[{"href":"https:\/\/stonersmeds.com\/de\/wp-json\/wp\/v2\/product"}],"about":[{"href":"https:\/\/stonersmeds.com\/de\/wp-json\/wp\/v2\/types\/product"}],"replies":[{"embeddable":true,"href":"https:\/\/stonersmeds.com\/de\/wp-json\/wp\/v2\/comments?post=11155"}],"version-history":[{"count":0,"href":"https:\/\/stonersmeds.com\/de\/wp-json\/wp\/v2\/product\/11155\/revisions"}],"wp:featuredmedia":[{"embeddable":true,"href":"https:\/\/stonersmeds.com\/de\/wp-json\/wp\/v2\/media\/11158"}],"wp:attachment":[{"href":"https:\/\/stonersmeds.com\/de\/wp-json\/wp\/v2\/media?parent=11155"}],"wp:term":[{"taxonomy":"product_brand","embeddable":true,"href":"https:\/\/stonersmeds.com\/de\/wp-json\/wp\/v2\/product_brand?post=11155"},{"taxonomy":"product_cat","embeddable":true,"href":"https:\/\/stonersmeds.com\/de\/wp-json\/wp\/v2\/product_cat?post=11155"},{"taxonomy":"product_tag","embeddable":true,"href":"https:\/\/stonersmeds.com\/de\/wp-json\/wp\/v2\/product_tag?post=11155"},{"taxonomy":"product_brands","embeddable":true,"href":"https:\/\/stonersmeds.com\/de\/wp-json\/wp\/v2\/product_brands?post=11155"}],"curies":[{"name":"wp","href":"https:\/\/api.w.org\/{rel}","templated":true}]}}