{"id":8663,"date":"2022-03-11T06:27:39","date_gmt":"2022-03-11T06:27:39","guid":{"rendered":"https:\/\/stonersmeds.com\/?post_type=product&#038;p=8663"},"modified":"2026-02-24T01:00:07","modified_gmt":"2026-02-23T23:00:07","slug":"buy-pure-colombian-cocaine-96-pure","status":"publish","type":"product","link":"https:\/\/stonersmeds.com\/de\/shop\/buy-pure-colombian-cocaine-96-pure\/","title":{"rendered":"Kaufen Sie reines kolumbianisches Kokain 96% Pure"},"content":{"rendered":"<h1><b>Kaufen Sie kolumbianisches Kokain-96% Pure<\/b><\/h1>\n<p>Kolumbianisches Kokain ist eines der bekanntesten und n\u00fctzlichsten Kokainprodukte auf der ganzen Welt. Kolumbien ist eines der L\u00e4nder, die weltweit die h\u00f6chste Menge an reinem Kokain liefern.<\/p>\n<p>Die Produktion von Kokain in Kolumbien wurde zwischen 1960 und 1970 aufgenommen. Zu dieser Zeit gab es in den Vereinigten Staaten keine angemessene Methode zur Herstellung von Kokain. Die Kolumbianer begannen, jene Pflanzen zu d\u00fcngen, aus denen sie Kokain in reinster Form gewinnen k\u00f6nnen.<\/p>\n<p>Sie begannen, Kokain in verschiedenen Teilen der Welt zu sehr g\u00fcnstigen Preisen zu verkaufen. Die Menschen kauften dieses Kokain in gro\u00dfem Umfang wegen seiner Reinheit und vielf\u00e4ltigen Verwendungsm\u00f6glichkeiten.<\/p>\n<p>Colombian Cocaine-96 pure ist eine der reinsten Formen des Kokains, die auf der ganzen Welt zu finden sind. Aufgrund seiner Reinheit hat es ein hohes Potenzial, am menschlichen K\u00f6rper zu wirken. Wie andere Formen von Kokain wirkt es auch auf das zentrale Nervensystem, um die gew\u00fcnschten Ergebnisse zu erzielen.<\/p>\n<p>Aber es wirkt sehr schnell als andere Formen von Kokain. Es erm\u00f6glicht dem menschlichen K\u00f6rper, sich zu entspannen, indem er die Probleme des Lebens vergisst. Es erm\u00f6glicht dem menschlichen K\u00f6rper, richtig zu schlafen, um den Geist zu entspannen.<\/p>\n<p>Kolumbianisches Kokain-96 pur wird auch von \u00c4rzten verwendet, indem es mit verschiedenen Inhaltsstoffen gemischt wird, die f\u00fcr die menschliche Gesundheit n\u00fctzlich sind. Menschen nutzen dies, um von vielen Krankheiten wie Depressionen, Angstzust\u00e4nden usw. geheilt zu werden.<\/p>\n<p>Es wird auch verwendet, um jede Art von Schmerz zu lindern. Dies bedeutet Schmerzen, die entweder durch sofortige Unf\u00e4lle oder durch langfristige Krankheiten verursacht werden k\u00f6nnen. Die \u00c4rzte verschreiben dieses Medikament in Form von Medikamenten, um eine Heilung zu erreichen. Diese Merkmale sind f\u00fcr einen so gro\u00dfen Konsum von kolumbianischem Kokain-96 verantwortlich.<\/p>\n<p>Unser Online-Shop befasst sich mit allen Arten von Prodrugs, Drogen und Medikamenten. Unsere Wunde bietet auch kolumbianisches Kokain-96 pur zu sehr g\u00fcnstigen Preisen an. Au\u00dferdem bietet unser Gesch\u00e4ft eine schnelle Lieferung des Produkts. Wir haben auch die besten k2-Badesalze online<\/p>","protected":false},"excerpt":{"rendered":"<p>Kolumbianisches Kokain 96% pur kaufen? Kokain zum Verkauf Seidenstra\u00dfe? Synthetisches Kokain online kaufen? reines Kokain online kaufen? Kaufen Sie Kokain online in Amsterdam.<\/p>\n<p><strong>Kaufen Sie Medikamente online zu erstaunlichen Gro\u00dfhandelspreisen!!!<\/strong><\/p>\n<pre><b>Kaufen Sie reines kolumbianisches Kokain 96% rein - kaufen Sie kolumbianisches Kokain, kaufen Sie Kokain 96% rein, kaufen Sie kolumbianisches Kokain online, Wo kaufen Sie kolumbianisches Kokain 96% rein, kolumbianisches Kokain 96% rein zum Verkauf, kolumbianisches Kokain zum Verkauf, kaufen Sie Kokain 96% rein online, wo zu kaufen Reines kolumbianisches Kokain online, kolumbianisches Kokain 96% rein zum Verkauf in den USA, USA, Kanada, Gro\u00dfbritannien, kaufen, online, Lieferanten, sichere Lieferung, Sie k\u00f6nnen immer noch kolumbianisches Kokain 96% rein erhalten, ist reines kolumbianisches Kokain 96% legal in den USA, kaufen Sie reines kolumbianisches Kokain 96% online USA, wie man reines kolumbianisches Kokain 96% bestellt, ist reines kolumbianisches Kokain 96% in Kanada legal<\/b><\/pre>","protected":false},"featured_media":8651,"comment_status":"closed","ping_status":"closed","template":"","meta":{"_bst_post_transparent":"","_bst_post_title":"","_bst_post_layout":"","_bst_post_sidebar_id":"","_bst_post_content_style":"","_bst_post_vertical_padding":"","_bst_post_feature":"","_bst_post_feature_position":"","_bst_post_header":false,"_bst_post_footer":false},"product_brand":[],"product_cat":[72],"product_tag":[101,105,112,116,98,111,113,89,97,115,118,102,90,93,95,94,96,99,103,91,92,100,104,114,117],"product_brands":[],"class_list":{"0":"post-8663","1":"product","2":"type-product","3":"status-publish","4":"has-post-thumbnail","6":"product_cat-cocaine","7":"product_tag-bolivian-cocaine-for-sale","8":"product_tag-buy-adhd-pills-online","9":"product_tag-buy-cocaine-96-pure","10":"product_tag-buy-cocaine-96-pure-online","11":"product_tag-buy-cocaine-powder-online","12":"product_tag-buy-colombian-cocaine","13":"product_tag-buy-colombian-cocaine-online","14":"product_tag-cheap-cocaine","15":"product_tag-cocaine-for-sale","16":"product_tag-colombian-cocaine-96-pure-for-sale","17":"product_tag-colombian-cocaine-96-pure-for-sale-in-usa","18":"product_tag-colombian-cocaine-for-sale","19":"product_tag-crack-for-sale","20":"product_tag-drugs-online","21":"product_tag-dutchanonstore","22":"product_tag-gogaine","23":"product_tag-legal-cocaine","24":"product_tag-order-volkswagen-cocaine-online","25":"product_tag-peruvian-cocaine-for-sale","26":"product_tag-pure-cocaine","27":"product_tag-pure-coke-shop","28":"product_tag-pure-peruvian-cocaine-for-sale","29":"product_tag-where-to-buy-bio-cocaine","30":"product_tag-where-to-buy-colombian-cocaine-96-pure","31":"product_tag-where-to-buy-pure-colombian-cocaine-online","33":"first","34":"instock","35":"sale","36":"shipping-taxable","37":"purchasable","38":"product-type-simple","39":"entry","40":"content-bg","41":"loop-entry"},"tiered_pricing_type":"fixed","tiered_pricing_fixed_rules":{"8":"44","20":"30","40":"25","100":"18"},"tiered_pricing_percentage_rules":[],"tiered_pricing_minimum":1,"_administrator_tiered_pricing_type":"fixed","_administrator_tiered_pricing_fixed_rules":[],"_editor_tiered_pricing_type":"fixed","_editor_tiered_pricing_fixed_rules":[],"_author_tiered_pricing_type":"fixed","_author_tiered_pricing_fixed_rules":[],"_contributor_tiered_pricing_type":"fixed","_contributor_tiered_pricing_fixed_rules":[],"_subscriber_tiered_pricing_type":"fixed","_subscriber_tiered_pricing_fixed_rules":[],"_customer_tiered_pricing_type":"fixed","_customer_tiered_pricing_fixed_rules":[],"_shop_manager_tiered_pricing_type":"fixed","_shop_manager_tiered_pricing_fixed_rules":[],"_wpseo_manager_tiered_pricing_type":"fixed","_wpseo_manager_tiered_pricing_fixed_rules":[],"_wpseo_editor_tiered_pricing_type":"fixed","_wpseo_editor_tiered_pricing_fixed_rules":[],"yoast_head":"<!-- This site is optimized with the Yoast SEO plugin v27.2 - https:\/\/yoast.com\/product\/yoast-seo-wordpress\/ -->\n<title>Buy Pure Colombian Cocaine 96% Pure - fast and safe delivery<\/title>\n<meta name=\"description\" content=\"Buy Pure Colombian Cocaine, Order safely &amp; maintain your privacy No prescription necessary Discreet standard shipping at Low prices.\" \/>\n<meta name=\"robots\" content=\"index, follow, max-snippet:-1, max-image-preview:large, max-video-preview:-1\" \/>\n<link rel=\"canonical\" href=\"https:\/\/stonersmeds.com\/de\/shop\/buy-pure-colombian-cocaine-96-pure\/\" \/>\n<meta property=\"og:locale\" content=\"de_DE\" \/>\n<meta property=\"og:type\" content=\"article\" \/>\n<meta property=\"og:title\" content=\"Buy Pure Colombian Cocaine 96% Pure - fast and safe delivery\" \/>\n<meta property=\"og:description\" content=\"Buy Pure Colombian Cocaine, Order safely &amp; maintain your privacy No prescription necessary Discreet standard shipping at Low prices.\" \/>\n<meta property=\"og:url\" content=\"https:\/\/stonersmeds.com\/de\/shop\/buy-pure-colombian-cocaine-96-pure\/\" \/>\n<meta property=\"og:site_name\" content=\"stonersmeds.com\" \/>\n<meta property=\"article:modified_time\" content=\"2026-02-23T23:00:07+00:00\" \/>\n<meta property=\"og:image\" content=\"https:\/\/stonersmeds.com\/wp-content\/uploads\/2022\/03\/Buy-Columbian-cocaine-96-pure.jpg\" \/>\n\t<meta property=\"og:image:width\" content=\"600\" \/>\n\t<meta property=\"og:image:height\" content=\"600\" \/>\n\t<meta property=\"og:image:type\" content=\"image\/jpeg\" \/>\n<meta name=\"twitter:card\" content=\"summary_large_image\" \/>\n<meta name=\"twitter:label1\" content=\"Preis\" \/>\n\t<meta name=\"twitter:data1\" content=\"44&#036;\" \/>\n\t<meta name=\"twitter:label2\" content=\"Verf\u00fcgbarkeit\" \/>\n\t<meta name=\"twitter:data2\" content=\"Auf Lager\" \/>\n<script type=\"application\/ld+json\" class=\"yoast-schema-graph\">{\"@context\":\"https:\/\/schema.org\",\"@graph\":[{\"@type\":\"WebPage\",\"@id\":\"https:\/\/stonersmeds.com\/shop\/buy-pure-colombian-cocaine-96-pure\/\",\"url\":\"https:\/\/stonersmeds.com\/shop\/buy-pure-colombian-cocaine-96-pure\/\",\"name\":\"Buy Pure Colombian Cocaine 96% Pure - fast and safe delivery\",\"isPartOf\":{\"@id\":\"https:\/\/stonersmeds.com\/#website\"},\"primaryImageOfPage\":{\"@id\":\"https:\/\/stonersmeds.com\/shop\/buy-pure-colombian-cocaine-96-pure\/#primaryimage\"},\"image\":{\"@id\":\"https:\/\/stonersmeds.com\/shop\/buy-pure-colombian-cocaine-96-pure\/#primaryimage\"},\"thumbnailUrl\":\"https:\/\/stonersmeds.com\/wp-content\/uploads\/2022\/03\/Buy-Columbian-cocaine-96-pure.jpg\",\"datePublished\":\"2022-03-11T06:27:39+00:00\",\"dateModified\":\"2026-02-23T23:00:07+00:00\",\"description\":\"Buy Pure Colombian Cocaine, Order safely & maintain your privacy No prescription necessary Discreet standard shipping at Low prices.\",\"breadcrumb\":{\"@id\":\"https:\/\/stonersmeds.com\/shop\/buy-pure-colombian-cocaine-96-pure\/#breadcrumb\"},\"inLanguage\":\"de\",\"potentialAction\":[{\"@type\":\"ReadAction\",\"target\":[\"https:\/\/stonersmeds.com\/shop\/buy-pure-colombian-cocaine-96-pure\/\"]}]},{\"@type\":\"ImageObject\",\"inLanguage\":\"de\",\"@id\":\"https:\/\/stonersmeds.com\/shop\/buy-pure-colombian-cocaine-96-pure\/#primaryimage\",\"url\":\"https:\/\/stonersmeds.com\/wp-content\/uploads\/2022\/03\/Buy-Columbian-cocaine-96-pure.jpg\",\"contentUrl\":\"https:\/\/stonersmeds.com\/wp-content\/uploads\/2022\/03\/Buy-Columbian-cocaine-96-pure.jpg\",\"width\":600,\"height\":600},{\"@type\":\"BreadcrumbList\",\"@id\":\"https:\/\/stonersmeds.com\/shop\/buy-pure-colombian-cocaine-96-pure\/#breadcrumb\",\"itemListElement\":[{\"@type\":\"ListItem\",\"position\":1,\"name\":\"Home\",\"item\":\"https:\/\/stonersmeds.com\/\"},{\"@type\":\"ListItem\",\"position\":2,\"name\":\"Shop\",\"item\":\"https:\/\/stonersmeds.com\/shop\/\"},{\"@type\":\"ListItem\",\"position\":3,\"name\":\"Buy Pure Colombian Cocaine 96% Pure\"}]},{\"@type\":\"WebSite\",\"@id\":\"https:\/\/stonersmeds.com\/#website\",\"url\":\"https:\/\/stonersmeds.com\/\",\"name\":\"stonersmeds.com\",\"description\":\"verschreibungspflichtige Medizin kaufen\",\"publisher\":{\"@id\":\"https:\/\/stonersmeds.com\/#organization\"},\"alternateName\":\"Research chemical shop\",\"potentialAction\":[{\"@type\":\"SearchAction\",\"target\":{\"@type\":\"EntryPoint\",\"urlTemplate\":\"https:\/\/stonersmeds.com\/?s={search_term_string}\"},\"query-input\":{\"@type\":\"PropertyValueSpecification\",\"valueRequired\":true,\"valueName\":\"search_term_string\"}}],\"inLanguage\":\"de\"},{\"@type\":\"Organization\",\"@id\":\"https:\/\/stonersmeds.com\/#organization\",\"name\":\"Stonersmeds Shop\",\"url\":\"https:\/\/stonersmeds.com\/\",\"logo\":{\"@type\":\"ImageObject\",\"inLanguage\":\"de\",\"@id\":\"https:\/\/stonersmeds.com\/#\/schema\/logo\/image\/\",\"url\":\"https:\/\/stonersmeds.com\/wp-content\/uploads\/2026\/02\/high-purity-DMT-powder.jpg\",\"contentUrl\":\"https:\/\/stonersmeds.com\/wp-content\/uploads\/2026\/02\/high-purity-DMT-powder.jpg\",\"width\":500,\"height\":500,\"caption\":\"Stonersmeds Shop\"},\"image\":{\"@id\":\"https:\/\/stonersmeds.com\/#\/schema\/logo\/image\/\"}}]}<\/script>\n<meta property=\"product:price:amount\" content=\"44.00\" \/>\n<meta property=\"product:price:currency\" content=\"USD\" \/>\n<meta property=\"og:availability\" content=\"instock\" \/>\n<meta property=\"product:availability\" content=\"instock\" \/>\n<meta property=\"product:condition\" content=\"new\" \/>\n<!-- \/ Yoast SEO plugin. -->","yoast_head_json":{"title":"Kaufen Sie reines kolumbianisches Kokain 96% Pure - schnelle und sichere Lieferung","description":"Kaufen Sie reines kolumbianisches Kokain, bestellen Sie sicher und bewahren Sie Ihre Privatsph\u00e4re. Kein Rezept erforderlich. Diskreter Standardversand zu g\u00fcnstigen Preisen.","robots":{"index":"index","follow":"follow","max-snippet":"max-snippet:-1","max-image-preview":"max-image-preview:large","max-video-preview":"max-video-preview:-1"},"canonical":"https:\/\/stonersmeds.com\/de\/shop\/buy-pure-colombian-cocaine-96-pure\/","og_locale":"de_DE","og_type":"article","og_title":"Buy Pure Colombian Cocaine 96% Pure - fast and safe delivery","og_description":"Buy Pure Colombian Cocaine, Order safely & maintain your privacy No prescription necessary Discreet standard shipping at Low prices.","og_url":"https:\/\/stonersmeds.com\/de\/shop\/buy-pure-colombian-cocaine-96-pure\/","og_site_name":"stonersmeds.com","article_modified_time":"2026-02-23T23:00:07+00:00","og_image":[{"width":600,"height":600,"url":"https:\/\/stonersmeds.com\/wp-content\/uploads\/2022\/03\/Buy-Columbian-cocaine-96-pure.jpg","type":"image\/jpeg"}],"twitter_card":"summary_large_image","twitter_misc":{"Preis":"44&#36;","Verf\u00fcgbarkeit":"Auf Lager"},"schema":{"@context":"https:\/\/schema.org","@graph":[{"@type":"WebPage","@id":"https:\/\/stonersmeds.com\/shop\/buy-pure-colombian-cocaine-96-pure\/","url":"https:\/\/stonersmeds.com\/shop\/buy-pure-colombian-cocaine-96-pure\/","name":"Kaufen Sie reines kolumbianisches Kokain 96% Pure - schnelle und sichere Lieferung","isPartOf":{"@id":"https:\/\/stonersmeds.com\/#website"},"primaryImageOfPage":{"@id":"https:\/\/stonersmeds.com\/shop\/buy-pure-colombian-cocaine-96-pure\/#primaryimage"},"image":{"@id":"https:\/\/stonersmeds.com\/shop\/buy-pure-colombian-cocaine-96-pure\/#primaryimage"},"thumbnailUrl":"https:\/\/stonersmeds.com\/wp-content\/uploads\/2022\/03\/Buy-Columbian-cocaine-96-pure.jpg","datePublished":"2022-03-11T06:27:39+00:00","dateModified":"2026-02-23T23:00:07+00:00","description":"Kaufen Sie reines kolumbianisches Kokain, bestellen Sie sicher und bewahren Sie Ihre Privatsph\u00e4re. Kein Rezept erforderlich. Diskreter Standardversand zu g\u00fcnstigen Preisen.","breadcrumb":{"@id":"https:\/\/stonersmeds.com\/shop\/buy-pure-colombian-cocaine-96-pure\/#breadcrumb"},"inLanguage":"de","potentialAction":[{"@type":"ReadAction","target":["https:\/\/stonersmeds.com\/shop\/buy-pure-colombian-cocaine-96-pure\/"]}]},{"@type":"ImageObject","inLanguage":"de","@id":"https:\/\/stonersmeds.com\/shop\/buy-pure-colombian-cocaine-96-pure\/#primaryimage","url":"https:\/\/stonersmeds.com\/wp-content\/uploads\/2022\/03\/Buy-Columbian-cocaine-96-pure.jpg","contentUrl":"https:\/\/stonersmeds.com\/wp-content\/uploads\/2022\/03\/Buy-Columbian-cocaine-96-pure.jpg","width":600,"height":600},{"@type":"BreadcrumbList","@id":"https:\/\/stonersmeds.com\/shop\/buy-pure-colombian-cocaine-96-pure\/#breadcrumb","itemListElement":[{"@type":"ListItem","position":1,"name":"Home","item":"https:\/\/stonersmeds.com\/"},{"@type":"ListItem","position":2,"name":"Shop","item":"https:\/\/stonersmeds.com\/shop\/"},{"@type":"ListItem","position":3,"name":"Buy Pure Colombian Cocaine 96% Pure"}]},{"@type":"WebSite","@id":"https:\/\/stonersmeds.com\/#website","url":"https:\/\/stonersmeds.com\/","name":"stonersmeds.com","description":"verschreibungspflichtige Medizin kaufen","publisher":{"@id":"https:\/\/stonersmeds.com\/#organization"},"alternateName":"Research chemical shop","potentialAction":[{"@type":"SearchAction","target":{"@type":"EntryPoint","urlTemplate":"https:\/\/stonersmeds.com\/?s={search_term_string}"},"query-input":{"@type":"PropertyValueSpecification","valueRequired":true,"valueName":"search_term_string"}}],"inLanguage":"de"},{"@type":"Organization","@id":"https:\/\/stonersmeds.com\/#organization","name":"Stonersmeds Shop","url":"https:\/\/stonersmeds.com\/","logo":{"@type":"ImageObject","inLanguage":"de","@id":"https:\/\/stonersmeds.com\/#\/schema\/logo\/image\/","url":"https:\/\/stonersmeds.com\/wp-content\/uploads\/2026\/02\/high-purity-DMT-powder.jpg","contentUrl":"https:\/\/stonersmeds.com\/wp-content\/uploads\/2026\/02\/high-purity-DMT-powder.jpg","width":500,"height":500,"caption":"Stonersmeds Shop"},"image":{"@id":"https:\/\/stonersmeds.com\/#\/schema\/logo\/image\/"}}]},"product_price_amount":"44.00","product_price_currency":"USD","og_availability":"instock","product_availability":"instock","product_condition":"new"},"_links":{"self":[{"href":"https:\/\/stonersmeds.com\/de\/wp-json\/wp\/v2\/product\/8663","targetHints":{"allow":["GET"]}}],"collection":[{"href":"https:\/\/stonersmeds.com\/de\/wp-json\/wp\/v2\/product"}],"about":[{"href":"https:\/\/stonersmeds.com\/de\/wp-json\/wp\/v2\/types\/product"}],"replies":[{"embeddable":true,"href":"https:\/\/stonersmeds.com\/de\/wp-json\/wp\/v2\/comments?post=8663"}],"version-history":[{"count":0,"href":"https:\/\/stonersmeds.com\/de\/wp-json\/wp\/v2\/product\/8663\/revisions"}],"wp:featuredmedia":[{"embeddable":true,"href":"https:\/\/stonersmeds.com\/de\/wp-json\/wp\/v2\/media\/8651"}],"wp:attachment":[{"href":"https:\/\/stonersmeds.com\/de\/wp-json\/wp\/v2\/media?parent=8663"}],"wp:term":[{"taxonomy":"product_brand","embeddable":true,"href":"https:\/\/stonersmeds.com\/de\/wp-json\/wp\/v2\/product_brand?post=8663"},{"taxonomy":"product_cat","embeddable":true,"href":"https:\/\/stonersmeds.com\/de\/wp-json\/wp\/v2\/product_cat?post=8663"},{"taxonomy":"product_tag","embeddable":true,"href":"https:\/\/stonersmeds.com\/de\/wp-json\/wp\/v2\/product_tag?post=8663"},{"taxonomy":"product_brands","embeddable":true,"href":"https:\/\/stonersmeds.com\/de\/wp-json\/wp\/v2\/product_brands?post=8663"}],"curies":[{"name":"wp","href":"https:\/\/api.w.org\/{rel}","templated":true}]}}