{"id":8983,"date":"2022-03-11T11:13:33","date_gmt":"2022-03-11T11:13:33","guid":{"rendered":"https:\/\/stonersmeds.com\/?post_type=product&#038;p=8983"},"modified":"2026-03-02T11:20:05","modified_gmt":"2026-03-02T09:20:05","slug":"buy-afghan-black-hash-online","status":"publish","type":"product","link":"https:\/\/stonersmeds.com\/de\/shop\/buy-afghan-black-hash-online\/","title":{"rendered":"Kaufen Sie afghanisches Black Hash online"},"content":{"rendered":"<h1>Kaufen Sie afghanisches Black Hash online<\/h1>\n<p>Kaufen Sie afghanisches Black Hash online.\u00a0<strong>Afghanischer schwarzer Hasch<\/strong>\u00a0ist ein Haschisch-Klon. Es ist weltweit ein Verbrechen und wird f\u00fcr immer im Gef\u00e4ngnis bleiben. Es enth\u00e4lt kein THC, keine synthetischen Cannabinoide oder andere chemische Verbindungen aus Studien (wie JWH-018, JWH-073, JWH-250, AM-2209 und viele andere.). Es ist wahrscheinlich das au\u00dfergew\u00f6hnlichste Gef\u00e4ngnis-Haschisch auf dem Markt. Wir verwenden am besten pflanzliche, erstklassige Substanzen. Es sieht aus wie Haschisch, es sieht aus wie Haschisch, es riecht wie Hanf und es hat einen hervorragenden Geschmack. Afghan Black Haschisch unterscheidet sich am effektivsten in der Farbe von unseren anderen Waren. Wenn Sie nicht mit unseren Waren vertraut sind, kaufen Sie zuerst eine Probe. Der Versand ist kostenlos. Kaufen Sie mehr von unseren kriminellen Haschisch Waren und die Geb\u00fchr kann niedriger sein.<\/p>\n<p>&nbsp;<\/p>\n<p>&nbsp;<\/p>\n<p>&nbsp;<\/p>\n<pre><strong>Kaufen Sie Afghan Black Hash online - kaufen Sie Hash-Pillen, kaufen Sie Black Hash, kaufen Sie Black Hashy online, Wo kaufen Sie Afghan Black Hash, Afghan Black Hash zum Verkauf, Black Hash zum Verkauf, kaufen Sie Hash online, wo Sie Black Hash online kaufen k\u00f6nnen, Afghan Black Haschisch zum Verkauf in den USA, USA, Kanada, Gro\u00dfbritannien, kaufen, online, Lieferanten, sichere Lieferung, Sie k\u00f6nnen immer noch Afghan Black Hash bekommen, ist Afghan Black Hash in den USA legal, kaufen Sie Afghan Black Hash online in den USA, wie man Afghan Black Hash bestellt , ist Afghan Black Hashlegal in Kanada<\/strong><\/pre>","protected":false},"excerpt":{"rendered":"<p>Wir akzeptieren NUR Zahlungen mit Western Union, Moneygram und Bitcoins. Die Lieferzeit betr\u00e4gt ca. 3 Tage oder 24 Stunden.<\/p>\n<p>Afghanisches schwarzes Haschisch zu verkaufen<br \/>\nAfghanische schwarze Bl\u00fcten verstr\u00f6men einen tiefen, moschusartigen Duft, der nach Erde und feuchten Bl\u00e4ttern riecht. Tieferes Einatmen kann auch die Ber\u00fchrung von sauren Fr\u00fcchten sp\u00fcren. W\u00e4hrenddessen sorgt das Mahlen oder Pfl\u00fccken dieser haarigen Blume f\u00fcr das w\u00fcrzige Gef\u00fchl, das oft mit Afghanen verbunden wird.<\/p>\n<pre><strong>Kaufen Sie Afghan Black Hash online - kaufen Sie Hash-Pillen, kaufen Sie Black Hash, kaufen Sie Black Hashy online, Wo kaufen Sie Afghan Black Hash, Afghan Black Hash zum Verkauf, Black Hash zum Verkauf, kaufen Sie Hash online, wo Sie Black Hash online kaufen k\u00f6nnen, Afghan Black Haschisch zum Verkauf in den USA, USA, Kanada, Gro\u00dfbritannien, kaufen, online, Lieferanten, sichere Lieferung, Sie k\u00f6nnen immer noch Afghan Black Hash bekommen, ist Afghan Black Hash in den USA legal, kaufen Sie Afghan Black Hash online in den USA, wie man Afghan Black Hash bestellt , ist Afghan Black Hashlegal in Kanada<\/strong><\/pre>","protected":false},"featured_media":8995,"comment_status":"open","ping_status":"closed","template":"","meta":{"_bst_post_transparent":"","_bst_post_title":"","_bst_post_layout":"","_bst_post_sidebar_id":"","_bst_post_content_style":"","_bst_post_vertical_padding":"","_bst_post_feature":"","_bst_post_feature_position":"","_bst_post_header":false,"_bst_post_footer":false},"product_brand":[],"product_cat":[74],"product_tag":[],"product_brands":[],"class_list":{"0":"post-8983","1":"product","2":"type-product","3":"status-publish","4":"has-post-thumbnail","6":"product_cat-hash-hashish","8":"first","9":"instock","10":"shipping-taxable","11":"purchasable","12":"product-type-variable","13":"entry","14":"content-bg","15":"loop-entry"},"tiered_pricing_type":"fixed","tiered_pricing_fixed_rules":[],"tiered_pricing_percentage_rules":[],"tiered_pricing_minimum":1,"_administrator_tiered_pricing_type":"fixed","_administrator_tiered_pricing_fixed_rules":[],"_editor_tiered_pricing_type":"fixed","_editor_tiered_pricing_fixed_rules":[],"_author_tiered_pricing_type":"fixed","_author_tiered_pricing_fixed_rules":[],"_contributor_tiered_pricing_type":"fixed","_contributor_tiered_pricing_fixed_rules":[],"_subscriber_tiered_pricing_type":"fixed","_subscriber_tiered_pricing_fixed_rules":[],"_customer_tiered_pricing_type":"fixed","_customer_tiered_pricing_fixed_rules":[],"_shop_manager_tiered_pricing_type":"fixed","_shop_manager_tiered_pricing_fixed_rules":[],"_wpseo_manager_tiered_pricing_type":"fixed","_wpseo_manager_tiered_pricing_fixed_rules":[],"_wpseo_editor_tiered_pricing_type":"fixed","_wpseo_editor_tiered_pricing_fixed_rules":[],"yoast_head":"<!-- This site is optimized with the Yoast SEO plugin v27.2 - https:\/\/yoast.com\/product\/yoast-seo-wordpress\/ -->\n<title>Buy Afghan Black Hash Online - Cheap price, top quality<\/title>\n<meta name=\"description\" content=\"Buy Afghan Black Hash Online at an affordable price at stonersmeds. Our hash has high THC, best quality you will find\" \/>\n<meta name=\"robots\" content=\"index, follow, max-snippet:-1, max-image-preview:large, max-video-preview:-1\" \/>\n<link rel=\"canonical\" href=\"https:\/\/stonersmeds.com\/de\/shop\/buy-afghan-black-hash-online\/\" \/>\n<meta property=\"og:locale\" content=\"de_DE\" \/>\n<meta property=\"og:type\" content=\"article\" \/>\n<meta property=\"og:title\" content=\"Buy Afghan Black Hash Online - Cheap price, top quality\" \/>\n<meta property=\"og:description\" content=\"Buy Afghan Black Hash Online at an affordable price at stonersmeds. Our hash has high THC, best quality you will find\" \/>\n<meta property=\"og:url\" content=\"https:\/\/stonersmeds.com\/de\/shop\/buy-afghan-black-hash-online\/\" \/>\n<meta property=\"og:site_name\" content=\"stonersmeds.com\" \/>\n<meta property=\"article:modified_time\" content=\"2026-03-02T09:20:05+00:00\" \/>\n<meta property=\"og:image\" content=\"https:\/\/stonersmeds.com\/wp-content\/uploads\/2022\/03\/Buy-Afghan-Black-Hash-Online.jpg\" \/>\n\t<meta property=\"og:image:width\" content=\"600\" \/>\n\t<meta property=\"og:image:height\" content=\"600\" \/>\n\t<meta property=\"og:image:type\" content=\"image\/jpeg\" \/>\n<meta name=\"twitter:card\" content=\"summary_large_image\" \/>\n<meta name=\"twitter:label1\" content=\"Verf\u00fcgbarkeit\" \/>\n\t<meta name=\"twitter:data1\" content=\"Auf Lager\" \/>\n<script type=\"application\/ld+json\" class=\"yoast-schema-graph\">{\"@context\":\"https:\/\/schema.org\",\"@graph\":[{\"@type\":\"WebPage\",\"@id\":\"https:\/\/stonersmeds.com\/sk\/shop\/buy-afghan-black-hash-online\/\",\"url\":\"https:\/\/stonersmeds.com\/sk\/shop\/buy-afghan-black-hash-online\/\",\"name\":\"Buy Afghan Black Hash Online - Cheap price, top quality\",\"isPartOf\":{\"@id\":\"https:\/\/stonersmeds.com\/#website\"},\"primaryImageOfPage\":{\"@id\":\"https:\/\/stonersmeds.com\/sk\/shop\/buy-afghan-black-hash-online\/#primaryimage\"},\"image\":{\"@id\":\"https:\/\/stonersmeds.com\/sk\/shop\/buy-afghan-black-hash-online\/#primaryimage\"},\"thumbnailUrl\":\"https:\/\/stonersmeds.com\/wp-content\/uploads\/2022\/03\/Buy-Afghan-Black-Hash-Online.jpg\",\"datePublished\":\"2022-03-11T11:13:33+00:00\",\"dateModified\":\"2026-03-02T09:20:05+00:00\",\"description\":\"Buy Afghan Black Hash Online at an affordable price at stonersmeds. Our hash has high THC, best quality you will find\",\"breadcrumb\":{\"@id\":\"https:\/\/stonersmeds.com\/sk\/shop\/buy-afghan-black-hash-online\/#breadcrumb\"},\"inLanguage\":\"de\",\"potentialAction\":[{\"@type\":\"ReadAction\",\"target\":[\"https:\/\/stonersmeds.com\/sk\/shop\/buy-afghan-black-hash-online\/\"]}]},{\"@type\":\"ImageObject\",\"inLanguage\":\"de\",\"@id\":\"https:\/\/stonersmeds.com\/sk\/shop\/buy-afghan-black-hash-online\/#primaryimage\",\"url\":\"https:\/\/stonersmeds.com\/wp-content\/uploads\/2022\/03\/Buy-Afghan-Black-Hash-Online.jpg\",\"contentUrl\":\"https:\/\/stonersmeds.com\/wp-content\/uploads\/2022\/03\/Buy-Afghan-Black-Hash-Online.jpg\",\"width\":600,\"height\":600},{\"@type\":\"BreadcrumbList\",\"@id\":\"https:\/\/stonersmeds.com\/sk\/shop\/buy-afghan-black-hash-online\/#breadcrumb\",\"itemListElement\":[{\"@type\":\"ListItem\",\"position\":1,\"name\":\"Home\",\"item\":\"https:\/\/stonersmeds.com\/\"},{\"@type\":\"ListItem\",\"position\":2,\"name\":\"Shop\",\"item\":\"https:\/\/stonersmeds.com\/shop\/\"},{\"@type\":\"ListItem\",\"position\":3,\"name\":\"Buy Afghan Black Hash Online\"}]},{\"@type\":\"WebSite\",\"@id\":\"https:\/\/stonersmeds.com\/#website\",\"url\":\"https:\/\/stonersmeds.com\/\",\"name\":\"stonersmeds.com\",\"description\":\"verschreibungspflichtige Medizin kaufen\",\"publisher\":{\"@id\":\"https:\/\/stonersmeds.com\/#organization\"},\"alternateName\":\"Research chemical shop\",\"potentialAction\":[{\"@type\":\"SearchAction\",\"target\":{\"@type\":\"EntryPoint\",\"urlTemplate\":\"https:\/\/stonersmeds.com\/?s={search_term_string}\"},\"query-input\":{\"@type\":\"PropertyValueSpecification\",\"valueRequired\":true,\"valueName\":\"search_term_string\"}}],\"inLanguage\":\"de\"},{\"@type\":\"Organization\",\"@id\":\"https:\/\/stonersmeds.com\/#organization\",\"name\":\"Stonersmeds Shop\",\"url\":\"https:\/\/stonersmeds.com\/\",\"logo\":{\"@type\":\"ImageObject\",\"inLanguage\":\"de\",\"@id\":\"https:\/\/stonersmeds.com\/#\/schema\/logo\/image\/\",\"url\":\"https:\/\/stonersmeds.com\/wp-content\/uploads\/2026\/02\/high-purity-DMT-powder.jpg\",\"contentUrl\":\"https:\/\/stonersmeds.com\/wp-content\/uploads\/2026\/02\/high-purity-DMT-powder.jpg\",\"width\":500,\"height\":500,\"caption\":\"Stonersmeds Shop\"},\"image\":{\"@id\":\"https:\/\/stonersmeds.com\/#\/schema\/logo\/image\/\"}}]}<\/script>\n<meta property=\"og:availability\" content=\"instock\" \/>\n<meta property=\"product:availability\" content=\"instock\" \/>\n<meta property=\"product:condition\" content=\"new\" \/>\n<!-- \/ Yoast SEO plugin. -->","yoast_head_json":{"title":"Kaufen Sie Afghan Black Hash online - G\u00fcnstiger Preis, Top-Qualit\u00e4t","description":"Kaufen Sie Afghan Black Hash online zu einem erschwinglichen Preis bei stonersmeds. Unser Haschisch hat einen hohen THC-Gehalt, beste Qualit\u00e4t, die Sie finden werden","robots":{"index":"index","follow":"follow","max-snippet":"max-snippet:-1","max-image-preview":"max-image-preview:large","max-video-preview":"max-video-preview:-1"},"canonical":"https:\/\/stonersmeds.com\/de\/shop\/buy-afghan-black-hash-online\/","og_locale":"de_DE","og_type":"article","og_title":"Buy Afghan Black Hash Online - Cheap price, top quality","og_description":"Buy Afghan Black Hash Online at an affordable price at stonersmeds. Our hash has high THC, best quality you will find","og_url":"https:\/\/stonersmeds.com\/de\/shop\/buy-afghan-black-hash-online\/","og_site_name":"stonersmeds.com","article_modified_time":"2026-03-02T09:20:05+00:00","og_image":[{"width":600,"height":600,"url":"https:\/\/stonersmeds.com\/wp-content\/uploads\/2022\/03\/Buy-Afghan-Black-Hash-Online.jpg","type":"image\/jpeg"}],"twitter_card":"summary_large_image","twitter_misc":{"Verf\u00fcgbarkeit":"Auf Lager"},"schema":{"@context":"https:\/\/schema.org","@graph":[{"@type":"WebPage","@id":"https:\/\/stonersmeds.com\/sk\/shop\/buy-afghan-black-hash-online\/","url":"https:\/\/stonersmeds.com\/sk\/shop\/buy-afghan-black-hash-online\/","name":"Kaufen Sie Afghan Black Hash online - G\u00fcnstiger Preis, Top-Qualit\u00e4t","isPartOf":{"@id":"https:\/\/stonersmeds.com\/#website"},"primaryImageOfPage":{"@id":"https:\/\/stonersmeds.com\/sk\/shop\/buy-afghan-black-hash-online\/#primaryimage"},"image":{"@id":"https:\/\/stonersmeds.com\/sk\/shop\/buy-afghan-black-hash-online\/#primaryimage"},"thumbnailUrl":"https:\/\/stonersmeds.com\/wp-content\/uploads\/2022\/03\/Buy-Afghan-Black-Hash-Online.jpg","datePublished":"2022-03-11T11:13:33+00:00","dateModified":"2026-03-02T09:20:05+00:00","description":"Kaufen Sie Afghan Black Hash online zu einem erschwinglichen Preis bei stonersmeds. Unser Haschisch hat einen hohen THC-Gehalt, beste Qualit\u00e4t, die Sie finden werden","breadcrumb":{"@id":"https:\/\/stonersmeds.com\/sk\/shop\/buy-afghan-black-hash-online\/#breadcrumb"},"inLanguage":"de","potentialAction":[{"@type":"ReadAction","target":["https:\/\/stonersmeds.com\/sk\/shop\/buy-afghan-black-hash-online\/"]}]},{"@type":"ImageObject","inLanguage":"de","@id":"https:\/\/stonersmeds.com\/sk\/shop\/buy-afghan-black-hash-online\/#primaryimage","url":"https:\/\/stonersmeds.com\/wp-content\/uploads\/2022\/03\/Buy-Afghan-Black-Hash-Online.jpg","contentUrl":"https:\/\/stonersmeds.com\/wp-content\/uploads\/2022\/03\/Buy-Afghan-Black-Hash-Online.jpg","width":600,"height":600},{"@type":"BreadcrumbList","@id":"https:\/\/stonersmeds.com\/sk\/shop\/buy-afghan-black-hash-online\/#breadcrumb","itemListElement":[{"@type":"ListItem","position":1,"name":"Home","item":"https:\/\/stonersmeds.com\/"},{"@type":"ListItem","position":2,"name":"Shop","item":"https:\/\/stonersmeds.com\/shop\/"},{"@type":"ListItem","position":3,"name":"Buy Afghan Black Hash Online"}]},{"@type":"WebSite","@id":"https:\/\/stonersmeds.com\/#website","url":"https:\/\/stonersmeds.com\/","name":"stonersmeds.com","description":"verschreibungspflichtige Medizin kaufen","publisher":{"@id":"https:\/\/stonersmeds.com\/#organization"},"alternateName":"Research chemical shop","potentialAction":[{"@type":"SearchAction","target":{"@type":"EntryPoint","urlTemplate":"https:\/\/stonersmeds.com\/?s={search_term_string}"},"query-input":{"@type":"PropertyValueSpecification","valueRequired":true,"valueName":"search_term_string"}}],"inLanguage":"de"},{"@type":"Organization","@id":"https:\/\/stonersmeds.com\/#organization","name":"Stonersmeds Shop","url":"https:\/\/stonersmeds.com\/","logo":{"@type":"ImageObject","inLanguage":"de","@id":"https:\/\/stonersmeds.com\/#\/schema\/logo\/image\/","url":"https:\/\/stonersmeds.com\/wp-content\/uploads\/2026\/02\/high-purity-DMT-powder.jpg","contentUrl":"https:\/\/stonersmeds.com\/wp-content\/uploads\/2026\/02\/high-purity-DMT-powder.jpg","width":500,"height":500,"caption":"Stonersmeds Shop"},"image":{"@id":"https:\/\/stonersmeds.com\/#\/schema\/logo\/image\/"}}]},"og_availability":"instock","product_availability":"instock","product_condition":"new"},"_links":{"self":[{"href":"https:\/\/stonersmeds.com\/de\/wp-json\/wp\/v2\/product\/8983","targetHints":{"allow":["GET"]}}],"collection":[{"href":"https:\/\/stonersmeds.com\/de\/wp-json\/wp\/v2\/product"}],"about":[{"href":"https:\/\/stonersmeds.com\/de\/wp-json\/wp\/v2\/types\/product"}],"replies":[{"embeddable":true,"href":"https:\/\/stonersmeds.com\/de\/wp-json\/wp\/v2\/comments?post=8983"}],"version-history":[{"count":0,"href":"https:\/\/stonersmeds.com\/de\/wp-json\/wp\/v2\/product\/8983\/revisions"}],"wp:featuredmedia":[{"embeddable":true,"href":"https:\/\/stonersmeds.com\/de\/wp-json\/wp\/v2\/media\/8995"}],"wp:attachment":[{"href":"https:\/\/stonersmeds.com\/de\/wp-json\/wp\/v2\/media?parent=8983"}],"wp:term":[{"taxonomy":"product_brand","embeddable":true,"href":"https:\/\/stonersmeds.com\/de\/wp-json\/wp\/v2\/product_brand?post=8983"},{"taxonomy":"product_cat","embeddable":true,"href":"https:\/\/stonersmeds.com\/de\/wp-json\/wp\/v2\/product_cat?post=8983"},{"taxonomy":"product_tag","embeddable":true,"href":"https:\/\/stonersmeds.com\/de\/wp-json\/wp\/v2\/product_tag?post=8983"},{"taxonomy":"product_brands","embeddable":true,"href":"https:\/\/stonersmeds.com\/de\/wp-json\/wp\/v2\/product_brands?post=8983"}],"curies":[{"name":"wp","href":"https:\/\/api.w.org\/{rel}","templated":true}]}}