{"id":9570,"date":"2022-03-11T17:50:02","date_gmt":"2022-03-11T17:50:02","guid":{"rendered":"https:\/\/stonersmeds.com\/?post_type=product&#038;p=9570"},"modified":"2026-03-02T09:40:42","modified_gmt":"2026-03-02T07:40:42","slug":"buy-quality-chocolate-fondue-strain-online","status":"publish","type":"product","link":"https:\/\/stonersmeds.com\/de\/shop\/buy-quality-chocolate-fondue-strain-online\/","title":{"rendered":"Kaufen Sie hochwertige Schokoladenfondue-Sorten online"},"content":{"rendered":"<h1>Qualit\u00e4ts-Schokoladen-Fondue-Stamm online kaufen.<\/h1>\n<p>Informationen \u00fcber die Arten von Schokoladenfondue<br \/>\nDas von DNA Genetics gez\u00fcchtete Schokoladenfondue ist eine Kreuzung mit einer sativadominierten Sorte, die die erhebende Wirkung von Chocolope mit der entspannenden Wirkung und dem einzigartigen Geschmack von Exodus Cheese ausgleicht.<\/p>\n<p>Die Wirkung von Schokoladenfondue entspannt den K\u00f6rper und beruhigt den Geist in einem gl\u00fccklichen Zustand des Geistes. Sein komplexes Bouquet und sein s\u00fc\u00dfes Aroma machen dieses Cannabis zu einem Genuss bei Tag und Nacht.<\/p>\n<p>Die heilende Wirkung von Schokoladenfondue<br \/>\nEs gibt viele Gr\u00fcnde f\u00fcr die Verwendung von Cannabis-Sorten. Hier sind die ersten 6 Gr\u00fcnde, sie zu verwenden. Je h\u00f6her die Potenz, desto st\u00e4rker werden Sie sich nat\u00fcrlich f\u00fchlen!<\/p>\n<p>1 - Lindert chronische Schmerzen<br \/>\nMarihuana enth\u00e4lt Chemikalien, die zur Schmerzlinderung beitragen. Normalerweise bestimmt die Farbe des Marihuanas auch seine St\u00e4rke. Viele glauben, dass dies wahr ist.<\/p>\n<p>2 - Bessere Lungenkapazit\u00e4t<br \/>\nKennen Sie das? Das Rauchen von Marihuana ist viel besser als Rauchen. Es wird Ihnen auch helfen, Ihre Lungenkapazit\u00e4t zu erh\u00f6hen.<\/p>\n<p>3 - Gewichtsverlust<br \/>\nDie Mehrheit der Marihuanakonsumenten ist nicht \u00fcbergewichtig. Das liegt daran, dass der st\u00e4ndige Konsum dieser Cannabisbl\u00fcte Ihnen hilft, Ihre Kalorienaufnahme zu kontrollieren.<\/p>\n<p>4 - Diabetespr\u00e4vention<br \/>\nWenn Sie einmal an Diabetes erkrankt sind, wird Sie das ein Leben lang begleiten. Sie k\u00f6nnen Ihren Zuckerspiegel leicht kontrollieren, damit er sich nicht verschlimmert.<\/p>\n<p>Cannabis kann helfen, Ihren Blutzucker zu stabilisieren und Ihren Blutdruck zu senken!<\/p>\n<p>5 - Hilfe f\u00fcr Menschen mit Depressionen<br \/>\nManche Menschen leiden unter Depressionen, ohne sich dessen bewusst zu sein. Der Konsum von Marihuana kann helfen, die depressive Stimmung zu stabilisieren.<\/p>\n<p>Wo kann man diese Art von Schokoladenfondue in Kanada kaufen?<br \/>\nEs gibt zwar viele Orte in Kanada, an denen man Schokoladenfondue kaufen kann, aber unsere Post-Marihuana-Apotheke hat eines der hochwertigsten Produkte auf dem Markt.<\/p>\n<p>Wir garantieren Ihnen, dass Sie ein Qualit\u00e4tsprodukt erhalten oder Ihr Geld zur\u00fcck! Kostenloser Versand ist auch auf Bestellungen \u00fcber $100 zur Verf\u00fcgung!<\/p>\n<div><\/div>\n<div><\/div>\n<div><\/div>\n<div><\/div>\n<pre><strong>Kaufen Qualit\u00e4t Schokolade Fondue Strain Online - kaufen Fondue Strain , kaufen Qualit\u00e4t Schokolade Fondue Strain , kaufen Fondue Strain online, Wo kaufen Qualit\u00e4t Schokolade Fondue Strain , Qualit\u00e4t Schokolade Fondue Strain zum Verkauf, Fondue Strain zum Verkauf, kaufen Qualit\u00e4t Fondue Strain online, wo kaufen Qualit\u00e4t Schokolade Fondue Strain online, Qualit\u00e4t Schokolade Fondue Strain zum Verkauf in den USA, USA, Kanada, Gro\u00dfbritannien, kaufen, online, Lieferanten, sichere Lieferung, Sie k\u00f6nnen immer noch Qualit\u00e4t Schokolade Fondue Strain , Ist Qualit\u00e4t Schokolade Fondue Strain usa, kaufen Qualit\u00e4t Schokolade Fondue Strain online usa, wie man Qualit\u00e4t Schokolade Fondue Strain bestellen, Ist Qualit\u00e4t Schokolade Fondue Strain legal in Kanada <\/strong><\/pre>","protected":false},"excerpt":{"rendered":"<p>Kaufen Sie Qualit\u00e4t Chocolate Fondue Strain online. Chocolate Fondue Strain ist ein sativa-dominanter Hybrid - 80% Sativa \/ 20% Indica THC: 17%<\/p>\n<p>&nbsp;<\/p>\n<pre><strong>Kaufen Qualit\u00e4t Schokolade Fondue Strain Online - kaufen Fondue Strain , kaufen Qualit\u00e4t Schokolade Fondue Strain , kaufen Fondue Strain online, Wo kaufen Qualit\u00e4t Schokolade Fondue Strain , Qualit\u00e4t Schokolade Fondue Strain zum Verkauf, Fondue Strain zum Verkauf, kaufen Qualit\u00e4t Fondue Strain online, wo kaufen Qualit\u00e4t Schokolade Fondue Strain online, Qualit\u00e4t Schokolade Fondue Strain zum Verkauf in den USA, USA, Kanada, Gro\u00dfbritannien, kaufen, online, Lieferanten, sichere Lieferung, Sie k\u00f6nnen immer noch Qualit\u00e4t Schokolade Fondue Strain , Ist Qualit\u00e4t Schokolade Fondue Strain usa, kaufen Qualit\u00e4t Schokolade Fondue Strain online usa, wie man Qualit\u00e4t Schokolade Fondue Strain bestellen, Ist Qualit\u00e4t Schokolade Fondue Strain legal in Kanada <\/strong><\/pre>","protected":false},"featured_media":9581,"comment_status":"open","ping_status":"closed","template":"","meta":{"_bst_post_transparent":"","_bst_post_title":"","_bst_post_layout":"","_bst_post_sidebar_id":"","_bst_post_content_style":"","_bst_post_vertical_padding":"","_bst_post_feature":"","_bst_post_feature_position":"","_bst_post_header":false,"_bst_post_footer":false},"product_brand":[],"product_cat":[81],"product_tag":[],"product_brands":[],"class_list":{"0":"post-9570","1":"product","2":"type-product","3":"status-publish","4":"has-post-thumbnail","6":"product_cat-marijuana-medical-cannabis","8":"first","9":"instock","10":"shipping-taxable","11":"purchasable","12":"product-type-variable","13":"entry","14":"content-bg","15":"loop-entry"},"tiered_pricing_type":"fixed","tiered_pricing_fixed_rules":{"28":"9","50":"8","100":"7","250":"6","500":"4.5","1000":"3"},"tiered_pricing_percentage_rules":[],"tiered_pricing_minimum":1,"_administrator_tiered_pricing_type":"fixed","_administrator_tiered_pricing_fixed_rules":[],"_editor_tiered_pricing_type":"fixed","_editor_tiered_pricing_fixed_rules":[],"_author_tiered_pricing_type":"fixed","_author_tiered_pricing_fixed_rules":[],"_contributor_tiered_pricing_type":"fixed","_contributor_tiered_pricing_fixed_rules":[],"_subscriber_tiered_pricing_type":"fixed","_subscriber_tiered_pricing_fixed_rules":[],"_customer_tiered_pricing_type":"fixed","_customer_tiered_pricing_fixed_rules":[],"_shop_manager_tiered_pricing_type":"fixed","_shop_manager_tiered_pricing_fixed_rules":[],"_wpseo_manager_tiered_pricing_type":"fixed","_wpseo_manager_tiered_pricing_fixed_rules":[],"_wpseo_editor_tiered_pricing_type":"fixed","_wpseo_editor_tiered_pricing_fixed_rules":[],"yoast_head":"<!-- This site is optimized with the Yoast SEO plugin v27.2 - https:\/\/yoast.com\/product\/yoast-seo-wordpress\/ -->\n<title>Buy Quality Chocolate Fondue Strain Online - stonersmeds.com<\/title>\n<meta name=\"robots\" content=\"index, follow, max-snippet:-1, max-image-preview:large, max-video-preview:-1\" \/>\n<link rel=\"canonical\" href=\"https:\/\/stonersmeds.com\/de\/shop\/buy-quality-chocolate-fondue-strain-online\/\" \/>\n<meta property=\"og:locale\" content=\"de_DE\" \/>\n<meta property=\"og:type\" content=\"article\" \/>\n<meta property=\"og:title\" content=\"Buy Quality Chocolate Fondue Strain Online - stonersmeds.com\" \/>\n<meta property=\"og:description\" content=\"Buy Quality Chocolate Fondue Strain online. Chocolate Fondue Strain is a sativa Dominant Hybrid \u2013 80% Sativa \/ 20% Indica THC: 17%  &nbsp; Buy Quality Chocolate Fondue Strain Online - buy Fondue Strain , buy Quality Chocolate Fondue Strain , buy Fondue Strain online, Where to Buy Quality Chocolate Fondue Strain , Quality Chocolate Fondue Strain for sale, Fondue Strain for sale, buy Quality Fondue Strain online, where to Buy Quality Chocolate Fondue Strain online, Quality Chocolate Fondue Strain for sale in usa , USA, canada,uk, buy, online, suppliers, safe delivery, You can still get Quality Chocolate Fondue Strain , Is Quality Chocolate Fondue Strain usa, buy Quality Chocolate Fondue Strain online usa, how to order Quality Chocolate Fondue Strain , Is Quality Chocolate Fondue Strain legal in Canada\" \/>\n<meta property=\"og:url\" content=\"https:\/\/stonersmeds.com\/de\/shop\/buy-quality-chocolate-fondue-strain-online\/\" \/>\n<meta property=\"og:site_name\" content=\"stonersmeds.com\" \/>\n<meta property=\"article:modified_time\" content=\"2026-03-02T07:40:42+00:00\" \/>\n<meta property=\"og:image\" content=\"https:\/\/stonersmeds.com\/wp-content\/uploads\/2022\/03\/Buy-Quality-Chocolate-Fondue-Strain-online.jpg\" \/>\n\t<meta property=\"og:image:width\" content=\"600\" \/>\n\t<meta property=\"og:image:height\" content=\"600\" \/>\n\t<meta property=\"og:image:type\" content=\"image\/jpeg\" \/>\n<meta name=\"twitter:card\" content=\"summary_large_image\" \/>\n<meta name=\"twitter:label1\" content=\"Verf\u00fcgbarkeit\" \/>\n\t<meta name=\"twitter:data1\" content=\"Auf Lager\" \/>\n<script type=\"application\/ld+json\" class=\"yoast-schema-graph\">{\"@context\":\"https:\/\/schema.org\",\"@graph\":[{\"@type\":\"WebPage\",\"@id\":\"https:\/\/stonersmeds.com\/shop\/buy-quality-chocolate-fondue-strain-online\/\",\"url\":\"https:\/\/stonersmeds.com\/shop\/buy-quality-chocolate-fondue-strain-online\/\",\"name\":\"Buy Quality Chocolate Fondue Strain Online - stonersmeds.com\",\"isPartOf\":{\"@id\":\"https:\/\/stonersmeds.com\/#website\"},\"primaryImageOfPage\":{\"@id\":\"https:\/\/stonersmeds.com\/shop\/buy-quality-chocolate-fondue-strain-online\/#primaryimage\"},\"image\":{\"@id\":\"https:\/\/stonersmeds.com\/shop\/buy-quality-chocolate-fondue-strain-online\/#primaryimage\"},\"thumbnailUrl\":\"https:\/\/stonersmeds.com\/wp-content\/uploads\/2022\/03\/Buy-Quality-Chocolate-Fondue-Strain-online.jpg\",\"datePublished\":\"2022-03-11T17:50:02+00:00\",\"dateModified\":\"2026-03-02T07:40:42+00:00\",\"breadcrumb\":{\"@id\":\"https:\/\/stonersmeds.com\/shop\/buy-quality-chocolate-fondue-strain-online\/#breadcrumb\"},\"inLanguage\":\"de\",\"potentialAction\":[{\"@type\":\"ReadAction\",\"target\":[\"https:\/\/stonersmeds.com\/shop\/buy-quality-chocolate-fondue-strain-online\/\"]}]},{\"@type\":\"ImageObject\",\"inLanguage\":\"de\",\"@id\":\"https:\/\/stonersmeds.com\/shop\/buy-quality-chocolate-fondue-strain-online\/#primaryimage\",\"url\":\"https:\/\/stonersmeds.com\/wp-content\/uploads\/2022\/03\/Buy-Quality-Chocolate-Fondue-Strain-online.jpg\",\"contentUrl\":\"https:\/\/stonersmeds.com\/wp-content\/uploads\/2022\/03\/Buy-Quality-Chocolate-Fondue-Strain-online.jpg\",\"width\":600,\"height\":600},{\"@type\":\"BreadcrumbList\",\"@id\":\"https:\/\/stonersmeds.com\/shop\/buy-quality-chocolate-fondue-strain-online\/#breadcrumb\",\"itemListElement\":[{\"@type\":\"ListItem\",\"position\":1,\"name\":\"Home\",\"item\":\"https:\/\/stonersmeds.com\/\"},{\"@type\":\"ListItem\",\"position\":2,\"name\":\"Shop\",\"item\":\"https:\/\/stonersmeds.com\/shop\/\"},{\"@type\":\"ListItem\",\"position\":3,\"name\":\"Buy Quality Chocolate Fondue Strain Online\"}]},{\"@type\":\"WebSite\",\"@id\":\"https:\/\/stonersmeds.com\/#website\",\"url\":\"https:\/\/stonersmeds.com\/\",\"name\":\"stonersmeds.com\",\"description\":\"verschreibungspflichtige Medizin kaufen\",\"publisher\":{\"@id\":\"https:\/\/stonersmeds.com\/#organization\"},\"alternateName\":\"Research chemical shop\",\"potentialAction\":[{\"@type\":\"SearchAction\",\"target\":{\"@type\":\"EntryPoint\",\"urlTemplate\":\"https:\/\/stonersmeds.com\/?s={search_term_string}\"},\"query-input\":{\"@type\":\"PropertyValueSpecification\",\"valueRequired\":true,\"valueName\":\"search_term_string\"}}],\"inLanguage\":\"de\"},{\"@type\":\"Organization\",\"@id\":\"https:\/\/stonersmeds.com\/#organization\",\"name\":\"Stonersmeds Shop\",\"url\":\"https:\/\/stonersmeds.com\/\",\"logo\":{\"@type\":\"ImageObject\",\"inLanguage\":\"de\",\"@id\":\"https:\/\/stonersmeds.com\/#\/schema\/logo\/image\/\",\"url\":\"https:\/\/stonersmeds.com\/wp-content\/uploads\/2026\/02\/high-purity-DMT-powder.jpg\",\"contentUrl\":\"https:\/\/stonersmeds.com\/wp-content\/uploads\/2026\/02\/high-purity-DMT-powder.jpg\",\"width\":500,\"height\":500,\"caption\":\"Stonersmeds Shop\"},\"image\":{\"@id\":\"https:\/\/stonersmeds.com\/#\/schema\/logo\/image\/\"}}]}<\/script>\n<meta property=\"og:availability\" content=\"instock\" \/>\n<meta property=\"product:availability\" content=\"instock\" \/>\n<meta property=\"product:condition\" content=\"new\" \/>\n<!-- \/ Yoast SEO plugin. -->","yoast_head_json":{"title":"Kaufen Qualit\u00e4t Schokolade Fondue Strain Online - stonersmeds.com","robots":{"index":"index","follow":"follow","max-snippet":"max-snippet:-1","max-image-preview":"max-image-preview:large","max-video-preview":"max-video-preview:-1"},"canonical":"https:\/\/stonersmeds.com\/de\/shop\/buy-quality-chocolate-fondue-strain-online\/","og_locale":"de_DE","og_type":"article","og_title":"Buy Quality Chocolate Fondue Strain Online - stonersmeds.com","og_description":"Buy Quality Chocolate Fondue Strain online. Chocolate Fondue Strain is a sativa Dominant Hybrid \u2013 80% Sativa \/ 20% Indica THC: 17%  &nbsp; Buy Quality Chocolate Fondue Strain Online - buy Fondue Strain , buy Quality Chocolate Fondue Strain , buy Fondue Strain online, Where to Buy Quality Chocolate Fondue Strain , Quality Chocolate Fondue Strain for sale, Fondue Strain for sale, buy Quality Fondue Strain online, where to Buy Quality Chocolate Fondue Strain online, Quality Chocolate Fondue Strain for sale in usa , USA, canada,uk, buy, online, suppliers, safe delivery, You can still get Quality Chocolate Fondue Strain , Is Quality Chocolate Fondue Strain usa, buy Quality Chocolate Fondue Strain online usa, how to order Quality Chocolate Fondue Strain , Is Quality Chocolate Fondue Strain legal in Canada","og_url":"https:\/\/stonersmeds.com\/de\/shop\/buy-quality-chocolate-fondue-strain-online\/","og_site_name":"stonersmeds.com","article_modified_time":"2026-03-02T07:40:42+00:00","og_image":[{"width":600,"height":600,"url":"https:\/\/stonersmeds.com\/wp-content\/uploads\/2022\/03\/Buy-Quality-Chocolate-Fondue-Strain-online.jpg","type":"image\/jpeg"}],"twitter_card":"summary_large_image","twitter_misc":{"Verf\u00fcgbarkeit":"Auf Lager"},"schema":{"@context":"https:\/\/schema.org","@graph":[{"@type":"WebPage","@id":"https:\/\/stonersmeds.com\/shop\/buy-quality-chocolate-fondue-strain-online\/","url":"https:\/\/stonersmeds.com\/shop\/buy-quality-chocolate-fondue-strain-online\/","name":"Kaufen Qualit\u00e4t Schokolade Fondue Strain Online - stonersmeds.com","isPartOf":{"@id":"https:\/\/stonersmeds.com\/#website"},"primaryImageOfPage":{"@id":"https:\/\/stonersmeds.com\/shop\/buy-quality-chocolate-fondue-strain-online\/#primaryimage"},"image":{"@id":"https:\/\/stonersmeds.com\/shop\/buy-quality-chocolate-fondue-strain-online\/#primaryimage"},"thumbnailUrl":"https:\/\/stonersmeds.com\/wp-content\/uploads\/2022\/03\/Buy-Quality-Chocolate-Fondue-Strain-online.jpg","datePublished":"2022-03-11T17:50:02+00:00","dateModified":"2026-03-02T07:40:42+00:00","breadcrumb":{"@id":"https:\/\/stonersmeds.com\/shop\/buy-quality-chocolate-fondue-strain-online\/#breadcrumb"},"inLanguage":"de","potentialAction":[{"@type":"ReadAction","target":["https:\/\/stonersmeds.com\/shop\/buy-quality-chocolate-fondue-strain-online\/"]}]},{"@type":"ImageObject","inLanguage":"de","@id":"https:\/\/stonersmeds.com\/shop\/buy-quality-chocolate-fondue-strain-online\/#primaryimage","url":"https:\/\/stonersmeds.com\/wp-content\/uploads\/2022\/03\/Buy-Quality-Chocolate-Fondue-Strain-online.jpg","contentUrl":"https:\/\/stonersmeds.com\/wp-content\/uploads\/2022\/03\/Buy-Quality-Chocolate-Fondue-Strain-online.jpg","width":600,"height":600},{"@type":"BreadcrumbList","@id":"https:\/\/stonersmeds.com\/shop\/buy-quality-chocolate-fondue-strain-online\/#breadcrumb","itemListElement":[{"@type":"ListItem","position":1,"name":"Home","item":"https:\/\/stonersmeds.com\/"},{"@type":"ListItem","position":2,"name":"Shop","item":"https:\/\/stonersmeds.com\/shop\/"},{"@type":"ListItem","position":3,"name":"Buy Quality Chocolate Fondue Strain Online"}]},{"@type":"WebSite","@id":"https:\/\/stonersmeds.com\/#website","url":"https:\/\/stonersmeds.com\/","name":"stonersmeds.com","description":"verschreibungspflichtige Medizin kaufen","publisher":{"@id":"https:\/\/stonersmeds.com\/#organization"},"alternateName":"Research chemical shop","potentialAction":[{"@type":"SearchAction","target":{"@type":"EntryPoint","urlTemplate":"https:\/\/stonersmeds.com\/?s={search_term_string}"},"query-input":{"@type":"PropertyValueSpecification","valueRequired":true,"valueName":"search_term_string"}}],"inLanguage":"de"},{"@type":"Organization","@id":"https:\/\/stonersmeds.com\/#organization","name":"Stonersmeds Shop","url":"https:\/\/stonersmeds.com\/","logo":{"@type":"ImageObject","inLanguage":"de","@id":"https:\/\/stonersmeds.com\/#\/schema\/logo\/image\/","url":"https:\/\/stonersmeds.com\/wp-content\/uploads\/2026\/02\/high-purity-DMT-powder.jpg","contentUrl":"https:\/\/stonersmeds.com\/wp-content\/uploads\/2026\/02\/high-purity-DMT-powder.jpg","width":500,"height":500,"caption":"Stonersmeds Shop"},"image":{"@id":"https:\/\/stonersmeds.com\/#\/schema\/logo\/image\/"}}]},"og_availability":"instock","product_availability":"instock","product_condition":"new"},"_links":{"self":[{"href":"https:\/\/stonersmeds.com\/de\/wp-json\/wp\/v2\/product\/9570","targetHints":{"allow":["GET"]}}],"collection":[{"href":"https:\/\/stonersmeds.com\/de\/wp-json\/wp\/v2\/product"}],"about":[{"href":"https:\/\/stonersmeds.com\/de\/wp-json\/wp\/v2\/types\/product"}],"replies":[{"embeddable":true,"href":"https:\/\/stonersmeds.com\/de\/wp-json\/wp\/v2\/comments?post=9570"}],"version-history":[{"count":0,"href":"https:\/\/stonersmeds.com\/de\/wp-json\/wp\/v2\/product\/9570\/revisions"}],"wp:featuredmedia":[{"embeddable":true,"href":"https:\/\/stonersmeds.com\/de\/wp-json\/wp\/v2\/media\/9581"}],"wp:attachment":[{"href":"https:\/\/stonersmeds.com\/de\/wp-json\/wp\/v2\/media?parent=9570"}],"wp:term":[{"taxonomy":"product_brand","embeddable":true,"href":"https:\/\/stonersmeds.com\/de\/wp-json\/wp\/v2\/product_brand?post=9570"},{"taxonomy":"product_cat","embeddable":true,"href":"https:\/\/stonersmeds.com\/de\/wp-json\/wp\/v2\/product_cat?post=9570"},{"taxonomy":"product_tag","embeddable":true,"href":"https:\/\/stonersmeds.com\/de\/wp-json\/wp\/v2\/product_tag?post=9570"},{"taxonomy":"product_brands","embeddable":true,"href":"https:\/\/stonersmeds.com\/de\/wp-json\/wp\/v2\/product_brands?post=9570"}],"curies":[{"name":"wp","href":"https:\/\/api.w.org\/{rel}","templated":true}]}}