{"id":9705,"date":"2022-03-11T19:09:22","date_gmt":"2022-03-11T19:09:22","guid":{"rendered":"https:\/\/stonersmeds.com\/?post_type=product&#038;p=9705"},"modified":"2026-02-27T14:50:06","modified_gmt":"2026-02-27T12:50:06","slug":"nyc-diesel-budder","status":"publish","type":"product","link":"https:\/\/stonersmeds.com\/de\/shop\/nyc-diesel-budder\/","title":{"rendered":"NYC Diesel Budder"},"content":{"rendered":"<h1>NYC Diesel Budder kaufen - Top Shelf<\/h1>\n<p>NYC Diesel ist eine 60% sativadominierte Sorte, die sowohl mexikanische als auch afghanische Landrassengenetik vermischt. Sie bringt einen scharfen Mix aus herben Grapefruits und sauren Zitrusfruchtaromen mit sich. NYC Diesel ist eine gro\u00dfartige Sorte f\u00fcr den Tag, da sie eine starke zerebrale Stimulation bietet, die zu geistiger Klarheit und Wachsamkeit beitr\u00e4gt. Zus\u00e4tzlich zu den anregenden Effekten, die diese Sorte bietet, hebt NYC Diesel auch die Stimmung und regt die Kreativit\u00e4t an, was diese Sorte bei der Behandlung von Depressionen effektiv macht. Mit der Zeit versetzt die Wirkung dieser Sorte den K\u00f6rper in einen moderaten Entspannungszustand, der keine Schl\u00e4frigkeit hervorruft, aber bei manchen Konsumenten den Appetit anregen kann. NYC Diesel ist am effektivsten bei der Behandlung von Angstzust\u00e4nden \/ sozialer Angst, Depressionen, chronischen Schmerzen, Appetitlosigkeit und schlechter Stimmung.<\/p>\n<p>&nbsp;<\/p>\n<p>&nbsp;<\/p>\n<p>&nbsp;<\/p>\n<pre><strong>Kaufen Sie NYC Diesel Budder - Top Shelf - kaufen Sie NYC Budder , kaufen Sie NYC Diesel Budder , kaufen Sie NYC Diesel Budder online, Wo kaufen Sie NYC Diesel Budder , NYC Diesel Budder zum Verkauf, Diesel Budder zum Verkauf, kaufen Sie NYC Budder online, Wo kaufen Sie NYC Diesel Budder online, NYC Diesel Budder zum Verkauf in den USA, USA, Kanada, Gro\u00dfbritannien, kaufen, online, Lieferanten, sichere Lieferung, Sie k\u00f6nnen immer noch NYC Diesel Budder bekommen, ist NYC Diesel Budder legal in den USA, kaufen NYC Diesel Budder online usa, wie man NYC Diesel Budder bestellt, ist NYC Diesel Budder legal in Kanada<\/strong><\/pre>","protected":false},"excerpt":{"rendered":"<ul>\n<li>Weltweiter Versand<\/li>\n<li><strong>Ein Konzentrat bestehend aus 97-99% THC<\/strong><\/li>\n<li><strong>99% reines THC-A<\/strong><\/li>\n<li><strong>Kontaktiere uns<\/strong>\u00a0f\u00fcr gr\u00f6\u00dfere Bestellungen<\/li>\n<\/ul>\n<pre><\/pre>","protected":false},"featured_media":9718,"comment_status":"open","ping_status":"closed","template":"","meta":{"_bst_post_transparent":"","_bst_post_title":"","_bst_post_layout":"","_bst_post_sidebar_id":"","_bst_post_content_style":"","_bst_post_vertical_padding":"","_bst_post_feature":"","_bst_post_feature_position":"","_bst_post_header":false,"_bst_post_footer":false},"product_brand":[],"product_cat":[76],"product_tag":[1004,1003,996,992,993,998,991,1001,994,1002,1000,997,995,1006,1005,999],"product_brands":[],"class_list":{"0":"post-9705","1":"product","2":"type-product","3":"status-publish","4":"has-post-thumbnail","6":"product_cat-marijuana-wax","7":"product_tag-best-cannabis-butter-recipe","8":"product_tag-best-way-to-make-cannabutter","9":"product_tag-buy-cannabutter-glasgow","10":"product_tag-cannabis-butter-near-me","11":"product_tag-cannabis-cooking-oil-for-sale","12":"product_tag-cannabutter-recipe","13":"product_tag-how-much-does-cannabutter-cost","14":"product_tag-how-much-is-cannabutter-cost","15":"product_tag-how-to-make-cannabutter","16":"product_tag-how-to-make-cannabutter-in-crock-pot","17":"product_tag-how-to-make-strong-cannabutter","18":"product_tag-price-of-cannabutter","19":"product_tag-thc-butter-cost","20":"product_tag-weed-butter-cost","21":"product_tag-weed-butter-price","22":"product_tag-where-to-buy-cannabis-butter","24":"first","25":"instock","26":"shipping-taxable","27":"purchasable","28":"product-type-variable","29":"entry","30":"content-bg","31":"loop-entry"},"tiered_pricing_type":"fixed","tiered_pricing_fixed_rules":[],"tiered_pricing_percentage_rules":[],"tiered_pricing_minimum":1,"_administrator_tiered_pricing_type":"fixed","_administrator_tiered_pricing_fixed_rules":[],"_editor_tiered_pricing_type":"fixed","_editor_tiered_pricing_fixed_rules":[],"_author_tiered_pricing_type":"fixed","_author_tiered_pricing_fixed_rules":[],"_contributor_tiered_pricing_type":"fixed","_contributor_tiered_pricing_fixed_rules":[],"_subscriber_tiered_pricing_type":"fixed","_subscriber_tiered_pricing_fixed_rules":[],"_customer_tiered_pricing_type":"fixed","_customer_tiered_pricing_fixed_rules":[],"_shop_manager_tiered_pricing_type":"fixed","_shop_manager_tiered_pricing_fixed_rules":[],"_wpseo_manager_tiered_pricing_type":"fixed","_wpseo_manager_tiered_pricing_fixed_rules":[],"_wpseo_editor_tiered_pricing_type":"fixed","_wpseo_editor_tiered_pricing_fixed_rules":[],"yoast_head":"<!-- This site is optimized with the Yoast SEO plugin v27.2 - https:\/\/yoast.com\/product\/yoast-seo-wordpress\/ -->\n<title>NYC Diesel Budder - stonersmeds.com<\/title>\n<meta name=\"robots\" content=\"index, follow, max-snippet:-1, max-image-preview:large, max-video-preview:-1\" \/>\n<link rel=\"canonical\" href=\"https:\/\/stonersmeds.com\/de\/shop\/nyc-diesel-budder\/\" \/>\n<meta property=\"og:locale\" content=\"de_DE\" \/>\n<meta property=\"og:type\" content=\"article\" \/>\n<meta property=\"og:title\" content=\"NYC Diesel Budder - stonersmeds.com\" \/>\n<meta property=\"og:description\" content=\"Worldwide shipping  A Concentrate Comprised of 97-99% THC  99% pure THC-A  Contact us\u00a0for bigger orders\" \/>\n<meta property=\"og:url\" content=\"https:\/\/stonersmeds.com\/de\/shop\/nyc-diesel-budder\/\" \/>\n<meta property=\"og:site_name\" content=\"stonersmeds.com\" \/>\n<meta property=\"article:modified_time\" content=\"2026-02-27T12:50:06+00:00\" \/>\n<meta property=\"og:image\" content=\"https:\/\/stonersmeds.com\/wp-content\/uploads\/2022\/03\/Buy-NYC-Diesel-Budder..jpg\" \/>\n\t<meta property=\"og:image:width\" content=\"600\" \/>\n\t<meta property=\"og:image:height\" content=\"600\" \/>\n\t<meta property=\"og:image:type\" content=\"image\/jpeg\" \/>\n<meta name=\"twitter:card\" content=\"summary_large_image\" \/>\n<meta name=\"twitter:label1\" content=\"Verf\u00fcgbarkeit\" \/>\n\t<meta name=\"twitter:data1\" content=\"Auf Lager\" \/>\n<script type=\"application\/ld+json\" class=\"yoast-schema-graph\">{\"@context\":\"https:\/\/schema.org\",\"@graph\":[{\"@type\":\"WebPage\",\"@id\":\"https:\/\/stonersmeds.com\/shop\/nyc-diesel-budder\/\",\"url\":\"https:\/\/stonersmeds.com\/shop\/nyc-diesel-budder\/\",\"name\":\"NYC Diesel Budder - stonersmeds.com\",\"isPartOf\":{\"@id\":\"https:\/\/stonersmeds.com\/#website\"},\"primaryImageOfPage\":{\"@id\":\"https:\/\/stonersmeds.com\/shop\/nyc-diesel-budder\/#primaryimage\"},\"image\":{\"@id\":\"https:\/\/stonersmeds.com\/shop\/nyc-diesel-budder\/#primaryimage\"},\"thumbnailUrl\":\"https:\/\/stonersmeds.com\/wp-content\/uploads\/2022\/03\/Buy-NYC-Diesel-Budder..jpg\",\"datePublished\":\"2022-03-11T19:09:22+00:00\",\"dateModified\":\"2026-02-27T12:50:06+00:00\",\"breadcrumb\":{\"@id\":\"https:\/\/stonersmeds.com\/shop\/nyc-diesel-budder\/#breadcrumb\"},\"inLanguage\":\"de\",\"potentialAction\":[{\"@type\":\"ReadAction\",\"target\":[\"https:\/\/stonersmeds.com\/shop\/nyc-diesel-budder\/\"]}]},{\"@type\":\"ImageObject\",\"inLanguage\":\"de\",\"@id\":\"https:\/\/stonersmeds.com\/shop\/nyc-diesel-budder\/#primaryimage\",\"url\":\"https:\/\/stonersmeds.com\/wp-content\/uploads\/2022\/03\/Buy-NYC-Diesel-Budder..jpg\",\"contentUrl\":\"https:\/\/stonersmeds.com\/wp-content\/uploads\/2022\/03\/Buy-NYC-Diesel-Budder..jpg\",\"width\":600,\"height\":600},{\"@type\":\"BreadcrumbList\",\"@id\":\"https:\/\/stonersmeds.com\/shop\/nyc-diesel-budder\/#breadcrumb\",\"itemListElement\":[{\"@type\":\"ListItem\",\"position\":1,\"name\":\"Home\",\"item\":\"https:\/\/stonersmeds.com\/\"},{\"@type\":\"ListItem\",\"position\":2,\"name\":\"Shop\",\"item\":\"https:\/\/stonersmeds.com\/shop\/\"},{\"@type\":\"ListItem\",\"position\":3,\"name\":\"NYC Diesel Budder\"}]},{\"@type\":\"WebSite\",\"@id\":\"https:\/\/stonersmeds.com\/#website\",\"url\":\"https:\/\/stonersmeds.com\/\",\"name\":\"stonersmeds.com\",\"description\":\"verschreibungspflichtige Medizin kaufen\",\"publisher\":{\"@id\":\"https:\/\/stonersmeds.com\/#organization\"},\"alternateName\":\"Research chemical shop\",\"potentialAction\":[{\"@type\":\"SearchAction\",\"target\":{\"@type\":\"EntryPoint\",\"urlTemplate\":\"https:\/\/stonersmeds.com\/?s={search_term_string}\"},\"query-input\":{\"@type\":\"PropertyValueSpecification\",\"valueRequired\":true,\"valueName\":\"search_term_string\"}}],\"inLanguage\":\"de\"},{\"@type\":\"Organization\",\"@id\":\"https:\/\/stonersmeds.com\/#organization\",\"name\":\"Stonersmeds Shop\",\"url\":\"https:\/\/stonersmeds.com\/\",\"logo\":{\"@type\":\"ImageObject\",\"inLanguage\":\"de\",\"@id\":\"https:\/\/stonersmeds.com\/#\/schema\/logo\/image\/\",\"url\":\"https:\/\/stonersmeds.com\/wp-content\/uploads\/2026\/02\/high-purity-DMT-powder.jpg\",\"contentUrl\":\"https:\/\/stonersmeds.com\/wp-content\/uploads\/2026\/02\/high-purity-DMT-powder.jpg\",\"width\":500,\"height\":500,\"caption\":\"Stonersmeds Shop\"},\"image\":{\"@id\":\"https:\/\/stonersmeds.com\/#\/schema\/logo\/image\/\"}}]}<\/script>\n<meta property=\"og:availability\" content=\"instock\" \/>\n<meta property=\"product:availability\" content=\"instock\" \/>\n<meta property=\"product:condition\" content=\"new\" \/>\n<!-- \/ Yoast SEO plugin. -->","yoast_head_json":{"title":"NYC Diesel Budder - stonersmeds.com","robots":{"index":"index","follow":"follow","max-snippet":"max-snippet:-1","max-image-preview":"max-image-preview:large","max-video-preview":"max-video-preview:-1"},"canonical":"https:\/\/stonersmeds.com\/de\/shop\/nyc-diesel-budder\/","og_locale":"de_DE","og_type":"article","og_title":"NYC Diesel Budder - stonersmeds.com","og_description":"Worldwide shipping  A Concentrate Comprised of 97-99% THC  99% pure THC-A  Contact us\u00a0for bigger orders","og_url":"https:\/\/stonersmeds.com\/de\/shop\/nyc-diesel-budder\/","og_site_name":"stonersmeds.com","article_modified_time":"2026-02-27T12:50:06+00:00","og_image":[{"width":600,"height":600,"url":"https:\/\/stonersmeds.com\/wp-content\/uploads\/2022\/03\/Buy-NYC-Diesel-Budder..jpg","type":"image\/jpeg"}],"twitter_card":"summary_large_image","twitter_misc":{"Verf\u00fcgbarkeit":"Auf Lager"},"schema":{"@context":"https:\/\/schema.org","@graph":[{"@type":"WebPage","@id":"https:\/\/stonersmeds.com\/shop\/nyc-diesel-budder\/","url":"https:\/\/stonersmeds.com\/shop\/nyc-diesel-budder\/","name":"NYC Diesel Budder - stonersmeds.com","isPartOf":{"@id":"https:\/\/stonersmeds.com\/#website"},"primaryImageOfPage":{"@id":"https:\/\/stonersmeds.com\/shop\/nyc-diesel-budder\/#primaryimage"},"image":{"@id":"https:\/\/stonersmeds.com\/shop\/nyc-diesel-budder\/#primaryimage"},"thumbnailUrl":"https:\/\/stonersmeds.com\/wp-content\/uploads\/2022\/03\/Buy-NYC-Diesel-Budder..jpg","datePublished":"2022-03-11T19:09:22+00:00","dateModified":"2026-02-27T12:50:06+00:00","breadcrumb":{"@id":"https:\/\/stonersmeds.com\/shop\/nyc-diesel-budder\/#breadcrumb"},"inLanguage":"de","potentialAction":[{"@type":"ReadAction","target":["https:\/\/stonersmeds.com\/shop\/nyc-diesel-budder\/"]}]},{"@type":"ImageObject","inLanguage":"de","@id":"https:\/\/stonersmeds.com\/shop\/nyc-diesel-budder\/#primaryimage","url":"https:\/\/stonersmeds.com\/wp-content\/uploads\/2022\/03\/Buy-NYC-Diesel-Budder..jpg","contentUrl":"https:\/\/stonersmeds.com\/wp-content\/uploads\/2022\/03\/Buy-NYC-Diesel-Budder..jpg","width":600,"height":600},{"@type":"BreadcrumbList","@id":"https:\/\/stonersmeds.com\/shop\/nyc-diesel-budder\/#breadcrumb","itemListElement":[{"@type":"ListItem","position":1,"name":"Home","item":"https:\/\/stonersmeds.com\/"},{"@type":"ListItem","position":2,"name":"Shop","item":"https:\/\/stonersmeds.com\/shop\/"},{"@type":"ListItem","position":3,"name":"NYC Diesel Budder"}]},{"@type":"WebSite","@id":"https:\/\/stonersmeds.com\/#website","url":"https:\/\/stonersmeds.com\/","name":"stonersmeds.com","description":"verschreibungspflichtige Medizin kaufen","publisher":{"@id":"https:\/\/stonersmeds.com\/#organization"},"alternateName":"Research chemical shop","potentialAction":[{"@type":"SearchAction","target":{"@type":"EntryPoint","urlTemplate":"https:\/\/stonersmeds.com\/?s={search_term_string}"},"query-input":{"@type":"PropertyValueSpecification","valueRequired":true,"valueName":"search_term_string"}}],"inLanguage":"de"},{"@type":"Organization","@id":"https:\/\/stonersmeds.com\/#organization","name":"Stonersmeds Shop","url":"https:\/\/stonersmeds.com\/","logo":{"@type":"ImageObject","inLanguage":"de","@id":"https:\/\/stonersmeds.com\/#\/schema\/logo\/image\/","url":"https:\/\/stonersmeds.com\/wp-content\/uploads\/2026\/02\/high-purity-DMT-powder.jpg","contentUrl":"https:\/\/stonersmeds.com\/wp-content\/uploads\/2026\/02\/high-purity-DMT-powder.jpg","width":500,"height":500,"caption":"Stonersmeds Shop"},"image":{"@id":"https:\/\/stonersmeds.com\/#\/schema\/logo\/image\/"}}]},"og_availability":"instock","product_availability":"instock","product_condition":"new"},"_links":{"self":[{"href":"https:\/\/stonersmeds.com\/de\/wp-json\/wp\/v2\/product\/9705","targetHints":{"allow":["GET"]}}],"collection":[{"href":"https:\/\/stonersmeds.com\/de\/wp-json\/wp\/v2\/product"}],"about":[{"href":"https:\/\/stonersmeds.com\/de\/wp-json\/wp\/v2\/types\/product"}],"replies":[{"embeddable":true,"href":"https:\/\/stonersmeds.com\/de\/wp-json\/wp\/v2\/comments?post=9705"}],"version-history":[{"count":0,"href":"https:\/\/stonersmeds.com\/de\/wp-json\/wp\/v2\/product\/9705\/revisions"}],"wp:featuredmedia":[{"embeddable":true,"href":"https:\/\/stonersmeds.com\/de\/wp-json\/wp\/v2\/media\/9718"}],"wp:attachment":[{"href":"https:\/\/stonersmeds.com\/de\/wp-json\/wp\/v2\/media?parent=9705"}],"wp:term":[{"taxonomy":"product_brand","embeddable":true,"href":"https:\/\/stonersmeds.com\/de\/wp-json\/wp\/v2\/product_brand?post=9705"},{"taxonomy":"product_cat","embeddable":true,"href":"https:\/\/stonersmeds.com\/de\/wp-json\/wp\/v2\/product_cat?post=9705"},{"taxonomy":"product_tag","embeddable":true,"href":"https:\/\/stonersmeds.com\/de\/wp-json\/wp\/v2\/product_tag?post=9705"},{"taxonomy":"product_brands","embeddable":true,"href":"https:\/\/stonersmeds.com\/de\/wp-json\/wp\/v2\/product_brands?post=9705"}],"curies":[{"name":"wp","href":"https:\/\/api.w.org\/{rel}","templated":true}]}}