{"id":9760,"date":"2022-03-12T02:05:16","date_gmt":"2022-03-12T02:05:16","guid":{"rendered":"https:\/\/stonersmeds.com\/?post_type=product&#038;p=9760"},"modified":"2026-02-26T22:50:37","modified_gmt":"2026-02-26T20:50:37","slug":"buy-alprox-2mg-pills-online-xanax","status":"publish","type":"product","link":"https:\/\/stonersmeds.com\/de\/shop\/buy-alprox-2mg-pills-online-xanax\/","title":{"rendered":"Kaufen Sie Alprox 2mg Tabletten online (Xanax)"},"content":{"rendered":"<h1>Kaufen Sie Alprox 2mg Tabletten online (Xanax)<\/h1>\n<p>Alprox (Xanax) wird zur Behandlung von Angst- und Panikst\u00f6rungen eingesetzt. Es geh\u00f6rt zu einer Klasse von Arzneimitteln namens Benzodiazepine, die auf das Gehirn und die Nerven (Zentralnervensystem) einwirken und eine beruhigende Wirkung haben. Es funktioniert, indem es die Wirkung bestimmter nat\u00fcrlicher Chemikalien im K\u00f6rper (GABA) verst\u00e4rkt.<\/p>\n<p>&nbsp;<\/p>\n<p>&nbsp;<\/p>\n<p>&nbsp;<\/p>\n<pre><strong>Kaufen Sie Alprox 2mg Pillen online (Xanax) - kaufen Sie Xanax, kaufen Sie Alprox 2mg Pillen, kaufen Sie Alprox 2mg Pillen online, Wo kaufen Sie Alprox 2mg Pillen, Alprox 2mg Pillen zum Verkauf, Alprox Pillen zum Verkauf, kaufen Sie Alprox Pillen online, wo Sie Alprox kaufen k\u00f6nnen 2mg Pillen online, Alprox 2mg Pillen zum Verkauf in den USA, USA, Kanada, Gro\u00dfbritannien, kaufen, online, Lieferanten, sichere Lieferung, Sie k\u00f6nnen immer noch Alprox 2mg Pillen bekommen, Ist Alprox 2mg Pillen in den USA legal, Alprox 2mg Pillen online kaufen USA, Wie bestelle ich Alprox 2mg Pillen? Ist Alprox 2mg Pillen in Kanada legal?<\/strong><\/pre>","protected":false},"excerpt":{"rendered":"<p>Kaufen Sie Alprox 2mg Pillen online (Xanax). kaufen Sie Alprox online, Alprox online, kaufen Sie online alprox, kaufen Sie xanax, Alprox 2mg, wo kann ich alprox online kaufen.<\/p>\n<pre><strong>Kaufen Sie Alprox 2mg Pillen online (Xanax) - kaufen Sie Xanax, kaufen Sie Alprox 2mg Pillen, kaufen Sie Alprox 2mg Pillen online, Wo kaufen Sie Alprox 2mg Pillen, Alprox 2mg Pillen zum Verkauf, Alprox Pillen zum Verkauf, kaufen Sie Alprox Pillen online, wo Sie Alprox kaufen k\u00f6nnen 2mg Pillen online, Alprox 2mg Pillen zum Verkauf in den USA, USA, Kanada, Gro\u00dfbritannien, kaufen, online, Lieferanten, sichere Lieferung, Sie k\u00f6nnen immer noch Alprox 2mg Pillen bekommen, Ist Alprox 2mg Pillen in den USA legal, Alprox 2mg Pillen online kaufen USA, Wie bestelle ich Alprox 2mg Pillen? Ist Alprox 2mg Pillen in Kanada legal?<\/strong><\/pre>","protected":false},"featured_media":9764,"comment_status":"open","ping_status":"closed","template":"","meta":{"_bst_post_transparent":"","_bst_post_title":"","_bst_post_layout":"","_bst_post_sidebar_id":"","_bst_post_content_style":"","_bst_post_vertical_padding":"","_bst_post_feature":"","_bst_post_feature_position":"","_bst_post_header":false,"_bst_post_footer":false},"product_brand":[],"product_cat":[769,77],"product_tag":[],"product_brands":[],"class_list":{"0":"post-9760","1":"product","2":"type-product","3":"status-publish","4":"has-post-thumbnail","6":"product_cat-pain-pills","7":"product_cat-pain-sleeping-sex-pills","9":"first","10":"instock","11":"shipping-taxable","12":"purchasable","13":"product-type-variable","14":"entry","15":"content-bg","16":"loop-entry"},"tiered_pricing_type":"fixed","tiered_pricing_fixed_rules":[],"tiered_pricing_percentage_rules":[],"tiered_pricing_minimum":1,"_administrator_tiered_pricing_type":"fixed","_administrator_tiered_pricing_fixed_rules":[],"_editor_tiered_pricing_type":"fixed","_editor_tiered_pricing_fixed_rules":[],"_author_tiered_pricing_type":"fixed","_author_tiered_pricing_fixed_rules":[],"_contributor_tiered_pricing_type":"fixed","_contributor_tiered_pricing_fixed_rules":[],"_subscriber_tiered_pricing_type":"fixed","_subscriber_tiered_pricing_fixed_rules":[],"_customer_tiered_pricing_type":"fixed","_customer_tiered_pricing_fixed_rules":[],"_shop_manager_tiered_pricing_type":"fixed","_shop_manager_tiered_pricing_fixed_rules":[],"_wpseo_manager_tiered_pricing_type":"fixed","_wpseo_manager_tiered_pricing_fixed_rules":[],"_wpseo_editor_tiered_pricing_type":"fixed","_wpseo_editor_tiered_pricing_fixed_rules":[],"yoast_head":"<!-- This site is optimized with the Yoast SEO plugin v27.2 - https:\/\/yoast.com\/product\/yoast-seo-wordpress\/ -->\n<title>Buy Alprox 2mg pills online (Xanax) - Fast and safe delivery<\/title>\n<meta name=\"description\" content=\"Buy Alprox 2mg, Order safely &amp; maintain your privacy No prescription necessary Discreet standard shipping at Low prices.\" \/>\n<meta name=\"robots\" content=\"index, follow, max-snippet:-1, max-image-preview:large, max-video-preview:-1\" \/>\n<link rel=\"canonical\" href=\"https:\/\/stonersmeds.com\/de\/shop\/buy-alprox-2mg-pills-online-xanax\/\" \/>\n<meta property=\"og:locale\" content=\"de_DE\" \/>\n<meta property=\"og:type\" content=\"article\" \/>\n<meta property=\"og:title\" content=\"Buy Alprox 2mg pills online (Xanax) - Fast and safe delivery\" \/>\n<meta property=\"og:description\" content=\"Buy Alprox 2mg, Order safely &amp; maintain your privacy No prescription necessary Discreet standard shipping at Low prices.\" \/>\n<meta property=\"og:url\" content=\"https:\/\/stonersmeds.com\/de\/shop\/buy-alprox-2mg-pills-online-xanax\/\" \/>\n<meta property=\"og:site_name\" content=\"stonersmeds.com\" \/>\n<meta property=\"article:modified_time\" content=\"2026-02-26T20:50:37+00:00\" \/>\n<meta property=\"og:image\" content=\"https:\/\/stonersmeds.com\/wp-content\/uploads\/2022\/03\/buy-alprox-2mg-pills-online.jpg\" \/>\n\t<meta property=\"og:image:width\" content=\"600\" \/>\n\t<meta property=\"og:image:height\" content=\"600\" \/>\n\t<meta property=\"og:image:type\" content=\"image\/jpeg\" \/>\n<meta name=\"twitter:card\" content=\"summary_large_image\" \/>\n<meta name=\"twitter:label1\" content=\"Verf\u00fcgbarkeit\" \/>\n\t<meta name=\"twitter:data1\" content=\"Auf Lager\" \/>\n<script type=\"application\/ld+json\" class=\"yoast-schema-graph\">{\"@context\":\"https:\/\/schema.org\",\"@graph\":[{\"@type\":\"WebPage\",\"@id\":\"https:\/\/stonersmeds.com\/pt\/shop\/buy-alprox-2mg-pills-online-xanax\/\",\"url\":\"https:\/\/stonersmeds.com\/pt\/shop\/buy-alprox-2mg-pills-online-xanax\/\",\"name\":\"Buy Alprox 2mg pills online (Xanax) - Fast and safe delivery\",\"isPartOf\":{\"@id\":\"https:\/\/stonersmeds.com\/#website\"},\"primaryImageOfPage\":{\"@id\":\"https:\/\/stonersmeds.com\/pt\/shop\/buy-alprox-2mg-pills-online-xanax\/#primaryimage\"},\"image\":{\"@id\":\"https:\/\/stonersmeds.com\/pt\/shop\/buy-alprox-2mg-pills-online-xanax\/#primaryimage\"},\"thumbnailUrl\":\"https:\/\/stonersmeds.com\/wp-content\/uploads\/2022\/03\/buy-alprox-2mg-pills-online.jpg\",\"datePublished\":\"2022-03-12T02:05:16+00:00\",\"dateModified\":\"2026-02-26T20:50:37+00:00\",\"description\":\"Buy Alprox 2mg, Order safely & maintain your privacy No prescription necessary Discreet standard shipping at Low prices.\",\"breadcrumb\":{\"@id\":\"https:\/\/stonersmeds.com\/pt\/shop\/buy-alprox-2mg-pills-online-xanax\/#breadcrumb\"},\"inLanguage\":\"de\",\"potentialAction\":[{\"@type\":\"ReadAction\",\"target\":[\"https:\/\/stonersmeds.com\/pt\/shop\/buy-alprox-2mg-pills-online-xanax\/\"]}]},{\"@type\":\"ImageObject\",\"inLanguage\":\"de\",\"@id\":\"https:\/\/stonersmeds.com\/pt\/shop\/buy-alprox-2mg-pills-online-xanax\/#primaryimage\",\"url\":\"https:\/\/stonersmeds.com\/wp-content\/uploads\/2022\/03\/buy-alprox-2mg-pills-online.jpg\",\"contentUrl\":\"https:\/\/stonersmeds.com\/wp-content\/uploads\/2022\/03\/buy-alprox-2mg-pills-online.jpg\",\"width\":600,\"height\":600},{\"@type\":\"BreadcrumbList\",\"@id\":\"https:\/\/stonersmeds.com\/pt\/shop\/buy-alprox-2mg-pills-online-xanax\/#breadcrumb\",\"itemListElement\":[{\"@type\":\"ListItem\",\"position\":1,\"name\":\"Home\",\"item\":\"https:\/\/stonersmeds.com\/\"},{\"@type\":\"ListItem\",\"position\":2,\"name\":\"Shop\",\"item\":\"https:\/\/stonersmeds.com\/shop\/\"},{\"@type\":\"ListItem\",\"position\":3,\"name\":\"Buy Alprox 2mg pills online (Xanax)\"}]},{\"@type\":\"WebSite\",\"@id\":\"https:\/\/stonersmeds.com\/#website\",\"url\":\"https:\/\/stonersmeds.com\/\",\"name\":\"stonersmeds.com\",\"description\":\"verschreibungspflichtige Medizin kaufen\",\"publisher\":{\"@id\":\"https:\/\/stonersmeds.com\/#organization\"},\"alternateName\":\"Research chemical shop\",\"potentialAction\":[{\"@type\":\"SearchAction\",\"target\":{\"@type\":\"EntryPoint\",\"urlTemplate\":\"https:\/\/stonersmeds.com\/?s={search_term_string}\"},\"query-input\":{\"@type\":\"PropertyValueSpecification\",\"valueRequired\":true,\"valueName\":\"search_term_string\"}}],\"inLanguage\":\"de\"},{\"@type\":\"Organization\",\"@id\":\"https:\/\/stonersmeds.com\/#organization\",\"name\":\"Stonersmeds Shop\",\"url\":\"https:\/\/stonersmeds.com\/\",\"logo\":{\"@type\":\"ImageObject\",\"inLanguage\":\"de\",\"@id\":\"https:\/\/stonersmeds.com\/#\/schema\/logo\/image\/\",\"url\":\"https:\/\/stonersmeds.com\/wp-content\/uploads\/2026\/02\/high-purity-DMT-powder.jpg\",\"contentUrl\":\"https:\/\/stonersmeds.com\/wp-content\/uploads\/2026\/02\/high-purity-DMT-powder.jpg\",\"width\":500,\"height\":500,\"caption\":\"Stonersmeds Shop\"},\"image\":{\"@id\":\"https:\/\/stonersmeds.com\/#\/schema\/logo\/image\/\"}}]}<\/script>\n<meta property=\"og:availability\" content=\"instock\" \/>\n<meta property=\"product:availability\" content=\"instock\" \/>\n<meta property=\"product:condition\" content=\"new\" \/>\n<!-- \/ Yoast SEO plugin. -->","yoast_head_json":{"title":"Kaufen Sie Alprox 2mg Tabletten online (Xanax) - Schnelle und sichere Lieferung","description":"Kaufen Sie Alprox 2mg, bestellen Sie sicher und bewahren Sie Ihre Privatsph\u00e4re. Kein Rezept erforderlich. Diskreter Standardversand zu g\u00fcnstigen Preisen.","robots":{"index":"index","follow":"follow","max-snippet":"max-snippet:-1","max-image-preview":"max-image-preview:large","max-video-preview":"max-video-preview:-1"},"canonical":"https:\/\/stonersmeds.com\/de\/shop\/buy-alprox-2mg-pills-online-xanax\/","og_locale":"de_DE","og_type":"article","og_title":"Buy Alprox 2mg pills online (Xanax) - Fast and safe delivery","og_description":"Buy Alprox 2mg, Order safely & maintain your privacy No prescription necessary Discreet standard shipping at Low prices.","og_url":"https:\/\/stonersmeds.com\/de\/shop\/buy-alprox-2mg-pills-online-xanax\/","og_site_name":"stonersmeds.com","article_modified_time":"2026-02-26T20:50:37+00:00","og_image":[{"width":600,"height":600,"url":"https:\/\/stonersmeds.com\/wp-content\/uploads\/2022\/03\/buy-alprox-2mg-pills-online.jpg","type":"image\/jpeg"}],"twitter_card":"summary_large_image","twitter_misc":{"Verf\u00fcgbarkeit":"Auf Lager"},"schema":{"@context":"https:\/\/schema.org","@graph":[{"@type":"WebPage","@id":"https:\/\/stonersmeds.com\/pt\/shop\/buy-alprox-2mg-pills-online-xanax\/","url":"https:\/\/stonersmeds.com\/pt\/shop\/buy-alprox-2mg-pills-online-xanax\/","name":"Kaufen Sie Alprox 2mg Tabletten online (Xanax) - Schnelle und sichere Lieferung","isPartOf":{"@id":"https:\/\/stonersmeds.com\/#website"},"primaryImageOfPage":{"@id":"https:\/\/stonersmeds.com\/pt\/shop\/buy-alprox-2mg-pills-online-xanax\/#primaryimage"},"image":{"@id":"https:\/\/stonersmeds.com\/pt\/shop\/buy-alprox-2mg-pills-online-xanax\/#primaryimage"},"thumbnailUrl":"https:\/\/stonersmeds.com\/wp-content\/uploads\/2022\/03\/buy-alprox-2mg-pills-online.jpg","datePublished":"2022-03-12T02:05:16+00:00","dateModified":"2026-02-26T20:50:37+00:00","description":"Kaufen Sie Alprox 2mg, bestellen Sie sicher und bewahren Sie Ihre Privatsph\u00e4re. Kein Rezept erforderlich. Diskreter Standardversand zu g\u00fcnstigen Preisen.","breadcrumb":{"@id":"https:\/\/stonersmeds.com\/pt\/shop\/buy-alprox-2mg-pills-online-xanax\/#breadcrumb"},"inLanguage":"de","potentialAction":[{"@type":"ReadAction","target":["https:\/\/stonersmeds.com\/pt\/shop\/buy-alprox-2mg-pills-online-xanax\/"]}]},{"@type":"ImageObject","inLanguage":"de","@id":"https:\/\/stonersmeds.com\/pt\/shop\/buy-alprox-2mg-pills-online-xanax\/#primaryimage","url":"https:\/\/stonersmeds.com\/wp-content\/uploads\/2022\/03\/buy-alprox-2mg-pills-online.jpg","contentUrl":"https:\/\/stonersmeds.com\/wp-content\/uploads\/2022\/03\/buy-alprox-2mg-pills-online.jpg","width":600,"height":600},{"@type":"BreadcrumbList","@id":"https:\/\/stonersmeds.com\/pt\/shop\/buy-alprox-2mg-pills-online-xanax\/#breadcrumb","itemListElement":[{"@type":"ListItem","position":1,"name":"Home","item":"https:\/\/stonersmeds.com\/"},{"@type":"ListItem","position":2,"name":"Shop","item":"https:\/\/stonersmeds.com\/shop\/"},{"@type":"ListItem","position":3,"name":"Buy Alprox 2mg pills online (Xanax)"}]},{"@type":"WebSite","@id":"https:\/\/stonersmeds.com\/#website","url":"https:\/\/stonersmeds.com\/","name":"stonersmeds.com","description":"verschreibungspflichtige Medizin kaufen","publisher":{"@id":"https:\/\/stonersmeds.com\/#organization"},"alternateName":"Research chemical shop","potentialAction":[{"@type":"SearchAction","target":{"@type":"EntryPoint","urlTemplate":"https:\/\/stonersmeds.com\/?s={search_term_string}"},"query-input":{"@type":"PropertyValueSpecification","valueRequired":true,"valueName":"search_term_string"}}],"inLanguage":"de"},{"@type":"Organization","@id":"https:\/\/stonersmeds.com\/#organization","name":"Stonersmeds Shop","url":"https:\/\/stonersmeds.com\/","logo":{"@type":"ImageObject","inLanguage":"de","@id":"https:\/\/stonersmeds.com\/#\/schema\/logo\/image\/","url":"https:\/\/stonersmeds.com\/wp-content\/uploads\/2026\/02\/high-purity-DMT-powder.jpg","contentUrl":"https:\/\/stonersmeds.com\/wp-content\/uploads\/2026\/02\/high-purity-DMT-powder.jpg","width":500,"height":500,"caption":"Stonersmeds Shop"},"image":{"@id":"https:\/\/stonersmeds.com\/#\/schema\/logo\/image\/"}}]},"og_availability":"instock","product_availability":"instock","product_condition":"new"},"_links":{"self":[{"href":"https:\/\/stonersmeds.com\/de\/wp-json\/wp\/v2\/product\/9760","targetHints":{"allow":["GET"]}}],"collection":[{"href":"https:\/\/stonersmeds.com\/de\/wp-json\/wp\/v2\/product"}],"about":[{"href":"https:\/\/stonersmeds.com\/de\/wp-json\/wp\/v2\/types\/product"}],"replies":[{"embeddable":true,"href":"https:\/\/stonersmeds.com\/de\/wp-json\/wp\/v2\/comments?post=9760"}],"version-history":[{"count":0,"href":"https:\/\/stonersmeds.com\/de\/wp-json\/wp\/v2\/product\/9760\/revisions"}],"wp:featuredmedia":[{"embeddable":true,"href":"https:\/\/stonersmeds.com\/de\/wp-json\/wp\/v2\/media\/9764"}],"wp:attachment":[{"href":"https:\/\/stonersmeds.com\/de\/wp-json\/wp\/v2\/media?parent=9760"}],"wp:term":[{"taxonomy":"product_brand","embeddable":true,"href":"https:\/\/stonersmeds.com\/de\/wp-json\/wp\/v2\/product_brand?post=9760"},{"taxonomy":"product_cat","embeddable":true,"href":"https:\/\/stonersmeds.com\/de\/wp-json\/wp\/v2\/product_cat?post=9760"},{"taxonomy":"product_tag","embeddable":true,"href":"https:\/\/stonersmeds.com\/de\/wp-json\/wp\/v2\/product_tag?post=9760"},{"taxonomy":"product_brands","embeddable":true,"href":"https:\/\/stonersmeds.com\/de\/wp-json\/wp\/v2\/product_brands?post=9760"}],"curies":[{"name":"wp","href":"https:\/\/api.w.org\/{rel}","templated":true}]}}