{"id":9847,"date":"2022-03-12T02:48:11","date_gmt":"2022-03-12T02:48:11","guid":{"rendered":"https:\/\/stonersmeds.com\/?post_type=product&#038;p=9847"},"modified":"2026-02-26T15:30:04","modified_gmt":"2026-02-26T13:30:04","slug":"buy-hydrocodone-10-325mg-online","status":"publish","type":"product","link":"https:\/\/stonersmeds.com\/de\/shop\/buy-hydrocodone-10-325mg-online\/","title":{"rendered":"Kaufen Sie Hydrocodon 10\/325mg online"},"content":{"rendered":"<h1>Kaufen Sie Hydrocodon 10\/325mg online.<\/h1>\n<p>Hydrocodon Bitartrat Paracetamol Hydrocodon online kaufen W\u00e4hrend der Einnahme von Hydrocodon sollten Sie mit Ihrem Arzt \u00fcber ein leicht erh\u00e4ltliches lebensrettendes Medikament namens Naloxon sprechen (z. B. zu Hause oder in der Praxis). Naloxon wird eingesetzt, um die Wirkung einer lebensbedrohlichen \u00dcberdosis umzukehren. Es blockiert die Wirkung von Opiaten und lindert so die sch\u00e4dlichen Symptome, die durch hohe Opiatkonzentrationen im Blut verursacht werden. Ihr Arzt kann Ihnen auch Naloxon verschreiben, wenn Sie in einem Haushalt mit kleinen Kindern leben oder wenn Sie Stra\u00dfen- oder verschreibungspflichtige Drogen missbraucht haben. Sie m\u00fcssen sicherstellen, dass Sie und Ihre Familienangeh\u00f6rigen, Betreuer oder Personen, mit denen Sie Zeit verbringen, wissen, wie man eine \u00dcberdosis erkennt, wie man Naloxon einnimmt und was zu tun ist, bis ein medizinischer Notdienst eintrifft. Ihr Arzt oder Apotheker wird Ihnen und Ihren Familienmitgliedern zeigen, wie Sie dieses Arzneimittel anwenden. Fragen Sie Ihren Apotheker oder besuchen Sie die Website des Herstellers, um Anweisungen zu erhalten. Wenn Symptome einer \u00dcberdosierung auftreten, sollte ein Freund oder ein Familienmitglied Ihnen die erste Dosis Naloxon geben und Sie begleiten und Sie engmaschig \u00fcberwachen, bis ein Krankenwagen eintrifft. Ihre Symptome k\u00f6nnen innerhalb weniger Minuten nach der Einnahme von Naloxon zur\u00fcckkehren. Wenn die Symptome wieder auftreten, sollte die Person, die Sie betreut, Ihnen eine weitere Dosis Naloxon verabreichen. Weitere Dosen k\u00f6nnen alle 2 bis 3 Minuten verabreicht werden, wenn die Symptome erneut auftreten, bevor medizinische Hilfe verf\u00fcgbar ist.<\/p>","protected":false},"excerpt":{"rendered":"<p>Hydrocodon 10\/325mg online kaufen. Es ist in der FDA-Schwangerschaftsklasse B: seine Auswirkung auf einen beginnenden Organismus oder ein Baby ist nicht eindeutig bekannt und schwangere Frauen sollten ihren Arzt konsultieren, bevor sie es einnehmen<\/p>\n<p>&nbsp;<\/p>\n<pre><strong>Hydrocodone 10\/325mg online kaufen - Hydrocodone kaufen, Hydrocodone 10\/325mg kaufen, Hydrocodone online kaufen, Hydrocodone 10\/325mg kaufen, Hydrocodone 10\/325mg zum Verkauf, Hydrocodone zum Verkauf, Hydrocodone 325mg online kaufen, Hydrocodone 10\/ kaufen 325 mg online, Hydrocodone 10\/325 mg zum Verkauf in den USA, USA, Kanada, Gro\u00dfbritannien, kaufen, online, Lieferanten, sichere Lieferung, Sie k\u00f6nnen immer noch Hydrocodone 10\/325 mg erhalten, ist Hydrocodone 10\/325 mg in den USA legal, kaufen Sie Hydrocodone 10\/325 mg online usa, wie man hydrocodone 10\/325mg bestellt, ist hydrocodone 10\/325mg in kanada legal<\/strong><\/pre>","protected":false},"featured_media":9851,"comment_status":"open","ping_status":"closed","template":"","meta":{"_bst_post_transparent":"","_bst_post_title":"","_bst_post_layout":"","_bst_post_sidebar_id":"","_bst_post_content_style":"","_bst_post_vertical_padding":"","_bst_post_feature":"","_bst_post_feature_position":"","_bst_post_header":false,"_bst_post_footer":false},"product_brand":[],"product_cat":[769,77],"product_tag":[1014,1249,1248,1009,1013,1016,1015,1017],"product_brands":[],"class_list":{"0":"post-9847","1":"product","2":"type-product","3":"status-publish","4":"has-post-thumbnail","6":"product_cat-pain-pills","7":"product_cat-pain-sleeping-sex-pills","8":"product_tag-cost-of-hydrocodone-10-325","9":"product_tag-hydrocodone-acetaminophen-7-325-cost","10":"product_tag-hydrocodone-cost-without-insurance","11":"product_tag-hydrocodone-for-dogs-cost","12":"product_tag-hydrocodone-street-price","13":"product_tag-price-of-hydrocodone-10-325","14":"product_tag-price-of-hydrocodone-acetaminophen","15":"product_tag-street-price-hydrocodone-10-325","17":"first","18":"instock","19":"shipping-taxable","20":"purchasable","21":"product-type-variable","22":"entry","23":"content-bg","24":"loop-entry"},"tiered_pricing_type":"fixed","tiered_pricing_fixed_rules":[],"tiered_pricing_percentage_rules":[],"tiered_pricing_minimum":1,"_administrator_tiered_pricing_type":"fixed","_administrator_tiered_pricing_fixed_rules":[],"_editor_tiered_pricing_type":"fixed","_editor_tiered_pricing_fixed_rules":[],"_author_tiered_pricing_type":"fixed","_author_tiered_pricing_fixed_rules":[],"_contributor_tiered_pricing_type":"fixed","_contributor_tiered_pricing_fixed_rules":[],"_subscriber_tiered_pricing_type":"fixed","_subscriber_tiered_pricing_fixed_rules":[],"_customer_tiered_pricing_type":"fixed","_customer_tiered_pricing_fixed_rules":[],"_shop_manager_tiered_pricing_type":"fixed","_shop_manager_tiered_pricing_fixed_rules":[],"_wpseo_manager_tiered_pricing_type":"fixed","_wpseo_manager_tiered_pricing_fixed_rules":[],"_wpseo_editor_tiered_pricing_type":"fixed","_wpseo_editor_tiered_pricing_fixed_rules":[],"yoast_head":"<!-- This site is optimized with the Yoast SEO plugin v27.2 - https:\/\/yoast.com\/product\/yoast-seo-wordpress\/ -->\n<title>Buy Hydrocodone 10\/325mg online - Fast delivery worldwide<\/title>\n<meta name=\"description\" content=\"Buy Hydrocodone 10\/325mg, Order safely &amp; maintain your privacy No prescription necessary Discreet standard shipping at Low prices.\" \/>\n<meta name=\"robots\" content=\"index, follow, max-snippet:-1, max-image-preview:large, max-video-preview:-1\" \/>\n<link rel=\"canonical\" href=\"https:\/\/stonersmeds.com\/de\/shop\/buy-hydrocodone-10-325mg-online\/\" \/>\n<meta property=\"og:locale\" content=\"de_DE\" \/>\n<meta property=\"og:type\" content=\"article\" \/>\n<meta property=\"og:title\" content=\"Buy Hydrocodone 10\/325mg online - Fast delivery worldwide\" \/>\n<meta property=\"og:description\" content=\"Buy Hydrocodone 10\/325mg, Order safely &amp; maintain your privacy No prescription necessary Discreet standard shipping at Low prices.\" \/>\n<meta property=\"og:url\" content=\"https:\/\/stonersmeds.com\/de\/shop\/buy-hydrocodone-10-325mg-online\/\" \/>\n<meta property=\"og:site_name\" content=\"stonersmeds.com\" \/>\n<meta property=\"article:modified_time\" content=\"2026-02-26T13:30:04+00:00\" \/>\n<meta property=\"og:image\" content=\"https:\/\/stonersmeds.com\/wp-content\/uploads\/2022\/03\/buy-hydrocodone-10-325mg-online.jpg\" \/>\n\t<meta property=\"og:image:width\" content=\"600\" \/>\n\t<meta property=\"og:image:height\" content=\"600\" \/>\n\t<meta property=\"og:image:type\" content=\"image\/jpeg\" \/>\n<meta name=\"twitter:card\" content=\"summary_large_image\" \/>\n<meta name=\"twitter:label1\" content=\"Verf\u00fcgbarkeit\" \/>\n\t<meta name=\"twitter:data1\" content=\"Auf Lager\" \/>\n<script type=\"application\/ld+json\" class=\"yoast-schema-graph\">{\"@context\":\"https:\/\/schema.org\",\"@graph\":[{\"@type\":\"WebPage\",\"@id\":\"https:\/\/stonersmeds.com\/sk\/shop\/buy-hydrocodone-10-325mg-online\/\",\"url\":\"https:\/\/stonersmeds.com\/sk\/shop\/buy-hydrocodone-10-325mg-online\/\",\"name\":\"Buy Hydrocodone 10\/325mg online - Fast delivery worldwide\",\"isPartOf\":{\"@id\":\"https:\/\/stonersmeds.com\/#website\"},\"primaryImageOfPage\":{\"@id\":\"https:\/\/stonersmeds.com\/sk\/shop\/buy-hydrocodone-10-325mg-online\/#primaryimage\"},\"image\":{\"@id\":\"https:\/\/stonersmeds.com\/sk\/shop\/buy-hydrocodone-10-325mg-online\/#primaryimage\"},\"thumbnailUrl\":\"https:\/\/stonersmeds.com\/wp-content\/uploads\/2022\/03\/buy-hydrocodone-10-325mg-online.jpg\",\"datePublished\":\"2022-03-12T02:48:11+00:00\",\"dateModified\":\"2026-02-26T13:30:04+00:00\",\"description\":\"Buy Hydrocodone 10\/325mg, Order safely & maintain your privacy No prescription necessary Discreet standard shipping at Low prices.\",\"breadcrumb\":{\"@id\":\"https:\/\/stonersmeds.com\/sk\/shop\/buy-hydrocodone-10-325mg-online\/#breadcrumb\"},\"inLanguage\":\"de\",\"potentialAction\":[{\"@type\":\"ReadAction\",\"target\":[\"https:\/\/stonersmeds.com\/sk\/shop\/buy-hydrocodone-10-325mg-online\/\"]}]},{\"@type\":\"ImageObject\",\"inLanguage\":\"de\",\"@id\":\"https:\/\/stonersmeds.com\/sk\/shop\/buy-hydrocodone-10-325mg-online\/#primaryimage\",\"url\":\"https:\/\/stonersmeds.com\/wp-content\/uploads\/2022\/03\/buy-hydrocodone-10-325mg-online.jpg\",\"contentUrl\":\"https:\/\/stonersmeds.com\/wp-content\/uploads\/2022\/03\/buy-hydrocodone-10-325mg-online.jpg\",\"width\":600,\"height\":600},{\"@type\":\"BreadcrumbList\",\"@id\":\"https:\/\/stonersmeds.com\/sk\/shop\/buy-hydrocodone-10-325mg-online\/#breadcrumb\",\"itemListElement\":[{\"@type\":\"ListItem\",\"position\":1,\"name\":\"Home\",\"item\":\"https:\/\/stonersmeds.com\/\"},{\"@type\":\"ListItem\",\"position\":2,\"name\":\"Shop\",\"item\":\"https:\/\/stonersmeds.com\/shop\/\"},{\"@type\":\"ListItem\",\"position\":3,\"name\":\"Buy Hydrocodone 10\/325mg online\"}]},{\"@type\":\"WebSite\",\"@id\":\"https:\/\/stonersmeds.com\/#website\",\"url\":\"https:\/\/stonersmeds.com\/\",\"name\":\"stonersmeds.com\",\"description\":\"verschreibungspflichtige Medizin kaufen\",\"publisher\":{\"@id\":\"https:\/\/stonersmeds.com\/#organization\"},\"alternateName\":\"Research chemical shop\",\"potentialAction\":[{\"@type\":\"SearchAction\",\"target\":{\"@type\":\"EntryPoint\",\"urlTemplate\":\"https:\/\/stonersmeds.com\/?s={search_term_string}\"},\"query-input\":{\"@type\":\"PropertyValueSpecification\",\"valueRequired\":true,\"valueName\":\"search_term_string\"}}],\"inLanguage\":\"de\"},{\"@type\":\"Organization\",\"@id\":\"https:\/\/stonersmeds.com\/#organization\",\"name\":\"Stonersmeds Shop\",\"url\":\"https:\/\/stonersmeds.com\/\",\"logo\":{\"@type\":\"ImageObject\",\"inLanguage\":\"de\",\"@id\":\"https:\/\/stonersmeds.com\/#\/schema\/logo\/image\/\",\"url\":\"https:\/\/stonersmeds.com\/wp-content\/uploads\/2026\/02\/high-purity-DMT-powder.jpg\",\"contentUrl\":\"https:\/\/stonersmeds.com\/wp-content\/uploads\/2026\/02\/high-purity-DMT-powder.jpg\",\"width\":500,\"height\":500,\"caption\":\"Stonersmeds Shop\"},\"image\":{\"@id\":\"https:\/\/stonersmeds.com\/#\/schema\/logo\/image\/\"}}]}<\/script>\n<meta property=\"og:availability\" content=\"instock\" \/>\n<meta property=\"product:availability\" content=\"instock\" \/>\n<meta property=\"product:condition\" content=\"new\" \/>\n<!-- \/ Yoast SEO plugin. -->","yoast_head_json":{"title":"Kaufen Sie Hydrocodone 10\/325mg online - Schnelle Lieferung weltweit","description":"Kaufen Sie Hydrocodone 10\/325mg, bestellen Sie sicher und bewahren Sie Ihre Privatsph\u00e4re. Kein Rezept erforderlich. Diskreter Standardversand zu g\u00fcnstigen Preisen.","robots":{"index":"index","follow":"follow","max-snippet":"max-snippet:-1","max-image-preview":"max-image-preview:large","max-video-preview":"max-video-preview:-1"},"canonical":"https:\/\/stonersmeds.com\/de\/shop\/buy-hydrocodone-10-325mg-online\/","og_locale":"de_DE","og_type":"article","og_title":"Buy Hydrocodone 10\/325mg online - Fast delivery worldwide","og_description":"Buy Hydrocodone 10\/325mg, Order safely & maintain your privacy No prescription necessary Discreet standard shipping at Low prices.","og_url":"https:\/\/stonersmeds.com\/de\/shop\/buy-hydrocodone-10-325mg-online\/","og_site_name":"stonersmeds.com","article_modified_time":"2026-02-26T13:30:04+00:00","og_image":[{"width":600,"height":600,"url":"https:\/\/stonersmeds.com\/wp-content\/uploads\/2022\/03\/buy-hydrocodone-10-325mg-online.jpg","type":"image\/jpeg"}],"twitter_card":"summary_large_image","twitter_misc":{"Verf\u00fcgbarkeit":"Auf Lager"},"schema":{"@context":"https:\/\/schema.org","@graph":[{"@type":"WebPage","@id":"https:\/\/stonersmeds.com\/sk\/shop\/buy-hydrocodone-10-325mg-online\/","url":"https:\/\/stonersmeds.com\/sk\/shop\/buy-hydrocodone-10-325mg-online\/","name":"Kaufen Sie Hydrocodone 10\/325mg online - Schnelle Lieferung weltweit","isPartOf":{"@id":"https:\/\/stonersmeds.com\/#website"},"primaryImageOfPage":{"@id":"https:\/\/stonersmeds.com\/sk\/shop\/buy-hydrocodone-10-325mg-online\/#primaryimage"},"image":{"@id":"https:\/\/stonersmeds.com\/sk\/shop\/buy-hydrocodone-10-325mg-online\/#primaryimage"},"thumbnailUrl":"https:\/\/stonersmeds.com\/wp-content\/uploads\/2022\/03\/buy-hydrocodone-10-325mg-online.jpg","datePublished":"2022-03-12T02:48:11+00:00","dateModified":"2026-02-26T13:30:04+00:00","description":"Kaufen Sie Hydrocodone 10\/325mg, bestellen Sie sicher und bewahren Sie Ihre Privatsph\u00e4re. Kein Rezept erforderlich. Diskreter Standardversand zu g\u00fcnstigen Preisen.","breadcrumb":{"@id":"https:\/\/stonersmeds.com\/sk\/shop\/buy-hydrocodone-10-325mg-online\/#breadcrumb"},"inLanguage":"de","potentialAction":[{"@type":"ReadAction","target":["https:\/\/stonersmeds.com\/sk\/shop\/buy-hydrocodone-10-325mg-online\/"]}]},{"@type":"ImageObject","inLanguage":"de","@id":"https:\/\/stonersmeds.com\/sk\/shop\/buy-hydrocodone-10-325mg-online\/#primaryimage","url":"https:\/\/stonersmeds.com\/wp-content\/uploads\/2022\/03\/buy-hydrocodone-10-325mg-online.jpg","contentUrl":"https:\/\/stonersmeds.com\/wp-content\/uploads\/2022\/03\/buy-hydrocodone-10-325mg-online.jpg","width":600,"height":600},{"@type":"BreadcrumbList","@id":"https:\/\/stonersmeds.com\/sk\/shop\/buy-hydrocodone-10-325mg-online\/#breadcrumb","itemListElement":[{"@type":"ListItem","position":1,"name":"Home","item":"https:\/\/stonersmeds.com\/"},{"@type":"ListItem","position":2,"name":"Shop","item":"https:\/\/stonersmeds.com\/shop\/"},{"@type":"ListItem","position":3,"name":"Buy Hydrocodone 10\/325mg online"}]},{"@type":"WebSite","@id":"https:\/\/stonersmeds.com\/#website","url":"https:\/\/stonersmeds.com\/","name":"stonersmeds.com","description":"verschreibungspflichtige Medizin kaufen","publisher":{"@id":"https:\/\/stonersmeds.com\/#organization"},"alternateName":"Research chemical shop","potentialAction":[{"@type":"SearchAction","target":{"@type":"EntryPoint","urlTemplate":"https:\/\/stonersmeds.com\/?s={search_term_string}"},"query-input":{"@type":"PropertyValueSpecification","valueRequired":true,"valueName":"search_term_string"}}],"inLanguage":"de"},{"@type":"Organization","@id":"https:\/\/stonersmeds.com\/#organization","name":"Stonersmeds Shop","url":"https:\/\/stonersmeds.com\/","logo":{"@type":"ImageObject","inLanguage":"de","@id":"https:\/\/stonersmeds.com\/#\/schema\/logo\/image\/","url":"https:\/\/stonersmeds.com\/wp-content\/uploads\/2026\/02\/high-purity-DMT-powder.jpg","contentUrl":"https:\/\/stonersmeds.com\/wp-content\/uploads\/2026\/02\/high-purity-DMT-powder.jpg","width":500,"height":500,"caption":"Stonersmeds Shop"},"image":{"@id":"https:\/\/stonersmeds.com\/#\/schema\/logo\/image\/"}}]},"og_availability":"instock","product_availability":"instock","product_condition":"new"},"_links":{"self":[{"href":"https:\/\/stonersmeds.com\/de\/wp-json\/wp\/v2\/product\/9847","targetHints":{"allow":["GET"]}}],"collection":[{"href":"https:\/\/stonersmeds.com\/de\/wp-json\/wp\/v2\/product"}],"about":[{"href":"https:\/\/stonersmeds.com\/de\/wp-json\/wp\/v2\/types\/product"}],"replies":[{"embeddable":true,"href":"https:\/\/stonersmeds.com\/de\/wp-json\/wp\/v2\/comments?post=9847"}],"version-history":[{"count":0,"href":"https:\/\/stonersmeds.com\/de\/wp-json\/wp\/v2\/product\/9847\/revisions"}],"wp:featuredmedia":[{"embeddable":true,"href":"https:\/\/stonersmeds.com\/de\/wp-json\/wp\/v2\/media\/9851"}],"wp:attachment":[{"href":"https:\/\/stonersmeds.com\/de\/wp-json\/wp\/v2\/media?parent=9847"}],"wp:term":[{"taxonomy":"product_brand","embeddable":true,"href":"https:\/\/stonersmeds.com\/de\/wp-json\/wp\/v2\/product_brand?post=9847"},{"taxonomy":"product_cat","embeddable":true,"href":"https:\/\/stonersmeds.com\/de\/wp-json\/wp\/v2\/product_cat?post=9847"},{"taxonomy":"product_tag","embeddable":true,"href":"https:\/\/stonersmeds.com\/de\/wp-json\/wp\/v2\/product_tag?post=9847"},{"taxonomy":"product_brands","embeddable":true,"href":"https:\/\/stonersmeds.com\/de\/wp-json\/wp\/v2\/product_brands?post=9847"}],"curies":[{"name":"wp","href":"https:\/\/api.w.org\/{rel}","templated":true}]}}