{"id":9987,"date":"2022-03-12T03:56:51","date_gmt":"2022-03-12T03:56:51","guid":{"rendered":"https:\/\/stonersmeds.com\/?post_type=product&#038;p=9987"},"modified":"2026-03-01T02:10:09","modified_gmt":"2026-03-01T00:10:09","slug":"buy-oxycodone-80mg-pills-online","status":"publish","type":"product","link":"https:\/\/stonersmeds.com\/de\/shop\/buy-oxycodone-80mg-pills-online\/","title":{"rendered":"Kaufen Sie Oxycodon 80 mg Tabletten online"},"content":{"rendered":"<h1>Oxycodon 80mg Pillen online kaufen.<\/h1>\n<p>Oxycodon 80mg Pillen online kaufen. Oxycodone 40mg Pillen auch verf\u00fcgbar. Kaufen Sie die beste Qualit\u00e4t Pillen von uns.<\/p>\n<p>Oxycodon ist f\u00fcr die Behandlung von m\u00e4\u00dfigen bis starken Schmerzen angezeigt. Kennzeichnung Es gibt auch Formulierungen mit verz\u00f6gerter Wirkstofffreisetzung f\u00fcr m\u00e4\u00dfige bis starke chronische Schmerzen, die lang wirkende Opioid-Analgetika erfordern.<\/p>\n<p>&nbsp;<\/p>\n<p>&nbsp;<\/p>\n<pre><strong>Oxycodone 80mg Pillen online kaufen - Oxycodone kaufen, Oxycodone 80mg Pillen kaufen, Oxycodone Pillen online kaufen, Wo kann man Oxycodone 80mg Pillen kaufen, Oxycodone 80mg Pillen zum Verkauf, Oxycodone Pillen zum Verkauf, Oxycodone 80mg online kaufen, Wo kann man Oxycodone 80mg Pillen online kaufen, Oxycodone 80mg pills for sale in usa , USA, canada,uk, buy, online, suppliers, safe delivery, You can still get Oxycodone 80mg pills , Is Oxycodone 80mg pills legal in usa, buy Oxycodone 80mg pills online usa, how to order Oxycodone 80mg pills , Is Oxycodone 80mg pills legal in Canada<\/strong><\/pre>","protected":false},"excerpt":{"rendered":"<p>Kaufen Sie Oxycodone 80mg Pillen online. \u00fcber den Ladentisch Schlaftabletten, um Pillen online, Steroide Pillen zum Verkauf, starke Schlaftabletten, Schmerzlinderung Medikamente, Online-Apotheke Gro\u00dfbritannien.<\/p>\n<pre><\/pre>","protected":false},"featured_media":9997,"comment_status":"open","ping_status":"closed","template":"","meta":{"_bst_post_transparent":"","_bst_post_title":"","_bst_post_layout":"","_bst_post_sidebar_id":"","_bst_post_content_style":"","_bst_post_vertical_padding":"","_bst_post_feature":"","_bst_post_feature_position":"","_bst_post_header":false,"_bst_post_footer":false},"product_brand":[],"product_cat":[769,77],"product_tag":[1060,1058,1056,1055,1054,1059,1053,1057],"product_brands":[],"class_list":{"0":"post-9987","1":"product","2":"type-product","3":"status-publish","4":"has-post-thumbnail","6":"product_cat-pain-pills","7":"product_cat-pain-sleeping-sex-pills","8":"product_tag-10-mg-oxycontin","9":"product_tag-10-mg-percocet-high","10":"product_tag-10-milligram-oxycodone-pictures","11":"product_tag-how-strong-is-oxycodone-10","12":"product_tag-need-a-prescription-for-oxycodone","13":"product_tag-oxycodone-10-milligram-pink","14":"product_tag-oxycodone-15mg-pills-for-sale","15":"product_tag-picture-of-oxycontin-10-mg","17":"first","18":"instock","19":"shipping-taxable","20":"purchasable","21":"product-type-variable","22":"entry","23":"content-bg","24":"loop-entry"},"tiered_pricing_type":"fixed","tiered_pricing_fixed_rules":[],"tiered_pricing_percentage_rules":[],"tiered_pricing_minimum":1,"_administrator_tiered_pricing_type":"fixed","_administrator_tiered_pricing_fixed_rules":[],"_editor_tiered_pricing_type":"fixed","_editor_tiered_pricing_fixed_rules":[],"_author_tiered_pricing_type":"fixed","_author_tiered_pricing_fixed_rules":[],"_contributor_tiered_pricing_type":"fixed","_contributor_tiered_pricing_fixed_rules":[],"_subscriber_tiered_pricing_type":"fixed","_subscriber_tiered_pricing_fixed_rules":[],"_customer_tiered_pricing_type":"fixed","_customer_tiered_pricing_fixed_rules":[],"_shop_manager_tiered_pricing_type":"fixed","_shop_manager_tiered_pricing_fixed_rules":[],"_wpseo_manager_tiered_pricing_type":"fixed","_wpseo_manager_tiered_pricing_fixed_rules":[],"_wpseo_editor_tiered_pricing_type":"fixed","_wpseo_editor_tiered_pricing_fixed_rules":[],"yoast_head":"<!-- This site is optimized with the Yoast SEO plugin v27.2 - https:\/\/yoast.com\/product\/yoast-seo-wordpress\/ -->\n<title>Buy Oxycodone 80mg pills online - stonersmeds.com<\/title>\n<meta name=\"description\" content=\"Buy Oxycodone 80mg pills online shipping worldwide, fast, tracked and safe delivery. Order now and get in 2 days\" \/>\n<meta name=\"robots\" content=\"index, follow, max-snippet:-1, max-image-preview:large, max-video-preview:-1\" \/>\n<link rel=\"canonical\" href=\"https:\/\/stonersmeds.com\/de\/shop\/buy-oxycodone-80mg-pills-online\/\" \/>\n<meta property=\"og:locale\" content=\"de_DE\" \/>\n<meta property=\"og:type\" content=\"article\" \/>\n<meta property=\"og:title\" content=\"Buy Oxycodone 80mg pills online - stonersmeds.com\" \/>\n<meta property=\"og:description\" content=\"Buy Oxycodone 80mg pills online shipping worldwide, fast, tracked and safe delivery. Order now and get in 2 days\" \/>\n<meta property=\"og:url\" content=\"https:\/\/stonersmeds.com\/de\/shop\/buy-oxycodone-80mg-pills-online\/\" \/>\n<meta property=\"og:site_name\" content=\"stonersmeds.com\" \/>\n<meta property=\"article:modified_time\" content=\"2026-03-01T00:10:09+00:00\" \/>\n<meta property=\"og:image\" content=\"https:\/\/stonersmeds.com\/wp-content\/uploads\/2022\/03\/buy-oxycodone-80mg-pills-online.jpg\" \/>\n\t<meta property=\"og:image:width\" content=\"600\" \/>\n\t<meta property=\"og:image:height\" content=\"600\" \/>\n\t<meta property=\"og:image:type\" content=\"image\/jpeg\" \/>\n<meta name=\"twitter:card\" content=\"summary_large_image\" \/>\n<meta name=\"twitter:label1\" content=\"Verf\u00fcgbarkeit\" \/>\n\t<meta name=\"twitter:data1\" content=\"Auf Lager\" \/>\n<script type=\"application\/ld+json\" class=\"yoast-schema-graph\">{\"@context\":\"https:\/\/schema.org\",\"@graph\":[{\"@type\":\"WebPage\",\"@id\":\"https:\/\/stonersmeds.com\/shop\/buy-oxycodone-80mg-pills-online\/\",\"url\":\"https:\/\/stonersmeds.com\/shop\/buy-oxycodone-80mg-pills-online\/\",\"name\":\"Buy Oxycodone 80mg pills online - stonersmeds.com\",\"isPartOf\":{\"@id\":\"https:\/\/stonersmeds.com\/#website\"},\"primaryImageOfPage\":{\"@id\":\"https:\/\/stonersmeds.com\/shop\/buy-oxycodone-80mg-pills-online\/#primaryimage\"},\"image\":{\"@id\":\"https:\/\/stonersmeds.com\/shop\/buy-oxycodone-80mg-pills-online\/#primaryimage\"},\"thumbnailUrl\":\"https:\/\/stonersmeds.com\/wp-content\/uploads\/2022\/03\/buy-oxycodone-80mg-pills-online.jpg\",\"datePublished\":\"2022-03-12T03:56:51+00:00\",\"dateModified\":\"2026-03-01T00:10:09+00:00\",\"description\":\"Buy Oxycodone 80mg pills online shipping worldwide, fast, tracked and safe delivery. Order now and get in 2 days\",\"breadcrumb\":{\"@id\":\"https:\/\/stonersmeds.com\/shop\/buy-oxycodone-80mg-pills-online\/#breadcrumb\"},\"inLanguage\":\"de\",\"potentialAction\":[{\"@type\":\"ReadAction\",\"target\":[\"https:\/\/stonersmeds.com\/shop\/buy-oxycodone-80mg-pills-online\/\"]}]},{\"@type\":\"ImageObject\",\"inLanguage\":\"de\",\"@id\":\"https:\/\/stonersmeds.com\/shop\/buy-oxycodone-80mg-pills-online\/#primaryimage\",\"url\":\"https:\/\/stonersmeds.com\/wp-content\/uploads\/2022\/03\/buy-oxycodone-80mg-pills-online.jpg\",\"contentUrl\":\"https:\/\/stonersmeds.com\/wp-content\/uploads\/2022\/03\/buy-oxycodone-80mg-pills-online.jpg\",\"width\":600,\"height\":600},{\"@type\":\"BreadcrumbList\",\"@id\":\"https:\/\/stonersmeds.com\/shop\/buy-oxycodone-80mg-pills-online\/#breadcrumb\",\"itemListElement\":[{\"@type\":\"ListItem\",\"position\":1,\"name\":\"Home\",\"item\":\"https:\/\/stonersmeds.com\/\"},{\"@type\":\"ListItem\",\"position\":2,\"name\":\"Shop\",\"item\":\"https:\/\/stonersmeds.com\/shop\/\"},{\"@type\":\"ListItem\",\"position\":3,\"name\":\"Buy Oxycodone 80mg pills online\"}]},{\"@type\":\"WebSite\",\"@id\":\"https:\/\/stonersmeds.com\/#website\",\"url\":\"https:\/\/stonersmeds.com\/\",\"name\":\"stonersmeds.com\",\"description\":\"verschreibungspflichtige Medizin kaufen\",\"publisher\":{\"@id\":\"https:\/\/stonersmeds.com\/#organization\"},\"alternateName\":\"Research chemical shop\",\"potentialAction\":[{\"@type\":\"SearchAction\",\"target\":{\"@type\":\"EntryPoint\",\"urlTemplate\":\"https:\/\/stonersmeds.com\/?s={search_term_string}\"},\"query-input\":{\"@type\":\"PropertyValueSpecification\",\"valueRequired\":true,\"valueName\":\"search_term_string\"}}],\"inLanguage\":\"de\"},{\"@type\":\"Organization\",\"@id\":\"https:\/\/stonersmeds.com\/#organization\",\"name\":\"Stonersmeds Shop\",\"url\":\"https:\/\/stonersmeds.com\/\",\"logo\":{\"@type\":\"ImageObject\",\"inLanguage\":\"de\",\"@id\":\"https:\/\/stonersmeds.com\/#\/schema\/logo\/image\/\",\"url\":\"https:\/\/stonersmeds.com\/wp-content\/uploads\/2026\/02\/high-purity-DMT-powder.jpg\",\"contentUrl\":\"https:\/\/stonersmeds.com\/wp-content\/uploads\/2026\/02\/high-purity-DMT-powder.jpg\",\"width\":500,\"height\":500,\"caption\":\"Stonersmeds Shop\"},\"image\":{\"@id\":\"https:\/\/stonersmeds.com\/#\/schema\/logo\/image\/\"}}]}<\/script>\n<meta property=\"og:availability\" content=\"instock\" \/>\n<meta property=\"product:availability\" content=\"instock\" \/>\n<meta property=\"product:condition\" content=\"new\" \/>\n<!-- \/ Yoast SEO plugin. -->","yoast_head_json":{"title":"Oxycodone 80mg Pillen online kaufen - stonersmeds.com","description":"Kaufen Sie Oxycodone 80mg Pillen online Versand weltweit, schnelle, verfolgte und sichere Lieferung. Jetzt bestellen und in 2 Tagen erhalten","robots":{"index":"index","follow":"follow","max-snippet":"max-snippet:-1","max-image-preview":"max-image-preview:large","max-video-preview":"max-video-preview:-1"},"canonical":"https:\/\/stonersmeds.com\/de\/shop\/buy-oxycodone-80mg-pills-online\/","og_locale":"de_DE","og_type":"article","og_title":"Buy Oxycodone 80mg pills online - stonersmeds.com","og_description":"Buy Oxycodone 80mg pills online shipping worldwide, fast, tracked and safe delivery. Order now and get in 2 days","og_url":"https:\/\/stonersmeds.com\/de\/shop\/buy-oxycodone-80mg-pills-online\/","og_site_name":"stonersmeds.com","article_modified_time":"2026-03-01T00:10:09+00:00","og_image":[{"width":600,"height":600,"url":"https:\/\/stonersmeds.com\/wp-content\/uploads\/2022\/03\/buy-oxycodone-80mg-pills-online.jpg","type":"image\/jpeg"}],"twitter_card":"summary_large_image","twitter_misc":{"Verf\u00fcgbarkeit":"Auf Lager"},"schema":{"@context":"https:\/\/schema.org","@graph":[{"@type":"WebPage","@id":"https:\/\/stonersmeds.com\/shop\/buy-oxycodone-80mg-pills-online\/","url":"https:\/\/stonersmeds.com\/shop\/buy-oxycodone-80mg-pills-online\/","name":"Oxycodone 80mg Pillen online kaufen - stonersmeds.com","isPartOf":{"@id":"https:\/\/stonersmeds.com\/#website"},"primaryImageOfPage":{"@id":"https:\/\/stonersmeds.com\/shop\/buy-oxycodone-80mg-pills-online\/#primaryimage"},"image":{"@id":"https:\/\/stonersmeds.com\/shop\/buy-oxycodone-80mg-pills-online\/#primaryimage"},"thumbnailUrl":"https:\/\/stonersmeds.com\/wp-content\/uploads\/2022\/03\/buy-oxycodone-80mg-pills-online.jpg","datePublished":"2022-03-12T03:56:51+00:00","dateModified":"2026-03-01T00:10:09+00:00","description":"Kaufen Sie Oxycodone 80mg Pillen online Versand weltweit, schnelle, verfolgte und sichere Lieferung. Jetzt bestellen und in 2 Tagen erhalten","breadcrumb":{"@id":"https:\/\/stonersmeds.com\/shop\/buy-oxycodone-80mg-pills-online\/#breadcrumb"},"inLanguage":"de","potentialAction":[{"@type":"ReadAction","target":["https:\/\/stonersmeds.com\/shop\/buy-oxycodone-80mg-pills-online\/"]}]},{"@type":"ImageObject","inLanguage":"de","@id":"https:\/\/stonersmeds.com\/shop\/buy-oxycodone-80mg-pills-online\/#primaryimage","url":"https:\/\/stonersmeds.com\/wp-content\/uploads\/2022\/03\/buy-oxycodone-80mg-pills-online.jpg","contentUrl":"https:\/\/stonersmeds.com\/wp-content\/uploads\/2022\/03\/buy-oxycodone-80mg-pills-online.jpg","width":600,"height":600},{"@type":"BreadcrumbList","@id":"https:\/\/stonersmeds.com\/shop\/buy-oxycodone-80mg-pills-online\/#breadcrumb","itemListElement":[{"@type":"ListItem","position":1,"name":"Home","item":"https:\/\/stonersmeds.com\/"},{"@type":"ListItem","position":2,"name":"Shop","item":"https:\/\/stonersmeds.com\/shop\/"},{"@type":"ListItem","position":3,"name":"Buy Oxycodone 80mg pills online"}]},{"@type":"WebSite","@id":"https:\/\/stonersmeds.com\/#website","url":"https:\/\/stonersmeds.com\/","name":"stonersmeds.com","description":"verschreibungspflichtige Medizin kaufen","publisher":{"@id":"https:\/\/stonersmeds.com\/#organization"},"alternateName":"Research chemical shop","potentialAction":[{"@type":"SearchAction","target":{"@type":"EntryPoint","urlTemplate":"https:\/\/stonersmeds.com\/?s={search_term_string}"},"query-input":{"@type":"PropertyValueSpecification","valueRequired":true,"valueName":"search_term_string"}}],"inLanguage":"de"},{"@type":"Organization","@id":"https:\/\/stonersmeds.com\/#organization","name":"Stonersmeds Shop","url":"https:\/\/stonersmeds.com\/","logo":{"@type":"ImageObject","inLanguage":"de","@id":"https:\/\/stonersmeds.com\/#\/schema\/logo\/image\/","url":"https:\/\/stonersmeds.com\/wp-content\/uploads\/2026\/02\/high-purity-DMT-powder.jpg","contentUrl":"https:\/\/stonersmeds.com\/wp-content\/uploads\/2026\/02\/high-purity-DMT-powder.jpg","width":500,"height":500,"caption":"Stonersmeds Shop"},"image":{"@id":"https:\/\/stonersmeds.com\/#\/schema\/logo\/image\/"}}]},"og_availability":"instock","product_availability":"instock","product_condition":"new"},"_links":{"self":[{"href":"https:\/\/stonersmeds.com\/de\/wp-json\/wp\/v2\/product\/9987","targetHints":{"allow":["GET"]}}],"collection":[{"href":"https:\/\/stonersmeds.com\/de\/wp-json\/wp\/v2\/product"}],"about":[{"href":"https:\/\/stonersmeds.com\/de\/wp-json\/wp\/v2\/types\/product"}],"replies":[{"embeddable":true,"href":"https:\/\/stonersmeds.com\/de\/wp-json\/wp\/v2\/comments?post=9987"}],"version-history":[{"count":0,"href":"https:\/\/stonersmeds.com\/de\/wp-json\/wp\/v2\/product\/9987\/revisions"}],"wp:featuredmedia":[{"embeddable":true,"href":"https:\/\/stonersmeds.com\/de\/wp-json\/wp\/v2\/media\/9997"}],"wp:attachment":[{"href":"https:\/\/stonersmeds.com\/de\/wp-json\/wp\/v2\/media?parent=9987"}],"wp:term":[{"taxonomy":"product_brand","embeddable":true,"href":"https:\/\/stonersmeds.com\/de\/wp-json\/wp\/v2\/product_brand?post=9987"},{"taxonomy":"product_cat","embeddable":true,"href":"https:\/\/stonersmeds.com\/de\/wp-json\/wp\/v2\/product_cat?post=9987"},{"taxonomy":"product_tag","embeddable":true,"href":"https:\/\/stonersmeds.com\/de\/wp-json\/wp\/v2\/product_tag?post=9987"},{"taxonomy":"product_brands","embeddable":true,"href":"https:\/\/stonersmeds.com\/de\/wp-json\/wp\/v2\/product_brands?post=9987"}],"curies":[{"name":"wp","href":"https:\/\/api.w.org\/{rel}","templated":true}]}}