{"id":10718,"date":"2022-03-12T09:26:17","date_gmt":"2022-03-12T09:26:17","guid":{"rendered":"https:\/\/stonersmeds.com\/?post_type=product&#038;p=10718"},"modified":"2026-03-02T07:10:40","modified_gmt":"2026-03-02T05:10:40","slug":"buy-mexedrone-mxe-power-crystal-online","status":"publish","type":"product","link":"https:\/\/stonersmeds.com\/es\/shop\/buy-mexedrone-mxe-power-crystal-online\/","title":{"rendered":"Comprar Mexedrone MXE Power &amp; Crystal Online"},"content":{"rendered":"<h1>Comprar Mexedrone MXE Power &amp; Crystal Online.<\/h1>\n<p>Mexedrone (4-mmc-oMe) es un simple de Mephedrone, <a href=\"https:\/\/www.mancheck-berlin.de\/mephedron\/\">4-MMC<\/a>. Mexedrone\u00e2 surgi\u00c3\u00b3 a la orden de Mephedrone\u00e2 como un medicamento il\u00c3cito. Mexedrone tiene una masa at\u00f3mica of\u00e2 207.268g\/Mol, una receta subat\u00f3mica of\u00e2 C12H17NO2, y un nombre met\u00f3dico of\u00e2 3-methoxy-2-(methyamino)- 1-(4-methylphenyl)propan-1-one. Dado que la Mexedrona es un compuesto particular, los datos con respecto a las propiedades bioqu\u00edmicas de la Mexedrona no son accesibles.<\/p>\n<p>Mexedrone se encuentra en la\u00e2 clase de compuestos\u00e2 catinona y responde en consecuencia. El\u00e2 apariencia f\u00edsica\u00e2 de Mexedrone es gemas blancas, sin embargo usted puede comprar Mexedrone en la estructura de\u00e2 cristales\u00e2 o <a href=\"https:\/\/stonersmeds.com\/es\/etiqueta-producto\/synthetic-powder\/\">polvo sint\u00e9ticamente id\u00e9ntico<\/a>. Mexedrone es\u00e2 administrado oralmente\u00e2 y tiene medidas l\u00edmites de 50 mg a 100 mg. Mexedrone mediciones de 100 mg a 150 mg se ven a exhibir impactos comparables de Mephedrone. Los efectos de Mexedrone pueden durar de 4 a 6 horas.<\/p>\n<p>Mexedrone es a\u00e2 droga psicoactiva nombrado tanto estimulante y un entactogen, que, adem\u00e1s, provoca la incitaci\u00f3n. Es plausible, aunque todav\u00eda no se ha demostrado, que la Mexedrona provoque una inundaci\u00f3n de sinapsis, que se produce en los impactos estimulantes de la experiencia. Las sinapsis comprometidas con la experiencia de la Mexedrona pueden incorporar dopamina, noradrenalina y serotonina.<\/p>\n<p>Los impactos de Mexedrone son\u00e2 70%\u00e2 de la de su compuesto de padre, Mephedrone.\u00e2 Effects\u00e2 de Mexedrone se hacen m\u00e1s plausibles en las mediciones superiores, y son f\u00edsicos, intelectuales, y hear-able en la naturaleza. Los impactos reales de mexedrone incorporan felicidad, sedaci\u00f3n, sensaci\u00f3n material y mejora, parchedness, sudor ampliado, sensaciones unconstrained, dientes que machacan, visi\u00f3n vibrante, y capacidades administrativas sofocadas de la temperatura. Impactos psicol\u00f3gicos de Mexedrone incorporar arrebato, y el pensamiento de aceleraci\u00f3n y la red. Impactos de Mexedrone asimismo puede introducir como mejoras hear-able.<\/p>\n<p>Despu\u00c3\u00a9s de devorar Mexedrone,\u00e2 impactos superiores de post-estimulaci\u00c3\u00b3n pueden ocurrir. Post-incitaci\u00f3n impactos de Mexedrone podr\u00eda ser negativo en la naturaleza e incorporar contemplaciones desaceleraci\u00f3n y la inspiraci\u00f3n, cansancio intelectual, inquietud, fractiousness, estado de \u00e1nimo agobiante, y la atenci\u00f3n. Los impactos de la Mexedrona despu\u00e9s de la excitaci\u00f3n probablemente ocurren debido al consumo de sinapsis, donde el suministro de sinapsis se agot\u00f3 en el per\u00edodo de incitaci\u00f3n de la experiencia.<\/p>\n<p>&nbsp;<\/p>\n<p>&nbsp;<\/p>\n<pre><strong>Comprar Mexedrone MXE Power &amp; Crystal en l\u00ednea - comprar Mexedrone , comprar Mexedrone MXE Power &amp; Crystal EE.UU. , comprar Mexedrone MXE Power &amp; Crystal en l\u00ednea EE.UU. , \u00bfD\u00f3nde comprar Mexedrone MXE Power &amp; Crystal , Mexedrone MXE Power &amp; Crystal para la venta, Mexedrone MXE Power &amp; Crystal para la venta cerca de m\u00ed , comprar Mexedrone MXE Power &amp; Crystal en l\u00ednea cerca de m\u00ed , \u00bfd\u00f3nde comprar Mexedrone MXE Power &amp; Crystal en l\u00ednea, Mexedrone MXE Power &amp; Crystal en venta en usa , USA, canada,uk, comprar, online, proveedores, entrega segura, Todav\u00eda se puede obtener Mexedrone MXE Power &amp; Crystal , Es Mexedrone MXE Power &amp; Crystal legal en usa, comprar Mexedrone MXE Power &amp; Crystal online usa, como ordenar Mexedrone MXE Power &amp; Crystal , Es Mexedrone MXE Power &amp; Crystal legal en Canada<\/strong><\/pre>","protected":false},"excerpt":{"rendered":"<p>Comprar Mexedrone MXE Power &amp; Crystal Online. Mexedrone MXE Poder .Mexedrone, Tambi\u00e9n Referido Como MEX O 4-MMC-Ome.<\/p>\n<pre><strong>Comprar Mexedrone MXE Power &amp; Crystal en l\u00ednea - comprar Mexedrone , comprar Mexedrone MXE Power &amp; Crystal EE.UU. , comprar Mexedrone MXE Power &amp; Crystal en l\u00ednea EE.UU. , \u00bfD\u00f3nde comprar Mexedrone MXE Power &amp; Crystal , Mexedrone MXE Power &amp; Crystal para la venta, Mexedrone MXE Power &amp; Crystal para la venta cerca de m\u00ed , comprar Mexedrone MXE Power &amp; Crystal en l\u00ednea cerca de m\u00ed , \u00bfd\u00f3nde comprar Mexedrone MXE Power &amp; Crystal en l\u00ednea, Mexedrone MXE Power &amp; Crystal en venta en usa , USA, canada,uk, comprar, online, proveedores, entrega segura, Todav\u00eda se puede obtener Mexedrone MXE Power &amp; Crystal , Es Mexedrone MXE Power &amp; Crystal legal en usa, comprar Mexedrone MXE Power &amp; Crystal online usa, como ordenar Mexedrone MXE Power &amp; Crystal , Es Mexedrone MXE Power &amp; Crystal legal en Canada<\/strong><\/pre>","protected":false},"featured_media":10729,"comment_status":"open","ping_status":"closed","template":"","meta":{"_bst_post_transparent":"","_bst_post_title":"","_bst_post_layout":"","_bst_post_sidebar_id":"","_bst_post_content_style":"","_bst_post_vertical_padding":"","_bst_post_feature":"","_bst_post_feature_position":"","_bst_post_header":false,"_bst_post_footer":false},"product_brand":[],"product_cat":[79],"product_tag":[252,258,254,253,261,256,260,257,255,259],"product_brands":[],"class_list":{"0":"post-10718","1":"product","2":"type-product","3":"status-publish","4":"has-post-thumbnail","6":"product_cat-research-chemicals-and-bath-salt","7":"product_tag-buy-mexedrone","8":"product_tag-buy-mexedrone-mxe-power-crystal-online-near-me","9":"product_tag-buy-mexedrone-mxe-power-crystal-online-usa","10":"product_tag-buy-mexedrone-mxe-power-crystal-usa","11":"product_tag-how-to-order-mexedrone-mxe-power-crystal","12":"product_tag-mexedrone-mxe-power-crystal-for-sale","13":"product_tag-mexedrone-mxe-power-crystal-for-sale-in-usa","14":"product_tag-mexedrone-mxe-power-crystal-for-sale-near-me","15":"product_tag-where-to-buy-mexedrone-mxe-power-crystal","16":"product_tag-where-to-buy-mexedrone-mxe-power-crystal-online","18":"first","19":"instock","20":"shipping-taxable","21":"purchasable","22":"product-type-variable","23":"entry","24":"content-bg","25":"loop-entry"},"tiered_pricing_type":"fixed","tiered_pricing_fixed_rules":[],"tiered_pricing_percentage_rules":[],"tiered_pricing_minimum":1,"_administrator_tiered_pricing_type":"fixed","_administrator_tiered_pricing_fixed_rules":[],"_editor_tiered_pricing_type":"fixed","_editor_tiered_pricing_fixed_rules":[],"_author_tiered_pricing_type":"fixed","_author_tiered_pricing_fixed_rules":[],"_contributor_tiered_pricing_type":"fixed","_contributor_tiered_pricing_fixed_rules":[],"_subscriber_tiered_pricing_type":"fixed","_subscriber_tiered_pricing_fixed_rules":[],"_customer_tiered_pricing_type":"fixed","_customer_tiered_pricing_fixed_rules":[],"_shop_manager_tiered_pricing_type":"fixed","_shop_manager_tiered_pricing_fixed_rules":[],"_wpseo_manager_tiered_pricing_type":"fixed","_wpseo_manager_tiered_pricing_fixed_rules":[],"_wpseo_editor_tiered_pricing_type":"fixed","_wpseo_editor_tiered_pricing_fixed_rules":[],"yoast_head":"<!-- This site is optimized with the Yoast SEO plugin v27.2 - https:\/\/yoast.com\/product\/yoast-seo-wordpress\/ -->\n<title>Buy Mexedrone MXE Power &amp; Crystal Online - Cheap price, Grade A++<\/title>\n<meta name=\"description\" content=\"Buy Mexedrone MXE Power Online at an affordable price at stonersmeds. All products are lab qualified and have premium quality.\" \/>\n<meta name=\"robots\" content=\"index, follow, max-snippet:-1, max-image-preview:large, max-video-preview:-1\" \/>\n<link rel=\"canonical\" href=\"https:\/\/stonersmeds.com\/es\/shop\/buy-mexedrone-mxe-power-crystal-online\/\" \/>\n<meta property=\"og:locale\" content=\"es_ES\" \/>\n<meta property=\"og:type\" content=\"article\" \/>\n<meta property=\"og:title\" content=\"Buy Mexedrone MXE Power &amp; Crystal Online - Cheap price, Grade A++\" \/>\n<meta property=\"og:description\" content=\"Buy Mexedrone MXE Power Online at an affordable price at stonersmeds. All products are lab qualified and have premium quality.\" \/>\n<meta property=\"og:url\" content=\"https:\/\/stonersmeds.com\/es\/shop\/buy-mexedrone-mxe-power-crystal-online\/\" \/>\n<meta property=\"og:site_name\" content=\"stonersmeds.com\" \/>\n<meta property=\"article:modified_time\" content=\"2026-03-02T05:10:40+00:00\" \/>\n<meta property=\"og:image\" content=\"https:\/\/stonersmeds.com\/wp-content\/uploads\/2022\/03\/buy-mexedrone-mxe-power-crystal-online-1.jpg\" \/>\n\t<meta property=\"og:image:width\" content=\"600\" \/>\n\t<meta property=\"og:image:height\" content=\"600\" \/>\n\t<meta property=\"og:image:type\" content=\"image\/jpeg\" \/>\n<meta name=\"twitter:card\" content=\"summary_large_image\" \/>\n<meta name=\"twitter:label1\" content=\"Disponibilidad\" \/>\n\t<meta name=\"twitter:data1\" content=\"Disponible\" \/>\n<script type=\"application\/ld+json\" class=\"yoast-schema-graph\">{\"@context\":\"https:\/\/schema.org\",\"@graph\":[{\"@type\":\"WebPage\",\"@id\":\"https:\/\/stonersmeds.com\/el\/shop\/buy-mexedrone-mxe-power-crystal-online\/\",\"url\":\"https:\/\/stonersmeds.com\/el\/shop\/buy-mexedrone-mxe-power-crystal-online\/\",\"name\":\"Buy Mexedrone MXE Power & Crystal Online - Cheap price, Grade A++\",\"isPartOf\":{\"@id\":\"https:\/\/stonersmeds.com\/#website\"},\"primaryImageOfPage\":{\"@id\":\"https:\/\/stonersmeds.com\/el\/shop\/buy-mexedrone-mxe-power-crystal-online\/#primaryimage\"},\"image\":{\"@id\":\"https:\/\/stonersmeds.com\/el\/shop\/buy-mexedrone-mxe-power-crystal-online\/#primaryimage\"},\"thumbnailUrl\":\"https:\/\/stonersmeds.com\/wp-content\/uploads\/2022\/03\/buy-mexedrone-mxe-power-crystal-online-1.jpg\",\"datePublished\":\"2022-03-12T09:26:17+00:00\",\"dateModified\":\"2026-03-02T05:10:40+00:00\",\"description\":\"Buy Mexedrone MXE Power Online at an affordable price at stonersmeds. All products are lab qualified and have premium quality.\",\"breadcrumb\":{\"@id\":\"https:\/\/stonersmeds.com\/el\/shop\/buy-mexedrone-mxe-power-crystal-online\/#breadcrumb\"},\"inLanguage\":\"es\",\"potentialAction\":[{\"@type\":\"ReadAction\",\"target\":[\"https:\/\/stonersmeds.com\/el\/shop\/buy-mexedrone-mxe-power-crystal-online\/\"]}]},{\"@type\":\"ImageObject\",\"inLanguage\":\"es\",\"@id\":\"https:\/\/stonersmeds.com\/el\/shop\/buy-mexedrone-mxe-power-crystal-online\/#primaryimage\",\"url\":\"https:\/\/stonersmeds.com\/wp-content\/uploads\/2022\/03\/buy-mexedrone-mxe-power-crystal-online-1.jpg\",\"contentUrl\":\"https:\/\/stonersmeds.com\/wp-content\/uploads\/2022\/03\/buy-mexedrone-mxe-power-crystal-online-1.jpg\",\"width\":600,\"height\":600},{\"@type\":\"BreadcrumbList\",\"@id\":\"https:\/\/stonersmeds.com\/el\/shop\/buy-mexedrone-mxe-power-crystal-online\/#breadcrumb\",\"itemListElement\":[{\"@type\":\"ListItem\",\"position\":1,\"name\":\"Home\",\"item\":\"https:\/\/stonersmeds.com\/\"},{\"@type\":\"ListItem\",\"position\":2,\"name\":\"Shop\",\"item\":\"https:\/\/stonersmeds.com\/shop\/\"},{\"@type\":\"ListItem\",\"position\":3,\"name\":\"Buy Mexedrone MXE Power &#038; Crystal Online\"}]},{\"@type\":\"WebSite\",\"@id\":\"https:\/\/stonersmeds.com\/#website\",\"url\":\"https:\/\/stonersmeds.com\/\",\"name\":\"stonersmeds.com\",\"description\":\"verschreibungspflichtige Medizin kaufen\",\"publisher\":{\"@id\":\"https:\/\/stonersmeds.com\/#organization\"},\"alternateName\":\"Research chemical shop\",\"potentialAction\":[{\"@type\":\"SearchAction\",\"target\":{\"@type\":\"EntryPoint\",\"urlTemplate\":\"https:\/\/stonersmeds.com\/?s={search_term_string}\"},\"query-input\":{\"@type\":\"PropertyValueSpecification\",\"valueRequired\":true,\"valueName\":\"search_term_string\"}}],\"inLanguage\":\"es\"},{\"@type\":\"Organization\",\"@id\":\"https:\/\/stonersmeds.com\/#organization\",\"name\":\"Stonersmeds Shop\",\"url\":\"https:\/\/stonersmeds.com\/\",\"logo\":{\"@type\":\"ImageObject\",\"inLanguage\":\"es\",\"@id\":\"https:\/\/stonersmeds.com\/#\/schema\/logo\/image\/\",\"url\":\"https:\/\/stonersmeds.com\/wp-content\/uploads\/2026\/02\/high-purity-DMT-powder.jpg\",\"contentUrl\":\"https:\/\/stonersmeds.com\/wp-content\/uploads\/2026\/02\/high-purity-DMT-powder.jpg\",\"width\":500,\"height\":500,\"caption\":\"Stonersmeds Shop\"},\"image\":{\"@id\":\"https:\/\/stonersmeds.com\/#\/schema\/logo\/image\/\"}}]}<\/script>\n<meta property=\"og:availability\" content=\"instock\" \/>\n<meta property=\"product:availability\" content=\"instock\" \/>\n<meta property=\"product:condition\" content=\"new\" \/>\n<!-- \/ Yoast SEO plugin. -->","yoast_head_json":{"title":"Comprar Mexedrone MXE Power &amp; Crystal Online - Precio barato, Grado A++","description":"Comprar Mexedrone MXE Power en l\u00ednea a un precio asequible en stonersmeds. Todos los productos son de laboratorio calificado y tienen una calidad superior.","robots":{"index":"index","follow":"follow","max-snippet":"max-snippet:-1","max-image-preview":"max-image-preview:large","max-video-preview":"max-video-preview:-1"},"canonical":"https:\/\/stonersmeds.com\/es\/shop\/buy-mexedrone-mxe-power-crystal-online\/","og_locale":"es_ES","og_type":"article","og_title":"Buy Mexedrone MXE Power & Crystal Online - Cheap price, Grade A++","og_description":"Buy Mexedrone MXE Power Online at an affordable price at stonersmeds. All products are lab qualified and have premium quality.","og_url":"https:\/\/stonersmeds.com\/es\/shop\/buy-mexedrone-mxe-power-crystal-online\/","og_site_name":"stonersmeds.com","article_modified_time":"2026-03-02T05:10:40+00:00","og_image":[{"width":600,"height":600,"url":"https:\/\/stonersmeds.com\/wp-content\/uploads\/2022\/03\/buy-mexedrone-mxe-power-crystal-online-1.jpg","type":"image\/jpeg"}],"twitter_card":"summary_large_image","twitter_misc":{"Disponibilidad":"Disponible"},"schema":{"@context":"https:\/\/schema.org","@graph":[{"@type":"WebPage","@id":"https:\/\/stonersmeds.com\/el\/shop\/buy-mexedrone-mxe-power-crystal-online\/","url":"https:\/\/stonersmeds.com\/el\/shop\/buy-mexedrone-mxe-power-crystal-online\/","name":"Comprar Mexedrone MXE Power &amp; Crystal Online - Precio barato, Grado A++","isPartOf":{"@id":"https:\/\/stonersmeds.com\/#website"},"primaryImageOfPage":{"@id":"https:\/\/stonersmeds.com\/el\/shop\/buy-mexedrone-mxe-power-crystal-online\/#primaryimage"},"image":{"@id":"https:\/\/stonersmeds.com\/el\/shop\/buy-mexedrone-mxe-power-crystal-online\/#primaryimage"},"thumbnailUrl":"https:\/\/stonersmeds.com\/wp-content\/uploads\/2022\/03\/buy-mexedrone-mxe-power-crystal-online-1.jpg","datePublished":"2022-03-12T09:26:17+00:00","dateModified":"2026-03-02T05:10:40+00:00","description":"Comprar Mexedrone MXE Power en l\u00ednea a un precio asequible en stonersmeds. Todos los productos son de laboratorio calificado y tienen una calidad superior.","breadcrumb":{"@id":"https:\/\/stonersmeds.com\/el\/shop\/buy-mexedrone-mxe-power-crystal-online\/#breadcrumb"},"inLanguage":"es","potentialAction":[{"@type":"ReadAction","target":["https:\/\/stonersmeds.com\/el\/shop\/buy-mexedrone-mxe-power-crystal-online\/"]}]},{"@type":"ImageObject","inLanguage":"es","@id":"https:\/\/stonersmeds.com\/el\/shop\/buy-mexedrone-mxe-power-crystal-online\/#primaryimage","url":"https:\/\/stonersmeds.com\/wp-content\/uploads\/2022\/03\/buy-mexedrone-mxe-power-crystal-online-1.jpg","contentUrl":"https:\/\/stonersmeds.com\/wp-content\/uploads\/2022\/03\/buy-mexedrone-mxe-power-crystal-online-1.jpg","width":600,"height":600},{"@type":"BreadcrumbList","@id":"https:\/\/stonersmeds.com\/el\/shop\/buy-mexedrone-mxe-power-crystal-online\/#breadcrumb","itemListElement":[{"@type":"ListItem","position":1,"name":"Home","item":"https:\/\/stonersmeds.com\/"},{"@type":"ListItem","position":2,"name":"Shop","item":"https:\/\/stonersmeds.com\/shop\/"},{"@type":"ListItem","position":3,"name":"Buy Mexedrone MXE Power &#038; Crystal Online"}]},{"@type":"WebSite","@id":"https:\/\/stonersmeds.com\/#website","url":"https:\/\/stonersmeds.com\/","name":"stonersmeds.com","description":"verschreibungspflichtige Medizin kaufen","publisher":{"@id":"https:\/\/stonersmeds.com\/#organization"},"alternateName":"Research chemical shop","potentialAction":[{"@type":"SearchAction","target":{"@type":"EntryPoint","urlTemplate":"https:\/\/stonersmeds.com\/?s={search_term_string}"},"query-input":{"@type":"PropertyValueSpecification","valueRequired":true,"valueName":"search_term_string"}}],"inLanguage":"es"},{"@type":"Organization","@id":"https:\/\/stonersmeds.com\/#organization","name":"Stonersmeds Shop","url":"https:\/\/stonersmeds.com\/","logo":{"@type":"ImageObject","inLanguage":"es","@id":"https:\/\/stonersmeds.com\/#\/schema\/logo\/image\/","url":"https:\/\/stonersmeds.com\/wp-content\/uploads\/2026\/02\/high-purity-DMT-powder.jpg","contentUrl":"https:\/\/stonersmeds.com\/wp-content\/uploads\/2026\/02\/high-purity-DMT-powder.jpg","width":500,"height":500,"caption":"Stonersmeds Shop"},"image":{"@id":"https:\/\/stonersmeds.com\/#\/schema\/logo\/image\/"}}]},"og_availability":"instock","product_availability":"instock","product_condition":"new"},"_links":{"self":[{"href":"https:\/\/stonersmeds.com\/es\/wp-json\/wp\/v2\/product\/10718","targetHints":{"allow":["GET"]}}],"collection":[{"href":"https:\/\/stonersmeds.com\/es\/wp-json\/wp\/v2\/product"}],"about":[{"href":"https:\/\/stonersmeds.com\/es\/wp-json\/wp\/v2\/types\/product"}],"replies":[{"embeddable":true,"href":"https:\/\/stonersmeds.com\/es\/wp-json\/wp\/v2\/comments?post=10718"}],"version-history":[{"count":0,"href":"https:\/\/stonersmeds.com\/es\/wp-json\/wp\/v2\/product\/10718\/revisions"}],"wp:featuredmedia":[{"embeddable":true,"href":"https:\/\/stonersmeds.com\/es\/wp-json\/wp\/v2\/media\/10729"}],"wp:attachment":[{"href":"https:\/\/stonersmeds.com\/es\/wp-json\/wp\/v2\/media?parent=10718"}],"wp:term":[{"taxonomy":"product_brand","embeddable":true,"href":"https:\/\/stonersmeds.com\/es\/wp-json\/wp\/v2\/product_brand?post=10718"},{"taxonomy":"product_cat","embeddable":true,"href":"https:\/\/stonersmeds.com\/es\/wp-json\/wp\/v2\/product_cat?post=10718"},{"taxonomy":"product_tag","embeddable":true,"href":"https:\/\/stonersmeds.com\/es\/wp-json\/wp\/v2\/product_tag?post=10718"},{"taxonomy":"product_brands","embeddable":true,"href":"https:\/\/stonersmeds.com\/es\/wp-json\/wp\/v2\/product_brands?post=10718"}],"curies":[{"name":"wp","href":"https:\/\/api.w.org\/{rel}","templated":true}]}}