{"id":11181,"date":"2022-03-31T11:49:20","date_gmt":"2022-03-31T11:49:20","guid":{"rendered":"https:\/\/stonersmeds.com\/?post_type=product&#038;p=11181"},"modified":"2026-02-26T20:20:43","modified_gmt":"2026-02-26T18:20:43","slug":"psilocybe-azurescens-online","status":"publish","type":"product","link":"https:\/\/stonersmeds.com\/es\/shop\/psilocybe-azurescens-online\/","title":{"rendered":"Psilocybe Azurescens en l\u00ednea"},"content":{"rendered":"<h1>Psilocybe Azurescens En venta<\/h1>\n<h1>Setas Psilocybe Azurescens en l\u00ednea<\/h1>\n<p>La Psilocybe Azurescens es una de las 180 especies de setas del g\u00e9nero Psilocybe y crece en diversos entornos. La seta Psilocybe Azurscens tambi\u00e9n recibe los nombres de Platillo Volador, Psilocybe \u00cdndigo, Azzies y \u00c1ngeles Azules.<\/p>\n<p>El primer descubrimiento tuvo lugar en 1979 y, desde entonces, los investigadores han publicado diversos art\u00edculos sobre la misma. Por ejemplo, en su publicaci\u00f3n de 1996, \"Psilocybin shrooms of the world\", Paul Stamets denomin\u00f3 a la especie Azurescens. El nombre Azurescens es una traducci\u00f3n libre del azur o color azul de la seta.<\/p>\n<p>El hongo contiene 0,4% de baeocistina, 1,8% de psilocibina y 0,5% de psilocina. Es la especie m\u00e1s potente para sintetizar triptamina. Por ejemplo, esta especie es 3 veces m\u00e1s potente que la Psilocybe Cubensis y la Psilocybe Cyanscens.<\/p>\n<p>Una mirada m\u00e1s atenta a esta seta revela caracter\u00edsticas raras y sobresalientes. Las caracter\u00edsticas incluyen lo siguiente:<\/p>\n<p>Esporas: Las esporas de esta seta se presentan en dos colores distintos: p\u00farpura-negro y p\u00farpura-marr\u00f3n oscuro. Tienen forma elipsoidal, lo que las diferencia de otras setas del mismo g\u00e9nero.<\/p>\n<p>Pileus: El pileus es el sombrero de la seta y tiene forma c\u00f3nica o convexa. Cuando la seta est\u00e1 fresca, el pileus adquiere un color marr\u00f3n o caramelo. Sin embargo, a medida que la seta empieza a marchitarse, la mancha oscura y profunda del pileus cambia a un color pajizo claro hasta que se seca por completo.<\/p>\n<p>Pie: Es el tallo de la seta y aparece curvado, con la zona cercana a la base cada vez m\u00e1s gruesa. El estipe tiene un color blanco sedoso, que se vuelve azul-\u00edndigo debido a la alta concentraci\u00f3n de indol.<\/p>\n<p>Lamelas: Tambi\u00e9n se conocen como las branquias del champi\u00f1\u00f3n y tienen formaci\u00f3n bicapa. En estado fresco, la laminilla adquiere un color marr\u00f3n casta\u00f1o o caramelo.<\/p>\n<h2>Descripci\u00f3n de la seta m\u00e1gica Psilocybe Azurescens<\/h2>\n<p>Como ya se ha mencionado, la Psilocybe Azeruscens pertenece al g\u00e9nero Psilocybe, compuesto por 180 especies. Cada especie crece en un entorno particular, en funci\u00f3n de los niveles de humedad. Por ejemplo, esta especie en particular puede crecer al aire libre sin problemas.<\/p>\n<p>La alta potencia en psilocibina, baeocistina y psilocina bioqu\u00edmicas le permite disfrutar de los beneficios \u00f3ptimos del hongo. Otras especies preciosas dentro de este g\u00e9nero incluyen Psilocybe Cubensis y Psilocybe Cyanescens. Este hongo<a href=\"https:\/\/buyshroomsonline.org\/product-category\/magic-mushrooms\/\">\u00a0<\/a>es muy popular en la regi\u00f3n del noroeste del Pac\u00edfico (EE.UU.).<\/p>\n<p>Podemos seguir el rastro de esta seta desde 1979, cuando los Boys Scouts de Oreg\u00f3n la identificaron. Tras un examen m\u00e1s detallado, se dieron cuenta de que estas setas ten\u00edan propiedades psicoactivas. M\u00e1s tarde, en 1996, Paul Stamets le dio el nombre de Psilocybe Azurescens. Seg\u00fan la publicaci\u00f3n de Stamets, Azurescens se refer\u00eda al tono azul del estipe. Sin embargo, otras personas sostienen que el nombre se refer\u00eda a su hijo, que ten\u00eda un nombre similar.<\/p>\n<h2>Efectos de las setas Psilocybe Azurescens<\/h2>\n<p>Azurescens es una rica fuente de compuestos psicoactivos, a saber, psilocibina, baeocistina y psilocina. Los compuestos qu\u00edmicos de esta especie de Psilocybe le confieren efectos psicod\u00e9licos. Los efectos psicod\u00e9licos se caracterizan por el entumecimiento de las extremidades. Sin embargo, este efecto se ve superado por la euforia y las alucinaciones. El consumo de setas puede inducir el deseo de socializar m\u00e1s y participar en diversas actividades.<\/p>\n<h2>Informaci\u00f3n sobre el crecimiento de la seta m\u00e1gica Psilocybe Azurscens<\/h2>\n<p>Es m\u00e1s f\u00e1cil encontrar P. azurscens en las orillas del agua que en otras zonas debido al rico material le\u00f1oso. Las orillas tambi\u00e9n contienen hierba de las dunas, que tambi\u00e9n forma una estera para sostener los hongos d\u00e9biles.<\/p>\n<p><img decoding=\"async\" src=\"https:\/\/buychemonline.com\/29-small_default\/psilocybe-azurescens.jpg\" alt=\"Psilocybe Azurescens\" \/><\/p>\n<p>La Azurscens tambi\u00e9n tolera temperaturas extremadamente bajas, por lo que se adapta a regiones con inviernos extremos. Las setas tambi\u00e9n pueden crecer en madera caducifolia con un cierto nivel de humedad. Tambi\u00e9n es frecuente encontrar esta especie creciendo en matorrales y entre zarzamoras.<\/p>\n<h2>Usos medicinales del hongo Psilocybe Azurscens<\/h2>\n<p>Los altos niveles de psilocibina de esta seta contienen diversas propiedades medicinales. Los efectos de la psilocibina pueden ayudar a controlar los trastornos de ansiedad. El compuesto qu\u00edmico tambi\u00e9n ayuda a controlar el trastorno obsesivo-compulsivo (TOC), la depresi\u00f3n, la ansiedad y el trastorno por d\u00e9ficit de atenci\u00f3n con hiperactividad (TDAH).<\/p>\n<p>Las personas que luchan contra el alcoholismo y el tabaquismo tambi\u00e9n pueden utilizar las setas como terapia para combatir sus dolencias. Seg\u00fan los investigadores, la psilocibina suprime los antojos, lo que constituye una excelente forma de controlar la adicci\u00f3n. Los m\u00e9dicos recomiendan la P. Azurscens para las personas con trastornos del habla, ya que aumenta la confianza para socializar m\u00e1s.<\/p>\n<h2>Efectos secundarios de las setas m\u00e1gicas Psilocybe Azurscens<\/h2>\n<p>Tomar la seta m\u00e1gica P. Azurscens te expone a varios efectos secundarios. Aunque la mayor\u00eda de ellos duran poco tiempo, otros pueden ser mortales. Los efectos secundarios m\u00e1s comunes incluyen ataques de p\u00e1nico, v\u00f3mitos y malestar estomacal. En casos extremos, pueden producirse ataques card\u00edacos debido al aumento del ritmo card\u00edaco y de la presi\u00f3n sangu\u00ednea.<\/p>\n<h2>Conclusi\u00f3n<\/h2>\n<p>Las Azurscens podr\u00edan convertirse pronto en la primera elecci\u00f3n por su valor recreativo y medicinal. Su versatilidad y escasas exigencias de cultivo las hacen ideales tanto para cultivadores consolidados como novatos.<\/p>\n<p>Son la mejor opci\u00f3n para ayudarle a combatir la adicci\u00f3n y controlar diversos trastornos mentales. En lugar de intoxicar tu cuerpo con drogas, \u00bfpor qu\u00e9 no te conformas con una soluci\u00f3n sencilla pero eficaz? Mientras disfrutas de los beneficios de este hongo, presta atenci\u00f3n a los efectos secundarios que lo acompa\u00f1an.<\/p>\n<p><strong>Psilocybe Azurescens En venta<\/strong><\/p>\n<p>Venta de esporas de Psilocybe Azurescens<\/p>\n<p>Psilocybe Azurescens seca En venta<\/p>","protected":false},"excerpt":{"rendered":"<p><strong>Comprar Psilocybe Azurescens en l\u00ednea<\/strong><\/p>\n<p>Psilocybe Azurescens son setas doradas<a href=\"https:\/\/buyshroomsonline.org\/what-is-magic-mushrooms\/\">\u00a0<\/a>s que se encuentran en todo el noroeste del Pac\u00edfico. La concentraci\u00f3n de los bioqu\u00edmicos psicoactivos psilocibina y psilocina es mayor aqu\u00ed que en cualquier otro hongo.<a href=\"https:\/\/buyshroomsonline.org\/what-is-magic-mushrooms\/\">\u00a0<\/a>s como Psilocybe Cubensis y Psilocybe cyanescens.<\/p>\n<p>Psilocybe Azurescens En venta<\/p>","protected":false},"featured_media":11182,"comment_status":"open","ping_status":"closed","template":"","meta":{"_bst_post_transparent":"","_bst_post_title":"","_bst_post_layout":"","_bst_post_sidebar_id":"","_bst_post_content_style":"","_bst_post_vertical_padding":"","_bst_post_feature":"","_bst_post_feature_position":"","_bst_post_header":false,"_bst_post_footer":false},"product_brand":[],"product_cat":[1264],"product_tag":[1335,1306,1336,1308,1302,1334,1309,1304],"product_brands":[],"class_list":{"0":"post-11181","1":"product","2":"type-product","3":"status-publish","4":"has-post-thumbnail","6":"product_cat-psilocybin-or-magic-mushrooms","7":"product_tag-buy-psilocybe-azurescens-mushrooms","8":"product_tag-buy-psilocybe-azurescens-spores","9":"product_tag-buy-psilocybe-azurescens-spores-canada","10":"product_tag-magic-mushrooms-for-sale-oregon","11":"product_tag-psilocybe-azurescens-dried-for-sale","12":"product_tag-psilocybe-azurescens-grow-kit","13":"product_tag-psilocybe-azurescens-spore-syringe","14":"product_tag-psilocybe-azurescens-spores-for-sale","16":"first","17":"instock","18":"shipping-taxable","19":"purchasable","20":"product-type-variable","21":"entry","22":"content-bg","23":"loop-entry"},"tiered_pricing_type":"fixed","tiered_pricing_fixed_rules":[],"tiered_pricing_percentage_rules":[],"tiered_pricing_minimum":1,"_administrator_tiered_pricing_type":"fixed","_administrator_tiered_pricing_fixed_rules":[],"_editor_tiered_pricing_type":"fixed","_editor_tiered_pricing_fixed_rules":[],"_author_tiered_pricing_type":"fixed","_author_tiered_pricing_fixed_rules":[],"_contributor_tiered_pricing_type":"fixed","_contributor_tiered_pricing_fixed_rules":[],"_subscriber_tiered_pricing_type":"fixed","_subscriber_tiered_pricing_fixed_rules":[],"_customer_tiered_pricing_type":"fixed","_customer_tiered_pricing_fixed_rules":[],"_shop_manager_tiered_pricing_type":"fixed","_shop_manager_tiered_pricing_fixed_rules":[],"_wpseo_manager_tiered_pricing_type":"fixed","_wpseo_manager_tiered_pricing_fixed_rules":[],"_wpseo_editor_tiered_pricing_type":"fixed","_wpseo_editor_tiered_pricing_fixed_rules":[],"yoast_head":"<!-- This site is optimized with the Yoast SEO plugin v27.2 - https:\/\/yoast.com\/product\/yoast-seo-wordpress\/ -->\n<title>Psilocybe Azurescens Online - stonersmeds.com<\/title>\n<meta name=\"robots\" content=\"index, follow, max-snippet:-1, max-image-preview:large, max-video-preview:-1\" \/>\n<link rel=\"canonical\" href=\"https:\/\/stonersmeds.com\/es\/shop\/psilocybe-azurescens-online\/\" \/>\n<meta property=\"og:locale\" content=\"es_ES\" \/>\n<meta property=\"og:type\" content=\"article\" \/>\n<meta property=\"og:title\" content=\"Psilocybe Azurescens Online - stonersmeds.com\" \/>\n<meta property=\"og:description\" content=\"Buy\u00a0Psilocybe Azurescens Online  Psilocybe Azurescens are golden\u00a0mushroom\u00a0s found across the Pacific Northwest. The concentration of the psychoactive biochemicals psilocybin and psilocin is higher here than in any other\u00a0mushroom\u00a0s like Psilocybe Cubensis and Psilocybe cyanescens.  Psilocybe Azurescens For Sale\" \/>\n<meta property=\"og:url\" content=\"https:\/\/stonersmeds.com\/es\/shop\/psilocybe-azurescens-online\/\" \/>\n<meta property=\"og:site_name\" content=\"stonersmeds.com\" \/>\n<meta property=\"article:modified_time\" content=\"2026-02-26T18:20:43+00:00\" \/>\n<meta property=\"og:image\" content=\"https:\/\/stonersmeds.com\/wp-content\/uploads\/2022\/03\/psilocybe-azurescens-onlinepsilocybin-or-magic-mushrooms.jpg\" \/>\n\t<meta property=\"og:image:width\" content=\"800\" \/>\n\t<meta property=\"og:image:height\" content=\"800\" \/>\n\t<meta property=\"og:image:type\" content=\"image\/jpeg\" \/>\n<meta name=\"twitter:card\" content=\"summary_large_image\" \/>\n<meta name=\"twitter:label1\" content=\"Disponibilidad\" \/>\n\t<meta name=\"twitter:data1\" content=\"Disponible\" \/>\n<script type=\"application\/ld+json\" class=\"yoast-schema-graph\">{\"@context\":\"https:\/\/schema.org\",\"@graph\":[{\"@type\":\"WebPage\",\"@id\":\"https:\/\/stonersmeds.com\/pl\/shop\/psilocybe-azurescens-online\/\",\"url\":\"https:\/\/stonersmeds.com\/pl\/shop\/psilocybe-azurescens-online\/\",\"name\":\"Psilocybe Azurescens Online - stonersmeds.com\",\"isPartOf\":{\"@id\":\"https:\/\/stonersmeds.com\/#website\"},\"primaryImageOfPage\":{\"@id\":\"https:\/\/stonersmeds.com\/pl\/shop\/psilocybe-azurescens-online\/#primaryimage\"},\"image\":{\"@id\":\"https:\/\/stonersmeds.com\/pl\/shop\/psilocybe-azurescens-online\/#primaryimage\"},\"thumbnailUrl\":\"https:\/\/stonersmeds.com\/wp-content\/uploads\/2022\/03\/psilocybe-azurescens-onlinepsilocybin-or-magic-mushrooms.jpg\",\"datePublished\":\"2022-03-31T11:49:20+00:00\",\"dateModified\":\"2026-02-26T18:20:43+00:00\",\"breadcrumb\":{\"@id\":\"https:\/\/stonersmeds.com\/pl\/shop\/psilocybe-azurescens-online\/#breadcrumb\"},\"inLanguage\":\"es\",\"potentialAction\":[{\"@type\":\"ReadAction\",\"target\":[\"https:\/\/stonersmeds.com\/pl\/shop\/psilocybe-azurescens-online\/\"]}]},{\"@type\":\"ImageObject\",\"inLanguage\":\"es\",\"@id\":\"https:\/\/stonersmeds.com\/pl\/shop\/psilocybe-azurescens-online\/#primaryimage\",\"url\":\"https:\/\/stonersmeds.com\/wp-content\/uploads\/2022\/03\/psilocybe-azurescens-onlinepsilocybin-or-magic-mushrooms.jpg\",\"contentUrl\":\"https:\/\/stonersmeds.com\/wp-content\/uploads\/2022\/03\/psilocybe-azurescens-onlinepsilocybin-or-magic-mushrooms.jpg\",\"width\":800,\"height\":800},{\"@type\":\"BreadcrumbList\",\"@id\":\"https:\/\/stonersmeds.com\/pl\/shop\/psilocybe-azurescens-online\/#breadcrumb\",\"itemListElement\":[{\"@type\":\"ListItem\",\"position\":1,\"name\":\"Home\",\"item\":\"https:\/\/stonersmeds.com\/\"},{\"@type\":\"ListItem\",\"position\":2,\"name\":\"Shop\",\"item\":\"https:\/\/stonersmeds.com\/shop\/\"},{\"@type\":\"ListItem\",\"position\":3,\"name\":\"Psilocybe Azurescens Online\"}]},{\"@type\":\"WebSite\",\"@id\":\"https:\/\/stonersmeds.com\/#website\",\"url\":\"https:\/\/stonersmeds.com\/\",\"name\":\"stonersmeds.com\",\"description\":\"verschreibungspflichtige Medizin kaufen\",\"publisher\":{\"@id\":\"https:\/\/stonersmeds.com\/#organization\"},\"alternateName\":\"Research chemical shop\",\"potentialAction\":[{\"@type\":\"SearchAction\",\"target\":{\"@type\":\"EntryPoint\",\"urlTemplate\":\"https:\/\/stonersmeds.com\/?s={search_term_string}\"},\"query-input\":{\"@type\":\"PropertyValueSpecification\",\"valueRequired\":true,\"valueName\":\"search_term_string\"}}],\"inLanguage\":\"es\"},{\"@type\":\"Organization\",\"@id\":\"https:\/\/stonersmeds.com\/#organization\",\"name\":\"Stonersmeds Shop\",\"url\":\"https:\/\/stonersmeds.com\/\",\"logo\":{\"@type\":\"ImageObject\",\"inLanguage\":\"es\",\"@id\":\"https:\/\/stonersmeds.com\/#\/schema\/logo\/image\/\",\"url\":\"https:\/\/stonersmeds.com\/wp-content\/uploads\/2026\/02\/high-purity-DMT-powder.jpg\",\"contentUrl\":\"https:\/\/stonersmeds.com\/wp-content\/uploads\/2026\/02\/high-purity-DMT-powder.jpg\",\"width\":500,\"height\":500,\"caption\":\"Stonersmeds Shop\"},\"image\":{\"@id\":\"https:\/\/stonersmeds.com\/#\/schema\/logo\/image\/\"}}]}<\/script>\n<meta property=\"og:availability\" content=\"instock\" \/>\n<meta property=\"product:availability\" content=\"instock\" \/>\n<meta property=\"product:condition\" content=\"new\" \/>\n<!-- \/ Yoast SEO plugin. -->","yoast_head_json":{"title":"Psilocybe Azurescens Online - stonersmeds.com","robots":{"index":"index","follow":"follow","max-snippet":"max-snippet:-1","max-image-preview":"max-image-preview:large","max-video-preview":"max-video-preview:-1"},"canonical":"https:\/\/stonersmeds.com\/es\/shop\/psilocybe-azurescens-online\/","og_locale":"es_ES","og_type":"article","og_title":"Psilocybe Azurescens Online - stonersmeds.com","og_description":"Buy\u00a0Psilocybe Azurescens Online  Psilocybe Azurescens are golden\u00a0mushroom\u00a0s found across the Pacific Northwest. The concentration of the psychoactive biochemicals psilocybin and psilocin is higher here than in any other\u00a0mushroom\u00a0s like Psilocybe Cubensis and Psilocybe cyanescens.  Psilocybe Azurescens For Sale","og_url":"https:\/\/stonersmeds.com\/es\/shop\/psilocybe-azurescens-online\/","og_site_name":"stonersmeds.com","article_modified_time":"2026-02-26T18:20:43+00:00","og_image":[{"width":800,"height":800,"url":"https:\/\/stonersmeds.com\/wp-content\/uploads\/2022\/03\/psilocybe-azurescens-onlinepsilocybin-or-magic-mushrooms.jpg","type":"image\/jpeg"}],"twitter_card":"summary_large_image","twitter_misc":{"Disponibilidad":"Disponible"},"schema":{"@context":"https:\/\/schema.org","@graph":[{"@type":"WebPage","@id":"https:\/\/stonersmeds.com\/pl\/shop\/psilocybe-azurescens-online\/","url":"https:\/\/stonersmeds.com\/pl\/shop\/psilocybe-azurescens-online\/","name":"Psilocybe Azurescens Online - stonersmeds.com","isPartOf":{"@id":"https:\/\/stonersmeds.com\/#website"},"primaryImageOfPage":{"@id":"https:\/\/stonersmeds.com\/pl\/shop\/psilocybe-azurescens-online\/#primaryimage"},"image":{"@id":"https:\/\/stonersmeds.com\/pl\/shop\/psilocybe-azurescens-online\/#primaryimage"},"thumbnailUrl":"https:\/\/stonersmeds.com\/wp-content\/uploads\/2022\/03\/psilocybe-azurescens-onlinepsilocybin-or-magic-mushrooms.jpg","datePublished":"2022-03-31T11:49:20+00:00","dateModified":"2026-02-26T18:20:43+00:00","breadcrumb":{"@id":"https:\/\/stonersmeds.com\/pl\/shop\/psilocybe-azurescens-online\/#breadcrumb"},"inLanguage":"es","potentialAction":[{"@type":"ReadAction","target":["https:\/\/stonersmeds.com\/pl\/shop\/psilocybe-azurescens-online\/"]}]},{"@type":"ImageObject","inLanguage":"es","@id":"https:\/\/stonersmeds.com\/pl\/shop\/psilocybe-azurescens-online\/#primaryimage","url":"https:\/\/stonersmeds.com\/wp-content\/uploads\/2022\/03\/psilocybe-azurescens-onlinepsilocybin-or-magic-mushrooms.jpg","contentUrl":"https:\/\/stonersmeds.com\/wp-content\/uploads\/2022\/03\/psilocybe-azurescens-onlinepsilocybin-or-magic-mushrooms.jpg","width":800,"height":800},{"@type":"BreadcrumbList","@id":"https:\/\/stonersmeds.com\/pl\/shop\/psilocybe-azurescens-online\/#breadcrumb","itemListElement":[{"@type":"ListItem","position":1,"name":"Home","item":"https:\/\/stonersmeds.com\/"},{"@type":"ListItem","position":2,"name":"Shop","item":"https:\/\/stonersmeds.com\/shop\/"},{"@type":"ListItem","position":3,"name":"Psilocybe Azurescens Online"}]},{"@type":"WebSite","@id":"https:\/\/stonersmeds.com\/#website","url":"https:\/\/stonersmeds.com\/","name":"stonersmeds.com","description":"verschreibungspflichtige Medizin kaufen","publisher":{"@id":"https:\/\/stonersmeds.com\/#organization"},"alternateName":"Research chemical shop","potentialAction":[{"@type":"SearchAction","target":{"@type":"EntryPoint","urlTemplate":"https:\/\/stonersmeds.com\/?s={search_term_string}"},"query-input":{"@type":"PropertyValueSpecification","valueRequired":true,"valueName":"search_term_string"}}],"inLanguage":"es"},{"@type":"Organization","@id":"https:\/\/stonersmeds.com\/#organization","name":"Stonersmeds Shop","url":"https:\/\/stonersmeds.com\/","logo":{"@type":"ImageObject","inLanguage":"es","@id":"https:\/\/stonersmeds.com\/#\/schema\/logo\/image\/","url":"https:\/\/stonersmeds.com\/wp-content\/uploads\/2026\/02\/high-purity-DMT-powder.jpg","contentUrl":"https:\/\/stonersmeds.com\/wp-content\/uploads\/2026\/02\/high-purity-DMT-powder.jpg","width":500,"height":500,"caption":"Stonersmeds Shop"},"image":{"@id":"https:\/\/stonersmeds.com\/#\/schema\/logo\/image\/"}}]},"og_availability":"instock","product_availability":"instock","product_condition":"new"},"_links":{"self":[{"href":"https:\/\/stonersmeds.com\/es\/wp-json\/wp\/v2\/product\/11181","targetHints":{"allow":["GET"]}}],"collection":[{"href":"https:\/\/stonersmeds.com\/es\/wp-json\/wp\/v2\/product"}],"about":[{"href":"https:\/\/stonersmeds.com\/es\/wp-json\/wp\/v2\/types\/product"}],"replies":[{"embeddable":true,"href":"https:\/\/stonersmeds.com\/es\/wp-json\/wp\/v2\/comments?post=11181"}],"version-history":[{"count":0,"href":"https:\/\/stonersmeds.com\/es\/wp-json\/wp\/v2\/product\/11181\/revisions"}],"wp:featuredmedia":[{"embeddable":true,"href":"https:\/\/stonersmeds.com\/es\/wp-json\/wp\/v2\/media\/11182"}],"wp:attachment":[{"href":"https:\/\/stonersmeds.com\/es\/wp-json\/wp\/v2\/media?parent=11181"}],"wp:term":[{"taxonomy":"product_brand","embeddable":true,"href":"https:\/\/stonersmeds.com\/es\/wp-json\/wp\/v2\/product_brand?post=11181"},{"taxonomy":"product_cat","embeddable":true,"href":"https:\/\/stonersmeds.com\/es\/wp-json\/wp\/v2\/product_cat?post=11181"},{"taxonomy":"product_tag","embeddable":true,"href":"https:\/\/stonersmeds.com\/es\/wp-json\/wp\/v2\/product_tag?post=11181"},{"taxonomy":"product_brands","embeddable":true,"href":"https:\/\/stonersmeds.com\/es\/wp-json\/wp\/v2\/product_brands?post=11181"}],"curies":[{"name":"wp","href":"https:\/\/api.w.org\/{rel}","templated":true}]}}