{"id":11202,"date":"2022-03-31T12:17:10","date_gmt":"2022-03-31T12:17:10","guid":{"rendered":"https:\/\/stonersmeds.com\/?post_type=product&#038;p=11202"},"modified":"2026-02-25T07:00:09","modified_gmt":"2026-02-25T05:00:09","slug":"psilocybe-utopia","status":"publish","type":"product","link":"https:\/\/stonersmeds.com\/es\/shop\/psilocybe-utopia\/","title":{"rendered":"Utop\u00eda de psilocybe"},"content":{"rendered":"<h2>Utop\u00eda de psilocybe<\/h2>\n<h2>Almacenamiento y conservaci\u00f3n de las trufas m\u00e1gicas<\/h2>\n<p>Conserve siempre las Trufas M\u00e1gicas en el frigor\u00edfico (2-4 \u00b0C) en envases cerrados (al vac\u00edo). Si se conservan de esta forma, las Trufas se pueden mantener hasta la fecha de consumo preferente. Tras romper el cierre al vac\u00edo, las Trufas pueden conservarse hasta 2 d\u00edas sin perder su potencia.<\/p>\n<h2>Efectos de las trufas m\u00e1gicas<\/h2>\n<p>Los compuestos activos de las Trufas M\u00e1gicas son la psilocina y la psilocibina. Ambos compuestos se absorben f\u00e1cilmente en el cuerpo humano y son los responsables de los efectos psicoactivos de las Trufas M\u00e1gicas.<\/p>\n<p>En dosis bajas, comer Trufas M\u00e1gicas puede inducir sentimientos de risa tonta y coloc\u00f3n. En este estado, todav\u00eda es f\u00e1cil comunicarse y sigues siendo consciente de tu entorno. En dosis m\u00e1s altas, las Trufas M\u00e1gicas transforman la realidad y pueden provocar alucinaciones.<\/p>\n<p>Los primeros efectos de las Trufas M\u00e1gicas pueden sentirse a los 30 minutos (o a veces incluso a los 10 minutos) de su consumo. Estos efectos pueden incluir (pero no se limitan a) palmas sudorosas, suspiros, escalofr\u00edos, sensaci\u00f3n de inquietud y n\u00e1useas. A medida que los efectos se intensifican, el viaje avanza hacia la euforia y la felicidad, pero tambi\u00e9n pueden aparecer sentimientos de ansiedad. Visiones, alucinaciones y conexiones profundas con otros psiconautas son efectos posibles.<\/p>\n<p>Al cabo de una hora, los efectos de las Trufas M\u00e1gicas suelen dejar de intensificarse y se estabilizan. Suelen durar entre 3 y 5 horas, dependiendo de la cantidad consumida. Pasado este tiempo, los efectos tardan entre 1 y 2 horas en desvanecerse. Este desvanecimiento suele producirse en oleadas, lo que puede sugerir que el viaje est\u00e1 terminando, antes de que los efectos vuelvan a surgir. Por este motivo, planifique bien su viaje y aseg\u00farese de no tener ning\u00fan otro asunto que atender el d\u00eda que vaya a consumir Trufas.<\/p>\n<p>La primera hora de su viaje, puede experimentar sensaciones de n\u00e1useas o mareo. Esta sensaci\u00f3n suele pasar a medida que se intensifican los efectos de las Trufas M\u00e1gicas.<\/p>\n<p>Lo que ver\u00e1s y sentir\u00e1s durante un viaje de Trufa M\u00e1gica depende en gran medida de tu mentalidad y del entorno de tu viaje. Tu estado mental en los d\u00edas previos al viaje y el entorno del lugar al que viajas influyen directamente en tus experiencias. Una semana ajetreada y exigente puede resultar en un viaje un poco ansioso y estresante, pero tambi\u00e9n puede cerrar la semana con nuevas percepciones y energ\u00eda.<\/p>\n<p>En resumen, s\u00f3lo consuma Trufas M\u00e1gicas si se siente mentalmente equilibrado y relajado. S\u00f3lo toma Trufas M\u00e1gicas en un lugar familiar o tranquilo, preferiblemente con gente que conozcas y en la que conf\u00edes. No hay nada m\u00e1s frustrante que las molestias entre la gente mientras est\u00e1s de viaje.<\/p>\n<p>&nbsp;<\/p>\n<h2>Dosis de trufas m\u00e1gicas<\/h2>\n<p>La trufa Utopia Magic es muy fuerte. \u00a1S\u00f3lo apto para principiantes en una dosis baja!<\/p>\n<ul>\n<li>Para una microdosis, tomar 0,2 - 0,5 gramos de Trufas M\u00e1gicas por persona.<\/li>\n<li>Para un viaje suave, tome de 5 a 7 gramos de Trufas M\u00e1gicas por persona.<\/li>\n<li>Para un viaje intenso, toma 10 gramos de Trufas M\u00e1gicas por persona.<\/li>\n<li>Para un viaje sobrecogedor, ll\u00e9vate 15 gramos de Trufas M\u00e1gicas por persona.<\/li>\n<\/ul>\n<h2>Uso de trufas m\u00e1gicas<\/h2>\n<p>Consumir las Trufas M\u00e1gicas crudas. Para obtener los mejores efectos, t\u00f3melas con el est\u00f3mago vac\u00edo. Aseg\u00farese de ingerir su \u00faltima comida un m\u00ednimo de 2-4 horas antes del viaje. Recomendamos abstenerse de tomar bebidas con cafe\u00edna.<\/p>\n<p>Masticar bien las trufas ayuda al organismo a absorber los compuestos psicoactivos y ayuda a combatir las n\u00e1useas.<\/p>\n<p>\u00bfNo te gusta el sabor de las Trufas M\u00e1gicas? Coma las trufas con un pu\u00f1ado de frutos secos, un poco de t\u00e9 o en una sopa para enmascarar el sabor. Nunca hiervas las trufas, \u00a1afecta a su potencia!<\/p>\n<p>&nbsp;<\/p>\n<p><img decoding=\"async\" src=\"https:\/\/pychedelichigh.com\/40-large_default\/psilocybe-utopia.jpg\" alt=\"Psilocybe Utopia\" \/><\/p>\n<h2>\u00a1Atenci\u00f3n!<\/h2>\n<p>No combinar con otras drogas y\/o alcohol.<\/p>\n<p>No utilizar en combinaci\u00f3n con medicamentos e inhibidores de la MAO.<\/p>\n<p>No utilizar en casos de depresi\u00f3n o sensibilidad a la psicosis.<\/p>\n<p>No utilizar durante el embarazo o la lactancia.<\/p>\n<p>No utilizar si se es menor de 18 a\u00f1os.<\/p>\n<h2>Trivia<\/h2>\n<p>Una trufa o esclerotium es un producto vivo. Es posible que haya aire (especialmente CO\u00b2) atrapado en el interior del envase. Esto har\u00e1 que los esclerocios sigan creciendo y aparezcan \"pelos\" blancos en el exterior de las trufas. Esto es el micelio y muestra que las trufas est\u00e1n sanas. Es comestible y no afecta al viaje.<\/p>\n<p><strong>Esporas de Psilocybe Utopia\u00a0<\/strong><\/p>\n<p><strong>psilocybe utopia<\/strong><\/p>","protected":false},"excerpt":{"rendered":"<p><strong>Esporas de Psilocybe Utopia\u00a0<\/strong><\/p>\n<p>Psilocybe Utopia es una de las trufas m\u00e1gicas m\u00e1s potentes que existen. Nueva en la familia de las trufas, los huesos de Utopia crecen durante m\u00e1s tiempo para garantizar su gran potencia. Prueba las trufas m\u00e1gicas Utopia y disfruta de un viaje alucinante.<\/p>\n<h2>Utop\u00eda de psilocybe<\/h2>","protected":false},"featured_media":11203,"comment_status":"open","ping_status":"closed","template":"","meta":{"_bst_post_transparent":"","_bst_post_title":"","_bst_post_layout":"","_bst_post_sidebar_id":"","_bst_post_content_style":"","_bst_post_vertical_padding":"","_bst_post_feature":"","_bst_post_feature_position":"","_bst_post_header":false,"_bst_post_footer":false},"product_brand":[],"product_cat":[1264],"product_tag":[1350,1356,1364,1368,1365,1367,1359,1355,1362,1361,1366,1354,1360,1351,1352,1358,1353,1357,1363],"product_brands":[],"class_list":{"0":"post-11202","1":"product","2":"type-product","3":"status-publish","4":"has-post-thumbnail","6":"product_cat-psilocybin-or-magic-mushrooms","7":"product_tag-best-psilocybin-mushroom-spores","8":"product_tag-buy-cubensis-spores","9":"product_tag-buy-psilocybe-cubensis-spores","10":"product_tag-buy-spore-syringes","11":"product_tag-mushroom-spore-syringe-for-sale","12":"product_tag-mushroom-spore-syringes","13":"product_tag-mushroom-spores-for-sale-usa","14":"product_tag-mushroom-syringes-for-sale","15":"product_tag-psilocybe-cubensis-spores","16":"product_tag-psilocybe-cubensis-spores-for-sale","17":"product_tag-psilocybe-cubensis-spores-usa","18":"product_tag-psilocybe-mushroom-spores","19":"product_tag-psilocybe-mushroom-spores-for-sale","20":"product_tag-psilocybin-mushroom-spore-syringe","21":"product_tag-psilocybin-mushroom-spores","22":"product_tag-psilocybin-mushrooms-spores-for-sale-usa","23":"product_tag-psilocybin-spores-sale","24":"product_tag-spore-syringes-for-sale","25":"product_tag-spore-syringes-usa","27":"first","28":"instock","29":"shipping-taxable","30":"purchasable","31":"product-type-variable","32":"entry","33":"content-bg","34":"loop-entry"},"tiered_pricing_type":"fixed","tiered_pricing_fixed_rules":[],"tiered_pricing_percentage_rules":[],"tiered_pricing_minimum":1,"_administrator_tiered_pricing_type":"fixed","_administrator_tiered_pricing_fixed_rules":[],"_editor_tiered_pricing_type":"fixed","_editor_tiered_pricing_fixed_rules":[],"_author_tiered_pricing_type":"fixed","_author_tiered_pricing_fixed_rules":[],"_contributor_tiered_pricing_type":"fixed","_contributor_tiered_pricing_fixed_rules":[],"_subscriber_tiered_pricing_type":"fixed","_subscriber_tiered_pricing_fixed_rules":[],"_customer_tiered_pricing_type":"fixed","_customer_tiered_pricing_fixed_rules":[],"_shop_manager_tiered_pricing_type":"fixed","_shop_manager_tiered_pricing_fixed_rules":[],"_wpseo_manager_tiered_pricing_type":"fixed","_wpseo_manager_tiered_pricing_fixed_rules":[],"_wpseo_editor_tiered_pricing_type":"fixed","_wpseo_editor_tiered_pricing_fixed_rules":[],"yoast_head":"<!-- This site is optimized with the Yoast SEO plugin v27.2 - https:\/\/yoast.com\/product\/yoast-seo-wordpress\/ -->\n<title>spore syringes for sale - stonersmeds.com<\/title>\n<meta name=\"description\" content=\"spore syringes for sale, Best Selling Spore Syringes, best selling Psilocybe Cubensis Mushroom Spores that we offer.\" \/>\n<meta name=\"robots\" content=\"index, follow, max-snippet:-1, max-image-preview:large, max-video-preview:-1\" \/>\n<link rel=\"canonical\" href=\"https:\/\/stonersmeds.com\/es\/shop\/psilocybe-utopia\/\" \/>\n<meta property=\"og:locale\" content=\"es_ES\" \/>\n<meta property=\"og:type\" content=\"article\" \/>\n<meta property=\"og:title\" content=\"spore syringes for sale - stonersmeds.com\" \/>\n<meta property=\"og:description\" content=\"spore syringes for sale, Best Selling Spore Syringes, best selling Psilocybe Cubensis Mushroom Spores that we offer.\" \/>\n<meta property=\"og:url\" content=\"https:\/\/stonersmeds.com\/es\/shop\/psilocybe-utopia\/\" \/>\n<meta property=\"og:site_name\" content=\"stonersmeds.com\" \/>\n<meta property=\"article:modified_time\" content=\"2026-02-25T05:00:09+00:00\" \/>\n<meta property=\"og:image\" content=\"https:\/\/stonersmeds.com\/wp-content\/uploads\/2022\/03\/psilocybe-utopiapsilocybin-or-magic-mushrooms.jpg\" \/>\n\t<meta property=\"og:image:width\" content=\"800\" \/>\n\t<meta property=\"og:image:height\" content=\"800\" \/>\n\t<meta property=\"og:image:type\" content=\"image\/jpeg\" \/>\n<meta name=\"twitter:card\" content=\"summary_large_image\" \/>\n<meta name=\"twitter:label1\" content=\"Disponibilidad\" \/>\n\t<meta name=\"twitter:data1\" content=\"Disponible\" \/>\n<script type=\"application\/ld+json\" class=\"yoast-schema-graph\">{\"@context\":\"https:\/\/schema.org\",\"@graph\":[{\"@type\":\"WebPage\",\"@id\":\"https:\/\/stonersmeds.com\/de\/shop\/psilocybe-utopia\/\",\"url\":\"https:\/\/stonersmeds.com\/de\/shop\/psilocybe-utopia\/\",\"name\":\"spore syringes for sale - stonersmeds.com\",\"isPartOf\":{\"@id\":\"https:\/\/stonersmeds.com\/#website\"},\"primaryImageOfPage\":{\"@id\":\"https:\/\/stonersmeds.com\/de\/shop\/psilocybe-utopia\/#primaryimage\"},\"image\":{\"@id\":\"https:\/\/stonersmeds.com\/de\/shop\/psilocybe-utopia\/#primaryimage\"},\"thumbnailUrl\":\"https:\/\/stonersmeds.com\/wp-content\/uploads\/2022\/03\/psilocybe-utopiapsilocybin-or-magic-mushrooms.jpg\",\"datePublished\":\"2022-03-31T12:17:10+00:00\",\"dateModified\":\"2026-02-25T05:00:09+00:00\",\"description\":\"spore syringes for sale, Best Selling Spore Syringes, best selling Psilocybe Cubensis Mushroom Spores that we offer.\",\"breadcrumb\":{\"@id\":\"https:\/\/stonersmeds.com\/de\/shop\/psilocybe-utopia\/#breadcrumb\"},\"inLanguage\":\"es\",\"potentialAction\":[{\"@type\":\"ReadAction\",\"target\":[\"https:\/\/stonersmeds.com\/de\/shop\/psilocybe-utopia\/\"]}]},{\"@type\":\"ImageObject\",\"inLanguage\":\"es\",\"@id\":\"https:\/\/stonersmeds.com\/de\/shop\/psilocybe-utopia\/#primaryimage\",\"url\":\"https:\/\/stonersmeds.com\/wp-content\/uploads\/2022\/03\/psilocybe-utopiapsilocybin-or-magic-mushrooms.jpg\",\"contentUrl\":\"https:\/\/stonersmeds.com\/wp-content\/uploads\/2022\/03\/psilocybe-utopiapsilocybin-or-magic-mushrooms.jpg\",\"width\":800,\"height\":800},{\"@type\":\"BreadcrumbList\",\"@id\":\"https:\/\/stonersmeds.com\/de\/shop\/psilocybe-utopia\/#breadcrumb\",\"itemListElement\":[{\"@type\":\"ListItem\",\"position\":1,\"name\":\"Home\",\"item\":\"https:\/\/stonersmeds.com\/\"},{\"@type\":\"ListItem\",\"position\":2,\"name\":\"Shop\",\"item\":\"https:\/\/stonersmeds.com\/shop\/\"},{\"@type\":\"ListItem\",\"position\":3,\"name\":\"Psilocybe Utopia\"}]},{\"@type\":\"WebSite\",\"@id\":\"https:\/\/stonersmeds.com\/#website\",\"url\":\"https:\/\/stonersmeds.com\/\",\"name\":\"stonersmeds.com\",\"description\":\"verschreibungspflichtige Medizin kaufen\",\"publisher\":{\"@id\":\"https:\/\/stonersmeds.com\/#organization\"},\"alternateName\":\"Research chemical shop\",\"potentialAction\":[{\"@type\":\"SearchAction\",\"target\":{\"@type\":\"EntryPoint\",\"urlTemplate\":\"https:\/\/stonersmeds.com\/?s={search_term_string}\"},\"query-input\":{\"@type\":\"PropertyValueSpecification\",\"valueRequired\":true,\"valueName\":\"search_term_string\"}}],\"inLanguage\":\"es\"},{\"@type\":\"Organization\",\"@id\":\"https:\/\/stonersmeds.com\/#organization\",\"name\":\"Stonersmeds Shop\",\"url\":\"https:\/\/stonersmeds.com\/\",\"logo\":{\"@type\":\"ImageObject\",\"inLanguage\":\"es\",\"@id\":\"https:\/\/stonersmeds.com\/#\/schema\/logo\/image\/\",\"url\":\"https:\/\/stonersmeds.com\/wp-content\/uploads\/2026\/02\/high-purity-DMT-powder.jpg\",\"contentUrl\":\"https:\/\/stonersmeds.com\/wp-content\/uploads\/2026\/02\/high-purity-DMT-powder.jpg\",\"width\":500,\"height\":500,\"caption\":\"Stonersmeds Shop\"},\"image\":{\"@id\":\"https:\/\/stonersmeds.com\/#\/schema\/logo\/image\/\"}}]}<\/script>\n<meta property=\"og:availability\" content=\"instock\" \/>\n<meta property=\"product:availability\" content=\"instock\" \/>\n<meta property=\"product:condition\" content=\"new\" \/>\n<!-- \/ Yoast SEO plugin. -->","yoast_head_json":{"title":"jeringas de esporas para la venta - stonersmeds.com","description":"jeringas de esporas para la venta, mejor venta jeringas de esporas, mejor venta Psilocybe Cubensis esporas de hongos que ofrecemos.","robots":{"index":"index","follow":"follow","max-snippet":"max-snippet:-1","max-image-preview":"max-image-preview:large","max-video-preview":"max-video-preview:-1"},"canonical":"https:\/\/stonersmeds.com\/es\/shop\/psilocybe-utopia\/","og_locale":"es_ES","og_type":"article","og_title":"spore syringes for sale - stonersmeds.com","og_description":"spore syringes for sale, Best Selling Spore Syringes, best selling Psilocybe Cubensis Mushroom Spores that we offer.","og_url":"https:\/\/stonersmeds.com\/es\/shop\/psilocybe-utopia\/","og_site_name":"stonersmeds.com","article_modified_time":"2026-02-25T05:00:09+00:00","og_image":[{"width":800,"height":800,"url":"https:\/\/stonersmeds.com\/wp-content\/uploads\/2022\/03\/psilocybe-utopiapsilocybin-or-magic-mushrooms.jpg","type":"image\/jpeg"}],"twitter_card":"summary_large_image","twitter_misc":{"Disponibilidad":"Disponible"},"schema":{"@context":"https:\/\/schema.org","@graph":[{"@type":"WebPage","@id":"https:\/\/stonersmeds.com\/de\/shop\/psilocybe-utopia\/","url":"https:\/\/stonersmeds.com\/de\/shop\/psilocybe-utopia\/","name":"jeringas de esporas para la venta - stonersmeds.com","isPartOf":{"@id":"https:\/\/stonersmeds.com\/#website"},"primaryImageOfPage":{"@id":"https:\/\/stonersmeds.com\/de\/shop\/psilocybe-utopia\/#primaryimage"},"image":{"@id":"https:\/\/stonersmeds.com\/de\/shop\/psilocybe-utopia\/#primaryimage"},"thumbnailUrl":"https:\/\/stonersmeds.com\/wp-content\/uploads\/2022\/03\/psilocybe-utopiapsilocybin-or-magic-mushrooms.jpg","datePublished":"2022-03-31T12:17:10+00:00","dateModified":"2026-02-25T05:00:09+00:00","description":"jeringas de esporas para la venta, mejor venta jeringas de esporas, mejor venta Psilocybe Cubensis esporas de hongos que ofrecemos.","breadcrumb":{"@id":"https:\/\/stonersmeds.com\/de\/shop\/psilocybe-utopia\/#breadcrumb"},"inLanguage":"es","potentialAction":[{"@type":"ReadAction","target":["https:\/\/stonersmeds.com\/de\/shop\/psilocybe-utopia\/"]}]},{"@type":"ImageObject","inLanguage":"es","@id":"https:\/\/stonersmeds.com\/de\/shop\/psilocybe-utopia\/#primaryimage","url":"https:\/\/stonersmeds.com\/wp-content\/uploads\/2022\/03\/psilocybe-utopiapsilocybin-or-magic-mushrooms.jpg","contentUrl":"https:\/\/stonersmeds.com\/wp-content\/uploads\/2022\/03\/psilocybe-utopiapsilocybin-or-magic-mushrooms.jpg","width":800,"height":800},{"@type":"BreadcrumbList","@id":"https:\/\/stonersmeds.com\/de\/shop\/psilocybe-utopia\/#breadcrumb","itemListElement":[{"@type":"ListItem","position":1,"name":"Home","item":"https:\/\/stonersmeds.com\/"},{"@type":"ListItem","position":2,"name":"Shop","item":"https:\/\/stonersmeds.com\/shop\/"},{"@type":"ListItem","position":3,"name":"Psilocybe Utopia"}]},{"@type":"WebSite","@id":"https:\/\/stonersmeds.com\/#website","url":"https:\/\/stonersmeds.com\/","name":"stonersmeds.com","description":"verschreibungspflichtige Medizin kaufen","publisher":{"@id":"https:\/\/stonersmeds.com\/#organization"},"alternateName":"Research chemical shop","potentialAction":[{"@type":"SearchAction","target":{"@type":"EntryPoint","urlTemplate":"https:\/\/stonersmeds.com\/?s={search_term_string}"},"query-input":{"@type":"PropertyValueSpecification","valueRequired":true,"valueName":"search_term_string"}}],"inLanguage":"es"},{"@type":"Organization","@id":"https:\/\/stonersmeds.com\/#organization","name":"Stonersmeds Shop","url":"https:\/\/stonersmeds.com\/","logo":{"@type":"ImageObject","inLanguage":"es","@id":"https:\/\/stonersmeds.com\/#\/schema\/logo\/image\/","url":"https:\/\/stonersmeds.com\/wp-content\/uploads\/2026\/02\/high-purity-DMT-powder.jpg","contentUrl":"https:\/\/stonersmeds.com\/wp-content\/uploads\/2026\/02\/high-purity-DMT-powder.jpg","width":500,"height":500,"caption":"Stonersmeds Shop"},"image":{"@id":"https:\/\/stonersmeds.com\/#\/schema\/logo\/image\/"}}]},"og_availability":"instock","product_availability":"instock","product_condition":"new"},"_links":{"self":[{"href":"https:\/\/stonersmeds.com\/es\/wp-json\/wp\/v2\/product\/11202","targetHints":{"allow":["GET"]}}],"collection":[{"href":"https:\/\/stonersmeds.com\/es\/wp-json\/wp\/v2\/product"}],"about":[{"href":"https:\/\/stonersmeds.com\/es\/wp-json\/wp\/v2\/types\/product"}],"replies":[{"embeddable":true,"href":"https:\/\/stonersmeds.com\/es\/wp-json\/wp\/v2\/comments?post=11202"}],"version-history":[{"count":0,"href":"https:\/\/stonersmeds.com\/es\/wp-json\/wp\/v2\/product\/11202\/revisions"}],"wp:featuredmedia":[{"embeddable":true,"href":"https:\/\/stonersmeds.com\/es\/wp-json\/wp\/v2\/media\/11203"}],"wp:attachment":[{"href":"https:\/\/stonersmeds.com\/es\/wp-json\/wp\/v2\/media?parent=11202"}],"wp:term":[{"taxonomy":"product_brand","embeddable":true,"href":"https:\/\/stonersmeds.com\/es\/wp-json\/wp\/v2\/product_brand?post=11202"},{"taxonomy":"product_cat","embeddable":true,"href":"https:\/\/stonersmeds.com\/es\/wp-json\/wp\/v2\/product_cat?post=11202"},{"taxonomy":"product_tag","embeddable":true,"href":"https:\/\/stonersmeds.com\/es\/wp-json\/wp\/v2\/product_tag?post=11202"},{"taxonomy":"product_brands","embeddable":true,"href":"https:\/\/stonersmeds.com\/es\/wp-json\/wp\/v2\/product_brands?post=11202"}],"curies":[{"name":"wp","href":"https:\/\/api.w.org\/{rel}","templated":true}]}}