{"id":9302,"date":"2022-03-11T15:20:00","date_gmt":"2022-03-11T15:20:00","guid":{"rendered":"https:\/\/stonersmeds.com\/?post_type=product&#038;p=9302"},"modified":"2026-02-24T16:20:06","modified_gmt":"2026-02-24T14:20:06","slug":"buy-blackberry-kush","status":"publish","type":"product","link":"https:\/\/stonersmeds.com\/es\/shop\/buy-blackberry-kush\/","title":{"rendered":"Comprar Blackberry Kush"},"content":{"rendered":"<h1>Comprar Blackberry Kush (AAAAA)<\/h1>\n<div>El h\u00edbrido Blackberry Kush ha sido descrito por muchos como la mejor cepa jam\u00e1s fumada. Los profundos cogollos verdes y morados de este h\u00edbrido \u00edndica est\u00e1n cubiertos de cristales. Este lado de la magia del tricoma tiene muchos pelos finos de color naranja que sobresalen de esta flor ex\u00f3tica. Esta delicia emana un aroma complejo con un profundo combustible y una mezcla de bayas que acaricia la nariz. El rico humo de la Blackberry Kush crea un gran cuerpo sin los efectos secundarios habituales como la fatiga y la pereza. Si realmente quieres disfrutar del tipo Blackberry Kush, pru\u00e9balo desde un vaporizador.<\/div>\n<div><\/div>\n<div><\/div>\n<div><\/div>\n<div><\/div>\n<pre><strong>Compre Blackberry Kush en l\u00ednea: compre Kush, compre Blackberry Kush, compre Kush en l\u00ednea, d\u00f3nde comprar Blackberry Kush, Blackberry Kush en venta, Kush en venta, compre Blackberry en l\u00ednea, d\u00f3nde comprar Blackberry Kush en l\u00ednea, Blackberry Kush en venta en EE. UU. , canad\u00e1, reino unido, comprar, en l\u00ednea, proveedores, entrega segura, a\u00fan puede obtener Blackberry Kush, es Blackberry Kush legal en EE. UU., comprar Blackberry Kush en l\u00ednea, EE. UU., c\u00f3mo pedir Blackberry Kush, es Blackberry Kush legal en Canad\u00e1<\/strong><\/pre>","protected":false},"excerpt":{"rendered":"<ul>\n<li>\u00a1AAAAA representa lo mejor de lo mejor!<\/li>\n<li>Cont\u00e1ctanos para pedidos al por mayor<\/li>\n<li><strong>El pedido m\u00ednimo es de 7 gramos.<\/strong><\/li>\n<li>Env\u00edo al mundo entero.<\/li>\n<\/ul>\n<pre><strong>Compre Blackberry Kush en l\u00ednea: compre Kush, compre Blackberry Kush, compre Kush en l\u00ednea, d\u00f3nde comprar Blackberry Kush, Blackberry Kush en venta, Kush en venta, compre Blackberry en l\u00ednea, d\u00f3nde comprar Blackberry Kush en l\u00ednea, Blackberry Kush en venta en EE. UU. , canad\u00e1, reino unido, comprar, en l\u00ednea, proveedores, entrega segura, a\u00fan puede obtener Blackberry Kush, es Blackberry Kush legal en EE. UU., comprar Blackberry Kush en l\u00ednea, EE. UU., c\u00f3mo pedir Blackberry Kush, es Blackberry Kush legal en Canad\u00e1<\/strong><\/pre>","protected":false},"featured_media":9313,"comment_status":"open","ping_status":"closed","template":"","meta":{"_bst_post_transparent":"","_bst_post_title":"","_bst_post_layout":"","_bst_post_sidebar_id":"","_bst_post_content_style":"","_bst_post_vertical_padding":"","_bst_post_feature":"","_bst_post_feature_position":"","_bst_post_header":false,"_bst_post_footer":false},"product_brand":[],"product_cat":[81],"product_tag":[],"product_brands":[],"class_list":{"0":"post-9302","1":"product","2":"type-product","3":"status-publish","4":"has-post-thumbnail","6":"product_cat-marijuana-medical-cannabis","8":"first","9":"instock","10":"shipping-taxable","11":"purchasable","12":"product-type-variable","13":"entry","14":"content-bg","15":"loop-entry"},"tiered_pricing_type":"fixed","tiered_pricing_fixed_rules":{"28":"9","50":"8","100":"7","250":"6","500":"4.5","1000":"3"},"tiered_pricing_percentage_rules":[],"tiered_pricing_minimum":1,"_administrator_tiered_pricing_type":"fixed","_administrator_tiered_pricing_fixed_rules":[],"_editor_tiered_pricing_type":"fixed","_editor_tiered_pricing_fixed_rules":[],"_author_tiered_pricing_type":"fixed","_author_tiered_pricing_fixed_rules":[],"_contributor_tiered_pricing_type":"fixed","_contributor_tiered_pricing_fixed_rules":[],"_subscriber_tiered_pricing_type":"fixed","_subscriber_tiered_pricing_fixed_rules":[],"_customer_tiered_pricing_type":"fixed","_customer_tiered_pricing_fixed_rules":[],"_shop_manager_tiered_pricing_type":"fixed","_shop_manager_tiered_pricing_fixed_rules":[],"_wpseo_manager_tiered_pricing_type":"fixed","_wpseo_manager_tiered_pricing_fixed_rules":[],"_wpseo_editor_tiered_pricing_type":"fixed","_wpseo_editor_tiered_pricing_fixed_rules":[],"yoast_head":"<!-- This site is optimized with the Yoast SEO plugin v27.2 - https:\/\/yoast.com\/product\/yoast-seo-wordpress\/ -->\n<title>Buy Blackberry Kush - stonersmeds.com<\/title>\n<meta name=\"robots\" content=\"index, follow, max-snippet:-1, max-image-preview:large, max-video-preview:-1\" \/>\n<link rel=\"canonical\" href=\"https:\/\/stonersmeds.com\/es\/shop\/buy-blackberry-kush\/\" \/>\n<meta property=\"og:locale\" content=\"es_ES\" \/>\n<meta property=\"og:type\" content=\"article\" \/>\n<meta property=\"og:title\" content=\"Buy Blackberry Kush - stonersmeds.com\" \/>\n<meta property=\"og:description\" content=\"AAAAA represents the best of the best!  Contact us for wholesale orders  Minimum order is 7 grams  Worldwide shipping.  Buy Blackberry Kush Online - buy Kush , buy Blackberry Kush , buy Kush online, Where to Buy Blackberry Kush , Blackberry Kush for sale, Kush for sale, buy Blackberry online, where to Buy Blackberry Kush online, Blackberry Kush for sale in usa , USA, canada,uk, buy, online, suppliers, safe delivery, You can still get Blackberry Kush , Is Blackberry Kush legal in usa, buy Blackberry Kush online usa, how to order Blackberry Kush , Is Blackberry Kush legal in Canada\" \/>\n<meta property=\"og:url\" content=\"https:\/\/stonersmeds.com\/es\/shop\/buy-blackberry-kush\/\" \/>\n<meta property=\"og:site_name\" content=\"stonersmeds.com\" \/>\n<meta property=\"article:modified_time\" content=\"2026-02-24T14:20:06+00:00\" \/>\n<meta property=\"og:image\" content=\"https:\/\/stonersmeds.com\/wp-content\/uploads\/2022\/03\/Buy-Blackberry-Kush.jpg\" \/>\n\t<meta property=\"og:image:width\" content=\"600\" \/>\n\t<meta property=\"og:image:height\" content=\"600\" \/>\n\t<meta property=\"og:image:type\" content=\"image\/jpeg\" \/>\n<meta name=\"twitter:card\" content=\"summary_large_image\" \/>\n<meta name=\"twitter:label1\" content=\"Disponibilidad\" \/>\n\t<meta name=\"twitter:data1\" content=\"Disponible\" \/>\n<script type=\"application\/ld+json\" class=\"yoast-schema-graph\">{\"@context\":\"https:\/\/schema.org\",\"@graph\":[{\"@type\":\"WebPage\",\"@id\":\"https:\/\/stonersmeds.com\/shop\/buy-blackberry-kush\/\",\"url\":\"https:\/\/stonersmeds.com\/shop\/buy-blackberry-kush\/\",\"name\":\"Buy Blackberry Kush - stonersmeds.com\",\"isPartOf\":{\"@id\":\"https:\/\/stonersmeds.com\/#website\"},\"primaryImageOfPage\":{\"@id\":\"https:\/\/stonersmeds.com\/shop\/buy-blackberry-kush\/#primaryimage\"},\"image\":{\"@id\":\"https:\/\/stonersmeds.com\/shop\/buy-blackberry-kush\/#primaryimage\"},\"thumbnailUrl\":\"https:\/\/stonersmeds.com\/wp-content\/uploads\/2022\/03\/Buy-Blackberry-Kush.jpg\",\"datePublished\":\"2022-03-11T15:20:00+00:00\",\"dateModified\":\"2026-02-24T14:20:06+00:00\",\"breadcrumb\":{\"@id\":\"https:\/\/stonersmeds.com\/shop\/buy-blackberry-kush\/#breadcrumb\"},\"inLanguage\":\"es\",\"potentialAction\":[{\"@type\":\"ReadAction\",\"target\":[\"https:\/\/stonersmeds.com\/shop\/buy-blackberry-kush\/\"]}]},{\"@type\":\"ImageObject\",\"inLanguage\":\"es\",\"@id\":\"https:\/\/stonersmeds.com\/shop\/buy-blackberry-kush\/#primaryimage\",\"url\":\"https:\/\/stonersmeds.com\/wp-content\/uploads\/2022\/03\/Buy-Blackberry-Kush.jpg\",\"contentUrl\":\"https:\/\/stonersmeds.com\/wp-content\/uploads\/2022\/03\/Buy-Blackberry-Kush.jpg\",\"width\":600,\"height\":600},{\"@type\":\"BreadcrumbList\",\"@id\":\"https:\/\/stonersmeds.com\/shop\/buy-blackberry-kush\/#breadcrumb\",\"itemListElement\":[{\"@type\":\"ListItem\",\"position\":1,\"name\":\"Home\",\"item\":\"https:\/\/stonersmeds.com\/\"},{\"@type\":\"ListItem\",\"position\":2,\"name\":\"Shop\",\"item\":\"https:\/\/stonersmeds.com\/shop\/\"},{\"@type\":\"ListItem\",\"position\":3,\"name\":\"Buy Blackberry Kush\"}]},{\"@type\":\"WebSite\",\"@id\":\"https:\/\/stonersmeds.com\/#website\",\"url\":\"https:\/\/stonersmeds.com\/\",\"name\":\"stonersmeds.com\",\"description\":\"verschreibungspflichtige Medizin kaufen\",\"publisher\":{\"@id\":\"https:\/\/stonersmeds.com\/#organization\"},\"alternateName\":\"Research chemical shop\",\"potentialAction\":[{\"@type\":\"SearchAction\",\"target\":{\"@type\":\"EntryPoint\",\"urlTemplate\":\"https:\/\/stonersmeds.com\/?s={search_term_string}\"},\"query-input\":{\"@type\":\"PropertyValueSpecification\",\"valueRequired\":true,\"valueName\":\"search_term_string\"}}],\"inLanguage\":\"es\"},{\"@type\":\"Organization\",\"@id\":\"https:\/\/stonersmeds.com\/#organization\",\"name\":\"Stonersmeds Shop\",\"url\":\"https:\/\/stonersmeds.com\/\",\"logo\":{\"@type\":\"ImageObject\",\"inLanguage\":\"es\",\"@id\":\"https:\/\/stonersmeds.com\/#\/schema\/logo\/image\/\",\"url\":\"https:\/\/stonersmeds.com\/wp-content\/uploads\/2026\/02\/high-purity-DMT-powder.jpg\",\"contentUrl\":\"https:\/\/stonersmeds.com\/wp-content\/uploads\/2026\/02\/high-purity-DMT-powder.jpg\",\"width\":500,\"height\":500,\"caption\":\"Stonersmeds Shop\"},\"image\":{\"@id\":\"https:\/\/stonersmeds.com\/#\/schema\/logo\/image\/\"}}]}<\/script>\n<meta property=\"og:availability\" content=\"instock\" \/>\n<meta property=\"product:availability\" content=\"instock\" \/>\n<meta property=\"product:condition\" content=\"new\" \/>\n<!-- \/ Yoast SEO plugin. -->","yoast_head_json":{"title":"Comprar Blackberry Kush - stonersmeds.com","robots":{"index":"index","follow":"follow","max-snippet":"max-snippet:-1","max-image-preview":"max-image-preview:large","max-video-preview":"max-video-preview:-1"},"canonical":"https:\/\/stonersmeds.com\/es\/shop\/buy-blackberry-kush\/","og_locale":"es_ES","og_type":"article","og_title":"Buy Blackberry Kush - stonersmeds.com","og_description":"AAAAA represents the best of the best!  Contact us for wholesale orders  Minimum order is 7 grams  Worldwide shipping.  Buy Blackberry Kush Online - buy Kush , buy Blackberry Kush , buy Kush online, Where to Buy Blackberry Kush , Blackberry Kush for sale, Kush for sale, buy Blackberry online, where to Buy Blackberry Kush online, Blackberry Kush for sale in usa , USA, canada,uk, buy, online, suppliers, safe delivery, You can still get Blackberry Kush , Is Blackberry Kush legal in usa, buy Blackberry Kush online usa, how to order Blackberry Kush , Is Blackberry Kush legal in Canada","og_url":"https:\/\/stonersmeds.com\/es\/shop\/buy-blackberry-kush\/","og_site_name":"stonersmeds.com","article_modified_time":"2026-02-24T14:20:06+00:00","og_image":[{"width":600,"height":600,"url":"https:\/\/stonersmeds.com\/wp-content\/uploads\/2022\/03\/Buy-Blackberry-Kush.jpg","type":"image\/jpeg"}],"twitter_card":"summary_large_image","twitter_misc":{"Disponibilidad":"Disponible"},"schema":{"@context":"https:\/\/schema.org","@graph":[{"@type":"WebPage","@id":"https:\/\/stonersmeds.com\/shop\/buy-blackberry-kush\/","url":"https:\/\/stonersmeds.com\/shop\/buy-blackberry-kush\/","name":"Comprar Blackberry Kush - stonersmeds.com","isPartOf":{"@id":"https:\/\/stonersmeds.com\/#website"},"primaryImageOfPage":{"@id":"https:\/\/stonersmeds.com\/shop\/buy-blackberry-kush\/#primaryimage"},"image":{"@id":"https:\/\/stonersmeds.com\/shop\/buy-blackberry-kush\/#primaryimage"},"thumbnailUrl":"https:\/\/stonersmeds.com\/wp-content\/uploads\/2022\/03\/Buy-Blackberry-Kush.jpg","datePublished":"2022-03-11T15:20:00+00:00","dateModified":"2026-02-24T14:20:06+00:00","breadcrumb":{"@id":"https:\/\/stonersmeds.com\/shop\/buy-blackberry-kush\/#breadcrumb"},"inLanguage":"es","potentialAction":[{"@type":"ReadAction","target":["https:\/\/stonersmeds.com\/shop\/buy-blackberry-kush\/"]}]},{"@type":"ImageObject","inLanguage":"es","@id":"https:\/\/stonersmeds.com\/shop\/buy-blackberry-kush\/#primaryimage","url":"https:\/\/stonersmeds.com\/wp-content\/uploads\/2022\/03\/Buy-Blackberry-Kush.jpg","contentUrl":"https:\/\/stonersmeds.com\/wp-content\/uploads\/2022\/03\/Buy-Blackberry-Kush.jpg","width":600,"height":600},{"@type":"BreadcrumbList","@id":"https:\/\/stonersmeds.com\/shop\/buy-blackberry-kush\/#breadcrumb","itemListElement":[{"@type":"ListItem","position":1,"name":"Home","item":"https:\/\/stonersmeds.com\/"},{"@type":"ListItem","position":2,"name":"Shop","item":"https:\/\/stonersmeds.com\/shop\/"},{"@type":"ListItem","position":3,"name":"Buy Blackberry Kush"}]},{"@type":"WebSite","@id":"https:\/\/stonersmeds.com\/#website","url":"https:\/\/stonersmeds.com\/","name":"stonersmeds.com","description":"verschreibungspflichtige Medizin kaufen","publisher":{"@id":"https:\/\/stonersmeds.com\/#organization"},"alternateName":"Research chemical shop","potentialAction":[{"@type":"SearchAction","target":{"@type":"EntryPoint","urlTemplate":"https:\/\/stonersmeds.com\/?s={search_term_string}"},"query-input":{"@type":"PropertyValueSpecification","valueRequired":true,"valueName":"search_term_string"}}],"inLanguage":"es"},{"@type":"Organization","@id":"https:\/\/stonersmeds.com\/#organization","name":"Stonersmeds Shop","url":"https:\/\/stonersmeds.com\/","logo":{"@type":"ImageObject","inLanguage":"es","@id":"https:\/\/stonersmeds.com\/#\/schema\/logo\/image\/","url":"https:\/\/stonersmeds.com\/wp-content\/uploads\/2026\/02\/high-purity-DMT-powder.jpg","contentUrl":"https:\/\/stonersmeds.com\/wp-content\/uploads\/2026\/02\/high-purity-DMT-powder.jpg","width":500,"height":500,"caption":"Stonersmeds Shop"},"image":{"@id":"https:\/\/stonersmeds.com\/#\/schema\/logo\/image\/"}}]},"og_availability":"instock","product_availability":"instock","product_condition":"new"},"_links":{"self":[{"href":"https:\/\/stonersmeds.com\/es\/wp-json\/wp\/v2\/product\/9302","targetHints":{"allow":["GET"]}}],"collection":[{"href":"https:\/\/stonersmeds.com\/es\/wp-json\/wp\/v2\/product"}],"about":[{"href":"https:\/\/stonersmeds.com\/es\/wp-json\/wp\/v2\/types\/product"}],"replies":[{"embeddable":true,"href":"https:\/\/stonersmeds.com\/es\/wp-json\/wp\/v2\/comments?post=9302"}],"version-history":[{"count":0,"href":"https:\/\/stonersmeds.com\/es\/wp-json\/wp\/v2\/product\/9302\/revisions"}],"wp:featuredmedia":[{"embeddable":true,"href":"https:\/\/stonersmeds.com\/es\/wp-json\/wp\/v2\/media\/9313"}],"wp:attachment":[{"href":"https:\/\/stonersmeds.com\/es\/wp-json\/wp\/v2\/media?parent=9302"}],"wp:term":[{"taxonomy":"product_brand","embeddable":true,"href":"https:\/\/stonersmeds.com\/es\/wp-json\/wp\/v2\/product_brand?post=9302"},{"taxonomy":"product_cat","embeddable":true,"href":"https:\/\/stonersmeds.com\/es\/wp-json\/wp\/v2\/product_cat?post=9302"},{"taxonomy":"product_tag","embeddable":true,"href":"https:\/\/stonersmeds.com\/es\/wp-json\/wp\/v2\/product_tag?post=9302"},{"taxonomy":"product_brands","embeddable":true,"href":"https:\/\/stonersmeds.com\/es\/wp-json\/wp\/v2\/product_brands?post=9302"}],"curies":[{"name":"wp","href":"https:\/\/api.w.org\/{rel}","templated":true}]}}