{"id":9472,"date":"2022-03-11T16:58:44","date_gmt":"2022-03-11T16:58:44","guid":{"rendered":"https:\/\/stonersmeds.com\/?post_type=product&#038;p=9472"},"modified":"2026-03-01T12:00:40","modified_gmt":"2026-03-01T10:00:40","slug":"buy-lemon-skunk-weed-online","status":"publish","type":"product","link":"https:\/\/stonersmeds.com\/es\/shop\/buy-lemon-skunk-weed-online\/","title":{"rendered":"Comprar Lemon Skunk Weed en l\u00ednea"},"content":{"rendered":"<h1>Compra Lemon Skunk Weed online.<\/h1>\n<p>Lemon Skunk es una variedad sativa creada por DNA Genetics, OG, y el honorable equipo responsable del desarrollo de m\u00e1s de 125 variedades galardonadas. Aunque este historial gen\u00e9tico pueda parecer poco espec\u00edfico, se sabe que DNA Genetics ha seleccionado dos piezas distintas del fenotipo Skunk por su intenso sabor y aroma c\u00edtrico antes de cruzarlas para crear esa o esas dos razas. Ha ganado numerosos premios por sus refrescantes y sabrosas propiedades a lim\u00f3n, incluyendo el primer puesto en la Cannabis Champions Cup 2008 y en la Highlife Cup 2007. Al igual que muchas cepas eliminatorias anteriores, Lemon Skunk de DNA Genetics ha desarrollado un seguimiento que existe en muchas farmacias y caf\u00e9s. liderar en todo el mundo se convierte en una gran carga. Sorprendentemente, para una cepa sativa, la Lemon Skunk tiene un nivel bastante alto de THC, en alg\u00fan lugar en el extremo superior de entre 15-22%, con un nivel medio de CBD de menos de 1%. La altura general y la experiencia de esta cepa se describe como embriagadora y altamente inteligente - muchos usuarios comparan su altura con la Laughing Buddha y muchas otras cepas sativa felices e inspiradoras. La Lemon Skunk ofrece vigor, energ\u00eda y motivaci\u00f3n, lo que la convierte en una gran fumadora diurna o un placer para despu\u00e9s del trabajo. Como la mayor\u00eda de las sativas, los efectos de la Lemon Skunk son m\u00e1s pronunciados cuando se usa contra la depresi\u00f3n, el estr\u00e9s, la ansiedad y la fatiga. El tentador sabor de Lemon Skunk se define por sus refrescantes y \u00e1cidas notas c\u00edtricas, pero lo que la hace \u00fanica es el penetrante aroma diesel de origen Skunk. Estos dos sabores se combinan para crear un perfil de terpenos \u00fanico y una esencia casi comparable al lim\u00f3n natural.<\/p>\n<p>&nbsp;<\/p>\n<p>&nbsp;<\/p>\n<p>&nbsp;<\/p>\n<pre><strong>Comprar Lemon Skunk Weed en l\u00ednea - comprar Skunk Weed, comprar Lemon Skunk Weed, comprar Skunk Weed en l\u00ednea, d\u00f3nde comprar Lemon Skunk Weed, Lemon Skunk Weed a la venta, Lemon Skunk Weed a la venta, comprar Lemon Weed en l\u00ednea, d\u00f3nde comprar Lemon Skunk Weed en l\u00ednea, Lemon Skunk Weed a la venta en EE. UU., EE. UU., Canad\u00e1, Reino Unido, comprar, en l\u00ednea, proveedores, entrega segura, Todav\u00eda puede obtener Lemon Skunk Weed, es Lemon Skunk Weed en EE. UU., comprar Lemon Skunk Weed en l\u00ednea EE. UU., c\u00f3mo hacer un pedido Lemon Skunk Weed, \u00bfEs legal Lemon Skunk Weed en Canad\u00e1?<\/strong><\/pre>","protected":false},"excerpt":{"rendered":"<p>Comprar Lemon Skunk Weed online. Lemon Kush es un cruce btw Master Kush y Lemon Joy, tiene un rendimiento bajo a medio. Recomendada para pacientes con VIH\/SIDA, glaucoma, enfermedad de Parkinson, ansiedad, dolor cr\u00f3nico...<\/p>\n<pre><strong>Comprar Lemon Skunk Weed en l\u00ednea - comprar Skunk Weed, comprar Lemon Skunk Weed, comprar Skunk Weed en l\u00ednea, d\u00f3nde comprar Lemon Skunk Weed, Lemon Skunk Weed a la venta, Lemon Skunk Weed a la venta, comprar Lemon Weed en l\u00ednea, d\u00f3nde comprar Lemon Skunk Weed en l\u00ednea, Lemon Skunk Weed a la venta en EE. UU., EE. UU., Canad\u00e1, Reino Unido, comprar, en l\u00ednea, proveedores, entrega segura, Todav\u00eda puede obtener Lemon Skunk Weed, es Lemon Skunk Weed en EE. UU., comprar Lemon Skunk Weed en l\u00ednea EE. UU., c\u00f3mo hacer un pedido Lemon Skunk Weed, \u00bfEs legal Lemon Skunk Weed en Canad\u00e1?<\/strong><\/pre>","protected":false},"featured_media":9479,"comment_status":"open","ping_status":"closed","template":"","meta":{"_bst_post_transparent":"","_bst_post_title":"","_bst_post_layout":"","_bst_post_sidebar_id":"","_bst_post_content_style":"","_bst_post_vertical_padding":"","_bst_post_feature":"","_bst_post_feature_position":"","_bst_post_header":false,"_bst_post_footer":false},"product_brand":[],"product_cat":[81],"product_tag":[],"product_brands":[],"class_list":{"0":"post-9472","1":"product","2":"type-product","3":"status-publish","4":"has-post-thumbnail","6":"product_cat-marijuana-medical-cannabis","8":"first","9":"instock","10":"shipping-taxable","11":"purchasable","12":"product-type-variable","13":"entry","14":"content-bg","15":"loop-entry"},"tiered_pricing_type":"fixed","tiered_pricing_fixed_rules":{"28":"9","50":"8","100":"7","250":"6","500":"4.5","1000":"3"},"tiered_pricing_percentage_rules":[],"tiered_pricing_minimum":1,"_administrator_tiered_pricing_type":"fixed","_administrator_tiered_pricing_fixed_rules":[],"_editor_tiered_pricing_type":"fixed","_editor_tiered_pricing_fixed_rules":[],"_author_tiered_pricing_type":"fixed","_author_tiered_pricing_fixed_rules":[],"_contributor_tiered_pricing_type":"fixed","_contributor_tiered_pricing_fixed_rules":[],"_subscriber_tiered_pricing_type":"fixed","_subscriber_tiered_pricing_fixed_rules":[],"_customer_tiered_pricing_type":"fixed","_customer_tiered_pricing_fixed_rules":[],"_shop_manager_tiered_pricing_type":"fixed","_shop_manager_tiered_pricing_fixed_rules":[],"_wpseo_manager_tiered_pricing_type":"fixed","_wpseo_manager_tiered_pricing_fixed_rules":[],"_wpseo_editor_tiered_pricing_type":"fixed","_wpseo_editor_tiered_pricing_fixed_rules":[],"yoast_head":"<!-- This site is optimized with the Yoast SEO plugin v27.2 - https:\/\/yoast.com\/product\/yoast-seo-wordpress\/ -->\n<title>Buy Lemon Skunk Weed online - stonersmeds.com<\/title>\n<meta name=\"robots\" content=\"index, follow, max-snippet:-1, max-image-preview:large, max-video-preview:-1\" \/>\n<link rel=\"canonical\" href=\"https:\/\/stonersmeds.com\/es\/shop\/buy-lemon-skunk-weed-online\/\" \/>\n<meta property=\"og:locale\" content=\"es_ES\" \/>\n<meta property=\"og:type\" content=\"article\" \/>\n<meta property=\"og:title\" content=\"Buy Lemon Skunk Weed online - stonersmeds.com\" \/>\n<meta property=\"og:description\" content=\"Buy Lemon Skunk Weed online. Lemon Kush is a cross btw Master Kush and Lemon Joy, it has a low to medium yield. Recommended for patients with HIV\/AIDS, glaucoma, Parkinson\u2019s Disease, anxiety, chronic pain\u2026 Buy Lemon Skunk Weed online - buy Skunk Weed, buy Lemon Skunk Weed , buy Skunk Weed online, Where to Buy Lemon Skunk Weed , Lemon Skunk Weed for sale, Lemon Skunk Weed for sale, buy Lemon Weed online, where to Buy Lemon Skunk Weed online, Lemon Skunk Weed for sale in usa , USA, canada,uk, buy, online, suppliers, safe delivery, You can still get Lemon Skunk Weed , Is Lemon Skunk Weed in usa, buy Lemon Skunk Weed online usa, how to order Lemon Skunk Weed , Is Lemon Skunk Weed legal in Canada\" \/>\n<meta property=\"og:url\" content=\"https:\/\/stonersmeds.com\/es\/shop\/buy-lemon-skunk-weed-online\/\" \/>\n<meta property=\"og:site_name\" content=\"stonersmeds.com\" \/>\n<meta property=\"article:modified_time\" content=\"2026-03-01T10:00:40+00:00\" \/>\n<meta property=\"og:image\" content=\"https:\/\/stonersmeds.com\/wp-content\/uploads\/2022\/03\/Buy-Lemon-Skunk-Weed-online.jpg\" \/>\n\t<meta property=\"og:image:width\" content=\"600\" \/>\n\t<meta property=\"og:image:height\" content=\"600\" \/>\n\t<meta property=\"og:image:type\" content=\"image\/jpeg\" \/>\n<meta name=\"twitter:card\" content=\"summary_large_image\" \/>\n<meta name=\"twitter:label1\" content=\"Disponibilidad\" \/>\n\t<meta name=\"twitter:data1\" content=\"Disponible\" \/>\n<script type=\"application\/ld+json\" class=\"yoast-schema-graph\">{\"@context\":\"https:\/\/schema.org\",\"@graph\":[{\"@type\":\"WebPage\",\"@id\":\"https:\/\/stonersmeds.com\/sk\/shop\/buy-lemon-skunk-weed-online\/\",\"url\":\"https:\/\/stonersmeds.com\/sk\/shop\/buy-lemon-skunk-weed-online\/\",\"name\":\"Buy Lemon Skunk Weed online - stonersmeds.com\",\"isPartOf\":{\"@id\":\"https:\/\/stonersmeds.com\/#website\"},\"primaryImageOfPage\":{\"@id\":\"https:\/\/stonersmeds.com\/sk\/shop\/buy-lemon-skunk-weed-online\/#primaryimage\"},\"image\":{\"@id\":\"https:\/\/stonersmeds.com\/sk\/shop\/buy-lemon-skunk-weed-online\/#primaryimage\"},\"thumbnailUrl\":\"https:\/\/stonersmeds.com\/wp-content\/uploads\/2022\/03\/Buy-Lemon-Skunk-Weed-online.jpg\",\"datePublished\":\"2022-03-11T16:58:44+00:00\",\"dateModified\":\"2026-03-01T10:00:40+00:00\",\"breadcrumb\":{\"@id\":\"https:\/\/stonersmeds.com\/sk\/shop\/buy-lemon-skunk-weed-online\/#breadcrumb\"},\"inLanguage\":\"es\",\"potentialAction\":[{\"@type\":\"ReadAction\",\"target\":[\"https:\/\/stonersmeds.com\/sk\/shop\/buy-lemon-skunk-weed-online\/\"]}]},{\"@type\":\"ImageObject\",\"inLanguage\":\"es\",\"@id\":\"https:\/\/stonersmeds.com\/sk\/shop\/buy-lemon-skunk-weed-online\/#primaryimage\",\"url\":\"https:\/\/stonersmeds.com\/wp-content\/uploads\/2022\/03\/Buy-Lemon-Skunk-Weed-online.jpg\",\"contentUrl\":\"https:\/\/stonersmeds.com\/wp-content\/uploads\/2022\/03\/Buy-Lemon-Skunk-Weed-online.jpg\",\"width\":600,\"height\":600},{\"@type\":\"BreadcrumbList\",\"@id\":\"https:\/\/stonersmeds.com\/sk\/shop\/buy-lemon-skunk-weed-online\/#breadcrumb\",\"itemListElement\":[{\"@type\":\"ListItem\",\"position\":1,\"name\":\"Home\",\"item\":\"https:\/\/stonersmeds.com\/\"},{\"@type\":\"ListItem\",\"position\":2,\"name\":\"Shop\",\"item\":\"https:\/\/stonersmeds.com\/shop\/\"},{\"@type\":\"ListItem\",\"position\":3,\"name\":\"Buy Lemon Skunk Weed online\"}]},{\"@type\":\"WebSite\",\"@id\":\"https:\/\/stonersmeds.com\/#website\",\"url\":\"https:\/\/stonersmeds.com\/\",\"name\":\"stonersmeds.com\",\"description\":\"verschreibungspflichtige Medizin kaufen\",\"publisher\":{\"@id\":\"https:\/\/stonersmeds.com\/#organization\"},\"alternateName\":\"Research chemical shop\",\"potentialAction\":[{\"@type\":\"SearchAction\",\"target\":{\"@type\":\"EntryPoint\",\"urlTemplate\":\"https:\/\/stonersmeds.com\/?s={search_term_string}\"},\"query-input\":{\"@type\":\"PropertyValueSpecification\",\"valueRequired\":true,\"valueName\":\"search_term_string\"}}],\"inLanguage\":\"es\"},{\"@type\":\"Organization\",\"@id\":\"https:\/\/stonersmeds.com\/#organization\",\"name\":\"Stonersmeds Shop\",\"url\":\"https:\/\/stonersmeds.com\/\",\"logo\":{\"@type\":\"ImageObject\",\"inLanguage\":\"es\",\"@id\":\"https:\/\/stonersmeds.com\/#\/schema\/logo\/image\/\",\"url\":\"https:\/\/stonersmeds.com\/wp-content\/uploads\/2026\/02\/high-purity-DMT-powder.jpg\",\"contentUrl\":\"https:\/\/stonersmeds.com\/wp-content\/uploads\/2026\/02\/high-purity-DMT-powder.jpg\",\"width\":500,\"height\":500,\"caption\":\"Stonersmeds Shop\"},\"image\":{\"@id\":\"https:\/\/stonersmeds.com\/#\/schema\/logo\/image\/\"}}]}<\/script>\n<meta property=\"og:availability\" content=\"instock\" \/>\n<meta property=\"product:availability\" content=\"instock\" \/>\n<meta property=\"product:condition\" content=\"new\" \/>\n<!-- \/ Yoast SEO plugin. -->","yoast_head_json":{"title":"Comprar Lemon Skunk Weed online - stonersmeds.com","robots":{"index":"index","follow":"follow","max-snippet":"max-snippet:-1","max-image-preview":"max-image-preview:large","max-video-preview":"max-video-preview:-1"},"canonical":"https:\/\/stonersmeds.com\/es\/shop\/buy-lemon-skunk-weed-online\/","og_locale":"es_ES","og_type":"article","og_title":"Buy Lemon Skunk Weed online - stonersmeds.com","og_description":"Buy Lemon Skunk Weed online. Lemon Kush is a cross btw Master Kush and Lemon Joy, it has a low to medium yield. Recommended for patients with HIV\/AIDS, glaucoma, Parkinson\u2019s Disease, anxiety, chronic pain\u2026 Buy Lemon Skunk Weed online - buy Skunk Weed, buy Lemon Skunk Weed , buy Skunk Weed online, Where to Buy Lemon Skunk Weed , Lemon Skunk Weed for sale, Lemon Skunk Weed for sale, buy Lemon Weed online, where to Buy Lemon Skunk Weed online, Lemon Skunk Weed for sale in usa , USA, canada,uk, buy, online, suppliers, safe delivery, You can still get Lemon Skunk Weed , Is Lemon Skunk Weed in usa, buy Lemon Skunk Weed online usa, how to order Lemon Skunk Weed , Is Lemon Skunk Weed legal in Canada","og_url":"https:\/\/stonersmeds.com\/es\/shop\/buy-lemon-skunk-weed-online\/","og_site_name":"stonersmeds.com","article_modified_time":"2026-03-01T10:00:40+00:00","og_image":[{"width":600,"height":600,"url":"https:\/\/stonersmeds.com\/wp-content\/uploads\/2022\/03\/Buy-Lemon-Skunk-Weed-online.jpg","type":"image\/jpeg"}],"twitter_card":"summary_large_image","twitter_misc":{"Disponibilidad":"Disponible"},"schema":{"@context":"https:\/\/schema.org","@graph":[{"@type":"WebPage","@id":"https:\/\/stonersmeds.com\/sk\/shop\/buy-lemon-skunk-weed-online\/","url":"https:\/\/stonersmeds.com\/sk\/shop\/buy-lemon-skunk-weed-online\/","name":"Comprar Lemon Skunk Weed online - stonersmeds.com","isPartOf":{"@id":"https:\/\/stonersmeds.com\/#website"},"primaryImageOfPage":{"@id":"https:\/\/stonersmeds.com\/sk\/shop\/buy-lemon-skunk-weed-online\/#primaryimage"},"image":{"@id":"https:\/\/stonersmeds.com\/sk\/shop\/buy-lemon-skunk-weed-online\/#primaryimage"},"thumbnailUrl":"https:\/\/stonersmeds.com\/wp-content\/uploads\/2022\/03\/Buy-Lemon-Skunk-Weed-online.jpg","datePublished":"2022-03-11T16:58:44+00:00","dateModified":"2026-03-01T10:00:40+00:00","breadcrumb":{"@id":"https:\/\/stonersmeds.com\/sk\/shop\/buy-lemon-skunk-weed-online\/#breadcrumb"},"inLanguage":"es","potentialAction":[{"@type":"ReadAction","target":["https:\/\/stonersmeds.com\/sk\/shop\/buy-lemon-skunk-weed-online\/"]}]},{"@type":"ImageObject","inLanguage":"es","@id":"https:\/\/stonersmeds.com\/sk\/shop\/buy-lemon-skunk-weed-online\/#primaryimage","url":"https:\/\/stonersmeds.com\/wp-content\/uploads\/2022\/03\/Buy-Lemon-Skunk-Weed-online.jpg","contentUrl":"https:\/\/stonersmeds.com\/wp-content\/uploads\/2022\/03\/Buy-Lemon-Skunk-Weed-online.jpg","width":600,"height":600},{"@type":"BreadcrumbList","@id":"https:\/\/stonersmeds.com\/sk\/shop\/buy-lemon-skunk-weed-online\/#breadcrumb","itemListElement":[{"@type":"ListItem","position":1,"name":"Home","item":"https:\/\/stonersmeds.com\/"},{"@type":"ListItem","position":2,"name":"Shop","item":"https:\/\/stonersmeds.com\/shop\/"},{"@type":"ListItem","position":3,"name":"Buy Lemon Skunk Weed online"}]},{"@type":"WebSite","@id":"https:\/\/stonersmeds.com\/#website","url":"https:\/\/stonersmeds.com\/","name":"stonersmeds.com","description":"verschreibungspflichtige Medizin kaufen","publisher":{"@id":"https:\/\/stonersmeds.com\/#organization"},"alternateName":"Research chemical shop","potentialAction":[{"@type":"SearchAction","target":{"@type":"EntryPoint","urlTemplate":"https:\/\/stonersmeds.com\/?s={search_term_string}"},"query-input":{"@type":"PropertyValueSpecification","valueRequired":true,"valueName":"search_term_string"}}],"inLanguage":"es"},{"@type":"Organization","@id":"https:\/\/stonersmeds.com\/#organization","name":"Stonersmeds Shop","url":"https:\/\/stonersmeds.com\/","logo":{"@type":"ImageObject","inLanguage":"es","@id":"https:\/\/stonersmeds.com\/#\/schema\/logo\/image\/","url":"https:\/\/stonersmeds.com\/wp-content\/uploads\/2026\/02\/high-purity-DMT-powder.jpg","contentUrl":"https:\/\/stonersmeds.com\/wp-content\/uploads\/2026\/02\/high-purity-DMT-powder.jpg","width":500,"height":500,"caption":"Stonersmeds Shop"},"image":{"@id":"https:\/\/stonersmeds.com\/#\/schema\/logo\/image\/"}}]},"og_availability":"instock","product_availability":"instock","product_condition":"new"},"_links":{"self":[{"href":"https:\/\/stonersmeds.com\/es\/wp-json\/wp\/v2\/product\/9472","targetHints":{"allow":["GET"]}}],"collection":[{"href":"https:\/\/stonersmeds.com\/es\/wp-json\/wp\/v2\/product"}],"about":[{"href":"https:\/\/stonersmeds.com\/es\/wp-json\/wp\/v2\/types\/product"}],"replies":[{"embeddable":true,"href":"https:\/\/stonersmeds.com\/es\/wp-json\/wp\/v2\/comments?post=9472"}],"version-history":[{"count":0,"href":"https:\/\/stonersmeds.com\/es\/wp-json\/wp\/v2\/product\/9472\/revisions"}],"wp:featuredmedia":[{"embeddable":true,"href":"https:\/\/stonersmeds.com\/es\/wp-json\/wp\/v2\/media\/9479"}],"wp:attachment":[{"href":"https:\/\/stonersmeds.com\/es\/wp-json\/wp\/v2\/media?parent=9472"}],"wp:term":[{"taxonomy":"product_brand","embeddable":true,"href":"https:\/\/stonersmeds.com\/es\/wp-json\/wp\/v2\/product_brand?post=9472"},{"taxonomy":"product_cat","embeddable":true,"href":"https:\/\/stonersmeds.com\/es\/wp-json\/wp\/v2\/product_cat?post=9472"},{"taxonomy":"product_tag","embeddable":true,"href":"https:\/\/stonersmeds.com\/es\/wp-json\/wp\/v2\/product_tag?post=9472"},{"taxonomy":"product_brands","embeddable":true,"href":"https:\/\/stonersmeds.com\/es\/wp-json\/wp\/v2\/product_brands?post=9472"}],"curies":[{"name":"wp","href":"https:\/\/api.w.org\/{rel}","templated":true}]}}